{"id":162369,"date":"2023-04-17T15:58:51","date_gmt":"2023-04-17T13:59:05","guid":{"rendered":"https:\/\/tourtravelandmore.com\/?post_type=product&#038;p=162369"},"modified":"2023-04-20T19:25:51","modified_gmt":"2023-04-20T17:25:51","slug":"visite-privee-de-londres-au-depart-de-paris","status":"publish","type":"product","link":"https:\/\/tourtravelandmore.com\/fr\/tours\/france-fr\/paris-fr\/best-sellers\/visite-privee-de-londres-au-depart-de-paris\/","title":{"rendered":"Visite priv\u00e9e de Londres au d\u00e9part de Paris"},"content":{"rendered":"<h2>La description<\/h2>\n<p><strong>Tour Travel &amp; More<\/strong> a le plaisir de vous proposer un <strong>circuit priv\u00e9 exclusif<\/strong> \u00e0 <strong>Londres<\/strong> au <strong>d\u00e9part<\/strong> de <strong>Paris,<\/strong> con\u00e7u pour les voyageurs exigeants qui souhaitent profiter du confort et de l&#8217;\u00e9l\u00e9gance d&#8217;un voyage inoubliable. Ce tour priv\u00e9 de 16 heures comprend un v\u00e9hicule priv\u00e9 et un guide certifi\u00e9 qui vous accompagnera tout au long du tour \u00e0 Londres.<\/p>\n<p>L&#8217;excursion commencera \u00e0 <strong>Paris,<\/strong> o\u00f9 notre v\u00e9hicule priv\u00e9 viendra vous chercher \u00e0 votre h\u00e9bergement et nous nous dirigerons vers <strong>l&#8217;Eurotunnel,<\/strong> un tunnel sous-marin moderne reliant la <strong>France<\/strong> et le <strong>Royaume-Uni.<\/strong> Vous profiterez d&#8217;un voyage confortable et s\u00fbr dans notre v\u00e9hicule priv\u00e9 et <strong>traverserez<\/strong> la <strong>Manche jusqu&#8217;\u00e0 Folkestone,<\/strong> une ville baln\u00e9aire <strong>anglaise.<\/strong><\/p>\n<p>Nous nous r\u00e9jouissons de vous accueillir bient\u00f4t sur notre circuit priv\u00e9 \u00e0 <strong>Londres<\/strong> au d\u00e9part de <strong>Paris<\/strong> ! Chez <strong>Tour Travel &amp; More<\/strong>, nous sommes fiers de proposer des exp\u00e9riences uniques et personnalis\u00e9es qui laisseront une impression durable \u00e0 nos clients. R\u00e9servez d\u00e8s aujourd&#8217;hui votre visite priv\u00e9e de Paris \u00e0 Londres et d\u00e9couvrez tout ce que ces villes ont \u00e0 offrir !<\/p>\n<h2>Sites d&#8217;int\u00e9r\u00eat et monuments<\/h2>\n<p>D\u00e8s votre arriv\u00e9e en <strong>Angleterre,<\/strong> vous commencerez votre visite de Londres. Au cours des 4 heures suivantes, notre guide certifi\u00e9 vous fera d\u00e9couvrir les sites les plus embl\u00e9matiques de la ville. Nous commencerons par le palais de <strong>Buckingham,<\/strong> la r\u00e9sidence officielle de la reine <strong>\u00c9lisabeth<\/strong> II. Vous aurez l&#8217;occasion d&#8217;assister \u00e0 la c\u00e9l\u00e8bre rel\u00e8ve de la garde. Il s&#8217;agit d&#8217;une c\u00e9r\u00e9monie militaire qui a lieu tous les jours \u00e0 l&#8217;entr\u00e9e principale du palais.<\/p>\n<p>Ensuite, nous poursuivrons notre visite des principaux sites touristiques de Londres. <strong>Comme l&#8217;abbaye<\/strong> de <strong>Westminster, Big Ben,<\/strong> le <strong>London Eye<\/strong> et le <strong>Tower Bridge.<\/strong> Nous visiterons \u00e9galement la Tour de <strong>Londres,<\/strong> un ancien ch\u00e2teau royal qui abrite les c\u00e9l\u00e8bres joyaux de la <strong>Couronne.<\/strong> Notre guide certifi\u00e9 vous fera d\u00e9couvrir l&#8217;histoire britannique. Il vous racontera des histoires fascinantes sur la vie des rois et des reines <strong>d&#8217;Angleterre.<\/strong><\/p>\n<p>Apr\u00e8s une journ\u00e9e riche en \u00e9motions et en d\u00e9couvertes, nous rentrerons \u00e0 Paris. Nous vous d\u00e9poserons \u00e0 votre h\u00e9bergement.<\/p>\n<p>En r\u00e9sum\u00e9, notre visite priv\u00e9e exclusive de Londres au d\u00e9part de Paris est une occasion unique de d\u00e9couvrir deux des villes les plus fascinantes d&#8217;Europe. Gr\u00e2ce \u00e0 notre v\u00e9hicule priv\u00e9 et \u00e0 notre guide certifi\u00e9, vous profiterez d&#8217;un voyage confortable et s\u00fbr. Vous d\u00e9couvrirez les sites les plus embl\u00e9matiques de Paris et de Londres. Ce circuit est con\u00e7u pour les voyageurs exigeants qui souhaitent b\u00e9n\u00e9ficier d&#8217;un service personnalis\u00e9 et d&#8217;une attention exclusive.<\/p>\n<p><a href=\"https:\/\/tourtravelandmore.com\/fr\/city\/france-fr\/paris-fr\/\">D\u00e9couvrez nos circuits priv\u00e9s \u00e0 Paris !<\/a><\/p>\n","protected":false},"excerpt":{"rendered":"<p>Tour Travel &amp; More a le plaisir de vous proposer un circuit priv\u00e9 exclusif \u00e0 Londres au d\u00e9part de Paris, con\u00e7u pour les voyageurs exigeants qui souhaitent profiter du confort et de l&#8217;\u00e9l\u00e9gance d&#8217;un voyage inoubliable. Ce tour priv\u00e9 de 16 heures comprend un v\u00e9hicule priv\u00e9 et un guide certifi\u00e9 qui vous accompagnera tout au long du tour \u00e0 Londres.<\/p>\n","protected":false},"featured_media":162383,"comment_status":"open","ping_status":"closed","template":"","meta":{"_acf_changed":false},"product_brand":[],"product_cat":[3542,4202,4203,4288,4204],"product_tag":[],"class_list":{"0":"post-162369","1":"product","2":"type-product","3":"status-publish","4":"has-post-thumbnail","6":"product_cat-paris-fr","7":"product_cat-best-sellers","8":"product_cat-all-private-tours-and-activities-fr-100","9":"product_cat-private-sightseeing-tours-fr-7-paris-fr","10":"product_cat-private-day-trips-fr-3","12":"first","13":"instock","14":"shipping-taxable","15":"purchasable","16":"product-type-simple"},"acf":[],"yoast_head":"<!-- This site is optimized with the Yoast SEO Premium plugin v25.3.1 (Yoast SEO v25.3.1) - https:\/\/yoast.com\/wordpress\/plugins\/seo\/ -->\n<title>Visite priv\u00e9e de Londres au d\u00e9part de Paris | Tour Travel &amp; More<\/title>\n<meta name=\"description\" content=\"D\u00e9couvrez et explorez l&#039;une des villes les plus visit\u00e9es et les plus belles du monde avec un expert local. Apprenez tout sur Paris avec cette visite priv\u00e9e\" \/>\n<meta name=\"robots\" content=\"index, follow, max-snippet:-1, max-image-preview:large, max-video-preview:-1\" \/>\n<link rel=\"canonical\" href=\"https:\/\/tourtravelandmore.com\/fr\/tours\/france-fr\/paris-fr\/best-sellers\/visite-privee-de-londres-au-depart-de-paris\/\" \/>\n<meta property=\"og:locale\" content=\"fr_FR\" \/>\n<meta property=\"og:type\" content=\"article\" \/>\n<meta property=\"og:title\" content=\"Visite priv\u00e9e de Londres au d\u00e9part de Paris\" \/>\n<meta property=\"og:description\" content=\"D\u00e9couvrez et explorez l&#039;une des villes les plus visit\u00e9es et les plus belles du monde avec un expert local. Apprenez tout sur Paris avec cette visite priv\u00e9e\" \/>\n<meta property=\"og:url\" content=\"https:\/\/tourtravelandmore.com\/fr\/tours\/france-fr\/paris-fr\/best-sellers\/visite-privee-de-londres-au-depart-de-paris\/\" \/>\n<meta property=\"og:site_name\" content=\"Tour Travel And More\" \/>\n<meta property=\"article:publisher\" content=\"https:\/\/www.facebook.com\/tourtravelandmore\/\" \/>\n<meta property=\"article:modified_time\" content=\"2023-04-20T17:25:51+00:00\" \/>\n<meta property=\"og:image\" content=\"https:\/\/tourtravelandmore.com\/wp-content\/uploads\/2023\/04\/london-gaeabde4e1_1280.jpg\" \/>\n\t<meta property=\"og:image:width\" content=\"1280\" \/>\n\t<meta property=\"og:image:height\" content=\"720\" \/>\n\t<meta property=\"og:image:type\" content=\"image\/jpeg\" \/>\n<meta name=\"twitter:card\" content=\"summary_large_image\" \/>\n<meta name=\"twitter:site\" content=\"@TourTravel_More\" \/>\n<meta name=\"twitter:label1\" content=\"Dur\u00e9e de lecture estim\u00e9e\" \/>\n\t<meta name=\"twitter:data1\" content=\"2 minutes\" \/>\n<script type=\"application\/ld+json\" class=\"yoast-schema-graph\">{\"@context\":\"https:\/\/schema.org\",\"@graph\":[{\"@type\":\"WebPage\",\"@id\":\"https:\/\/tourtravelandmore.com\/fr\/tours\/france-fr\/paris-fr\/best-sellers\/visite-privee-de-londres-au-depart-de-paris\/\",\"url\":\"https:\/\/tourtravelandmore.com\/fr\/tours\/france-fr\/paris-fr\/best-sellers\/visite-privee-de-londres-au-depart-de-paris\/\",\"name\":\"Visite priv\u00e9e de Londres au d\u00e9part de Paris | Tour Travel & More\",\"isPartOf\":{\"@id\":\"https:\/\/tourtravelandmore.com\/fr\/#website\"},\"primaryImageOfPage\":{\"@id\":\"https:\/\/tourtravelandmore.com\/fr\/tours\/france-fr\/paris-fr\/best-sellers\/visite-privee-de-londres-au-depart-de-paris\/#primaryimage\"},\"image\":{\"@id\":\"https:\/\/tourtravelandmore.com\/fr\/tours\/france-fr\/paris-fr\/best-sellers\/visite-privee-de-londres-au-depart-de-paris\/#primaryimage\"},\"thumbnailUrl\":\"https:\/\/tourtravelandmore.com\/wp-content\/uploads\/2023\/04\/london-gaeabde4e1_1280.jpg\",\"datePublished\":\"2023-04-17T13:59:05+00:00\",\"dateModified\":\"2023-04-20T17:25:51+00:00\",\"description\":\"D\u00e9couvrez et explorez l'une des villes les plus visit\u00e9es et les plus belles du monde avec un expert local. Apprenez tout sur Paris avec cette visite priv\u00e9e\",\"breadcrumb\":{\"@id\":\"https:\/\/tourtravelandmore.com\/fr\/tours\/france-fr\/paris-fr\/best-sellers\/visite-privee-de-londres-au-depart-de-paris\/#breadcrumb\"},\"inLanguage\":\"fr-FR\",\"potentialAction\":[{\"@type\":\"ReadAction\",\"target\":[\"https:\/\/tourtravelandmore.com\/fr\/tours\/france-fr\/paris-fr\/best-sellers\/visite-privee-de-londres-au-depart-de-paris\/\"]}]},{\"@type\":\"ImageObject\",\"inLanguage\":\"fr-FR\",\"@id\":\"https:\/\/tourtravelandmore.com\/fr\/tours\/france-fr\/paris-fr\/best-sellers\/visite-privee-de-londres-au-depart-de-paris\/#primaryimage\",\"url\":\"https:\/\/tourtravelandmore.com\/wp-content\/uploads\/2023\/04\/london-gaeabde4e1_1280.jpg\",\"contentUrl\":\"https:\/\/tourtravelandmore.com\/wp-content\/uploads\/2023\/04\/london-gaeabde4e1_1280.jpg\",\"width\":1280,\"height\":720},{\"@type\":\"BreadcrumbList\",\"@id\":\"https:\/\/tourtravelandmore.com\/fr\/tours\/france-fr\/paris-fr\/best-sellers\/visite-privee-de-londres-au-depart-de-paris\/#breadcrumb\",\"itemListElement\":[{\"@type\":\"ListItem\",\"position\":1,\"name\":\"Home\",\"item\":\"https:\/\/tourtravelandmore.com\/fr\/\"},{\"@type\":\"ListItem\",\"position\":2,\"name\":\"Tours\",\"item\":\"https:\/\/tourtravelandmore.com\/fr\/tours\/\"},{\"@type\":\"ListItem\",\"position\":3,\"name\":\"Visite priv\u00e9e de Londres au d\u00e9part de Paris\"}]},{\"@type\":\"WebSite\",\"@id\":\"https:\/\/tourtravelandmore.com\/fr\/#website\",\"url\":\"https:\/\/tourtravelandmore.com\/fr\/\",\"name\":\"Tour Travel And More\",\"description\":\"Private sightseeing tours and luxury transfers in Spain\",\"publisher\":{\"@id\":\"https:\/\/tourtravelandmore.com\/fr\/#organization\"},\"potentialAction\":[{\"@type\":\"SearchAction\",\"target\":{\"@type\":\"EntryPoint\",\"urlTemplate\":\"https:\/\/tourtravelandmore.com\/fr\/?s={search_term_string}\"},\"query-input\":{\"@type\":\"PropertyValueSpecification\",\"valueRequired\":true,\"valueName\":\"search_term_string\"}}],\"inLanguage\":\"fr-FR\"},{\"@type\":\"Organization\",\"@id\":\"https:\/\/tourtravelandmore.com\/fr\/#organization\",\"name\":\"Tour Travel And More\",\"url\":\"https:\/\/tourtravelandmore.com\/fr\/\",\"logo\":{\"@type\":\"ImageObject\",\"inLanguage\":\"fr-FR\",\"@id\":\"https:\/\/tourtravelandmore.com\/fr\/#\/schema\/logo\/image\/\",\"url\":\"https:\/\/tourtravelandmore.com\/wp-content\/uploads\/2022\/12\/cropped-logo-cabecera-new.png\",\"contentUrl\":\"https:\/\/tourtravelandmore.com\/wp-content\/uploads\/2022\/12\/cropped-logo-cabecera-new.png\",\"width\":430,\"height\":61,\"caption\":\"Tour Travel And More\"},\"image\":{\"@id\":\"https:\/\/tourtravelandmore.com\/fr\/#\/schema\/logo\/image\/\"},\"sameAs\":[\"https:\/\/www.facebook.com\/tourtravelandmore\/\",\"https:\/\/x.com\/TourTravel_More\"]}]}<\/script>\n<!-- \/ Yoast SEO Premium plugin. -->","yoast_head_json":{"title":"Visite priv\u00e9e de Londres au d\u00e9part de Paris | Tour Travel & More","description":"D\u00e9couvrez et explorez l'une des villes les plus visit\u00e9es et les plus belles du monde avec un expert local. Apprenez tout sur Paris avec cette visite priv\u00e9e","robots":{"index":"index","follow":"follow","max-snippet":"max-snippet:-1","max-image-preview":"max-image-preview:large","max-video-preview":"max-video-preview:-1"},"canonical":"https:\/\/tourtravelandmore.com\/fr\/tours\/france-fr\/paris-fr\/best-sellers\/visite-privee-de-londres-au-depart-de-paris\/","og_locale":"fr_FR","og_type":"article","og_title":"Visite priv\u00e9e de Londres au d\u00e9part de Paris","og_description":"D\u00e9couvrez et explorez l'une des villes les plus visit\u00e9es et les plus belles du monde avec un expert local. Apprenez tout sur Paris avec cette visite priv\u00e9e","og_url":"https:\/\/tourtravelandmore.com\/fr\/tours\/france-fr\/paris-fr\/best-sellers\/visite-privee-de-londres-au-depart-de-paris\/","og_site_name":"Tour Travel And More","article_publisher":"https:\/\/www.facebook.com\/tourtravelandmore\/","article_modified_time":"2023-04-20T17:25:51+00:00","og_image":[{"width":1280,"height":720,"url":"https:\/\/tourtravelandmore.com\/wp-content\/uploads\/2023\/04\/london-gaeabde4e1_1280.jpg","type":"image\/jpeg"}],"twitter_card":"summary_large_image","twitter_site":"@TourTravel_More","twitter_misc":{"Dur\u00e9e de lecture estim\u00e9e":"2 minutes"},"schema":{"@context":"https:\/\/schema.org","@graph":[{"@type":"WebPage","@id":"https:\/\/tourtravelandmore.com\/fr\/tours\/france-fr\/paris-fr\/best-sellers\/visite-privee-de-londres-au-depart-de-paris\/","url":"https:\/\/tourtravelandmore.com\/fr\/tours\/france-fr\/paris-fr\/best-sellers\/visite-privee-de-londres-au-depart-de-paris\/","name":"Visite priv\u00e9e de Londres au d\u00e9part de Paris | Tour Travel & More","isPartOf":{"@id":"https:\/\/tourtravelandmore.com\/fr\/#website"},"primaryImageOfPage":{"@id":"https:\/\/tourtravelandmore.com\/fr\/tours\/france-fr\/paris-fr\/best-sellers\/visite-privee-de-londres-au-depart-de-paris\/#primaryimage"},"image":{"@id":"https:\/\/tourtravelandmore.com\/fr\/tours\/france-fr\/paris-fr\/best-sellers\/visite-privee-de-londres-au-depart-de-paris\/#primaryimage"},"thumbnailUrl":"https:\/\/tourtravelandmore.com\/wp-content\/uploads\/2023\/04\/london-gaeabde4e1_1280.jpg","datePublished":"2023-04-17T13:59:05+00:00","dateModified":"2023-04-20T17:25:51+00:00","description":"D\u00e9couvrez et explorez l'une des villes les plus visit\u00e9es et les plus belles du monde avec un expert local. Apprenez tout sur Paris avec cette visite priv\u00e9e","breadcrumb":{"@id":"https:\/\/tourtravelandmore.com\/fr\/tours\/france-fr\/paris-fr\/best-sellers\/visite-privee-de-londres-au-depart-de-paris\/#breadcrumb"},"inLanguage":"fr-FR","potentialAction":[{"@type":"ReadAction","target":["https:\/\/tourtravelandmore.com\/fr\/tours\/france-fr\/paris-fr\/best-sellers\/visite-privee-de-londres-au-depart-de-paris\/"]}]},{"@type":"ImageObject","inLanguage":"fr-FR","@id":"https:\/\/tourtravelandmore.com\/fr\/tours\/france-fr\/paris-fr\/best-sellers\/visite-privee-de-londres-au-depart-de-paris\/#primaryimage","url":"https:\/\/tourtravelandmore.com\/wp-content\/uploads\/2023\/04\/london-gaeabde4e1_1280.jpg","contentUrl":"https:\/\/tourtravelandmore.com\/wp-content\/uploads\/2023\/04\/london-gaeabde4e1_1280.jpg","width":1280,"height":720},{"@type":"BreadcrumbList","@id":"https:\/\/tourtravelandmore.com\/fr\/tours\/france-fr\/paris-fr\/best-sellers\/visite-privee-de-londres-au-depart-de-paris\/#breadcrumb","itemListElement":[{"@type":"ListItem","position":1,"name":"Home","item":"https:\/\/tourtravelandmore.com\/fr\/"},{"@type":"ListItem","position":2,"name":"Tours","item":"https:\/\/tourtravelandmore.com\/fr\/tours\/"},{"@type":"ListItem","position":3,"name":"Visite priv\u00e9e de Londres au d\u00e9part de Paris"}]},{"@type":"WebSite","@id":"https:\/\/tourtravelandmore.com\/fr\/#website","url":"https:\/\/tourtravelandmore.com\/fr\/","name":"Tour Travel And More","description":"Private sightseeing tours and luxury transfers in Spain","publisher":{"@id":"https:\/\/tourtravelandmore.com\/fr\/#organization"},"potentialAction":[{"@type":"SearchAction","target":{"@type":"EntryPoint","urlTemplate":"https:\/\/tourtravelandmore.com\/fr\/?s={search_term_string}"},"query-input":{"@type":"PropertyValueSpecification","valueRequired":true,"valueName":"search_term_string"}}],"inLanguage":"fr-FR"},{"@type":"Organization","@id":"https:\/\/tourtravelandmore.com\/fr\/#organization","name":"Tour Travel And More","url":"https:\/\/tourtravelandmore.com\/fr\/","logo":{"@type":"ImageObject","inLanguage":"fr-FR","@id":"https:\/\/tourtravelandmore.com\/fr\/#\/schema\/logo\/image\/","url":"https:\/\/tourtravelandmore.com\/wp-content\/uploads\/2022\/12\/cropped-logo-cabecera-new.png","contentUrl":"https:\/\/tourtravelandmore.com\/wp-content\/uploads\/2022\/12\/cropped-logo-cabecera-new.png","width":430,"height":61,"caption":"Tour Travel And More"},"image":{"@id":"https:\/\/tourtravelandmore.com\/fr\/#\/schema\/logo\/image\/"},"sameAs":["https:\/\/www.facebook.com\/tourtravelandmore\/","https:\/\/x.com\/TourTravel_More"]}]}},"_links":{"self":[{"href":"https:\/\/tourtravelandmore.com\/fr\/wp-json\/wp\/v2\/product\/162369","targetHints":{"allow":["GET"]}}],"collection":[{"href":"https:\/\/tourtravelandmore.com\/fr\/wp-json\/wp\/v2\/product"}],"about":[{"href":"https:\/\/tourtravelandmore.com\/fr\/wp-json\/wp\/v2\/types\/product"}],"replies":[{"embeddable":true,"href":"https:\/\/tourtravelandmore.com\/fr\/wp-json\/wp\/v2\/comments?post=162369"}],"wp:featuredmedia":[{"embeddable":true,"href":"https:\/\/tourtravelandmore.com\/fr\/wp-json\/wp\/v2\/media\/162383"}],"wp:attachment":[{"href":"https:\/\/tourtravelandmore.com\/fr\/wp-json\/wp\/v2\/media?parent=162369"}],"wp:term":[{"taxonomy":"product_brand","embeddable":true,"href":"https:\/\/tourtravelandmore.com\/fr\/wp-json\/wp\/v2\/product_brand?post=162369"},{"taxonomy":"product_cat","embeddable":true,"href":"https:\/\/tourtravelandmore.com\/fr\/wp-json\/wp\/v2\/product_cat?post=162369"},{"taxonomy":"product_tag","embeddable":true,"href":"https:\/\/tourtravelandmore.com\/fr\/wp-json\/wp\/v2\/product_tag?post=162369"}],"curies":[{"name":"wp","href":"https:\/\/api.w.org\/{rel}","templated":true}]}}