{"id":161946,"date":"2023-04-14T18:30:35","date_gmt":"2023-04-14T16:30:43","guid":{"rendered":"https:\/\/tourtravelandmore.com\/?post_type=product&#038;p=161946"},"modified":"2024-04-24T15:07:23","modified_gmt":"2024-04-24T13:07:23","slug":"visite-privee-a-pied-des-principaux-sites-du-centre-de-venise","status":"publish","type":"product","link":"https:\/\/tourtravelandmore.com\/fr\/tours\/italie-fr\/venice-fr\/private-walking-tours-fr-9-venice-fr\/visite-privee-a-pied-des-principaux-sites-du-centre-de-venise\/","title":{"rendered":"Visite priv\u00e9e \u00e0 pied des principaux sites du centre de Venise"},"content":{"rendered":"<h2>Description<\/h2>\n<p>Cette <strong>visite priv\u00e9e<\/strong> \u00e0 pied des <strong>principaux<\/strong> sites du <strong>centre<\/strong> de <strong>Venise<\/strong> est enti\u00e8rement personnalisable en fonction de vos int\u00e9r\u00eats et de vos pr\u00e9f\u00e9rences. Si vous souhaitez ajouter ou supprimer un lieu ou une activit\u00e9, notre guide priv\u00e9 se fera un plaisir de s&#8217;adapter \u00e0 vos besoins.<\/p>\n<p>Tout d&#8217;abord, nous commencerons notre visite priv\u00e9e \u00e0 pied par la c\u00e9l\u00e8bre place Saint-Marc, qui est le c\u0153ur historique et culturel de Venise. Nous admirerons ensuite l&#8217;architecture impressionnante de la basilique Saint-Marc, un exemple d&#8217;art byzantin, et le palais des Doges, si\u00e8ge du pouvoir politique de l&#8217;ancienne R\u00e9publique de Venise.<\/p>\n<p>Cette visite priv\u00e9e est un excellent moyen de d\u00e9couvrir la beaut\u00e9 et la culture de la ville, en explorant ses quartiers les plus embl\u00e9matiques et ses monuments les plus c\u00e9l\u00e8bres. N&#8217;h\u00e9sitez donc pas \u00e0 r\u00e9server votre visite priv\u00e9e \u00e0 pied des principaux sites de Venise avec Tour Travel &amp; More pour vivre une exp\u00e9rience unique et inoubliable dans cette merveilleuse ville !<\/p>\n<p>Enfin, notre guide priv\u00e9 vous fera d\u00e9couvrir les secrets les plus fascinants de Venise, en vous offrant un service personnalis\u00e9 et adapt\u00e9 \u00e0 vos besoins. R\u00e9servez d\u00e8s maintenant votre visite priv\u00e9e \u00e0 pied des principaux sites du centre ville de Venise et vivez une exp\u00e9rience inoubliable dans la Cit\u00e9 des Canaux !<\/p>\n<p>Si vous \u00eates int\u00e9ress\u00e9 par l&#8217;art, vous ne pouvez pas manquer notre visite priv\u00e9e de 2 heures de la Galerie Accademia.<\/p>\n<h2>Sites d&#8217;int\u00e9r\u00eat et points de rep\u00e8re<\/h2>\n<p>Nous nous prom\u00e8nerons ensuite dans le quartier de San Marco, l&#8217;un des plus anciens et des plus anim\u00e9s de la ville. Nous explorerons ses rues et ses ruelles, en admirant les boutiques et les caf\u00e9s locaux. Nous nous dirigerons vers le pont du Rialto, l&#8217;un des plus anciens et des plus embl\u00e9matiques de Venise, d&#8217;o\u00f9 nous aurons une vue imprenable sur le Grand Canal.<\/p>\n<p>Vous visiterez des lieux tels que<\/p>\n<p><strong>Place Saint-Marc<\/strong> : nous admirerons l&#8217;architecture impressionnante de la basilique Saint-Marc et du palais des Doges.<\/p>\n<p><strong>Le quartier Saint-Marc<\/strong> : nous nous prom\u00e8nerons dans ses rues et ses ruelles, en profitant des boutiques et des caf\u00e9s locaux.<\/p>\n<p><strong>Pont du Rialto<\/strong> : de l\u00e0, nous aurons une vue imprenable sur le Grand Canal.<\/p>\n<p><strong>Quartier de l&#8217;Accademia<\/strong> : nous admirerons l&#8217;Acad\u00e9mie des beaux-arts de Venise. Un des lieux les plus historiques de l&#8217;art mondial.<\/p>\n<p>Ensuite, nous entrerons dans le quartier de Cannaregio, l&#8217;un des quartiers les plus authentiques de la ville, connu pour son atmosph\u00e8re calme et ses canaux tranquilles. Nous visiterons l&#8217;\u00e9glise Santa Maria dei Miracoli, un joyau de l&#8217;architecture de la Renaissance v\u00e9nitienne, et l&#8217;ancien ghetto juif de Venise, le plus ancien d&#8217;Europe.<\/p>\n<p>Enfin, notre visite priv\u00e9e \u00e0 pied se terminera dans le quartier de l&#8217;Accademia. Nous admirerons la collection d&#8217;art de l&#8217;Acad\u00e9mie des beaux-arts de Venise. Avec des chefs-d&#8217;\u0153uvre d&#8217;artistes v\u00e9nitiens tels que Titien, V\u00e9ron\u00e8se et Tintoret.<\/p>\n","protected":false},"excerpt":{"rendered":"<p>Cette visite priv\u00e9e \u00e0 pied des principaux sites du centre de Venise est enti\u00e8rement personnalisable en fonction de vos int\u00e9r\u00eats et de vos pr\u00e9f\u00e9rences. Si vous souhaitez ajouter ou supprimer un lieu ou une activit\u00e9, notre guide priv\u00e9 se fera un plaisir de s&#8217;adapter \u00e0 vos besoins.<\/p>\n","protected":false},"featured_media":163275,"comment_status":"open","ping_status":"closed","template":"","meta":{"_acf_changed":false},"product_brand":[],"product_cat":[3710,4310,4312,4311],"product_tag":[],"class_list":{"0":"post-161946","1":"product","2":"type-product","3":"status-publish","4":"has-post-thumbnail","6":"product_cat-venice-fr","7":"product_cat-all-private-tours-activities-fr-20","8":"product_cat-private-day-trips-fr-13-venice-fr","9":"product_cat-private-walking-tours-fr-9-venice-fr","11":"first","12":"instock","13":"shipping-taxable","14":"purchasable","15":"product-type-simple"},"acf":[],"yoast_head":"<!-- This site is optimized with the Yoast SEO Premium plugin v25.3.1 (Yoast SEO v25.3.1) - https:\/\/yoast.com\/wordpress\/plugins\/seo\/ -->\n<title>Visite priv\u00e9e \u00e0 pied des principaux sites du centre de Venise | TTM<\/title>\n<meta name=\"description\" content=\"Profitez de la grande architecture de Venise et des sites magnifiques lors de cette visite priv\u00e9e \u00e0 pied avec votre propre guide officiel priv\u00e9. Apprenez \u00e0 conna\u00eetre son histoire.\" \/>\n<meta name=\"robots\" content=\"index, follow, max-snippet:-1, max-image-preview:large, max-video-preview:-1\" \/>\n<link rel=\"canonical\" href=\"https:\/\/tourtravelandmore.com\/fr\/tours\/italie-fr\/venice-fr\/private-walking-tours-fr-9-venice-fr\/visite-privee-a-pied-des-principaux-sites-du-centre-de-venise\/\" \/>\n<meta property=\"og:locale\" content=\"fr_FR\" \/>\n<meta property=\"og:type\" content=\"article\" \/>\n<meta property=\"og:title\" content=\"Visite priv\u00e9e \u00e0 pied des principaux sites du centre de Venise\" \/>\n<meta property=\"og:description\" content=\"Profitez de la grande architecture de Venise et des sites magnifiques lors de cette visite priv\u00e9e \u00e0 pied avec votre propre guide officiel priv\u00e9. Apprenez \u00e0 conna\u00eetre son histoire.\" \/>\n<meta property=\"og:url\" content=\"https:\/\/tourtravelandmore.com\/fr\/tours\/italie-fr\/venice-fr\/private-walking-tours-fr-9-venice-fr\/visite-privee-a-pied-des-principaux-sites-du-centre-de-venise\/\" \/>\n<meta property=\"og:site_name\" content=\"Tour Travel And More\" \/>\n<meta property=\"article:publisher\" content=\"https:\/\/www.facebook.com\/tourtravelandmore\/\" \/>\n<meta property=\"article:modified_time\" content=\"2024-04-24T13:07:23+00:00\" \/>\n<meta property=\"og:image\" content=\"https:\/\/tourtravelandmore.com\/wp-content\/uploads\/2023\/04\/pexels-pixabay-158441-1-1024x587.jpg\" \/>\n\t<meta property=\"og:image:width\" content=\"1024\" \/>\n\t<meta property=\"og:image:height\" content=\"587\" \/>\n\t<meta property=\"og:image:type\" content=\"image\/jpeg\" \/>\n<meta name=\"twitter:card\" content=\"summary_large_image\" \/>\n<meta name=\"twitter:site\" content=\"@TourTravel_More\" \/>\n<meta name=\"twitter:label1\" content=\"Dur\u00e9e de lecture estim\u00e9e\" \/>\n\t<meta name=\"twitter:data1\" content=\"3 minutes\" \/>\n<script type=\"application\/ld+json\" class=\"yoast-schema-graph\">{\"@context\":\"https:\/\/schema.org\",\"@graph\":[{\"@type\":\"WebPage\",\"@id\":\"https:\/\/tourtravelandmore.com\/fr\/tours\/italie-fr\/venice-fr\/private-walking-tours-fr-9-venice-fr\/visite-privee-a-pied-des-principaux-sites-du-centre-de-venise\/\",\"url\":\"https:\/\/tourtravelandmore.com\/fr\/tours\/italie-fr\/venice-fr\/private-walking-tours-fr-9-venice-fr\/visite-privee-a-pied-des-principaux-sites-du-centre-de-venise\/\",\"name\":\"Visite priv\u00e9e \u00e0 pied des principaux sites du centre de Venise | TTM\",\"isPartOf\":{\"@id\":\"https:\/\/tourtravelandmore.com\/fr\/#website\"},\"primaryImageOfPage\":{\"@id\":\"https:\/\/tourtravelandmore.com\/fr\/tours\/italie-fr\/venice-fr\/private-walking-tours-fr-9-venice-fr\/visite-privee-a-pied-des-principaux-sites-du-centre-de-venise\/#primaryimage\"},\"image\":{\"@id\":\"https:\/\/tourtravelandmore.com\/fr\/tours\/italie-fr\/venice-fr\/private-walking-tours-fr-9-venice-fr\/visite-privee-a-pied-des-principaux-sites-du-centre-de-venise\/#primaryimage\"},\"thumbnailUrl\":\"https:\/\/tourtravelandmore.com\/wp-content\/uploads\/2023\/04\/pexels-pixabay-158441-1.jpg\",\"datePublished\":\"2023-04-14T16:30:43+00:00\",\"dateModified\":\"2024-04-24T13:07:23+00:00\",\"description\":\"Profitez de la grande architecture de Venise et des sites magnifiques lors de cette visite priv\u00e9e \u00e0 pied avec votre propre guide officiel priv\u00e9. Apprenez \u00e0 conna\u00eetre son histoire.\",\"breadcrumb\":{\"@id\":\"https:\/\/tourtravelandmore.com\/fr\/tours\/italie-fr\/venice-fr\/private-walking-tours-fr-9-venice-fr\/visite-privee-a-pied-des-principaux-sites-du-centre-de-venise\/#breadcrumb\"},\"inLanguage\":\"fr-FR\",\"potentialAction\":[{\"@type\":\"ReadAction\",\"target\":[\"https:\/\/tourtravelandmore.com\/fr\/tours\/italie-fr\/venice-fr\/private-walking-tours-fr-9-venice-fr\/visite-privee-a-pied-des-principaux-sites-du-centre-de-venise\/\"]}]},{\"@type\":\"ImageObject\",\"inLanguage\":\"fr-FR\",\"@id\":\"https:\/\/tourtravelandmore.com\/fr\/tours\/italie-fr\/venice-fr\/private-walking-tours-fr-9-venice-fr\/visite-privee-a-pied-des-principaux-sites-du-centre-de-venise\/#primaryimage\",\"url\":\"https:\/\/tourtravelandmore.com\/wp-content\/uploads\/2023\/04\/pexels-pixabay-158441-1.jpg\",\"contentUrl\":\"https:\/\/tourtravelandmore.com\/wp-content\/uploads\/2023\/04\/pexels-pixabay-158441-1.jpg\",\"width\":7930,\"height\":4547},{\"@type\":\"BreadcrumbList\",\"@id\":\"https:\/\/tourtravelandmore.com\/fr\/tours\/italie-fr\/venice-fr\/private-walking-tours-fr-9-venice-fr\/visite-privee-a-pied-des-principaux-sites-du-centre-de-venise\/#breadcrumb\",\"itemListElement\":[{\"@type\":\"ListItem\",\"position\":1,\"name\":\"Home\",\"item\":\"https:\/\/tourtravelandmore.com\/fr\/\"},{\"@type\":\"ListItem\",\"position\":2,\"name\":\"Tours\",\"item\":\"https:\/\/tourtravelandmore.com\/fr\/tours\/\"},{\"@type\":\"ListItem\",\"position\":3,\"name\":\"Visite priv\u00e9e \u00e0 pied des principaux sites du centre de Venise\"}]},{\"@type\":\"WebSite\",\"@id\":\"https:\/\/tourtravelandmore.com\/fr\/#website\",\"url\":\"https:\/\/tourtravelandmore.com\/fr\/\",\"name\":\"Tour Travel And More\",\"description\":\"Private sightseeing tours and luxury transfers in Spain\",\"publisher\":{\"@id\":\"https:\/\/tourtravelandmore.com\/fr\/#organization\"},\"potentialAction\":[{\"@type\":\"SearchAction\",\"target\":{\"@type\":\"EntryPoint\",\"urlTemplate\":\"https:\/\/tourtravelandmore.com\/fr\/?s={search_term_string}\"},\"query-input\":{\"@type\":\"PropertyValueSpecification\",\"valueRequired\":true,\"valueName\":\"search_term_string\"}}],\"inLanguage\":\"fr-FR\"},{\"@type\":\"Organization\",\"@id\":\"https:\/\/tourtravelandmore.com\/fr\/#organization\",\"name\":\"Tour Travel And More\",\"url\":\"https:\/\/tourtravelandmore.com\/fr\/\",\"logo\":{\"@type\":\"ImageObject\",\"inLanguage\":\"fr-FR\",\"@id\":\"https:\/\/tourtravelandmore.com\/fr\/#\/schema\/logo\/image\/\",\"url\":\"https:\/\/tourtravelandmore.com\/wp-content\/uploads\/2022\/12\/cropped-logo-cabecera-new.png\",\"contentUrl\":\"https:\/\/tourtravelandmore.com\/wp-content\/uploads\/2022\/12\/cropped-logo-cabecera-new.png\",\"width\":430,\"height\":61,\"caption\":\"Tour Travel And More\"},\"image\":{\"@id\":\"https:\/\/tourtravelandmore.com\/fr\/#\/schema\/logo\/image\/\"},\"sameAs\":[\"https:\/\/www.facebook.com\/tourtravelandmore\/\",\"https:\/\/x.com\/TourTravel_More\"]}]}<\/script>\n<!-- \/ Yoast SEO Premium plugin. -->","yoast_head_json":{"title":"Visite priv\u00e9e \u00e0 pied des principaux sites du centre de Venise | TTM","description":"Profitez de la grande architecture de Venise et des sites magnifiques lors de cette visite priv\u00e9e \u00e0 pied avec votre propre guide officiel priv\u00e9. Apprenez \u00e0 conna\u00eetre son histoire.","robots":{"index":"index","follow":"follow","max-snippet":"max-snippet:-1","max-image-preview":"max-image-preview:large","max-video-preview":"max-video-preview:-1"},"canonical":"https:\/\/tourtravelandmore.com\/fr\/tours\/italie-fr\/venice-fr\/private-walking-tours-fr-9-venice-fr\/visite-privee-a-pied-des-principaux-sites-du-centre-de-venise\/","og_locale":"fr_FR","og_type":"article","og_title":"Visite priv\u00e9e \u00e0 pied des principaux sites du centre de Venise","og_description":"Profitez de la grande architecture de Venise et des sites magnifiques lors de cette visite priv\u00e9e \u00e0 pied avec votre propre guide officiel priv\u00e9. Apprenez \u00e0 conna\u00eetre son histoire.","og_url":"https:\/\/tourtravelandmore.com\/fr\/tours\/italie-fr\/venice-fr\/private-walking-tours-fr-9-venice-fr\/visite-privee-a-pied-des-principaux-sites-du-centre-de-venise\/","og_site_name":"Tour Travel And More","article_publisher":"https:\/\/www.facebook.com\/tourtravelandmore\/","article_modified_time":"2024-04-24T13:07:23+00:00","og_image":[{"width":1024,"height":587,"url":"https:\/\/tourtravelandmore.com\/wp-content\/uploads\/2023\/04\/pexels-pixabay-158441-1-1024x587.jpg","type":"image\/jpeg"}],"twitter_card":"summary_large_image","twitter_site":"@TourTravel_More","twitter_misc":{"Dur\u00e9e de lecture estim\u00e9e":"3 minutes"},"schema":{"@context":"https:\/\/schema.org","@graph":[{"@type":"WebPage","@id":"https:\/\/tourtravelandmore.com\/fr\/tours\/italie-fr\/venice-fr\/private-walking-tours-fr-9-venice-fr\/visite-privee-a-pied-des-principaux-sites-du-centre-de-venise\/","url":"https:\/\/tourtravelandmore.com\/fr\/tours\/italie-fr\/venice-fr\/private-walking-tours-fr-9-venice-fr\/visite-privee-a-pied-des-principaux-sites-du-centre-de-venise\/","name":"Visite priv\u00e9e \u00e0 pied des principaux sites du centre de Venise | TTM","isPartOf":{"@id":"https:\/\/tourtravelandmore.com\/fr\/#website"},"primaryImageOfPage":{"@id":"https:\/\/tourtravelandmore.com\/fr\/tours\/italie-fr\/venice-fr\/private-walking-tours-fr-9-venice-fr\/visite-privee-a-pied-des-principaux-sites-du-centre-de-venise\/#primaryimage"},"image":{"@id":"https:\/\/tourtravelandmore.com\/fr\/tours\/italie-fr\/venice-fr\/private-walking-tours-fr-9-venice-fr\/visite-privee-a-pied-des-principaux-sites-du-centre-de-venise\/#primaryimage"},"thumbnailUrl":"https:\/\/tourtravelandmore.com\/wp-content\/uploads\/2023\/04\/pexels-pixabay-158441-1.jpg","datePublished":"2023-04-14T16:30:43+00:00","dateModified":"2024-04-24T13:07:23+00:00","description":"Profitez de la grande architecture de Venise et des sites magnifiques lors de cette visite priv\u00e9e \u00e0 pied avec votre propre guide officiel priv\u00e9. Apprenez \u00e0 conna\u00eetre son histoire.","breadcrumb":{"@id":"https:\/\/tourtravelandmore.com\/fr\/tours\/italie-fr\/venice-fr\/private-walking-tours-fr-9-venice-fr\/visite-privee-a-pied-des-principaux-sites-du-centre-de-venise\/#breadcrumb"},"inLanguage":"fr-FR","potentialAction":[{"@type":"ReadAction","target":["https:\/\/tourtravelandmore.com\/fr\/tours\/italie-fr\/venice-fr\/private-walking-tours-fr-9-venice-fr\/visite-privee-a-pied-des-principaux-sites-du-centre-de-venise\/"]}]},{"@type":"ImageObject","inLanguage":"fr-FR","@id":"https:\/\/tourtravelandmore.com\/fr\/tours\/italie-fr\/venice-fr\/private-walking-tours-fr-9-venice-fr\/visite-privee-a-pied-des-principaux-sites-du-centre-de-venise\/#primaryimage","url":"https:\/\/tourtravelandmore.com\/wp-content\/uploads\/2023\/04\/pexels-pixabay-158441-1.jpg","contentUrl":"https:\/\/tourtravelandmore.com\/wp-content\/uploads\/2023\/04\/pexels-pixabay-158441-1.jpg","width":7930,"height":4547},{"@type":"BreadcrumbList","@id":"https:\/\/tourtravelandmore.com\/fr\/tours\/italie-fr\/venice-fr\/private-walking-tours-fr-9-venice-fr\/visite-privee-a-pied-des-principaux-sites-du-centre-de-venise\/#breadcrumb","itemListElement":[{"@type":"ListItem","position":1,"name":"Home","item":"https:\/\/tourtravelandmore.com\/fr\/"},{"@type":"ListItem","position":2,"name":"Tours","item":"https:\/\/tourtravelandmore.com\/fr\/tours\/"},{"@type":"ListItem","position":3,"name":"Visite priv\u00e9e \u00e0 pied des principaux sites du centre de Venise"}]},{"@type":"WebSite","@id":"https:\/\/tourtravelandmore.com\/fr\/#website","url":"https:\/\/tourtravelandmore.com\/fr\/","name":"Tour Travel And More","description":"Private sightseeing tours and luxury transfers in Spain","publisher":{"@id":"https:\/\/tourtravelandmore.com\/fr\/#organization"},"potentialAction":[{"@type":"SearchAction","target":{"@type":"EntryPoint","urlTemplate":"https:\/\/tourtravelandmore.com\/fr\/?s={search_term_string}"},"query-input":{"@type":"PropertyValueSpecification","valueRequired":true,"valueName":"search_term_string"}}],"inLanguage":"fr-FR"},{"@type":"Organization","@id":"https:\/\/tourtravelandmore.com\/fr\/#organization","name":"Tour Travel And More","url":"https:\/\/tourtravelandmore.com\/fr\/","logo":{"@type":"ImageObject","inLanguage":"fr-FR","@id":"https:\/\/tourtravelandmore.com\/fr\/#\/schema\/logo\/image\/","url":"https:\/\/tourtravelandmore.com\/wp-content\/uploads\/2022\/12\/cropped-logo-cabecera-new.png","contentUrl":"https:\/\/tourtravelandmore.com\/wp-content\/uploads\/2022\/12\/cropped-logo-cabecera-new.png","width":430,"height":61,"caption":"Tour Travel And More"},"image":{"@id":"https:\/\/tourtravelandmore.com\/fr\/#\/schema\/logo\/image\/"},"sameAs":["https:\/\/www.facebook.com\/tourtravelandmore\/","https:\/\/x.com\/TourTravel_More"]}]}},"_links":{"self":[{"href":"https:\/\/tourtravelandmore.com\/fr\/wp-json\/wp\/v2\/product\/161946","targetHints":{"allow":["GET"]}}],"collection":[{"href":"https:\/\/tourtravelandmore.com\/fr\/wp-json\/wp\/v2\/product"}],"about":[{"href":"https:\/\/tourtravelandmore.com\/fr\/wp-json\/wp\/v2\/types\/product"}],"replies":[{"embeddable":true,"href":"https:\/\/tourtravelandmore.com\/fr\/wp-json\/wp\/v2\/comments?post=161946"}],"wp:featuredmedia":[{"embeddable":true,"href":"https:\/\/tourtravelandmore.com\/fr\/wp-json\/wp\/v2\/media\/163275"}],"wp:attachment":[{"href":"https:\/\/tourtravelandmore.com\/fr\/wp-json\/wp\/v2\/media?parent=161946"}],"wp:term":[{"taxonomy":"product_brand","embeddable":true,"href":"https:\/\/tourtravelandmore.com\/fr\/wp-json\/wp\/v2\/product_brand?post=161946"},{"taxonomy":"product_cat","embeddable":true,"href":"https:\/\/tourtravelandmore.com\/fr\/wp-json\/wp\/v2\/product_cat?post=161946"},{"taxonomy":"product_tag","embeddable":true,"href":"https:\/\/tourtravelandmore.com\/fr\/wp-json\/wp\/v2\/product_tag?post=161946"}],"curies":[{"name":"wp","href":"https:\/\/api.w.org\/{rel}","templated":true}]}}