{"id":161869,"date":"2023-04-14T16:23:31","date_gmt":"2023-04-14T14:23:43","guid":{"rendered":"https:\/\/tourtravelandmore.com\/?post_type=product&#038;p=161869"},"modified":"2024-04-24T15:08:13","modified_gmt":"2024-04-24T13:08:13","slug":"visite-privee-a-pied-de-venise-visite-panoramique-en-bateau-prive","status":"publish","type":"product","link":"https:\/\/tourtravelandmore.com\/fr\/tours\/italie-fr\/venice-fr\/private-day-trips-fr-13-venice-fr\/visite-privee-a-pied-de-venise-visite-panoramique-en-bateau-prive\/","title":{"rendered":"Visite priv\u00e9e \u00e0 pied de Venise + Visite panoramique en bateau priv\u00e9"},"content":{"rendered":"<h2>Description<\/h2>\n<p>Lors de cette visite priv\u00e9e de Venise, nous commencerons par une visite \u00e0 pied du quartier de San Polo. Vous d\u00e9couvrirez l&#8217;essence m\u00eame de la ville. Nous marcherons le long des rues pav\u00e9es \u00e9troites et des ponts pour admirer l&#8217;architecture v\u00e9nitienne. Nous visiterons des lieux tels que le pont du Rialto, la basilique de Santa Maria Gloriosa dei Frari, le Campo San Polo et la Casa di Carlo Goldoni.<\/p>\n<p>Cette visite priv\u00e9e de Venise est enti\u00e8rement personnalisable en fonction de vos int\u00e9r\u00eats et pr\u00e9f\u00e9rences. Notre guide priv\u00e9 sera heureux de s&#8217;adapter \u00e0 vos besoins. Notre guide priv\u00e9 sera heureux de s&#8217;adapter \u00e0 vos besoins et pr\u00e9f\u00e9rences afin de rendre cette visite aussi satisfaisante que possible pour vous.<\/p>\n<p>Cette visite priv\u00e9e \u00e0 pied de Venise est une fa\u00e7on unique et passionnante de d\u00e9couvrir la beaut\u00e9 et la culture de cette belle ville. Notre guide priv\u00e9 vous emm\u00e8nera \u00e0 travers la ville \u00e0 pied. Vous pourrez explorer les ruelles et les ponts v\u00e9nitiens. Ensuite, en bateau \u00e0 moteur priv\u00e9, vous pourrez profiter des vues panoramiques depuis l&#8217;eau. Cette visite priv\u00e9e est enti\u00e8rement personnalisable en fonction de vos int\u00e9r\u00eats et de vos pr\u00e9f\u00e9rences. N&#8217;h\u00e9sitez donc pas \u00e0 r\u00e9server votre visite priv\u00e9e \u00e0 pied de Venise + visite touristique en bateau priv\u00e9 avec Tour Travel &amp; More pour vivre une exp\u00e9rience unique et inoubliable \u00e0 Venise !<\/p>\n<h2>Sites d&#8217;int\u00e9r\u00eat et points de rep\u00e8re<\/h2>\n<p>Nous monterons \u00e0 bord d&#8217;un bateau \u00e0 moteur priv\u00e9 pour profiter d&#8217;une vue panoramique de la ville depuis l&#8217;eau. Notre guide priv\u00e9 nous fera d\u00e9couvrir les principaux canaux et sites touristiques de Venise, tels que le Grand Canal, l&#8217;\u00e9glise Santa Maria della Salute, le palais des Doges et la c\u00e9l\u00e8bre place Saint-Marc. En chemin, vous d\u00e9couvrirez l&#8217;histoire et la culture de Venise. Vous d\u00e9couvrirez \u00e9galement son architecture unique et ses coutumes locales.<\/p>\n<p>Quartier de San Polo : nous nous prom\u00e8nerons le long de ses rues \u00e9troites et de ses ponts en admirant l&#8217;architecture v\u00e9nitienne, en visitant des lieux tels que le pont du Rialto, la basilique de Santa Maria Gloriosa dei Frari, le Campo San Polo et la Casa di Carlo Goldoni.<\/p>\n<p>Vue panoramique en bateau priv\u00e9 : nous profiterons des vues \u00e9poustouflantes de la ville depuis l&#8217;eau. Nous visiterons des lieux tels que le Grand Canal, l&#8217;\u00e9glise Sta. Maria della Salute, le palais des Doges et la c\u00e9l\u00e8bre place Saint-Marc.<\/p>\n<p>Une autre option d&#8217;une excursion d&#8217;une journ\u00e9e compl\u00e8te au d\u00e9part de Venise est notre <strong>visite priv\u00e9e<\/strong> \u00e0 <strong>V\u00e9rone<\/strong> et <strong>Valpolicella,<\/strong> jetez un coup d&#8217;\u0153il !.<\/p>\n","protected":false},"excerpt":{"rendered":"<p>Lors de cette visite priv\u00e9e de Venise, nous commencerons par une visite \u00e0 pied du quartier de San Polo. Vous d\u00e9couvrirez l&#8217;essence m\u00eame de la ville. Nous marcherons le long des rues pav\u00e9es \u00e9troites et des ponts pour admirer l&#8217;architecture v\u00e9nitienne. Nous visiterons des lieux tels que le pont du Rialto, la basilique de Santa Maria Gloriosa dei Frari, le Campo San Polo et la Casa di Carlo Goldoni.<\/p>\n<p>&nbsp;<\/p>\n","protected":false},"featured_media":161882,"comment_status":"open","ping_status":"closed","template":"","meta":{"_acf_changed":false},"product_brand":[],"product_cat":[3710,4310,4313,4312],"product_tag":[],"class_list":{"0":"post-161869","1":"product","2":"type-product","3":"status-publish","4":"has-post-thumbnail","6":"product_cat-venice-fr","7":"product_cat-all-private-tours-activities-fr-20","8":"product_cat-private-sightseeing-tours-fr-26","9":"product_cat-private-day-trips-fr-13-venice-fr","11":"first","12":"instock","13":"shipping-taxable","14":"purchasable","15":"product-type-simple"},"acf":[],"yoast_head":"<!-- This site is optimized with the Yoast SEO Premium plugin v25.3.1 (Yoast SEO v25.3.1) - https:\/\/yoast.com\/wordpress\/plugins\/seo\/ -->\n<title>Visite priv\u00e9e \u00e0 pied de Venise + Visite panoramique en bateau priv\u00e9<\/title>\n<meta name=\"description\" content=\"Visite priv\u00e9e \u00e0 pied de Venise + Visite panoramique en bateau priv\u00e9. Profitez de la visite, dans votre v\u00e9hicule priv\u00e9 de luxe, de l&#039;une des plus belles r\u00e9gions d&#039;Europe\u2705.\" \/>\n<meta name=\"robots\" content=\"index, follow, max-snippet:-1, max-image-preview:large, max-video-preview:-1\" \/>\n<link rel=\"canonical\" href=\"https:\/\/tourtravelandmore.com\/fr\/tours\/italie-fr\/venice-fr\/private-day-trips-fr-13-venice-fr\/visite-privee-a-pied-de-venise-visite-panoramique-en-bateau-prive\/\" \/>\n<meta property=\"og:locale\" content=\"fr_FR\" \/>\n<meta property=\"og:type\" content=\"article\" \/>\n<meta property=\"og:title\" content=\"Visite priv\u00e9e \u00e0 pied de Venise + Visite panoramique en bateau priv\u00e9\" \/>\n<meta property=\"og:description\" content=\"Visite priv\u00e9e \u00e0 pied de Venise + Visite panoramique en bateau priv\u00e9. Profitez de la visite, dans votre v\u00e9hicule priv\u00e9 de luxe, de l&#039;une des plus belles r\u00e9gions d&#039;Europe\u2705.\" \/>\n<meta property=\"og:url\" content=\"https:\/\/tourtravelandmore.com\/fr\/tours\/italie-fr\/venice-fr\/private-day-trips-fr-13-venice-fr\/visite-privee-a-pied-de-venise-visite-panoramique-en-bateau-prive\/\" \/>\n<meta property=\"og:site_name\" content=\"Tour Travel And More\" \/>\n<meta property=\"article:publisher\" content=\"https:\/\/www.facebook.com\/tourtravelandmore\/\" \/>\n<meta property=\"article:modified_time\" content=\"2024-04-24T13:08:13+00:00\" \/>\n<meta property=\"og:image\" content=\"https:\/\/tourtravelandmore.com\/wp-content\/uploads\/2023\/04\/building-g03fbc3d79_1280.jpg\" \/>\n\t<meta property=\"og:image:width\" content=\"1280\" \/>\n\t<meta property=\"og:image:height\" content=\"853\" \/>\n\t<meta property=\"og:image:type\" content=\"image\/jpeg\" \/>\n<meta name=\"twitter:card\" content=\"summary_large_image\" \/>\n<meta name=\"twitter:site\" content=\"@TourTravel_More\" \/>\n<meta name=\"twitter:label1\" content=\"Dur\u00e9e de lecture estim\u00e9e\" \/>\n\t<meta name=\"twitter:data1\" content=\"2 minutes\" \/>\n<script type=\"application\/ld+json\" class=\"yoast-schema-graph\">{\"@context\":\"https:\/\/schema.org\",\"@graph\":[{\"@type\":\"WebPage\",\"@id\":\"https:\/\/tourtravelandmore.com\/fr\/tours\/italie-fr\/venice-fr\/private-day-trips-fr-13-venice-fr\/visite-privee-a-pied-de-venise-visite-panoramique-en-bateau-prive\/\",\"url\":\"https:\/\/tourtravelandmore.com\/fr\/tours\/italie-fr\/venice-fr\/private-day-trips-fr-13-venice-fr\/visite-privee-a-pied-de-venise-visite-panoramique-en-bateau-prive\/\",\"name\":\"Visite priv\u00e9e \u00e0 pied de Venise + Visite panoramique en bateau priv\u00e9\",\"isPartOf\":{\"@id\":\"https:\/\/tourtravelandmore.com\/fr\/#website\"},\"primaryImageOfPage\":{\"@id\":\"https:\/\/tourtravelandmore.com\/fr\/tours\/italie-fr\/venice-fr\/private-day-trips-fr-13-venice-fr\/visite-privee-a-pied-de-venise-visite-panoramique-en-bateau-prive\/#primaryimage\"},\"image\":{\"@id\":\"https:\/\/tourtravelandmore.com\/fr\/tours\/italie-fr\/venice-fr\/private-day-trips-fr-13-venice-fr\/visite-privee-a-pied-de-venise-visite-panoramique-en-bateau-prive\/#primaryimage\"},\"thumbnailUrl\":\"https:\/\/tourtravelandmore.com\/wp-content\/uploads\/2023\/04\/building-g03fbc3d79_1280.jpg\",\"datePublished\":\"2023-04-14T14:23:43+00:00\",\"dateModified\":\"2024-04-24T13:08:13+00:00\",\"description\":\"Visite priv\u00e9e \u00e0 pied de Venise + Visite panoramique en bateau priv\u00e9. Profitez de la visite, dans votre v\u00e9hicule priv\u00e9 de luxe, de l'une des plus belles r\u00e9gions d'Europe\u2705.\",\"breadcrumb\":{\"@id\":\"https:\/\/tourtravelandmore.com\/fr\/tours\/italie-fr\/venice-fr\/private-day-trips-fr-13-venice-fr\/visite-privee-a-pied-de-venise-visite-panoramique-en-bateau-prive\/#breadcrumb\"},\"inLanguage\":\"fr-FR\",\"potentialAction\":[{\"@type\":\"ReadAction\",\"target\":[\"https:\/\/tourtravelandmore.com\/fr\/tours\/italie-fr\/venice-fr\/private-day-trips-fr-13-venice-fr\/visite-privee-a-pied-de-venise-visite-panoramique-en-bateau-prive\/\"]}]},{\"@type\":\"ImageObject\",\"inLanguage\":\"fr-FR\",\"@id\":\"https:\/\/tourtravelandmore.com\/fr\/tours\/italie-fr\/venice-fr\/private-day-trips-fr-13-venice-fr\/visite-privee-a-pied-de-venise-visite-panoramique-en-bateau-prive\/#primaryimage\",\"url\":\"https:\/\/tourtravelandmore.com\/wp-content\/uploads\/2023\/04\/building-g03fbc3d79_1280.jpg\",\"contentUrl\":\"https:\/\/tourtravelandmore.com\/wp-content\/uploads\/2023\/04\/building-g03fbc3d79_1280.jpg\",\"width\":1280,\"height\":853},{\"@type\":\"BreadcrumbList\",\"@id\":\"https:\/\/tourtravelandmore.com\/fr\/tours\/italie-fr\/venice-fr\/private-day-trips-fr-13-venice-fr\/visite-privee-a-pied-de-venise-visite-panoramique-en-bateau-prive\/#breadcrumb\",\"itemListElement\":[{\"@type\":\"ListItem\",\"position\":1,\"name\":\"Home\",\"item\":\"https:\/\/tourtravelandmore.com\/fr\/\"},{\"@type\":\"ListItem\",\"position\":2,\"name\":\"Tours\",\"item\":\"https:\/\/tourtravelandmore.com\/fr\/tours\/\"},{\"@type\":\"ListItem\",\"position\":3,\"name\":\"Visite priv\u00e9e \u00e0 pied de Venise + Visite panoramique en bateau priv\u00e9\"}]},{\"@type\":\"WebSite\",\"@id\":\"https:\/\/tourtravelandmore.com\/fr\/#website\",\"url\":\"https:\/\/tourtravelandmore.com\/fr\/\",\"name\":\"Tour Travel And More\",\"description\":\"Private sightseeing tours and luxury transfers in Spain\",\"publisher\":{\"@id\":\"https:\/\/tourtravelandmore.com\/fr\/#organization\"},\"potentialAction\":[{\"@type\":\"SearchAction\",\"target\":{\"@type\":\"EntryPoint\",\"urlTemplate\":\"https:\/\/tourtravelandmore.com\/fr\/?s={search_term_string}\"},\"query-input\":{\"@type\":\"PropertyValueSpecification\",\"valueRequired\":true,\"valueName\":\"search_term_string\"}}],\"inLanguage\":\"fr-FR\"},{\"@type\":\"Organization\",\"@id\":\"https:\/\/tourtravelandmore.com\/fr\/#organization\",\"name\":\"Tour Travel And More\",\"url\":\"https:\/\/tourtravelandmore.com\/fr\/\",\"logo\":{\"@type\":\"ImageObject\",\"inLanguage\":\"fr-FR\",\"@id\":\"https:\/\/tourtravelandmore.com\/fr\/#\/schema\/logo\/image\/\",\"url\":\"https:\/\/tourtravelandmore.com\/wp-content\/uploads\/2022\/12\/cropped-logo-cabecera-new.png\",\"contentUrl\":\"https:\/\/tourtravelandmore.com\/wp-content\/uploads\/2022\/12\/cropped-logo-cabecera-new.png\",\"width\":430,\"height\":61,\"caption\":\"Tour Travel And More\"},\"image\":{\"@id\":\"https:\/\/tourtravelandmore.com\/fr\/#\/schema\/logo\/image\/\"},\"sameAs\":[\"https:\/\/www.facebook.com\/tourtravelandmore\/\",\"https:\/\/x.com\/TourTravel_More\"]}]}<\/script>\n<!-- \/ Yoast SEO Premium plugin. -->","yoast_head_json":{"title":"Visite priv\u00e9e \u00e0 pied de Venise + Visite panoramique en bateau priv\u00e9","description":"Visite priv\u00e9e \u00e0 pied de Venise + Visite panoramique en bateau priv\u00e9. Profitez de la visite, dans votre v\u00e9hicule priv\u00e9 de luxe, de l'une des plus belles r\u00e9gions d'Europe\u2705.","robots":{"index":"index","follow":"follow","max-snippet":"max-snippet:-1","max-image-preview":"max-image-preview:large","max-video-preview":"max-video-preview:-1"},"canonical":"https:\/\/tourtravelandmore.com\/fr\/tours\/italie-fr\/venice-fr\/private-day-trips-fr-13-venice-fr\/visite-privee-a-pied-de-venise-visite-panoramique-en-bateau-prive\/","og_locale":"fr_FR","og_type":"article","og_title":"Visite priv\u00e9e \u00e0 pied de Venise + Visite panoramique en bateau priv\u00e9","og_description":"Visite priv\u00e9e \u00e0 pied de Venise + Visite panoramique en bateau priv\u00e9. Profitez de la visite, dans votre v\u00e9hicule priv\u00e9 de luxe, de l'une des plus belles r\u00e9gions d'Europe\u2705.","og_url":"https:\/\/tourtravelandmore.com\/fr\/tours\/italie-fr\/venice-fr\/private-day-trips-fr-13-venice-fr\/visite-privee-a-pied-de-venise-visite-panoramique-en-bateau-prive\/","og_site_name":"Tour Travel And More","article_publisher":"https:\/\/www.facebook.com\/tourtravelandmore\/","article_modified_time":"2024-04-24T13:08:13+00:00","og_image":[{"width":1280,"height":853,"url":"https:\/\/tourtravelandmore.com\/wp-content\/uploads\/2023\/04\/building-g03fbc3d79_1280.jpg","type":"image\/jpeg"}],"twitter_card":"summary_large_image","twitter_site":"@TourTravel_More","twitter_misc":{"Dur\u00e9e de lecture estim\u00e9e":"2 minutes"},"schema":{"@context":"https:\/\/schema.org","@graph":[{"@type":"WebPage","@id":"https:\/\/tourtravelandmore.com\/fr\/tours\/italie-fr\/venice-fr\/private-day-trips-fr-13-venice-fr\/visite-privee-a-pied-de-venise-visite-panoramique-en-bateau-prive\/","url":"https:\/\/tourtravelandmore.com\/fr\/tours\/italie-fr\/venice-fr\/private-day-trips-fr-13-venice-fr\/visite-privee-a-pied-de-venise-visite-panoramique-en-bateau-prive\/","name":"Visite priv\u00e9e \u00e0 pied de Venise + Visite panoramique en bateau priv\u00e9","isPartOf":{"@id":"https:\/\/tourtravelandmore.com\/fr\/#website"},"primaryImageOfPage":{"@id":"https:\/\/tourtravelandmore.com\/fr\/tours\/italie-fr\/venice-fr\/private-day-trips-fr-13-venice-fr\/visite-privee-a-pied-de-venise-visite-panoramique-en-bateau-prive\/#primaryimage"},"image":{"@id":"https:\/\/tourtravelandmore.com\/fr\/tours\/italie-fr\/venice-fr\/private-day-trips-fr-13-venice-fr\/visite-privee-a-pied-de-venise-visite-panoramique-en-bateau-prive\/#primaryimage"},"thumbnailUrl":"https:\/\/tourtravelandmore.com\/wp-content\/uploads\/2023\/04\/building-g03fbc3d79_1280.jpg","datePublished":"2023-04-14T14:23:43+00:00","dateModified":"2024-04-24T13:08:13+00:00","description":"Visite priv\u00e9e \u00e0 pied de Venise + Visite panoramique en bateau priv\u00e9. Profitez de la visite, dans votre v\u00e9hicule priv\u00e9 de luxe, de l'une des plus belles r\u00e9gions d'Europe\u2705.","breadcrumb":{"@id":"https:\/\/tourtravelandmore.com\/fr\/tours\/italie-fr\/venice-fr\/private-day-trips-fr-13-venice-fr\/visite-privee-a-pied-de-venise-visite-panoramique-en-bateau-prive\/#breadcrumb"},"inLanguage":"fr-FR","potentialAction":[{"@type":"ReadAction","target":["https:\/\/tourtravelandmore.com\/fr\/tours\/italie-fr\/venice-fr\/private-day-trips-fr-13-venice-fr\/visite-privee-a-pied-de-venise-visite-panoramique-en-bateau-prive\/"]}]},{"@type":"ImageObject","inLanguage":"fr-FR","@id":"https:\/\/tourtravelandmore.com\/fr\/tours\/italie-fr\/venice-fr\/private-day-trips-fr-13-venice-fr\/visite-privee-a-pied-de-venise-visite-panoramique-en-bateau-prive\/#primaryimage","url":"https:\/\/tourtravelandmore.com\/wp-content\/uploads\/2023\/04\/building-g03fbc3d79_1280.jpg","contentUrl":"https:\/\/tourtravelandmore.com\/wp-content\/uploads\/2023\/04\/building-g03fbc3d79_1280.jpg","width":1280,"height":853},{"@type":"BreadcrumbList","@id":"https:\/\/tourtravelandmore.com\/fr\/tours\/italie-fr\/venice-fr\/private-day-trips-fr-13-venice-fr\/visite-privee-a-pied-de-venise-visite-panoramique-en-bateau-prive\/#breadcrumb","itemListElement":[{"@type":"ListItem","position":1,"name":"Home","item":"https:\/\/tourtravelandmore.com\/fr\/"},{"@type":"ListItem","position":2,"name":"Tours","item":"https:\/\/tourtravelandmore.com\/fr\/tours\/"},{"@type":"ListItem","position":3,"name":"Visite priv\u00e9e \u00e0 pied de Venise + Visite panoramique en bateau priv\u00e9"}]},{"@type":"WebSite","@id":"https:\/\/tourtravelandmore.com\/fr\/#website","url":"https:\/\/tourtravelandmore.com\/fr\/","name":"Tour Travel And More","description":"Private sightseeing tours and luxury transfers in Spain","publisher":{"@id":"https:\/\/tourtravelandmore.com\/fr\/#organization"},"potentialAction":[{"@type":"SearchAction","target":{"@type":"EntryPoint","urlTemplate":"https:\/\/tourtravelandmore.com\/fr\/?s={search_term_string}"},"query-input":{"@type":"PropertyValueSpecification","valueRequired":true,"valueName":"search_term_string"}}],"inLanguage":"fr-FR"},{"@type":"Organization","@id":"https:\/\/tourtravelandmore.com\/fr\/#organization","name":"Tour Travel And More","url":"https:\/\/tourtravelandmore.com\/fr\/","logo":{"@type":"ImageObject","inLanguage":"fr-FR","@id":"https:\/\/tourtravelandmore.com\/fr\/#\/schema\/logo\/image\/","url":"https:\/\/tourtravelandmore.com\/wp-content\/uploads\/2022\/12\/cropped-logo-cabecera-new.png","contentUrl":"https:\/\/tourtravelandmore.com\/wp-content\/uploads\/2022\/12\/cropped-logo-cabecera-new.png","width":430,"height":61,"caption":"Tour Travel And More"},"image":{"@id":"https:\/\/tourtravelandmore.com\/fr\/#\/schema\/logo\/image\/"},"sameAs":["https:\/\/www.facebook.com\/tourtravelandmore\/","https:\/\/x.com\/TourTravel_More"]}]}},"_links":{"self":[{"href":"https:\/\/tourtravelandmore.com\/fr\/wp-json\/wp\/v2\/product\/161869","targetHints":{"allow":["GET"]}}],"collection":[{"href":"https:\/\/tourtravelandmore.com\/fr\/wp-json\/wp\/v2\/product"}],"about":[{"href":"https:\/\/tourtravelandmore.com\/fr\/wp-json\/wp\/v2\/types\/product"}],"replies":[{"embeddable":true,"href":"https:\/\/tourtravelandmore.com\/fr\/wp-json\/wp\/v2\/comments?post=161869"}],"wp:featuredmedia":[{"embeddable":true,"href":"https:\/\/tourtravelandmore.com\/fr\/wp-json\/wp\/v2\/media\/161882"}],"wp:attachment":[{"href":"https:\/\/tourtravelandmore.com\/fr\/wp-json\/wp\/v2\/media?parent=161869"}],"wp:term":[{"taxonomy":"product_brand","embeddable":true,"href":"https:\/\/tourtravelandmore.com\/fr\/wp-json\/wp\/v2\/product_brand?post=161869"},{"taxonomy":"product_cat","embeddable":true,"href":"https:\/\/tourtravelandmore.com\/fr\/wp-json\/wp\/v2\/product_cat?post=161869"},{"taxonomy":"product_tag","embeddable":true,"href":"https:\/\/tourtravelandmore.com\/fr\/wp-json\/wp\/v2\/product_tag?post=161869"}],"curies":[{"name":"wp","href":"https:\/\/api.w.org\/{rel}","templated":true}]}}