{"id":159835,"date":"2023-04-01T03:05:56","date_gmt":"2023-04-01T01:05:56","guid":{"rendered":"https:\/\/tourtravelandmore.com\/tours\/non%20class\u00e9\/excursion-privee-a-messine-depuis-taormine\/"},"modified":"2023-04-13T10:25:31","modified_gmt":"2023-04-13T08:25:31","slug":"excursion-privee-a-messine-depuis-taormine","status":"publish","type":"product","link":"https:\/\/tourtravelandmore.com\/fr\/tours\/italie-fr\/taormina-fr\/tous-les-circuits-et-activites-prives-taormina\/excursion-privee-a-messine-depuis-taormine\/","title":{"rendered":"Excursion priv\u00e9e \u00e0 Messine depuis Taormine"},"content":{"rendered":"<h2><b>Excursion priv\u00e9e \u00e0 Messine depuis Taormine Description<\/b><\/h2>\n<p><span style=\"font-weight: 400;\">Embarquez pour un voyage inoubliable avec notre visite priv\u00e9e exclusive de 5 heures \u00e0 Messine depuis Taormine, fournie par Tour Travel and More. D\u00e9couvrez la beaut\u00e9 et le charme de Messine, une ville riche en histoire et en culture, tout en profitant du confort et de la commodit\u00e9 d&#8217;un v\u00e9hicule priv\u00e9 avec un chauffeur et un guide professionnels. Nos guides exp\u00e9riment\u00e9s et comp\u00e9tents veilleront \u00e0 ce que vous passiez un moment inoubliable en explorant les points forts et les joyaux cach\u00e9s de la ville.<\/span><\/p>\n<p><span style=\"font-weight: 400;\">Votre visite priv\u00e9e de Messine depuis Taormine est soigneusement con\u00e7ue pour offrir un \u00e9quilibre parfait entre l&#8217;exploration historique et le temps libre, vous permettant ainsi d&#8217;appr\u00e9cier pleinement le charme de la ville. Gr\u00e2ce \u00e0 l&#8217;attention personnalis\u00e9e de nos guides d\u00e9vou\u00e9s, vous comprendrez mieux le patrimoine unique de Messine et ses histoires captivantes. R\u00e9servez votre visite priv\u00e9e d\u00e8s aujourd&#8217;hui et cr\u00e9ez des souvenirs qui dureront toute votre vie.<\/span><\/p>\n<h2><b>Visite priv\u00e9e de Messine depuis Taormine Points d&#8217;int\u00e9r\u00eat<\/b><\/h2>\n<p><span style=\"font-weight: 400;\">D\u00e9couvrez les sites et attractions fascinants de Messine avec nos guides experts, qui vous fourniront des informations perspicaces et des histoires captivantes sur l&#8217;histoire, l&#8217;architecture et la culture de la ville. Des monuments anciens aux belles \u00e9glises, cette visite priv\u00e9e vous emm\u00e8nera dans un voyage au c\u0153ur de la ville et de ses sites les plus embl\u00e9matiques.<\/span><\/p>\n<h3><b>Cath\u00e9drale de Messine<\/b><\/h3>\n<p><span style=\"font-weight: 400;\">La cath\u00e9drale de Messine, une attraction incontournable, pr\u00e9sente un m\u00e9lange harmonieux de styles architecturaux, refl\u00e9tant la diversit\u00e9 de l&#8217;histoire de la ville. Ce chef-d&#8217;\u0153uvre du XIIe si\u00e8cle est admir\u00e9 non seulement pour son architecture remarquable et ses \u0153uvres d&#8217;art complexes, mais aussi pour son impressionnant clocher, qui abrite l&#8217;une des plus grandes horloges astronomiques du monde. D\u00e9couvrez l&#8217;histoire captivante de la cath\u00e9drale, t\u00e9moin de la r\u00e9silience de la ville apr\u00e8s avoir surv\u00e9cu \u00e0 de nombreux tremblements de terre et guerres, tout en vous \u00e9merveillant devant l&#8217;artisanat exquis qui y est expos\u00e9.<\/span><\/p>\n<h3><b>Piazza del Duomo<\/b><\/h3>\n<p><span style=\"font-weight: 400;\">Au c\u0153ur de Messine se trouve la Piazza del Duomo, une place anim\u00e9e qui fourmille de vie et d&#8217;activit\u00e9s. Entour\u00e9e de b\u00e2timents remarquables, dont la cath\u00e9drale de Messine, la place offre aux visiteurs la possibilit\u00e9 de s&#8217;immerger dans l&#8217;atmosph\u00e8re vibrante de la ville. Prenez le temps d&#8217;appr\u00e9cier la splendide Fontana di Orione, une fontaine du XVIe si\u00e8cle qui t\u00e9moigne des prouesses artistiques de l&#8217;artiste local Giovanni Angelo Montorsoli. Au cours de votre exploration, ne manquez pas d&#8217;admirer les d\u00e9tails architecturaux \u00e9tonnants qui font de cette place une destination appr\u00e9ci\u00e9e des habitants et des touristes.<\/span><\/p>\n<h3><b>Sanctuaire de Montalto<\/b><\/h3>\n<p><span style=\"font-weight: 400;\">Nich\u00e9 au sommet d&#8217;une colline surplombant la ville de Messine, le sanctuaire de Montalto est un t\u00e9moignage de foi et de d\u00e9votion. D\u00e9di\u00e9 \u00e0 Notre-Dame de Montalto, ce site sacr\u00e9 offre des vues panoramiques \u00e0 couper le souffle sur le paysage urbain et le littoral environnant. Les visiteurs du sanctuaire trouveront du r\u00e9confort dans son atmosph\u00e8re sereine et son architecture baroque exquise, ce qui en fait une destination id\u00e9ale pour la r\u00e9flexion et la contemplation.<\/span><\/p>\n<h3><b>\u00c9glise de la Santissima Annunziata dei Catalani<\/b><\/h3>\n<p><span style=\"font-weight: 400;\">L&#8217;\u00e9glise Santissima Annunziata dei Catalani, qui date du XIIe si\u00e8cle, est une merveille architecturale qui combine des influences byzantines, normandes et arabes. Cette remarquable fusion de styles, dont t\u00e9moigne l&#8217;ext\u00e9rieur magnifiquement pr\u00e9serv\u00e9 de l&#8217;\u00e9glise, en fait une \u00e9tape incontournable pour ceux qui s&#8217;int\u00e9ressent au riche patrimoine culturel de Messine. L&#8217;int\u00e9rieur de l&#8217;\u00e9glise est orn\u00e9 de fresques \u00e9tonnantes et de mosa\u00efques complexes, ce qui souligne encore son importance en tant que monument historique.<\/span><\/p>\n<h3><b>Mus\u00e9e r\u00e9gional de Messine<\/b><\/h3>\n<p><span style=\"font-weight: 400;\">Le mus\u00e9e r\u00e9gional de Messine offre aux visiteurs un aper\u00e7u complet de l&#8217;h\u00e9ritage artistique et historique de la ville. Le mus\u00e9e abrite une impressionnante collection d&#8217;\u0153uvres, allant des sculptures grecques et romaines de l&#8217;Antiquit\u00e9 aux chefs-d&#8217;\u0153uvre de la Renaissance r\u00e9alis\u00e9s par des artistes renomm\u00e9s tels que le Caravage. Embarquez pour un voyage captivant \u00e0 travers l&#8217;\u00e9volution culturelle de la r\u00e9gion et apprenez \u00e0 mieux conna\u00eetre le pass\u00e9 de Messine. La visite du mus\u00e9e est un moyen id\u00e9al d&#8217;enrichir votre exp\u00e9rience et d&#8217;appr\u00e9cier les incroyables tr\u00e9sors artistiques de la ville.<\/span><\/p>\n<p><span style=\"font-weight: 400;\">Ne manquez pas l&#8217;occasion de d\u00e9couvrir encore plus Taormine et ses environs gr\u00e2ce \u00e0 la vaste liste de visites priv\u00e9es propos\u00e9es par Tour Travel and More. Visitez notre site web pour parcourir notre s\u00e9lection d&#8217;exp\u00e9riences exclusives et sur mesure qui r\u00e9pondent \u00e0 vos int\u00e9r\u00eats et \u00e0 vos pr\u00e9f\u00e9rences. <\/span><a href=\"https:\/\/tourtravelandmore.com\/fr\/city\/italie-fr\/taormina-fr\/\"><span style=\"font-weight: 400;\">Laissez nos guides experts vous faire d\u00e9couvrir le meilleur de Taormine et de ses environs, en vous garantissant une exp\u00e9rience de voyage inoubliable et personnalis\u00e9e.<\/span><\/a><\/p>\n","protected":false},"excerpt":{"rendered":"<p><span style=\"font-weight: 400;\">D\u00e9couvrez la ville enchanteresse de Messine lors de cette visite priv\u00e9e exclusive de 5 heures au d\u00e9part de Taormine. Explorez les sites historiques, les chefs-d&#8217;\u0153uvre architecturaux et les tr\u00e9sors culturels de la ville sous la conduite experte d&#8217;un chauffeur et d&#8217;un guide professionnels. Plongez dans la beaut\u00e9 et le charme de Messine avec Tour Travel and More.<\/span><\/p>\n","protected":false},"featured_media":159813,"comment_status":"open","ping_status":"closed","template":"","meta":{"_acf_changed":false},"product_brand":[],"product_cat":[4366,4378,4308],"product_tag":[],"class_list":{"0":"post-159835","1":"product","2":"type-product","3":"status-publish","4":"has-post-thumbnail","6":"product_cat-tous-les-circuits-et-activites-prives-taormina","7":"product_cat-transferts-prives-fr-2","8":"product_cat-taormina-fr","10":"first","11":"instock","12":"shipping-taxable","13":"purchasable","14":"product-type-simple"},"acf":[],"yoast_head":"<!-- This site is optimized with the Yoast SEO Premium plugin v25.3.1 (Yoast SEO v25.3.1) - https:\/\/yoast.com\/wordpress\/plugins\/seo\/ -->\n<title>\u27a1\ufe0f Private Tour to Messina from Taormina : Explore with Tour Travel and More<\/title>\n<meta name=\"description\" content=\"D\u00e9couvrez le meilleur de Messine lors de cette visite priv\u00e9e de 5 heures au d\u00e9part de Taormine. D\u00e9couvrez les sites historiques, l&#039;architecture \u00e9tonnante et les histoires captivantes avec nos guides experts \u2705.\" \/>\n<meta name=\"robots\" content=\"index, follow, max-snippet:-1, max-image-preview:large, max-video-preview:-1\" \/>\n<link rel=\"canonical\" href=\"https:\/\/tourtravelandmore.com\/fr\/tours\/italie-fr\/taormina-fr\/tous-les-circuits-et-activites-prives-taormina\/excursion-privee-a-messine-depuis-taormine\/\" \/>\n<meta property=\"og:locale\" content=\"fr_FR\" \/>\n<meta property=\"og:type\" content=\"article\" \/>\n<meta property=\"og:title\" content=\"Excursion priv\u00e9e \u00e0 Messine depuis Taormine\" \/>\n<meta property=\"og:description\" content=\"D\u00e9couvrez le meilleur de Messine lors de cette visite priv\u00e9e de 5 heures au d\u00e9part de Taormine. D\u00e9couvrez les sites historiques, l&#039;architecture \u00e9tonnante et les histoires captivantes avec nos guides experts \u2705.\" \/>\n<meta property=\"og:url\" content=\"https:\/\/tourtravelandmore.com\/fr\/tours\/italie-fr\/taormina-fr\/tous-les-circuits-et-activites-prives-taormina\/excursion-privee-a-messine-depuis-taormine\/\" \/>\n<meta property=\"og:site_name\" content=\"Tour Travel And More\" \/>\n<meta property=\"article:publisher\" content=\"https:\/\/www.facebook.com\/tourtravelandmore\/\" \/>\n<meta property=\"article:modified_time\" content=\"2023-04-13T08:25:31+00:00\" \/>\n<meta property=\"og:image\" content=\"https:\/\/tourtravelandmore.com\/wp-content\/uploads\/2023\/04\/image2-5.jpg\" \/>\n\t<meta property=\"og:image:width\" content=\"950\" \/>\n\t<meta property=\"og:image:height\" content=\"750\" \/>\n\t<meta property=\"og:image:type\" content=\"image\/jpeg\" \/>\n<meta name=\"twitter:card\" content=\"summary_large_image\" \/>\n<meta name=\"twitter:site\" content=\"@TourTravel_More\" \/>\n<meta name=\"twitter:label1\" content=\"Dur\u00e9e de lecture estim\u00e9e\" \/>\n\t<meta name=\"twitter:data1\" content=\"4 minutes\" \/>\n<script type=\"application\/ld+json\" class=\"yoast-schema-graph\">{\"@context\":\"https:\/\/schema.org\",\"@graph\":[{\"@type\":\"WebPage\",\"@id\":\"https:\/\/tourtravelandmore.com\/fr\/tours\/italie-fr\/taormina-fr\/tous-les-circuits-et-activites-prives-taormina\/excursion-privee-a-messine-depuis-taormine\/\",\"url\":\"https:\/\/tourtravelandmore.com\/fr\/tours\/italie-fr\/taormina-fr\/tous-les-circuits-et-activites-prives-taormina\/excursion-privee-a-messine-depuis-taormine\/\",\"name\":\"\u27a1\ufe0f Private Tour to Messina from Taormina : Explore with Tour Travel and More\",\"isPartOf\":{\"@id\":\"https:\/\/tourtravelandmore.com\/fr\/#website\"},\"primaryImageOfPage\":{\"@id\":\"https:\/\/tourtravelandmore.com\/fr\/tours\/italie-fr\/taormina-fr\/tous-les-circuits-et-activites-prives-taormina\/excursion-privee-a-messine-depuis-taormine\/#primaryimage\"},\"image\":{\"@id\":\"https:\/\/tourtravelandmore.com\/fr\/tours\/italie-fr\/taormina-fr\/tous-les-circuits-et-activites-prives-taormina\/excursion-privee-a-messine-depuis-taormine\/#primaryimage\"},\"thumbnailUrl\":\"https:\/\/tourtravelandmore.com\/wp-content\/uploads\/2023\/04\/image2-5.jpg\",\"datePublished\":\"2023-04-01T01:05:56+00:00\",\"dateModified\":\"2023-04-13T08:25:31+00:00\",\"description\":\"D\u00e9couvrez le meilleur de Messine lors de cette visite priv\u00e9e de 5 heures au d\u00e9part de Taormine. D\u00e9couvrez les sites historiques, l'architecture \u00e9tonnante et les histoires captivantes avec nos guides experts \u2705.\",\"breadcrumb\":{\"@id\":\"https:\/\/tourtravelandmore.com\/fr\/tours\/italie-fr\/taormina-fr\/tous-les-circuits-et-activites-prives-taormina\/excursion-privee-a-messine-depuis-taormine\/#breadcrumb\"},\"inLanguage\":\"fr-FR\",\"potentialAction\":[{\"@type\":\"ReadAction\",\"target\":[\"https:\/\/tourtravelandmore.com\/fr\/tours\/italie-fr\/taormina-fr\/tous-les-circuits-et-activites-prives-taormina\/excursion-privee-a-messine-depuis-taormine\/\"]}]},{\"@type\":\"ImageObject\",\"inLanguage\":\"fr-FR\",\"@id\":\"https:\/\/tourtravelandmore.com\/fr\/tours\/italie-fr\/taormina-fr\/tous-les-circuits-et-activites-prives-taormina\/excursion-privee-a-messine-depuis-taormine\/#primaryimage\",\"url\":\"https:\/\/tourtravelandmore.com\/wp-content\/uploads\/2023\/04\/image2-5.jpg\",\"contentUrl\":\"https:\/\/tourtravelandmore.com\/wp-content\/uploads\/2023\/04\/image2-5.jpg\",\"width\":950,\"height\":750},{\"@type\":\"BreadcrumbList\",\"@id\":\"https:\/\/tourtravelandmore.com\/fr\/tours\/italie-fr\/taormina-fr\/tous-les-circuits-et-activites-prives-taormina\/excursion-privee-a-messine-depuis-taormine\/#breadcrumb\",\"itemListElement\":[{\"@type\":\"ListItem\",\"position\":1,\"name\":\"Home\",\"item\":\"https:\/\/tourtravelandmore.com\/fr\/\"},{\"@type\":\"ListItem\",\"position\":2,\"name\":\"Tours\",\"item\":\"https:\/\/tourtravelandmore.com\/fr\/tours\/\"},{\"@type\":\"ListItem\",\"position\":3,\"name\":\"Excursion priv\u00e9e \u00e0 Messine depuis Taormine\"}]},{\"@type\":\"WebSite\",\"@id\":\"https:\/\/tourtravelandmore.com\/fr\/#website\",\"url\":\"https:\/\/tourtravelandmore.com\/fr\/\",\"name\":\"Tour Travel And More\",\"description\":\"Private sightseeing tours and luxury transfers in Spain\",\"publisher\":{\"@id\":\"https:\/\/tourtravelandmore.com\/fr\/#organization\"},\"potentialAction\":[{\"@type\":\"SearchAction\",\"target\":{\"@type\":\"EntryPoint\",\"urlTemplate\":\"https:\/\/tourtravelandmore.com\/fr\/?s={search_term_string}\"},\"query-input\":{\"@type\":\"PropertyValueSpecification\",\"valueRequired\":true,\"valueName\":\"search_term_string\"}}],\"inLanguage\":\"fr-FR\"},{\"@type\":\"Organization\",\"@id\":\"https:\/\/tourtravelandmore.com\/fr\/#organization\",\"name\":\"Tour Travel And More\",\"url\":\"https:\/\/tourtravelandmore.com\/fr\/\",\"logo\":{\"@type\":\"ImageObject\",\"inLanguage\":\"fr-FR\",\"@id\":\"https:\/\/tourtravelandmore.com\/fr\/#\/schema\/logo\/image\/\",\"url\":\"https:\/\/tourtravelandmore.com\/wp-content\/uploads\/2022\/12\/cropped-logo-cabecera-new.png\",\"contentUrl\":\"https:\/\/tourtravelandmore.com\/wp-content\/uploads\/2022\/12\/cropped-logo-cabecera-new.png\",\"width\":430,\"height\":61,\"caption\":\"Tour Travel And More\"},\"image\":{\"@id\":\"https:\/\/tourtravelandmore.com\/fr\/#\/schema\/logo\/image\/\"},\"sameAs\":[\"https:\/\/www.facebook.com\/tourtravelandmore\/\",\"https:\/\/x.com\/TourTravel_More\"]}]}<\/script>\n<!-- \/ Yoast SEO Premium plugin. -->","yoast_head_json":{"title":"\u27a1\ufe0f Private Tour to Messina from Taormina : Explore with Tour Travel and More","description":"D\u00e9couvrez le meilleur de Messine lors de cette visite priv\u00e9e de 5 heures au d\u00e9part de Taormine. D\u00e9couvrez les sites historiques, l'architecture \u00e9tonnante et les histoires captivantes avec nos guides experts \u2705.","robots":{"index":"index","follow":"follow","max-snippet":"max-snippet:-1","max-image-preview":"max-image-preview:large","max-video-preview":"max-video-preview:-1"},"canonical":"https:\/\/tourtravelandmore.com\/fr\/tours\/italie-fr\/taormina-fr\/tous-les-circuits-et-activites-prives-taormina\/excursion-privee-a-messine-depuis-taormine\/","og_locale":"fr_FR","og_type":"article","og_title":"Excursion priv\u00e9e \u00e0 Messine depuis Taormine","og_description":"D\u00e9couvrez le meilleur de Messine lors de cette visite priv\u00e9e de 5 heures au d\u00e9part de Taormine. D\u00e9couvrez les sites historiques, l'architecture \u00e9tonnante et les histoires captivantes avec nos guides experts \u2705.","og_url":"https:\/\/tourtravelandmore.com\/fr\/tours\/italie-fr\/taormina-fr\/tous-les-circuits-et-activites-prives-taormina\/excursion-privee-a-messine-depuis-taormine\/","og_site_name":"Tour Travel And More","article_publisher":"https:\/\/www.facebook.com\/tourtravelandmore\/","article_modified_time":"2023-04-13T08:25:31+00:00","og_image":[{"width":950,"height":750,"url":"https:\/\/tourtravelandmore.com\/wp-content\/uploads\/2023\/04\/image2-5.jpg","type":"image\/jpeg"}],"twitter_card":"summary_large_image","twitter_site":"@TourTravel_More","twitter_misc":{"Dur\u00e9e de lecture estim\u00e9e":"4 minutes"},"schema":{"@context":"https:\/\/schema.org","@graph":[{"@type":"WebPage","@id":"https:\/\/tourtravelandmore.com\/fr\/tours\/italie-fr\/taormina-fr\/tous-les-circuits-et-activites-prives-taormina\/excursion-privee-a-messine-depuis-taormine\/","url":"https:\/\/tourtravelandmore.com\/fr\/tours\/italie-fr\/taormina-fr\/tous-les-circuits-et-activites-prives-taormina\/excursion-privee-a-messine-depuis-taormine\/","name":"\u27a1\ufe0f Private Tour to Messina from Taormina : Explore with Tour Travel and More","isPartOf":{"@id":"https:\/\/tourtravelandmore.com\/fr\/#website"},"primaryImageOfPage":{"@id":"https:\/\/tourtravelandmore.com\/fr\/tours\/italie-fr\/taormina-fr\/tous-les-circuits-et-activites-prives-taormina\/excursion-privee-a-messine-depuis-taormine\/#primaryimage"},"image":{"@id":"https:\/\/tourtravelandmore.com\/fr\/tours\/italie-fr\/taormina-fr\/tous-les-circuits-et-activites-prives-taormina\/excursion-privee-a-messine-depuis-taormine\/#primaryimage"},"thumbnailUrl":"https:\/\/tourtravelandmore.com\/wp-content\/uploads\/2023\/04\/image2-5.jpg","datePublished":"2023-04-01T01:05:56+00:00","dateModified":"2023-04-13T08:25:31+00:00","description":"D\u00e9couvrez le meilleur de Messine lors de cette visite priv\u00e9e de 5 heures au d\u00e9part de Taormine. D\u00e9couvrez les sites historiques, l'architecture \u00e9tonnante et les histoires captivantes avec nos guides experts \u2705.","breadcrumb":{"@id":"https:\/\/tourtravelandmore.com\/fr\/tours\/italie-fr\/taormina-fr\/tous-les-circuits-et-activites-prives-taormina\/excursion-privee-a-messine-depuis-taormine\/#breadcrumb"},"inLanguage":"fr-FR","potentialAction":[{"@type":"ReadAction","target":["https:\/\/tourtravelandmore.com\/fr\/tours\/italie-fr\/taormina-fr\/tous-les-circuits-et-activites-prives-taormina\/excursion-privee-a-messine-depuis-taormine\/"]}]},{"@type":"ImageObject","inLanguage":"fr-FR","@id":"https:\/\/tourtravelandmore.com\/fr\/tours\/italie-fr\/taormina-fr\/tous-les-circuits-et-activites-prives-taormina\/excursion-privee-a-messine-depuis-taormine\/#primaryimage","url":"https:\/\/tourtravelandmore.com\/wp-content\/uploads\/2023\/04\/image2-5.jpg","contentUrl":"https:\/\/tourtravelandmore.com\/wp-content\/uploads\/2023\/04\/image2-5.jpg","width":950,"height":750},{"@type":"BreadcrumbList","@id":"https:\/\/tourtravelandmore.com\/fr\/tours\/italie-fr\/taormina-fr\/tous-les-circuits-et-activites-prives-taormina\/excursion-privee-a-messine-depuis-taormine\/#breadcrumb","itemListElement":[{"@type":"ListItem","position":1,"name":"Home","item":"https:\/\/tourtravelandmore.com\/fr\/"},{"@type":"ListItem","position":2,"name":"Tours","item":"https:\/\/tourtravelandmore.com\/fr\/tours\/"},{"@type":"ListItem","position":3,"name":"Excursion priv\u00e9e \u00e0 Messine depuis Taormine"}]},{"@type":"WebSite","@id":"https:\/\/tourtravelandmore.com\/fr\/#website","url":"https:\/\/tourtravelandmore.com\/fr\/","name":"Tour Travel And More","description":"Private sightseeing tours and luxury transfers in Spain","publisher":{"@id":"https:\/\/tourtravelandmore.com\/fr\/#organization"},"potentialAction":[{"@type":"SearchAction","target":{"@type":"EntryPoint","urlTemplate":"https:\/\/tourtravelandmore.com\/fr\/?s={search_term_string}"},"query-input":{"@type":"PropertyValueSpecification","valueRequired":true,"valueName":"search_term_string"}}],"inLanguage":"fr-FR"},{"@type":"Organization","@id":"https:\/\/tourtravelandmore.com\/fr\/#organization","name":"Tour Travel And More","url":"https:\/\/tourtravelandmore.com\/fr\/","logo":{"@type":"ImageObject","inLanguage":"fr-FR","@id":"https:\/\/tourtravelandmore.com\/fr\/#\/schema\/logo\/image\/","url":"https:\/\/tourtravelandmore.com\/wp-content\/uploads\/2022\/12\/cropped-logo-cabecera-new.png","contentUrl":"https:\/\/tourtravelandmore.com\/wp-content\/uploads\/2022\/12\/cropped-logo-cabecera-new.png","width":430,"height":61,"caption":"Tour Travel And More"},"image":{"@id":"https:\/\/tourtravelandmore.com\/fr\/#\/schema\/logo\/image\/"},"sameAs":["https:\/\/www.facebook.com\/tourtravelandmore\/","https:\/\/x.com\/TourTravel_More"]}]}},"_links":{"self":[{"href":"https:\/\/tourtravelandmore.com\/fr\/wp-json\/wp\/v2\/product\/159835","targetHints":{"allow":["GET"]}}],"collection":[{"href":"https:\/\/tourtravelandmore.com\/fr\/wp-json\/wp\/v2\/product"}],"about":[{"href":"https:\/\/tourtravelandmore.com\/fr\/wp-json\/wp\/v2\/types\/product"}],"replies":[{"embeddable":true,"href":"https:\/\/tourtravelandmore.com\/fr\/wp-json\/wp\/v2\/comments?post=159835"}],"wp:featuredmedia":[{"embeddable":true,"href":"https:\/\/tourtravelandmore.com\/fr\/wp-json\/wp\/v2\/media\/159813"}],"wp:attachment":[{"href":"https:\/\/tourtravelandmore.com\/fr\/wp-json\/wp\/v2\/media?parent=159835"}],"wp:term":[{"taxonomy":"product_brand","embeddable":true,"href":"https:\/\/tourtravelandmore.com\/fr\/wp-json\/wp\/v2\/product_brand?post=159835"},{"taxonomy":"product_cat","embeddable":true,"href":"https:\/\/tourtravelandmore.com\/fr\/wp-json\/wp\/v2\/product_cat?post=159835"},{"taxonomy":"product_tag","embeddable":true,"href":"https:\/\/tourtravelandmore.com\/fr\/wp-json\/wp\/v2\/product_tag?post=159835"}],"curies":[{"name":"wp","href":"https:\/\/api.w.org\/{rel}","templated":true}]}}