{"id":159802,"date":"2023-04-01T02:52:20","date_gmt":"2023-04-01T00:52:20","guid":{"rendered":"https:\/\/tourtravelandmore.com\/tours\/non%20class\u00e9\/excursion-privee-a-catane-depuis-taormine\/"},"modified":"2023-04-15T07:08:23","modified_gmt":"2023-04-15T05:08:23","slug":"excursion-privee-a-catane-depuis-taormine","status":"publish","type":"product","link":"https:\/\/tourtravelandmore.com\/fr\/tours\/italie-fr\/taormina-fr\/tous-les-circuits-et-activites-prives-taormina\/excursion-privee-a-catane-depuis-taormine\/","title":{"rendered":"Excursion priv\u00e9e \u00e0 Catane depuis Taormine"},"content":{"rendered":"<h2><b>Visite priv\u00e9e de Catane au d\u00e9part de Taormine Description<\/b><\/h2>\n<p><span style=\"font-weight: 400;\">D\u00e9couvrez l&#8217;esprit vibrant et la riche histoire de Catane lors d&#8217;une visite priv\u00e9e de 6 heures au d\u00e9part de Taormine. Voyagez dans le confort avec un v\u00e9hicule priv\u00e9 et un chauffeur-guide expert, en explorant l&#8217;architecture fascinante de la ville, les march\u00e9s anim\u00e9s et les sites anciens. Cette visite personnalis\u00e9e est adapt\u00e9e \u00e0 vos pr\u00e9f\u00e9rences, garantissant un voyage vraiment m\u00e9morable et unique \u00e0 travers l&#8217;une des villes les plus captivantes de Sicile. En p\u00e9n\u00e9trant au c\u0153ur de Catane, vous d\u00e9couvrirez son riche pass\u00e9, depuis les influences grecques et romaines jusqu&#8217;au style baroque orn\u00e9 qui domine le paysage de la ville. Avec notre guide bien inform\u00e9 \u00e0 vos c\u00f4t\u00e9s, vous d\u00e9couvrirez les histoires et les l\u00e9gendes qui ont fa\u00e7onn\u00e9 le caract\u00e8re distinctif de Catane. Que vous soyez passionn\u00e9 d&#8217;histoire, amateur de gastronomie ou simplement d\u00e9sireux de d\u00e9couvrir l&#8217;atmosph\u00e8re anim\u00e9e de la ville, notre visite priv\u00e9e de Catane au d\u00e9part de Taormine vous laissera des souvenirs inoubliables de ce joyau sicilien enchanteur.<\/span><\/p>\n<h2><b>Points d&#8217;int\u00e9r\u00eat de l&#8217;excursion priv\u00e9e \u00e0 Catane depuis Taormine<\/b><\/h2>\n<p><span style=\"font-weight: 400;\">D\u00e9couvrez les nombreuses merveilles que Catane a \u00e0 offrir lors de cette visite priv\u00e9e compl\u00e8te. Visitez les sites embl\u00e9matiques, admirez l&#8217;architecture baroque et plongez dans le riche patrimoine culturel de la ville. Notre itin\u00e9raire soigneusement con\u00e7u met en lumi\u00e8re les attractions incontournables et les joyaux cach\u00e9s de Catane, offrant une exp\u00e9rience inoubliable \u00e0 chaque voyageur.<\/span><\/p>\n<h3><b>Piazza del Duomo<\/b><\/h3>\n<p><span style=\"font-weight: 400;\">La Piazza del Duomo est le c\u0153ur de Catane, une place magnifique entour\u00e9e d&#8217;\u00e9difices baroques et de monuments historiques. La place abrite l&#8217;embl\u00e9matique fontaine de l&#8217;\u00c9l\u00e9phant, symbole de la ville, et l&#8217;impressionnante cath\u00e9drale de Catane, d\u00e9di\u00e9e \u00e0 Sainte Agathe. Cet espace anim\u00e9 et vibrant est une \u00e9tape essentielle de toute visite de Catane. Outre sa belle architecture, la Piazza del Duomo accueille divers \u00e9v\u00e9nements et festivals tout au long de l&#8217;ann\u00e9e, ce qui en fait un centre culturel important pour les habitants comme pour les visiteurs.<\/span><\/p>\n<h3><b>Amphith\u00e9\u00e2tre romain<\/b><\/h3>\n<p><span style=\"font-weight: 400;\">L&#8217;amphith\u00e9\u00e2tre romain de Catane est une structure antique remarquable, datant du IIe si\u00e8cle de notre \u00e8re. Autrefois capable d&#8217;accueillir jusqu&#8217;\u00e0 16 000 spectateurs, les ruines de cette ar\u00e8ne massive offrent un aper\u00e7u du pass\u00e9 romain de la ville. Les fouilles ont r\u00e9v\u00e9l\u00e9 des passages et des chambres souterraines complexes, qui ajoutent \u00e0 l&#8217;attrait du site. L&#8217;amphith\u00e9\u00e2tre est \u00e9galement un lieu important pour les \u00e9v\u00e9nements et les spectacles modernes, permettant aux visiteurs de d\u00e9couvrir son atmosph\u00e8re historique et son acoustique incroyable.<\/span><\/p>\n<h3><b>Via Etnea<\/b><\/h3>\n<p><span style=\"font-weight: 400;\">La Via Etnea, principale art\u00e8re de Catane, est une rue anim\u00e9e, bord\u00e9e d&#8217;\u00e9l\u00e9gants b\u00e2timents baroques, de boutiques \u00e9l\u00e9gantes et de caf\u00e9s accueillants. En vous promenant sur cette avenue anim\u00e9e, vous d\u00e9couvrirez le m\u00e9lange unique d&#8217;histoire et de modernit\u00e9 de Catane, avec des \u00e9glises et des palais anciens c\u00f4toyant des boutiques et des restaurants contemporains. La Via Etnea est \u00e9galement un endroit id\u00e9al pour go\u00fbter \u00e0 la d\u00e9licieuse cuisine de rue de la ville, offrant un go\u00fbt authentique de la cuisine sicilienne au milieu d&#8217;un paysage urbain captivant.<\/span><\/p>\n<h3><b>Ch\u00e2teau d&#8217;Ursino<\/b><\/h3>\n<p><span style=\"font-weight: 400;\">Le ch\u00e2teau d&#8217;Ursino, une impressionnante forteresse du XIIIe si\u00e8cle, se dresse fi\u00e8rement au c\u0153ur de Catane. Construit \u00e0 l&#8217;origine comme r\u00e9sidence royale pour l&#8217;empereur Fr\u00e9d\u00e9ric II, le ch\u00e2teau a connu une histoire mouvement\u00e9e, jouant diff\u00e9rents r\u00f4les au fil des si\u00e8cles, notamment celui de prison et de caserne. Aujourd&#8217;hui, le ch\u00e2teau abrite le mus\u00e9e civique, qui pr\u00e9sente une vaste collection d&#8217;\u0153uvres d&#8217;art et d&#8217;objets qui c\u00e9l\u00e8brent le riche patrimoine de Catane. L&#8217;imposante structure et les expositions fascinantes font du ch\u00e2teau d&#8217;Ursino une destination incontournable pour les passionn\u00e9s d&#8217;histoire et les amateurs d&#8217;art.<\/span><\/p>\n<p><span style=\"font-weight: 400;\">Tour Travel and More propose un large \u00e9ventail de visites priv\u00e9es adapt\u00e9es \u00e0 vos int\u00e9r\u00eats et \u00e0 vos besoins. Visitez notre site Web pour consulter notre liste exhaustive de visites \u00e0 Taormine et ailleurs. <\/span><a href=\"https:\/\/tourtravelandmore.com\/fr\/city\/italie-fr\/taormina-fr\/\"><span style=\"font-weight: 400;\">D\u00e9couvrez le meilleur de la Sicile avec nos guides experts et nos itin\u00e9raires personnalisables.<\/span><\/a><\/p>\n","protected":false},"excerpt":{"rendered":"<p><span style=\"font-weight: 400;\">Explorez la ville anim\u00e9e de Catane lors d&#8217;une visite priv\u00e9e de 6 heures au d\u00e9part de Taormine, \u00e0 la d\u00e9couverte de ses sites historiques, de son architecture \u00e9tonnante et de ses rues anim\u00e9es.<\/span><\/p>\n","protected":false},"featured_media":159789,"comment_status":"open","ping_status":"closed","template":"","meta":{"_acf_changed":false},"product_brand":[],"product_cat":[4366,4376,4308],"product_tag":[],"class_list":{"0":"post-159802","1":"product","2":"type-product","3":"status-publish","4":"has-post-thumbnail","6":"product_cat-tous-les-circuits-et-activites-prives-taormina","7":"product_cat-visites-guidees-privees-fr-4","8":"product_cat-taormina-fr","10":"first","11":"instock","12":"shipping-taxable","13":"purchasable","14":"product-type-simple"},"acf":[],"yoast_head":"<!-- This site is optimized with the Yoast SEO Premium plugin v25.3.1 (Yoast SEO v25.3.1) - https:\/\/yoast.com\/wordpress\/plugins\/seo\/ -->\n<title>\u27a1\ufe0f Private Tour to Catania from Taormina with Tour Travel and More<\/title>\n<meta name=\"description\" content=\"D\u00e9couvrez la captivante ville de Catane lors d&#039;une visite priv\u00e9e de 6 heures au d\u00e9part de Taormine, en explorant les sites embl\u00e9matiques et les joyaux cach\u00e9s avec Tour Travel and More \u2705.\" \/>\n<meta name=\"robots\" content=\"index, follow, max-snippet:-1, max-image-preview:large, max-video-preview:-1\" \/>\n<link rel=\"canonical\" href=\"https:\/\/tourtravelandmore.com\/fr\/tours\/italie-fr\/taormina-fr\/tous-les-circuits-et-activites-prives-taormina\/excursion-privee-a-catane-depuis-taormine\/\" \/>\n<meta property=\"og:locale\" content=\"fr_FR\" \/>\n<meta property=\"og:type\" content=\"article\" \/>\n<meta property=\"og:title\" content=\"Excursion priv\u00e9e \u00e0 Catane depuis Taormine\" \/>\n<meta property=\"og:description\" content=\"D\u00e9couvrez la captivante ville de Catane lors d&#039;une visite priv\u00e9e de 6 heures au d\u00e9part de Taormine, en explorant les sites embl\u00e9matiques et les joyaux cach\u00e9s avec Tour Travel and More \u2705.\" \/>\n<meta property=\"og:url\" content=\"https:\/\/tourtravelandmore.com\/fr\/tours\/italie-fr\/taormina-fr\/tous-les-circuits-et-activites-prives-taormina\/excursion-privee-a-catane-depuis-taormine\/\" \/>\n<meta property=\"og:site_name\" content=\"Tour Travel And More\" \/>\n<meta property=\"article:publisher\" content=\"https:\/\/www.facebook.com\/tourtravelandmore\/\" \/>\n<meta property=\"article:modified_time\" content=\"2023-04-15T05:08:23+00:00\" \/>\n<meta property=\"og:image\" content=\"https:\/\/tourtravelandmore.com\/wp-content\/uploads\/2023\/04\/image4-4.jpg\" \/>\n\t<meta property=\"og:image:width\" content=\"950\" \/>\n\t<meta property=\"og:image:height\" content=\"750\" \/>\n\t<meta property=\"og:image:type\" content=\"image\/jpeg\" \/>\n<meta name=\"twitter:card\" content=\"summary_large_image\" \/>\n<meta name=\"twitter:site\" content=\"@TourTravel_More\" \/>\n<meta name=\"twitter:label1\" content=\"Dur\u00e9e de lecture estim\u00e9e\" \/>\n\t<meta name=\"twitter:data1\" content=\"4 minutes\" \/>\n<script type=\"application\/ld+json\" class=\"yoast-schema-graph\">{\"@context\":\"https:\/\/schema.org\",\"@graph\":[{\"@type\":\"WebPage\",\"@id\":\"https:\/\/tourtravelandmore.com\/fr\/tours\/italie-fr\/taormina-fr\/tous-les-circuits-et-activites-prives-taormina\/excursion-privee-a-catane-depuis-taormine\/\",\"url\":\"https:\/\/tourtravelandmore.com\/fr\/tours\/italie-fr\/taormina-fr\/tous-les-circuits-et-activites-prives-taormina\/excursion-privee-a-catane-depuis-taormine\/\",\"name\":\"\u27a1\ufe0f Private Tour to Catania from Taormina with Tour Travel and More\",\"isPartOf\":{\"@id\":\"https:\/\/tourtravelandmore.com\/fr\/#website\"},\"primaryImageOfPage\":{\"@id\":\"https:\/\/tourtravelandmore.com\/fr\/tours\/italie-fr\/taormina-fr\/tous-les-circuits-et-activites-prives-taormina\/excursion-privee-a-catane-depuis-taormine\/#primaryimage\"},\"image\":{\"@id\":\"https:\/\/tourtravelandmore.com\/fr\/tours\/italie-fr\/taormina-fr\/tous-les-circuits-et-activites-prives-taormina\/excursion-privee-a-catane-depuis-taormine\/#primaryimage\"},\"thumbnailUrl\":\"https:\/\/tourtravelandmore.com\/wp-content\/uploads\/2023\/04\/image4-4.jpg\",\"datePublished\":\"2023-04-01T00:52:20+00:00\",\"dateModified\":\"2023-04-15T05:08:23+00:00\",\"description\":\"D\u00e9couvrez la captivante ville de Catane lors d'une visite priv\u00e9e de 6 heures au d\u00e9part de Taormine, en explorant les sites embl\u00e9matiques et les joyaux cach\u00e9s avec Tour Travel and More \u2705.\",\"breadcrumb\":{\"@id\":\"https:\/\/tourtravelandmore.com\/fr\/tours\/italie-fr\/taormina-fr\/tous-les-circuits-et-activites-prives-taormina\/excursion-privee-a-catane-depuis-taormine\/#breadcrumb\"},\"inLanguage\":\"fr-FR\",\"potentialAction\":[{\"@type\":\"ReadAction\",\"target\":[\"https:\/\/tourtravelandmore.com\/fr\/tours\/italie-fr\/taormina-fr\/tous-les-circuits-et-activites-prives-taormina\/excursion-privee-a-catane-depuis-taormine\/\"]}]},{\"@type\":\"ImageObject\",\"inLanguage\":\"fr-FR\",\"@id\":\"https:\/\/tourtravelandmore.com\/fr\/tours\/italie-fr\/taormina-fr\/tous-les-circuits-et-activites-prives-taormina\/excursion-privee-a-catane-depuis-taormine\/#primaryimage\",\"url\":\"https:\/\/tourtravelandmore.com\/wp-content\/uploads\/2023\/04\/image4-4.jpg\",\"contentUrl\":\"https:\/\/tourtravelandmore.com\/wp-content\/uploads\/2023\/04\/image4-4.jpg\",\"width\":950,\"height\":750},{\"@type\":\"BreadcrumbList\",\"@id\":\"https:\/\/tourtravelandmore.com\/fr\/tours\/italie-fr\/taormina-fr\/tous-les-circuits-et-activites-prives-taormina\/excursion-privee-a-catane-depuis-taormine\/#breadcrumb\",\"itemListElement\":[{\"@type\":\"ListItem\",\"position\":1,\"name\":\"Home\",\"item\":\"https:\/\/tourtravelandmore.com\/fr\/\"},{\"@type\":\"ListItem\",\"position\":2,\"name\":\"Tours\",\"item\":\"https:\/\/tourtravelandmore.com\/fr\/tours\/\"},{\"@type\":\"ListItem\",\"position\":3,\"name\":\"Excursion priv\u00e9e \u00e0 Catane depuis Taormine\"}]},{\"@type\":\"WebSite\",\"@id\":\"https:\/\/tourtravelandmore.com\/fr\/#website\",\"url\":\"https:\/\/tourtravelandmore.com\/fr\/\",\"name\":\"Tour Travel And More\",\"description\":\"Private sightseeing tours and luxury transfers in Spain\",\"publisher\":{\"@id\":\"https:\/\/tourtravelandmore.com\/fr\/#organization\"},\"potentialAction\":[{\"@type\":\"SearchAction\",\"target\":{\"@type\":\"EntryPoint\",\"urlTemplate\":\"https:\/\/tourtravelandmore.com\/fr\/?s={search_term_string}\"},\"query-input\":{\"@type\":\"PropertyValueSpecification\",\"valueRequired\":true,\"valueName\":\"search_term_string\"}}],\"inLanguage\":\"fr-FR\"},{\"@type\":\"Organization\",\"@id\":\"https:\/\/tourtravelandmore.com\/fr\/#organization\",\"name\":\"Tour Travel And More\",\"url\":\"https:\/\/tourtravelandmore.com\/fr\/\",\"logo\":{\"@type\":\"ImageObject\",\"inLanguage\":\"fr-FR\",\"@id\":\"https:\/\/tourtravelandmore.com\/fr\/#\/schema\/logo\/image\/\",\"url\":\"https:\/\/tourtravelandmore.com\/wp-content\/uploads\/2022\/12\/cropped-logo-cabecera-new.png\",\"contentUrl\":\"https:\/\/tourtravelandmore.com\/wp-content\/uploads\/2022\/12\/cropped-logo-cabecera-new.png\",\"width\":430,\"height\":61,\"caption\":\"Tour Travel And More\"},\"image\":{\"@id\":\"https:\/\/tourtravelandmore.com\/fr\/#\/schema\/logo\/image\/\"},\"sameAs\":[\"https:\/\/www.facebook.com\/tourtravelandmore\/\",\"https:\/\/x.com\/TourTravel_More\"]}]}<\/script>\n<!-- \/ Yoast SEO Premium plugin. -->","yoast_head_json":{"title":"\u27a1\ufe0f Private Tour to Catania from Taormina with Tour Travel and More","description":"D\u00e9couvrez la captivante ville de Catane lors d'une visite priv\u00e9e de 6 heures au d\u00e9part de Taormine, en explorant les sites embl\u00e9matiques et les joyaux cach\u00e9s avec Tour Travel and More \u2705.","robots":{"index":"index","follow":"follow","max-snippet":"max-snippet:-1","max-image-preview":"max-image-preview:large","max-video-preview":"max-video-preview:-1"},"canonical":"https:\/\/tourtravelandmore.com\/fr\/tours\/italie-fr\/taormina-fr\/tous-les-circuits-et-activites-prives-taormina\/excursion-privee-a-catane-depuis-taormine\/","og_locale":"fr_FR","og_type":"article","og_title":"Excursion priv\u00e9e \u00e0 Catane depuis Taormine","og_description":"D\u00e9couvrez la captivante ville de Catane lors d'une visite priv\u00e9e de 6 heures au d\u00e9part de Taormine, en explorant les sites embl\u00e9matiques et les joyaux cach\u00e9s avec Tour Travel and More \u2705.","og_url":"https:\/\/tourtravelandmore.com\/fr\/tours\/italie-fr\/taormina-fr\/tous-les-circuits-et-activites-prives-taormina\/excursion-privee-a-catane-depuis-taormine\/","og_site_name":"Tour Travel And More","article_publisher":"https:\/\/www.facebook.com\/tourtravelandmore\/","article_modified_time":"2023-04-15T05:08:23+00:00","og_image":[{"width":950,"height":750,"url":"https:\/\/tourtravelandmore.com\/wp-content\/uploads\/2023\/04\/image4-4.jpg","type":"image\/jpeg"}],"twitter_card":"summary_large_image","twitter_site":"@TourTravel_More","twitter_misc":{"Dur\u00e9e de lecture estim\u00e9e":"4 minutes"},"schema":{"@context":"https:\/\/schema.org","@graph":[{"@type":"WebPage","@id":"https:\/\/tourtravelandmore.com\/fr\/tours\/italie-fr\/taormina-fr\/tous-les-circuits-et-activites-prives-taormina\/excursion-privee-a-catane-depuis-taormine\/","url":"https:\/\/tourtravelandmore.com\/fr\/tours\/italie-fr\/taormina-fr\/tous-les-circuits-et-activites-prives-taormina\/excursion-privee-a-catane-depuis-taormine\/","name":"\u27a1\ufe0f Private Tour to Catania from Taormina with Tour Travel and More","isPartOf":{"@id":"https:\/\/tourtravelandmore.com\/fr\/#website"},"primaryImageOfPage":{"@id":"https:\/\/tourtravelandmore.com\/fr\/tours\/italie-fr\/taormina-fr\/tous-les-circuits-et-activites-prives-taormina\/excursion-privee-a-catane-depuis-taormine\/#primaryimage"},"image":{"@id":"https:\/\/tourtravelandmore.com\/fr\/tours\/italie-fr\/taormina-fr\/tous-les-circuits-et-activites-prives-taormina\/excursion-privee-a-catane-depuis-taormine\/#primaryimage"},"thumbnailUrl":"https:\/\/tourtravelandmore.com\/wp-content\/uploads\/2023\/04\/image4-4.jpg","datePublished":"2023-04-01T00:52:20+00:00","dateModified":"2023-04-15T05:08:23+00:00","description":"D\u00e9couvrez la captivante ville de Catane lors d'une visite priv\u00e9e de 6 heures au d\u00e9part de Taormine, en explorant les sites embl\u00e9matiques et les joyaux cach\u00e9s avec Tour Travel and More \u2705.","breadcrumb":{"@id":"https:\/\/tourtravelandmore.com\/fr\/tours\/italie-fr\/taormina-fr\/tous-les-circuits-et-activites-prives-taormina\/excursion-privee-a-catane-depuis-taormine\/#breadcrumb"},"inLanguage":"fr-FR","potentialAction":[{"@type":"ReadAction","target":["https:\/\/tourtravelandmore.com\/fr\/tours\/italie-fr\/taormina-fr\/tous-les-circuits-et-activites-prives-taormina\/excursion-privee-a-catane-depuis-taormine\/"]}]},{"@type":"ImageObject","inLanguage":"fr-FR","@id":"https:\/\/tourtravelandmore.com\/fr\/tours\/italie-fr\/taormina-fr\/tous-les-circuits-et-activites-prives-taormina\/excursion-privee-a-catane-depuis-taormine\/#primaryimage","url":"https:\/\/tourtravelandmore.com\/wp-content\/uploads\/2023\/04\/image4-4.jpg","contentUrl":"https:\/\/tourtravelandmore.com\/wp-content\/uploads\/2023\/04\/image4-4.jpg","width":950,"height":750},{"@type":"BreadcrumbList","@id":"https:\/\/tourtravelandmore.com\/fr\/tours\/italie-fr\/taormina-fr\/tous-les-circuits-et-activites-prives-taormina\/excursion-privee-a-catane-depuis-taormine\/#breadcrumb","itemListElement":[{"@type":"ListItem","position":1,"name":"Home","item":"https:\/\/tourtravelandmore.com\/fr\/"},{"@type":"ListItem","position":2,"name":"Tours","item":"https:\/\/tourtravelandmore.com\/fr\/tours\/"},{"@type":"ListItem","position":3,"name":"Excursion priv\u00e9e \u00e0 Catane depuis Taormine"}]},{"@type":"WebSite","@id":"https:\/\/tourtravelandmore.com\/fr\/#website","url":"https:\/\/tourtravelandmore.com\/fr\/","name":"Tour Travel And More","description":"Private sightseeing tours and luxury transfers in Spain","publisher":{"@id":"https:\/\/tourtravelandmore.com\/fr\/#organization"},"potentialAction":[{"@type":"SearchAction","target":{"@type":"EntryPoint","urlTemplate":"https:\/\/tourtravelandmore.com\/fr\/?s={search_term_string}"},"query-input":{"@type":"PropertyValueSpecification","valueRequired":true,"valueName":"search_term_string"}}],"inLanguage":"fr-FR"},{"@type":"Organization","@id":"https:\/\/tourtravelandmore.com\/fr\/#organization","name":"Tour Travel And More","url":"https:\/\/tourtravelandmore.com\/fr\/","logo":{"@type":"ImageObject","inLanguage":"fr-FR","@id":"https:\/\/tourtravelandmore.com\/fr\/#\/schema\/logo\/image\/","url":"https:\/\/tourtravelandmore.com\/wp-content\/uploads\/2022\/12\/cropped-logo-cabecera-new.png","contentUrl":"https:\/\/tourtravelandmore.com\/wp-content\/uploads\/2022\/12\/cropped-logo-cabecera-new.png","width":430,"height":61,"caption":"Tour Travel And More"},"image":{"@id":"https:\/\/tourtravelandmore.com\/fr\/#\/schema\/logo\/image\/"},"sameAs":["https:\/\/www.facebook.com\/tourtravelandmore\/","https:\/\/x.com\/TourTravel_More"]}]}},"_links":{"self":[{"href":"https:\/\/tourtravelandmore.com\/fr\/wp-json\/wp\/v2\/product\/159802","targetHints":{"allow":["GET"]}}],"collection":[{"href":"https:\/\/tourtravelandmore.com\/fr\/wp-json\/wp\/v2\/product"}],"about":[{"href":"https:\/\/tourtravelandmore.com\/fr\/wp-json\/wp\/v2\/types\/product"}],"replies":[{"embeddable":true,"href":"https:\/\/tourtravelandmore.com\/fr\/wp-json\/wp\/v2\/comments?post=159802"}],"wp:featuredmedia":[{"embeddable":true,"href":"https:\/\/tourtravelandmore.com\/fr\/wp-json\/wp\/v2\/media\/159789"}],"wp:attachment":[{"href":"https:\/\/tourtravelandmore.com\/fr\/wp-json\/wp\/v2\/media?parent=159802"}],"wp:term":[{"taxonomy":"product_brand","embeddable":true,"href":"https:\/\/tourtravelandmore.com\/fr\/wp-json\/wp\/v2\/product_brand?post=159802"},{"taxonomy":"product_cat","embeddable":true,"href":"https:\/\/tourtravelandmore.com\/fr\/wp-json\/wp\/v2\/product_cat?post=159802"},{"taxonomy":"product_tag","embeddable":true,"href":"https:\/\/tourtravelandmore.com\/fr\/wp-json\/wp\/v2\/product_tag?post=159802"}],"curies":[{"name":"wp","href":"https:\/\/api.w.org\/{rel}","templated":true}]}}