{"id":159771,"date":"2023-04-01T02:35:54","date_gmt":"2023-04-01T00:35:54","guid":{"rendered":"https:\/\/tourtravelandmore.com\/tours\/non%20class\u00e9\/transfert-prive-de-laeroport-de-catane-a-taormine\/"},"modified":"2023-04-13T10:30:33","modified_gmt":"2023-04-13T08:30:33","slug":"transfert-prive-de-laeroport-de-catane-a-taormine","status":"publish","type":"product","link":"https:\/\/tourtravelandmore.com\/fr\/tours\/italie-fr\/taormina-fr\/tous-les-circuits-et-activites-prives-taormina\/transfert-prive-de-laeroport-de-catane-a-taormine\/","title":{"rendered":"Transfert priv\u00e9 de l&#8217;a\u00e9roport de Catane \u00e0 Taormine"},"content":{"rendered":"<h2><b>Transfert priv\u00e9 de l&#8217;a\u00e9roport de Catane \u00e0 Taormine Description<\/b><\/h2>\n<p><span style=\"font-weight: 400;\">Arrivez en Sicile sans souci en r\u00e9servant un transfert priv\u00e9 de l&#8217;a\u00e9roport de Catane \u00e0 la magnifique ville c\u00f4ti\u00e8re de Taormine. Tour Travel and More met \u00e0 votre disposition un v\u00e9hicule confortable avec un chauffeur professionnel pour vous garantir un voyage sans encombre, pratique et s\u00fbr. Dites adieu au stress des transports publics et profitez des vues \u00e9poustouflantes du paysage sicilien en voyageant avec style et confort.<\/span><\/p>\n<h2><b>Transfert priv\u00e9 de l&#8217;a\u00e9roport de Catane aux points d&#8217;int\u00e9r\u00eat de Taormine<\/b><\/h2>\n<p><span style=\"font-weight: 400;\">Bien que ce service de transfert ne comprenne pas de visite guid\u00e9e, le trajet entre Catane et Taormine offre des paysages \u00e0 couper le souffle et permet d&#8217;apercevoir des sites remarquables. Gardez un \u0153il sur la v\u00e9g\u00e9tation luxuriante, les villages pittoresques et le littoral enchanteur pendant que vous vous dirigez vers votre destination.<\/span><\/p>\n<h2><b>Sites et lieux d&#8217;int\u00e9r\u00eat populaires \u00e0 Taormine<\/b><\/h2>\n<p><span style=\"font-weight: 400;\">Taormine, ville c\u00f4ti\u00e8re pittoresque de Sicile, poss\u00e8de une histoire riche, une culture dynamique et une beaut\u00e9 naturelle \u00e9poustouflante. Avec ses anciennes ruines grecques et romaines, ses rues charmantes et ses vues \u00e0 couper le souffle, Taormine est un tr\u00e9sor d&#8217;exp\u00e9riences qui ne demandent qu&#8217;\u00e0 \u00eatre d\u00e9couvertes. Explorez les sites et lieux d&#8217;int\u00e9r\u00eat les plus populaires de la ville pour un voyage inoubliable au c\u0153ur de la Sicile.<\/span><\/p>\n<h3><b>Th\u00e9\u00e2tre antique de Taormine<\/b><\/h3>\n<p><span style=\"font-weight: 400;\">Le th\u00e9\u00e2tre antique de Taormine, construit par les Grecs au IIIe si\u00e8cle avant J.-C., est un monument embl\u00e9matique qui offre une vue panoramique sur la mer Ionienne et l&#8217;Etna. Le th\u00e9\u00e2tre accueille des \u00e9v\u00e9nements, des concerts et des spectacles, ce qui en fait un centre culturel important dans la r\u00e9gion. Admirez la ma\u00eetrise architecturale de cette ancienne structure lors d&#8217;une visite guid\u00e9e qui vous fera d\u00e9couvrir son histoire, et ne manquez pas l&#8217;occasion d&#8217;assister \u00e0 un \u00e9v\u00e9nement en direct dans ce d\u00e9cor \u00e9poustouflant.<\/span><\/p>\n<h3><b>Isola Bella<\/b><\/h3>\n<p><span style=\"font-weight: 400;\">Isola Bella, une \u00eele minuscule et une r\u00e9serve naturelle, est \u00e0 visiter absolument pour ses plages magnifiques, ses eaux claires et sa vie marine dynamique. Reli\u00e9e au continent par un \u00e9troit sentier, l&#8217;\u00eele offre un cadre id\u00e9al pour la d\u00e9tente et l&#8217;exploration. Prenez un bain de soleil, nagez et faites de la plong\u00e9e avec masque et tuba dans les eaux cristallines ou faites une randonn\u00e9e dans la r\u00e9serve naturelle pour d\u00e9couvrir sa flore et sa faune uniques, tout en admirant les vues spectaculaires.<\/span><\/p>\n<h3><b>Corso Umberto<\/b><\/h3>\n<p><span style=\"font-weight: 400;\">Promenez-vous le long du charmant Corso Umberto, la rue principale de Taormine, o\u00f9 vous trouverez un grand nombre de magasins, de boutiques, de caf\u00e9s et de restaurants. Cette rue historique est bord\u00e9e de beaux b\u00e2timents, offrant aux visiteurs une d\u00e9licieuse fen\u00eatre sur le pass\u00e9 de Taormine. D\u00e9couvrez la riche histoire et la beaut\u00e9 architecturale de la ville en explorant des sites tels que la Piazza IX Aprile, le Palazzo Corvaja et la Torre dell&#8217;Orologio.<\/span><\/p>\n<h3><b>Jardins publics de Taormine<\/b><\/h3>\n<p><span style=\"font-weight: 400;\">Les jardins publics de Taormina, une oasis de verdure luxuriante au c\u0153ur de la ville, offrent une retraite paisible loin de l&#8217;agitation des rues. Avec ses paysages bien entretenus, ses sentiers pittoresques et ses vues imprenables, les jardins sont un lieu id\u00e9al pour se d\u00e9tendre et se promener. Admirez les esp\u00e8ces v\u00e9g\u00e9tales uniques et diverses, ainsi que les sculptures et monuments \u00e9l\u00e9gants, et n&#8217;oubliez pas de prendre de belles photos avec la mer et l&#8217;Etna en toile de fond.<\/span><\/p>\n<h3><b>Castelmola<\/b><\/h3>\n<p><span style=\"font-weight: 400;\">Perch\u00e9 sur une colline au-dessus de Taormine, le charmant village de Castelmola offre des vues \u00e0 couper le souffle sur la campagne et la c\u00f4te environnantes. Explorez ses rues \u00e9troites, ses sites historiques et ses boutiques locales pour vivre une exp\u00e9rience sicilienne authentique. Visitez le Castello di Mola, datant du XIIIe si\u00e8cle, savourez un vin d&#8217;amande traditionnel au Bar Turrisi et admirez les vues panoramiques depuis la Piazza Sant&#8217;Antonio, qui offre le meilleur de l&#8217;atmosph\u00e8re enchanteresse de Castelmola.<\/span><\/p>\n<h3><b>Naumachie<\/b><\/h3>\n<p><span style=\"font-weight: 400;\">La Naumachie est un site arch\u00e9ologique fascinant qui pr\u00e9sente un impressionnant mur hell\u00e9nistique-romain avec de grandes niches, construit \u00e0 l&#8217;origine pour servir de r\u00e9servoir d&#8217;eau. Cette structure antique, d&#8217;une longueur de 120 m\u00e8tres et d&#8217;une hauteur de 5 m\u00e8tres, t\u00e9moigne des remarquables capacit\u00e9s d&#8217;ing\u00e9nierie de l&#8217;\u00e9poque. Promenez-vous sur le site pour vous faire une id\u00e9e du riche pass\u00e9 de Taormine et appr\u00e9cier l&#8217;ing\u00e9niosit\u00e9 des civilisations anciennes.<\/span><\/p>\n<p>&nbsp;<\/p>\n<p><span style=\"font-weight: 400;\">Pour une exp\u00e9rience <\/span><a href=\"https:\/\/tourtravelandmore.com\/fr\/city\/italie-fr\/taormina-fr\/\"><span style=\"font-weight: 400;\">plus immersive, explorez notre liste de visites priv\u00e9es \u00e0 Taormine propos\u00e9es par Tour Travel and More.<\/span><\/a><span style=\"font-weight: 400;\"> Rendez-nous visite et d\u00e9couvrez un large \u00e9ventail d&#8217;exp\u00e9riences inoubliables adapt\u00e9es \u00e0 vos pr\u00e9f\u00e9rences.<\/span><\/p>\n","protected":false},"excerpt":{"rendered":"<p><span style=\"font-weight: 400;\">\u00a0R\u00e9servez un transfert priv\u00e9 de l&#8217;a\u00e9roport de Catane \u00e0 Taormine avec Tour Travel and More, pour un voyage confortable et sans stress, tout en profitant du paysage sicilien \u00e0 couper le souffle.<\/span><\/p>\n","protected":false},"featured_media":142989,"comment_status":"open","ping_status":"closed","template":"","meta":{"_acf_changed":false},"product_brand":[],"product_cat":[4366,4378,4308],"product_tag":[],"class_list":{"0":"post-159771","1":"product","2":"type-product","3":"status-publish","4":"has-post-thumbnail","6":"product_cat-tous-les-circuits-et-activites-prives-taormina","7":"product_cat-transferts-prives-fr-2","8":"product_cat-taormina-fr","10":"first","11":"instock","12":"shipping-taxable","13":"purchasable","14":"product-type-simple"},"acf":[],"yoast_head":"<!-- This site is optimized with the Yoast SEO Premium plugin v25.3.1 (Yoast SEO v25.3.1) - https:\/\/yoast.com\/wordpress\/plugins\/seo\/ -->\n<title>\u27a1\ufe0f Private Transfer from Catania Airport to Taormina | Tour Travel and More<\/title>\n<meta name=\"description\" content=\"R\u00e9servez un transfert priv\u00e9 de l&#039;a\u00e9roport de Catane \u00e0 Taormine avec Tour Travel and More. Profitez d&#039;un voyage sans stress et du magnifique paysage sicilien. R\u00e9servez d\u00e8s maintenant ! \u2705\" \/>\n<meta name=\"robots\" content=\"index, follow, max-snippet:-1, max-image-preview:large, max-video-preview:-1\" \/>\n<link rel=\"canonical\" href=\"https:\/\/tourtravelandmore.com\/fr\/tours\/italie-fr\/taormina-fr\/tous-les-circuits-et-activites-prives-taormina\/transfert-prive-de-laeroport-de-catane-a-taormine\/\" \/>\n<meta property=\"og:locale\" content=\"fr_FR\" \/>\n<meta property=\"og:type\" content=\"article\" \/>\n<meta property=\"og:title\" content=\"Transfert priv\u00e9 de l&#039;a\u00e9roport de Catane \u00e0 Taormine\" \/>\n<meta property=\"og:description\" content=\"R\u00e9servez un transfert priv\u00e9 de l&#039;a\u00e9roport de Catane \u00e0 Taormine avec Tour Travel and More. Profitez d&#039;un voyage sans stress et du magnifique paysage sicilien. R\u00e9servez d\u00e8s maintenant ! \u2705\" \/>\n<meta property=\"og:url\" content=\"https:\/\/tourtravelandmore.com\/fr\/tours\/italie-fr\/taormina-fr\/tous-les-circuits-et-activites-prives-taormina\/transfert-prive-de-laeroport-de-catane-a-taormine\/\" \/>\n<meta property=\"og:site_name\" content=\"Tour Travel And More\" \/>\n<meta property=\"article:publisher\" content=\"https:\/\/www.facebook.com\/tourtravelandmore\/\" \/>\n<meta property=\"article:modified_time\" content=\"2023-04-13T08:30:33+00:00\" \/>\n<meta property=\"og:image\" content=\"https:\/\/tourtravelandmore.com\/wp-content\/uploads\/2019\/10\/58.jpg\" \/>\n\t<meta property=\"og:image:width\" content=\"720\" \/>\n\t<meta property=\"og:image:height\" content=\"480\" \/>\n\t<meta property=\"og:image:type\" content=\"image\/jpeg\" \/>\n<meta name=\"twitter:card\" content=\"summary_large_image\" \/>\n<meta name=\"twitter:site\" content=\"@TourTravel_More\" \/>\n<meta name=\"twitter:label1\" content=\"Dur\u00e9e de lecture estim\u00e9e\" \/>\n\t<meta name=\"twitter:data1\" content=\"4 minutes\" \/>\n<script type=\"application\/ld+json\" class=\"yoast-schema-graph\">{\"@context\":\"https:\/\/schema.org\",\"@graph\":[{\"@type\":\"WebPage\",\"@id\":\"https:\/\/tourtravelandmore.com\/fr\/tours\/italie-fr\/taormina-fr\/tous-les-circuits-et-activites-prives-taormina\/transfert-prive-de-laeroport-de-catane-a-taormine\/\",\"url\":\"https:\/\/tourtravelandmore.com\/fr\/tours\/italie-fr\/taormina-fr\/tous-les-circuits-et-activites-prives-taormina\/transfert-prive-de-laeroport-de-catane-a-taormine\/\",\"name\":\"\u27a1\ufe0f Private Transfer from Catania Airport to Taormina | Tour Travel and More\",\"isPartOf\":{\"@id\":\"https:\/\/tourtravelandmore.com\/fr\/#website\"},\"primaryImageOfPage\":{\"@id\":\"https:\/\/tourtravelandmore.com\/fr\/tours\/italie-fr\/taormina-fr\/tous-les-circuits-et-activites-prives-taormina\/transfert-prive-de-laeroport-de-catane-a-taormine\/#primaryimage\"},\"image\":{\"@id\":\"https:\/\/tourtravelandmore.com\/fr\/tours\/italie-fr\/taormina-fr\/tous-les-circuits-et-activites-prives-taormina\/transfert-prive-de-laeroport-de-catane-a-taormine\/#primaryimage\"},\"thumbnailUrl\":\"https:\/\/tourtravelandmore.com\/wp-content\/uploads\/2019\/10\/58.jpg\",\"datePublished\":\"2023-04-01T00:35:54+00:00\",\"dateModified\":\"2023-04-13T08:30:33+00:00\",\"description\":\"R\u00e9servez un transfert priv\u00e9 de l'a\u00e9roport de Catane \u00e0 Taormine avec Tour Travel and More. Profitez d'un voyage sans stress et du magnifique paysage sicilien. R\u00e9servez d\u00e8s maintenant ! \u2705\",\"breadcrumb\":{\"@id\":\"https:\/\/tourtravelandmore.com\/fr\/tours\/italie-fr\/taormina-fr\/tous-les-circuits-et-activites-prives-taormina\/transfert-prive-de-laeroport-de-catane-a-taormine\/#breadcrumb\"},\"inLanguage\":\"fr-FR\",\"potentialAction\":[{\"@type\":\"ReadAction\",\"target\":[\"https:\/\/tourtravelandmore.com\/fr\/tours\/italie-fr\/taormina-fr\/tous-les-circuits-et-activites-prives-taormina\/transfert-prive-de-laeroport-de-catane-a-taormine\/\"]}]},{\"@type\":\"ImageObject\",\"inLanguage\":\"fr-FR\",\"@id\":\"https:\/\/tourtravelandmore.com\/fr\/tours\/italie-fr\/taormina-fr\/tous-les-circuits-et-activites-prives-taormina\/transfert-prive-de-laeroport-de-catane-a-taormine\/#primaryimage\",\"url\":\"https:\/\/tourtravelandmore.com\/wp-content\/uploads\/2019\/10\/58.jpg\",\"contentUrl\":\"https:\/\/tourtravelandmore.com\/wp-content\/uploads\/2019\/10\/58.jpg\",\"width\":720,\"height\":480},{\"@type\":\"BreadcrumbList\",\"@id\":\"https:\/\/tourtravelandmore.com\/fr\/tours\/italie-fr\/taormina-fr\/tous-les-circuits-et-activites-prives-taormina\/transfert-prive-de-laeroport-de-catane-a-taormine\/#breadcrumb\",\"itemListElement\":[{\"@type\":\"ListItem\",\"position\":1,\"name\":\"Home\",\"item\":\"https:\/\/tourtravelandmore.com\/fr\/\"},{\"@type\":\"ListItem\",\"position\":2,\"name\":\"Tours\",\"item\":\"https:\/\/tourtravelandmore.com\/fr\/tours\/\"},{\"@type\":\"ListItem\",\"position\":3,\"name\":\"Transfert priv\u00e9 de l&rsquo;a\u00e9roport de Catane \u00e0 Taormine\"}]},{\"@type\":\"WebSite\",\"@id\":\"https:\/\/tourtravelandmore.com\/fr\/#website\",\"url\":\"https:\/\/tourtravelandmore.com\/fr\/\",\"name\":\"Tour Travel And More\",\"description\":\"Private sightseeing tours and luxury transfers in Spain\",\"publisher\":{\"@id\":\"https:\/\/tourtravelandmore.com\/fr\/#organization\"},\"potentialAction\":[{\"@type\":\"SearchAction\",\"target\":{\"@type\":\"EntryPoint\",\"urlTemplate\":\"https:\/\/tourtravelandmore.com\/fr\/?s={search_term_string}\"},\"query-input\":{\"@type\":\"PropertyValueSpecification\",\"valueRequired\":true,\"valueName\":\"search_term_string\"}}],\"inLanguage\":\"fr-FR\"},{\"@type\":\"Organization\",\"@id\":\"https:\/\/tourtravelandmore.com\/fr\/#organization\",\"name\":\"Tour Travel And More\",\"url\":\"https:\/\/tourtravelandmore.com\/fr\/\",\"logo\":{\"@type\":\"ImageObject\",\"inLanguage\":\"fr-FR\",\"@id\":\"https:\/\/tourtravelandmore.com\/fr\/#\/schema\/logo\/image\/\",\"url\":\"https:\/\/tourtravelandmore.com\/wp-content\/uploads\/2022\/12\/cropped-logo-cabecera-new.png\",\"contentUrl\":\"https:\/\/tourtravelandmore.com\/wp-content\/uploads\/2022\/12\/cropped-logo-cabecera-new.png\",\"width\":430,\"height\":61,\"caption\":\"Tour Travel And More\"},\"image\":{\"@id\":\"https:\/\/tourtravelandmore.com\/fr\/#\/schema\/logo\/image\/\"},\"sameAs\":[\"https:\/\/www.facebook.com\/tourtravelandmore\/\",\"https:\/\/x.com\/TourTravel_More\"]}]}<\/script>\n<!-- \/ Yoast SEO Premium plugin. -->","yoast_head_json":{"title":"\u27a1\ufe0f Private Transfer from Catania Airport to Taormina | Tour Travel and More","description":"R\u00e9servez un transfert priv\u00e9 de l'a\u00e9roport de Catane \u00e0 Taormine avec Tour Travel and More. Profitez d'un voyage sans stress et du magnifique paysage sicilien. R\u00e9servez d\u00e8s maintenant ! \u2705","robots":{"index":"index","follow":"follow","max-snippet":"max-snippet:-1","max-image-preview":"max-image-preview:large","max-video-preview":"max-video-preview:-1"},"canonical":"https:\/\/tourtravelandmore.com\/fr\/tours\/italie-fr\/taormina-fr\/tous-les-circuits-et-activites-prives-taormina\/transfert-prive-de-laeroport-de-catane-a-taormine\/","og_locale":"fr_FR","og_type":"article","og_title":"Transfert priv\u00e9 de l'a\u00e9roport de Catane \u00e0 Taormine","og_description":"R\u00e9servez un transfert priv\u00e9 de l'a\u00e9roport de Catane \u00e0 Taormine avec Tour Travel and More. Profitez d'un voyage sans stress et du magnifique paysage sicilien. R\u00e9servez d\u00e8s maintenant ! \u2705","og_url":"https:\/\/tourtravelandmore.com\/fr\/tours\/italie-fr\/taormina-fr\/tous-les-circuits-et-activites-prives-taormina\/transfert-prive-de-laeroport-de-catane-a-taormine\/","og_site_name":"Tour Travel And More","article_publisher":"https:\/\/www.facebook.com\/tourtravelandmore\/","article_modified_time":"2023-04-13T08:30:33+00:00","og_image":[{"width":720,"height":480,"url":"https:\/\/tourtravelandmore.com\/wp-content\/uploads\/2019\/10\/58.jpg","type":"image\/jpeg"}],"twitter_card":"summary_large_image","twitter_site":"@TourTravel_More","twitter_misc":{"Dur\u00e9e de lecture estim\u00e9e":"4 minutes"},"schema":{"@context":"https:\/\/schema.org","@graph":[{"@type":"WebPage","@id":"https:\/\/tourtravelandmore.com\/fr\/tours\/italie-fr\/taormina-fr\/tous-les-circuits-et-activites-prives-taormina\/transfert-prive-de-laeroport-de-catane-a-taormine\/","url":"https:\/\/tourtravelandmore.com\/fr\/tours\/italie-fr\/taormina-fr\/tous-les-circuits-et-activites-prives-taormina\/transfert-prive-de-laeroport-de-catane-a-taormine\/","name":"\u27a1\ufe0f Private Transfer from Catania Airport to Taormina | Tour Travel and More","isPartOf":{"@id":"https:\/\/tourtravelandmore.com\/fr\/#website"},"primaryImageOfPage":{"@id":"https:\/\/tourtravelandmore.com\/fr\/tours\/italie-fr\/taormina-fr\/tous-les-circuits-et-activites-prives-taormina\/transfert-prive-de-laeroport-de-catane-a-taormine\/#primaryimage"},"image":{"@id":"https:\/\/tourtravelandmore.com\/fr\/tours\/italie-fr\/taormina-fr\/tous-les-circuits-et-activites-prives-taormina\/transfert-prive-de-laeroport-de-catane-a-taormine\/#primaryimage"},"thumbnailUrl":"https:\/\/tourtravelandmore.com\/wp-content\/uploads\/2019\/10\/58.jpg","datePublished":"2023-04-01T00:35:54+00:00","dateModified":"2023-04-13T08:30:33+00:00","description":"R\u00e9servez un transfert priv\u00e9 de l'a\u00e9roport de Catane \u00e0 Taormine avec Tour Travel and More. Profitez d'un voyage sans stress et du magnifique paysage sicilien. R\u00e9servez d\u00e8s maintenant ! \u2705","breadcrumb":{"@id":"https:\/\/tourtravelandmore.com\/fr\/tours\/italie-fr\/taormina-fr\/tous-les-circuits-et-activites-prives-taormina\/transfert-prive-de-laeroport-de-catane-a-taormine\/#breadcrumb"},"inLanguage":"fr-FR","potentialAction":[{"@type":"ReadAction","target":["https:\/\/tourtravelandmore.com\/fr\/tours\/italie-fr\/taormina-fr\/tous-les-circuits-et-activites-prives-taormina\/transfert-prive-de-laeroport-de-catane-a-taormine\/"]}]},{"@type":"ImageObject","inLanguage":"fr-FR","@id":"https:\/\/tourtravelandmore.com\/fr\/tours\/italie-fr\/taormina-fr\/tous-les-circuits-et-activites-prives-taormina\/transfert-prive-de-laeroport-de-catane-a-taormine\/#primaryimage","url":"https:\/\/tourtravelandmore.com\/wp-content\/uploads\/2019\/10\/58.jpg","contentUrl":"https:\/\/tourtravelandmore.com\/wp-content\/uploads\/2019\/10\/58.jpg","width":720,"height":480},{"@type":"BreadcrumbList","@id":"https:\/\/tourtravelandmore.com\/fr\/tours\/italie-fr\/taormina-fr\/tous-les-circuits-et-activites-prives-taormina\/transfert-prive-de-laeroport-de-catane-a-taormine\/#breadcrumb","itemListElement":[{"@type":"ListItem","position":1,"name":"Home","item":"https:\/\/tourtravelandmore.com\/fr\/"},{"@type":"ListItem","position":2,"name":"Tours","item":"https:\/\/tourtravelandmore.com\/fr\/tours\/"},{"@type":"ListItem","position":3,"name":"Transfert priv\u00e9 de l&rsquo;a\u00e9roport de Catane \u00e0 Taormine"}]},{"@type":"WebSite","@id":"https:\/\/tourtravelandmore.com\/fr\/#website","url":"https:\/\/tourtravelandmore.com\/fr\/","name":"Tour Travel And More","description":"Private sightseeing tours and luxury transfers in Spain","publisher":{"@id":"https:\/\/tourtravelandmore.com\/fr\/#organization"},"potentialAction":[{"@type":"SearchAction","target":{"@type":"EntryPoint","urlTemplate":"https:\/\/tourtravelandmore.com\/fr\/?s={search_term_string}"},"query-input":{"@type":"PropertyValueSpecification","valueRequired":true,"valueName":"search_term_string"}}],"inLanguage":"fr-FR"},{"@type":"Organization","@id":"https:\/\/tourtravelandmore.com\/fr\/#organization","name":"Tour Travel And More","url":"https:\/\/tourtravelandmore.com\/fr\/","logo":{"@type":"ImageObject","inLanguage":"fr-FR","@id":"https:\/\/tourtravelandmore.com\/fr\/#\/schema\/logo\/image\/","url":"https:\/\/tourtravelandmore.com\/wp-content\/uploads\/2022\/12\/cropped-logo-cabecera-new.png","contentUrl":"https:\/\/tourtravelandmore.com\/wp-content\/uploads\/2022\/12\/cropped-logo-cabecera-new.png","width":430,"height":61,"caption":"Tour Travel And More"},"image":{"@id":"https:\/\/tourtravelandmore.com\/fr\/#\/schema\/logo\/image\/"},"sameAs":["https:\/\/www.facebook.com\/tourtravelandmore\/","https:\/\/x.com\/TourTravel_More"]}]}},"_links":{"self":[{"href":"https:\/\/tourtravelandmore.com\/fr\/wp-json\/wp\/v2\/product\/159771","targetHints":{"allow":["GET"]}}],"collection":[{"href":"https:\/\/tourtravelandmore.com\/fr\/wp-json\/wp\/v2\/product"}],"about":[{"href":"https:\/\/tourtravelandmore.com\/fr\/wp-json\/wp\/v2\/types\/product"}],"replies":[{"embeddable":true,"href":"https:\/\/tourtravelandmore.com\/fr\/wp-json\/wp\/v2\/comments?post=159771"}],"wp:featuredmedia":[{"embeddable":true,"href":"https:\/\/tourtravelandmore.com\/fr\/wp-json\/wp\/v2\/media\/142989"}],"wp:attachment":[{"href":"https:\/\/tourtravelandmore.com\/fr\/wp-json\/wp\/v2\/media?parent=159771"}],"wp:term":[{"taxonomy":"product_brand","embeddable":true,"href":"https:\/\/tourtravelandmore.com\/fr\/wp-json\/wp\/v2\/product_brand?post=159771"},{"taxonomy":"product_cat","embeddable":true,"href":"https:\/\/tourtravelandmore.com\/fr\/wp-json\/wp\/v2\/product_cat?post=159771"},{"taxonomy":"product_tag","embeddable":true,"href":"https:\/\/tourtravelandmore.com\/fr\/wp-json\/wp\/v2\/product_tag?post=159771"}],"curies":[{"name":"wp","href":"https:\/\/api.w.org\/{rel}","templated":true}]}}