{"id":159741,"date":"2023-04-01T02:18:47","date_gmt":"2023-04-01T00:18:47","guid":{"rendered":"https:\/\/tourtravelandmore.com\/tours\/non%20class\u00e9\/visite-privee-de-messine-et-taormine-au-depart-de-taormine\/"},"modified":"2023-09-16T15:49:55","modified_gmt":"2023-09-16T13:49:55","slug":"visite-privee-de-messine-et-taormine-au-depart-de-taormine","status":"publish","type":"product","link":"https:\/\/tourtravelandmore.com\/fr\/tours\/italie-fr\/taormina-fr\/tous-les-circuits-et-activites-prives-taormina\/visite-privee-de-messine-et-taormine-au-depart-de-taormine\/","title":{"rendered":"Visite priv\u00e9e de Messine et Taormine au d\u00e9part de Taormine"},"content":{"rendered":"<h2><b>Visite priv\u00e9e de Messine et Taormine au d\u00e9part de Taormine Description<\/b><\/h2>\n<p><span style=\"font-weight: 400;\">Embarquez pour un voyage inoubliable de 8 heures \u00e0 la d\u00e9couverte des villes enchanteresses de Messine et Taormine. Dans le confort d&#8217;un v\u00e9hicule priv\u00e9 et sous la conduite experte d&#8217;un chauffeur-guide professionnel, vous d\u00e9couvrirez la riche histoire, les vues \u00e9poustouflantes et la culture vibrante de ces destinations siciliennes renomm\u00e9es. Cette visite exclusive est adapt\u00e9e \u00e0 vos pr\u00e9f\u00e9rences, ce qui vous garantit une exp\u00e9rience personnalis\u00e9e et m\u00e9morable. Plongez dans les histoires et l\u00e9gendes fascinantes qui entourent ces villes, et appr\u00e9ciez la cuisine locale exquise en explorant les march\u00e9s anim\u00e9s et les charmants restaurants. De l&#8217;architecture impressionnante aux paysages naturels \u00e0 couper le souffle, cette visite compl\u00e8te constitue une introduction in\u00e9gal\u00e9e au charme captivant de Messine et de Taormine.<\/span><\/p>\n<h2><b>Visite priv\u00e9e de Messine et Taormine \u00e0 partir des points d&#8217;int\u00e9r\u00eat de Taormine<\/b><\/h2>\n<p><span style=\"font-weight: 400;\">L&#8217;excursion priv\u00e9e de Messine et Taormine offre une opportunit\u00e9 incroyable d&#8217;explorer certains des sites les plus captivants de Sicile. \u00c9merveillez-vous devant les chefs-d&#8217;\u0153uvre architecturaux, les ruines anciennes et les vues panoramiques qui d\u00e9finissent ces belles villes. Notre itin\u00e9raire soigneusement con\u00e7u met en lumi\u00e8re les attractions incontournables et les joyaux cach\u00e9s, pour une exp\u00e9rience compl\u00e8te et captivante.<\/span><\/p>\n<h3><b>Cath\u00e9drale de Messine<\/b><\/h3>\n<p><span style=\"font-weight: 400;\">La cath\u00e9drale de Messine est un magnifique exemple d&#8217;architecture sicilienne, m\u00ealant les styles normand, gothique et baroque. Cette \u00e9glise historique a r\u00e9sist\u00e9 \u00e0 de nombreux tremblements de terre et a \u00e9t\u00e9 reconstruite \u00e0 plusieurs reprises, tout en conservant sa splendeur d&#8217;origine. Ses mosa\u00efques complexes, ses sculptures \u00e9labor\u00e9es et l&#8217;horloge astronomique la plus grande du monde font de la cath\u00e9drale une destination incontournable. En outre, la cath\u00e9drale abrite une impressionnante collection d&#8217;art religieux, ainsi que les tombes de plusieurs personnages historiques notables, ce qui donne un aper\u00e7u fascinant de l&#8217;h\u00e9ritage culturel de la r\u00e9gion.<\/span><\/p>\n<h3><b>Le th\u00e9\u00e2tre antique de Taormine<\/b><\/h3>\n<p><span style=\"font-weight: 400;\">Perch\u00e9 au-dessus de la mer Ionienne, le th\u00e9\u00e2tre antique de Taormine offre des vues \u00e0 couper le souffle et d&#8217;impressionnantes ruines gr\u00e9co-romaines. Cet amphith\u00e9\u00e2tre du IIIe si\u00e8cle avant J.-C. est encore utilis\u00e9 aujourd&#8217;hui pour accueillir divers spectacles et \u00e9v\u00e9nements. Son cadre \u00e9poustouflant et sa riche histoire en font une attraction populaire pour les touristes et les habitants de la r\u00e9gion. En explorant les pierres anciennes du th\u00e9\u00e2tre, vous pouvez presque sentir la pr\u00e9sence du pass\u00e9, des repr\u00e9sentations passionn\u00e9es des trag\u00e9dies grecques aux spectacles palpitants des jeux de gladiateurs romains. Le th\u00e9\u00e2tre offre \u00e9galement des vues incroyables sur l&#8217;Etna et le paysage environnant, ce qui en fait une exp\u00e9rience inoubliable.<\/span><\/p>\n<h3><b>Corso Umberto<\/b><\/h3>\n<p><span style=\"font-weight: 400;\">Corso Umberto est le c\u0153ur vibrant de Taormine, une rue pi\u00e9tonne anim\u00e9e bord\u00e9e de charmantes boutiques, de caf\u00e9s et de sites historiques. Explorez les boutiques color\u00e9es, laissez-vous tenter par la cuisine locale et admirez l&#8217;architecture m\u00e9di\u00e9vale. Cette art\u00e8re anim\u00e9e est un \u00e9l\u00e9ment essentiel de toute visite \u00e0 Taormine. En vous promenant sur le Corso Umberto, vous d\u00e9couvrirez \u00e9galement de belles \u00e9glises, des jardins luxuriants et des sites arch\u00e9ologiques fascinants, qui t\u00e9moignent tous du riche pass\u00e9 de la ville. De plus, la rue accueille souvent des festivals et des \u00e9v\u00e9nements sp\u00e9ciaux, ce qui ajoute une atmosph\u00e8re anim\u00e9e \u00e0 votre visite.<\/span><\/p>\n<h3><b>Castelmola<\/b><\/h3>\n<p><span style=\"font-weight: 400;\">Castelmola est un pittoresque village m\u00e9di\u00e9val perch\u00e9 au sommet d&#8217;une colline rocheuse, juste au-dessus de Taormine. Offrant une vue panoramique sur la mer Ionienne, l&#8217;Etna et la campagne environnante, ce charmant village est connu pour ses rues pav\u00e9es \u00e9troites, ses b\u00e2timents historiques et son atmosph\u00e8re accueillante. En vous promenant dans le village, vous d\u00e9couvrirez les ruines d&#8217;un ch\u00e2teau normand, l&#8217;\u00e9glise de San Giorgio, ainsi qu&#8217;une vari\u00e9t\u00e9 de boutiques locales et de restaurants proposant des produits et une cuisine siciliens traditionnels. L&#8217;emplacement unique de Castelmola, sa riche histoire et ses panoramas \u00e9poustouflants en font une destination \u00e0 ne pas manquer lors de votre visite de Messine et Taormine.<\/span><\/p>\n<p><span style=\"font-weight: 400;\">Tour Travel and More propose un large \u00e9ventail de visites priv\u00e9es adapt\u00e9es \u00e0 vos int\u00e9r\u00eats et \u00e0 vos besoins. Visitez notre site Web pour consulter notre longue liste de visites \u00e0 Taormine et ailleurs. <\/span><a href=\"https:\/\/tourtravelandmore.com\/fr\/city\/italie-fr\/taormina-fr\/\"><span style=\"font-weight: 400;\">D\u00e9couvrez le meilleur de la Sicile avec nos guides experts et nos itin\u00e9raires personnalisables.<\/span><\/a><\/p>\n","protected":false},"excerpt":{"rendered":"<p><span style=\"font-weight: 400;\">D\u00e9couvrez le charme et l&#8217;histoire de Messine et de Taormine lors d&#8217;une visite priv\u00e9e exclusive de 8 heures. Explorez des sites captivants et admirez des vues \u00e0 couper le souffle gr\u00e2ce aux conseils d&#8217;un chauffeur-guide professionnel.<\/span><\/p>\n","protected":false},"featured_media":159728,"comment_status":"open","ping_status":"closed","template":"","meta":{"_acf_changed":false},"product_brand":[],"product_cat":[4366,4376,4308],"product_tag":[],"class_list":{"0":"post-159741","1":"product","2":"type-product","3":"status-publish","4":"has-post-thumbnail","6":"product_cat-tous-les-circuits-et-activites-prives-taormina","7":"product_cat-visites-guidees-privees-fr-4","8":"product_cat-taormina-fr","10":"first","11":"instock","12":"shipping-taxable","13":"purchasable","14":"product-type-simple"},"acf":[],"yoast_head":"<!-- This site is optimized with the Yoast SEO Premium plugin v25.3.1 (Yoast SEO v25.3.1) - https:\/\/yoast.com\/wordpress\/plugins\/seo\/ -->\n<title>\u27a1\ufe0f Private Tour of Messina and Taormina from Taormina with Tour Travel and More<\/title>\n<meta name=\"description\" content=\"Explorez les villes captivantes de Messine et Taormine lors d&#039;une visite priv\u00e9e de 8 heures. D\u00e9couvrez des chefs-d&#039;\u0153uvre architecturaux, des ruines anciennes et des rues anim\u00e9es avec Tour Travel and More \u2705.\" \/>\n<meta name=\"robots\" content=\"index, follow, max-snippet:-1, max-image-preview:large, max-video-preview:-1\" \/>\n<link rel=\"canonical\" href=\"https:\/\/tourtravelandmore.com\/fr\/tours\/italie-fr\/taormina-fr\/tous-les-circuits-et-activites-prives-taormina\/visite-privee-de-messine-et-taormine-au-depart-de-taormine\/\" \/>\n<meta property=\"og:locale\" content=\"fr_FR\" \/>\n<meta property=\"og:type\" content=\"article\" \/>\n<meta property=\"og:title\" content=\"Visite priv\u00e9e de Messine et Taormine au d\u00e9part de Taormine\" \/>\n<meta property=\"og:description\" content=\"Explorez les villes captivantes de Messine et Taormine lors d&#039;une visite priv\u00e9e de 8 heures. D\u00e9couvrez des chefs-d&#039;\u0153uvre architecturaux, des ruines anciennes et des rues anim\u00e9es avec Tour Travel and More \u2705.\" \/>\n<meta property=\"og:url\" content=\"https:\/\/tourtravelandmore.com\/fr\/tours\/italie-fr\/taormina-fr\/tous-les-circuits-et-activites-prives-taormina\/visite-privee-de-messine-et-taormine-au-depart-de-taormine\/\" \/>\n<meta property=\"og:site_name\" content=\"Tour Travel And More\" \/>\n<meta property=\"article:publisher\" content=\"https:\/\/www.facebook.com\/tourtravelandmore\/\" \/>\n<meta property=\"article:modified_time\" content=\"2023-09-16T13:49:55+00:00\" \/>\n<meta property=\"og:image\" content=\"https:\/\/tourtravelandmore.com\/wp-content\/uploads\/2023\/04\/image4-2.jpg\" \/>\n\t<meta property=\"og:image:width\" content=\"950\" \/>\n\t<meta property=\"og:image:height\" content=\"750\" \/>\n\t<meta property=\"og:image:type\" content=\"image\/jpeg\" \/>\n<meta name=\"twitter:card\" content=\"summary_large_image\" \/>\n<meta name=\"twitter:site\" content=\"@TourTravel_More\" \/>\n<meta name=\"twitter:label1\" content=\"Dur\u00e9e de lecture estim\u00e9e\" \/>\n\t<meta name=\"twitter:data1\" content=\"4 minutes\" \/>\n<script type=\"application\/ld+json\" class=\"yoast-schema-graph\">{\"@context\":\"https:\/\/schema.org\",\"@graph\":[{\"@type\":\"WebPage\",\"@id\":\"https:\/\/tourtravelandmore.com\/fr\/tours\/italie-fr\/taormina-fr\/tous-les-circuits-et-activites-prives-taormina\/visite-privee-de-messine-et-taormine-au-depart-de-taormine\/\",\"url\":\"https:\/\/tourtravelandmore.com\/fr\/tours\/italie-fr\/taormina-fr\/tous-les-circuits-et-activites-prives-taormina\/visite-privee-de-messine-et-taormine-au-depart-de-taormine\/\",\"name\":\"\u27a1\ufe0f Private Tour of Messina and Taormina from Taormina with Tour Travel and More\",\"isPartOf\":{\"@id\":\"https:\/\/tourtravelandmore.com\/fr\/#website\"},\"primaryImageOfPage\":{\"@id\":\"https:\/\/tourtravelandmore.com\/fr\/tours\/italie-fr\/taormina-fr\/tous-les-circuits-et-activites-prives-taormina\/visite-privee-de-messine-et-taormine-au-depart-de-taormine\/#primaryimage\"},\"image\":{\"@id\":\"https:\/\/tourtravelandmore.com\/fr\/tours\/italie-fr\/taormina-fr\/tous-les-circuits-et-activites-prives-taormina\/visite-privee-de-messine-et-taormine-au-depart-de-taormine\/#primaryimage\"},\"thumbnailUrl\":\"https:\/\/tourtravelandmore.com\/wp-content\/uploads\/2023\/04\/image4-2.jpg\",\"datePublished\":\"2023-04-01T00:18:47+00:00\",\"dateModified\":\"2023-09-16T13:49:55+00:00\",\"description\":\"Explorez les villes captivantes de Messine et Taormine lors d'une visite priv\u00e9e de 8 heures. D\u00e9couvrez des chefs-d'\u0153uvre architecturaux, des ruines anciennes et des rues anim\u00e9es avec Tour Travel and More \u2705.\",\"breadcrumb\":{\"@id\":\"https:\/\/tourtravelandmore.com\/fr\/tours\/italie-fr\/taormina-fr\/tous-les-circuits-et-activites-prives-taormina\/visite-privee-de-messine-et-taormine-au-depart-de-taormine\/#breadcrumb\"},\"inLanguage\":\"fr-FR\",\"potentialAction\":[{\"@type\":\"ReadAction\",\"target\":[\"https:\/\/tourtravelandmore.com\/fr\/tours\/italie-fr\/taormina-fr\/tous-les-circuits-et-activites-prives-taormina\/visite-privee-de-messine-et-taormine-au-depart-de-taormine\/\"]}]},{\"@type\":\"ImageObject\",\"inLanguage\":\"fr-FR\",\"@id\":\"https:\/\/tourtravelandmore.com\/fr\/tours\/italie-fr\/taormina-fr\/tous-les-circuits-et-activites-prives-taormina\/visite-privee-de-messine-et-taormine-au-depart-de-taormine\/#primaryimage\",\"url\":\"https:\/\/tourtravelandmore.com\/wp-content\/uploads\/2023\/04\/image4-2.jpg\",\"contentUrl\":\"https:\/\/tourtravelandmore.com\/wp-content\/uploads\/2023\/04\/image4-2.jpg\",\"width\":950,\"height\":750},{\"@type\":\"BreadcrumbList\",\"@id\":\"https:\/\/tourtravelandmore.com\/fr\/tours\/italie-fr\/taormina-fr\/tous-les-circuits-et-activites-prives-taormina\/visite-privee-de-messine-et-taormine-au-depart-de-taormine\/#breadcrumb\",\"itemListElement\":[{\"@type\":\"ListItem\",\"position\":1,\"name\":\"Home\",\"item\":\"https:\/\/tourtravelandmore.com\/fr\/\"},{\"@type\":\"ListItem\",\"position\":2,\"name\":\"Tours\",\"item\":\"https:\/\/tourtravelandmore.com\/fr\/tours\/\"},{\"@type\":\"ListItem\",\"position\":3,\"name\":\"Visite priv\u00e9e de Messine et Taormine au d\u00e9part de Taormine\"}]},{\"@type\":\"WebSite\",\"@id\":\"https:\/\/tourtravelandmore.com\/fr\/#website\",\"url\":\"https:\/\/tourtravelandmore.com\/fr\/\",\"name\":\"Tour Travel And More\",\"description\":\"Private sightseeing tours and luxury transfers in Spain\",\"publisher\":{\"@id\":\"https:\/\/tourtravelandmore.com\/fr\/#organization\"},\"potentialAction\":[{\"@type\":\"SearchAction\",\"target\":{\"@type\":\"EntryPoint\",\"urlTemplate\":\"https:\/\/tourtravelandmore.com\/fr\/?s={search_term_string}\"},\"query-input\":{\"@type\":\"PropertyValueSpecification\",\"valueRequired\":true,\"valueName\":\"search_term_string\"}}],\"inLanguage\":\"fr-FR\"},{\"@type\":\"Organization\",\"@id\":\"https:\/\/tourtravelandmore.com\/fr\/#organization\",\"name\":\"Tour Travel And More\",\"url\":\"https:\/\/tourtravelandmore.com\/fr\/\",\"logo\":{\"@type\":\"ImageObject\",\"inLanguage\":\"fr-FR\",\"@id\":\"https:\/\/tourtravelandmore.com\/fr\/#\/schema\/logo\/image\/\",\"url\":\"https:\/\/tourtravelandmore.com\/wp-content\/uploads\/2022\/12\/cropped-logo-cabecera-new.png\",\"contentUrl\":\"https:\/\/tourtravelandmore.com\/wp-content\/uploads\/2022\/12\/cropped-logo-cabecera-new.png\",\"width\":430,\"height\":61,\"caption\":\"Tour Travel And More\"},\"image\":{\"@id\":\"https:\/\/tourtravelandmore.com\/fr\/#\/schema\/logo\/image\/\"},\"sameAs\":[\"https:\/\/www.facebook.com\/tourtravelandmore\/\",\"https:\/\/x.com\/TourTravel_More\"]}]}<\/script>\n<!-- \/ Yoast SEO Premium plugin. -->","yoast_head_json":{"title":"\u27a1\ufe0f Private Tour of Messina and Taormina from Taormina with Tour Travel and More","description":"Explorez les villes captivantes de Messine et Taormine lors d'une visite priv\u00e9e de 8 heures. D\u00e9couvrez des chefs-d'\u0153uvre architecturaux, des ruines anciennes et des rues anim\u00e9es avec Tour Travel and More \u2705.","robots":{"index":"index","follow":"follow","max-snippet":"max-snippet:-1","max-image-preview":"max-image-preview:large","max-video-preview":"max-video-preview:-1"},"canonical":"https:\/\/tourtravelandmore.com\/fr\/tours\/italie-fr\/taormina-fr\/tous-les-circuits-et-activites-prives-taormina\/visite-privee-de-messine-et-taormine-au-depart-de-taormine\/","og_locale":"fr_FR","og_type":"article","og_title":"Visite priv\u00e9e de Messine et Taormine au d\u00e9part de Taormine","og_description":"Explorez les villes captivantes de Messine et Taormine lors d'une visite priv\u00e9e de 8 heures. D\u00e9couvrez des chefs-d'\u0153uvre architecturaux, des ruines anciennes et des rues anim\u00e9es avec Tour Travel and More \u2705.","og_url":"https:\/\/tourtravelandmore.com\/fr\/tours\/italie-fr\/taormina-fr\/tous-les-circuits-et-activites-prives-taormina\/visite-privee-de-messine-et-taormine-au-depart-de-taormine\/","og_site_name":"Tour Travel And More","article_publisher":"https:\/\/www.facebook.com\/tourtravelandmore\/","article_modified_time":"2023-09-16T13:49:55+00:00","og_image":[{"width":950,"height":750,"url":"https:\/\/tourtravelandmore.com\/wp-content\/uploads\/2023\/04\/image4-2.jpg","type":"image\/jpeg"}],"twitter_card":"summary_large_image","twitter_site":"@TourTravel_More","twitter_misc":{"Dur\u00e9e de lecture estim\u00e9e":"4 minutes"},"schema":{"@context":"https:\/\/schema.org","@graph":[{"@type":"WebPage","@id":"https:\/\/tourtravelandmore.com\/fr\/tours\/italie-fr\/taormina-fr\/tous-les-circuits-et-activites-prives-taormina\/visite-privee-de-messine-et-taormine-au-depart-de-taormine\/","url":"https:\/\/tourtravelandmore.com\/fr\/tours\/italie-fr\/taormina-fr\/tous-les-circuits-et-activites-prives-taormina\/visite-privee-de-messine-et-taormine-au-depart-de-taormine\/","name":"\u27a1\ufe0f Private Tour of Messina and Taormina from Taormina with Tour Travel and More","isPartOf":{"@id":"https:\/\/tourtravelandmore.com\/fr\/#website"},"primaryImageOfPage":{"@id":"https:\/\/tourtravelandmore.com\/fr\/tours\/italie-fr\/taormina-fr\/tous-les-circuits-et-activites-prives-taormina\/visite-privee-de-messine-et-taormine-au-depart-de-taormine\/#primaryimage"},"image":{"@id":"https:\/\/tourtravelandmore.com\/fr\/tours\/italie-fr\/taormina-fr\/tous-les-circuits-et-activites-prives-taormina\/visite-privee-de-messine-et-taormine-au-depart-de-taormine\/#primaryimage"},"thumbnailUrl":"https:\/\/tourtravelandmore.com\/wp-content\/uploads\/2023\/04\/image4-2.jpg","datePublished":"2023-04-01T00:18:47+00:00","dateModified":"2023-09-16T13:49:55+00:00","description":"Explorez les villes captivantes de Messine et Taormine lors d'une visite priv\u00e9e de 8 heures. D\u00e9couvrez des chefs-d'\u0153uvre architecturaux, des ruines anciennes et des rues anim\u00e9es avec Tour Travel and More \u2705.","breadcrumb":{"@id":"https:\/\/tourtravelandmore.com\/fr\/tours\/italie-fr\/taormina-fr\/tous-les-circuits-et-activites-prives-taormina\/visite-privee-de-messine-et-taormine-au-depart-de-taormine\/#breadcrumb"},"inLanguage":"fr-FR","potentialAction":[{"@type":"ReadAction","target":["https:\/\/tourtravelandmore.com\/fr\/tours\/italie-fr\/taormina-fr\/tous-les-circuits-et-activites-prives-taormina\/visite-privee-de-messine-et-taormine-au-depart-de-taormine\/"]}]},{"@type":"ImageObject","inLanguage":"fr-FR","@id":"https:\/\/tourtravelandmore.com\/fr\/tours\/italie-fr\/taormina-fr\/tous-les-circuits-et-activites-prives-taormina\/visite-privee-de-messine-et-taormine-au-depart-de-taormine\/#primaryimage","url":"https:\/\/tourtravelandmore.com\/wp-content\/uploads\/2023\/04\/image4-2.jpg","contentUrl":"https:\/\/tourtravelandmore.com\/wp-content\/uploads\/2023\/04\/image4-2.jpg","width":950,"height":750},{"@type":"BreadcrumbList","@id":"https:\/\/tourtravelandmore.com\/fr\/tours\/italie-fr\/taormina-fr\/tous-les-circuits-et-activites-prives-taormina\/visite-privee-de-messine-et-taormine-au-depart-de-taormine\/#breadcrumb","itemListElement":[{"@type":"ListItem","position":1,"name":"Home","item":"https:\/\/tourtravelandmore.com\/fr\/"},{"@type":"ListItem","position":2,"name":"Tours","item":"https:\/\/tourtravelandmore.com\/fr\/tours\/"},{"@type":"ListItem","position":3,"name":"Visite priv\u00e9e de Messine et Taormine au d\u00e9part de Taormine"}]},{"@type":"WebSite","@id":"https:\/\/tourtravelandmore.com\/fr\/#website","url":"https:\/\/tourtravelandmore.com\/fr\/","name":"Tour Travel And More","description":"Private sightseeing tours and luxury transfers in Spain","publisher":{"@id":"https:\/\/tourtravelandmore.com\/fr\/#organization"},"potentialAction":[{"@type":"SearchAction","target":{"@type":"EntryPoint","urlTemplate":"https:\/\/tourtravelandmore.com\/fr\/?s={search_term_string}"},"query-input":{"@type":"PropertyValueSpecification","valueRequired":true,"valueName":"search_term_string"}}],"inLanguage":"fr-FR"},{"@type":"Organization","@id":"https:\/\/tourtravelandmore.com\/fr\/#organization","name":"Tour Travel And More","url":"https:\/\/tourtravelandmore.com\/fr\/","logo":{"@type":"ImageObject","inLanguage":"fr-FR","@id":"https:\/\/tourtravelandmore.com\/fr\/#\/schema\/logo\/image\/","url":"https:\/\/tourtravelandmore.com\/wp-content\/uploads\/2022\/12\/cropped-logo-cabecera-new.png","contentUrl":"https:\/\/tourtravelandmore.com\/wp-content\/uploads\/2022\/12\/cropped-logo-cabecera-new.png","width":430,"height":61,"caption":"Tour Travel And More"},"image":{"@id":"https:\/\/tourtravelandmore.com\/fr\/#\/schema\/logo\/image\/"},"sameAs":["https:\/\/www.facebook.com\/tourtravelandmore\/","https:\/\/x.com\/TourTravel_More"]}]}},"_links":{"self":[{"href":"https:\/\/tourtravelandmore.com\/fr\/wp-json\/wp\/v2\/product\/159741","targetHints":{"allow":["GET"]}}],"collection":[{"href":"https:\/\/tourtravelandmore.com\/fr\/wp-json\/wp\/v2\/product"}],"about":[{"href":"https:\/\/tourtravelandmore.com\/fr\/wp-json\/wp\/v2\/types\/product"}],"replies":[{"embeddable":true,"href":"https:\/\/tourtravelandmore.com\/fr\/wp-json\/wp\/v2\/comments?post=159741"}],"wp:featuredmedia":[{"embeddable":true,"href":"https:\/\/tourtravelandmore.com\/fr\/wp-json\/wp\/v2\/media\/159728"}],"wp:attachment":[{"href":"https:\/\/tourtravelandmore.com\/fr\/wp-json\/wp\/v2\/media?parent=159741"}],"wp:term":[{"taxonomy":"product_brand","embeddable":true,"href":"https:\/\/tourtravelandmore.com\/fr\/wp-json\/wp\/v2\/product_brand?post=159741"},{"taxonomy":"product_cat","embeddable":true,"href":"https:\/\/tourtravelandmore.com\/fr\/wp-json\/wp\/v2\/product_cat?post=159741"},{"taxonomy":"product_tag","embeddable":true,"href":"https:\/\/tourtravelandmore.com\/fr\/wp-json\/wp\/v2\/product_tag?post=159741"}],"curies":[{"name":"wp","href":"https:\/\/api.w.org\/{rel}","templated":true}]}}