{"id":159711,"date":"2023-04-01T01:58:38","date_gmt":"2023-03-31T23:58:38","guid":{"rendered":"https:\/\/tourtravelandmore.com\/tours\/non%20class\u00e9\/visite-privee-du-parrain\/"},"modified":"2023-04-13T10:32:33","modified_gmt":"2023-04-13T08:32:33","slug":"visite-privee-du-parrain","status":"publish","type":"product","link":"https:\/\/tourtravelandmore.com\/fr\/tours\/italie-fr\/taormina-fr\/tous-les-circuits-et-activites-prives-taormina\/visite-privee-du-parrain\/","title":{"rendered":"Visite priv\u00e9e du Parrain"},"content":{"rendered":"<h2><b>Description de la visite priv\u00e9e des d\u00e9cors du Parrain<\/b><\/h2>\n<p><span style=\"font-weight: 400;\">Faites l&#8217;exp\u00e9rience de l&#8217;ultime voyage cin\u00e9matographique \u00e0 travers le temps gr\u00e2ce \u00e0 la visite priv\u00e9e du plateau du Parrain. Plongez dans la magnifique campagne sicilienne et d\u00e9couvrez les lieux embl\u00e9matiques qui ont servi de toile de fond \u00e0 l&#8217;un des films les plus appr\u00e9ci\u00e9s de tous les temps. Cette visite priv\u00e9e est une occasion unique de p\u00e9n\u00e9trer dans l&#8217;univers de la famille Corleone, d&#8217;explorer les d\u00e9cors de certaines des sc\u00e8nes les plus c\u00e9l\u00e8bres du cin\u00e9ma et d&#8217;en apprendre plus sur l&#8217;histoire et la culture de la Sicile.<\/span><\/p>\n<h2><b>Points d&#8217;int\u00e9r\u00eat de la visite priv\u00e9e des d\u00e9cors du Parrain<\/b><\/h2>\n<p><span style=\"font-weight: 400;\">D\u00e9couvrez les c\u00e9l\u00e8bres lieux de tournage de la trilogie du Parrain, y compris les charmants villages et la magnifique campagne sicilienne. Explorez le village pittoresque de Savoca, o\u00f9 Michael Corleone a \u00e9pous\u00e9 sa premi\u00e8re femme dans l&#8217;\u00e9glise embl\u00e9matique de Santa Lucia. Visitez le Bar Vitelli, un bar historique o\u00f9 Michael s&#8217;est entretenu avec son futur beau-p\u00e8re. Admirez les paysages \u00e0 couper le souffle de Forza D&#8217;Agro, une ville m\u00e9di\u00e9vale perch\u00e9e au sommet d&#8217;une colline, et admirez les vues imprenables sur la mer Ionienne depuis Castelmola. Ce ne sont l\u00e0 que quelques-uns des nombreux sites qui font de la visite priv\u00e9e du plateau du Parrain une exp\u00e9rience inoubliable.<\/span><\/p>\n<h3><b>Savoca\u00a0<\/b><\/h3>\n<p><span style=\"font-weight: 400;\">Lors de votre visite \u00e0 Savoca, plongez dans la culture locale et d\u00e9couvrez l&#8217;histoire fascinante du village. Promenez-vous dans ses rues sinueuses, visitez l&#8217;\u00e9glise de style baroque de San Nicol\u00f2 et admirez les vues \u00e0 couper le souffle sur les collines et les vall\u00e9es environnantes. Ne manquez pas de vous arr\u00eater au c\u00e9l\u00e8bre Caff\u00e8 Sicilia, une p\u00e2tisserie connue pour ses d\u00e9licieux desserts et sucreries traditionnels siciliens.<\/span><\/p>\n<h3><b>Bar Vitelli\u00a0<\/b><\/h3>\n<p><span style=\"font-weight: 400;\">Entrez dans l&#8217;univers du Parrain en visitant l&#8217;embl\u00e9matique Bar Vitelli, situ\u00e9 au c\u0153ur de Savoca. Prenez place dans le bar o\u00f9 Michael Corleone a rencontr\u00e9 le p\u00e8re d&#8217;Apollonia, et admirez le d\u00e9cor original et les souvenirs du film. N&#8217;oubliez pas de go\u00fbter au rafra\u00eechissant granit\u00e9 au citron sicilien, une sp\u00e9cialit\u00e9 locale.<\/span><\/p>\n<h3><b>Forza D&#8217;Agro\u00a0<\/b><\/h3>\n<p><span style=\"font-weight: 400;\">Explorez l&#8217;histoire m\u00e9di\u00e9vale de la Sicile en visitant Forza D&#8217;Agro, une ville pittoresque situ\u00e9e au sommet d&#8217;une colline et offrant une vue imprenable sur la campagne environnante. D\u00e9couvrez l&#8217;impressionnant ch\u00e2teau et les \u00e9glises de la ville, fl\u00e2nez dans ses ruelles \u00e9troites et admirez la magnifique architecture qui raconte l&#8217;histoire de la Sicile. Laissez-vous tenter par la cuisine locale et go\u00fbtez les d\u00e9licieux arancini, une sp\u00e9cialit\u00e9 sicilienne compos\u00e9e de boulettes de riz frites fourr\u00e9es au fromage, \u00e0 la viande ou aux l\u00e9gumes.<\/span><\/p>\n<h3><b>Castelmola\u00a0<\/b><\/h3>\n<p><span style=\"font-weight: 400;\">Depuis le village de Castelmola, situ\u00e9 au sommet d&#8217;une colline, vous aurez une vue imprenable sur la mer Ionienne et le majestueux Etna. Explorez les rues charmantes et les boutiques pittoresques de la ville, et arr\u00eatez-vous \u00e0 l&#8217;\u00e9glise Saint-Nicolas pour avoir un aper\u00e7u de la riche histoire de la ville. Ne manquez pas de go\u00fbter au vin d&#8217;amande, une sp\u00e9cialit\u00e9 locale produite \u00e0 partir des abondants amandiers de la ville.<\/span><\/p>\n<h3><b>Taormine\u00a0<\/b><\/h3>\n<p><span style=\"font-weight: 400;\">D\u00e9couvrez la beaut\u00e9 de Taormine, une ville pittoresque \u00e0 l&#8217;histoire riche et \u00e0 l&#8217;architecture \u00e9tonnante. Visitez l&#8217;ancien th\u00e9\u00e2tre grec, l&#8217;un des sites les plus c\u00e9l\u00e8bres de la ville, et profitez des vues panoramiques sur la mer et l&#8217;Etna. Promenez-vous dans les rues charmantes de la ville, visitez l&#8217;impressionnante cath\u00e9drale Saint-Nicolas et laissez-vous tenter par la d\u00e9licieuse cuisine locale dans l&#8217;un des nombreux restaurants et caf\u00e9s.<\/span><\/p>\n<p><span style=\"font-weight: 400;\">D\u00e9couvrez le meilleur de Taormine avec Tour Travel and More <\/span><a href=\"https:\/\/tourtravelandmore.com\/fr\/city\/italie-fr\/taormina-fr\/\"><span style=\"font-weight: 400;\">! Consultez notre liste de circuits priv\u00e9s et d\u00e9couvrez la beaut\u00e9 de la Sicile avec nos guides experts.<\/span><\/a><\/p>\n","protected":false},"excerpt":{"rendered":"<p><span style=\"font-weight: 400;\">Entrez dans l&#8217;univers du Parrain et d\u00e9couvrez les paysages \u00e9poustouflants et les sites historiques qui ont servi de toile de fond \u00e0 cette trilogie cin\u00e9matographique bien-aim\u00e9e. Du charmant village de Savoca \u00e0 l&#8217;embl\u00e9matique Bar Vitelli, cette visite priv\u00e9e offre un voyage unique et inoubliable \u00e0 travers le temps.<\/span><\/p>\n","protected":false},"featured_media":159689,"comment_status":"open","ping_status":"closed","template":"","meta":{"_acf_changed":false},"product_brand":[],"product_cat":[4366,4376,4308],"product_tag":[],"class_list":{"0":"post-159711","1":"product","2":"type-product","3":"status-publish","4":"has-post-thumbnail","6":"product_cat-tous-les-circuits-et-activites-prives-taormina","7":"product_cat-visites-guidees-privees-fr-4","8":"product_cat-taormina-fr","10":"first","11":"instock","12":"shipping-taxable","13":"purchasable","14":"product-type-simple"},"acf":[],"yoast_head":"<!-- This site is optimized with the Yoast SEO Premium plugin v25.3.1 (Yoast SEO v25.3.1) - https:\/\/yoast.com\/wordpress\/plugins\/seo\/ -->\n<title>\u27a1\ufe0f The Godfather Set Private Tour - D\u00e9couvrez les lieux de tournage embl\u00e9matiques en Sicile<\/title>\n<meta name=\"description\" content=\"Vivez l&#039;exp\u00e9rience cin\u00e9matographique ultime gr\u00e2ce \u00e0 la visite priv\u00e9e du plateau de tournage du Parrain. D\u00e9couvrez les lieux embl\u00e9matiques qui ont servi de toile de fond \u00e0 l&#039;une des trilogies cin\u00e9matographiques les plus appr\u00e9ci\u00e9es de tous les temps. R\u00e9servez votre visite priv\u00e9e avec Tour Travel and More d\u00e8s aujourd&#039;hui ! \u2705\" \/>\n<meta name=\"robots\" content=\"index, follow, max-snippet:-1, max-image-preview:large, max-video-preview:-1\" \/>\n<link rel=\"canonical\" href=\"https:\/\/tourtravelandmore.com\/fr\/tours\/italie-fr\/taormina-fr\/tous-les-circuits-et-activites-prives-taormina\/visite-privee-du-parrain\/\" \/>\n<meta property=\"og:locale\" content=\"fr_FR\" \/>\n<meta property=\"og:type\" content=\"article\" \/>\n<meta property=\"og:title\" content=\"Visite priv\u00e9e du Parrain\" \/>\n<meta property=\"og:description\" content=\"Vivez l&#039;exp\u00e9rience cin\u00e9matographique ultime gr\u00e2ce \u00e0 la visite priv\u00e9e du plateau de tournage du Parrain. D\u00e9couvrez les lieux embl\u00e9matiques qui ont servi de toile de fond \u00e0 l&#039;une des trilogies cin\u00e9matographiques les plus appr\u00e9ci\u00e9es de tous les temps. R\u00e9servez votre visite priv\u00e9e avec Tour Travel and More d\u00e8s aujourd&#039;hui ! \u2705\" \/>\n<meta property=\"og:url\" content=\"https:\/\/tourtravelandmore.com\/fr\/tours\/italie-fr\/taormina-fr\/tous-les-circuits-et-activites-prives-taormina\/visite-privee-du-parrain\/\" \/>\n<meta property=\"og:site_name\" content=\"Tour Travel And More\" \/>\n<meta property=\"article:publisher\" content=\"https:\/\/www.facebook.com\/tourtravelandmore\/\" \/>\n<meta property=\"article:modified_time\" content=\"2023-04-13T08:32:33+00:00\" \/>\n<meta property=\"og:image\" content=\"https:\/\/tourtravelandmore.com\/wp-content\/uploads\/2023\/04\/image1-1.jpg\" \/>\n\t<meta property=\"og:image:width\" content=\"950\" \/>\n\t<meta property=\"og:image:height\" content=\"750\" \/>\n\t<meta property=\"og:image:type\" content=\"image\/jpeg\" \/>\n<meta name=\"twitter:card\" content=\"summary_large_image\" \/>\n<meta name=\"twitter:site\" content=\"@TourTravel_More\" \/>\n<meta name=\"twitter:label1\" content=\"Dur\u00e9e de lecture estim\u00e9e\" \/>\n\t<meta name=\"twitter:data1\" content=\"3 minutes\" \/>\n<script type=\"application\/ld+json\" class=\"yoast-schema-graph\">{\"@context\":\"https:\/\/schema.org\",\"@graph\":[{\"@type\":\"WebPage\",\"@id\":\"https:\/\/tourtravelandmore.com\/fr\/tours\/italie-fr\/taormina-fr\/tous-les-circuits-et-activites-prives-taormina\/visite-privee-du-parrain\/\",\"url\":\"https:\/\/tourtravelandmore.com\/fr\/tours\/italie-fr\/taormina-fr\/tous-les-circuits-et-activites-prives-taormina\/visite-privee-du-parrain\/\",\"name\":\"\u27a1\ufe0f The Godfather Set Private Tour - D\u00e9couvrez les lieux de tournage embl\u00e9matiques en Sicile\",\"isPartOf\":{\"@id\":\"https:\/\/tourtravelandmore.com\/fr\/#website\"},\"primaryImageOfPage\":{\"@id\":\"https:\/\/tourtravelandmore.com\/fr\/tours\/italie-fr\/taormina-fr\/tous-les-circuits-et-activites-prives-taormina\/visite-privee-du-parrain\/#primaryimage\"},\"image\":{\"@id\":\"https:\/\/tourtravelandmore.com\/fr\/tours\/italie-fr\/taormina-fr\/tous-les-circuits-et-activites-prives-taormina\/visite-privee-du-parrain\/#primaryimage\"},\"thumbnailUrl\":\"https:\/\/tourtravelandmore.com\/wp-content\/uploads\/2023\/04\/image1-1.jpg\",\"datePublished\":\"2023-03-31T23:58:38+00:00\",\"dateModified\":\"2023-04-13T08:32:33+00:00\",\"description\":\"Vivez l'exp\u00e9rience cin\u00e9matographique ultime gr\u00e2ce \u00e0 la visite priv\u00e9e du plateau de tournage du Parrain. D\u00e9couvrez les lieux embl\u00e9matiques qui ont servi de toile de fond \u00e0 l'une des trilogies cin\u00e9matographiques les plus appr\u00e9ci\u00e9es de tous les temps. R\u00e9servez votre visite priv\u00e9e avec Tour Travel and More d\u00e8s aujourd'hui ! \u2705\",\"breadcrumb\":{\"@id\":\"https:\/\/tourtravelandmore.com\/fr\/tours\/italie-fr\/taormina-fr\/tous-les-circuits-et-activites-prives-taormina\/visite-privee-du-parrain\/#breadcrumb\"},\"inLanguage\":\"fr-FR\",\"potentialAction\":[{\"@type\":\"ReadAction\",\"target\":[\"https:\/\/tourtravelandmore.com\/fr\/tours\/italie-fr\/taormina-fr\/tous-les-circuits-et-activites-prives-taormina\/visite-privee-du-parrain\/\"]}]},{\"@type\":\"ImageObject\",\"inLanguage\":\"fr-FR\",\"@id\":\"https:\/\/tourtravelandmore.com\/fr\/tours\/italie-fr\/taormina-fr\/tous-les-circuits-et-activites-prives-taormina\/visite-privee-du-parrain\/#primaryimage\",\"url\":\"https:\/\/tourtravelandmore.com\/wp-content\/uploads\/2023\/04\/image1-1.jpg\",\"contentUrl\":\"https:\/\/tourtravelandmore.com\/wp-content\/uploads\/2023\/04\/image1-1.jpg\",\"width\":950,\"height\":750},{\"@type\":\"BreadcrumbList\",\"@id\":\"https:\/\/tourtravelandmore.com\/fr\/tours\/italie-fr\/taormina-fr\/tous-les-circuits-et-activites-prives-taormina\/visite-privee-du-parrain\/#breadcrumb\",\"itemListElement\":[{\"@type\":\"ListItem\",\"position\":1,\"name\":\"Home\",\"item\":\"https:\/\/tourtravelandmore.com\/fr\/\"},{\"@type\":\"ListItem\",\"position\":2,\"name\":\"Tours\",\"item\":\"https:\/\/tourtravelandmore.com\/fr\/tours\/\"},{\"@type\":\"ListItem\",\"position\":3,\"name\":\"Visite priv\u00e9e du Parrain\"}]},{\"@type\":\"WebSite\",\"@id\":\"https:\/\/tourtravelandmore.com\/fr\/#website\",\"url\":\"https:\/\/tourtravelandmore.com\/fr\/\",\"name\":\"Tour Travel And More\",\"description\":\"Private sightseeing tours and luxury transfers in Spain\",\"publisher\":{\"@id\":\"https:\/\/tourtravelandmore.com\/fr\/#organization\"},\"potentialAction\":[{\"@type\":\"SearchAction\",\"target\":{\"@type\":\"EntryPoint\",\"urlTemplate\":\"https:\/\/tourtravelandmore.com\/fr\/?s={search_term_string}\"},\"query-input\":{\"@type\":\"PropertyValueSpecification\",\"valueRequired\":true,\"valueName\":\"search_term_string\"}}],\"inLanguage\":\"fr-FR\"},{\"@type\":\"Organization\",\"@id\":\"https:\/\/tourtravelandmore.com\/fr\/#organization\",\"name\":\"Tour Travel And More\",\"url\":\"https:\/\/tourtravelandmore.com\/fr\/\",\"logo\":{\"@type\":\"ImageObject\",\"inLanguage\":\"fr-FR\",\"@id\":\"https:\/\/tourtravelandmore.com\/fr\/#\/schema\/logo\/image\/\",\"url\":\"https:\/\/tourtravelandmore.com\/wp-content\/uploads\/2022\/12\/cropped-logo-cabecera-new.png\",\"contentUrl\":\"https:\/\/tourtravelandmore.com\/wp-content\/uploads\/2022\/12\/cropped-logo-cabecera-new.png\",\"width\":430,\"height\":61,\"caption\":\"Tour Travel And More\"},\"image\":{\"@id\":\"https:\/\/tourtravelandmore.com\/fr\/#\/schema\/logo\/image\/\"},\"sameAs\":[\"https:\/\/www.facebook.com\/tourtravelandmore\/\",\"https:\/\/x.com\/TourTravel_More\"]}]}<\/script>\n<!-- \/ Yoast SEO Premium plugin. -->","yoast_head_json":{"title":"\u27a1\ufe0f The Godfather Set Private Tour - D\u00e9couvrez les lieux de tournage embl\u00e9matiques en Sicile","description":"Vivez l'exp\u00e9rience cin\u00e9matographique ultime gr\u00e2ce \u00e0 la visite priv\u00e9e du plateau de tournage du Parrain. D\u00e9couvrez les lieux embl\u00e9matiques qui ont servi de toile de fond \u00e0 l'une des trilogies cin\u00e9matographiques les plus appr\u00e9ci\u00e9es de tous les temps. R\u00e9servez votre visite priv\u00e9e avec Tour Travel and More d\u00e8s aujourd'hui ! \u2705","robots":{"index":"index","follow":"follow","max-snippet":"max-snippet:-1","max-image-preview":"max-image-preview:large","max-video-preview":"max-video-preview:-1"},"canonical":"https:\/\/tourtravelandmore.com\/fr\/tours\/italie-fr\/taormina-fr\/tous-les-circuits-et-activites-prives-taormina\/visite-privee-du-parrain\/","og_locale":"fr_FR","og_type":"article","og_title":"Visite priv\u00e9e du Parrain","og_description":"Vivez l'exp\u00e9rience cin\u00e9matographique ultime gr\u00e2ce \u00e0 la visite priv\u00e9e du plateau de tournage du Parrain. D\u00e9couvrez les lieux embl\u00e9matiques qui ont servi de toile de fond \u00e0 l'une des trilogies cin\u00e9matographiques les plus appr\u00e9ci\u00e9es de tous les temps. R\u00e9servez votre visite priv\u00e9e avec Tour Travel and More d\u00e8s aujourd'hui ! \u2705","og_url":"https:\/\/tourtravelandmore.com\/fr\/tours\/italie-fr\/taormina-fr\/tous-les-circuits-et-activites-prives-taormina\/visite-privee-du-parrain\/","og_site_name":"Tour Travel And More","article_publisher":"https:\/\/www.facebook.com\/tourtravelandmore\/","article_modified_time":"2023-04-13T08:32:33+00:00","og_image":[{"width":950,"height":750,"url":"https:\/\/tourtravelandmore.com\/wp-content\/uploads\/2023\/04\/image1-1.jpg","type":"image\/jpeg"}],"twitter_card":"summary_large_image","twitter_site":"@TourTravel_More","twitter_misc":{"Dur\u00e9e de lecture estim\u00e9e":"3 minutes"},"schema":{"@context":"https:\/\/schema.org","@graph":[{"@type":"WebPage","@id":"https:\/\/tourtravelandmore.com\/fr\/tours\/italie-fr\/taormina-fr\/tous-les-circuits-et-activites-prives-taormina\/visite-privee-du-parrain\/","url":"https:\/\/tourtravelandmore.com\/fr\/tours\/italie-fr\/taormina-fr\/tous-les-circuits-et-activites-prives-taormina\/visite-privee-du-parrain\/","name":"\u27a1\ufe0f The Godfather Set Private Tour - D\u00e9couvrez les lieux de tournage embl\u00e9matiques en Sicile","isPartOf":{"@id":"https:\/\/tourtravelandmore.com\/fr\/#website"},"primaryImageOfPage":{"@id":"https:\/\/tourtravelandmore.com\/fr\/tours\/italie-fr\/taormina-fr\/tous-les-circuits-et-activites-prives-taormina\/visite-privee-du-parrain\/#primaryimage"},"image":{"@id":"https:\/\/tourtravelandmore.com\/fr\/tours\/italie-fr\/taormina-fr\/tous-les-circuits-et-activites-prives-taormina\/visite-privee-du-parrain\/#primaryimage"},"thumbnailUrl":"https:\/\/tourtravelandmore.com\/wp-content\/uploads\/2023\/04\/image1-1.jpg","datePublished":"2023-03-31T23:58:38+00:00","dateModified":"2023-04-13T08:32:33+00:00","description":"Vivez l'exp\u00e9rience cin\u00e9matographique ultime gr\u00e2ce \u00e0 la visite priv\u00e9e du plateau de tournage du Parrain. D\u00e9couvrez les lieux embl\u00e9matiques qui ont servi de toile de fond \u00e0 l'une des trilogies cin\u00e9matographiques les plus appr\u00e9ci\u00e9es de tous les temps. R\u00e9servez votre visite priv\u00e9e avec Tour Travel and More d\u00e8s aujourd'hui ! \u2705","breadcrumb":{"@id":"https:\/\/tourtravelandmore.com\/fr\/tours\/italie-fr\/taormina-fr\/tous-les-circuits-et-activites-prives-taormina\/visite-privee-du-parrain\/#breadcrumb"},"inLanguage":"fr-FR","potentialAction":[{"@type":"ReadAction","target":["https:\/\/tourtravelandmore.com\/fr\/tours\/italie-fr\/taormina-fr\/tous-les-circuits-et-activites-prives-taormina\/visite-privee-du-parrain\/"]}]},{"@type":"ImageObject","inLanguage":"fr-FR","@id":"https:\/\/tourtravelandmore.com\/fr\/tours\/italie-fr\/taormina-fr\/tous-les-circuits-et-activites-prives-taormina\/visite-privee-du-parrain\/#primaryimage","url":"https:\/\/tourtravelandmore.com\/wp-content\/uploads\/2023\/04\/image1-1.jpg","contentUrl":"https:\/\/tourtravelandmore.com\/wp-content\/uploads\/2023\/04\/image1-1.jpg","width":950,"height":750},{"@type":"BreadcrumbList","@id":"https:\/\/tourtravelandmore.com\/fr\/tours\/italie-fr\/taormina-fr\/tous-les-circuits-et-activites-prives-taormina\/visite-privee-du-parrain\/#breadcrumb","itemListElement":[{"@type":"ListItem","position":1,"name":"Home","item":"https:\/\/tourtravelandmore.com\/fr\/"},{"@type":"ListItem","position":2,"name":"Tours","item":"https:\/\/tourtravelandmore.com\/fr\/tours\/"},{"@type":"ListItem","position":3,"name":"Visite priv\u00e9e du Parrain"}]},{"@type":"WebSite","@id":"https:\/\/tourtravelandmore.com\/fr\/#website","url":"https:\/\/tourtravelandmore.com\/fr\/","name":"Tour Travel And More","description":"Private sightseeing tours and luxury transfers in Spain","publisher":{"@id":"https:\/\/tourtravelandmore.com\/fr\/#organization"},"potentialAction":[{"@type":"SearchAction","target":{"@type":"EntryPoint","urlTemplate":"https:\/\/tourtravelandmore.com\/fr\/?s={search_term_string}"},"query-input":{"@type":"PropertyValueSpecification","valueRequired":true,"valueName":"search_term_string"}}],"inLanguage":"fr-FR"},{"@type":"Organization","@id":"https:\/\/tourtravelandmore.com\/fr\/#organization","name":"Tour Travel And More","url":"https:\/\/tourtravelandmore.com\/fr\/","logo":{"@type":"ImageObject","inLanguage":"fr-FR","@id":"https:\/\/tourtravelandmore.com\/fr\/#\/schema\/logo\/image\/","url":"https:\/\/tourtravelandmore.com\/wp-content\/uploads\/2022\/12\/cropped-logo-cabecera-new.png","contentUrl":"https:\/\/tourtravelandmore.com\/wp-content\/uploads\/2022\/12\/cropped-logo-cabecera-new.png","width":430,"height":61,"caption":"Tour Travel And More"},"image":{"@id":"https:\/\/tourtravelandmore.com\/fr\/#\/schema\/logo\/image\/"},"sameAs":["https:\/\/www.facebook.com\/tourtravelandmore\/","https:\/\/x.com\/TourTravel_More"]}]}},"_links":{"self":[{"href":"https:\/\/tourtravelandmore.com\/fr\/wp-json\/wp\/v2\/product\/159711","targetHints":{"allow":["GET"]}}],"collection":[{"href":"https:\/\/tourtravelandmore.com\/fr\/wp-json\/wp\/v2\/product"}],"about":[{"href":"https:\/\/tourtravelandmore.com\/fr\/wp-json\/wp\/v2\/types\/product"}],"replies":[{"embeddable":true,"href":"https:\/\/tourtravelandmore.com\/fr\/wp-json\/wp\/v2\/comments?post=159711"}],"wp:featuredmedia":[{"embeddable":true,"href":"https:\/\/tourtravelandmore.com\/fr\/wp-json\/wp\/v2\/media\/159689"}],"wp:attachment":[{"href":"https:\/\/tourtravelandmore.com\/fr\/wp-json\/wp\/v2\/media?parent=159711"}],"wp:term":[{"taxonomy":"product_brand","embeddable":true,"href":"https:\/\/tourtravelandmore.com\/fr\/wp-json\/wp\/v2\/product_brand?post=159711"},{"taxonomy":"product_cat","embeddable":true,"href":"https:\/\/tourtravelandmore.com\/fr\/wp-json\/wp\/v2\/product_cat?post=159711"},{"taxonomy":"product_tag","embeddable":true,"href":"https:\/\/tourtravelandmore.com\/fr\/wp-json\/wp\/v2\/product_tag?post=159711"}],"curies":[{"name":"wp","href":"https:\/\/api.w.org\/{rel}","templated":true}]}}