{"id":159680,"date":"2023-04-01T01:33:41","date_gmt":"2023-03-31T23:33:41","guid":{"rendered":"https:\/\/tourtravelandmore.com\/tours\/non%20class\u00e9\/excursion-privee-de-taormine-et-des-gorges-de-lalcantara-depuis-taormine\/"},"modified":"2023-04-13T10:29:12","modified_gmt":"2023-04-13T08:29:12","slug":"excursion-privee-de-taormine-et-des-gorges-de-lalcantara-depuis-taormine","status":"publish","type":"product","link":"https:\/\/tourtravelandmore.com\/fr\/tours\/italie-fr\/taormina-fr\/tous-les-circuits-et-activites-prives-taormina\/excursion-privee-de-taormine-et-des-gorges-de-lalcantara-depuis-taormine\/","title":{"rendered":"Excursion priv\u00e9e de Taormine et des Gorges de l&#8217;Alcantara depuis Taormine"},"content":{"rendered":"<h2><b>Description de l&#8217;excursion priv\u00e9e de Taormine et des gorges de l&#8217;Alcantara au d\u00e9part de Taormine<\/b><\/h2>\n<p><span style=\"font-weight: 400;\">D\u00e9couvrez les \u00e9tonnantes merveilles naturelles des gorges de l&#8217;Alcantara lors de cette inoubliable excursion priv\u00e9e de 7 heures au d\u00e9part de Taormine. Profitez de l&#8217;attention personnalis\u00e9e d&#8217;un guide professionnel et d&#8217;un v\u00e9hicule avec chauffeur pour explorer les paysages accident\u00e9s et les eaux cristallines de ce site g\u00e9ologique remarquable. Admirez les formations rocheuses impressionnantes et d\u00e9couvrez l&#8217;histoire fascinante du fleuve Alcantara, qui s&#8217;est fray\u00e9 un chemin \u00e0 travers la lave basaltique de l&#8217;Etna pendant des milliers d&#8217;ann\u00e9es.<\/span><\/p>\n<h2><b>Excursion priv\u00e9e \u00e0 Taormine et dans les gorges de l&#8217;Alcantara depuis les points d&#8217;int\u00e9r\u00eat de Taormine<\/b><\/h2>\n<p><span style=\"font-weight: 400;\">Plongez dans la beaut\u00e9 \u00e9poustouflante et le riche patrimoine culturel de Taormine et des gorges de l&#8217;Alcantara lors de cette excursion priv\u00e9e exclusive. Explorez les rues charmantes et les vues panoramiques de Taormine, visitez les impressionnantes gorges de l&#8217;Alcantara et d\u00e9couvrez la puissance de la nature \u00e0 l&#8217;\u0153uvre. Cette excursion vous offre une occasion unique de d\u00e9couvrir les joyaux cach\u00e9s et les merveilles naturelles de la Sicile, tout en profitant du confort et du luxe d&#8217;une excursion priv\u00e9e.<\/span><\/p>\n<h3><b>Gorges de l&#8217;Alcantara<\/b><\/h3>\n<p><span style=\"font-weight: 400;\">Explorez les \u00e9tonnantes gorges d&#8217;Alcantara, une merveille naturelle form\u00e9e par la rivi\u00e8re Alcantara qui traverse la lave basaltique de l&#8217;Etna. Admirez les impressionnantes formations rocheuses et les eaux cristallines en marchant le long des sentiers ou en participant \u00e0 une aventure passionnante de trekking sur la rivi\u00e8re. Ce site g\u00e9ologique remarquable offre une occasion unique d&#8217;explorer les puissantes forces de la nature \u00e0 l&#8217;\u0153uvre et de d\u00e9couvrir la beaut\u00e9 \u00e9poustouflante du paysage sicilien. Les gorges de l&#8217;Alcantara sont une destination touristique populaire en raison de leur beaut\u00e9 remarquable et de leur histoire g\u00e9ologique fascinante. En explorant les gorges, vous rencontrerez plusieurs piscines naturelles, des cascades et des grottes qui ajoutent \u00e0 la beaut\u00e9 stup\u00e9fiante de cette merveille g\u00e9ologique.<\/span><\/p>\n<h3><b>Castiglione di Sicilia<\/b><\/h3>\n<p><span style=\"font-weight: 400;\">Visitez la charmante ville de Castiglione di Sicilia, nich\u00e9e au c\u0153ur de la vall\u00e9e d&#8217;Alcantara. Admirez l&#8217;architecture baroque, les \u00e9glises anciennes et les rues pav\u00e9es sinueuses en explorant cette ville pittoresque. Go\u00fbtez \u00e0 la d\u00e9licieuse cuisine locale et savourez un verre du meilleur vin sicilien dans l&#8217;un des nombreux caf\u00e9s et restaurants pittoresques qui bordent les rues. Ne manquez pas de visiter le ch\u00e2teau m\u00e9di\u00e9val perch\u00e9 au sommet d&#8217;une colline surplombant la ville et offrant une vue imprenable sur le paysage environnant. Castiglione di Sicilia est \u00e9galement connue pour sa c\u00e9l\u00e8bre Sagra del Vino, un festival du vin qui a lieu chaque ann\u00e9e en septembre et qui attire des visiteurs du monde entier.<\/span><\/p>\n<h3><b>Parc botanique et g\u00e9ologique de Gole dell&#8217;Alcantara<\/b><\/h3>\n<p><span style=\"font-weight: 400;\">D\u00e9couvrez la flore et la faune uniques des gorges de l&#8217;Alcantara au parc botanique et g\u00e9ologique de Gole dell&#8217;Alcantara. Ce parc remarquable offre aux visiteurs la possibilit\u00e9 de d\u00e9couvrir les caract\u00e9ristiques g\u00e9ologiques fascinantes de la r\u00e9gion, ainsi que la diversit\u00e9 de la flore et de la faune qui prosp\u00e8re dans ce paysage \u00e9poustouflant. Profitez d&#8217;une visite guid\u00e9e du parc et d\u00e9couvrez l&#8217;importance de la pr\u00e9servation de cette merveille naturelle. Le parc propose \u00e9galement toute une s\u00e9rie d&#8217;activit\u00e9s de plein air, notamment la randonn\u00e9e, l&#8217;observation des oiseaux et le cyclisme, ce qui en fait une destination id\u00e9ale pour les amoureux de la nature.<\/span><\/p>\n<h3><b>Plage de San Marco<\/b><\/h3>\n<p><span style=\"font-weight: 400;\">Faites une pause dans votre exploration des gorges d&#8217;Alcantara et rendez-vous \u00e0 la plage de San Marco, une magnifique portion de littoral situ\u00e9e \u00e0 quelques minutes de route du parc. Avec ses eaux cristallines, son sable doux et dor\u00e9 et ses vues imprenables sur la mer M\u00e9diterran\u00e9e, la plage de San Marco est un v\u00e9ritable paradis. D\u00e9tendez-vous sur la plage, profitez du soleil ou prenez un bain rafra\u00eechissant dans les eaux fra\u00eeches. N&#8217;oubliez pas de go\u00fbter aux d\u00e9licieux plats de fruits de mer servis dans les restaurants de bord de mer, qui proposent certains des fruits de mer les plus frais de Sicile.<\/span><\/p>\n<p><span style=\"font-weight: 400;\">D\u00e9couvrez la liste compl\u00e8te des excursions priv\u00e9es \u00e0 Taormine et dans les environs que Tour Travel and More propose \u00e0 ses utilisateurs en visitant notre site web. Personnalisez votre exp\u00e9rience sicilienne d\u00e8s aujourd&#8217;hui ! Choisissez parmi notre s\u00e9lection de circuits priv\u00e9s soigneusement s\u00e9lectionn\u00e9s, con\u00e7us pour r\u00e9pondre \u00e0 vos int\u00e9r\u00eats, pr\u00e9f\u00e9rences et d\u00e9sirs uniques. N&#8217;attendez plus, <\/span><a href=\"https:\/\/tourtravelandmore.com\/fr\/city\/italie-fr\/messina-fr\/\"><span style=\"font-weight: 400;\">explorez nos offres exclusives et commencez d\u00e8s maintenant le voyage de vos r\u00eaves en Sicile.<\/span><\/a><\/p>\n","protected":false},"excerpt":{"rendered":"<p><span style=\"font-weight: 400;\">D\u00e9couvrez la beaut\u00e9 impressionnante des gorges de l&#8217;Alcantara et la charmante ville de Castiglione di Sicilia lors d&#8217;une excursion priv\u00e9e de 7 heures au d\u00e9part de Taormine. Cette excursion exclusive offre un m\u00e9lange parfait de merveilles naturelles et de patrimoine culturel, vous offrant une aventure sicilienne inoubliable.<\/span><\/p>\n","protected":false},"featured_media":159658,"comment_status":"open","ping_status":"closed","template":"","meta":{"_acf_changed":false},"product_brand":[],"product_cat":[4366,4376,4308],"product_tag":[],"class_list":{"0":"post-159680","1":"product","2":"type-product","3":"status-publish","4":"has-post-thumbnail","6":"product_cat-tous-les-circuits-et-activites-prives-taormina","7":"product_cat-visites-guidees-privees-fr-4","8":"product_cat-taormina-fr","10":"first","11":"instock","12":"shipping-taxable","13":"purchasable","14":"product-type-simple"},"acf":[],"yoast_head":"<!-- This site is optimized with the Yoast SEO Premium plugin v25.3.1 (Yoast SEO v25.3.1) - https:\/\/yoast.com\/wordpress\/plugins\/seo\/ -->\n<title>\u27a1\ufe0f Excursion priv\u00e9e de Taormine et des gorges de l&#039;Alcantara : D\u00e9couvrez les merveilles naturelles de la Sicile | Tour Travel and More<\/title>\n<meta name=\"description\" content=\"D\u00e9couvrez la beaut\u00e9 \u00e0 couper le souffle et le riche patrimoine culturel de Taormine et des gorges de l&#039;Alcantara lors d&#039;une excursion priv\u00e9e de 7 heures, avec un guide et l&#039;entr\u00e9e aux gorges. R\u00e9servez d\u00e8s maintenant votre aventure sicilienne sur mesure avec Tour Travel and More ! \u2705\" \/>\n<meta name=\"robots\" content=\"index, follow, max-snippet:-1, max-image-preview:large, max-video-preview:-1\" \/>\n<link rel=\"canonical\" href=\"https:\/\/tourtravelandmore.com\/fr\/tours\/italie-fr\/taormina-fr\/tous-les-circuits-et-activites-prives-taormina\/excursion-privee-de-taormine-et-des-gorges-de-lalcantara-depuis-taormine\/\" \/>\n<meta property=\"og:locale\" content=\"fr_FR\" \/>\n<meta property=\"og:type\" content=\"article\" \/>\n<meta property=\"og:title\" content=\"Excursion priv\u00e9e de Taormine et des Gorges de l&#039;Alcantara depuis Taormine\" \/>\n<meta property=\"og:description\" content=\"D\u00e9couvrez la beaut\u00e9 \u00e0 couper le souffle et le riche patrimoine culturel de Taormine et des gorges de l&#039;Alcantara lors d&#039;une excursion priv\u00e9e de 7 heures, avec un guide et l&#039;entr\u00e9e aux gorges. R\u00e9servez d\u00e8s maintenant votre aventure sicilienne sur mesure avec Tour Travel and More ! \u2705\" \/>\n<meta property=\"og:url\" content=\"https:\/\/tourtravelandmore.com\/fr\/tours\/italie-fr\/taormina-fr\/tous-les-circuits-et-activites-prives-taormina\/excursion-privee-de-taormine-et-des-gorges-de-lalcantara-depuis-taormine\/\" \/>\n<meta property=\"og:site_name\" content=\"Tour Travel And More\" \/>\n<meta property=\"article:publisher\" content=\"https:\/\/www.facebook.com\/tourtravelandmore\/\" \/>\n<meta property=\"article:modified_time\" content=\"2023-04-13T08:29:12+00:00\" \/>\n<meta property=\"og:image\" content=\"https:\/\/tourtravelandmore.com\/wp-content\/uploads\/2023\/04\/image1.jpg\" \/>\n\t<meta property=\"og:image:width\" content=\"950\" \/>\n\t<meta property=\"og:image:height\" content=\"750\" \/>\n\t<meta property=\"og:image:type\" content=\"image\/jpeg\" \/>\n<meta name=\"twitter:card\" content=\"summary_large_image\" \/>\n<meta name=\"twitter:site\" content=\"@TourTravel_More\" \/>\n<meta name=\"twitter:label1\" content=\"Dur\u00e9e de lecture estim\u00e9e\" \/>\n\t<meta name=\"twitter:data1\" content=\"4 minutes\" \/>\n<script type=\"application\/ld+json\" class=\"yoast-schema-graph\">{\"@context\":\"https:\/\/schema.org\",\"@graph\":[{\"@type\":\"WebPage\",\"@id\":\"https:\/\/tourtravelandmore.com\/fr\/tours\/italie-fr\/taormina-fr\/tous-les-circuits-et-activites-prives-taormina\/excursion-privee-de-taormine-et-des-gorges-de-lalcantara-depuis-taormine\/\",\"url\":\"https:\/\/tourtravelandmore.com\/fr\/tours\/italie-fr\/taormina-fr\/tous-les-circuits-et-activites-prives-taormina\/excursion-privee-de-taormine-et-des-gorges-de-lalcantara-depuis-taormine\/\",\"name\":\"\u27a1\ufe0f Excursion priv\u00e9e de Taormine et des gorges de l'Alcantara : D\u00e9couvrez les merveilles naturelles de la Sicile | Tour Travel and More\",\"isPartOf\":{\"@id\":\"https:\/\/tourtravelandmore.com\/fr\/#website\"},\"primaryImageOfPage\":{\"@id\":\"https:\/\/tourtravelandmore.com\/fr\/tours\/italie-fr\/taormina-fr\/tous-les-circuits-et-activites-prives-taormina\/excursion-privee-de-taormine-et-des-gorges-de-lalcantara-depuis-taormine\/#primaryimage\"},\"image\":{\"@id\":\"https:\/\/tourtravelandmore.com\/fr\/tours\/italie-fr\/taormina-fr\/tous-les-circuits-et-activites-prives-taormina\/excursion-privee-de-taormine-et-des-gorges-de-lalcantara-depuis-taormine\/#primaryimage\"},\"thumbnailUrl\":\"https:\/\/tourtravelandmore.com\/wp-content\/uploads\/2023\/04\/image1.jpg\",\"datePublished\":\"2023-03-31T23:33:41+00:00\",\"dateModified\":\"2023-04-13T08:29:12+00:00\",\"description\":\"D\u00e9couvrez la beaut\u00e9 \u00e0 couper le souffle et le riche patrimoine culturel de Taormine et des gorges de l'Alcantara lors d'une excursion priv\u00e9e de 7 heures, avec un guide et l'entr\u00e9e aux gorges. R\u00e9servez d\u00e8s maintenant votre aventure sicilienne sur mesure avec Tour Travel and More ! \u2705\",\"breadcrumb\":{\"@id\":\"https:\/\/tourtravelandmore.com\/fr\/tours\/italie-fr\/taormina-fr\/tous-les-circuits-et-activites-prives-taormina\/excursion-privee-de-taormine-et-des-gorges-de-lalcantara-depuis-taormine\/#breadcrumb\"},\"inLanguage\":\"fr-FR\",\"potentialAction\":[{\"@type\":\"ReadAction\",\"target\":[\"https:\/\/tourtravelandmore.com\/fr\/tours\/italie-fr\/taormina-fr\/tous-les-circuits-et-activites-prives-taormina\/excursion-privee-de-taormine-et-des-gorges-de-lalcantara-depuis-taormine\/\"]}]},{\"@type\":\"ImageObject\",\"inLanguage\":\"fr-FR\",\"@id\":\"https:\/\/tourtravelandmore.com\/fr\/tours\/italie-fr\/taormina-fr\/tous-les-circuits-et-activites-prives-taormina\/excursion-privee-de-taormine-et-des-gorges-de-lalcantara-depuis-taormine\/#primaryimage\",\"url\":\"https:\/\/tourtravelandmore.com\/wp-content\/uploads\/2023\/04\/image1.jpg\",\"contentUrl\":\"https:\/\/tourtravelandmore.com\/wp-content\/uploads\/2023\/04\/image1.jpg\",\"width\":950,\"height\":750},{\"@type\":\"BreadcrumbList\",\"@id\":\"https:\/\/tourtravelandmore.com\/fr\/tours\/italie-fr\/taormina-fr\/tous-les-circuits-et-activites-prives-taormina\/excursion-privee-de-taormine-et-des-gorges-de-lalcantara-depuis-taormine\/#breadcrumb\",\"itemListElement\":[{\"@type\":\"ListItem\",\"position\":1,\"name\":\"Home\",\"item\":\"https:\/\/tourtravelandmore.com\/fr\/\"},{\"@type\":\"ListItem\",\"position\":2,\"name\":\"Tours\",\"item\":\"https:\/\/tourtravelandmore.com\/fr\/tours\/\"},{\"@type\":\"ListItem\",\"position\":3,\"name\":\"Excursion priv\u00e9e de Taormine et des Gorges de l&rsquo;Alcantara depuis Taormine\"}]},{\"@type\":\"WebSite\",\"@id\":\"https:\/\/tourtravelandmore.com\/fr\/#website\",\"url\":\"https:\/\/tourtravelandmore.com\/fr\/\",\"name\":\"Tour Travel And More\",\"description\":\"Private sightseeing tours and luxury transfers in Spain\",\"publisher\":{\"@id\":\"https:\/\/tourtravelandmore.com\/fr\/#organization\"},\"potentialAction\":[{\"@type\":\"SearchAction\",\"target\":{\"@type\":\"EntryPoint\",\"urlTemplate\":\"https:\/\/tourtravelandmore.com\/fr\/?s={search_term_string}\"},\"query-input\":{\"@type\":\"PropertyValueSpecification\",\"valueRequired\":true,\"valueName\":\"search_term_string\"}}],\"inLanguage\":\"fr-FR\"},{\"@type\":\"Organization\",\"@id\":\"https:\/\/tourtravelandmore.com\/fr\/#organization\",\"name\":\"Tour Travel And More\",\"url\":\"https:\/\/tourtravelandmore.com\/fr\/\",\"logo\":{\"@type\":\"ImageObject\",\"inLanguage\":\"fr-FR\",\"@id\":\"https:\/\/tourtravelandmore.com\/fr\/#\/schema\/logo\/image\/\",\"url\":\"https:\/\/tourtravelandmore.com\/wp-content\/uploads\/2022\/12\/cropped-logo-cabecera-new.png\",\"contentUrl\":\"https:\/\/tourtravelandmore.com\/wp-content\/uploads\/2022\/12\/cropped-logo-cabecera-new.png\",\"width\":430,\"height\":61,\"caption\":\"Tour Travel And More\"},\"image\":{\"@id\":\"https:\/\/tourtravelandmore.com\/fr\/#\/schema\/logo\/image\/\"},\"sameAs\":[\"https:\/\/www.facebook.com\/tourtravelandmore\/\",\"https:\/\/x.com\/TourTravel_More\"]}]}<\/script>\n<!-- \/ Yoast SEO Premium plugin. -->","yoast_head_json":{"title":"\u27a1\ufe0f Excursion priv\u00e9e de Taormine et des gorges de l'Alcantara : D\u00e9couvrez les merveilles naturelles de la Sicile | Tour Travel and More","description":"D\u00e9couvrez la beaut\u00e9 \u00e0 couper le souffle et le riche patrimoine culturel de Taormine et des gorges de l'Alcantara lors d'une excursion priv\u00e9e de 7 heures, avec un guide et l'entr\u00e9e aux gorges. R\u00e9servez d\u00e8s maintenant votre aventure sicilienne sur mesure avec Tour Travel and More ! \u2705","robots":{"index":"index","follow":"follow","max-snippet":"max-snippet:-1","max-image-preview":"max-image-preview:large","max-video-preview":"max-video-preview:-1"},"canonical":"https:\/\/tourtravelandmore.com\/fr\/tours\/italie-fr\/taormina-fr\/tous-les-circuits-et-activites-prives-taormina\/excursion-privee-de-taormine-et-des-gorges-de-lalcantara-depuis-taormine\/","og_locale":"fr_FR","og_type":"article","og_title":"Excursion priv\u00e9e de Taormine et des Gorges de l'Alcantara depuis Taormine","og_description":"D\u00e9couvrez la beaut\u00e9 \u00e0 couper le souffle et le riche patrimoine culturel de Taormine et des gorges de l'Alcantara lors d'une excursion priv\u00e9e de 7 heures, avec un guide et l'entr\u00e9e aux gorges. R\u00e9servez d\u00e8s maintenant votre aventure sicilienne sur mesure avec Tour Travel and More ! \u2705","og_url":"https:\/\/tourtravelandmore.com\/fr\/tours\/italie-fr\/taormina-fr\/tous-les-circuits-et-activites-prives-taormina\/excursion-privee-de-taormine-et-des-gorges-de-lalcantara-depuis-taormine\/","og_site_name":"Tour Travel And More","article_publisher":"https:\/\/www.facebook.com\/tourtravelandmore\/","article_modified_time":"2023-04-13T08:29:12+00:00","og_image":[{"width":950,"height":750,"url":"https:\/\/tourtravelandmore.com\/wp-content\/uploads\/2023\/04\/image1.jpg","type":"image\/jpeg"}],"twitter_card":"summary_large_image","twitter_site":"@TourTravel_More","twitter_misc":{"Dur\u00e9e de lecture estim\u00e9e":"4 minutes"},"schema":{"@context":"https:\/\/schema.org","@graph":[{"@type":"WebPage","@id":"https:\/\/tourtravelandmore.com\/fr\/tours\/italie-fr\/taormina-fr\/tous-les-circuits-et-activites-prives-taormina\/excursion-privee-de-taormine-et-des-gorges-de-lalcantara-depuis-taormine\/","url":"https:\/\/tourtravelandmore.com\/fr\/tours\/italie-fr\/taormina-fr\/tous-les-circuits-et-activites-prives-taormina\/excursion-privee-de-taormine-et-des-gorges-de-lalcantara-depuis-taormine\/","name":"\u27a1\ufe0f Excursion priv\u00e9e de Taormine et des gorges de l'Alcantara : D\u00e9couvrez les merveilles naturelles de la Sicile | Tour Travel and More","isPartOf":{"@id":"https:\/\/tourtravelandmore.com\/fr\/#website"},"primaryImageOfPage":{"@id":"https:\/\/tourtravelandmore.com\/fr\/tours\/italie-fr\/taormina-fr\/tous-les-circuits-et-activites-prives-taormina\/excursion-privee-de-taormine-et-des-gorges-de-lalcantara-depuis-taormine\/#primaryimage"},"image":{"@id":"https:\/\/tourtravelandmore.com\/fr\/tours\/italie-fr\/taormina-fr\/tous-les-circuits-et-activites-prives-taormina\/excursion-privee-de-taormine-et-des-gorges-de-lalcantara-depuis-taormine\/#primaryimage"},"thumbnailUrl":"https:\/\/tourtravelandmore.com\/wp-content\/uploads\/2023\/04\/image1.jpg","datePublished":"2023-03-31T23:33:41+00:00","dateModified":"2023-04-13T08:29:12+00:00","description":"D\u00e9couvrez la beaut\u00e9 \u00e0 couper le souffle et le riche patrimoine culturel de Taormine et des gorges de l'Alcantara lors d'une excursion priv\u00e9e de 7 heures, avec un guide et l'entr\u00e9e aux gorges. R\u00e9servez d\u00e8s maintenant votre aventure sicilienne sur mesure avec Tour Travel and More ! \u2705","breadcrumb":{"@id":"https:\/\/tourtravelandmore.com\/fr\/tours\/italie-fr\/taormina-fr\/tous-les-circuits-et-activites-prives-taormina\/excursion-privee-de-taormine-et-des-gorges-de-lalcantara-depuis-taormine\/#breadcrumb"},"inLanguage":"fr-FR","potentialAction":[{"@type":"ReadAction","target":["https:\/\/tourtravelandmore.com\/fr\/tours\/italie-fr\/taormina-fr\/tous-les-circuits-et-activites-prives-taormina\/excursion-privee-de-taormine-et-des-gorges-de-lalcantara-depuis-taormine\/"]}]},{"@type":"ImageObject","inLanguage":"fr-FR","@id":"https:\/\/tourtravelandmore.com\/fr\/tours\/italie-fr\/taormina-fr\/tous-les-circuits-et-activites-prives-taormina\/excursion-privee-de-taormine-et-des-gorges-de-lalcantara-depuis-taormine\/#primaryimage","url":"https:\/\/tourtravelandmore.com\/wp-content\/uploads\/2023\/04\/image1.jpg","contentUrl":"https:\/\/tourtravelandmore.com\/wp-content\/uploads\/2023\/04\/image1.jpg","width":950,"height":750},{"@type":"BreadcrumbList","@id":"https:\/\/tourtravelandmore.com\/fr\/tours\/italie-fr\/taormina-fr\/tous-les-circuits-et-activites-prives-taormina\/excursion-privee-de-taormine-et-des-gorges-de-lalcantara-depuis-taormine\/#breadcrumb","itemListElement":[{"@type":"ListItem","position":1,"name":"Home","item":"https:\/\/tourtravelandmore.com\/fr\/"},{"@type":"ListItem","position":2,"name":"Tours","item":"https:\/\/tourtravelandmore.com\/fr\/tours\/"},{"@type":"ListItem","position":3,"name":"Excursion priv\u00e9e de Taormine et des Gorges de l&rsquo;Alcantara depuis Taormine"}]},{"@type":"WebSite","@id":"https:\/\/tourtravelandmore.com\/fr\/#website","url":"https:\/\/tourtravelandmore.com\/fr\/","name":"Tour Travel And More","description":"Private sightseeing tours and luxury transfers in Spain","publisher":{"@id":"https:\/\/tourtravelandmore.com\/fr\/#organization"},"potentialAction":[{"@type":"SearchAction","target":{"@type":"EntryPoint","urlTemplate":"https:\/\/tourtravelandmore.com\/fr\/?s={search_term_string}"},"query-input":{"@type":"PropertyValueSpecification","valueRequired":true,"valueName":"search_term_string"}}],"inLanguage":"fr-FR"},{"@type":"Organization","@id":"https:\/\/tourtravelandmore.com\/fr\/#organization","name":"Tour Travel And More","url":"https:\/\/tourtravelandmore.com\/fr\/","logo":{"@type":"ImageObject","inLanguage":"fr-FR","@id":"https:\/\/tourtravelandmore.com\/fr\/#\/schema\/logo\/image\/","url":"https:\/\/tourtravelandmore.com\/wp-content\/uploads\/2022\/12\/cropped-logo-cabecera-new.png","contentUrl":"https:\/\/tourtravelandmore.com\/wp-content\/uploads\/2022\/12\/cropped-logo-cabecera-new.png","width":430,"height":61,"caption":"Tour Travel And More"},"image":{"@id":"https:\/\/tourtravelandmore.com\/fr\/#\/schema\/logo\/image\/"},"sameAs":["https:\/\/www.facebook.com\/tourtravelandmore\/","https:\/\/x.com\/TourTravel_More"]}]}},"_links":{"self":[{"href":"https:\/\/tourtravelandmore.com\/fr\/wp-json\/wp\/v2\/product\/159680","targetHints":{"allow":["GET"]}}],"collection":[{"href":"https:\/\/tourtravelandmore.com\/fr\/wp-json\/wp\/v2\/product"}],"about":[{"href":"https:\/\/tourtravelandmore.com\/fr\/wp-json\/wp\/v2\/types\/product"}],"replies":[{"embeddable":true,"href":"https:\/\/tourtravelandmore.com\/fr\/wp-json\/wp\/v2\/comments?post=159680"}],"wp:featuredmedia":[{"embeddable":true,"href":"https:\/\/tourtravelandmore.com\/fr\/wp-json\/wp\/v2\/media\/159658"}],"wp:attachment":[{"href":"https:\/\/tourtravelandmore.com\/fr\/wp-json\/wp\/v2\/media?parent=159680"}],"wp:term":[{"taxonomy":"product_brand","embeddable":true,"href":"https:\/\/tourtravelandmore.com\/fr\/wp-json\/wp\/v2\/product_brand?post=159680"},{"taxonomy":"product_cat","embeddable":true,"href":"https:\/\/tourtravelandmore.com\/fr\/wp-json\/wp\/v2\/product_cat?post=159680"},{"taxonomy":"product_tag","embeddable":true,"href":"https:\/\/tourtravelandmore.com\/fr\/wp-json\/wp\/v2\/product_tag?post=159680"}],"curies":[{"name":"wp","href":"https:\/\/api.w.org\/{rel}","templated":true}]}}