{"id":159492,"date":"2023-03-30T23:13:19","date_gmt":"2023-03-30T21:13:19","guid":{"rendered":"https:\/\/tourtravelandmore.com\/tours\/non%20class\u00e9\/visite-privee-de-taormine-et-de-la-cave-de-letna-depuis-taormine\/"},"modified":"2023-04-13T10:30:13","modified_gmt":"2023-04-13T08:30:13","slug":"visite-privee-de-taormine-et-de-la-cave-de-letna-depuis-taormine","status":"publish","type":"product","link":"https:\/\/tourtravelandmore.com\/fr\/tours\/italie-fr\/taormina-fr\/tous-les-circuits-et-activites-prives-taormina\/visite-privee-de-taormine-et-de-la-cave-de-letna-depuis-taormine\/","title":{"rendered":"Visite priv\u00e9e de Taormine et de la cave de l&#8217;Etna depuis Taormine"},"content":{"rendered":"<h2><b>Description de la visite priv\u00e9e de Taormine et de la cave de l&#8217;Etna depuis Taormine<\/b><\/h2>\n<p>&nbsp;<\/p>\n<p><span style=\"font-weight: 400;\">Partez pour une visite priv\u00e9e inoubliable de 7 heures de Taormine et de la visite d&#8217;une cave sur la pente nord du mont Etna, au d\u00e9part de Taormine. La visite comprend un guide professionnel, un v\u00e9hicule avec chauffeur, une visite d&#8217;une cave prestigieuse et un d\u00e9jeuner l\u00e9ger avec des produits locaux. D\u00e9couvrez la beaut\u00e9 enchanteresse de Taormine et l&#8217;h\u00e9ritage unique de la vinification de l&#8217;Etna, tout en b\u00e9n\u00e9ficiant d&#8217;une attention personnalis\u00e9e et d&#8217;un itin\u00e9raire sur mesure en fonction de vos pr\u00e9f\u00e9rences.<\/span><\/p>\n<p>&nbsp;<\/p>\n<h2><b>Points d&#8217;int\u00e9r\u00eat de la visite priv\u00e9e de Taormine et de la cave de l&#8217;Etna depuis Taormine<\/b><\/h2>\n<p>&nbsp;<\/p>\n<p><span style=\"font-weight: 400;\">Plongez dans l&#8217;histoire fascinante, les paysages \u00e0 couper le souffle et la culture riche de Taormine et de la r\u00e9gion de l&#8217;Etna lors de cette visite priv\u00e9e. Explorez les rues charmantes de Taormine, visitez une cave renomm\u00e9e sur les pentes nord de l&#8217;Etna et d\u00e9gustez un d\u00e9jeuner l\u00e9ger compos\u00e9 de d\u00e9licieux produits locaux. Cette visite exclusive met en valeur le meilleur de Taormine et de la r\u00e9gion viticole de l&#8217;Etna, vous offrant une exp\u00e9rience immersive et inoubliable.<\/span><\/p>\n<p>&nbsp;<\/p>\n<h3><b>Visite de la cave de l&#8217;Etna<\/b><\/h3>\n<p>&nbsp;<\/p>\n<p><span style=\"font-weight: 400;\">D\u00e9couvrez les traditions uniques de la vinification de la r\u00e9gion de l&#8217;Etna avec une visite d&#8217;une cave prestigieuse sur les pentes nord du volcan. Apprenez les caract\u00e9ristiques distinctes du sol volcanique et son influence sur les saveurs et les ar\u00f4mes des vins produits ici. Profitez d&#8217;une visite guid\u00e9e des vignobles et des caves, suivie d&#8217;une d\u00e9gustation de vins accompagn\u00e9e d&#8217;un d\u00e9jeuner l\u00e9ger compos\u00e9 de produits locaux. Rencontrez les vignerons passionn\u00e9s et approfondissez votre compr\u00e9hension de leur m\u00e9tier tout en profitant des vues spectaculaires sur les vignobles et le mont Etna en arri\u00e8re-plan.<\/span><\/p>\n<p>&nbsp;<\/p>\n<h3><b>La pente nord du mont Etna<\/b><\/h3>\n<p>&nbsp;<\/p>\n<p><span style=\"font-weight: 400;\">Explorez la magnifique pente nord du mont Etna, c\u00e9l\u00e8bre pour ses vignobles luxuriants, ses sols fertiles et ses paysages spectaculaires. D\u00e9couvrez la beaut\u00e9 \u00e0 couper le souffle du terrain volcanique, parsem\u00e9 de coul\u00e9es de lave anciennes et d&#8217;une v\u00e9g\u00e9tation prosp\u00e8re. Apprenez les caract\u00e9ristiques g\u00e9ologiques uniques de la r\u00e9gion, ainsi que l&#8217;histoire fascinante du mont Etna, l&#8217;un des volcans les plus actifs d&#8217;Europe. D\u00e9couvrez les charmants villages qui pars\u00e8ment les pentes de la montagne et profitez de leur hospitalit\u00e9 chaleureuse et de leur d\u00e9licieuse cuisine locale tout en explorant cette r\u00e9gion remarquable.<\/span><\/p>\n<p>&nbsp;<\/p>\n<h3><b>Taormine pittoresque<\/b><\/h3>\n<p>&nbsp;<\/p>\n<p><span style=\"font-weight: 400;\">Immergez-vous dans le charme captivant de Taormine, une ville pittoresque perch\u00e9e sur une colline surplombant la mer Ionienne. Promenez-vous dans ses rues \u00e9troites et sinue uses, admirant les bijoux architecturaux, les magnifiques jardins et les vues panoramiques. Visitez l&#8217;ancien th\u00e9\u00e2tre grec, la magnifique Isola Bella et la vibrante Piazza IX Aprile, tout en apprenant l&#8217;histoire riche et le patrimoine culturel de Taormine. Promenez-vous le long du c\u00e9l\u00e8bre Corso Umberto, bord\u00e9 de boutiques \u00e9l\u00e9gantes, de caf\u00e9s charmants et de restaurants accueillants, et d\u00e9couvrez l&#8217;atmosph\u00e8re anim\u00e9e de cette charmante ville sicilienne.<\/span><\/p>\n<p>&nbsp;<\/p>\n<h3><b>Le Gouffre d&#8217;Alcantara<\/b><\/h3>\n<p>&nbsp;<\/p>\n<p><span style=\"font-weight: 400;\">Visitez l&#8217;impressionnant Gouffre d&#8217;Alcantara, une merveille naturelle form\u00e9e par la rivi\u00e8re Alcantara qui traverse de la lave basaltique du mont Etna. Admirez les impressionnantes formations rocheuses et les eaux cristallines tout en marchant le long des sentiers ou en participant \u00e0 une excitante aventure de trekking fluvial. Ce site g\u00e9ologique remarquable offre une occasion unique d&#8217;explorer les puissantes forces de la nature en action et de d\u00e9couvrir la beaut\u00e9 \u00e0 couper le souffle du paysage sicilien.<\/span><\/p>\n<p>&nbsp;<\/p>\n<p><span style=\"font-weight: 400;\">D\u00e9couvrez la liste compl\u00e8te des visites priv\u00e9es \u00e0 Taormine et dans les environs que Tour Travel and More propose \u00e0 ses utilisateurs en visitant notre site web. Personnalisez d\u00e8s maintenant votre exp\u00e9rience sicilienne parfaite ! Choisissez parmi notre s\u00e9lection soigneusement \u00e9labor\u00e9e de visites priv\u00e9es, con\u00e7ues pour r\u00e9pondre \u00e0 vos int\u00e9r\u00eats, pr\u00e9f\u00e9rences et d\u00e9sirs uniques. N&#8217;attendez plus &#8211; <\/span><a href=\"https:\/\/tourtravelandmore.com\/fr\/city\/italie-fr\/taormina-fr\/\"><span style=\"font-weight: 400;\">explorez nos offres exclusives et commencez votre r\u00eave sicilien d\u00e8s maintenant.<\/span><\/a><\/p>\n","protected":false},"excerpt":{"rendered":"<p><span style=\"font-weight: 400;\">Profitez d&#8217;une visite priv\u00e9e inoubliable de 7 heures de Taormine et d&#8217;une visite de vignoble sur la pente nord de l&#8217;Etna, accompagn\u00e9e d&#8217;un guide, d&#8217;un chauffeur et d&#8217;un d\u00e9jeuner l\u00e9ger avec des produits locaux. D\u00e9couvrez la beaut\u00e9 captivante de Taormine et l&#8217;h\u00e9ritage unique de la production de vin de la r\u00e9gion de l&#8217;Etna.<\/span><\/p>\n","protected":false},"featured_media":159470,"comment_status":"open","ping_status":"closed","template":"","meta":{"_acf_changed":false},"product_brand":[],"product_cat":[4366,4376,4308],"product_tag":[],"class_list":{"0":"post-159492","1":"product","2":"type-product","3":"status-publish","4":"has-post-thumbnail","6":"product_cat-tous-les-circuits-et-activites-prives-taormina","7":"product_cat-visites-guidees-privees-fr-4","8":"product_cat-taormina-fr","10":"first","11":"instock","12":"shipping-taxable","13":"purchasable","14":"product-type-simple"},"acf":[],"yoast_head":"<!-- This site is optimized with the Yoast SEO Premium plugin v25.3.1 (Yoast SEO v25.3.1) - https:\/\/yoast.com\/wordpress\/plugins\/seo\/ -->\n<title>\u27a1\ufe0f Visite priv\u00e9e de Taormine et de vignoble de l&#039;Etna : d\u00e9couvrez la beaut\u00e9 envo\u00fbtante de la Sicile | Tour Travel and More<\/title>\n<meta name=\"description\" content=\"D\u00e9couvrez le charme captivant de Taormine et l&#039;h\u00e9ritage unique de la production de vin de l&#039;Etna lors d&#039;une visite priv\u00e9e de 7 heures, accompagn\u00e9e d&#039;un guide, d&#039;un chauffeur et d&#039;un d\u00e9jeuner l\u00e9ger. R\u00e9servez d\u00e8s maintenant votre aventure sicilienne sur mesure avec Tour Travel and More ! \u2705\" \/>\n<meta name=\"robots\" content=\"index, follow, max-snippet:-1, max-image-preview:large, max-video-preview:-1\" \/>\n<link rel=\"canonical\" href=\"https:\/\/tourtravelandmore.com\/fr\/tours\/italie-fr\/taormina-fr\/tous-les-circuits-et-activites-prives-taormina\/visite-privee-de-taormine-et-de-la-cave-de-letna-depuis-taormine\/\" \/>\n<meta property=\"og:locale\" content=\"fr_FR\" \/>\n<meta property=\"og:type\" content=\"article\" \/>\n<meta property=\"og:title\" content=\"Visite priv\u00e9e de Taormine et de la cave de l&#039;Etna depuis Taormine\" \/>\n<meta property=\"og:description\" content=\"D\u00e9couvrez le charme captivant de Taormine et l&#039;h\u00e9ritage unique de la production de vin de l&#039;Etna lors d&#039;une visite priv\u00e9e de 7 heures, accompagn\u00e9e d&#039;un guide, d&#039;un chauffeur et d&#039;un d\u00e9jeuner l\u00e9ger. R\u00e9servez d\u00e8s maintenant votre aventure sicilienne sur mesure avec Tour Travel and More ! \u2705\" \/>\n<meta property=\"og:url\" content=\"https:\/\/tourtravelandmore.com\/fr\/tours\/italie-fr\/taormina-fr\/tous-les-circuits-et-activites-prives-taormina\/visite-privee-de-taormine-et-de-la-cave-de-letna-depuis-taormine\/\" \/>\n<meta property=\"og:site_name\" content=\"Tour Travel And More\" \/>\n<meta property=\"article:publisher\" content=\"https:\/\/www.facebook.com\/tourtravelandmore\/\" \/>\n<meta property=\"article:modified_time\" content=\"2023-04-13T08:30:13+00:00\" \/>\n<meta property=\"og:image\" content=\"https:\/\/tourtravelandmore.com\/wp-content\/uploads\/2023\/03\/image1-9.jpg\" \/>\n\t<meta property=\"og:image:width\" content=\"950\" \/>\n\t<meta property=\"og:image:height\" content=\"750\" \/>\n\t<meta property=\"og:image:type\" content=\"image\/jpeg\" \/>\n<meta name=\"twitter:card\" content=\"summary_large_image\" \/>\n<meta name=\"twitter:site\" content=\"@TourTravel_More\" \/>\n<meta name=\"twitter:label1\" content=\"Dur\u00e9e de lecture estim\u00e9e\" \/>\n\t<meta name=\"twitter:data1\" content=\"4 minutes\" \/>\n<script type=\"application\/ld+json\" class=\"yoast-schema-graph\">{\"@context\":\"https:\/\/schema.org\",\"@graph\":[{\"@type\":\"WebPage\",\"@id\":\"https:\/\/tourtravelandmore.com\/fr\/tours\/italie-fr\/taormina-fr\/tous-les-circuits-et-activites-prives-taormina\/visite-privee-de-taormine-et-de-la-cave-de-letna-depuis-taormine\/\",\"url\":\"https:\/\/tourtravelandmore.com\/fr\/tours\/italie-fr\/taormina-fr\/tous-les-circuits-et-activites-prives-taormina\/visite-privee-de-taormine-et-de-la-cave-de-letna-depuis-taormine\/\",\"name\":\"\u27a1\ufe0f Visite priv\u00e9e de Taormine et de vignoble de l'Etna : d\u00e9couvrez la beaut\u00e9 envo\u00fbtante de la Sicile | Tour Travel and More\",\"isPartOf\":{\"@id\":\"https:\/\/tourtravelandmore.com\/fr\/#website\"},\"primaryImageOfPage\":{\"@id\":\"https:\/\/tourtravelandmore.com\/fr\/tours\/italie-fr\/taormina-fr\/tous-les-circuits-et-activites-prives-taormina\/visite-privee-de-taormine-et-de-la-cave-de-letna-depuis-taormine\/#primaryimage\"},\"image\":{\"@id\":\"https:\/\/tourtravelandmore.com\/fr\/tours\/italie-fr\/taormina-fr\/tous-les-circuits-et-activites-prives-taormina\/visite-privee-de-taormine-et-de-la-cave-de-letna-depuis-taormine\/#primaryimage\"},\"thumbnailUrl\":\"https:\/\/tourtravelandmore.com\/wp-content\/uploads\/2023\/03\/image1-9.jpg\",\"datePublished\":\"2023-03-30T21:13:19+00:00\",\"dateModified\":\"2023-04-13T08:30:13+00:00\",\"description\":\"D\u00e9couvrez le charme captivant de Taormine et l'h\u00e9ritage unique de la production de vin de l'Etna lors d'une visite priv\u00e9e de 7 heures, accompagn\u00e9e d'un guide, d'un chauffeur et d'un d\u00e9jeuner l\u00e9ger. R\u00e9servez d\u00e8s maintenant votre aventure sicilienne sur mesure avec Tour Travel and More ! \u2705\",\"breadcrumb\":{\"@id\":\"https:\/\/tourtravelandmore.com\/fr\/tours\/italie-fr\/taormina-fr\/tous-les-circuits-et-activites-prives-taormina\/visite-privee-de-taormine-et-de-la-cave-de-letna-depuis-taormine\/#breadcrumb\"},\"inLanguage\":\"fr-FR\",\"potentialAction\":[{\"@type\":\"ReadAction\",\"target\":[\"https:\/\/tourtravelandmore.com\/fr\/tours\/italie-fr\/taormina-fr\/tous-les-circuits-et-activites-prives-taormina\/visite-privee-de-taormine-et-de-la-cave-de-letna-depuis-taormine\/\"]}]},{\"@type\":\"ImageObject\",\"inLanguage\":\"fr-FR\",\"@id\":\"https:\/\/tourtravelandmore.com\/fr\/tours\/italie-fr\/taormina-fr\/tous-les-circuits-et-activites-prives-taormina\/visite-privee-de-taormine-et-de-la-cave-de-letna-depuis-taormine\/#primaryimage\",\"url\":\"https:\/\/tourtravelandmore.com\/wp-content\/uploads\/2023\/03\/image1-9.jpg\",\"contentUrl\":\"https:\/\/tourtravelandmore.com\/wp-content\/uploads\/2023\/03\/image1-9.jpg\",\"width\":950,\"height\":750},{\"@type\":\"BreadcrumbList\",\"@id\":\"https:\/\/tourtravelandmore.com\/fr\/tours\/italie-fr\/taormina-fr\/tous-les-circuits-et-activites-prives-taormina\/visite-privee-de-taormine-et-de-la-cave-de-letna-depuis-taormine\/#breadcrumb\",\"itemListElement\":[{\"@type\":\"ListItem\",\"position\":1,\"name\":\"Home\",\"item\":\"https:\/\/tourtravelandmore.com\/fr\/\"},{\"@type\":\"ListItem\",\"position\":2,\"name\":\"Tours\",\"item\":\"https:\/\/tourtravelandmore.com\/fr\/tours\/\"},{\"@type\":\"ListItem\",\"position\":3,\"name\":\"Visite priv\u00e9e de Taormine et de la cave de l&#8217;Etna depuis Taormine\"}]},{\"@type\":\"WebSite\",\"@id\":\"https:\/\/tourtravelandmore.com\/fr\/#website\",\"url\":\"https:\/\/tourtravelandmore.com\/fr\/\",\"name\":\"Tour Travel And More\",\"description\":\"Private sightseeing tours and luxury transfers in Spain\",\"publisher\":{\"@id\":\"https:\/\/tourtravelandmore.com\/fr\/#organization\"},\"potentialAction\":[{\"@type\":\"SearchAction\",\"target\":{\"@type\":\"EntryPoint\",\"urlTemplate\":\"https:\/\/tourtravelandmore.com\/fr\/?s={search_term_string}\"},\"query-input\":{\"@type\":\"PropertyValueSpecification\",\"valueRequired\":true,\"valueName\":\"search_term_string\"}}],\"inLanguage\":\"fr-FR\"},{\"@type\":\"Organization\",\"@id\":\"https:\/\/tourtravelandmore.com\/fr\/#organization\",\"name\":\"Tour Travel And More\",\"url\":\"https:\/\/tourtravelandmore.com\/fr\/\",\"logo\":{\"@type\":\"ImageObject\",\"inLanguage\":\"fr-FR\",\"@id\":\"https:\/\/tourtravelandmore.com\/fr\/#\/schema\/logo\/image\/\",\"url\":\"https:\/\/tourtravelandmore.com\/wp-content\/uploads\/2022\/12\/cropped-logo-cabecera-new.png\",\"contentUrl\":\"https:\/\/tourtravelandmore.com\/wp-content\/uploads\/2022\/12\/cropped-logo-cabecera-new.png\",\"width\":430,\"height\":61,\"caption\":\"Tour Travel And More\"},\"image\":{\"@id\":\"https:\/\/tourtravelandmore.com\/fr\/#\/schema\/logo\/image\/\"},\"sameAs\":[\"https:\/\/www.facebook.com\/tourtravelandmore\/\",\"https:\/\/x.com\/TourTravel_More\"]}]}<\/script>\n<!-- \/ Yoast SEO Premium plugin. -->","yoast_head_json":{"title":"\u27a1\ufe0f Visite priv\u00e9e de Taormine et de vignoble de l'Etna : d\u00e9couvrez la beaut\u00e9 envo\u00fbtante de la Sicile | Tour Travel and More","description":"D\u00e9couvrez le charme captivant de Taormine et l'h\u00e9ritage unique de la production de vin de l'Etna lors d'une visite priv\u00e9e de 7 heures, accompagn\u00e9e d'un guide, d'un chauffeur et d'un d\u00e9jeuner l\u00e9ger. R\u00e9servez d\u00e8s maintenant votre aventure sicilienne sur mesure avec Tour Travel and More ! \u2705","robots":{"index":"index","follow":"follow","max-snippet":"max-snippet:-1","max-image-preview":"max-image-preview:large","max-video-preview":"max-video-preview:-1"},"canonical":"https:\/\/tourtravelandmore.com\/fr\/tours\/italie-fr\/taormina-fr\/tous-les-circuits-et-activites-prives-taormina\/visite-privee-de-taormine-et-de-la-cave-de-letna-depuis-taormine\/","og_locale":"fr_FR","og_type":"article","og_title":"Visite priv\u00e9e de Taormine et de la cave de l'Etna depuis Taormine","og_description":"D\u00e9couvrez le charme captivant de Taormine et l'h\u00e9ritage unique de la production de vin de l'Etna lors d'une visite priv\u00e9e de 7 heures, accompagn\u00e9e d'un guide, d'un chauffeur et d'un d\u00e9jeuner l\u00e9ger. R\u00e9servez d\u00e8s maintenant votre aventure sicilienne sur mesure avec Tour Travel and More ! \u2705","og_url":"https:\/\/tourtravelandmore.com\/fr\/tours\/italie-fr\/taormina-fr\/tous-les-circuits-et-activites-prives-taormina\/visite-privee-de-taormine-et-de-la-cave-de-letna-depuis-taormine\/","og_site_name":"Tour Travel And More","article_publisher":"https:\/\/www.facebook.com\/tourtravelandmore\/","article_modified_time":"2023-04-13T08:30:13+00:00","og_image":[{"width":950,"height":750,"url":"https:\/\/tourtravelandmore.com\/wp-content\/uploads\/2023\/03\/image1-9.jpg","type":"image\/jpeg"}],"twitter_card":"summary_large_image","twitter_site":"@TourTravel_More","twitter_misc":{"Dur\u00e9e de lecture estim\u00e9e":"4 minutes"},"schema":{"@context":"https:\/\/schema.org","@graph":[{"@type":"WebPage","@id":"https:\/\/tourtravelandmore.com\/fr\/tours\/italie-fr\/taormina-fr\/tous-les-circuits-et-activites-prives-taormina\/visite-privee-de-taormine-et-de-la-cave-de-letna-depuis-taormine\/","url":"https:\/\/tourtravelandmore.com\/fr\/tours\/italie-fr\/taormina-fr\/tous-les-circuits-et-activites-prives-taormina\/visite-privee-de-taormine-et-de-la-cave-de-letna-depuis-taormine\/","name":"\u27a1\ufe0f Visite priv\u00e9e de Taormine et de vignoble de l'Etna : d\u00e9couvrez la beaut\u00e9 envo\u00fbtante de la Sicile | Tour Travel and More","isPartOf":{"@id":"https:\/\/tourtravelandmore.com\/fr\/#website"},"primaryImageOfPage":{"@id":"https:\/\/tourtravelandmore.com\/fr\/tours\/italie-fr\/taormina-fr\/tous-les-circuits-et-activites-prives-taormina\/visite-privee-de-taormine-et-de-la-cave-de-letna-depuis-taormine\/#primaryimage"},"image":{"@id":"https:\/\/tourtravelandmore.com\/fr\/tours\/italie-fr\/taormina-fr\/tous-les-circuits-et-activites-prives-taormina\/visite-privee-de-taormine-et-de-la-cave-de-letna-depuis-taormine\/#primaryimage"},"thumbnailUrl":"https:\/\/tourtravelandmore.com\/wp-content\/uploads\/2023\/03\/image1-9.jpg","datePublished":"2023-03-30T21:13:19+00:00","dateModified":"2023-04-13T08:30:13+00:00","description":"D\u00e9couvrez le charme captivant de Taormine et l'h\u00e9ritage unique de la production de vin de l'Etna lors d'une visite priv\u00e9e de 7 heures, accompagn\u00e9e d'un guide, d'un chauffeur et d'un d\u00e9jeuner l\u00e9ger. R\u00e9servez d\u00e8s maintenant votre aventure sicilienne sur mesure avec Tour Travel and More ! \u2705","breadcrumb":{"@id":"https:\/\/tourtravelandmore.com\/fr\/tours\/italie-fr\/taormina-fr\/tous-les-circuits-et-activites-prives-taormina\/visite-privee-de-taormine-et-de-la-cave-de-letna-depuis-taormine\/#breadcrumb"},"inLanguage":"fr-FR","potentialAction":[{"@type":"ReadAction","target":["https:\/\/tourtravelandmore.com\/fr\/tours\/italie-fr\/taormina-fr\/tous-les-circuits-et-activites-prives-taormina\/visite-privee-de-taormine-et-de-la-cave-de-letna-depuis-taormine\/"]}]},{"@type":"ImageObject","inLanguage":"fr-FR","@id":"https:\/\/tourtravelandmore.com\/fr\/tours\/italie-fr\/taormina-fr\/tous-les-circuits-et-activites-prives-taormina\/visite-privee-de-taormine-et-de-la-cave-de-letna-depuis-taormine\/#primaryimage","url":"https:\/\/tourtravelandmore.com\/wp-content\/uploads\/2023\/03\/image1-9.jpg","contentUrl":"https:\/\/tourtravelandmore.com\/wp-content\/uploads\/2023\/03\/image1-9.jpg","width":950,"height":750},{"@type":"BreadcrumbList","@id":"https:\/\/tourtravelandmore.com\/fr\/tours\/italie-fr\/taormina-fr\/tous-les-circuits-et-activites-prives-taormina\/visite-privee-de-taormine-et-de-la-cave-de-letna-depuis-taormine\/#breadcrumb","itemListElement":[{"@type":"ListItem","position":1,"name":"Home","item":"https:\/\/tourtravelandmore.com\/fr\/"},{"@type":"ListItem","position":2,"name":"Tours","item":"https:\/\/tourtravelandmore.com\/fr\/tours\/"},{"@type":"ListItem","position":3,"name":"Visite priv\u00e9e de Taormine et de la cave de l&#8217;Etna depuis Taormine"}]},{"@type":"WebSite","@id":"https:\/\/tourtravelandmore.com\/fr\/#website","url":"https:\/\/tourtravelandmore.com\/fr\/","name":"Tour Travel And More","description":"Private sightseeing tours and luxury transfers in Spain","publisher":{"@id":"https:\/\/tourtravelandmore.com\/fr\/#organization"},"potentialAction":[{"@type":"SearchAction","target":{"@type":"EntryPoint","urlTemplate":"https:\/\/tourtravelandmore.com\/fr\/?s={search_term_string}"},"query-input":{"@type":"PropertyValueSpecification","valueRequired":true,"valueName":"search_term_string"}}],"inLanguage":"fr-FR"},{"@type":"Organization","@id":"https:\/\/tourtravelandmore.com\/fr\/#organization","name":"Tour Travel And More","url":"https:\/\/tourtravelandmore.com\/fr\/","logo":{"@type":"ImageObject","inLanguage":"fr-FR","@id":"https:\/\/tourtravelandmore.com\/fr\/#\/schema\/logo\/image\/","url":"https:\/\/tourtravelandmore.com\/wp-content\/uploads\/2022\/12\/cropped-logo-cabecera-new.png","contentUrl":"https:\/\/tourtravelandmore.com\/wp-content\/uploads\/2022\/12\/cropped-logo-cabecera-new.png","width":430,"height":61,"caption":"Tour Travel And More"},"image":{"@id":"https:\/\/tourtravelandmore.com\/fr\/#\/schema\/logo\/image\/"},"sameAs":["https:\/\/www.facebook.com\/tourtravelandmore\/","https:\/\/x.com\/TourTravel_More"]}]}},"_links":{"self":[{"href":"https:\/\/tourtravelandmore.com\/fr\/wp-json\/wp\/v2\/product\/159492","targetHints":{"allow":["GET"]}}],"collection":[{"href":"https:\/\/tourtravelandmore.com\/fr\/wp-json\/wp\/v2\/product"}],"about":[{"href":"https:\/\/tourtravelandmore.com\/fr\/wp-json\/wp\/v2\/types\/product"}],"replies":[{"embeddable":true,"href":"https:\/\/tourtravelandmore.com\/fr\/wp-json\/wp\/v2\/comments?post=159492"}],"wp:featuredmedia":[{"embeddable":true,"href":"https:\/\/tourtravelandmore.com\/fr\/wp-json\/wp\/v2\/media\/159470"}],"wp:attachment":[{"href":"https:\/\/tourtravelandmore.com\/fr\/wp-json\/wp\/v2\/media?parent=159492"}],"wp:term":[{"taxonomy":"product_brand","embeddable":true,"href":"https:\/\/tourtravelandmore.com\/fr\/wp-json\/wp\/v2\/product_brand?post=159492"},{"taxonomy":"product_cat","embeddable":true,"href":"https:\/\/tourtravelandmore.com\/fr\/wp-json\/wp\/v2\/product_cat?post=159492"},{"taxonomy":"product_tag","embeddable":true,"href":"https:\/\/tourtravelandmore.com\/fr\/wp-json\/wp\/v2\/product_tag?post=159492"}],"curies":[{"name":"wp","href":"https:\/\/api.w.org\/{rel}","templated":true}]}}