{"id":159462,"date":"2023-03-30T22:55:59","date_gmt":"2023-03-30T20:55:59","guid":{"rendered":"https:\/\/tourtravelandmore.com\/tours\/non%20class\u00e9\/tour-prive-de-taormina-et-savoca-au-depart-de-taormina\/"},"modified":"2023-04-13T10:29:48","modified_gmt":"2023-04-13T08:29:48","slug":"tour-prive-de-taormina-et-savoca-au-depart-de-taormina","status":"publish","type":"product","link":"https:\/\/tourtravelandmore.com\/fr\/tours\/italie-fr\/taormina-fr\/tous-les-circuits-et-activites-prives-taormina\/tour-prive-de-taormina-et-savoca-au-depart-de-taormina\/","title":{"rendered":"Tour priv\u00e9 de Taormina et Savoca au d\u00e9part de Taormina"},"content":{"rendered":"<h2><b>Description du tour priv\u00e9 de Taormina et Savoca au d\u00e9part de Taormina<\/b><\/h2>\n<p>&nbsp;<\/p>\n<p><span style=\"font-weight: 400;\">Embarquez pour une visite priv\u00e9e inoubliable de 6 heures de Taormina et Savoca au d\u00e9part de Taormina, accompagn\u00e9 d&#8217;un guide expert et d&#8217;un v\u00e9hicule de luxe. D\u00e9couvrez l&#8217;histoire fascinante, les paysages captivants et les joyaux architecturaux de ces deux charmantes villes siciliennes. Cette visite exclusive est adapt\u00e9e \u00e0 vos pr\u00e9f\u00e9rences, garantissant une exp\u00e9rience personnalis\u00e9e et inoubliable. Voyagez avec style et confort alors que votre v\u00e9hicule de luxe vous transporte \u00e0 travers les paysages pittoresques de ces destinations enchanteresses.<\/span><\/p>\n<p>&nbsp;<\/p>\n<h2><b>Points d&#8217;int\u00e9r\u00eat du tour priv\u00e9 de Taormina et Savoca au d\u00e9part de Taormina<\/b><\/h2>\n<p>&nbsp;<\/p>\n<p><span style=\"font-weight: 400;\">D\u00e9couvrez les attractions captivantes de Taormina et Savoca lors de cette visite priv\u00e9e, avec un guide comp\u00e9tent et un v\u00e9hicule de luxe. Plongez-vous dans la riche histoire et la beaut\u00e9 naturelle de ces deux remarquables villes siciliennes, en visitant des ruines anciennes, des rues charmantes et des points de vue \u00e9poustouflants. Cr\u00e9ez des souvenirs durables en explorant les tr\u00e9sors culturels et historiques uniques que ces lieux idylliques ont \u00e0 offrir.<\/span><\/p>\n<p>&nbsp;<\/p>\n<h3><b>Savoca<\/b><\/h3>\n<p>&nbsp;<\/p>\n<p><span style=\"font-weight: 400;\">Explorez l&#8217;enchanteresse village de Savoca, nich\u00e9 dans les collines siciliennes et r\u00e9put\u00e9 pour son architecture m\u00e9di\u00e9vale bien pr\u00e9serv\u00e9e et ses rues pittoresques. D\u00e9couvrez le Bar Vitelli, un c\u00e9l\u00e8bre caf\u00e9 qui est apparu dans le film embl\u00e9matique &#8220;Le Parrain&#8221;, et visitez l&#8217;\u00e9vocatrice Chiesa Madre, une magnifique \u00e9glise qui abrite de superbes fresques et \u0153uvres d&#8217;art. Fl\u00e2nez dans les ruelles sinueuses de la ville, en profitant des vues \u00e0 couper le souffle sur les paysages environnants, et plongez-vous dans la riche histoire et le charme de cette destination incontournable. Savourez les saveurs authentiques de la cuisine sicilienne traditionnelle dans l&#8217;un des charmants restaurants de Savoca et profitez de l&#8217;occasion pour d\u00e9guster des vins locaux, des fromages et des p\u00e2tisseries. N&#8217;oubliez pas de visiter les boutiques artisanales de la ville, o\u00f9 vous pourrez trouver des souvenirs uniques et des objets d&#8217;artisanat \u00e0 ramener chez vous.<\/span><\/p>\n<p>&nbsp;<\/p>\n<h3><b>Chiesa di San Nicol\u00f2<\/b><\/h3>\n<p>&nbsp;<\/p>\n<p><span style=\"font-weight: 400;\">Visitez l&#8217;historique Chiesa di San Nicol\u00f2 \u00e0 Savoca, une magnifique \u00e9glise datant du 13\u00e8me si\u00e8cle. Admirez les superbes fresques et le retable en bois finement sculpt\u00e9, qui t\u00e9moignent de la ma\u00eetrise artistique de l&#8217;\u00e9poque. L&#8217;\u00e9glise est un t\u00e9moignage du riche patrimoine culturel de Savoca et offre une atmosph\u00e8re sereine pour la r\u00e9flexion et l&#8217;appr\u00e9ciation de l&#8217;importance historique de la ville. Prenez le temps d&#8217;explorer les environs paisibles de l&#8217;\u00e9glise, y compris sa charmante cour et ses jardins, qui offrent un cadre id\u00e9al pour la contemplation tranquille. Participez \u00e0 l&#8217;un des nombreux \u00e9v\u00e9nements culturels ou c\u00e9l\u00e9brations religieuses qui ont lieu \u00e0 l&#8217;\u00e9glise tout au long de l&#8217;ann\u00e9e et d\u00e9couvrez l&#8217;esprit dynamique de la communaut\u00e9 locale.<\/span><\/p>\n<p>&nbsp;<\/p>\n<h3><b>Catacombes de Savoca<\/b><\/h3>\n<p>&nbsp;<\/p>\n<p><span style=\"font-weight: 400;\">Remontez le temps en explorant les myst\u00e9rieuses catacombes de Savoca, une crypte souterraine ancienne qui abrite les restes momifi\u00e9s de nobles et clerg\u00e9s locaux. Ce site \u00e9trange mais fascinant offre un aper\u00e7u unique des coutumes et traditions du pass\u00e9 de la ville, offrant un rare regard sur une \u00e9poque r\u00e9volue. Apprenez-en davantage sur le fascinant processus de momification, ainsi que sur les croyances culturelles et religieuses qui sous-tendent cette pratique ancienne. Embarquez pour une visite guid\u00e9e des catacombes pour mieux comprendre leur importance historique et culturelle, et \u00e9merveillez-vous devant le talent et l&#8217;art qui ont contribu\u00e9 \u00e0 cr\u00e9er ces incroyables chambres souterraines.<\/span><\/p>\n<p>&nbsp;<\/p>\n<h3><b>Points de vue panoramiques de Savoca<\/b><\/h3>\n<p>&nbsp;<\/p>\n<p><span style=\"font-weight: 400;\">D\u00e9couvrez la beaut\u00e9 \u00e0 couper le souffle des points de vue panoramiques de Savoca, qui offrent des vues imprenables sur la campagne environnante, la mer Ionienne et le lointain mont Etna. Ces points de vue sont parfaits pour capturer des photos inoubliables, ainsi que pour simplement prendre un moment pour appr\u00e9cier la splendeur naturelle de la r\u00e9gion. Visitez le Belv\u00e9d\u00e8re de Savoca, un point de vue populaire qui offre une perspective incomparable sur le pittoresque village et ses paysages environnants. En admirant le paysage magnifique, vous comprendrez pourquoi Savoca est consid\u00e9r\u00e9 comme l&#8217;un des joyaux cach\u00e9s de la Sicile.<\/span><\/p>\n<p>&nbsp;<\/p>\n<p><span style=\"font-weight: 400;\">D\u00e9couvrez la liste compl\u00e8te des visites priv\u00e9es \u00e0 Taormina et dans les environs que Tour Travel and More propose \u00e0 ses utilisateurs en visitant notre site Web. Personnalisez votre exp\u00e9rience sicilienne id\u00e9ale d\u00e8s aujourd&#8217;hui! Choisissez parmi notre s\u00e9lection soigneusement organis\u00e9e de visites priv\u00e9es, con\u00e7ues pour r\u00e9pondre \u00e0 vos int\u00e9r\u00eats, pr\u00e9f\u00e9rences et d\u00e9sirs uniques. N&#8217;attendez plus \u2013 <\/span><a href=\"https:\/\/tourtravelandmore.com\/fr\/city\/italie-fr\/taormina-fr\/\"><span style=\"font-weight: 400;\">explorez nos offres exclusives et commencez votre voyage sicilien de r\u00eave d\u00e8s maintenant.<\/span><\/a><\/p>\n","protected":false},"excerpt":{"rendered":"<p>&nbsp;<\/p>\n<p><span style=\"font-weight: 400;\">Vivez une visite priv\u00e9e de 6 heures de Taormina et Savoca au d\u00e9part de Taormina, avec un guide priv\u00e9 et un v\u00e9hicule de luxe. D\u00e9couvrez l&#8217;histoire captivante, les paysages \u00e9poustouflants et les merveilles architecturales de ces villes siciliennes enchanteresses, adapt\u00e9es \u00e0 vos pr\u00e9f\u00e9rences.<\/span><\/p>\n","protected":false},"featured_media":159443,"comment_status":"open","ping_status":"closed","template":"","meta":{"_acf_changed":false},"product_brand":[],"product_cat":[4366,4376,4308],"product_tag":[],"class_list":{"0":"post-159462","1":"product","2":"type-product","3":"status-publish","4":"has-post-thumbnail","6":"product_cat-tous-les-circuits-et-activites-prives-taormina","7":"product_cat-visites-guidees-privees-fr-4","8":"product_cat-taormina-fr","10":"first","11":"instock","12":"shipping-taxable","13":"purchasable","14":"product-type-simple"},"acf":[],"yoast_head":"<!-- This site is optimized with the Yoast SEO Premium plugin v25.3.1 (Yoast SEO v25.3.1) - https:\/\/yoast.com\/wordpress\/plugins\/seo\/ -->\n<title>\u27a1\ufe0f Visite priv\u00e9e de Taormina et Savoca : D\u00e9couvrez les villages enchanteurs de Sicile | Tour Travel and More<\/title>\n<meta name=\"description\" content=\"Plongez-vous dans une visite priv\u00e9e de 6 heures de Taormina et Savoca avec un guide priv\u00e9 et un v\u00e9hicule de luxe, en explorant leur histoire captivante, leurs paysages et leurs attractions. R\u00e9servez votre aventure sicilienne sur mesure avec Tour Travel and More maintenant! \u2705\" \/>\n<meta name=\"robots\" content=\"index, follow, max-snippet:-1, max-image-preview:large, max-video-preview:-1\" \/>\n<link rel=\"canonical\" href=\"https:\/\/tourtravelandmore.com\/fr\/tours\/italie-fr\/taormina-fr\/tous-les-circuits-et-activites-prives-taormina\/tour-prive-de-taormina-et-savoca-au-depart-de-taormina\/\" \/>\n<meta property=\"og:locale\" content=\"fr_FR\" \/>\n<meta property=\"og:type\" content=\"article\" \/>\n<meta property=\"og:title\" content=\"Tour priv\u00e9 de Taormina et Savoca au d\u00e9part de Taormina\" \/>\n<meta property=\"og:description\" content=\"Plongez-vous dans une visite priv\u00e9e de 6 heures de Taormina et Savoca avec un guide priv\u00e9 et un v\u00e9hicule de luxe, en explorant leur histoire captivante, leurs paysages et leurs attractions. R\u00e9servez votre aventure sicilienne sur mesure avec Tour Travel and More maintenant! \u2705\" \/>\n<meta property=\"og:url\" content=\"https:\/\/tourtravelandmore.com\/fr\/tours\/italie-fr\/taormina-fr\/tous-les-circuits-et-activites-prives-taormina\/tour-prive-de-taormina-et-savoca-au-depart-de-taormina\/\" \/>\n<meta property=\"og:site_name\" content=\"Tour Travel And More\" \/>\n<meta property=\"article:publisher\" content=\"https:\/\/www.facebook.com\/tourtravelandmore\/\" \/>\n<meta property=\"article:modified_time\" content=\"2023-04-13T08:29:48+00:00\" \/>\n<meta property=\"og:image\" content=\"https:\/\/tourtravelandmore.com\/wp-content\/uploads\/2023\/03\/image2-8.jpg\" \/>\n\t<meta property=\"og:image:width\" content=\"950\" \/>\n\t<meta property=\"og:image:height\" content=\"750\" \/>\n\t<meta property=\"og:image:type\" content=\"image\/jpeg\" \/>\n<meta name=\"twitter:card\" content=\"summary_large_image\" \/>\n<meta name=\"twitter:site\" content=\"@TourTravel_More\" \/>\n<meta name=\"twitter:label1\" content=\"Dur\u00e9e de lecture estim\u00e9e\" \/>\n\t<meta name=\"twitter:data1\" content=\"4 minutes\" \/>\n<script type=\"application\/ld+json\" class=\"yoast-schema-graph\">{\"@context\":\"https:\/\/schema.org\",\"@graph\":[{\"@type\":\"WebPage\",\"@id\":\"https:\/\/tourtravelandmore.com\/fr\/tours\/italie-fr\/taormina-fr\/tous-les-circuits-et-activites-prives-taormina\/tour-prive-de-taormina-et-savoca-au-depart-de-taormina\/\",\"url\":\"https:\/\/tourtravelandmore.com\/fr\/tours\/italie-fr\/taormina-fr\/tous-les-circuits-et-activites-prives-taormina\/tour-prive-de-taormina-et-savoca-au-depart-de-taormina\/\",\"name\":\"\u27a1\ufe0f Visite priv\u00e9e de Taormina et Savoca : D\u00e9couvrez les villages enchanteurs de Sicile | Tour Travel and More\",\"isPartOf\":{\"@id\":\"https:\/\/tourtravelandmore.com\/fr\/#website\"},\"primaryImageOfPage\":{\"@id\":\"https:\/\/tourtravelandmore.com\/fr\/tours\/italie-fr\/taormina-fr\/tous-les-circuits-et-activites-prives-taormina\/tour-prive-de-taormina-et-savoca-au-depart-de-taormina\/#primaryimage\"},\"image\":{\"@id\":\"https:\/\/tourtravelandmore.com\/fr\/tours\/italie-fr\/taormina-fr\/tous-les-circuits-et-activites-prives-taormina\/tour-prive-de-taormina-et-savoca-au-depart-de-taormina\/#primaryimage\"},\"thumbnailUrl\":\"https:\/\/tourtravelandmore.com\/wp-content\/uploads\/2023\/03\/image2-8.jpg\",\"datePublished\":\"2023-03-30T20:55:59+00:00\",\"dateModified\":\"2023-04-13T08:29:48+00:00\",\"description\":\"Plongez-vous dans une visite priv\u00e9e de 6 heures de Taormina et Savoca avec un guide priv\u00e9 et un v\u00e9hicule de luxe, en explorant leur histoire captivante, leurs paysages et leurs attractions. R\u00e9servez votre aventure sicilienne sur mesure avec Tour Travel and More maintenant! \u2705\",\"breadcrumb\":{\"@id\":\"https:\/\/tourtravelandmore.com\/fr\/tours\/italie-fr\/taormina-fr\/tous-les-circuits-et-activites-prives-taormina\/tour-prive-de-taormina-et-savoca-au-depart-de-taormina\/#breadcrumb\"},\"inLanguage\":\"fr-FR\",\"potentialAction\":[{\"@type\":\"ReadAction\",\"target\":[\"https:\/\/tourtravelandmore.com\/fr\/tours\/italie-fr\/taormina-fr\/tous-les-circuits-et-activites-prives-taormina\/tour-prive-de-taormina-et-savoca-au-depart-de-taormina\/\"]}]},{\"@type\":\"ImageObject\",\"inLanguage\":\"fr-FR\",\"@id\":\"https:\/\/tourtravelandmore.com\/fr\/tours\/italie-fr\/taormina-fr\/tous-les-circuits-et-activites-prives-taormina\/tour-prive-de-taormina-et-savoca-au-depart-de-taormina\/#primaryimage\",\"url\":\"https:\/\/tourtravelandmore.com\/wp-content\/uploads\/2023\/03\/image2-8.jpg\",\"contentUrl\":\"https:\/\/tourtravelandmore.com\/wp-content\/uploads\/2023\/03\/image2-8.jpg\",\"width\":950,\"height\":750},{\"@type\":\"BreadcrumbList\",\"@id\":\"https:\/\/tourtravelandmore.com\/fr\/tours\/italie-fr\/taormina-fr\/tous-les-circuits-et-activites-prives-taormina\/tour-prive-de-taormina-et-savoca-au-depart-de-taormina\/#breadcrumb\",\"itemListElement\":[{\"@type\":\"ListItem\",\"position\":1,\"name\":\"Home\",\"item\":\"https:\/\/tourtravelandmore.com\/fr\/\"},{\"@type\":\"ListItem\",\"position\":2,\"name\":\"Tours\",\"item\":\"https:\/\/tourtravelandmore.com\/fr\/tours\/\"},{\"@type\":\"ListItem\",\"position\":3,\"name\":\"Tour priv\u00e9 de Taormina et Savoca au d\u00e9part de Taormina\"}]},{\"@type\":\"WebSite\",\"@id\":\"https:\/\/tourtravelandmore.com\/fr\/#website\",\"url\":\"https:\/\/tourtravelandmore.com\/fr\/\",\"name\":\"Tour Travel And More\",\"description\":\"Private sightseeing tours and luxury transfers in Spain\",\"publisher\":{\"@id\":\"https:\/\/tourtravelandmore.com\/fr\/#organization\"},\"potentialAction\":[{\"@type\":\"SearchAction\",\"target\":{\"@type\":\"EntryPoint\",\"urlTemplate\":\"https:\/\/tourtravelandmore.com\/fr\/?s={search_term_string}\"},\"query-input\":{\"@type\":\"PropertyValueSpecification\",\"valueRequired\":true,\"valueName\":\"search_term_string\"}}],\"inLanguage\":\"fr-FR\"},{\"@type\":\"Organization\",\"@id\":\"https:\/\/tourtravelandmore.com\/fr\/#organization\",\"name\":\"Tour Travel And More\",\"url\":\"https:\/\/tourtravelandmore.com\/fr\/\",\"logo\":{\"@type\":\"ImageObject\",\"inLanguage\":\"fr-FR\",\"@id\":\"https:\/\/tourtravelandmore.com\/fr\/#\/schema\/logo\/image\/\",\"url\":\"https:\/\/tourtravelandmore.com\/wp-content\/uploads\/2022\/12\/cropped-logo-cabecera-new.png\",\"contentUrl\":\"https:\/\/tourtravelandmore.com\/wp-content\/uploads\/2022\/12\/cropped-logo-cabecera-new.png\",\"width\":430,\"height\":61,\"caption\":\"Tour Travel And More\"},\"image\":{\"@id\":\"https:\/\/tourtravelandmore.com\/fr\/#\/schema\/logo\/image\/\"},\"sameAs\":[\"https:\/\/www.facebook.com\/tourtravelandmore\/\",\"https:\/\/x.com\/TourTravel_More\"]}]}<\/script>\n<!-- \/ Yoast SEO Premium plugin. -->","yoast_head_json":{"title":"\u27a1\ufe0f Visite priv\u00e9e de Taormina et Savoca : D\u00e9couvrez les villages enchanteurs de Sicile | Tour Travel and More","description":"Plongez-vous dans une visite priv\u00e9e de 6 heures de Taormina et Savoca avec un guide priv\u00e9 et un v\u00e9hicule de luxe, en explorant leur histoire captivante, leurs paysages et leurs attractions. R\u00e9servez votre aventure sicilienne sur mesure avec Tour Travel and More maintenant! \u2705","robots":{"index":"index","follow":"follow","max-snippet":"max-snippet:-1","max-image-preview":"max-image-preview:large","max-video-preview":"max-video-preview:-1"},"canonical":"https:\/\/tourtravelandmore.com\/fr\/tours\/italie-fr\/taormina-fr\/tous-les-circuits-et-activites-prives-taormina\/tour-prive-de-taormina-et-savoca-au-depart-de-taormina\/","og_locale":"fr_FR","og_type":"article","og_title":"Tour priv\u00e9 de Taormina et Savoca au d\u00e9part de Taormina","og_description":"Plongez-vous dans une visite priv\u00e9e de 6 heures de Taormina et Savoca avec un guide priv\u00e9 et un v\u00e9hicule de luxe, en explorant leur histoire captivante, leurs paysages et leurs attractions. R\u00e9servez votre aventure sicilienne sur mesure avec Tour Travel and More maintenant! \u2705","og_url":"https:\/\/tourtravelandmore.com\/fr\/tours\/italie-fr\/taormina-fr\/tous-les-circuits-et-activites-prives-taormina\/tour-prive-de-taormina-et-savoca-au-depart-de-taormina\/","og_site_name":"Tour Travel And More","article_publisher":"https:\/\/www.facebook.com\/tourtravelandmore\/","article_modified_time":"2023-04-13T08:29:48+00:00","og_image":[{"width":950,"height":750,"url":"https:\/\/tourtravelandmore.com\/wp-content\/uploads\/2023\/03\/image2-8.jpg","type":"image\/jpeg"}],"twitter_card":"summary_large_image","twitter_site":"@TourTravel_More","twitter_misc":{"Dur\u00e9e de lecture estim\u00e9e":"4 minutes"},"schema":{"@context":"https:\/\/schema.org","@graph":[{"@type":"WebPage","@id":"https:\/\/tourtravelandmore.com\/fr\/tours\/italie-fr\/taormina-fr\/tous-les-circuits-et-activites-prives-taormina\/tour-prive-de-taormina-et-savoca-au-depart-de-taormina\/","url":"https:\/\/tourtravelandmore.com\/fr\/tours\/italie-fr\/taormina-fr\/tous-les-circuits-et-activites-prives-taormina\/tour-prive-de-taormina-et-savoca-au-depart-de-taormina\/","name":"\u27a1\ufe0f Visite priv\u00e9e de Taormina et Savoca : D\u00e9couvrez les villages enchanteurs de Sicile | Tour Travel and More","isPartOf":{"@id":"https:\/\/tourtravelandmore.com\/fr\/#website"},"primaryImageOfPage":{"@id":"https:\/\/tourtravelandmore.com\/fr\/tours\/italie-fr\/taormina-fr\/tous-les-circuits-et-activites-prives-taormina\/tour-prive-de-taormina-et-savoca-au-depart-de-taormina\/#primaryimage"},"image":{"@id":"https:\/\/tourtravelandmore.com\/fr\/tours\/italie-fr\/taormina-fr\/tous-les-circuits-et-activites-prives-taormina\/tour-prive-de-taormina-et-savoca-au-depart-de-taormina\/#primaryimage"},"thumbnailUrl":"https:\/\/tourtravelandmore.com\/wp-content\/uploads\/2023\/03\/image2-8.jpg","datePublished":"2023-03-30T20:55:59+00:00","dateModified":"2023-04-13T08:29:48+00:00","description":"Plongez-vous dans une visite priv\u00e9e de 6 heures de Taormina et Savoca avec un guide priv\u00e9 et un v\u00e9hicule de luxe, en explorant leur histoire captivante, leurs paysages et leurs attractions. R\u00e9servez votre aventure sicilienne sur mesure avec Tour Travel and More maintenant! \u2705","breadcrumb":{"@id":"https:\/\/tourtravelandmore.com\/fr\/tours\/italie-fr\/taormina-fr\/tous-les-circuits-et-activites-prives-taormina\/tour-prive-de-taormina-et-savoca-au-depart-de-taormina\/#breadcrumb"},"inLanguage":"fr-FR","potentialAction":[{"@type":"ReadAction","target":["https:\/\/tourtravelandmore.com\/fr\/tours\/italie-fr\/taormina-fr\/tous-les-circuits-et-activites-prives-taormina\/tour-prive-de-taormina-et-savoca-au-depart-de-taormina\/"]}]},{"@type":"ImageObject","inLanguage":"fr-FR","@id":"https:\/\/tourtravelandmore.com\/fr\/tours\/italie-fr\/taormina-fr\/tous-les-circuits-et-activites-prives-taormina\/tour-prive-de-taormina-et-savoca-au-depart-de-taormina\/#primaryimage","url":"https:\/\/tourtravelandmore.com\/wp-content\/uploads\/2023\/03\/image2-8.jpg","contentUrl":"https:\/\/tourtravelandmore.com\/wp-content\/uploads\/2023\/03\/image2-8.jpg","width":950,"height":750},{"@type":"BreadcrumbList","@id":"https:\/\/tourtravelandmore.com\/fr\/tours\/italie-fr\/taormina-fr\/tous-les-circuits-et-activites-prives-taormina\/tour-prive-de-taormina-et-savoca-au-depart-de-taormina\/#breadcrumb","itemListElement":[{"@type":"ListItem","position":1,"name":"Home","item":"https:\/\/tourtravelandmore.com\/fr\/"},{"@type":"ListItem","position":2,"name":"Tours","item":"https:\/\/tourtravelandmore.com\/fr\/tours\/"},{"@type":"ListItem","position":3,"name":"Tour priv\u00e9 de Taormina et Savoca au d\u00e9part de Taormina"}]},{"@type":"WebSite","@id":"https:\/\/tourtravelandmore.com\/fr\/#website","url":"https:\/\/tourtravelandmore.com\/fr\/","name":"Tour Travel And More","description":"Private sightseeing tours and luxury transfers in Spain","publisher":{"@id":"https:\/\/tourtravelandmore.com\/fr\/#organization"},"potentialAction":[{"@type":"SearchAction","target":{"@type":"EntryPoint","urlTemplate":"https:\/\/tourtravelandmore.com\/fr\/?s={search_term_string}"},"query-input":{"@type":"PropertyValueSpecification","valueRequired":true,"valueName":"search_term_string"}}],"inLanguage":"fr-FR"},{"@type":"Organization","@id":"https:\/\/tourtravelandmore.com\/fr\/#organization","name":"Tour Travel And More","url":"https:\/\/tourtravelandmore.com\/fr\/","logo":{"@type":"ImageObject","inLanguage":"fr-FR","@id":"https:\/\/tourtravelandmore.com\/fr\/#\/schema\/logo\/image\/","url":"https:\/\/tourtravelandmore.com\/wp-content\/uploads\/2022\/12\/cropped-logo-cabecera-new.png","contentUrl":"https:\/\/tourtravelandmore.com\/wp-content\/uploads\/2022\/12\/cropped-logo-cabecera-new.png","width":430,"height":61,"caption":"Tour Travel And More"},"image":{"@id":"https:\/\/tourtravelandmore.com\/fr\/#\/schema\/logo\/image\/"},"sameAs":["https:\/\/www.facebook.com\/tourtravelandmore\/","https:\/\/x.com\/TourTravel_More"]}]}},"_links":{"self":[{"href":"https:\/\/tourtravelandmore.com\/fr\/wp-json\/wp\/v2\/product\/159462","targetHints":{"allow":["GET"]}}],"collection":[{"href":"https:\/\/tourtravelandmore.com\/fr\/wp-json\/wp\/v2\/product"}],"about":[{"href":"https:\/\/tourtravelandmore.com\/fr\/wp-json\/wp\/v2\/types\/product"}],"replies":[{"embeddable":true,"href":"https:\/\/tourtravelandmore.com\/fr\/wp-json\/wp\/v2\/comments?post=159462"}],"wp:featuredmedia":[{"embeddable":true,"href":"https:\/\/tourtravelandmore.com\/fr\/wp-json\/wp\/v2\/media\/159443"}],"wp:attachment":[{"href":"https:\/\/tourtravelandmore.com\/fr\/wp-json\/wp\/v2\/media?parent=159462"}],"wp:term":[{"taxonomy":"product_brand","embeddable":true,"href":"https:\/\/tourtravelandmore.com\/fr\/wp-json\/wp\/v2\/product_brand?post=159462"},{"taxonomy":"product_cat","embeddable":true,"href":"https:\/\/tourtravelandmore.com\/fr\/wp-json\/wp\/v2\/product_cat?post=159462"},{"taxonomy":"product_tag","embeddable":true,"href":"https:\/\/tourtravelandmore.com\/fr\/wp-json\/wp\/v2\/product_tag?post=159462"}],"curies":[{"name":"wp","href":"https:\/\/api.w.org\/{rel}","templated":true}]}}