{"id":159409,"date":"2023-03-30T21:38:30","date_gmt":"2023-03-30T19:38:37","guid":{"rendered":"https:\/\/tourtravelandmore.com\/?post_type=product&#038;p=159409"},"modified":"2023-03-30T21:51:43","modified_gmt":"2023-03-30T19:51:43","slug":"visite-privee-de-jerez-de-la-frontera-et-de-cadix-depuis-seville","status":"publish","type":"product","link":"https:\/\/tourtravelandmore.com\/fr\/tours\/espagne-fr\/seville-fr\/private-sightseeing-tours-fr-23\/visite-privee-de-jerez-de-la-frontera-et-de-cadix-depuis-seville\/","title":{"rendered":"Visite priv\u00e9e de Jer\u00e9z de la Frontera et de Cadix depuis S\u00e9ville"},"content":{"rendered":"<h2>Description :<\/h2>\n<p>Profitez de cette <strong>visite priv\u00e9e de Jer\u00e9z de la Frontera depuis S\u00e9ville<\/strong>, avec guide officiel priv\u00e9 et v\u00e9hicule avec chauffeur. D\u00e9couvrez les plus beaux coins de cette belle ville.<\/p>\n<p>La dur\u00e9e de la visite de <a href=\"https:\/\/www.jerez.es\/\">Jer\u00e9z de la Frontera<\/a> depuis Cadix est de <strong>10<\/strong><strong>\u00a0heures<\/strong>. Elle est enti\u00e8rement priv\u00e9e, vous pouvez choisir l&#8217;heure et le lieu de prise en charge.<\/p>\n<p>Cadix est l&#8217;une des plus anciennes et des plus belles villes d&#8217;Europe, qui accueille \u00e9galement l&#8217;un des carnavals les plus populaires, les plus amusants et les plus accrocheurs d&#8217;Espagne. Les voyageurs viennent dans cette ville non seulement attir\u00e9s par son carnaval, mais aussi par son atmosph\u00e8re et ses magnifiques coins qui vous feront tomber amoureux d&#8217;elle.<\/p>\n<p>Jerez de la Frontera est mondialement connue pour son vin, son flamenco et ses chevaux. Nous vous invitons \u00e0 faire un tour dans les entrailles de cette ville pour mieux la conna\u00eetre, c&#8217;est le plaisir garanti !<\/p>\n<h2>Points d&#8217;int\u00e9r\u00eat de cette excursion priv\u00e9e Jer\u00e9z de la Frontera et Cadix depuis S\u00e9ville<\/h2>\n<p><strong>Tour Travel &amp; More<\/strong> propose un service o\u00f9, \u00e0 l&#8217;heure choisie, nous venons vous chercher \u00e0 votre h\u00f4tel ou au lieu de votre choix.<\/p>\n<h4>Jer\u00e9z de la frontera<\/h4>\n<p>Notre premier arr\u00eat sera <strong>l&#8217;Alcazar de Jerez de la Frontera,<\/strong> l&#8217;un des plus beaux endroits d&#8217;Espagne. L&#8217;Alcazar de Jerez de la Frontera est un ensemble de b\u00e2timents fortifi\u00e9s d&#8217;origine almohade probablement construits au XIIe si\u00e8cle. Il s&#8217;agit du plus ancien b\u00e2timent almohade de la p\u00e9ninsule ib\u00e9rique, auquel ont \u00e9t\u00e9 ajout\u00e9s par la suite des b\u00e2timents baroques et palatiaux, et qui est l&#8217;un des principaux monuments de la ville ; il est situ\u00e9 dans l&#8217;angle sud-ouest de la muraille qui entourait la ville, \u00e0 c\u00f4t\u00e9 de<strong> l&#8217;Alameda Vieja<\/strong>.<\/p>\n<p>Apr\u00e8s une belle promenade dans les rues de Jerez, nous nous rendrons \u00e0 <strong>la cath\u00e9drale de Jerez de la Frontera<\/strong>. <strong>La cath\u00e9drale du dioc\u00e8se d&#8217;Asidonia-Jerez<\/strong> est une construction du XVIIe si\u00e8cle qui combine les styles gothique, baroque et n\u00e9oclassique.<\/p>\n<p>Nous continuerons notre<strong> visite priv\u00e9e \u00e0 la Cartuja de Jerez de la Frontera<\/strong>, qui est situ\u00e9e au sud de la ville. Il s&#8217;agit de l&#8217;ensemble monumental de plus grande valeur artistique de la province de Cadix, en Andalousie. Son style architectural initial correspond au gothique tardif et date du 15\u00e8me si\u00e8cle.<\/p>\n<h5>Cadix<\/h5>\n<p>Nous commencerons par faire connaissance avec la promenade du front de mer, l&#8217;endroit le plus important et le plus beau de la ville. Elle est tr\u00e8s semblable au <strong>Malec\u00f3n de La Havane<\/strong>.<\/p>\n<p>Nous nous dirigerons ensuite vers le centre-ville pour visiter la <strong>Plaza San Juan de Dios ou Plaza del Ayuntamiento<\/strong>. Nous y verrons des b\u00e2timents int\u00e9ressants tels que<strong> l&#8217;\u00e9glise de San Juan de Dios, la Casa de los Pazos Miranda<\/strong> et l&#8217;h\u00f4tel de ville. Le r\u00e9sultat de deux \u00e9tapes ; la premi\u00e8re et principale construction n\u00e9oclassique, commenc\u00e9e en 1799 par l&#8217;architecte Torcuato Benjumeda, et la seconde correspondant \u00e0 la p\u00e9riode \u00e9lisab\u00e9thaine, \u0153uvre de Garc\u00eda \u00c1lamo.<\/p>\n<p>Nous continuerons notre visite par le Barrio del P\u00f3pulo, le quartier le plus ancien de la ville et nous verrons les trois arcs d&#8217;entr\u00e9e (Arco de la Rosa, Arco del P\u00f3pulo, Arco de los Blancos).<\/p>\n<p>Nous continuerons vers le March\u00e9 Central, un march\u00e9 avec une multitude d&#8217;\u00e9tals, surtout ceux qui vendent du poisson frais et des fruits de mer. C&#8217;est l&#8217;un des endroits les plus importants et les plus singuliers \u00e0 voir \u00e0 Cadix.<\/p>\n<p>Apr\u00e8s le march\u00e9, nous visiterons la belle Plaza de las Flores et la Torre Tavira. Le b\u00e2timent le plus haut de la vieille ville.<\/p>\n<h4>TourTravel&amp;More !<\/h4>\n<p>Nous rejoindrons le c\u00e9l\u00e8bre th\u00e9\u00e2tre Falla, \u00e9picentre du carnaval de Cadix et le parc Genov\u00e9s, qui date de la fin du XVIIIe si\u00e8cle. Depuis son inauguration, il appara\u00eet dans presque tous les classements comme l&#8217;un des plus beaux parcs urbains d&#8217;Espagne.<\/p>\n<p>Nous terminerons cette visite priv\u00e9e Jer\u00e9z de la Frontera et Cadix depuis S\u00e9ville au Ch\u00e2teau de Santa Catalina. Si nous avons le temps, nous visiterons certaines des plages importantes qui l&#8217;entourent.<\/p>\n<p>Tout au long de la visite, nous nous arr\u00eaterons pour d\u00e9jeuner dans un endroit typique de la r\u00e9gion, afin de profiter de sa gastronomie.<\/p>\n<p>Si vous disposez de plus de jours dans la ville de <strong>S\u00e9ville,<\/strong> vous pouvez consulter <a href=\"https:\/\/tourtravelandmore.com\/fr\/city\/espagne-fr\/cadiz-fr\/\">ici le reste de nos visites priv\u00e9es.<\/a><\/p>\n","protected":false},"excerpt":{"rendered":"<p>Profitez de cette visite priv\u00e9e \u00e0 Jer\u00e9z de la Frontera et Cadix depuis Cadix, avec votre guide priv\u00e9 et votre v\u00e9hicule avec chauffeur.<\/p>\n","protected":false},"featured_media":139120,"comment_status":"open","ping_status":"closed","template":"","meta":{"_acf_changed":false},"product_brand":[],"product_cat":[3676,4264,4262,4263],"product_tag":[],"class_list":{"0":"post-159409","1":"product","2":"type-product","3":"status-publish","4":"has-post-thumbnail","6":"product_cat-seville-fr","7":"product_cat-all-private-tours-activities-fr-16","8":"product_cat-private-sightseeing-tours-fr-23","9":"product_cat-excursions-pivees","11":"first","12":"instock","13":"shipping-taxable","14":"purchasable","15":"product-type-simple"},"acf":[],"yoast_head":"<!-- This site is optimized with the Yoast SEO Premium plugin v25.3.1 (Yoast SEO v25.3.1) - https:\/\/yoast.com\/wordpress\/plugins\/seo\/ -->\n<title>Visite priv\u00e9e de Jer\u00e9z de la Frontera et Cadix au d\u00e9part de S\u00e9ville<\/title>\n<meta name=\"description\" content=\"Profitez de cette excursion priv\u00e9e \u00e0 Jer\u00e9z de la Frontera et Cadix depuis S\u00e9ville, avec votre guide priv\u00e9 et votre v\u00e9hicule avec chauffeur.\" \/>\n<meta name=\"robots\" content=\"index, follow, max-snippet:-1, max-image-preview:large, max-video-preview:-1\" \/>\n<link rel=\"canonical\" href=\"https:\/\/tourtravelandmore.com\/fr\/tours\/espagne-fr\/seville-fr\/private-sightseeing-tours-fr-23\/visite-privee-de-jerez-de-la-frontera-et-de-cadix-depuis-seville\/\" \/>\n<meta property=\"og:locale\" content=\"fr_FR\" \/>\n<meta property=\"og:type\" content=\"article\" \/>\n<meta property=\"og:title\" content=\"Visite priv\u00e9e de Jer\u00e9z de la Frontera et de Cadix depuis S\u00e9ville\" \/>\n<meta property=\"og:description\" content=\"Profitez de cette excursion priv\u00e9e \u00e0 Jer\u00e9z de la Frontera et Cadix depuis S\u00e9ville, avec votre guide priv\u00e9 et votre v\u00e9hicule avec chauffeur.\" \/>\n<meta property=\"og:url\" content=\"https:\/\/tourtravelandmore.com\/fr\/tours\/espagne-fr\/seville-fr\/private-sightseeing-tours-fr-23\/visite-privee-de-jerez-de-la-frontera-et-de-cadix-depuis-seville\/\" \/>\n<meta property=\"og:site_name\" content=\"Tour Travel And More\" \/>\n<meta property=\"article:publisher\" content=\"https:\/\/www.facebook.com\/tourtravelandmore\/\" \/>\n<meta property=\"article:modified_time\" content=\"2023-03-30T19:51:43+00:00\" \/>\n<meta property=\"og:image\" content=\"https:\/\/tourtravelandmore.com\/wp-content\/uploads\/2022\/10\/pexels-jordi-gamundi-domenech-8397316-scaled.jpg\" \/>\n\t<meta property=\"og:image:width\" content=\"2560\" \/>\n\t<meta property=\"og:image:height\" content=\"1702\" \/>\n\t<meta property=\"og:image:type\" content=\"image\/jpeg\" \/>\n<meta name=\"twitter:card\" content=\"summary_large_image\" \/>\n<meta name=\"twitter:site\" content=\"@TourTravel_More\" \/>\n<meta name=\"twitter:label1\" content=\"Dur\u00e9e de lecture estim\u00e9e\" \/>\n\t<meta name=\"twitter:data1\" content=\"4 minutes\" \/>\n<script type=\"application\/ld+json\" class=\"yoast-schema-graph\">{\"@context\":\"https:\/\/schema.org\",\"@graph\":[{\"@type\":\"WebPage\",\"@id\":\"https:\/\/tourtravelandmore.com\/fr\/tours\/espagne-fr\/seville-fr\/private-sightseeing-tours-fr-23\/visite-privee-de-jerez-de-la-frontera-et-de-cadix-depuis-seville\/\",\"url\":\"https:\/\/tourtravelandmore.com\/fr\/tours\/espagne-fr\/seville-fr\/private-sightseeing-tours-fr-23\/visite-privee-de-jerez-de-la-frontera-et-de-cadix-depuis-seville\/\",\"name\":\"Visite priv\u00e9e de Jer\u00e9z de la Frontera et Cadix au d\u00e9part de S\u00e9ville\",\"isPartOf\":{\"@id\":\"https:\/\/tourtravelandmore.com\/fr\/#website\"},\"primaryImageOfPage\":{\"@id\":\"https:\/\/tourtravelandmore.com\/fr\/tours\/espagne-fr\/seville-fr\/private-sightseeing-tours-fr-23\/visite-privee-de-jerez-de-la-frontera-et-de-cadix-depuis-seville\/#primaryimage\"},\"image\":{\"@id\":\"https:\/\/tourtravelandmore.com\/fr\/tours\/espagne-fr\/seville-fr\/private-sightseeing-tours-fr-23\/visite-privee-de-jerez-de-la-frontera-et-de-cadix-depuis-seville\/#primaryimage\"},\"thumbnailUrl\":\"https:\/\/tourtravelandmore.com\/wp-content\/uploads\/2022\/10\/pexels-jordi-gamundi-domenech-8397316-scaled.jpg\",\"datePublished\":\"2023-03-30T19:38:37+00:00\",\"dateModified\":\"2023-03-30T19:51:43+00:00\",\"description\":\"Profitez de cette excursion priv\u00e9e \u00e0 Jer\u00e9z de la Frontera et Cadix depuis S\u00e9ville, avec votre guide priv\u00e9 et votre v\u00e9hicule avec chauffeur.\",\"breadcrumb\":{\"@id\":\"https:\/\/tourtravelandmore.com\/fr\/tours\/espagne-fr\/seville-fr\/private-sightseeing-tours-fr-23\/visite-privee-de-jerez-de-la-frontera-et-de-cadix-depuis-seville\/#breadcrumb\"},\"inLanguage\":\"fr-FR\",\"potentialAction\":[{\"@type\":\"ReadAction\",\"target\":[\"https:\/\/tourtravelandmore.com\/fr\/tours\/espagne-fr\/seville-fr\/private-sightseeing-tours-fr-23\/visite-privee-de-jerez-de-la-frontera-et-de-cadix-depuis-seville\/\"]}]},{\"@type\":\"ImageObject\",\"inLanguage\":\"fr-FR\",\"@id\":\"https:\/\/tourtravelandmore.com\/fr\/tours\/espagne-fr\/seville-fr\/private-sightseeing-tours-fr-23\/visite-privee-de-jerez-de-la-frontera-et-de-cadix-depuis-seville\/#primaryimage\",\"url\":\"https:\/\/tourtravelandmore.com\/wp-content\/uploads\/2022\/10\/pexels-jordi-gamundi-domenech-8397316-scaled.jpg\",\"contentUrl\":\"https:\/\/tourtravelandmore.com\/wp-content\/uploads\/2022\/10\/pexels-jordi-gamundi-domenech-8397316-scaled.jpg\",\"width\":2560,\"height\":1702},{\"@type\":\"BreadcrumbList\",\"@id\":\"https:\/\/tourtravelandmore.com\/fr\/tours\/espagne-fr\/seville-fr\/private-sightseeing-tours-fr-23\/visite-privee-de-jerez-de-la-frontera-et-de-cadix-depuis-seville\/#breadcrumb\",\"itemListElement\":[{\"@type\":\"ListItem\",\"position\":1,\"name\":\"Home\",\"item\":\"https:\/\/tourtravelandmore.com\/fr\/\"},{\"@type\":\"ListItem\",\"position\":2,\"name\":\"Tours\",\"item\":\"https:\/\/tourtravelandmore.com\/fr\/tours\/\"},{\"@type\":\"ListItem\",\"position\":3,\"name\":\"Visite priv\u00e9e de Jer\u00e9z de la Frontera et de Cadix depuis S\u00e9ville\"}]},{\"@type\":\"WebSite\",\"@id\":\"https:\/\/tourtravelandmore.com\/fr\/#website\",\"url\":\"https:\/\/tourtravelandmore.com\/fr\/\",\"name\":\"Tour Travel And More\",\"description\":\"Private sightseeing tours and luxury transfers in Spain\",\"publisher\":{\"@id\":\"https:\/\/tourtravelandmore.com\/fr\/#organization\"},\"potentialAction\":[{\"@type\":\"SearchAction\",\"target\":{\"@type\":\"EntryPoint\",\"urlTemplate\":\"https:\/\/tourtravelandmore.com\/fr\/?s={search_term_string}\"},\"query-input\":{\"@type\":\"PropertyValueSpecification\",\"valueRequired\":true,\"valueName\":\"search_term_string\"}}],\"inLanguage\":\"fr-FR\"},{\"@type\":\"Organization\",\"@id\":\"https:\/\/tourtravelandmore.com\/fr\/#organization\",\"name\":\"Tour Travel And More\",\"url\":\"https:\/\/tourtravelandmore.com\/fr\/\",\"logo\":{\"@type\":\"ImageObject\",\"inLanguage\":\"fr-FR\",\"@id\":\"https:\/\/tourtravelandmore.com\/fr\/#\/schema\/logo\/image\/\",\"url\":\"https:\/\/tourtravelandmore.com\/wp-content\/uploads\/2022\/12\/cropped-logo-cabecera-new.png\",\"contentUrl\":\"https:\/\/tourtravelandmore.com\/wp-content\/uploads\/2022\/12\/cropped-logo-cabecera-new.png\",\"width\":430,\"height\":61,\"caption\":\"Tour Travel And More\"},\"image\":{\"@id\":\"https:\/\/tourtravelandmore.com\/fr\/#\/schema\/logo\/image\/\"},\"sameAs\":[\"https:\/\/www.facebook.com\/tourtravelandmore\/\",\"https:\/\/x.com\/TourTravel_More\"]}]}<\/script>\n<!-- \/ Yoast SEO Premium plugin. -->","yoast_head_json":{"title":"Visite priv\u00e9e de Jer\u00e9z de la Frontera et Cadix au d\u00e9part de S\u00e9ville","description":"Profitez de cette excursion priv\u00e9e \u00e0 Jer\u00e9z de la Frontera et Cadix depuis S\u00e9ville, avec votre guide priv\u00e9 et votre v\u00e9hicule avec chauffeur.","robots":{"index":"index","follow":"follow","max-snippet":"max-snippet:-1","max-image-preview":"max-image-preview:large","max-video-preview":"max-video-preview:-1"},"canonical":"https:\/\/tourtravelandmore.com\/fr\/tours\/espagne-fr\/seville-fr\/private-sightseeing-tours-fr-23\/visite-privee-de-jerez-de-la-frontera-et-de-cadix-depuis-seville\/","og_locale":"fr_FR","og_type":"article","og_title":"Visite priv\u00e9e de Jer\u00e9z de la Frontera et de Cadix depuis S\u00e9ville","og_description":"Profitez de cette excursion priv\u00e9e \u00e0 Jer\u00e9z de la Frontera et Cadix depuis S\u00e9ville, avec votre guide priv\u00e9 et votre v\u00e9hicule avec chauffeur.","og_url":"https:\/\/tourtravelandmore.com\/fr\/tours\/espagne-fr\/seville-fr\/private-sightseeing-tours-fr-23\/visite-privee-de-jerez-de-la-frontera-et-de-cadix-depuis-seville\/","og_site_name":"Tour Travel And More","article_publisher":"https:\/\/www.facebook.com\/tourtravelandmore\/","article_modified_time":"2023-03-30T19:51:43+00:00","og_image":[{"width":2560,"height":1702,"url":"https:\/\/tourtravelandmore.com\/wp-content\/uploads\/2022\/10\/pexels-jordi-gamundi-domenech-8397316-scaled.jpg","type":"image\/jpeg"}],"twitter_card":"summary_large_image","twitter_site":"@TourTravel_More","twitter_misc":{"Dur\u00e9e de lecture estim\u00e9e":"4 minutes"},"schema":{"@context":"https:\/\/schema.org","@graph":[{"@type":"WebPage","@id":"https:\/\/tourtravelandmore.com\/fr\/tours\/espagne-fr\/seville-fr\/private-sightseeing-tours-fr-23\/visite-privee-de-jerez-de-la-frontera-et-de-cadix-depuis-seville\/","url":"https:\/\/tourtravelandmore.com\/fr\/tours\/espagne-fr\/seville-fr\/private-sightseeing-tours-fr-23\/visite-privee-de-jerez-de-la-frontera-et-de-cadix-depuis-seville\/","name":"Visite priv\u00e9e de Jer\u00e9z de la Frontera et Cadix au d\u00e9part de S\u00e9ville","isPartOf":{"@id":"https:\/\/tourtravelandmore.com\/fr\/#website"},"primaryImageOfPage":{"@id":"https:\/\/tourtravelandmore.com\/fr\/tours\/espagne-fr\/seville-fr\/private-sightseeing-tours-fr-23\/visite-privee-de-jerez-de-la-frontera-et-de-cadix-depuis-seville\/#primaryimage"},"image":{"@id":"https:\/\/tourtravelandmore.com\/fr\/tours\/espagne-fr\/seville-fr\/private-sightseeing-tours-fr-23\/visite-privee-de-jerez-de-la-frontera-et-de-cadix-depuis-seville\/#primaryimage"},"thumbnailUrl":"https:\/\/tourtravelandmore.com\/wp-content\/uploads\/2022\/10\/pexels-jordi-gamundi-domenech-8397316-scaled.jpg","datePublished":"2023-03-30T19:38:37+00:00","dateModified":"2023-03-30T19:51:43+00:00","description":"Profitez de cette excursion priv\u00e9e \u00e0 Jer\u00e9z de la Frontera et Cadix depuis S\u00e9ville, avec votre guide priv\u00e9 et votre v\u00e9hicule avec chauffeur.","breadcrumb":{"@id":"https:\/\/tourtravelandmore.com\/fr\/tours\/espagne-fr\/seville-fr\/private-sightseeing-tours-fr-23\/visite-privee-de-jerez-de-la-frontera-et-de-cadix-depuis-seville\/#breadcrumb"},"inLanguage":"fr-FR","potentialAction":[{"@type":"ReadAction","target":["https:\/\/tourtravelandmore.com\/fr\/tours\/espagne-fr\/seville-fr\/private-sightseeing-tours-fr-23\/visite-privee-de-jerez-de-la-frontera-et-de-cadix-depuis-seville\/"]}]},{"@type":"ImageObject","inLanguage":"fr-FR","@id":"https:\/\/tourtravelandmore.com\/fr\/tours\/espagne-fr\/seville-fr\/private-sightseeing-tours-fr-23\/visite-privee-de-jerez-de-la-frontera-et-de-cadix-depuis-seville\/#primaryimage","url":"https:\/\/tourtravelandmore.com\/wp-content\/uploads\/2022\/10\/pexels-jordi-gamundi-domenech-8397316-scaled.jpg","contentUrl":"https:\/\/tourtravelandmore.com\/wp-content\/uploads\/2022\/10\/pexels-jordi-gamundi-domenech-8397316-scaled.jpg","width":2560,"height":1702},{"@type":"BreadcrumbList","@id":"https:\/\/tourtravelandmore.com\/fr\/tours\/espagne-fr\/seville-fr\/private-sightseeing-tours-fr-23\/visite-privee-de-jerez-de-la-frontera-et-de-cadix-depuis-seville\/#breadcrumb","itemListElement":[{"@type":"ListItem","position":1,"name":"Home","item":"https:\/\/tourtravelandmore.com\/fr\/"},{"@type":"ListItem","position":2,"name":"Tours","item":"https:\/\/tourtravelandmore.com\/fr\/tours\/"},{"@type":"ListItem","position":3,"name":"Visite priv\u00e9e de Jer\u00e9z de la Frontera et de Cadix depuis S\u00e9ville"}]},{"@type":"WebSite","@id":"https:\/\/tourtravelandmore.com\/fr\/#website","url":"https:\/\/tourtravelandmore.com\/fr\/","name":"Tour Travel And More","description":"Private sightseeing tours and luxury transfers in Spain","publisher":{"@id":"https:\/\/tourtravelandmore.com\/fr\/#organization"},"potentialAction":[{"@type":"SearchAction","target":{"@type":"EntryPoint","urlTemplate":"https:\/\/tourtravelandmore.com\/fr\/?s={search_term_string}"},"query-input":{"@type":"PropertyValueSpecification","valueRequired":true,"valueName":"search_term_string"}}],"inLanguage":"fr-FR"},{"@type":"Organization","@id":"https:\/\/tourtravelandmore.com\/fr\/#organization","name":"Tour Travel And More","url":"https:\/\/tourtravelandmore.com\/fr\/","logo":{"@type":"ImageObject","inLanguage":"fr-FR","@id":"https:\/\/tourtravelandmore.com\/fr\/#\/schema\/logo\/image\/","url":"https:\/\/tourtravelandmore.com\/wp-content\/uploads\/2022\/12\/cropped-logo-cabecera-new.png","contentUrl":"https:\/\/tourtravelandmore.com\/wp-content\/uploads\/2022\/12\/cropped-logo-cabecera-new.png","width":430,"height":61,"caption":"Tour Travel And More"},"image":{"@id":"https:\/\/tourtravelandmore.com\/fr\/#\/schema\/logo\/image\/"},"sameAs":["https:\/\/www.facebook.com\/tourtravelandmore\/","https:\/\/x.com\/TourTravel_More"]}]}},"_links":{"self":[{"href":"https:\/\/tourtravelandmore.com\/fr\/wp-json\/wp\/v2\/product\/159409","targetHints":{"allow":["GET"]}}],"collection":[{"href":"https:\/\/tourtravelandmore.com\/fr\/wp-json\/wp\/v2\/product"}],"about":[{"href":"https:\/\/tourtravelandmore.com\/fr\/wp-json\/wp\/v2\/types\/product"}],"replies":[{"embeddable":true,"href":"https:\/\/tourtravelandmore.com\/fr\/wp-json\/wp\/v2\/comments?post=159409"}],"wp:featuredmedia":[{"embeddable":true,"href":"https:\/\/tourtravelandmore.com\/fr\/wp-json\/wp\/v2\/media\/139120"}],"wp:attachment":[{"href":"https:\/\/tourtravelandmore.com\/fr\/wp-json\/wp\/v2\/media?parent=159409"}],"wp:term":[{"taxonomy":"product_brand","embeddable":true,"href":"https:\/\/tourtravelandmore.com\/fr\/wp-json\/wp\/v2\/product_brand?post=159409"},{"taxonomy":"product_cat","embeddable":true,"href":"https:\/\/tourtravelandmore.com\/fr\/wp-json\/wp\/v2\/product_cat?post=159409"},{"taxonomy":"product_tag","embeddable":true,"href":"https:\/\/tourtravelandmore.com\/fr\/wp-json\/wp\/v2\/product_tag?post=159409"}],"curies":[{"name":"wp","href":"https:\/\/api.w.org\/{rel}","templated":true}]}}