{"id":159361,"date":"2016-03-13T20:01:56","date_gmt":"2016-04-14T18:41:07","guid":{"rendered":"https:\/\/tourtravelandmore.com\/tours\/non%20class\u00e9\/tour-privado-sevilla-barrio-judio-plaza-espana\/"},"modified":"2023-03-30T21:09:51","modified_gmt":"2023-03-30T19:09:51","slug":"visite-privee-de-seville-a-travers-le-quartier-juif-et-la-plaza-espana","status":"publish","type":"product","link":"https:\/\/tourtravelandmore.com\/fr\/tours\/espagne-fr\/seville-fr\/private-walking-tours-seville\/visite-privee-de-seville-a-travers-le-quartier-juif-et-la-plaza-espana\/","title":{"rendered":"Visite priv\u00e9e de S\u00e9ville \u00e0 travers le quartier juif et la Plaza Espa\u00f1a"},"content":{"rendered":"<h2>Description de la visite<\/h2>\n<p>Profitez de cette visite priv\u00e9e de <strong>S\u00e9ville<\/strong> \u00e0 travers le quartier juif et la <strong>Plaza Espa\u00f1a<\/strong> avec votre guide officiel et d\u00e9couvrez les lieux les plus embl\u00e9matiques de <strong>S\u00e9ville<\/strong> confortablement install\u00e9 dans votre v\u00e9hicule priv\u00e9 avec chauffeur.<\/p>\n<p>Vous pouvez choisir l&#8217;heure de d\u00e9part de la visite et votre point de ramassage dans la ville de <strong>S\u00e9ville.<\/strong><\/p>\n<p>Ce tour est enti\u00e8rement personnalisable et vous pouvez l&#8217;organiser comme vous le souhaitez et selon vos attentes. Vous pouvez personnaliser votre circuit en nous contactant. Voici un exemple d&#8217;itin\u00e9raire, le tour sera personnalis\u00e9 afin que vous voyiez et sachiez exactement ce que vous voulez voir \u00e0 <strong>S\u00e9ville.<\/strong><\/p>\n<p>Nous vous emm\u00e8nerons explorer certains des endroits les plus fascinants de <strong>S\u00e9ville.<\/strong> Cette visite vous emm\u00e8nera dans le quartier juif de <strong>S\u00e9ville<\/strong> et sur la <strong>Plaza Espa\u00f1a.<\/strong> Vous d\u00e9couvrirez la riche histoire et la culture de la <strong>ville<\/strong> en vous promenant dans les rues et sur les places avec un guide expert.<\/p>\n<h2>Les points essentiels | Le quartier juif de S\u00e9ville et la Plaza Espa\u00f1a Visite priv\u00e9e de S\u00e9ville<\/h2>\n<p>Nous commencerons notre visite au c\u0153ur du quartier juif de <strong>S\u00e9ville.<\/strong> Ce quartier est l&#8217;un des plus anciens de la ville et poss\u00e8de une riche histoire qui remonte \u00e0 l&#8217;\u00e9poque <strong>romaine.<\/strong> Au cours de notre promenade, nous visiterons des sites tels que la <strong>synagogue<\/strong> de <strong>S\u00e9ville,<\/strong> la <strong>Casa<\/strong> de <strong>Pilatos<\/strong> et l&#8217;impressionnante cath\u00e9drale de <strong>S\u00e9ville.<\/strong><\/p>\n<p>Au cours de la visite, votre guide expert vous parlera de l&#8217;histoire et de la culture de la communaut\u00e9 juive de <strong>S\u00e9ville<\/strong> et de la fa\u00e7on dont elle s&#8217;est int\u00e9gr\u00e9e \u00e0 la soci\u00e9t\u00e9 espagnole au fil des si\u00e8cles. Vous d\u00e9couvrirez des histoires fascinantes sur des personnages influents et des \u00e9v\u00e9nements historiques qui ont fa\u00e7onn\u00e9 le quartier.<\/p>\n<p>Nous poursuivrons notre visite jusqu&#8217;\u00e0 l&#8217;impressionnante <strong>Plaza<\/strong> de <strong>Espa\u00f1a.<\/strong> Cette place est l&#8217;un des lieux les plus embl\u00e9matiques de <strong>S\u00e9ville<\/strong> et pr\u00e9sente une architecture impressionnante et des d\u00e9tails ornementaux uniques. Elle a \u00e9t\u00e9 construite pour l&#8217;exposition <strong>ib\u00e9ro-am\u00e9ricaine<\/strong> de <strong>1929<\/strong> et est un exemple de la riche architecture de la <strong>Renaissance espagnole.<\/strong><\/p>\n<p>Au cours de la promenade, votre guide vous montrera les d\u00e9tails les plus fascinants de l&#8217;architecture et de l&#8217;histoire de la place. Vous pourrez admirer les d\u00e9tails en c\u00e9ramique sur les murs et entendre des histoires sur les \u00e9v\u00e9nements qui s&#8217;y sont d\u00e9roul\u00e9s.<\/p>\n<p>Dans l&#8217;ensemble, cette visite priv\u00e9e de 3 heures est une occasion unique d&#8217;explorer le quartier juif de S\u00e9ville et l&#8217;impressionnante Plaza Espa\u00f1a avec un guide expert qui vous fournira des informations d\u00e9taill\u00e9es et fascinantes sur l&#8217;histoire et la culture de la ville. R\u00e9servez votre visite avec <strong>Tour Travel<\/strong> <strong>&amp; More<\/strong> d\u00e8s aujourd&#8217;hui et d\u00e9couvrez ce que S\u00e9ville a de mieux \u00e0 offrir.<\/p>\n<p>Si vous avez plus de jours \u00e0 S\u00e9ville, vous pouvez voir le reste de nos <strong><a href=\"\/?product_cat=sevilla-en\">visites priv\u00e9es ici !<\/a><\/strong><\/p>\n","protected":false},"excerpt":{"rendered":"<p>Profitez de cette visite priv\u00e9e de S\u00e9ville \u00e0 travers le quartier juif et la Plaza Espa\u00f1a avec votre guide officiel et d\u00e9couvrez les lieux les plus embl\u00e9matiques de S\u00e9ville confortablement install\u00e9 dans votre v\u00e9hicule priv\u00e9 avec chauffeur.<\/p>\n","protected":false},"featured_media":93719,"comment_status":"open","ping_status":"closed","template":"","meta":{"_acf_changed":false},"product_brand":[],"product_cat":[3676,4309],"product_tag":[],"class_list":{"0":"post-159361","1":"product","2":"type-product","3":"status-publish","4":"has-post-thumbnail","6":"product_cat-seville-fr","7":"product_cat-private-walking-tours-seville","9":"first","10":"instock","11":"shipping-taxable","12":"purchasable","13":"product-type-simple"},"acf":[],"yoast_head":"<!-- This site is optimized with the Yoast SEO Premium plugin v25.3.1 (Yoast SEO v25.3.1) - https:\/\/yoast.com\/wordpress\/plugins\/seo\/ -->\n<title>\u27a1\ufe0f Visite priv\u00e9e de S\u00e9ville \u00e0 travers le quartier juif et la Plaza Espa\u00f1a | TTM<\/title>\n<meta name=\"description\" content=\"Visite priv\u00e9e de S\u00e9ville en passant par le quartier juif et la place d&#039;Espagne. D\u00e9couvrez S\u00e9ville lors de cette visite priv\u00e9e avec un guide officiel priv\u00e9 \u2705\" \/>\n<meta name=\"robots\" content=\"index, follow, max-snippet:-1, max-image-preview:large, max-video-preview:-1\" \/>\n<link rel=\"canonical\" href=\"https:\/\/tourtravelandmore.com\/fr\/tours\/espagne-fr\/seville-fr\/private-walking-tours-seville\/visite-privee-de-seville-a-travers-le-quartier-juif-et-la-plaza-espana\/\" \/>\n<meta property=\"og:locale\" content=\"fr_FR\" \/>\n<meta property=\"og:type\" content=\"article\" \/>\n<meta property=\"og:title\" content=\"Visite priv\u00e9e de S\u00e9ville \u00e0 travers le quartier juif et la Plaza Espa\u00f1a\" \/>\n<meta property=\"og:description\" content=\"Visite priv\u00e9e de S\u00e9ville en passant par le quartier juif et la place d&#039;Espagne. D\u00e9couvrez S\u00e9ville lors de cette visite priv\u00e9e avec un guide officiel priv\u00e9 \u2705\" \/>\n<meta property=\"og:url\" content=\"https:\/\/tourtravelandmore.com\/fr\/tours\/espagne-fr\/seville-fr\/private-walking-tours-seville\/visite-privee-de-seville-a-travers-le-quartier-juif-et-la-plaza-espana\/\" \/>\n<meta property=\"og:site_name\" content=\"Tour Travel And More\" \/>\n<meta property=\"article:publisher\" content=\"https:\/\/www.facebook.com\/tourtravelandmore\/\" \/>\n<meta property=\"article:modified_time\" content=\"2023-03-30T19:09:51+00:00\" \/>\n<meta property=\"og:image\" content=\"https:\/\/tourtravelandmore.com\/wp-content\/uploads\/2016\/03\/Torre-de-oro-1-scaled.jpg\" \/>\n\t<meta property=\"og:image:width\" content=\"5274\" \/>\n\t<meta property=\"og:image:height\" content=\"3071\" \/>\n\t<meta property=\"og:image:type\" content=\"image\/jpeg\" \/>\n<meta name=\"twitter:card\" content=\"summary_large_image\" \/>\n<meta name=\"twitter:site\" content=\"@TourTravel_More\" \/>\n<meta name=\"twitter:label1\" content=\"Dur\u00e9e de lecture estim\u00e9e\" \/>\n\t<meta name=\"twitter:data1\" content=\"3 minutes\" \/>\n<script type=\"application\/ld+json\" class=\"yoast-schema-graph\">{\"@context\":\"https:\/\/schema.org\",\"@graph\":[{\"@type\":\"WebPage\",\"@id\":\"https:\/\/tourtravelandmore.com\/fr\/tours\/espagne-fr\/seville-fr\/private-walking-tours-seville\/visite-privee-de-seville-a-travers-le-quartier-juif-et-la-plaza-espana\/\",\"url\":\"https:\/\/tourtravelandmore.com\/fr\/tours\/espagne-fr\/seville-fr\/private-walking-tours-seville\/visite-privee-de-seville-a-travers-le-quartier-juif-et-la-plaza-espana\/\",\"name\":\"\u27a1\ufe0f Visite priv\u00e9e de S\u00e9ville \u00e0 travers le quartier juif et la Plaza Espa\u00f1a | TTM\",\"isPartOf\":{\"@id\":\"https:\/\/tourtravelandmore.com\/fr\/#website\"},\"primaryImageOfPage\":{\"@id\":\"https:\/\/tourtravelandmore.com\/fr\/tours\/espagne-fr\/seville-fr\/private-walking-tours-seville\/visite-privee-de-seville-a-travers-le-quartier-juif-et-la-plaza-espana\/#primaryimage\"},\"image\":{\"@id\":\"https:\/\/tourtravelandmore.com\/fr\/tours\/espagne-fr\/seville-fr\/private-walking-tours-seville\/visite-privee-de-seville-a-travers-le-quartier-juif-et-la-plaza-espana\/#primaryimage\"},\"thumbnailUrl\":\"https:\/\/tourtravelandmore.com\/wp-content\/uploads\/2016\/03\/Torre-de-oro-1-scaled.jpg\",\"datePublished\":\"2016-04-14T18:41:07+00:00\",\"dateModified\":\"2023-03-30T19:09:51+00:00\",\"description\":\"Visite priv\u00e9e de S\u00e9ville en passant par le quartier juif et la place d'Espagne. D\u00e9couvrez S\u00e9ville lors de cette visite priv\u00e9e avec un guide officiel priv\u00e9 \u2705\",\"breadcrumb\":{\"@id\":\"https:\/\/tourtravelandmore.com\/fr\/tours\/espagne-fr\/seville-fr\/private-walking-tours-seville\/visite-privee-de-seville-a-travers-le-quartier-juif-et-la-plaza-espana\/#breadcrumb\"},\"inLanguage\":\"fr-FR\",\"potentialAction\":[{\"@type\":\"ReadAction\",\"target\":[\"https:\/\/tourtravelandmore.com\/fr\/tours\/espagne-fr\/seville-fr\/private-walking-tours-seville\/visite-privee-de-seville-a-travers-le-quartier-juif-et-la-plaza-espana\/\"]}]},{\"@type\":\"ImageObject\",\"inLanguage\":\"fr-FR\",\"@id\":\"https:\/\/tourtravelandmore.com\/fr\/tours\/espagne-fr\/seville-fr\/private-walking-tours-seville\/visite-privee-de-seville-a-travers-le-quartier-juif-et-la-plaza-espana\/#primaryimage\",\"url\":\"https:\/\/tourtravelandmore.com\/wp-content\/uploads\/2016\/03\/Torre-de-oro-1-scaled.jpg\",\"contentUrl\":\"https:\/\/tourtravelandmore.com\/wp-content\/uploads\/2016\/03\/Torre-de-oro-1-scaled.jpg\",\"width\":5274,\"height\":3071},{\"@type\":\"BreadcrumbList\",\"@id\":\"https:\/\/tourtravelandmore.com\/fr\/tours\/espagne-fr\/seville-fr\/private-walking-tours-seville\/visite-privee-de-seville-a-travers-le-quartier-juif-et-la-plaza-espana\/#breadcrumb\",\"itemListElement\":[{\"@type\":\"ListItem\",\"position\":1,\"name\":\"Home\",\"item\":\"https:\/\/tourtravelandmore.com\/fr\/\"},{\"@type\":\"ListItem\",\"position\":2,\"name\":\"Tours\",\"item\":\"https:\/\/tourtravelandmore.com\/fr\/tours\/\"},{\"@type\":\"ListItem\",\"position\":3,\"name\":\"Visite priv\u00e9e de S\u00e9ville \u00e0 travers le quartier juif et la Plaza Espa\u00f1a\"}]},{\"@type\":\"WebSite\",\"@id\":\"https:\/\/tourtravelandmore.com\/fr\/#website\",\"url\":\"https:\/\/tourtravelandmore.com\/fr\/\",\"name\":\"Tour Travel And More\",\"description\":\"Private sightseeing tours and luxury transfers in Spain\",\"publisher\":{\"@id\":\"https:\/\/tourtravelandmore.com\/fr\/#organization\"},\"potentialAction\":[{\"@type\":\"SearchAction\",\"target\":{\"@type\":\"EntryPoint\",\"urlTemplate\":\"https:\/\/tourtravelandmore.com\/fr\/?s={search_term_string}\"},\"query-input\":{\"@type\":\"PropertyValueSpecification\",\"valueRequired\":true,\"valueName\":\"search_term_string\"}}],\"inLanguage\":\"fr-FR\"},{\"@type\":\"Organization\",\"@id\":\"https:\/\/tourtravelandmore.com\/fr\/#organization\",\"name\":\"Tour Travel And More\",\"url\":\"https:\/\/tourtravelandmore.com\/fr\/\",\"logo\":{\"@type\":\"ImageObject\",\"inLanguage\":\"fr-FR\",\"@id\":\"https:\/\/tourtravelandmore.com\/fr\/#\/schema\/logo\/image\/\",\"url\":\"https:\/\/tourtravelandmore.com\/wp-content\/uploads\/2022\/12\/cropped-logo-cabecera-new.png\",\"contentUrl\":\"https:\/\/tourtravelandmore.com\/wp-content\/uploads\/2022\/12\/cropped-logo-cabecera-new.png\",\"width\":430,\"height\":61,\"caption\":\"Tour Travel And More\"},\"image\":{\"@id\":\"https:\/\/tourtravelandmore.com\/fr\/#\/schema\/logo\/image\/\"},\"sameAs\":[\"https:\/\/www.facebook.com\/tourtravelandmore\/\",\"https:\/\/x.com\/TourTravel_More\"]}]}<\/script>\n<!-- \/ Yoast SEO Premium plugin. -->","yoast_head_json":{"title":"\u27a1\ufe0f Visite priv\u00e9e de S\u00e9ville \u00e0 travers le quartier juif et la Plaza Espa\u00f1a | TTM","description":"Visite priv\u00e9e de S\u00e9ville en passant par le quartier juif et la place d'Espagne. D\u00e9couvrez S\u00e9ville lors de cette visite priv\u00e9e avec un guide officiel priv\u00e9 \u2705","robots":{"index":"index","follow":"follow","max-snippet":"max-snippet:-1","max-image-preview":"max-image-preview:large","max-video-preview":"max-video-preview:-1"},"canonical":"https:\/\/tourtravelandmore.com\/fr\/tours\/espagne-fr\/seville-fr\/private-walking-tours-seville\/visite-privee-de-seville-a-travers-le-quartier-juif-et-la-plaza-espana\/","og_locale":"fr_FR","og_type":"article","og_title":"Visite priv\u00e9e de S\u00e9ville \u00e0 travers le quartier juif et la Plaza Espa\u00f1a","og_description":"Visite priv\u00e9e de S\u00e9ville en passant par le quartier juif et la place d'Espagne. D\u00e9couvrez S\u00e9ville lors de cette visite priv\u00e9e avec un guide officiel priv\u00e9 \u2705","og_url":"https:\/\/tourtravelandmore.com\/fr\/tours\/espagne-fr\/seville-fr\/private-walking-tours-seville\/visite-privee-de-seville-a-travers-le-quartier-juif-et-la-plaza-espana\/","og_site_name":"Tour Travel And More","article_publisher":"https:\/\/www.facebook.com\/tourtravelandmore\/","article_modified_time":"2023-03-30T19:09:51+00:00","og_image":[{"width":5274,"height":3071,"url":"https:\/\/tourtravelandmore.com\/wp-content\/uploads\/2016\/03\/Torre-de-oro-1-scaled.jpg","type":"image\/jpeg"}],"twitter_card":"summary_large_image","twitter_site":"@TourTravel_More","twitter_misc":{"Dur\u00e9e de lecture estim\u00e9e":"3 minutes"},"schema":{"@context":"https:\/\/schema.org","@graph":[{"@type":"WebPage","@id":"https:\/\/tourtravelandmore.com\/fr\/tours\/espagne-fr\/seville-fr\/private-walking-tours-seville\/visite-privee-de-seville-a-travers-le-quartier-juif-et-la-plaza-espana\/","url":"https:\/\/tourtravelandmore.com\/fr\/tours\/espagne-fr\/seville-fr\/private-walking-tours-seville\/visite-privee-de-seville-a-travers-le-quartier-juif-et-la-plaza-espana\/","name":"\u27a1\ufe0f Visite priv\u00e9e de S\u00e9ville \u00e0 travers le quartier juif et la Plaza Espa\u00f1a | TTM","isPartOf":{"@id":"https:\/\/tourtravelandmore.com\/fr\/#website"},"primaryImageOfPage":{"@id":"https:\/\/tourtravelandmore.com\/fr\/tours\/espagne-fr\/seville-fr\/private-walking-tours-seville\/visite-privee-de-seville-a-travers-le-quartier-juif-et-la-plaza-espana\/#primaryimage"},"image":{"@id":"https:\/\/tourtravelandmore.com\/fr\/tours\/espagne-fr\/seville-fr\/private-walking-tours-seville\/visite-privee-de-seville-a-travers-le-quartier-juif-et-la-plaza-espana\/#primaryimage"},"thumbnailUrl":"https:\/\/tourtravelandmore.com\/wp-content\/uploads\/2016\/03\/Torre-de-oro-1-scaled.jpg","datePublished":"2016-04-14T18:41:07+00:00","dateModified":"2023-03-30T19:09:51+00:00","description":"Visite priv\u00e9e de S\u00e9ville en passant par le quartier juif et la place d'Espagne. D\u00e9couvrez S\u00e9ville lors de cette visite priv\u00e9e avec un guide officiel priv\u00e9 \u2705","breadcrumb":{"@id":"https:\/\/tourtravelandmore.com\/fr\/tours\/espagne-fr\/seville-fr\/private-walking-tours-seville\/visite-privee-de-seville-a-travers-le-quartier-juif-et-la-plaza-espana\/#breadcrumb"},"inLanguage":"fr-FR","potentialAction":[{"@type":"ReadAction","target":["https:\/\/tourtravelandmore.com\/fr\/tours\/espagne-fr\/seville-fr\/private-walking-tours-seville\/visite-privee-de-seville-a-travers-le-quartier-juif-et-la-plaza-espana\/"]}]},{"@type":"ImageObject","inLanguage":"fr-FR","@id":"https:\/\/tourtravelandmore.com\/fr\/tours\/espagne-fr\/seville-fr\/private-walking-tours-seville\/visite-privee-de-seville-a-travers-le-quartier-juif-et-la-plaza-espana\/#primaryimage","url":"https:\/\/tourtravelandmore.com\/wp-content\/uploads\/2016\/03\/Torre-de-oro-1-scaled.jpg","contentUrl":"https:\/\/tourtravelandmore.com\/wp-content\/uploads\/2016\/03\/Torre-de-oro-1-scaled.jpg","width":5274,"height":3071},{"@type":"BreadcrumbList","@id":"https:\/\/tourtravelandmore.com\/fr\/tours\/espagne-fr\/seville-fr\/private-walking-tours-seville\/visite-privee-de-seville-a-travers-le-quartier-juif-et-la-plaza-espana\/#breadcrumb","itemListElement":[{"@type":"ListItem","position":1,"name":"Home","item":"https:\/\/tourtravelandmore.com\/fr\/"},{"@type":"ListItem","position":2,"name":"Tours","item":"https:\/\/tourtravelandmore.com\/fr\/tours\/"},{"@type":"ListItem","position":3,"name":"Visite priv\u00e9e de S\u00e9ville \u00e0 travers le quartier juif et la Plaza Espa\u00f1a"}]},{"@type":"WebSite","@id":"https:\/\/tourtravelandmore.com\/fr\/#website","url":"https:\/\/tourtravelandmore.com\/fr\/","name":"Tour Travel And More","description":"Private sightseeing tours and luxury transfers in Spain","publisher":{"@id":"https:\/\/tourtravelandmore.com\/fr\/#organization"},"potentialAction":[{"@type":"SearchAction","target":{"@type":"EntryPoint","urlTemplate":"https:\/\/tourtravelandmore.com\/fr\/?s={search_term_string}"},"query-input":{"@type":"PropertyValueSpecification","valueRequired":true,"valueName":"search_term_string"}}],"inLanguage":"fr-FR"},{"@type":"Organization","@id":"https:\/\/tourtravelandmore.com\/fr\/#organization","name":"Tour Travel And More","url":"https:\/\/tourtravelandmore.com\/fr\/","logo":{"@type":"ImageObject","inLanguage":"fr-FR","@id":"https:\/\/tourtravelandmore.com\/fr\/#\/schema\/logo\/image\/","url":"https:\/\/tourtravelandmore.com\/wp-content\/uploads\/2022\/12\/cropped-logo-cabecera-new.png","contentUrl":"https:\/\/tourtravelandmore.com\/wp-content\/uploads\/2022\/12\/cropped-logo-cabecera-new.png","width":430,"height":61,"caption":"Tour Travel And More"},"image":{"@id":"https:\/\/tourtravelandmore.com\/fr\/#\/schema\/logo\/image\/"},"sameAs":["https:\/\/www.facebook.com\/tourtravelandmore\/","https:\/\/x.com\/TourTravel_More"]}]}},"_links":{"self":[{"href":"https:\/\/tourtravelandmore.com\/fr\/wp-json\/wp\/v2\/product\/159361","targetHints":{"allow":["GET"]}}],"collection":[{"href":"https:\/\/tourtravelandmore.com\/fr\/wp-json\/wp\/v2\/product"}],"about":[{"href":"https:\/\/tourtravelandmore.com\/fr\/wp-json\/wp\/v2\/types\/product"}],"replies":[{"embeddable":true,"href":"https:\/\/tourtravelandmore.com\/fr\/wp-json\/wp\/v2\/comments?post=159361"}],"wp:featuredmedia":[{"embeddable":true,"href":"https:\/\/tourtravelandmore.com\/fr\/wp-json\/wp\/v2\/media\/93719"}],"wp:attachment":[{"href":"https:\/\/tourtravelandmore.com\/fr\/wp-json\/wp\/v2\/media?parent=159361"}],"wp:term":[{"taxonomy":"product_brand","embeddable":true,"href":"https:\/\/tourtravelandmore.com\/fr\/wp-json\/wp\/v2\/product_brand?post=159361"},{"taxonomy":"product_cat","embeddable":true,"href":"https:\/\/tourtravelandmore.com\/fr\/wp-json\/wp\/v2\/product_cat?post=159361"},{"taxonomy":"product_tag","embeddable":true,"href":"https:\/\/tourtravelandmore.com\/fr\/wp-json\/wp\/v2\/product_tag?post=159361"}],"curies":[{"name":"wp","href":"https:\/\/api.w.org\/{rel}","templated":true}]}}