{"id":159351,"date":"2017-11-27T11:41:20","date_gmt":"2017-11-27T10:41:20","guid":{"rendered":"https:\/\/tourtravelandmore.com\/tours\/non class\u00e9\/visite-privee-des-tapas-a-seville\/"},"modified":"2017-11-27T11:41:20","modified_gmt":"2017-11-27T10:41:20","slug":"visite-privee-des-tapas-a-seville","status":"publish","type":"product","link":"https:\/\/tourtravelandmore.com\/fr\/tours\/espagne-fr\/seville-fr\/all-private-tours-activities-fr-16\/visite-privee-des-tapas-a-seville\/","title":{"rendered":"Visite priv\u00e9e des tapas \u00e0 S\u00e9ville"},"content":{"rendered":"<h2><strong>Visite priv\u00e9e des tapas \u00e0 S\u00e9ville Description <\/strong><\/h2>\n<p>Profitez de cette visite priv\u00e9e de <strong>Tapas<\/strong> \u00e0 <strong>S\u00e9ville<\/strong> et go\u00fbtez \u00e0 la grande cuisine espagnole. Avec un guide officiel, vous d\u00e9couvrirez la ville comme un habitant. Vous visiterez trois des meilleurs bars \u00e0 <strong>tapas<\/strong> de <strong>S\u00e9ville,<\/strong> avec nourriture et boissons incluses dans chaque lieu.<\/p>\n<p>La visite commencera et se terminera dans un lieu central. Si votre h\u00f4tel est situ\u00e9 dans le centre, nous pouvons organiser la prise en charge et le retour depuis votre h\u00f4tel.<\/p>\n<p>Cette <strong>visite priv\u00e9e<\/strong> de <strong>Tapas<\/strong> \u00e0 <strong>S\u00e9ville<\/strong> est 100% adaptable \u00e0 vos int\u00e9r\u00eats et \u00e0 vos go\u00fbts.<\/p>\n<p>N&#8217;h\u00e9sitez pas \u00e0 nous contacter. Chez <strong>Tour Travel and More,<\/strong> nous faisons de notre mieux pour que nos clients b\u00e9n\u00e9ficient d&#8217;une exp\u00e9rience personnalis\u00e9e.<\/p>\n<h2>Points d&#8217;int\u00e9r\u00eat et de rep\u00e8re<\/h2>\n<p>S\u00e9ville a \u00e9t\u00e9 d\u00e9clar\u00e9e par <strong>Lonely Planet,<\/strong> l&#8217;un des magazines de voyage les plus c\u00e9l\u00e8bres, comme la meilleure ville \u00e0 visiter en <strong>2018.<\/strong><\/p>\n<p><strong>S\u00e9ville<\/strong> est une ville qui a beaucoup \u00e0 offrir. Vous pouvez profiter de la <strong>Plaza Espa\u00f1a,<\/strong> de la <strong>cath\u00e9drale,<\/strong> de <strong>l&#8217;Alcazar<\/strong> et de bien d&#8217;autres choses encore ! La ville est \u00e9galement tr\u00e8s connue pour sa gastronomie.<\/p>\n<p>L&#8217;histoire des tapas en <strong>Espagne<\/strong> : \u00a8L&#8217;une des histoires les plus populaires pr\u00e9tend que, au <strong>13e<\/strong> si\u00e8cle, le roi <strong>Alphonse<\/strong> <strong>X de Castille<\/strong> a d\u00e9couvert que, alors qu&#8217;il se remettait d&#8217;une maladie, il ne pouvait manger et boire qu&#8217;en petites quantit\u00e9s. Il ne pouvait manger et boire qu&#8217;en petites quantit\u00e9s &#8211; ce qui donna naissance \u00e0 l&#8217;une des premi\u00e8res formes de tapas. Le roi trouva l&#8217;id\u00e9e g\u00e9niale et d\u00e9cr\u00e9ta que chaque boisson devait \u00eatre accompagn\u00e9e d&#8217;un petit en-cas\u00a8.<\/p>\n<p>Tout d&#8217;abord, votre guide touristique priv\u00e9 vous rencontrera dans un point de rencontre central pour commencer cette <strong>visite priv\u00e9e<\/strong> de <strong>Tapas<\/strong> \u00e0 <strong>S\u00e9ville.<\/strong><\/p>\n<p>Votre guide priv\u00e9 prendra sur <strong>3<\/strong> <strong>heures \u00a8tapas\u00a8 tour.<\/strong> Par cons\u00e9quent, pour cette visite, vous visiterez 3 bars espagnols diff\u00e9rents dans le centre de S\u00e9ville.<\/p>\n<p>Vous aurez l&#8217;occasion de go\u00fbter \u00e0 la meilleure nourriture de <strong>S\u00e9ville.<\/strong><\/p>\n<p>Par exemple, les tapas que vous pourrez d\u00e9guster sont ;<\/p>\n<ul>\n<li><strong>Omelette espagnole,<\/strong><\/li>\n<li><strong>Fruits de mer,<\/strong><\/li>\n<li><strong>Jambon espagnol \/ Jamon Ib\u00e9rico<\/strong><\/li>\n<li><strong>Croquettes<\/strong><\/li>\n<li><strong>Calamares<\/strong><\/li>\n<li><strong>Gazpacho<\/strong><\/li>\n<li><strong>Salade de crevettes (Ensaladilla de Gambas)<\/strong><\/li>\n<li><strong>Flamenqu\u00edn<\/strong><\/li>\n<li><strong>Boulettes de viande au chocolat<\/strong><\/li>\n<li><strong>Pring\u00e1<\/strong><\/li>\n<li><strong>Serranito<\/strong><\/li>\n<li><strong>Carrillada<\/strong><\/li>\n<li><strong>Whisky Solomillo<\/strong><\/li>\n<li><strong>Cola de Toro<\/strong><\/li>\n<li><strong>Poisson frit<\/strong><\/li>\n<li><strong>Puntas de Solomillo : filet de porc ib\u00e9rique<\/strong><\/li>\n<li><strong>Espinacas con Garbanzos &#8211; pois chiches et \u00e9pinards aux \u00e9pices<\/strong><br \/>\n<strong>et bien d&#8217;autres choses encore !<\/strong><\/li>\n<\/ul>\n<p>Ce ne sont l\u00e0 que quelques exemples de ce que vous pourrez go\u00fbter. Nous visiterons 3 bars \u00e0 tapas diff\u00e9rents. Il y a 3 tapas et 3 boissons incluses au total par personne.<\/p>\n<p>De plus, si vous souhaitez faire une visite de la ville \u00e0 pied avant la visite des tapas, nous pouvons l&#8217;organiser pour vous.<\/p>\n<p>Enfin, cette excursion dure 3 heures entre le moment de la prise en charge et celui de la restitution. N&#8217;h\u00e9sitez pas \u00e0 nous contacter si vous \u00eates int\u00e9ress\u00e9 par une visite plus longue.<\/p>\n<p>Cette visite priv\u00e9e se termine \u00e0 un point de rencontre central. Jetez un coup d&#8217;\u0153il \u00e0 nos visites de la ville et aux autres <strong><a href=\"\/?product_cat=sevilla-en\">visites priv\u00e9es \u00e0 pied que nous proposons \u00e0 S\u00e9ville.<\/a><\/strong><\/p>\n","protected":false},"excerpt":{"rendered":"<p>Profitez de cette visite priv\u00e9e de <strong>Tapas<\/strong> \u00e0 <strong>S\u00e9ville<\/strong> et go\u00fbtez \u00e0 la grande cuisine espagnole. Avec un guide officiel, vous d\u00e9couvrirez la ville comme un habitant. Vous visiterez trois des meilleurs bars \u00e0 <strong>tapas<\/strong> de <strong>S\u00e9ville,<\/strong> avec nourriture et boissons incluses dans chaque lieu.<\/p>\n","protected":false},"featured_media":94539,"comment_status":"open","ping_status":"closed","template":"","meta":{"_acf_changed":false},"product_brand":[],"product_cat":[3676,4273,4264,4309],"product_tag":[],"class_list":{"0":"post-159351","1":"product","2":"type-product","3":"status-publish","4":"has-post-thumbnail","6":"product_cat-seville-fr","7":"product_cat-best-sellers-fr","8":"product_cat-all-private-tours-activities-fr-16","9":"product_cat-private-walking-tours-seville","11":"first","12":"instock","13":"shipping-taxable","14":"purchasable","15":"product-type-simple"},"acf":[],"yoast_head":"<!-- This site is optimized with the Yoast SEO Premium plugin v25.3.1 (Yoast SEO v25.3.1) - https:\/\/yoast.com\/wordpress\/plugins\/seo\/ -->\n<title>\u27a1\ufe0f Visite priv\u00e9e des tapas \u00e0 S\u00e9ville | Tour Travel &amp; More<\/title>\n<meta name=\"description\" content=\"Profitez de cette visite priv\u00e9e de Tapas S\u00e9ville et obtenez de visiter et de go\u00fbter la nourriture des meilleurs bars de S\u00e9ville. Nourriture et boissons incluses dans 3 bars de S\u00e9ville \u2705\" \/>\n<meta name=\"robots\" content=\"index, follow, max-snippet:-1, max-image-preview:large, max-video-preview:-1\" \/>\n<link rel=\"canonical\" href=\"https:\/\/tourtravelandmore.com\/fr\/tours\/espagne-fr\/seville-fr\/all-private-tours-activities-fr-16\/visite-privee-des-tapas-a-seville\/\" \/>\n<meta property=\"og:locale\" content=\"fr_FR\" \/>\n<meta property=\"og:type\" content=\"article\" \/>\n<meta property=\"og:title\" content=\"Visite priv\u00e9e des tapas \u00e0 S\u00e9ville\" \/>\n<meta property=\"og:description\" content=\"Profitez de cette visite priv\u00e9e de Tapas S\u00e9ville et obtenez de visiter et de go\u00fbter la nourriture des meilleurs bars de S\u00e9ville. Nourriture et boissons incluses dans 3 bars de S\u00e9ville \u2705\" \/>\n<meta property=\"og:url\" content=\"https:\/\/tourtravelandmore.com\/fr\/tours\/espagne-fr\/seville-fr\/all-private-tours-activities-fr-16\/visite-privee-des-tapas-a-seville\/\" \/>\n<meta property=\"og:site_name\" content=\"Tour Travel And More\" \/>\n<meta property=\"article:publisher\" content=\"https:\/\/www.facebook.com\/tourtravelandmore\/\" \/>\n<meta property=\"og:image\" content=\"https:\/\/tourtravelandmore.com\/wp-content\/uploads\/2017\/11\/tapas-bar.jpg\" \/>\n\t<meta property=\"og:image:width\" content=\"1024\" \/>\n\t<meta property=\"og:image:height\" content=\"744\" \/>\n\t<meta property=\"og:image:type\" content=\"image\/jpeg\" \/>\n<meta name=\"twitter:card\" content=\"summary_large_image\" \/>\n<meta name=\"twitter:site\" content=\"@TourTravel_More\" \/>\n<meta name=\"twitter:label1\" content=\"Dur\u00e9e de lecture estim\u00e9e\" \/>\n\t<meta name=\"twitter:data1\" content=\"3 minutes\" \/>\n<script type=\"application\/ld+json\" class=\"yoast-schema-graph\">{\"@context\":\"https:\/\/schema.org\",\"@graph\":[{\"@type\":\"WebPage\",\"@id\":\"https:\/\/tourtravelandmore.com\/fr\/tours\/espagne-fr\/seville-fr\/all-private-tours-activities-fr-16\/visite-privee-des-tapas-a-seville\/\",\"url\":\"https:\/\/tourtravelandmore.com\/fr\/tours\/espagne-fr\/seville-fr\/all-private-tours-activities-fr-16\/visite-privee-des-tapas-a-seville\/\",\"name\":\"\u27a1\ufe0f Visite priv\u00e9e des tapas \u00e0 S\u00e9ville | Tour Travel & More\",\"isPartOf\":{\"@id\":\"https:\/\/tourtravelandmore.com\/fr\/#website\"},\"primaryImageOfPage\":{\"@id\":\"https:\/\/tourtravelandmore.com\/fr\/tours\/espagne-fr\/seville-fr\/all-private-tours-activities-fr-16\/visite-privee-des-tapas-a-seville\/#primaryimage\"},\"image\":{\"@id\":\"https:\/\/tourtravelandmore.com\/fr\/tours\/espagne-fr\/seville-fr\/all-private-tours-activities-fr-16\/visite-privee-des-tapas-a-seville\/#primaryimage\"},\"thumbnailUrl\":\"https:\/\/tourtravelandmore.com\/wp-content\/uploads\/2017\/11\/tapas-bar.jpg\",\"datePublished\":\"2017-11-27T10:41:20+00:00\",\"description\":\"Profitez de cette visite priv\u00e9e de Tapas S\u00e9ville et obtenez de visiter et de go\u00fbter la nourriture des meilleurs bars de S\u00e9ville. Nourriture et boissons incluses dans 3 bars de S\u00e9ville \u2705\",\"breadcrumb\":{\"@id\":\"https:\/\/tourtravelandmore.com\/fr\/tours\/espagne-fr\/seville-fr\/all-private-tours-activities-fr-16\/visite-privee-des-tapas-a-seville\/#breadcrumb\"},\"inLanguage\":\"fr-FR\",\"potentialAction\":[{\"@type\":\"ReadAction\",\"target\":[\"https:\/\/tourtravelandmore.com\/fr\/tours\/espagne-fr\/seville-fr\/all-private-tours-activities-fr-16\/visite-privee-des-tapas-a-seville\/\"]}]},{\"@type\":\"ImageObject\",\"inLanguage\":\"fr-FR\",\"@id\":\"https:\/\/tourtravelandmore.com\/fr\/tours\/espagne-fr\/seville-fr\/all-private-tours-activities-fr-16\/visite-privee-des-tapas-a-seville\/#primaryimage\",\"url\":\"https:\/\/tourtravelandmore.com\/wp-content\/uploads\/2017\/11\/tapas-bar.jpg\",\"contentUrl\":\"https:\/\/tourtravelandmore.com\/wp-content\/uploads\/2017\/11\/tapas-bar.jpg\",\"width\":1024,\"height\":744},{\"@type\":\"BreadcrumbList\",\"@id\":\"https:\/\/tourtravelandmore.com\/fr\/tours\/espagne-fr\/seville-fr\/all-private-tours-activities-fr-16\/visite-privee-des-tapas-a-seville\/#breadcrumb\",\"itemListElement\":[{\"@type\":\"ListItem\",\"position\":1,\"name\":\"Home\",\"item\":\"https:\/\/tourtravelandmore.com\/fr\/\"},{\"@type\":\"ListItem\",\"position\":2,\"name\":\"Tours\",\"item\":\"https:\/\/tourtravelandmore.com\/fr\/tours\/\"},{\"@type\":\"ListItem\",\"position\":3,\"name\":\"Visite priv\u00e9e des tapas \u00e0 S\u00e9ville\"}]},{\"@type\":\"WebSite\",\"@id\":\"https:\/\/tourtravelandmore.com\/fr\/#website\",\"url\":\"https:\/\/tourtravelandmore.com\/fr\/\",\"name\":\"Tour Travel And More\",\"description\":\"Private sightseeing tours and luxury transfers in Spain\",\"publisher\":{\"@id\":\"https:\/\/tourtravelandmore.com\/fr\/#organization\"},\"potentialAction\":[{\"@type\":\"SearchAction\",\"target\":{\"@type\":\"EntryPoint\",\"urlTemplate\":\"https:\/\/tourtravelandmore.com\/fr\/?s={search_term_string}\"},\"query-input\":{\"@type\":\"PropertyValueSpecification\",\"valueRequired\":true,\"valueName\":\"search_term_string\"}}],\"inLanguage\":\"fr-FR\"},{\"@type\":\"Organization\",\"@id\":\"https:\/\/tourtravelandmore.com\/fr\/#organization\",\"name\":\"Tour Travel And More\",\"url\":\"https:\/\/tourtravelandmore.com\/fr\/\",\"logo\":{\"@type\":\"ImageObject\",\"inLanguage\":\"fr-FR\",\"@id\":\"https:\/\/tourtravelandmore.com\/fr\/#\/schema\/logo\/image\/\",\"url\":\"https:\/\/tourtravelandmore.com\/wp-content\/uploads\/2022\/12\/cropped-logo-cabecera-new.png\",\"contentUrl\":\"https:\/\/tourtravelandmore.com\/wp-content\/uploads\/2022\/12\/cropped-logo-cabecera-new.png\",\"width\":430,\"height\":61,\"caption\":\"Tour Travel And More\"},\"image\":{\"@id\":\"https:\/\/tourtravelandmore.com\/fr\/#\/schema\/logo\/image\/\"},\"sameAs\":[\"https:\/\/www.facebook.com\/tourtravelandmore\/\",\"https:\/\/x.com\/TourTravel_More\"]}]}<\/script>\n<!-- \/ Yoast SEO Premium plugin. -->","yoast_head_json":{"title":"\u27a1\ufe0f Visite priv\u00e9e des tapas \u00e0 S\u00e9ville | Tour Travel & More","description":"Profitez de cette visite priv\u00e9e de Tapas S\u00e9ville et obtenez de visiter et de go\u00fbter la nourriture des meilleurs bars de S\u00e9ville. Nourriture et boissons incluses dans 3 bars de S\u00e9ville \u2705","robots":{"index":"index","follow":"follow","max-snippet":"max-snippet:-1","max-image-preview":"max-image-preview:large","max-video-preview":"max-video-preview:-1"},"canonical":"https:\/\/tourtravelandmore.com\/fr\/tours\/espagne-fr\/seville-fr\/all-private-tours-activities-fr-16\/visite-privee-des-tapas-a-seville\/","og_locale":"fr_FR","og_type":"article","og_title":"Visite priv\u00e9e des tapas \u00e0 S\u00e9ville","og_description":"Profitez de cette visite priv\u00e9e de Tapas S\u00e9ville et obtenez de visiter et de go\u00fbter la nourriture des meilleurs bars de S\u00e9ville. Nourriture et boissons incluses dans 3 bars de S\u00e9ville \u2705","og_url":"https:\/\/tourtravelandmore.com\/fr\/tours\/espagne-fr\/seville-fr\/all-private-tours-activities-fr-16\/visite-privee-des-tapas-a-seville\/","og_site_name":"Tour Travel And More","article_publisher":"https:\/\/www.facebook.com\/tourtravelandmore\/","og_image":[{"width":1024,"height":744,"url":"https:\/\/tourtravelandmore.com\/wp-content\/uploads\/2017\/11\/tapas-bar.jpg","type":"image\/jpeg"}],"twitter_card":"summary_large_image","twitter_site":"@TourTravel_More","twitter_misc":{"Dur\u00e9e de lecture estim\u00e9e":"3 minutes"},"schema":{"@context":"https:\/\/schema.org","@graph":[{"@type":"WebPage","@id":"https:\/\/tourtravelandmore.com\/fr\/tours\/espagne-fr\/seville-fr\/all-private-tours-activities-fr-16\/visite-privee-des-tapas-a-seville\/","url":"https:\/\/tourtravelandmore.com\/fr\/tours\/espagne-fr\/seville-fr\/all-private-tours-activities-fr-16\/visite-privee-des-tapas-a-seville\/","name":"\u27a1\ufe0f Visite priv\u00e9e des tapas \u00e0 S\u00e9ville | Tour Travel & More","isPartOf":{"@id":"https:\/\/tourtravelandmore.com\/fr\/#website"},"primaryImageOfPage":{"@id":"https:\/\/tourtravelandmore.com\/fr\/tours\/espagne-fr\/seville-fr\/all-private-tours-activities-fr-16\/visite-privee-des-tapas-a-seville\/#primaryimage"},"image":{"@id":"https:\/\/tourtravelandmore.com\/fr\/tours\/espagne-fr\/seville-fr\/all-private-tours-activities-fr-16\/visite-privee-des-tapas-a-seville\/#primaryimage"},"thumbnailUrl":"https:\/\/tourtravelandmore.com\/wp-content\/uploads\/2017\/11\/tapas-bar.jpg","datePublished":"2017-11-27T10:41:20+00:00","description":"Profitez de cette visite priv\u00e9e de Tapas S\u00e9ville et obtenez de visiter et de go\u00fbter la nourriture des meilleurs bars de S\u00e9ville. Nourriture et boissons incluses dans 3 bars de S\u00e9ville \u2705","breadcrumb":{"@id":"https:\/\/tourtravelandmore.com\/fr\/tours\/espagne-fr\/seville-fr\/all-private-tours-activities-fr-16\/visite-privee-des-tapas-a-seville\/#breadcrumb"},"inLanguage":"fr-FR","potentialAction":[{"@type":"ReadAction","target":["https:\/\/tourtravelandmore.com\/fr\/tours\/espagne-fr\/seville-fr\/all-private-tours-activities-fr-16\/visite-privee-des-tapas-a-seville\/"]}]},{"@type":"ImageObject","inLanguage":"fr-FR","@id":"https:\/\/tourtravelandmore.com\/fr\/tours\/espagne-fr\/seville-fr\/all-private-tours-activities-fr-16\/visite-privee-des-tapas-a-seville\/#primaryimage","url":"https:\/\/tourtravelandmore.com\/wp-content\/uploads\/2017\/11\/tapas-bar.jpg","contentUrl":"https:\/\/tourtravelandmore.com\/wp-content\/uploads\/2017\/11\/tapas-bar.jpg","width":1024,"height":744},{"@type":"BreadcrumbList","@id":"https:\/\/tourtravelandmore.com\/fr\/tours\/espagne-fr\/seville-fr\/all-private-tours-activities-fr-16\/visite-privee-des-tapas-a-seville\/#breadcrumb","itemListElement":[{"@type":"ListItem","position":1,"name":"Home","item":"https:\/\/tourtravelandmore.com\/fr\/"},{"@type":"ListItem","position":2,"name":"Tours","item":"https:\/\/tourtravelandmore.com\/fr\/tours\/"},{"@type":"ListItem","position":3,"name":"Visite priv\u00e9e des tapas \u00e0 S\u00e9ville"}]},{"@type":"WebSite","@id":"https:\/\/tourtravelandmore.com\/fr\/#website","url":"https:\/\/tourtravelandmore.com\/fr\/","name":"Tour Travel And More","description":"Private sightseeing tours and luxury transfers in Spain","publisher":{"@id":"https:\/\/tourtravelandmore.com\/fr\/#organization"},"potentialAction":[{"@type":"SearchAction","target":{"@type":"EntryPoint","urlTemplate":"https:\/\/tourtravelandmore.com\/fr\/?s={search_term_string}"},"query-input":{"@type":"PropertyValueSpecification","valueRequired":true,"valueName":"search_term_string"}}],"inLanguage":"fr-FR"},{"@type":"Organization","@id":"https:\/\/tourtravelandmore.com\/fr\/#organization","name":"Tour Travel And More","url":"https:\/\/tourtravelandmore.com\/fr\/","logo":{"@type":"ImageObject","inLanguage":"fr-FR","@id":"https:\/\/tourtravelandmore.com\/fr\/#\/schema\/logo\/image\/","url":"https:\/\/tourtravelandmore.com\/wp-content\/uploads\/2022\/12\/cropped-logo-cabecera-new.png","contentUrl":"https:\/\/tourtravelandmore.com\/wp-content\/uploads\/2022\/12\/cropped-logo-cabecera-new.png","width":430,"height":61,"caption":"Tour Travel And More"},"image":{"@id":"https:\/\/tourtravelandmore.com\/fr\/#\/schema\/logo\/image\/"},"sameAs":["https:\/\/www.facebook.com\/tourtravelandmore\/","https:\/\/x.com\/TourTravel_More"]}]}},"_links":{"self":[{"href":"https:\/\/tourtravelandmore.com\/fr\/wp-json\/wp\/v2\/product\/159351","targetHints":{"allow":["GET"]}}],"collection":[{"href":"https:\/\/tourtravelandmore.com\/fr\/wp-json\/wp\/v2\/product"}],"about":[{"href":"https:\/\/tourtravelandmore.com\/fr\/wp-json\/wp\/v2\/types\/product"}],"replies":[{"embeddable":true,"href":"https:\/\/tourtravelandmore.com\/fr\/wp-json\/wp\/v2\/comments?post=159351"}],"wp:featuredmedia":[{"embeddable":true,"href":"https:\/\/tourtravelandmore.com\/fr\/wp-json\/wp\/v2\/media\/94539"}],"wp:attachment":[{"href":"https:\/\/tourtravelandmore.com\/fr\/wp-json\/wp\/v2\/media?parent=159351"}],"wp:term":[{"taxonomy":"product_brand","embeddable":true,"href":"https:\/\/tourtravelandmore.com\/fr\/wp-json\/wp\/v2\/product_brand?post=159351"},{"taxonomy":"product_cat","embeddable":true,"href":"https:\/\/tourtravelandmore.com\/fr\/wp-json\/wp\/v2\/product_cat?post=159351"},{"taxonomy":"product_tag","embeddable":true,"href":"https:\/\/tourtravelandmore.com\/fr\/wp-json\/wp\/v2\/product_tag?post=159351"}],"curies":[{"name":"wp","href":"https:\/\/api.w.org\/{rel}","templated":true}]}}