{"id":159328,"date":"2017-11-28T12:02:11","date_gmt":"2017-11-28T11:02:11","guid":{"rendered":"https:\/\/tourtravelandmore.com\/tours\/non%20class\u00e9\/private-walking-tour-palaces-seville\/"},"modified":"2023-03-30T17:39:36","modified_gmt":"2023-03-30T15:39:36","slug":"visite-privee-a-pied-de-seville-les-palais","status":"publish","type":"product","link":"https:\/\/tourtravelandmore.com\/fr\/tours\/espagne-fr\/seville-fr\/all-private-tours-activities-fr-16\/visite-privee-a-pied-de-seville-les-palais\/","title":{"rendered":"Visite priv\u00e9e \u00e0 pied de S\u00e9ville : Les palais"},"content":{"rendered":"<h2>Visite priv\u00e9e \u00e0 pied de S\u00e9ville : Les palais Description<\/h2>\n<p>Prenez cette <strong>visite guid\u00e9e priv\u00e9e<\/strong> de 4\u00a0<strong>heures<\/strong> \u00e0 <strong>S\u00e9ville<\/strong> : <strong>Les palais. S\u00e9ville<\/strong> est une ville qui a tant \u00e0 offrir qu&#8217;il est difficile de savoir par o\u00f9 commencer.<\/p>\n<p>L&#8217;un des monuments uniques \u00e0 visiter est le <strong>Palais<\/strong> de <strong>S\u00e9ville.<\/strong> Il est \u00e9galement difficile de savoir par o\u00f9 commencer. Cette <strong>visite priv\u00e9e<\/strong> \u00e0 <strong>pied<\/strong> de <strong>S\u00e9ville<\/strong> vous emm\u00e8nera dans 3 des palais les plus populaires et les plus connus de <strong>S\u00e9ville.<\/strong><\/p>\n<p>Cette visite priv\u00e9e comprendra le <strong>Palais Las Due\u00f1as, le Palais Pilatos<\/strong> et le <strong>Palais Lebrija.<\/strong><\/p>\n<p>La <strong>visite priv\u00e9e<\/strong> \u00e0 <strong>pied<\/strong> de <strong>S\u00e9ville<\/strong> commencera \u00e0 un point de rencontre central. Si votre h\u00f4tel est situ\u00e9 dans le centre et peut \u00eatre atteint par une navette priv\u00e9e, nous pouvons commencer \u00e0 partir de l\u00e0. Si ce n&#8217;est pas le cas, la visite commencera devant l&#8217;un des <strong>palais.<\/strong><\/p>\n<p>Vous pourrez vous promener et admirer les trois palais avant la fin de la visite. La visite se terminera pr\u00e8s de l&#8217;un des <strong>palais<\/strong> de <strong>S\u00e9ville.<\/strong><\/p>\n<h2>Points d&#8217;int\u00e9r\u00eat<\/h2>\n<p>Pour cette visite priv\u00e9e \u00e0 pied de <strong>S\u00e9ville,<\/strong> vous pourrez profiter des palais les plus connus de <strong>S\u00e9ville<\/strong> ; \u00a8Las <strong>Due\u00f1as Palace\u00a8, \u00a8Pilate&#8217;s House\u00a8<\/strong> et <strong>\u00a8Lebrija Palace\u00a8.<\/strong> Les droits d&#8217;entr\u00e9e dans ces trois lieux sont inclus dans le prix de cette visite.<\/p>\n<p>Vous pourrez ensuite profiter et admirer la grande architecture et les curiosit\u00e9s des palais les plus importants et les plus connus de S\u00e9ville.<\/p>\n<p>Le <strong>palais Las Due\u00f1as<\/strong> a \u00e9t\u00e9 construit entre le <strong>XVe<\/strong> et le <strong>XVIe<\/strong> si\u00e8cle, il a d&#8217;abord \u00e9t\u00e9 une maison de famille, puis a \u00e9t\u00e9 transform\u00e9 en maison de geste au XIXe si\u00e8cle. Le c\u00e9l\u00e8bre po\u00e8te Antonio Machado est n\u00e9 en 1875 dans cette maison. Ce palais appartient actuellement \u00e0 la Maison d&#8217;Alba. Ce palais a un style renaissance et de nombreuses influences comme le gothique et le mauresque.<\/p>\n<p>La <strong>maison du Pilate<\/strong> repr\u00e9sente la r\u00e9sidence des nobles de <strong>S\u00e9ville<\/strong> au <strong>XVIe si\u00e8cle.<\/strong> Dans ce palais, on trouve de nombreuses statues qui forment une belle collection. Ce palais est la r\u00e9sidence permanente des ducs de Medinaceli. Admirez les magnifiques \u00e9l\u00e9ments mud\u00e9jars qui le rendent unique. Admirez les 150 diff\u00e9rents types de tuiles verniss\u00e9es typiques de l&#8217;Espagne.<\/p>\n<p>Le <strong>palais<\/strong> de la <strong>comtesse<\/strong> de <strong>Lebrija,<\/strong> \u00e9galement connu sous le nom de Palacio de la <strong>Condesa<\/strong> de <strong>Lebrija,<\/strong> rassemble l&#8217;une des collections de mosa\u00efques romaines les plus compl\u00e8tes et les plus \u00e9tonnantes de la r\u00e9gion. Le palais de la comtesse de Lebrija est situ\u00e9 dans le centre-ville de S\u00e9ville. Ce palais date du XVIe si\u00e8cle et a \u00e9t\u00e9 remodel\u00e9 aux XVIIIe et XXe si\u00e8cles. Vous y ferez une belle halte photo !<\/p>\n<p>Enfin, cette visite se terminera \u00e0 un point de rencontre central. Vous pouvez consulter le reste de nos <a href=\"\/?product_cat=sevilla-en\">visites priv\u00e9es \u00e0 S\u00e9ville.<\/a><\/p>\n","protected":false},"excerpt":{"rendered":"<p>Prenez cette <strong>visite guid\u00e9e priv\u00e9e<\/strong> de 4\u00a0<strong>heures<\/strong> \u00e0 <strong>S\u00e9ville<\/strong> : <strong>Les palais. S\u00e9ville<\/strong> est une ville qui a tant \u00e0 offrir qu&#8217;il est difficile de savoir par o\u00f9 commencer.<\/p>\n","protected":false},"featured_media":94560,"comment_status":"open","ping_status":"closed","template":"","meta":{"_acf_changed":false},"product_brand":[],"product_cat":[3676,4264,4309],"product_tag":[],"class_list":{"0":"post-159328","1":"product","2":"type-product","3":"status-publish","4":"has-post-thumbnail","6":"product_cat-seville-fr","7":"product_cat-all-private-tours-activities-fr-16","8":"product_cat-private-walking-tours-seville","10":"first","11":"instock","12":"shipping-taxable","13":"purchasable","14":"product-type-simple"},"acf":[],"yoast_head":"<!-- This site is optimized with the Yoast SEO Premium plugin v25.3.1 (Yoast SEO v25.3.1) - https:\/\/yoast.com\/wordpress\/plugins\/seo\/ -->\n<title>\u27a1\ufe0f Visite priv\u00e9e \u00e0 pied de S\u00e9ville : Les palais | Tour Travel &amp; More<\/title>\n<meta name=\"description\" content=\"Visite priv\u00e9e \u00e0 pied de S\u00e9ville : Les palais. D\u00e9couvrez les trois palais de S\u00e9ville : le palais de Las Due\u00f1as, le palais de Lebrija et le palais de Pilato.\" \/>\n<meta name=\"robots\" content=\"index, follow, max-snippet:-1, max-image-preview:large, max-video-preview:-1\" \/>\n<link rel=\"canonical\" href=\"https:\/\/tourtravelandmore.com\/fr\/tours\/espagne-fr\/seville-fr\/all-private-tours-activities-fr-16\/visite-privee-a-pied-de-seville-les-palais\/\" \/>\n<meta property=\"og:locale\" content=\"fr_FR\" \/>\n<meta property=\"og:type\" content=\"article\" \/>\n<meta property=\"og:title\" content=\"Visite priv\u00e9e \u00e0 pied de S\u00e9ville : Les palais\" \/>\n<meta property=\"og:description\" content=\"Visite priv\u00e9e \u00e0 pied de S\u00e9ville : Les palais. D\u00e9couvrez les trois palais de S\u00e9ville : le palais de Las Due\u00f1as, le palais de Lebrija et le palais de Pilato.\" \/>\n<meta property=\"og:url\" content=\"https:\/\/tourtravelandmore.com\/fr\/tours\/espagne-fr\/seville-fr\/all-private-tours-activities-fr-16\/visite-privee-a-pied-de-seville-les-palais\/\" \/>\n<meta property=\"og:site_name\" content=\"Tour Travel And More\" \/>\n<meta property=\"article:publisher\" content=\"https:\/\/www.facebook.com\/tourtravelandmore\/\" \/>\n<meta property=\"article:modified_time\" content=\"2023-03-30T15:39:36+00:00\" \/>\n<meta property=\"og:image\" content=\"https:\/\/tourtravelandmore.com\/wp-content\/uploads\/2017\/11\/Patio_central_del_Palacio_de_las_Due\u00f1as_de_Sevilla_Espa\u00f1a_2016_01-1024x768.jpg\" \/>\n\t<meta property=\"og:image:width\" content=\"1024\" \/>\n\t<meta property=\"og:image:height\" content=\"768\" \/>\n\t<meta property=\"og:image:type\" content=\"image\/jpeg\" \/>\n<meta name=\"twitter:card\" content=\"summary_large_image\" \/>\n<meta name=\"twitter:site\" content=\"@TourTravel_More\" \/>\n<meta name=\"twitter:label1\" content=\"Dur\u00e9e de lecture estim\u00e9e\" \/>\n\t<meta name=\"twitter:data1\" content=\"2 minutes\" \/>\n<script type=\"application\/ld+json\" class=\"yoast-schema-graph\">{\"@context\":\"https:\/\/schema.org\",\"@graph\":[{\"@type\":\"WebPage\",\"@id\":\"https:\/\/tourtravelandmore.com\/fr\/tours\/espagne-fr\/seville-fr\/all-private-tours-activities-fr-16\/visite-privee-a-pied-de-seville-les-palais\/\",\"url\":\"https:\/\/tourtravelandmore.com\/fr\/tours\/espagne-fr\/seville-fr\/all-private-tours-activities-fr-16\/visite-privee-a-pied-de-seville-les-palais\/\",\"name\":\"\u27a1\ufe0f Visite priv\u00e9e \u00e0 pied de S\u00e9ville : Les palais | Tour Travel & More\",\"isPartOf\":{\"@id\":\"https:\/\/tourtravelandmore.com\/fr\/#website\"},\"primaryImageOfPage\":{\"@id\":\"https:\/\/tourtravelandmore.com\/fr\/tours\/espagne-fr\/seville-fr\/all-private-tours-activities-fr-16\/visite-privee-a-pied-de-seville-les-palais\/#primaryimage\"},\"image\":{\"@id\":\"https:\/\/tourtravelandmore.com\/fr\/tours\/espagne-fr\/seville-fr\/all-private-tours-activities-fr-16\/visite-privee-a-pied-de-seville-les-palais\/#primaryimage\"},\"thumbnailUrl\":\"https:\/\/tourtravelandmore.com\/wp-content\/uploads\/2017\/11\/Patio_central_del_Palacio_de_las_Due\u00f1as_de_Sevilla_Espa\u00f1a_2016_01.jpg\",\"datePublished\":\"2017-11-28T11:02:11+00:00\",\"dateModified\":\"2023-03-30T15:39:36+00:00\",\"description\":\"Visite priv\u00e9e \u00e0 pied de S\u00e9ville : Les palais. D\u00e9couvrez les trois palais de S\u00e9ville : le palais de Las Due\u00f1as, le palais de Lebrija et le palais de Pilato.\",\"breadcrumb\":{\"@id\":\"https:\/\/tourtravelandmore.com\/fr\/tours\/espagne-fr\/seville-fr\/all-private-tours-activities-fr-16\/visite-privee-a-pied-de-seville-les-palais\/#breadcrumb\"},\"inLanguage\":\"fr-FR\",\"potentialAction\":[{\"@type\":\"ReadAction\",\"target\":[\"https:\/\/tourtravelandmore.com\/fr\/tours\/espagne-fr\/seville-fr\/all-private-tours-activities-fr-16\/visite-privee-a-pied-de-seville-les-palais\/\"]}]},{\"@type\":\"ImageObject\",\"inLanguage\":\"fr-FR\",\"@id\":\"https:\/\/tourtravelandmore.com\/fr\/tours\/espagne-fr\/seville-fr\/all-private-tours-activities-fr-16\/visite-privee-a-pied-de-seville-les-palais\/#primaryimage\",\"url\":\"https:\/\/tourtravelandmore.com\/wp-content\/uploads\/2017\/11\/Patio_central_del_Palacio_de_las_Due\u00f1as_de_Sevilla_Espa\u00f1a_2016_01.jpg\",\"contentUrl\":\"https:\/\/tourtravelandmore.com\/wp-content\/uploads\/2017\/11\/Patio_central_del_Palacio_de_las_Due\u00f1as_de_Sevilla_Espa\u00f1a_2016_01.jpg\",\"width\":4000,\"height\":3000},{\"@type\":\"BreadcrumbList\",\"@id\":\"https:\/\/tourtravelandmore.com\/fr\/tours\/espagne-fr\/seville-fr\/all-private-tours-activities-fr-16\/visite-privee-a-pied-de-seville-les-palais\/#breadcrumb\",\"itemListElement\":[{\"@type\":\"ListItem\",\"position\":1,\"name\":\"Home\",\"item\":\"https:\/\/tourtravelandmore.com\/fr\/\"},{\"@type\":\"ListItem\",\"position\":2,\"name\":\"Tours\",\"item\":\"https:\/\/tourtravelandmore.com\/fr\/tours\/\"},{\"@type\":\"ListItem\",\"position\":3,\"name\":\"Visite priv\u00e9e \u00e0 pied de S\u00e9ville : Les palais\"}]},{\"@type\":\"WebSite\",\"@id\":\"https:\/\/tourtravelandmore.com\/fr\/#website\",\"url\":\"https:\/\/tourtravelandmore.com\/fr\/\",\"name\":\"Tour Travel And More\",\"description\":\"Private sightseeing tours and luxury transfers in Spain\",\"publisher\":{\"@id\":\"https:\/\/tourtravelandmore.com\/fr\/#organization\"},\"potentialAction\":[{\"@type\":\"SearchAction\",\"target\":{\"@type\":\"EntryPoint\",\"urlTemplate\":\"https:\/\/tourtravelandmore.com\/fr\/?s={search_term_string}\"},\"query-input\":{\"@type\":\"PropertyValueSpecification\",\"valueRequired\":true,\"valueName\":\"search_term_string\"}}],\"inLanguage\":\"fr-FR\"},{\"@type\":\"Organization\",\"@id\":\"https:\/\/tourtravelandmore.com\/fr\/#organization\",\"name\":\"Tour Travel And More\",\"url\":\"https:\/\/tourtravelandmore.com\/fr\/\",\"logo\":{\"@type\":\"ImageObject\",\"inLanguage\":\"fr-FR\",\"@id\":\"https:\/\/tourtravelandmore.com\/fr\/#\/schema\/logo\/image\/\",\"url\":\"https:\/\/tourtravelandmore.com\/wp-content\/uploads\/2022\/12\/cropped-logo-cabecera-new.png\",\"contentUrl\":\"https:\/\/tourtravelandmore.com\/wp-content\/uploads\/2022\/12\/cropped-logo-cabecera-new.png\",\"width\":430,\"height\":61,\"caption\":\"Tour Travel And More\"},\"image\":{\"@id\":\"https:\/\/tourtravelandmore.com\/fr\/#\/schema\/logo\/image\/\"},\"sameAs\":[\"https:\/\/www.facebook.com\/tourtravelandmore\/\",\"https:\/\/x.com\/TourTravel_More\"]}]}<\/script>\n<!-- \/ Yoast SEO Premium plugin. -->","yoast_head_json":{"title":"\u27a1\ufe0f Visite priv\u00e9e \u00e0 pied de S\u00e9ville : Les palais | Tour Travel & More","description":"Visite priv\u00e9e \u00e0 pied de S\u00e9ville : Les palais. D\u00e9couvrez les trois palais de S\u00e9ville : le palais de Las Due\u00f1as, le palais de Lebrija et le palais de Pilato.","robots":{"index":"index","follow":"follow","max-snippet":"max-snippet:-1","max-image-preview":"max-image-preview:large","max-video-preview":"max-video-preview:-1"},"canonical":"https:\/\/tourtravelandmore.com\/fr\/tours\/espagne-fr\/seville-fr\/all-private-tours-activities-fr-16\/visite-privee-a-pied-de-seville-les-palais\/","og_locale":"fr_FR","og_type":"article","og_title":"Visite priv\u00e9e \u00e0 pied de S\u00e9ville : Les palais","og_description":"Visite priv\u00e9e \u00e0 pied de S\u00e9ville : Les palais. D\u00e9couvrez les trois palais de S\u00e9ville : le palais de Las Due\u00f1as, le palais de Lebrija et le palais de Pilato.","og_url":"https:\/\/tourtravelandmore.com\/fr\/tours\/espagne-fr\/seville-fr\/all-private-tours-activities-fr-16\/visite-privee-a-pied-de-seville-les-palais\/","og_site_name":"Tour Travel And More","article_publisher":"https:\/\/www.facebook.com\/tourtravelandmore\/","article_modified_time":"2023-03-30T15:39:36+00:00","og_image":[{"width":1024,"height":768,"url":"https:\/\/tourtravelandmore.com\/wp-content\/uploads\/2017\/11\/Patio_central_del_Palacio_de_las_Due\u00f1as_de_Sevilla_Espa\u00f1a_2016_01-1024x768.jpg","type":"image\/jpeg"}],"twitter_card":"summary_large_image","twitter_site":"@TourTravel_More","twitter_misc":{"Dur\u00e9e de lecture estim\u00e9e":"2 minutes"},"schema":{"@context":"https:\/\/schema.org","@graph":[{"@type":"WebPage","@id":"https:\/\/tourtravelandmore.com\/fr\/tours\/espagne-fr\/seville-fr\/all-private-tours-activities-fr-16\/visite-privee-a-pied-de-seville-les-palais\/","url":"https:\/\/tourtravelandmore.com\/fr\/tours\/espagne-fr\/seville-fr\/all-private-tours-activities-fr-16\/visite-privee-a-pied-de-seville-les-palais\/","name":"\u27a1\ufe0f Visite priv\u00e9e \u00e0 pied de S\u00e9ville : Les palais | Tour Travel & More","isPartOf":{"@id":"https:\/\/tourtravelandmore.com\/fr\/#website"},"primaryImageOfPage":{"@id":"https:\/\/tourtravelandmore.com\/fr\/tours\/espagne-fr\/seville-fr\/all-private-tours-activities-fr-16\/visite-privee-a-pied-de-seville-les-palais\/#primaryimage"},"image":{"@id":"https:\/\/tourtravelandmore.com\/fr\/tours\/espagne-fr\/seville-fr\/all-private-tours-activities-fr-16\/visite-privee-a-pied-de-seville-les-palais\/#primaryimage"},"thumbnailUrl":"https:\/\/tourtravelandmore.com\/wp-content\/uploads\/2017\/11\/Patio_central_del_Palacio_de_las_Due\u00f1as_de_Sevilla_Espa\u00f1a_2016_01.jpg","datePublished":"2017-11-28T11:02:11+00:00","dateModified":"2023-03-30T15:39:36+00:00","description":"Visite priv\u00e9e \u00e0 pied de S\u00e9ville : Les palais. D\u00e9couvrez les trois palais de S\u00e9ville : le palais de Las Due\u00f1as, le palais de Lebrija et le palais de Pilato.","breadcrumb":{"@id":"https:\/\/tourtravelandmore.com\/fr\/tours\/espagne-fr\/seville-fr\/all-private-tours-activities-fr-16\/visite-privee-a-pied-de-seville-les-palais\/#breadcrumb"},"inLanguage":"fr-FR","potentialAction":[{"@type":"ReadAction","target":["https:\/\/tourtravelandmore.com\/fr\/tours\/espagne-fr\/seville-fr\/all-private-tours-activities-fr-16\/visite-privee-a-pied-de-seville-les-palais\/"]}]},{"@type":"ImageObject","inLanguage":"fr-FR","@id":"https:\/\/tourtravelandmore.com\/fr\/tours\/espagne-fr\/seville-fr\/all-private-tours-activities-fr-16\/visite-privee-a-pied-de-seville-les-palais\/#primaryimage","url":"https:\/\/tourtravelandmore.com\/wp-content\/uploads\/2017\/11\/Patio_central_del_Palacio_de_las_Due\u00f1as_de_Sevilla_Espa\u00f1a_2016_01.jpg","contentUrl":"https:\/\/tourtravelandmore.com\/wp-content\/uploads\/2017\/11\/Patio_central_del_Palacio_de_las_Due\u00f1as_de_Sevilla_Espa\u00f1a_2016_01.jpg","width":4000,"height":3000},{"@type":"BreadcrumbList","@id":"https:\/\/tourtravelandmore.com\/fr\/tours\/espagne-fr\/seville-fr\/all-private-tours-activities-fr-16\/visite-privee-a-pied-de-seville-les-palais\/#breadcrumb","itemListElement":[{"@type":"ListItem","position":1,"name":"Home","item":"https:\/\/tourtravelandmore.com\/fr\/"},{"@type":"ListItem","position":2,"name":"Tours","item":"https:\/\/tourtravelandmore.com\/fr\/tours\/"},{"@type":"ListItem","position":3,"name":"Visite priv\u00e9e \u00e0 pied de S\u00e9ville : Les palais"}]},{"@type":"WebSite","@id":"https:\/\/tourtravelandmore.com\/fr\/#website","url":"https:\/\/tourtravelandmore.com\/fr\/","name":"Tour Travel And More","description":"Private sightseeing tours and luxury transfers in Spain","publisher":{"@id":"https:\/\/tourtravelandmore.com\/fr\/#organization"},"potentialAction":[{"@type":"SearchAction","target":{"@type":"EntryPoint","urlTemplate":"https:\/\/tourtravelandmore.com\/fr\/?s={search_term_string}"},"query-input":{"@type":"PropertyValueSpecification","valueRequired":true,"valueName":"search_term_string"}}],"inLanguage":"fr-FR"},{"@type":"Organization","@id":"https:\/\/tourtravelandmore.com\/fr\/#organization","name":"Tour Travel And More","url":"https:\/\/tourtravelandmore.com\/fr\/","logo":{"@type":"ImageObject","inLanguage":"fr-FR","@id":"https:\/\/tourtravelandmore.com\/fr\/#\/schema\/logo\/image\/","url":"https:\/\/tourtravelandmore.com\/wp-content\/uploads\/2022\/12\/cropped-logo-cabecera-new.png","contentUrl":"https:\/\/tourtravelandmore.com\/wp-content\/uploads\/2022\/12\/cropped-logo-cabecera-new.png","width":430,"height":61,"caption":"Tour Travel And More"},"image":{"@id":"https:\/\/tourtravelandmore.com\/fr\/#\/schema\/logo\/image\/"},"sameAs":["https:\/\/www.facebook.com\/tourtravelandmore\/","https:\/\/x.com\/TourTravel_More"]}]}},"_links":{"self":[{"href":"https:\/\/tourtravelandmore.com\/fr\/wp-json\/wp\/v2\/product\/159328","targetHints":{"allow":["GET"]}}],"collection":[{"href":"https:\/\/tourtravelandmore.com\/fr\/wp-json\/wp\/v2\/product"}],"about":[{"href":"https:\/\/tourtravelandmore.com\/fr\/wp-json\/wp\/v2\/types\/product"}],"replies":[{"embeddable":true,"href":"https:\/\/tourtravelandmore.com\/fr\/wp-json\/wp\/v2\/comments?post=159328"}],"wp:featuredmedia":[{"embeddable":true,"href":"https:\/\/tourtravelandmore.com\/fr\/wp-json\/wp\/v2\/media\/94560"}],"wp:attachment":[{"href":"https:\/\/tourtravelandmore.com\/fr\/wp-json\/wp\/v2\/media?parent=159328"}],"wp:term":[{"taxonomy":"product_brand","embeddable":true,"href":"https:\/\/tourtravelandmore.com\/fr\/wp-json\/wp\/v2\/product_brand?post=159328"},{"taxonomy":"product_cat","embeddable":true,"href":"https:\/\/tourtravelandmore.com\/fr\/wp-json\/wp\/v2\/product_cat?post=159328"},{"taxonomy":"product_tag","embeddable":true,"href":"https:\/\/tourtravelandmore.com\/fr\/wp-json\/wp\/v2\/product_tag?post=159328"}],"curies":[{"name":"wp","href":"https:\/\/api.w.org\/{rel}","templated":true}]}}