{"id":159279,"date":"2023-03-30T10:04:39","date_gmt":"2023-03-30T08:04:39","guid":{"rendered":"https:\/\/tourtravelandmore.com\/tours\/non%20class\u00e9\/visite-privee-de-taormina-et-castelmola-au-depart-de-taormina\/"},"modified":"2023-04-13T10:29:27","modified_gmt":"2023-04-13T08:29:27","slug":"visite-privee-de-taormina-et-castelmola-au-depart-de-taormina","status":"publish","type":"product","link":"https:\/\/tourtravelandmore.com\/fr\/tours\/italie-fr\/taormina-fr\/tous-les-circuits-et-activites-prives-taormina\/visite-privee-de-taormina-et-castelmola-au-depart-de-taormina\/","title":{"rendered":"Visite priv\u00e9e de Taormina et Castelmola au d\u00e9part de Taormina"},"content":{"rendered":"<h2><b>Description de la visite priv\u00e9e de Taormina et Castelmola au d\u00e9part de Taormina<\/b><\/h2>\n<p><span style=\"font-weight: 400;\">Offrez-vous une visite priv\u00e9e inoubliable de 8 heures de Taormina et Castelmola au d\u00e9part de Taormina, guid\u00e9e par un expert et accompagn\u00e9e d&#8217;un v\u00e9hicule de luxe priv\u00e9. Explorez les paysages \u00e9poustouflants, la riche histoire et les merveilles architecturales de ces deux charmantes villes siciliennes. Cette visite exclusive est adapt\u00e9e \u00e0 vos pr\u00e9f\u00e9rences, garantissant une exp\u00e9rience personnalis\u00e9e que vous ch\u00e9rirez. Voyagez avec style et confort alors que votre v\u00e9hicule de luxe vous transporte en douceur tout au long de votre p\u00e9riple.<\/span><\/p>\n<h2><b>Points d&#8217;int\u00e9r\u00eat de la visite priv\u00e9e de Taormina et Castelmola au d\u00e9part de Taormina<\/b><\/h2>\n<p><span style=\"font-weight: 400;\">D\u00e9couvrez le charme captivant des sites les plus remarquables de Taormina et Castelmola, des ruines anciennes aux charmantes rues et aux vues imprenables. Cette visite priv\u00e9e, avec un v\u00e9hicule de luxe et un guide comp\u00e9tent, offre aux voyageurs exigeants un acc\u00e8s in\u00e9gal\u00e9 aux tr\u00e9sors culturels, historiques et naturels uniques de ces pittoresques villes siciliennes. Cr\u00e9ez des souvenirs durables en d\u00e9couvrant les joyaux cach\u00e9s et les merveilles qui vous attendent.<\/span><\/p>\n<h3><b>Castelmola<\/b><\/h3>\n<p><span style=\"font-weight: 400;\">D\u00e9couvrez le charmant village de Castelmola, perch\u00e9 au-dessus de Taormina, offrant une vue panoramique \u00e0 couper le souffle sur le paysage environnant. Ce pittoresque village m\u00e9di\u00e9val est connu pour ses ruelles pav\u00e9es \u00e9troites, son architecture bien pr\u00e9serv\u00e9e et son atmosph\u00e8re accueillante. Admirez les majestueuses ruines du Castello di Mola, qui dominent l&#8217;horizon, et profitez des vues imprenables sur l&#8217;Etna et la mer Ionienne. Castelmola est une destination incontournable lors de votre visite priv\u00e9e, offrant une exp\u00e9rience vraiment inoubliable. De plus, explorez la sc\u00e8ne artistique anim\u00e9e du village, avec de nombreuses galeries pr\u00e9sentant des artistes locaux et internationaux. Savourez la cuisine traditionnelle sicilienne dans l&#8217;un des nombreux restaurants charmants qui bordent les rues, o\u00f9 vous pourrez vous immerger dans les saveurs authentiques de la r\u00e9gion.<\/span><\/p>\n<h3><b>Piazza Duomo, Castelmola<\/b><\/h3>\n<p><span style=\"font-weight: 400;\">Visitez la pittoresque Piazza Duomo au c\u0153ur de Castelmola, une charmante place entour\u00e9e de b\u00e2timents historiques et de caf\u00e9s anim\u00e9s. Admirez l&#8217;\u00e9glise de San Nicol\u00f2 di Bari, un bel exemple d&#8217;architecture baroque sicilienne, et l&#8217;ancienne Porta di Mezzo, qui m\u00e8ne aux ruelles \u00e9troites du village. La Piazza Duomo est l&#8217;endroit id\u00e9al pour vous immerger dans la riche histoire et la vie locale anim\u00e9e de Castelmola. En vous promenant dans les charmantes ruelles, vous d\u00e9couvrirez \u00e9galement les fresques enchanteresses et les c\u00e9ramiques color\u00e9es qui ornent les murs du village, mettant en valeur le talent artistique local. Ne manquez pas l&#8217;occasion de d\u00e9guster les p\u00e2tisseries exquises et les confiseries de la r\u00e9gion, notamment les c\u00e9l\u00e8bres cannolis et biscuits aux amandes, qui raviront vos papilles.<\/span><\/p>\n<h3><b>Bar Turrisi<\/b><\/h3>\n<p><span style=\"font-weight: 400;\">D\u00e9couvrez l&#8217;ambiance unique du Bar Turrisi, un c\u00e9l\u00e8bre caf\u00e9 de Castelmola, r\u00e9put\u00e9 pour son d\u00e9cor \u00e9clectique et son histoire fascinante. Fond\u00e9 en 1947, cet \u00e9tablissement embl\u00e9matique offre un aper\u00e7u de la culture et des traditions locales tout en servant de d\u00e9licieuses sp\u00e9cialit\u00e9s locales, notamment leur c\u00e9l\u00e8bre vin d&#8217;amande. Le Bar Turrisi est une destination incontournable lors de votre visite priv\u00e9e, offrant un avant-go\u00fbt inoubliable du charme et de l&#8217;hospitalit\u00e9 de Castelmola. Profitez de la vue imprenable depuis la terrasse du caf\u00e9, o\u00f9 vous pourrez contempler la mer Ionienne et le village pittoresque en contrebas. Engagez des conversations anim\u00e9es avec les habitants sympathiques, toujours d\u00e9sireux de partager leurs histoires et leurs connaissances sur l&#8217;histoire et la culture fascinantes du village.<\/span><\/p>\n<h3><b>Chiesa della Madonna della Rocca<\/b><\/h3>\n<p><span style=\"font-weight: 400;\">Admirez la belle Chiesa della Madonna della Rocca, une petite \u00e9glise creus\u00e9e dans la paroi rocheuse du mont Tauro. Ce sanctuaire fascinant, construit au XIIe si\u00e8cle, est d\u00e9di\u00e9 \u00e0 la Madonna della Rocca et offre une atmosph\u00e8re intime pour la pri\u00e8re et la r\u00e9flexion. Son emplacement unique offre des vues \u00e0 couper le souffle sur Taormina et la c\u00f4te environnante, ce qui en fait un ajout parfait \u00e0 votre visite priv\u00e9e. D\u00e9couvrez les l\u00e9gendes et les histoires intrigantes associ\u00e9es \u00e0 l&#8217;\u00e9glise, et admirez l&#8217;harmonie entre les \u00e9l\u00e9ments naturels et les r\u00e9alisations humaines qui cr\u00e9ent ce site vraiment enchanteur.<\/span><\/p>\n<p><span style=\"font-weight: 400;\">Explorez la gamme compl\u00e8te de visites priv\u00e9es \u00e0 Taormina et Castelmola que Tour Travel and More propose \u00e0 ses utilisateurs en visitant notre site Web. Cr\u00e9ez votre exp\u00e9rience sicilienne de r\u00eave d\u00e8s aujourd&#8217;hui ! Choisissez parmi notre s\u00e9lection soigneusement organis\u00e9e de visites priv\u00e9es, con\u00e7ues pour r\u00e9pondre \u00e0 vos int\u00e9r\u00eats, pr\u00e9f\u00e9rences et d\u00e9sirs uniques. <\/span><a href=\"https:\/\/tourtravelandmore.com\/fr\/city\/italie-fr\/taormina-fr\/\"><span style=\"font-weight: 400;\">N&#8217;attendez plus &#8211; explorez nos offres exclusives et embarquez pour votre voyage sicilien de r\u00eave d\u00e8s maintenant.<\/span><\/a><\/p>\n","protected":false},"excerpt":{"rendered":"<p><span style=\"font-weight: 400;\">Embarquez pour une visite priv\u00e9e inoubliable de 8 heures de Taormina et Castelmola au d\u00e9part de Taormina, avec un guide comp\u00e9tent et un v\u00e9hicule de luxe. D\u00e9couvrez les paysages \u00e9poustouflants, l&#8217;histoire riche et les merveilles architecturales de ces charmantes villes siciliennes, le tout adapt\u00e9 \u00e0 vos pr\u00e9f\u00e9rences.<\/span><\/p>\n","protected":false},"featured_media":159260,"comment_status":"open","ping_status":"closed","template":"","meta":{"_acf_changed":false},"product_brand":[],"product_cat":[4366,4376,4308],"product_tag":[],"class_list":{"0":"post-159279","1":"product","2":"type-product","3":"status-publish","4":"has-post-thumbnail","6":"product_cat-tous-les-circuits-et-activites-prives-taormina","7":"product_cat-visites-guidees-privees-fr-4","8":"product_cat-taormina-fr","10":"first","11":"instock","12":"shipping-taxable","13":"purchasable","14":"product-type-simple"},"acf":[],"yoast_head":"<!-- This site is optimized with the Yoast SEO Premium plugin v25.3.1 (Yoast SEO v25.3.1) - https:\/\/yoast.com\/wordpress\/plugins\/seo\/ -->\n<title>\u27a1\ufe0f Visite priv\u00e9e Taormina et Castelmola : D\u00e9couvrez les joyaux cach\u00e9s de la Sicile | Tour Travel and More<\/title>\n<meta name=\"description\" content=\"Vivez une visite priv\u00e9e exclusive de 8 heures de Taormina et Castelmola avec un guide expert et un v\u00e9hicule de luxe, explorant leur histoire captivante, leurs paysages et leurs attractions. R\u00e9servez votre aventure sicilienne personnalis\u00e9e avec Tour Travel and More maintenant ! \u2705\" \/>\n<meta name=\"robots\" content=\"index, follow, max-snippet:-1, max-image-preview:large, max-video-preview:-1\" \/>\n<link rel=\"canonical\" href=\"https:\/\/tourtravelandmore.com\/fr\/tours\/italie-fr\/taormina-fr\/tous-les-circuits-et-activites-prives-taormina\/visite-privee-de-taormina-et-castelmola-au-depart-de-taormina\/\" \/>\n<meta property=\"og:locale\" content=\"fr_FR\" \/>\n<meta property=\"og:type\" content=\"article\" \/>\n<meta property=\"og:title\" content=\"Visite priv\u00e9e de Taormina et Castelmola au d\u00e9part de Taormina\" \/>\n<meta property=\"og:description\" content=\"Vivez une visite priv\u00e9e exclusive de 8 heures de Taormina et Castelmola avec un guide expert et un v\u00e9hicule de luxe, explorant leur histoire captivante, leurs paysages et leurs attractions. R\u00e9servez votre aventure sicilienne personnalis\u00e9e avec Tour Travel and More maintenant ! \u2705\" \/>\n<meta property=\"og:url\" content=\"https:\/\/tourtravelandmore.com\/fr\/tours\/italie-fr\/taormina-fr\/tous-les-circuits-et-activites-prives-taormina\/visite-privee-de-taormina-et-castelmola-au-depart-de-taormina\/\" \/>\n<meta property=\"og:site_name\" content=\"Tour Travel And More\" \/>\n<meta property=\"article:publisher\" content=\"https:\/\/www.facebook.com\/tourtravelandmore\/\" \/>\n<meta property=\"article:modified_time\" content=\"2023-04-13T08:29:27+00:00\" \/>\n<meta property=\"og:image\" content=\"https:\/\/tourtravelandmore.com\/wp-content\/uploads\/2023\/03\/image2-7.jpg\" \/>\n\t<meta property=\"og:image:width\" content=\"950\" \/>\n\t<meta property=\"og:image:height\" content=\"750\" \/>\n\t<meta property=\"og:image:type\" content=\"image\/jpeg\" \/>\n<meta name=\"twitter:card\" content=\"summary_large_image\" \/>\n<meta name=\"twitter:site\" content=\"@TourTravel_More\" \/>\n<meta name=\"twitter:label1\" content=\"Dur\u00e9e de lecture estim\u00e9e\" \/>\n\t<meta name=\"twitter:data1\" content=\"4 minutes\" \/>\n<script type=\"application\/ld+json\" class=\"yoast-schema-graph\">{\"@context\":\"https:\/\/schema.org\",\"@graph\":[{\"@type\":\"WebPage\",\"@id\":\"https:\/\/tourtravelandmore.com\/fr\/tours\/italie-fr\/taormina-fr\/tous-les-circuits-et-activites-prives-taormina\/visite-privee-de-taormina-et-castelmola-au-depart-de-taormina\/\",\"url\":\"https:\/\/tourtravelandmore.com\/fr\/tours\/italie-fr\/taormina-fr\/tous-les-circuits-et-activites-prives-taormina\/visite-privee-de-taormina-et-castelmola-au-depart-de-taormina\/\",\"name\":\"\u27a1\ufe0f Visite priv\u00e9e Taormina et Castelmola : D\u00e9couvrez les joyaux cach\u00e9s de la Sicile | Tour Travel and More\",\"isPartOf\":{\"@id\":\"https:\/\/tourtravelandmore.com\/fr\/#website\"},\"primaryImageOfPage\":{\"@id\":\"https:\/\/tourtravelandmore.com\/fr\/tours\/italie-fr\/taormina-fr\/tous-les-circuits-et-activites-prives-taormina\/visite-privee-de-taormina-et-castelmola-au-depart-de-taormina\/#primaryimage\"},\"image\":{\"@id\":\"https:\/\/tourtravelandmore.com\/fr\/tours\/italie-fr\/taormina-fr\/tous-les-circuits-et-activites-prives-taormina\/visite-privee-de-taormina-et-castelmola-au-depart-de-taormina\/#primaryimage\"},\"thumbnailUrl\":\"https:\/\/tourtravelandmore.com\/wp-content\/uploads\/2023\/03\/image2-7.jpg\",\"datePublished\":\"2023-03-30T08:04:39+00:00\",\"dateModified\":\"2023-04-13T08:29:27+00:00\",\"description\":\"Vivez une visite priv\u00e9e exclusive de 8 heures de Taormina et Castelmola avec un guide expert et un v\u00e9hicule de luxe, explorant leur histoire captivante, leurs paysages et leurs attractions. R\u00e9servez votre aventure sicilienne personnalis\u00e9e avec Tour Travel and More maintenant ! \u2705\",\"breadcrumb\":{\"@id\":\"https:\/\/tourtravelandmore.com\/fr\/tours\/italie-fr\/taormina-fr\/tous-les-circuits-et-activites-prives-taormina\/visite-privee-de-taormina-et-castelmola-au-depart-de-taormina\/#breadcrumb\"},\"inLanguage\":\"fr-FR\",\"potentialAction\":[{\"@type\":\"ReadAction\",\"target\":[\"https:\/\/tourtravelandmore.com\/fr\/tours\/italie-fr\/taormina-fr\/tous-les-circuits-et-activites-prives-taormina\/visite-privee-de-taormina-et-castelmola-au-depart-de-taormina\/\"]}]},{\"@type\":\"ImageObject\",\"inLanguage\":\"fr-FR\",\"@id\":\"https:\/\/tourtravelandmore.com\/fr\/tours\/italie-fr\/taormina-fr\/tous-les-circuits-et-activites-prives-taormina\/visite-privee-de-taormina-et-castelmola-au-depart-de-taormina\/#primaryimage\",\"url\":\"https:\/\/tourtravelandmore.com\/wp-content\/uploads\/2023\/03\/image2-7.jpg\",\"contentUrl\":\"https:\/\/tourtravelandmore.com\/wp-content\/uploads\/2023\/03\/image2-7.jpg\",\"width\":950,\"height\":750},{\"@type\":\"BreadcrumbList\",\"@id\":\"https:\/\/tourtravelandmore.com\/fr\/tours\/italie-fr\/taormina-fr\/tous-les-circuits-et-activites-prives-taormina\/visite-privee-de-taormina-et-castelmola-au-depart-de-taormina\/#breadcrumb\",\"itemListElement\":[{\"@type\":\"ListItem\",\"position\":1,\"name\":\"Home\",\"item\":\"https:\/\/tourtravelandmore.com\/fr\/\"},{\"@type\":\"ListItem\",\"position\":2,\"name\":\"Tours\",\"item\":\"https:\/\/tourtravelandmore.com\/fr\/tours\/\"},{\"@type\":\"ListItem\",\"position\":3,\"name\":\"Visite priv\u00e9e de Taormina et Castelmola au d\u00e9part de Taormina\"}]},{\"@type\":\"WebSite\",\"@id\":\"https:\/\/tourtravelandmore.com\/fr\/#website\",\"url\":\"https:\/\/tourtravelandmore.com\/fr\/\",\"name\":\"Tour Travel And More\",\"description\":\"Private sightseeing tours and luxury transfers in Spain\",\"publisher\":{\"@id\":\"https:\/\/tourtravelandmore.com\/fr\/#organization\"},\"potentialAction\":[{\"@type\":\"SearchAction\",\"target\":{\"@type\":\"EntryPoint\",\"urlTemplate\":\"https:\/\/tourtravelandmore.com\/fr\/?s={search_term_string}\"},\"query-input\":{\"@type\":\"PropertyValueSpecification\",\"valueRequired\":true,\"valueName\":\"search_term_string\"}}],\"inLanguage\":\"fr-FR\"},{\"@type\":\"Organization\",\"@id\":\"https:\/\/tourtravelandmore.com\/fr\/#organization\",\"name\":\"Tour Travel And More\",\"url\":\"https:\/\/tourtravelandmore.com\/fr\/\",\"logo\":{\"@type\":\"ImageObject\",\"inLanguage\":\"fr-FR\",\"@id\":\"https:\/\/tourtravelandmore.com\/fr\/#\/schema\/logo\/image\/\",\"url\":\"https:\/\/tourtravelandmore.com\/wp-content\/uploads\/2022\/12\/cropped-logo-cabecera-new.png\",\"contentUrl\":\"https:\/\/tourtravelandmore.com\/wp-content\/uploads\/2022\/12\/cropped-logo-cabecera-new.png\",\"width\":430,\"height\":61,\"caption\":\"Tour Travel And More\"},\"image\":{\"@id\":\"https:\/\/tourtravelandmore.com\/fr\/#\/schema\/logo\/image\/\"},\"sameAs\":[\"https:\/\/www.facebook.com\/tourtravelandmore\/\",\"https:\/\/x.com\/TourTravel_More\"]}]}<\/script>\n<!-- \/ Yoast SEO Premium plugin. -->","yoast_head_json":{"title":"\u27a1\ufe0f Visite priv\u00e9e Taormina et Castelmola : D\u00e9couvrez les joyaux cach\u00e9s de la Sicile | Tour Travel and More","description":"Vivez une visite priv\u00e9e exclusive de 8 heures de Taormina et Castelmola avec un guide expert et un v\u00e9hicule de luxe, explorant leur histoire captivante, leurs paysages et leurs attractions. R\u00e9servez votre aventure sicilienne personnalis\u00e9e avec Tour Travel and More maintenant ! \u2705","robots":{"index":"index","follow":"follow","max-snippet":"max-snippet:-1","max-image-preview":"max-image-preview:large","max-video-preview":"max-video-preview:-1"},"canonical":"https:\/\/tourtravelandmore.com\/fr\/tours\/italie-fr\/taormina-fr\/tous-les-circuits-et-activites-prives-taormina\/visite-privee-de-taormina-et-castelmola-au-depart-de-taormina\/","og_locale":"fr_FR","og_type":"article","og_title":"Visite priv\u00e9e de Taormina et Castelmola au d\u00e9part de Taormina","og_description":"Vivez une visite priv\u00e9e exclusive de 8 heures de Taormina et Castelmola avec un guide expert et un v\u00e9hicule de luxe, explorant leur histoire captivante, leurs paysages et leurs attractions. R\u00e9servez votre aventure sicilienne personnalis\u00e9e avec Tour Travel and More maintenant ! \u2705","og_url":"https:\/\/tourtravelandmore.com\/fr\/tours\/italie-fr\/taormina-fr\/tous-les-circuits-et-activites-prives-taormina\/visite-privee-de-taormina-et-castelmola-au-depart-de-taormina\/","og_site_name":"Tour Travel And More","article_publisher":"https:\/\/www.facebook.com\/tourtravelandmore\/","article_modified_time":"2023-04-13T08:29:27+00:00","og_image":[{"width":950,"height":750,"url":"https:\/\/tourtravelandmore.com\/wp-content\/uploads\/2023\/03\/image2-7.jpg","type":"image\/jpeg"}],"twitter_card":"summary_large_image","twitter_site":"@TourTravel_More","twitter_misc":{"Dur\u00e9e de lecture estim\u00e9e":"4 minutes"},"schema":{"@context":"https:\/\/schema.org","@graph":[{"@type":"WebPage","@id":"https:\/\/tourtravelandmore.com\/fr\/tours\/italie-fr\/taormina-fr\/tous-les-circuits-et-activites-prives-taormina\/visite-privee-de-taormina-et-castelmola-au-depart-de-taormina\/","url":"https:\/\/tourtravelandmore.com\/fr\/tours\/italie-fr\/taormina-fr\/tous-les-circuits-et-activites-prives-taormina\/visite-privee-de-taormina-et-castelmola-au-depart-de-taormina\/","name":"\u27a1\ufe0f Visite priv\u00e9e Taormina et Castelmola : D\u00e9couvrez les joyaux cach\u00e9s de la Sicile | Tour Travel and More","isPartOf":{"@id":"https:\/\/tourtravelandmore.com\/fr\/#website"},"primaryImageOfPage":{"@id":"https:\/\/tourtravelandmore.com\/fr\/tours\/italie-fr\/taormina-fr\/tous-les-circuits-et-activites-prives-taormina\/visite-privee-de-taormina-et-castelmola-au-depart-de-taormina\/#primaryimage"},"image":{"@id":"https:\/\/tourtravelandmore.com\/fr\/tours\/italie-fr\/taormina-fr\/tous-les-circuits-et-activites-prives-taormina\/visite-privee-de-taormina-et-castelmola-au-depart-de-taormina\/#primaryimage"},"thumbnailUrl":"https:\/\/tourtravelandmore.com\/wp-content\/uploads\/2023\/03\/image2-7.jpg","datePublished":"2023-03-30T08:04:39+00:00","dateModified":"2023-04-13T08:29:27+00:00","description":"Vivez une visite priv\u00e9e exclusive de 8 heures de Taormina et Castelmola avec un guide expert et un v\u00e9hicule de luxe, explorant leur histoire captivante, leurs paysages et leurs attractions. R\u00e9servez votre aventure sicilienne personnalis\u00e9e avec Tour Travel and More maintenant ! \u2705","breadcrumb":{"@id":"https:\/\/tourtravelandmore.com\/fr\/tours\/italie-fr\/taormina-fr\/tous-les-circuits-et-activites-prives-taormina\/visite-privee-de-taormina-et-castelmola-au-depart-de-taormina\/#breadcrumb"},"inLanguage":"fr-FR","potentialAction":[{"@type":"ReadAction","target":["https:\/\/tourtravelandmore.com\/fr\/tours\/italie-fr\/taormina-fr\/tous-les-circuits-et-activites-prives-taormina\/visite-privee-de-taormina-et-castelmola-au-depart-de-taormina\/"]}]},{"@type":"ImageObject","inLanguage":"fr-FR","@id":"https:\/\/tourtravelandmore.com\/fr\/tours\/italie-fr\/taormina-fr\/tous-les-circuits-et-activites-prives-taormina\/visite-privee-de-taormina-et-castelmola-au-depart-de-taormina\/#primaryimage","url":"https:\/\/tourtravelandmore.com\/wp-content\/uploads\/2023\/03\/image2-7.jpg","contentUrl":"https:\/\/tourtravelandmore.com\/wp-content\/uploads\/2023\/03\/image2-7.jpg","width":950,"height":750},{"@type":"BreadcrumbList","@id":"https:\/\/tourtravelandmore.com\/fr\/tours\/italie-fr\/taormina-fr\/tous-les-circuits-et-activites-prives-taormina\/visite-privee-de-taormina-et-castelmola-au-depart-de-taormina\/#breadcrumb","itemListElement":[{"@type":"ListItem","position":1,"name":"Home","item":"https:\/\/tourtravelandmore.com\/fr\/"},{"@type":"ListItem","position":2,"name":"Tours","item":"https:\/\/tourtravelandmore.com\/fr\/tours\/"},{"@type":"ListItem","position":3,"name":"Visite priv\u00e9e de Taormina et Castelmola au d\u00e9part de Taormina"}]},{"@type":"WebSite","@id":"https:\/\/tourtravelandmore.com\/fr\/#website","url":"https:\/\/tourtravelandmore.com\/fr\/","name":"Tour Travel And More","description":"Private sightseeing tours and luxury transfers in Spain","publisher":{"@id":"https:\/\/tourtravelandmore.com\/fr\/#organization"},"potentialAction":[{"@type":"SearchAction","target":{"@type":"EntryPoint","urlTemplate":"https:\/\/tourtravelandmore.com\/fr\/?s={search_term_string}"},"query-input":{"@type":"PropertyValueSpecification","valueRequired":true,"valueName":"search_term_string"}}],"inLanguage":"fr-FR"},{"@type":"Organization","@id":"https:\/\/tourtravelandmore.com\/fr\/#organization","name":"Tour Travel And More","url":"https:\/\/tourtravelandmore.com\/fr\/","logo":{"@type":"ImageObject","inLanguage":"fr-FR","@id":"https:\/\/tourtravelandmore.com\/fr\/#\/schema\/logo\/image\/","url":"https:\/\/tourtravelandmore.com\/wp-content\/uploads\/2022\/12\/cropped-logo-cabecera-new.png","contentUrl":"https:\/\/tourtravelandmore.com\/wp-content\/uploads\/2022\/12\/cropped-logo-cabecera-new.png","width":430,"height":61,"caption":"Tour Travel And More"},"image":{"@id":"https:\/\/tourtravelandmore.com\/fr\/#\/schema\/logo\/image\/"},"sameAs":["https:\/\/www.facebook.com\/tourtravelandmore\/","https:\/\/x.com\/TourTravel_More"]}]}},"_links":{"self":[{"href":"https:\/\/tourtravelandmore.com\/fr\/wp-json\/wp\/v2\/product\/159279","targetHints":{"allow":["GET"]}}],"collection":[{"href":"https:\/\/tourtravelandmore.com\/fr\/wp-json\/wp\/v2\/product"}],"about":[{"href":"https:\/\/tourtravelandmore.com\/fr\/wp-json\/wp\/v2\/types\/product"}],"replies":[{"embeddable":true,"href":"https:\/\/tourtravelandmore.com\/fr\/wp-json\/wp\/v2\/comments?post=159279"}],"wp:featuredmedia":[{"embeddable":true,"href":"https:\/\/tourtravelandmore.com\/fr\/wp-json\/wp\/v2\/media\/159260"}],"wp:attachment":[{"href":"https:\/\/tourtravelandmore.com\/fr\/wp-json\/wp\/v2\/media?parent=159279"}],"wp:term":[{"taxonomy":"product_brand","embeddable":true,"href":"https:\/\/tourtravelandmore.com\/fr\/wp-json\/wp\/v2\/product_brand?post=159279"},{"taxonomy":"product_cat","embeddable":true,"href":"https:\/\/tourtravelandmore.com\/fr\/wp-json\/wp\/v2\/product_cat?post=159279"},{"taxonomy":"product_tag","embeddable":true,"href":"https:\/\/tourtravelandmore.com\/fr\/wp-json\/wp\/v2\/product_tag?post=159279"}],"curies":[{"name":"wp","href":"https:\/\/api.w.org\/{rel}","templated":true}]}}