{"id":159247,"date":"2023-03-30T09:17:27","date_gmt":"2023-03-30T07:17:27","guid":{"rendered":"https:\/\/tourtravelandmore.com\/tours\/non%20class\u00e9\/visite-privee-de-taormina\/"},"modified":"2024-02-04T18:25:35","modified_gmt":"2024-02-04T17:25:35","slug":"visite-privee-de-taormina","status":"publish","type":"product","link":"https:\/\/tourtravelandmore.com\/fr\/tours\/italie-fr\/taormina-fr\/tous-les-circuits-et-activites-prives-taormina\/visite-privee-de-taormina\/","title":{"rendered":"Visite priv\u00e9e de Taormina"},"content":{"rendered":"<h2><b>Description de la visite priv\u00e9e de Taormina<\/b><\/h2>\n<p><span style=\"font-weight: 400;\">Embarquez pour une luxueuse visite priv\u00e9e de 4 heures de Taormina, le joyau de la mer Ionienne, accompagn\u00e9 d&#8217;un guide comp\u00e9tent et d&#8217;un v\u00e9hicule de luxe priv\u00e9. Plongez-vous dans l&#8217;atmosph\u00e8re enchanteresse, l&#8217;histoire captivante et les tr\u00e9sors architecturaux remarquables de cette pittoresque ville sicilienne. Cette visite exclusive est adapt\u00e9e \u00e0 vos pr\u00e9f\u00e9rences, garantissant une exp\u00e9rience vraiment personnalis\u00e9e et inoubliable dans ce charmant paradis m\u00e9diterran\u00e9en. Profitez du confort de votre v\u00e9hicule de luxe, assurant un transport fluide tout au long de votre voyage.<\/span><\/p>\n<h2><b>Points d&#8217;int\u00e9r\u00eat de la visite priv\u00e9e de Taormina<\/b><\/h2>\n<p><span style=\"font-weight: 400;\">Savourez un voyage sur mesure \u00e0 travers les attractions les plus captivantes de Taormina, des ruines anciennes aux charmantes rues et aux vues \u00e0 couper le souffle. Cette visite priv\u00e9e, compl\u00e9t\u00e9e par un v\u00e9hicule de luxe et un guide expert, offre au voyageur exigeant un acc\u00e8s in\u00e9gal\u00e9 aux tr\u00e9sors culturels, historiques et naturels uniques de la ville. Explorez le patrimoine de la ville, d\u00e9voilez ses joyaux cach\u00e9s et cr\u00e9ez des souvenirs qui dureront toute une vie.<\/span><\/p>\n<h3><b>Th\u00e9\u00e2tre antique de Taormina (Teatro Antico di Taormina)<\/b><\/h3>\n<p><span style=\"font-weight: 400;\">Soyez \u00e9merveill\u00e9 par la fusion de l&#8217;architecture grecque et romaine au Th\u00e9\u00e2tre antique de Taormina, un site historique bien pr\u00e9serv\u00e9 offrant des vues saisissantes sur le mont Etna et la mer Ionienne. Accueillant divers \u00e9v\u00e9nements et offrant un aper\u00e7u du riche pass\u00e9 de la r\u00e9gion, ce th\u00e9\u00e2tre est une \u00e9tape incontournable de votre visite priv\u00e9e, promettant des souvenirs inoubliables. Le cadre et l&#8217;acoustique uniques du th\u00e9\u00e2tre ont attir\u00e9 des artistes et des interpr\u00e8tes renomm\u00e9s au fil des ann\u00e9es, renfor\u00e7ant encore son importance culturelle.<\/span><\/p>\n<h3><b>Corso Umberto<\/b><\/h3>\n<p><span style=\"font-weight: 400;\">Promenez-vous le long du Corso Umberto, le c\u0153ur de Taormina, o\u00f9 vous attendent des boutiques charmantes, des caf\u00e9s anim\u00e9s et des monuments notables. Cette rue anim\u00e9e incarne le m\u00e9lange parfait de la vie historique et moderne de la Sicile. Offrez-vous une d\u00e9licieuse cuisine locale entour\u00e9e de monuments historiques et d&#8217;une v\u00e9g\u00e9tation luxuriante, en vous immergeant dans l&#8217;atmosph\u00e8re chaleureuse et accueillante. En vous promenant dans cette promenade pittoresque, prenez note de l&#8217;impressionnante architecture, notamment le Palazzo Corvaja m\u00e9di\u00e9val et l&#8217;\u00e9glise baroque de San Giuseppe.<\/span><\/p>\n<h3><b>Palazzo Corvaja<\/b><\/h3>\n<p><span style=\"font-weight: 400;\">Admirez l&#8217;impressionnante architecture du Palazzo Corvaja, un palais m\u00e9di\u00e9val refl\u00e9tant les diverses influences culturelles de Taormina. Ce monument historique, avec son m\u00e9lange unique de styles arabe, normand et gothique, abrite le Mus\u00e9e d&#8217;art et des traditions populaires de la ville, en faisant une halte fascinante lors de votre visite de Taormina. Approfondissez l&#8217;histoire et le patrimoine culturel de la r\u00e9gion en explorant cette merveille architecturale.<\/span><\/p>\n<h3><b>Jardins de la Villa Comunale<\/b><\/h3>\n<p><span style=\"font-weight: 400;\">D\u00e9tendez-vous dans les paisibles jardins de la Villa Comunale, un magnifique parc public au c\u0153ur de Taormina. \u00c0 l&#8217;origine le jardin priv\u00e9 d&#8217;une noble anglaise, cette oasis verdoyante abrite une impressionnante collection de plantes exotiques, de statues \u00e9l\u00e9gantes et de charmants pavillons. Immergez-vous dans la tranquillit\u00e9 de ce havre verdoyant, o\u00f9 les vues imprenables sur la mer Ionienne et le mont Etna offrent un cadre idyllique pour votre visite priv\u00e9e. Les jardins de la Villa Comunale constituent un havre de s\u00e9r\u00e9nit\u00e9, offrant un d\u00e9licieux r\u00e9pit du centre-ville anim\u00e9.<\/span><\/p>\n<p><span style=\"font-weight: 400;\">D\u00e9couvrez la gamme compl\u00e8te de visites priv\u00e9es \u00e0 Taormina propos\u00e9es par Tour Travel and More en nous rendant visite. Cr\u00e9ez votre exp\u00e9rience sicilienne de r\u00eave d\u00e8s aujourd&#8217;hui ! Choisissez parmi notre s\u00e9lection soigneusement \u00e9labor\u00e9e de visites priv\u00e9es, con\u00e7ues pour r\u00e9pondre \u00e0 vos int\u00e9r\u00eats, pr\u00e9f\u00e9rences et d\u00e9sirs uniques. N&#8217;attendez plus &#8211; explorez nos offres exclusives et embarquez d\u00e8s maintenant pour votre voyage sicilien de r\u00eave.<\/span><\/p>\n<p><span style=\"font-weight: 400;\">D\u00e9couvrez le charme et la beaut\u00e9 de Taormina lors d&#8217;une visite priv\u00e9e de 4 heures avec un guide comp\u00e9tent et un v\u00e9hicule de luxe. <\/span><a href=\"https:\/\/tourtravelandmore.com\/fr\/city\/italie-fr\/taormina-fr\/\"><span style=\"font-weight: 400;\">Plongez-vous dans l&#8217;histoire captivante, l&#8217;architecture et les paysages pittoresques de la ville, le tout adapt\u00e9 \u00e0 vos pr\u00e9f\u00e9rences.<\/span><\/a><\/p>\n","protected":false},"excerpt":{"rendered":"<p><span style=\"font-weight: 400;\">D\u00e9couvrez le charme et la beaut\u00e9 de Taormina lors d&#8217;une visite priv\u00e9e de 4 heures avec un guide comp\u00e9tent et un v\u00e9hicule de luxe. <\/span><a href=\"https:\/\/tourtravelandmore.com\/fr\/city\/italie-fr\/taormina-fr\/\"><span style=\"font-weight: 400;\">Plongez-vous dans l&#8217;histoire captivante, l&#8217;architecture et les paysages pittoresques de la ville, le tout adapt\u00e9 \u00e0 vos pr\u00e9f\u00e9rences.<\/span><\/a><\/p>\n","protected":false},"featured_media":159219,"comment_status":"open","ping_status":"closed","template":"","meta":{"_acf_changed":false},"product_brand":[],"product_cat":[4366,4376,4308],"product_tag":[],"class_list":{"0":"post-159247","1":"product","2":"type-product","3":"status-publish","4":"has-post-thumbnail","6":"product_cat-tous-les-circuits-et-activites-prives-taormina","7":"product_cat-visites-guidees-privees-fr-4","8":"product_cat-taormina-fr","10":"first","11":"instock","12":"shipping-taxable","13":"purchasable","14":"product-type-simple"},"acf":[],"yoast_head":"<!-- This site is optimized with the Yoast SEO Premium plugin v25.3.1 (Yoast SEO v25.3.1) - https:\/\/yoast.com\/wordpress\/plugins\/seo\/ -->\n<title>Visite priv\u00e9e de Taormina : D\u00e9couvrez le joyau de la mer Ionienne | Tour Travel and More<\/title>\n<meta name=\"description\" content=\"Savourez une luxueuse visite priv\u00e9e de 4 heures de Taormina avec un guide expert et un v\u00e9hicule de luxe priv\u00e9, explorant l&#039;histoire riche, les paysages \u00e9poustouflants et les attractions captivantes de la ville.\" \/>\n<meta name=\"robots\" content=\"index, follow, max-snippet:-1, max-image-preview:large, max-video-preview:-1\" \/>\n<link rel=\"canonical\" href=\"https:\/\/tourtravelandmore.com\/fr\/tours\/italie-fr\/taormina-fr\/tous-les-circuits-et-activites-prives-taormina\/visite-privee-de-taormina\/\" \/>\n<meta property=\"og:locale\" content=\"fr_FR\" \/>\n<meta property=\"og:type\" content=\"article\" \/>\n<meta property=\"og:title\" content=\"Visite priv\u00e9e de Taormina\" \/>\n<meta property=\"og:description\" content=\"Savourez une luxueuse visite priv\u00e9e de 4 heures de Taormina avec un guide expert et un v\u00e9hicule de luxe priv\u00e9, explorant l&#039;histoire riche, les paysages \u00e9poustouflants et les attractions captivantes de la ville.\" \/>\n<meta property=\"og:url\" content=\"https:\/\/tourtravelandmore.com\/fr\/tours\/italie-fr\/taormina-fr\/tous-les-circuits-et-activites-prives-taormina\/visite-privee-de-taormina\/\" \/>\n<meta property=\"og:site_name\" content=\"Tour Travel And More\" \/>\n<meta property=\"article:publisher\" content=\"https:\/\/www.facebook.com\/tourtravelandmore\/\" \/>\n<meta property=\"article:modified_time\" content=\"2024-02-04T17:25:35+00:00\" \/>\n<meta property=\"og:image\" content=\"https:\/\/tourtravelandmore.com\/wp-content\/uploads\/2023\/03\/image2-6.jpg\" \/>\n\t<meta property=\"og:image:width\" content=\"950\" \/>\n\t<meta property=\"og:image:height\" content=\"750\" \/>\n\t<meta property=\"og:image:type\" content=\"image\/jpeg\" \/>\n<meta name=\"twitter:card\" content=\"summary_large_image\" \/>\n<meta name=\"twitter:site\" content=\"@TourTravel_More\" \/>\n<meta name=\"twitter:label1\" content=\"Dur\u00e9e de lecture estim\u00e9e\" \/>\n\t<meta name=\"twitter:data1\" content=\"3 minutes\" \/>\n<script type=\"application\/ld+json\" class=\"yoast-schema-graph\">{\"@context\":\"https:\/\/schema.org\",\"@graph\":[{\"@type\":\"WebPage\",\"@id\":\"https:\/\/tourtravelandmore.com\/fr\/tours\/italie-fr\/taormina-fr\/tous-les-circuits-et-activites-prives-taormina\/visite-privee-de-taormina\/\",\"url\":\"https:\/\/tourtravelandmore.com\/fr\/tours\/italie-fr\/taormina-fr\/tous-les-circuits-et-activites-prives-taormina\/visite-privee-de-taormina\/\",\"name\":\"Visite priv\u00e9e de Taormina : D\u00e9couvrez le joyau de la mer Ionienne | Tour Travel and More\",\"isPartOf\":{\"@id\":\"https:\/\/tourtravelandmore.com\/fr\/#website\"},\"primaryImageOfPage\":{\"@id\":\"https:\/\/tourtravelandmore.com\/fr\/tours\/italie-fr\/taormina-fr\/tous-les-circuits-et-activites-prives-taormina\/visite-privee-de-taormina\/#primaryimage\"},\"image\":{\"@id\":\"https:\/\/tourtravelandmore.com\/fr\/tours\/italie-fr\/taormina-fr\/tous-les-circuits-et-activites-prives-taormina\/visite-privee-de-taormina\/#primaryimage\"},\"thumbnailUrl\":\"https:\/\/tourtravelandmore.com\/wp-content\/uploads\/2023\/03\/image2-6.jpg\",\"datePublished\":\"2023-03-30T07:17:27+00:00\",\"dateModified\":\"2024-02-04T17:25:35+00:00\",\"description\":\"Savourez une luxueuse visite priv\u00e9e de 4 heures de Taormina avec un guide expert et un v\u00e9hicule de luxe priv\u00e9, explorant l'histoire riche, les paysages \u00e9poustouflants et les attractions captivantes de la ville.\",\"breadcrumb\":{\"@id\":\"https:\/\/tourtravelandmore.com\/fr\/tours\/italie-fr\/taormina-fr\/tous-les-circuits-et-activites-prives-taormina\/visite-privee-de-taormina\/#breadcrumb\"},\"inLanguage\":\"fr-FR\",\"potentialAction\":[{\"@type\":\"ReadAction\",\"target\":[\"https:\/\/tourtravelandmore.com\/fr\/tours\/italie-fr\/taormina-fr\/tous-les-circuits-et-activites-prives-taormina\/visite-privee-de-taormina\/\"]}]},{\"@type\":\"ImageObject\",\"inLanguage\":\"fr-FR\",\"@id\":\"https:\/\/tourtravelandmore.com\/fr\/tours\/italie-fr\/taormina-fr\/tous-les-circuits-et-activites-prives-taormina\/visite-privee-de-taormina\/#primaryimage\",\"url\":\"https:\/\/tourtravelandmore.com\/wp-content\/uploads\/2023\/03\/image2-6.jpg\",\"contentUrl\":\"https:\/\/tourtravelandmore.com\/wp-content\/uploads\/2023\/03\/image2-6.jpg\",\"width\":950,\"height\":750},{\"@type\":\"BreadcrumbList\",\"@id\":\"https:\/\/tourtravelandmore.com\/fr\/tours\/italie-fr\/taormina-fr\/tous-les-circuits-et-activites-prives-taormina\/visite-privee-de-taormina\/#breadcrumb\",\"itemListElement\":[{\"@type\":\"ListItem\",\"position\":1,\"name\":\"Home\",\"item\":\"https:\/\/tourtravelandmore.com\/fr\/\"},{\"@type\":\"ListItem\",\"position\":2,\"name\":\"Tours\",\"item\":\"https:\/\/tourtravelandmore.com\/fr\/tours\/\"},{\"@type\":\"ListItem\",\"position\":3,\"name\":\"Visite priv\u00e9e de Taormina\"}]},{\"@type\":\"WebSite\",\"@id\":\"https:\/\/tourtravelandmore.com\/fr\/#website\",\"url\":\"https:\/\/tourtravelandmore.com\/fr\/\",\"name\":\"Tour Travel And More\",\"description\":\"Private sightseeing tours and luxury transfers in Spain\",\"publisher\":{\"@id\":\"https:\/\/tourtravelandmore.com\/fr\/#organization\"},\"potentialAction\":[{\"@type\":\"SearchAction\",\"target\":{\"@type\":\"EntryPoint\",\"urlTemplate\":\"https:\/\/tourtravelandmore.com\/fr\/?s={search_term_string}\"},\"query-input\":{\"@type\":\"PropertyValueSpecification\",\"valueRequired\":true,\"valueName\":\"search_term_string\"}}],\"inLanguage\":\"fr-FR\"},{\"@type\":\"Organization\",\"@id\":\"https:\/\/tourtravelandmore.com\/fr\/#organization\",\"name\":\"Tour Travel And More\",\"url\":\"https:\/\/tourtravelandmore.com\/fr\/\",\"logo\":{\"@type\":\"ImageObject\",\"inLanguage\":\"fr-FR\",\"@id\":\"https:\/\/tourtravelandmore.com\/fr\/#\/schema\/logo\/image\/\",\"url\":\"https:\/\/tourtravelandmore.com\/wp-content\/uploads\/2022\/12\/cropped-logo-cabecera-new.png\",\"contentUrl\":\"https:\/\/tourtravelandmore.com\/wp-content\/uploads\/2022\/12\/cropped-logo-cabecera-new.png\",\"width\":430,\"height\":61,\"caption\":\"Tour Travel And More\"},\"image\":{\"@id\":\"https:\/\/tourtravelandmore.com\/fr\/#\/schema\/logo\/image\/\"},\"sameAs\":[\"https:\/\/www.facebook.com\/tourtravelandmore\/\",\"https:\/\/x.com\/TourTravel_More\"]}]}<\/script>\n<!-- \/ Yoast SEO Premium plugin. -->","yoast_head_json":{"title":"Visite priv\u00e9e de Taormina : D\u00e9couvrez le joyau de la mer Ionienne | Tour Travel and More","description":"Savourez une luxueuse visite priv\u00e9e de 4 heures de Taormina avec un guide expert et un v\u00e9hicule de luxe priv\u00e9, explorant l'histoire riche, les paysages \u00e9poustouflants et les attractions captivantes de la ville.","robots":{"index":"index","follow":"follow","max-snippet":"max-snippet:-1","max-image-preview":"max-image-preview:large","max-video-preview":"max-video-preview:-1"},"canonical":"https:\/\/tourtravelandmore.com\/fr\/tours\/italie-fr\/taormina-fr\/tous-les-circuits-et-activites-prives-taormina\/visite-privee-de-taormina\/","og_locale":"fr_FR","og_type":"article","og_title":"Visite priv\u00e9e de Taormina","og_description":"Savourez une luxueuse visite priv\u00e9e de 4 heures de Taormina avec un guide expert et un v\u00e9hicule de luxe priv\u00e9, explorant l'histoire riche, les paysages \u00e9poustouflants et les attractions captivantes de la ville.","og_url":"https:\/\/tourtravelandmore.com\/fr\/tours\/italie-fr\/taormina-fr\/tous-les-circuits-et-activites-prives-taormina\/visite-privee-de-taormina\/","og_site_name":"Tour Travel And More","article_publisher":"https:\/\/www.facebook.com\/tourtravelandmore\/","article_modified_time":"2024-02-04T17:25:35+00:00","og_image":[{"width":950,"height":750,"url":"https:\/\/tourtravelandmore.com\/wp-content\/uploads\/2023\/03\/image2-6.jpg","type":"image\/jpeg"}],"twitter_card":"summary_large_image","twitter_site":"@TourTravel_More","twitter_misc":{"Dur\u00e9e de lecture estim\u00e9e":"3 minutes"},"schema":{"@context":"https:\/\/schema.org","@graph":[{"@type":"WebPage","@id":"https:\/\/tourtravelandmore.com\/fr\/tours\/italie-fr\/taormina-fr\/tous-les-circuits-et-activites-prives-taormina\/visite-privee-de-taormina\/","url":"https:\/\/tourtravelandmore.com\/fr\/tours\/italie-fr\/taormina-fr\/tous-les-circuits-et-activites-prives-taormina\/visite-privee-de-taormina\/","name":"Visite priv\u00e9e de Taormina : D\u00e9couvrez le joyau de la mer Ionienne | Tour Travel and More","isPartOf":{"@id":"https:\/\/tourtravelandmore.com\/fr\/#website"},"primaryImageOfPage":{"@id":"https:\/\/tourtravelandmore.com\/fr\/tours\/italie-fr\/taormina-fr\/tous-les-circuits-et-activites-prives-taormina\/visite-privee-de-taormina\/#primaryimage"},"image":{"@id":"https:\/\/tourtravelandmore.com\/fr\/tours\/italie-fr\/taormina-fr\/tous-les-circuits-et-activites-prives-taormina\/visite-privee-de-taormina\/#primaryimage"},"thumbnailUrl":"https:\/\/tourtravelandmore.com\/wp-content\/uploads\/2023\/03\/image2-6.jpg","datePublished":"2023-03-30T07:17:27+00:00","dateModified":"2024-02-04T17:25:35+00:00","description":"Savourez une luxueuse visite priv\u00e9e de 4 heures de Taormina avec un guide expert et un v\u00e9hicule de luxe priv\u00e9, explorant l'histoire riche, les paysages \u00e9poustouflants et les attractions captivantes de la ville.","breadcrumb":{"@id":"https:\/\/tourtravelandmore.com\/fr\/tours\/italie-fr\/taormina-fr\/tous-les-circuits-et-activites-prives-taormina\/visite-privee-de-taormina\/#breadcrumb"},"inLanguage":"fr-FR","potentialAction":[{"@type":"ReadAction","target":["https:\/\/tourtravelandmore.com\/fr\/tours\/italie-fr\/taormina-fr\/tous-les-circuits-et-activites-prives-taormina\/visite-privee-de-taormina\/"]}]},{"@type":"ImageObject","inLanguage":"fr-FR","@id":"https:\/\/tourtravelandmore.com\/fr\/tours\/italie-fr\/taormina-fr\/tous-les-circuits-et-activites-prives-taormina\/visite-privee-de-taormina\/#primaryimage","url":"https:\/\/tourtravelandmore.com\/wp-content\/uploads\/2023\/03\/image2-6.jpg","contentUrl":"https:\/\/tourtravelandmore.com\/wp-content\/uploads\/2023\/03\/image2-6.jpg","width":950,"height":750},{"@type":"BreadcrumbList","@id":"https:\/\/tourtravelandmore.com\/fr\/tours\/italie-fr\/taormina-fr\/tous-les-circuits-et-activites-prives-taormina\/visite-privee-de-taormina\/#breadcrumb","itemListElement":[{"@type":"ListItem","position":1,"name":"Home","item":"https:\/\/tourtravelandmore.com\/fr\/"},{"@type":"ListItem","position":2,"name":"Tours","item":"https:\/\/tourtravelandmore.com\/fr\/tours\/"},{"@type":"ListItem","position":3,"name":"Visite priv\u00e9e de Taormina"}]},{"@type":"WebSite","@id":"https:\/\/tourtravelandmore.com\/fr\/#website","url":"https:\/\/tourtravelandmore.com\/fr\/","name":"Tour Travel And More","description":"Private sightseeing tours and luxury transfers in Spain","publisher":{"@id":"https:\/\/tourtravelandmore.com\/fr\/#organization"},"potentialAction":[{"@type":"SearchAction","target":{"@type":"EntryPoint","urlTemplate":"https:\/\/tourtravelandmore.com\/fr\/?s={search_term_string}"},"query-input":{"@type":"PropertyValueSpecification","valueRequired":true,"valueName":"search_term_string"}}],"inLanguage":"fr-FR"},{"@type":"Organization","@id":"https:\/\/tourtravelandmore.com\/fr\/#organization","name":"Tour Travel And More","url":"https:\/\/tourtravelandmore.com\/fr\/","logo":{"@type":"ImageObject","inLanguage":"fr-FR","@id":"https:\/\/tourtravelandmore.com\/fr\/#\/schema\/logo\/image\/","url":"https:\/\/tourtravelandmore.com\/wp-content\/uploads\/2022\/12\/cropped-logo-cabecera-new.png","contentUrl":"https:\/\/tourtravelandmore.com\/wp-content\/uploads\/2022\/12\/cropped-logo-cabecera-new.png","width":430,"height":61,"caption":"Tour Travel And More"},"image":{"@id":"https:\/\/tourtravelandmore.com\/fr\/#\/schema\/logo\/image\/"},"sameAs":["https:\/\/www.facebook.com\/tourtravelandmore\/","https:\/\/x.com\/TourTravel_More"]}]}},"_links":{"self":[{"href":"https:\/\/tourtravelandmore.com\/fr\/wp-json\/wp\/v2\/product\/159247","targetHints":{"allow":["GET"]}}],"collection":[{"href":"https:\/\/tourtravelandmore.com\/fr\/wp-json\/wp\/v2\/product"}],"about":[{"href":"https:\/\/tourtravelandmore.com\/fr\/wp-json\/wp\/v2\/types\/product"}],"replies":[{"embeddable":true,"href":"https:\/\/tourtravelandmore.com\/fr\/wp-json\/wp\/v2\/comments?post=159247"}],"wp:featuredmedia":[{"embeddable":true,"href":"https:\/\/tourtravelandmore.com\/fr\/wp-json\/wp\/v2\/media\/159219"}],"wp:attachment":[{"href":"https:\/\/tourtravelandmore.com\/fr\/wp-json\/wp\/v2\/media?parent=159247"}],"wp:term":[{"taxonomy":"product_brand","embeddable":true,"href":"https:\/\/tourtravelandmore.com\/fr\/wp-json\/wp\/v2\/product_brand?post=159247"},{"taxonomy":"product_cat","embeddable":true,"href":"https:\/\/tourtravelandmore.com\/fr\/wp-json\/wp\/v2\/product_cat?post=159247"},{"taxonomy":"product_tag","embeddable":true,"href":"https:\/\/tourtravelandmore.com\/fr\/wp-json\/wp\/v2\/product_tag?post=159247"}],"curies":[{"name":"wp","href":"https:\/\/api.w.org\/{rel}","templated":true}]}}