{"id":159130,"date":"2023-03-29T21:15:37","date_gmt":"2023-03-29T19:15:48","guid":{"rendered":"https:\/\/tourtravelandmore.com\/?post_type=product&#038;p=159130"},"modified":"2023-04-21T15:38:12","modified_gmt":"2023-04-21T13:38:12","slug":"visites-privees-du-centre-ville-de-grenade-et-de-lalhambra-depuis-seville","status":"publish","type":"product","link":"https:\/\/tourtravelandmore.com\/fr\/tours\/espagne-fr\/seville-fr\/private-sightseeing-tours-fr-23\/visites-privees-du-centre-ville-de-grenade-et-de-lalhambra-depuis-seville\/","title":{"rendered":"Visites priv\u00e9es du centre-ville de Grenade et de l&#8217;Alhambra depuis S\u00e9ville"},"content":{"rendered":"<h2>La description<\/h2>\n<p>Si vous \u00eates dans les terres andalouses, vous ne pouvez pas manquer l&#8217;une de nos fascinantes visites priv\u00e9es de l&#8217;Alhambra. C&#8217;est l&#8217;un des endroits les plus embl\u00e9matiques et les plus importants de toute l&#8217;Espagne.<\/p>\n<p>Nous parlons de la ville de Grenade. Grenade d\u00e9tient l&#8217;un des plus beaux patrimoines de l&#8217;humanit\u00e9. C&#8217;est la ville palatine de l&#8217;Alhambra. Il y a bien s\u00fbr d&#8217;autres lieux d&#8217;int\u00e9r\u00eat tels que la chapelle royale et la cath\u00e9drale de Grenade.<\/p>\n<p>La dur\u00e9e de ces visites priv\u00e9es de l&#8217;Alhambra est d&#8217;environ 10 heures. Cela d\u00e9pendra des lieux qui vous int\u00e9ressent. N&#8217;oubliez pas que toutes nos excursions et circuits sont totalement \u00e0 la carte. Vous serez celui qui d\u00e9cidera de l&#8217;itin\u00e9raire et des lieux o\u00f9 vous souhaitez vous rendre. Votre guide priv\u00e9 et votre v\u00e9hicule de luxe avec chauffeur sont \u00e0 votre disposition.<\/p>\n<p>D&#8217;autre part, ce circuit peut commencer dans n&#8217;importe quelle ville d&#8217;Andalousie et m\u00eame si vous en avez besoin. Nous pouvons venir vous chercher au port de croisi\u00e8re de Malaga, afin que vous puissiez garder un tr\u00e8s beau souvenir de votre passage \u00e0 travers cette r\u00e9gion du monde.<\/p>\n<p>Apr\u00e8s une prise en charge confortable depuis votre lieu de choix, nous partirons en direction de Grenade. Votre guide officiel priv\u00e9 vous attendra pour commencer la visite guid\u00e9e priv\u00e9e de 5 heures. Vous appr\u00e9cierez l&#8217;Alhambra ainsi que le centre-ville. Votre chauffeur vous ram\u00e8nera ensuite \u00e0 votre point de d\u00e9part.<\/p>\n<h2>Sites d&#8217;int\u00e9r\u00eat et monuments<\/h2>\n<p>Une fois que le v\u00e9hicule de luxe priv\u00e9 avec chauffeur est venu vous chercher, votre visite priv\u00e9e commencera. Votre guide priv\u00e9 vous attendra dans la ville de Grenade. Plus pr\u00e9cis\u00e9ment devant l&#8217;entr\u00e9e de l&#8217;Alhambra pour l&#8217;une des visites priv\u00e9es sp\u00e9ciales de l&#8217;Alhambra.<\/p>\n<h3>Alhambra<\/h3>\n<p>\u00c0 votre arriv\u00e9e, votre guide vous accompagnera \u00e0 travers la ville palatiale sans avoir \u00e0 faire la queue car la visite comprend d\u00e9j\u00e0 des billets \u00e0 votre nom.<\/p>\n<p>Ici, vous conna\u00eetrez des sites embl\u00e9matiques et magnifiques comme Les Palais Nasrides, \u00e9galement connus sous le nom de &#8220;La Vieille Maison Royale&#8221;, vous admirerez la Cour des Lions. Vous d\u00e9couvrirez les jardins impressionnants et paisibles du Generalife et vous serez \u00e9bloui par le Palais El Partal. C&#8217;est le dernier b\u00e2timent debout sur l&#8217;aile des chambres des nobles.<\/p>\n<p>Cette visite vous prendra environ 3 heures, car c&#8217;est une ville imp\u00e9riale o\u00f9 vivaient \u00e0 la fois la noblesse musulmane, sa force militaire et ses citoyens.<\/p>\n<h3>Centre ville de Grenade<\/h3>\n<p>Une fois que vous aurez parcouru ce magnifique bastion datant du 9\u00e8me si\u00e8cle, vous vous dirigerez vers le centre de la ville de Grenade. Dans le centre-ville, vous pouvez visiter la chapelle royale de Grenade qui forme une annexe \u00e0 la cath\u00e9drale de la ville. Nous pouvons \u00e9galement inclure des billets pour ces monuments si vous le souhaitez.<\/p>\n<p>Cela a \u00e9t\u00e9 fond\u00e9 comme une chapelle fun\u00e9raire des monarques catholiques, bien s\u00fbr, nous parlons d&#8217;Isabelle I de Castille et de Ferdinand II d&#8217;Aragon. Dans cet endroit, vous pouvez trouver les restes de sa fille et l&#8217;h\u00e9riti\u00e8re Joanna la Folle et son mari Phillip le Beau sont conserv\u00e9s.<\/p>\n<p>C&#8217;est un autre des points touristiques les plus int\u00e9ressants. Bien qu&#8217;elle ne puisse \u00eatre compar\u00e9e aux palais de l&#8217;Alhambra, la beaut\u00e9 architecturale de ces \u00e9difices religieux a \u00e9galement un grand impact visuel. Surtout du point de vue m\u00e9di\u00e9val.<\/p>\n<p>D&#8217;autres endroits que vous pouvez appr\u00e9cier lors de votre visite du centre-ville sont: La place Saint-Nicolas. Cette place a un point de vue spectaculaire pour appr\u00e9cier l&#8217;ensemble de l&#8217;Alhambra de loin. Cela comprend le palais Dar al-Horra, un joyau datant du XIVe si\u00e8cle qui est cach\u00e9 au milieu de la ville. Vous pouvez \u00e9galement voir El Banuelo, l&#8217;un des monuments les plus anciens de l&#8217;endroit, qui n&#8217;est rien de plus qu&#8217;un bain musulman qui conserve encore la beaut\u00e9 de son temps.<\/p>\n<p>Apr\u00e8s la visite guid\u00e9e de 4 heures de Grenade et de l&#8217;Alhambra, notre chauffeur priv\u00e9 vous ram\u00e8nera \u00e0 votre lieu de choix en Andalousie. Nous pouvons vous d\u00e9poser au port de croisi\u00e8re de Malaga ou dans toute autre ville. Cela peut \u00eatre S\u00e9ville, Cordoue, Malaga ou n&#8217;importe o\u00f9 vous le souhaitez.<\/p>\n<p>Jetez un \u0153il \u00e0 nos circuits priv\u00e9s \u00e0 Grenade ici.<\/p>\n","protected":false},"excerpt":{"rendered":"<p>L&#8217;une des meilleures visites priv\u00e9es de l&#8217;Alhambra! Apprenez \u00e0 conna\u00eetre l&#8217;Alhambra, y compris le palais nasride et plus encore, ainsi que le centre-ville de Grenade. V\u00e9hicule de luxe avec chauffeur et guide officiel priv\u00e9. Prise en charge dans n&#8217;importe quelle ville.<\/p>\n","protected":false},"featured_media":97183,"comment_status":"open","ping_status":"closed","template":"","meta":{"_acf_changed":false},"product_brand":[],"product_cat":[3541,3676,4273,4264,4262,4263],"product_tag":[],"class_list":{"0":"post-159130","1":"product","2":"type-product","3":"status-publish","4":"has-post-thumbnail","6":"product_cat-espagne-fr","7":"product_cat-seville-fr","8":"product_cat-best-sellers-fr","9":"product_cat-all-private-tours-activities-fr-16","10":"product_cat-private-sightseeing-tours-fr-23","11":"product_cat-excursions-pivees","13":"first","14":"instock","15":"shipping-taxable","16":"purchasable","17":"product-type-simple"},"acf":[],"yoast_head":"<!-- This site is optimized with the Yoast SEO Premium plugin v25.3.1 (Yoast SEO v25.3.1) - https:\/\/yoast.com\/wordpress\/plugins\/seo\/ -->\n<title>Visites priv\u00e9es de l&#039;Alhambra depuis n&#039;importe quelle ville - Billets pour l&#039;Alhambra inclus<\/title>\n<meta name=\"description\" content=\"Meilleures visites priv\u00e9es de l&#039;Alhambra! Apprenez \u00e0 conna\u00eetre l&#039;Alhambra, y compris le palais nasride et plus encore, ainsi que le centre-ville de Grenade. V\u00e9hicule de luxe et guide touristique.\" \/>\n<meta name=\"robots\" content=\"index, follow, max-snippet:-1, max-image-preview:large, max-video-preview:-1\" \/>\n<link rel=\"canonical\" href=\"https:\/\/tourtravelandmore.com\/fr\/tours\/espagne-fr\/seville-fr\/private-sightseeing-tours-fr-23\/visites-privees-du-centre-ville-de-grenade-et-de-lalhambra-depuis-seville\/\" \/>\n<meta property=\"og:locale\" content=\"fr_FR\" \/>\n<meta property=\"og:type\" content=\"article\" \/>\n<meta property=\"og:title\" content=\"Visites priv\u00e9es du centre-ville de Grenade et de l&#039;Alhambra depuis S\u00e9ville\" \/>\n<meta property=\"og:description\" content=\"Meilleures visites priv\u00e9es de l&#039;Alhambra! Apprenez \u00e0 conna\u00eetre l&#039;Alhambra, y compris le palais nasride et plus encore, ainsi que le centre-ville de Grenade. V\u00e9hicule de luxe et guide touristique.\" \/>\n<meta property=\"og:url\" content=\"https:\/\/tourtravelandmore.com\/fr\/tours\/espagne-fr\/seville-fr\/private-sightseeing-tours-fr-23\/visites-privees-du-centre-ville-de-grenade-et-de-lalhambra-depuis-seville\/\" \/>\n<meta property=\"og:site_name\" content=\"Tour Travel And More\" \/>\n<meta property=\"article:publisher\" content=\"https:\/\/www.facebook.com\/tourtravelandmore\/\" \/>\n<meta property=\"article:modified_time\" content=\"2023-04-21T13:38:12+00:00\" \/>\n<meta property=\"og:image\" content=\"https:\/\/tourtravelandmore.com\/wp-content\/uploads\/2020\/02\/slider-alhambra02-scaled.jpg\" \/>\n\t<meta property=\"og:image:width\" content=\"2560\" \/>\n\t<meta property=\"og:image:height\" content=\"1833\" \/>\n\t<meta property=\"og:image:type\" content=\"image\/jpeg\" \/>\n<meta name=\"twitter:card\" content=\"summary_large_image\" \/>\n<meta name=\"twitter:site\" content=\"@TourTravel_More\" \/>\n<meta name=\"twitter:label1\" content=\"Dur\u00e9e de lecture estim\u00e9e\" \/>\n\t<meta name=\"twitter:data1\" content=\"4 minutes\" \/>\n<script type=\"application\/ld+json\" class=\"yoast-schema-graph\">{\"@context\":\"https:\/\/schema.org\",\"@graph\":[{\"@type\":\"WebPage\",\"@id\":\"https:\/\/tourtravelandmore.com\/fr\/tours\/espagne-fr\/seville-fr\/private-sightseeing-tours-fr-23\/visites-privees-du-centre-ville-de-grenade-et-de-lalhambra-depuis-seville\/\",\"url\":\"https:\/\/tourtravelandmore.com\/fr\/tours\/espagne-fr\/seville-fr\/private-sightseeing-tours-fr-23\/visites-privees-du-centre-ville-de-grenade-et-de-lalhambra-depuis-seville\/\",\"name\":\"Visites priv\u00e9es de l'Alhambra depuis n'importe quelle ville - Billets pour l'Alhambra inclus\",\"isPartOf\":{\"@id\":\"https:\/\/tourtravelandmore.com\/fr\/#website\"},\"primaryImageOfPage\":{\"@id\":\"https:\/\/tourtravelandmore.com\/fr\/tours\/espagne-fr\/seville-fr\/private-sightseeing-tours-fr-23\/visites-privees-du-centre-ville-de-grenade-et-de-lalhambra-depuis-seville\/#primaryimage\"},\"image\":{\"@id\":\"https:\/\/tourtravelandmore.com\/fr\/tours\/espagne-fr\/seville-fr\/private-sightseeing-tours-fr-23\/visites-privees-du-centre-ville-de-grenade-et-de-lalhambra-depuis-seville\/#primaryimage\"},\"thumbnailUrl\":\"https:\/\/tourtravelandmore.com\/wp-content\/uploads\/2020\/02\/slider-alhambra02-scaled.jpg\",\"datePublished\":\"2023-03-29T19:15:48+00:00\",\"dateModified\":\"2023-04-21T13:38:12+00:00\",\"description\":\"Meilleures visites priv\u00e9es de l'Alhambra! Apprenez \u00e0 conna\u00eetre l'Alhambra, y compris le palais nasride et plus encore, ainsi que le centre-ville de Grenade. V\u00e9hicule de luxe et guide touristique.\",\"breadcrumb\":{\"@id\":\"https:\/\/tourtravelandmore.com\/fr\/tours\/espagne-fr\/seville-fr\/private-sightseeing-tours-fr-23\/visites-privees-du-centre-ville-de-grenade-et-de-lalhambra-depuis-seville\/#breadcrumb\"},\"inLanguage\":\"fr-FR\",\"potentialAction\":[{\"@type\":\"ReadAction\",\"target\":[\"https:\/\/tourtravelandmore.com\/fr\/tours\/espagne-fr\/seville-fr\/private-sightseeing-tours-fr-23\/visites-privees-du-centre-ville-de-grenade-et-de-lalhambra-depuis-seville\/\"]}]},{\"@type\":\"ImageObject\",\"inLanguage\":\"fr-FR\",\"@id\":\"https:\/\/tourtravelandmore.com\/fr\/tours\/espagne-fr\/seville-fr\/private-sightseeing-tours-fr-23\/visites-privees-du-centre-ville-de-grenade-et-de-lalhambra-depuis-seville\/#primaryimage\",\"url\":\"https:\/\/tourtravelandmore.com\/wp-content\/uploads\/2020\/02\/slider-alhambra02-scaled.jpg\",\"contentUrl\":\"https:\/\/tourtravelandmore.com\/wp-content\/uploads\/2020\/02\/slider-alhambra02-scaled.jpg\",\"width\":2560,\"height\":1833},{\"@type\":\"BreadcrumbList\",\"@id\":\"https:\/\/tourtravelandmore.com\/fr\/tours\/espagne-fr\/seville-fr\/private-sightseeing-tours-fr-23\/visites-privees-du-centre-ville-de-grenade-et-de-lalhambra-depuis-seville\/#breadcrumb\",\"itemListElement\":[{\"@type\":\"ListItem\",\"position\":1,\"name\":\"Home\",\"item\":\"https:\/\/tourtravelandmore.com\/fr\/\"},{\"@type\":\"ListItem\",\"position\":2,\"name\":\"Tours\",\"item\":\"https:\/\/tourtravelandmore.com\/fr\/tours\/\"},{\"@type\":\"ListItem\",\"position\":3,\"name\":\"Visites priv\u00e9es du centre-ville de Grenade et de l&rsquo;Alhambra depuis S\u00e9ville\"}]},{\"@type\":\"WebSite\",\"@id\":\"https:\/\/tourtravelandmore.com\/fr\/#website\",\"url\":\"https:\/\/tourtravelandmore.com\/fr\/\",\"name\":\"Tour Travel And More\",\"description\":\"Private sightseeing tours and luxury transfers in Spain\",\"publisher\":{\"@id\":\"https:\/\/tourtravelandmore.com\/fr\/#organization\"},\"potentialAction\":[{\"@type\":\"SearchAction\",\"target\":{\"@type\":\"EntryPoint\",\"urlTemplate\":\"https:\/\/tourtravelandmore.com\/fr\/?s={search_term_string}\"},\"query-input\":{\"@type\":\"PropertyValueSpecification\",\"valueRequired\":true,\"valueName\":\"search_term_string\"}}],\"inLanguage\":\"fr-FR\"},{\"@type\":\"Organization\",\"@id\":\"https:\/\/tourtravelandmore.com\/fr\/#organization\",\"name\":\"Tour Travel And More\",\"url\":\"https:\/\/tourtravelandmore.com\/fr\/\",\"logo\":{\"@type\":\"ImageObject\",\"inLanguage\":\"fr-FR\",\"@id\":\"https:\/\/tourtravelandmore.com\/fr\/#\/schema\/logo\/image\/\",\"url\":\"https:\/\/tourtravelandmore.com\/wp-content\/uploads\/2022\/12\/cropped-logo-cabecera-new.png\",\"contentUrl\":\"https:\/\/tourtravelandmore.com\/wp-content\/uploads\/2022\/12\/cropped-logo-cabecera-new.png\",\"width\":430,\"height\":61,\"caption\":\"Tour Travel And More\"},\"image\":{\"@id\":\"https:\/\/tourtravelandmore.com\/fr\/#\/schema\/logo\/image\/\"},\"sameAs\":[\"https:\/\/www.facebook.com\/tourtravelandmore\/\",\"https:\/\/x.com\/TourTravel_More\"]}]}<\/script>\n<!-- \/ Yoast SEO Premium plugin. -->","yoast_head_json":{"title":"Visites priv\u00e9es de l'Alhambra depuis n'importe quelle ville - Billets pour l'Alhambra inclus","description":"Meilleures visites priv\u00e9es de l'Alhambra! Apprenez \u00e0 conna\u00eetre l'Alhambra, y compris le palais nasride et plus encore, ainsi que le centre-ville de Grenade. V\u00e9hicule de luxe et guide touristique.","robots":{"index":"index","follow":"follow","max-snippet":"max-snippet:-1","max-image-preview":"max-image-preview:large","max-video-preview":"max-video-preview:-1"},"canonical":"https:\/\/tourtravelandmore.com\/fr\/tours\/espagne-fr\/seville-fr\/private-sightseeing-tours-fr-23\/visites-privees-du-centre-ville-de-grenade-et-de-lalhambra-depuis-seville\/","og_locale":"fr_FR","og_type":"article","og_title":"Visites priv\u00e9es du centre-ville de Grenade et de l'Alhambra depuis S\u00e9ville","og_description":"Meilleures visites priv\u00e9es de l'Alhambra! Apprenez \u00e0 conna\u00eetre l'Alhambra, y compris le palais nasride et plus encore, ainsi que le centre-ville de Grenade. V\u00e9hicule de luxe et guide touristique.","og_url":"https:\/\/tourtravelandmore.com\/fr\/tours\/espagne-fr\/seville-fr\/private-sightseeing-tours-fr-23\/visites-privees-du-centre-ville-de-grenade-et-de-lalhambra-depuis-seville\/","og_site_name":"Tour Travel And More","article_publisher":"https:\/\/www.facebook.com\/tourtravelandmore\/","article_modified_time":"2023-04-21T13:38:12+00:00","og_image":[{"width":2560,"height":1833,"url":"https:\/\/tourtravelandmore.com\/wp-content\/uploads\/2020\/02\/slider-alhambra02-scaled.jpg","type":"image\/jpeg"}],"twitter_card":"summary_large_image","twitter_site":"@TourTravel_More","twitter_misc":{"Dur\u00e9e de lecture estim\u00e9e":"4 minutes"},"schema":{"@context":"https:\/\/schema.org","@graph":[{"@type":"WebPage","@id":"https:\/\/tourtravelandmore.com\/fr\/tours\/espagne-fr\/seville-fr\/private-sightseeing-tours-fr-23\/visites-privees-du-centre-ville-de-grenade-et-de-lalhambra-depuis-seville\/","url":"https:\/\/tourtravelandmore.com\/fr\/tours\/espagne-fr\/seville-fr\/private-sightseeing-tours-fr-23\/visites-privees-du-centre-ville-de-grenade-et-de-lalhambra-depuis-seville\/","name":"Visites priv\u00e9es de l'Alhambra depuis n'importe quelle ville - Billets pour l'Alhambra inclus","isPartOf":{"@id":"https:\/\/tourtravelandmore.com\/fr\/#website"},"primaryImageOfPage":{"@id":"https:\/\/tourtravelandmore.com\/fr\/tours\/espagne-fr\/seville-fr\/private-sightseeing-tours-fr-23\/visites-privees-du-centre-ville-de-grenade-et-de-lalhambra-depuis-seville\/#primaryimage"},"image":{"@id":"https:\/\/tourtravelandmore.com\/fr\/tours\/espagne-fr\/seville-fr\/private-sightseeing-tours-fr-23\/visites-privees-du-centre-ville-de-grenade-et-de-lalhambra-depuis-seville\/#primaryimage"},"thumbnailUrl":"https:\/\/tourtravelandmore.com\/wp-content\/uploads\/2020\/02\/slider-alhambra02-scaled.jpg","datePublished":"2023-03-29T19:15:48+00:00","dateModified":"2023-04-21T13:38:12+00:00","description":"Meilleures visites priv\u00e9es de l'Alhambra! Apprenez \u00e0 conna\u00eetre l'Alhambra, y compris le palais nasride et plus encore, ainsi que le centre-ville de Grenade. V\u00e9hicule de luxe et guide touristique.","breadcrumb":{"@id":"https:\/\/tourtravelandmore.com\/fr\/tours\/espagne-fr\/seville-fr\/private-sightseeing-tours-fr-23\/visites-privees-du-centre-ville-de-grenade-et-de-lalhambra-depuis-seville\/#breadcrumb"},"inLanguage":"fr-FR","potentialAction":[{"@type":"ReadAction","target":["https:\/\/tourtravelandmore.com\/fr\/tours\/espagne-fr\/seville-fr\/private-sightseeing-tours-fr-23\/visites-privees-du-centre-ville-de-grenade-et-de-lalhambra-depuis-seville\/"]}]},{"@type":"ImageObject","inLanguage":"fr-FR","@id":"https:\/\/tourtravelandmore.com\/fr\/tours\/espagne-fr\/seville-fr\/private-sightseeing-tours-fr-23\/visites-privees-du-centre-ville-de-grenade-et-de-lalhambra-depuis-seville\/#primaryimage","url":"https:\/\/tourtravelandmore.com\/wp-content\/uploads\/2020\/02\/slider-alhambra02-scaled.jpg","contentUrl":"https:\/\/tourtravelandmore.com\/wp-content\/uploads\/2020\/02\/slider-alhambra02-scaled.jpg","width":2560,"height":1833},{"@type":"BreadcrumbList","@id":"https:\/\/tourtravelandmore.com\/fr\/tours\/espagne-fr\/seville-fr\/private-sightseeing-tours-fr-23\/visites-privees-du-centre-ville-de-grenade-et-de-lalhambra-depuis-seville\/#breadcrumb","itemListElement":[{"@type":"ListItem","position":1,"name":"Home","item":"https:\/\/tourtravelandmore.com\/fr\/"},{"@type":"ListItem","position":2,"name":"Tours","item":"https:\/\/tourtravelandmore.com\/fr\/tours\/"},{"@type":"ListItem","position":3,"name":"Visites priv\u00e9es du centre-ville de Grenade et de l&rsquo;Alhambra depuis S\u00e9ville"}]},{"@type":"WebSite","@id":"https:\/\/tourtravelandmore.com\/fr\/#website","url":"https:\/\/tourtravelandmore.com\/fr\/","name":"Tour Travel And More","description":"Private sightseeing tours and luxury transfers in Spain","publisher":{"@id":"https:\/\/tourtravelandmore.com\/fr\/#organization"},"potentialAction":[{"@type":"SearchAction","target":{"@type":"EntryPoint","urlTemplate":"https:\/\/tourtravelandmore.com\/fr\/?s={search_term_string}"},"query-input":{"@type":"PropertyValueSpecification","valueRequired":true,"valueName":"search_term_string"}}],"inLanguage":"fr-FR"},{"@type":"Organization","@id":"https:\/\/tourtravelandmore.com\/fr\/#organization","name":"Tour Travel And More","url":"https:\/\/tourtravelandmore.com\/fr\/","logo":{"@type":"ImageObject","inLanguage":"fr-FR","@id":"https:\/\/tourtravelandmore.com\/fr\/#\/schema\/logo\/image\/","url":"https:\/\/tourtravelandmore.com\/wp-content\/uploads\/2022\/12\/cropped-logo-cabecera-new.png","contentUrl":"https:\/\/tourtravelandmore.com\/wp-content\/uploads\/2022\/12\/cropped-logo-cabecera-new.png","width":430,"height":61,"caption":"Tour Travel And More"},"image":{"@id":"https:\/\/tourtravelandmore.com\/fr\/#\/schema\/logo\/image\/"},"sameAs":["https:\/\/www.facebook.com\/tourtravelandmore\/","https:\/\/x.com\/TourTravel_More"]}]}},"_links":{"self":[{"href":"https:\/\/tourtravelandmore.com\/fr\/wp-json\/wp\/v2\/product\/159130","targetHints":{"allow":["GET"]}}],"collection":[{"href":"https:\/\/tourtravelandmore.com\/fr\/wp-json\/wp\/v2\/product"}],"about":[{"href":"https:\/\/tourtravelandmore.com\/fr\/wp-json\/wp\/v2\/types\/product"}],"replies":[{"embeddable":true,"href":"https:\/\/tourtravelandmore.com\/fr\/wp-json\/wp\/v2\/comments?post=159130"}],"wp:featuredmedia":[{"embeddable":true,"href":"https:\/\/tourtravelandmore.com\/fr\/wp-json\/wp\/v2\/media\/97183"}],"wp:attachment":[{"href":"https:\/\/tourtravelandmore.com\/fr\/wp-json\/wp\/v2\/media?parent=159130"}],"wp:term":[{"taxonomy":"product_brand","embeddable":true,"href":"https:\/\/tourtravelandmore.com\/fr\/wp-json\/wp\/v2\/product_brand?post=159130"},{"taxonomy":"product_cat","embeddable":true,"href":"https:\/\/tourtravelandmore.com\/fr\/wp-json\/wp\/v2\/product_cat?post=159130"},{"taxonomy":"product_tag","embeddable":true,"href":"https:\/\/tourtravelandmore.com\/fr\/wp-json\/wp\/v2\/product_tag?post=159130"}],"curies":[{"name":"wp","href":"https:\/\/api.w.org\/{rel}","templated":true}]}}