{"id":159035,"date":"2023-03-29T09:43:40","date_gmt":"2023-03-29T07:43:40","guid":{"rendered":"https:\/\/tourtravelandmore.com\/tours\/non%20class\u00e9\/tour-prive-de-taormine-et-de-letna-au-depart-de-taormine\/"},"modified":"2023-09-16T16:03:34","modified_gmt":"2023-09-16T14:03:34","slug":"tour-prive-de-taormine-et-de-letna-au-depart-de-taormine","status":"publish","type":"product","link":"https:\/\/tourtravelandmore.com\/fr\/tours\/italie-fr\/taormina-fr\/tous-les-circuits-et-activites-prives-taormina\/tour-prive-de-taormine-et-de-letna-au-depart-de-taormine\/","title":{"rendered":"Tour priv\u00e9 de Taormine et de l&#8217;Etna au d\u00e9part de Taormine"},"content":{"rendered":"<h2><b>Description du tour priv\u00e9 de Taormine et de l&#8217;Etna au d\u00e9part de Taormine<\/b><\/h2>\n<p><span style=\"font-weight: 400;\">D\u00e9couvrez le charme de Taormine et la grandeur du mont Etna lors de cette excursion priv\u00e9e exclusive de 6 heures. Avec votre guide comp\u00e9tent, vivez l&#8217;histoire captivante, les paysages \u00e0 couper le souffle et les sites inoubliables de la r\u00e9gion, adapt\u00e9s \u00e0 vos pr\u00e9f\u00e9rences. Plongez dans le riche patrimoine culturel de Taormine, admirez ses merveilles architecturales et d\u00e9couvrez la beaut\u00e9 \u00e9poustouflante du plus haut et du plus actif volcan d&#8217;Europe, le mont Etna. Ce tour priv\u00e9 est con\u00e7u pour satisfaire les voyageurs exigeants \u00e0 la recherche d&#8217;une exp\u00e9rience vraiment personnalis\u00e9e et immersive.<\/span><\/p>\n<h2><b>Points d&#8217;int\u00e9r\u00eat du tour priv\u00e9 de Taormine et de l&#8217;Etna au d\u00e9part de Taormine<\/b><\/h2>\n<p><span style=\"font-weight: 400;\">Profitez d&#8217;un voyage personnalis\u00e9 en explorant les principales attractions de Taormine et de l&#8217;Etna. Des ruines anciennes aux merveilles volcaniques, cette visite priv\u00e9e offre une exp\u00e9rience in\u00e9gal\u00e9e pour le voyageur exigeant. Plongez dans l&#8217;histoire unique, les paysages captivants et les caract\u00e9ristiques g\u00e9ologiques fascinantes qui ont rendu ces destinations populaires aupr\u00e8s des voyageurs du monde entier.<\/span><\/p>\n<h3><b>Th\u00e9\u00e2tre antique de Taormine (Teatro Antico di Taormina)<\/b><\/h3>\n<p><span style=\"font-weight: 400;\">\u00c9merveillez-vous devant la fusion de l&#8217;architecture grecque et romaine du Th\u00e9\u00e2tre antique de Taormine. Cet amphith\u00e9\u00e2tre offre une vue imprenable sur le mont Etna et la mer Ionienne, cr\u00e9ant des souvenirs inoubliables. En tant que site historique bien pr\u00e9serv\u00e9, le th\u00e9\u00e2tre accueille divers \u00e9v\u00e9nements et offre un aper\u00e7u du riche pass\u00e9 de la r\u00e9gion, ce qui en fait une \u00e9tape incontournable de votre visite priv\u00e9e. Le cadre unique et l&#8217;acoustique du th\u00e9\u00e2tre ont attir\u00e9 des artistes et des interpr\u00e8tes de renom au fil des ann\u00e9es, renfor\u00e7ant encore sa signification culturelle. Ne manquez pas l&#8217;occasion de d\u00e9couvrir ce lieu remarquable en personne.<\/span><\/p>\n<h3><b>Corso Umberto<\/b><\/h3>\n<p><span style=\"font-weight: 400;\">Fl\u00e2nez le long du Corso Umberto, le c\u0153ur de Taormine, o\u00f9 vous trouverez des boutiques charmantes, des caf\u00e9s anim\u00e9s et des monuments notables. Cette rue anim\u00e9e repr\u00e9sente le m\u00e9lange parfait de la vie historique et moderne en Sicile. Profitez de l&#8217;atmosph\u00e8re chaleureuse et accueillante tout en d\u00e9gustant une d\u00e9licieuse cuisine locale, sous le regard attentif des monuments historiques et de la v\u00e9g\u00e9tation luxuriante. En vous promenant sur cette promenade pittoresque, observez l&#8217;impressionnante architecture, notamment le palais m\u00e9di\u00e9val de Corvaja et l&#8217;\u00e9glise baroque de San Giuseppe. Perdez-vous dans l&#8217;ambiance sicilienne authentique qui vous enveloppe \u00e0 chaque tournant.<\/span><\/p>\n<h3><b>Mont Etna<\/b><\/h3>\n<p><span style=\"font-weight: 400;\">Gravissez l&#8217;imposant mont Etna, le plus haut et le plus actif volcan d&#8217;Europe. D\u00e9couvrez ses paysages lunaires, ses anciennes coul\u00e9es de lave et ses for\u00eats luxuriantes tandis que votre guide priv\u00e9 partage des informations fascinantes sur son histoire et sa g\u00e9ologie. Les panoramas \u00e0 couper le souffle et les opportunit\u00e9s de randonn\u00e9e inoubliables font de cette exp\u00e9rience un incontournable pour tout voyageur. En traversant le terrain volcanique, vous rencontrerez divers \u00e9cosyst\u00e8mes et formations g\u00e9ologiques uniques, t\u00e9moignage de l&#8217;influence puissante du volcan sur le paysage environnant. Le voyage jusqu&#8217;au sommet du mont Etna est une aventure que vous ch\u00e9rirez pour toujours.<\/span><\/p>\n<h3><b>Gorges de l&#8217;Alcantara<\/b><\/h3>\n<p><span style=\"font-weight: 400;\">Admirez la beaut\u00e9 \u00e9poustouflante des gorges de l&#8217;Alcantara, une merveille naturelle creus\u00e9e par la rivi\u00e8re Alcantara \u00e0 travers d&#8217;anciennes formations basaltiques. Le canyon impressionnant, avec ses eaux cristallines et ses magnifiques formations rocheuses, offre une exp\u00e9rience captivante et immersive pour les amateurs de nature, ce qui en fait une conclusion parfaite \u00e0 votre visite priv\u00e9e. En explorant les gorges, apprenez-en davantage sur les \u00e9v\u00e9nements g\u00e9ologiques qui ont fa\u00e7onn\u00e9 ce site incroyable, notamment les \u00e9ruptions volcaniques et les puissants courants de la rivi\u00e8re. Impr\u00e9gnez-vous de la tranquillit\u00e9 de la r\u00e9gion en \u00e9coutant les sons apaisants de la rivi\u00e8re qui coule et en admirant les majestueuses formations rocheuses qui se dressent au-dessus.<\/span><\/p>\n<p><span style=\"font-weight: 400;\">D\u00e9couvrez la large gamme de visites priv\u00e9es \u00e0 Taormine que Tour Travel and More propose \u00e0 ses clients en nous rendant visite. Avec une vari\u00e9t\u00e9 d&#8217;exp\u00e9riences sur mesure con\u00e7ues pour r\u00e9pondre \u00e0 vos int\u00e9r\u00eats, pr\u00e9f\u00e9rences et d\u00e9sirs uniques, vous pouvez cr\u00e9er l&#8217;aventure sicilienne ultime, en vous immerger dans l&#8217;histoire riche, la culture vibrante et les paysages \u00e9poustouflants de cette r\u00e9gion enchanteresse. N&#8217;attendez plus &#8211;<\/span><a href=\"https:\/\/tourtravelandmore.com\/fr\/city\/italie-fr\/taormina-fr\/\"><span style=\"font-weight: 400;\"> explorez nos offres exclusives et embarquez pour votre voyage sicilien de r\u00eave d\u00e8s aujourd&#8217;hui!<\/span><\/a><\/p>\n","protected":false},"excerpt":{"rendered":"<p><span style=\"font-weight: 400;\">D\u00e9couvrez le charme de Taormine et la grandeur du mont Etna lors d&#8217;une visite priv\u00e9e de 6 heures avec un guide comp\u00e9tent. Immergez-vous dans l&#8217;histoire riche, les paysages \u00e0 couper le souffle et les sites inoubliables de la r\u00e9gion, le tout adapt\u00e9 \u00e0 vos pr\u00e9f\u00e9rences.<\/span><\/p>\n","protected":false},"featured_media":159019,"comment_status":"open","ping_status":"closed","template":"","meta":{"_acf_changed":false},"product_brand":[],"product_cat":[4366,4376,4308],"product_tag":[],"class_list":{"0":"post-159035","1":"product","2":"type-product","3":"status-publish","4":"has-post-thumbnail","6":"product_cat-tous-les-circuits-et-activites-prives-taormina","7":"product_cat-visites-guidees-privees-fr-4","8":"product_cat-taormina-fr","10":"first","11":"instock","12":"shipping-taxable","13":"purchasable","14":"product-type-simple"},"acf":[],"yoast_head":"<!-- This site is optimized with the Yoast SEO Premium plugin v25.3.1 (Yoast SEO v25.3.1) - https:\/\/yoast.com\/wordpress\/plugins\/seo\/ -->\n<title>Tour priv\u00e9 de Taormine et de l&#039;Etna : d\u00e9couvrez les merveilles de la Sicile | Tour Travel and More<\/title>\n<meta name=\"description\" content=\"Savourez un tour priv\u00e9 de 6 heures de Taormine et de l&#039;Etna, mettant en lumi\u00e8re l&#039;histoire riche, les paysages magnifiques et les attractions captivantes de la r\u00e9gion. Profitez d&#039;une aventure sicilienne personnalis\u00e9e et immersive avec Tour Travel and More.\" \/>\n<meta name=\"robots\" content=\"index, follow, max-snippet:-1, max-image-preview:large, max-video-preview:-1\" \/>\n<link rel=\"canonical\" href=\"https:\/\/tourtravelandmore.com\/fr\/tours\/italie-fr\/taormina-fr\/tous-les-circuits-et-activites-prives-taormina\/tour-prive-de-taormine-et-de-letna-au-depart-de-taormine\/\" \/>\n<meta property=\"og:locale\" content=\"fr_FR\" \/>\n<meta property=\"og:type\" content=\"article\" \/>\n<meta property=\"og:title\" content=\"Tour priv\u00e9 de Taormine et de l&#039;Etna au d\u00e9part de Taormine\" \/>\n<meta property=\"og:description\" content=\"Savourez un tour priv\u00e9 de 6 heures de Taormine et de l&#039;Etna, mettant en lumi\u00e8re l&#039;histoire riche, les paysages magnifiques et les attractions captivantes de la r\u00e9gion. Profitez d&#039;une aventure sicilienne personnalis\u00e9e et immersive avec Tour Travel and More.\" \/>\n<meta property=\"og:url\" content=\"https:\/\/tourtravelandmore.com\/fr\/tours\/italie-fr\/taormina-fr\/tous-les-circuits-et-activites-prives-taormina\/tour-prive-de-taormine-et-de-letna-au-depart-de-taormine\/\" \/>\n<meta property=\"og:site_name\" content=\"Tour Travel And More\" \/>\n<meta property=\"article:publisher\" content=\"https:\/\/www.facebook.com\/tourtravelandmore\/\" \/>\n<meta property=\"article:modified_time\" content=\"2023-09-16T14:03:34+00:00\" \/>\n<meta property=\"og:image\" content=\"https:\/\/tourtravelandmore.com\/wp-content\/uploads\/2023\/03\/image3-6.jpg\" \/>\n\t<meta property=\"og:image:width\" content=\"950\" \/>\n\t<meta property=\"og:image:height\" content=\"750\" \/>\n\t<meta property=\"og:image:type\" content=\"image\/jpeg\" \/>\n<meta name=\"twitter:card\" content=\"summary_large_image\" \/>\n<meta name=\"twitter:site\" content=\"@TourTravel_More\" \/>\n<meta name=\"twitter:label1\" content=\"Dur\u00e9e de lecture estim\u00e9e\" \/>\n\t<meta name=\"twitter:data1\" content=\"4 minutes\" \/>\n<script type=\"application\/ld+json\" class=\"yoast-schema-graph\">{\"@context\":\"https:\/\/schema.org\",\"@graph\":[{\"@type\":\"WebPage\",\"@id\":\"https:\/\/tourtravelandmore.com\/fr\/tours\/italie-fr\/taormina-fr\/tous-les-circuits-et-activites-prives-taormina\/tour-prive-de-taormine-et-de-letna-au-depart-de-taormine\/\",\"url\":\"https:\/\/tourtravelandmore.com\/fr\/tours\/italie-fr\/taormina-fr\/tous-les-circuits-et-activites-prives-taormina\/tour-prive-de-taormine-et-de-letna-au-depart-de-taormine\/\",\"name\":\"Tour priv\u00e9 de Taormine et de l'Etna : d\u00e9couvrez les merveilles de la Sicile | Tour Travel and More\",\"isPartOf\":{\"@id\":\"https:\/\/tourtravelandmore.com\/fr\/#website\"},\"primaryImageOfPage\":{\"@id\":\"https:\/\/tourtravelandmore.com\/fr\/tours\/italie-fr\/taormina-fr\/tous-les-circuits-et-activites-prives-taormina\/tour-prive-de-taormine-et-de-letna-au-depart-de-taormine\/#primaryimage\"},\"image\":{\"@id\":\"https:\/\/tourtravelandmore.com\/fr\/tours\/italie-fr\/taormina-fr\/tous-les-circuits-et-activites-prives-taormina\/tour-prive-de-taormine-et-de-letna-au-depart-de-taormine\/#primaryimage\"},\"thumbnailUrl\":\"https:\/\/tourtravelandmore.com\/wp-content\/uploads\/2023\/03\/image3-6.jpg\",\"datePublished\":\"2023-03-29T07:43:40+00:00\",\"dateModified\":\"2023-09-16T14:03:34+00:00\",\"description\":\"Savourez un tour priv\u00e9 de 6 heures de Taormine et de l'Etna, mettant en lumi\u00e8re l'histoire riche, les paysages magnifiques et les attractions captivantes de la r\u00e9gion. Profitez d'une aventure sicilienne personnalis\u00e9e et immersive avec Tour Travel and More.\",\"breadcrumb\":{\"@id\":\"https:\/\/tourtravelandmore.com\/fr\/tours\/italie-fr\/taormina-fr\/tous-les-circuits-et-activites-prives-taormina\/tour-prive-de-taormine-et-de-letna-au-depart-de-taormine\/#breadcrumb\"},\"inLanguage\":\"fr-FR\",\"potentialAction\":[{\"@type\":\"ReadAction\",\"target\":[\"https:\/\/tourtravelandmore.com\/fr\/tours\/italie-fr\/taormina-fr\/tous-les-circuits-et-activites-prives-taormina\/tour-prive-de-taormine-et-de-letna-au-depart-de-taormine\/\"]}]},{\"@type\":\"ImageObject\",\"inLanguage\":\"fr-FR\",\"@id\":\"https:\/\/tourtravelandmore.com\/fr\/tours\/italie-fr\/taormina-fr\/tous-les-circuits-et-activites-prives-taormina\/tour-prive-de-taormine-et-de-letna-au-depart-de-taormine\/#primaryimage\",\"url\":\"https:\/\/tourtravelandmore.com\/wp-content\/uploads\/2023\/03\/image3-6.jpg\",\"contentUrl\":\"https:\/\/tourtravelandmore.com\/wp-content\/uploads\/2023\/03\/image3-6.jpg\",\"width\":950,\"height\":750},{\"@type\":\"BreadcrumbList\",\"@id\":\"https:\/\/tourtravelandmore.com\/fr\/tours\/italie-fr\/taormina-fr\/tous-les-circuits-et-activites-prives-taormina\/tour-prive-de-taormine-et-de-letna-au-depart-de-taormine\/#breadcrumb\",\"itemListElement\":[{\"@type\":\"ListItem\",\"position\":1,\"name\":\"Home\",\"item\":\"https:\/\/tourtravelandmore.com\/fr\/\"},{\"@type\":\"ListItem\",\"position\":2,\"name\":\"Tours\",\"item\":\"https:\/\/tourtravelandmore.com\/fr\/tours\/\"},{\"@type\":\"ListItem\",\"position\":3,\"name\":\"Tour priv\u00e9 de Taormine et de l&rsquo;Etna au d\u00e9part de Taormine\"}]},{\"@type\":\"WebSite\",\"@id\":\"https:\/\/tourtravelandmore.com\/fr\/#website\",\"url\":\"https:\/\/tourtravelandmore.com\/fr\/\",\"name\":\"Tour Travel And More\",\"description\":\"Private sightseeing tours and luxury transfers in Spain\",\"publisher\":{\"@id\":\"https:\/\/tourtravelandmore.com\/fr\/#organization\"},\"potentialAction\":[{\"@type\":\"SearchAction\",\"target\":{\"@type\":\"EntryPoint\",\"urlTemplate\":\"https:\/\/tourtravelandmore.com\/fr\/?s={search_term_string}\"},\"query-input\":{\"@type\":\"PropertyValueSpecification\",\"valueRequired\":true,\"valueName\":\"search_term_string\"}}],\"inLanguage\":\"fr-FR\"},{\"@type\":\"Organization\",\"@id\":\"https:\/\/tourtravelandmore.com\/fr\/#organization\",\"name\":\"Tour Travel And More\",\"url\":\"https:\/\/tourtravelandmore.com\/fr\/\",\"logo\":{\"@type\":\"ImageObject\",\"inLanguage\":\"fr-FR\",\"@id\":\"https:\/\/tourtravelandmore.com\/fr\/#\/schema\/logo\/image\/\",\"url\":\"https:\/\/tourtravelandmore.com\/wp-content\/uploads\/2022\/12\/cropped-logo-cabecera-new.png\",\"contentUrl\":\"https:\/\/tourtravelandmore.com\/wp-content\/uploads\/2022\/12\/cropped-logo-cabecera-new.png\",\"width\":430,\"height\":61,\"caption\":\"Tour Travel And More\"},\"image\":{\"@id\":\"https:\/\/tourtravelandmore.com\/fr\/#\/schema\/logo\/image\/\"},\"sameAs\":[\"https:\/\/www.facebook.com\/tourtravelandmore\/\",\"https:\/\/x.com\/TourTravel_More\"]}]}<\/script>\n<!-- \/ Yoast SEO Premium plugin. -->","yoast_head_json":{"title":"Tour priv\u00e9 de Taormine et de l'Etna : d\u00e9couvrez les merveilles de la Sicile | Tour Travel and More","description":"Savourez un tour priv\u00e9 de 6 heures de Taormine et de l'Etna, mettant en lumi\u00e8re l'histoire riche, les paysages magnifiques et les attractions captivantes de la r\u00e9gion. Profitez d'une aventure sicilienne personnalis\u00e9e et immersive avec Tour Travel and More.","robots":{"index":"index","follow":"follow","max-snippet":"max-snippet:-1","max-image-preview":"max-image-preview:large","max-video-preview":"max-video-preview:-1"},"canonical":"https:\/\/tourtravelandmore.com\/fr\/tours\/italie-fr\/taormina-fr\/tous-les-circuits-et-activites-prives-taormina\/tour-prive-de-taormine-et-de-letna-au-depart-de-taormine\/","og_locale":"fr_FR","og_type":"article","og_title":"Tour priv\u00e9 de Taormine et de l'Etna au d\u00e9part de Taormine","og_description":"Savourez un tour priv\u00e9 de 6 heures de Taormine et de l'Etna, mettant en lumi\u00e8re l'histoire riche, les paysages magnifiques et les attractions captivantes de la r\u00e9gion. Profitez d'une aventure sicilienne personnalis\u00e9e et immersive avec Tour Travel and More.","og_url":"https:\/\/tourtravelandmore.com\/fr\/tours\/italie-fr\/taormina-fr\/tous-les-circuits-et-activites-prives-taormina\/tour-prive-de-taormine-et-de-letna-au-depart-de-taormine\/","og_site_name":"Tour Travel And More","article_publisher":"https:\/\/www.facebook.com\/tourtravelandmore\/","article_modified_time":"2023-09-16T14:03:34+00:00","og_image":[{"width":950,"height":750,"url":"https:\/\/tourtravelandmore.com\/wp-content\/uploads\/2023\/03\/image3-6.jpg","type":"image\/jpeg"}],"twitter_card":"summary_large_image","twitter_site":"@TourTravel_More","twitter_misc":{"Dur\u00e9e de lecture estim\u00e9e":"4 minutes"},"schema":{"@context":"https:\/\/schema.org","@graph":[{"@type":"WebPage","@id":"https:\/\/tourtravelandmore.com\/fr\/tours\/italie-fr\/taormina-fr\/tous-les-circuits-et-activites-prives-taormina\/tour-prive-de-taormine-et-de-letna-au-depart-de-taormine\/","url":"https:\/\/tourtravelandmore.com\/fr\/tours\/italie-fr\/taormina-fr\/tous-les-circuits-et-activites-prives-taormina\/tour-prive-de-taormine-et-de-letna-au-depart-de-taormine\/","name":"Tour priv\u00e9 de Taormine et de l'Etna : d\u00e9couvrez les merveilles de la Sicile | Tour Travel and More","isPartOf":{"@id":"https:\/\/tourtravelandmore.com\/fr\/#website"},"primaryImageOfPage":{"@id":"https:\/\/tourtravelandmore.com\/fr\/tours\/italie-fr\/taormina-fr\/tous-les-circuits-et-activites-prives-taormina\/tour-prive-de-taormine-et-de-letna-au-depart-de-taormine\/#primaryimage"},"image":{"@id":"https:\/\/tourtravelandmore.com\/fr\/tours\/italie-fr\/taormina-fr\/tous-les-circuits-et-activites-prives-taormina\/tour-prive-de-taormine-et-de-letna-au-depart-de-taormine\/#primaryimage"},"thumbnailUrl":"https:\/\/tourtravelandmore.com\/wp-content\/uploads\/2023\/03\/image3-6.jpg","datePublished":"2023-03-29T07:43:40+00:00","dateModified":"2023-09-16T14:03:34+00:00","description":"Savourez un tour priv\u00e9 de 6 heures de Taormine et de l'Etna, mettant en lumi\u00e8re l'histoire riche, les paysages magnifiques et les attractions captivantes de la r\u00e9gion. Profitez d'une aventure sicilienne personnalis\u00e9e et immersive avec Tour Travel and More.","breadcrumb":{"@id":"https:\/\/tourtravelandmore.com\/fr\/tours\/italie-fr\/taormina-fr\/tous-les-circuits-et-activites-prives-taormina\/tour-prive-de-taormine-et-de-letna-au-depart-de-taormine\/#breadcrumb"},"inLanguage":"fr-FR","potentialAction":[{"@type":"ReadAction","target":["https:\/\/tourtravelandmore.com\/fr\/tours\/italie-fr\/taormina-fr\/tous-les-circuits-et-activites-prives-taormina\/tour-prive-de-taormine-et-de-letna-au-depart-de-taormine\/"]}]},{"@type":"ImageObject","inLanguage":"fr-FR","@id":"https:\/\/tourtravelandmore.com\/fr\/tours\/italie-fr\/taormina-fr\/tous-les-circuits-et-activites-prives-taormina\/tour-prive-de-taormine-et-de-letna-au-depart-de-taormine\/#primaryimage","url":"https:\/\/tourtravelandmore.com\/wp-content\/uploads\/2023\/03\/image3-6.jpg","contentUrl":"https:\/\/tourtravelandmore.com\/wp-content\/uploads\/2023\/03\/image3-6.jpg","width":950,"height":750},{"@type":"BreadcrumbList","@id":"https:\/\/tourtravelandmore.com\/fr\/tours\/italie-fr\/taormina-fr\/tous-les-circuits-et-activites-prives-taormina\/tour-prive-de-taormine-et-de-letna-au-depart-de-taormine\/#breadcrumb","itemListElement":[{"@type":"ListItem","position":1,"name":"Home","item":"https:\/\/tourtravelandmore.com\/fr\/"},{"@type":"ListItem","position":2,"name":"Tours","item":"https:\/\/tourtravelandmore.com\/fr\/tours\/"},{"@type":"ListItem","position":3,"name":"Tour priv\u00e9 de Taormine et de l&rsquo;Etna au d\u00e9part de Taormine"}]},{"@type":"WebSite","@id":"https:\/\/tourtravelandmore.com\/fr\/#website","url":"https:\/\/tourtravelandmore.com\/fr\/","name":"Tour Travel And More","description":"Private sightseeing tours and luxury transfers in Spain","publisher":{"@id":"https:\/\/tourtravelandmore.com\/fr\/#organization"},"potentialAction":[{"@type":"SearchAction","target":{"@type":"EntryPoint","urlTemplate":"https:\/\/tourtravelandmore.com\/fr\/?s={search_term_string}"},"query-input":{"@type":"PropertyValueSpecification","valueRequired":true,"valueName":"search_term_string"}}],"inLanguage":"fr-FR"},{"@type":"Organization","@id":"https:\/\/tourtravelandmore.com\/fr\/#organization","name":"Tour Travel And More","url":"https:\/\/tourtravelandmore.com\/fr\/","logo":{"@type":"ImageObject","inLanguage":"fr-FR","@id":"https:\/\/tourtravelandmore.com\/fr\/#\/schema\/logo\/image\/","url":"https:\/\/tourtravelandmore.com\/wp-content\/uploads\/2022\/12\/cropped-logo-cabecera-new.png","contentUrl":"https:\/\/tourtravelandmore.com\/wp-content\/uploads\/2022\/12\/cropped-logo-cabecera-new.png","width":430,"height":61,"caption":"Tour Travel And More"},"image":{"@id":"https:\/\/tourtravelandmore.com\/fr\/#\/schema\/logo\/image\/"},"sameAs":["https:\/\/www.facebook.com\/tourtravelandmore\/","https:\/\/x.com\/TourTravel_More"]}]}},"_links":{"self":[{"href":"https:\/\/tourtravelandmore.com\/fr\/wp-json\/wp\/v2\/product\/159035","targetHints":{"allow":["GET"]}}],"collection":[{"href":"https:\/\/tourtravelandmore.com\/fr\/wp-json\/wp\/v2\/product"}],"about":[{"href":"https:\/\/tourtravelandmore.com\/fr\/wp-json\/wp\/v2\/types\/product"}],"replies":[{"embeddable":true,"href":"https:\/\/tourtravelandmore.com\/fr\/wp-json\/wp\/v2\/comments?post=159035"}],"wp:featuredmedia":[{"embeddable":true,"href":"https:\/\/tourtravelandmore.com\/fr\/wp-json\/wp\/v2\/media\/159019"}],"wp:attachment":[{"href":"https:\/\/tourtravelandmore.com\/fr\/wp-json\/wp\/v2\/media?parent=159035"}],"wp:term":[{"taxonomy":"product_brand","embeddable":true,"href":"https:\/\/tourtravelandmore.com\/fr\/wp-json\/wp\/v2\/product_brand?post=159035"},{"taxonomy":"product_cat","embeddable":true,"href":"https:\/\/tourtravelandmore.com\/fr\/wp-json\/wp\/v2\/product_cat?post=159035"},{"taxonomy":"product_tag","embeddable":true,"href":"https:\/\/tourtravelandmore.com\/fr\/wp-json\/wp\/v2\/product_tag?post=159035"}],"curies":[{"name":"wp","href":"https:\/\/api.w.org\/{rel}","templated":true}]}}