{"id":158999,"date":"2023-03-29T09:13:24","date_gmt":"2023-03-29T07:13:24","guid":{"rendered":"https:\/\/tourtravelandmore.com\/tours\/non%20class\u00e9\/visite-guidee-privee-de-taormine\/"},"modified":"2023-09-16T15:54:44","modified_gmt":"2023-09-16T13:54:44","slug":"visite-guidee-privee-de-taormine","status":"publish","type":"product","link":"https:\/\/tourtravelandmore.com\/fr\/tours\/italie-fr\/taormina-fr\/tous-les-circuits-et-activites-prives-taormina\/visite-guidee-privee-de-taormine\/","title":{"rendered":"Visite guid\u00e9e priv\u00e9e de Taormine"},"content":{"rendered":"<p><span style=\"font-weight: 400;\">D\u00e9couvrez la beaut\u00e9 et le charme de Taormine gr\u00e2ce \u00e0 une visite priv\u00e9e \u00e0 pied men\u00e9e par un guide comp\u00e9tent et sympathique de Tour Travel and More. Cette visite de deux heures est le moyen id\u00e9al d&#8217;explorer cette superbe destination et de d\u00e9couvrir son histoire, sa culture et ses sites fascinants.<\/span><\/p>\n<h2><b>Description de la visite priv\u00e9e \u00e0 pied de Taormine<\/b><\/h2>\n<p><span style=\"font-weight: 400;\">Votre guide priv\u00e9 vous accueillera dans un lieu central de Taormine et vous emm\u00e8nera pour une promenade tranquille dans les charmantes rues m\u00e9di\u00e9vales de la vieille ville. En chemin, vous d\u00e9couvrirez l&#8217;histoire et la culture fascinantes de la ville, et visiterez certains de ses sites les plus embl\u00e9matiques.<\/span><\/p>\n<p><span style=\"font-weight: 400;\">Au cours de votre exploration de la ville, votre guide vous fournira des commentaires \u00e9clair\u00e9s sur l&#8217;histoire et l&#8217;architecture de chaque lieu. Vous d\u00e9couvrirez l&#8217;influence des Grecs, des Romains et des Arabes sur l&#8217;h\u00e9ritage culturel unique de Taormine, et appr\u00e9cierez davantage l&#8217;art et l&#8217;architecture de la ville. L&#8217;excursion est personnalisable en fonction de vos int\u00e9r\u00eats et de vos pr\u00e9f\u00e9rences, de sorte que vous pouvez choisir de vous concentrer sur les aspects sp\u00e9cifiques de Taormine qui vous int\u00e9ressent le plus. Que vous souhaitiez en savoir plus sur le th\u00e9\u00e2tre grec antique, les \u00e9glises baroques ou la rue principale anim\u00e9e de Corso Umberto, votre guide veillera \u00e0 ce que vous viviez une exp\u00e9rience agr\u00e9able et instructive.<\/span><\/p>\n<h2><b>Points d&#8217;int\u00e9r\u00eat de la visite priv\u00e9e \u00e0 pied de Taormine<\/b><\/h2>\n<p><span style=\"font-weight: 400;\">Au cours de votre visite priv\u00e9e \u00e0 pied, votre guide vous emm\u00e8nera \u00e0 certains des points d&#8217;int\u00e9r\u00eat les plus populaires de Taormine, notamment<\/span><\/p>\n<h3><b>Corso Umberto :<\/b><\/h3>\n<p><span style=\"font-weight: 400;\">Cette rue pittoresque est bord\u00e9e de b\u00e2timents \u00e9l\u00e9gants et est la principale destination de shopping de Taormine. Vous y trouverez un large \u00e9ventail de boutiques vendant de tout, de la mode aux souvenirs, ainsi que de nombreux caf\u00e9s et restaurants. Fl\u00e2ner sur le Corso Umberto est une activit\u00e9 incontournable lors d&#8217;une visite \u00e0 Taormine.<\/span><\/p>\n<h3><b>Piazza IX Aprile :<\/b><\/h3>\n<p><span style=\"font-weight: 400;\">L&#8217;une des plus belles et des plus charmantes places de Taormine, la Piazza IX Aprile est un endroit populaire o\u00f9 les visiteurs peuvent se d\u00e9tendre et profiter de la vue imprenable sur la mer et l&#8217;Etna. La place est entour\u00e9e de b\u00e2timents historiques, dont l&#8217;\u00e9glise Saint-Joseph et la tour de l&#8217;horloge, et abrite un certain nombre de restaurants et de caf\u00e9s.<\/span><\/p>\n<h3><b>Th\u00e9\u00e2tre grec antique :<\/b><\/h3>\n<p><span style=\"font-weight: 400;\">L&#8217;un des sites les plus embl\u00e9matiques de Taormine, le th\u00e9\u00e2tre grec antique date du IIIe si\u00e8cle avant J.-C. et offre une vue imprenable sur la mer et l&#8217;Etna. Le th\u00e9\u00e2tre est toujours utilis\u00e9 aujourd&#8217;hui et est un lieu populaire pour les concerts et autres \u00e9v\u00e9nements culturels. Une visite \u00e0 Taormine ne saurait \u00eatre compl\u00e8te sans l&#8217;exp\u00e9rience de la beaut\u00e9 impressionnante du th\u00e9\u00e2tre grec antique.<\/span><\/p>\n<h3><b>L&#8217;Etna :<\/b><\/h3>\n<p><span style=\"font-weight: 400;\">L&#8217;Etna est l&#8217;un des volcans les plus actifs du monde et est inscrit au patrimoine mondial de l&#8217;UNESCO. Avec sa hauteur imposante et ses paysages naturels \u00e9poustouflants, c&#8217;est une destination populaire pour les amateurs d&#8217;activit\u00e9s de plein air et d&#8217;aventure. Que vous marchiez jusqu&#8217;au sommet, que vous preniez un t\u00e9l\u00e9ph\u00e9rique ou que vous exploriez les villages et les vignobles environnants, une visite de l&#8217;Etna est une exp\u00e9rience inoubliable.<\/span><\/p>\n<p><span style=\"font-weight: 400;\">Chacun de ces sites a sa propre histoire \u00e0 raconter, et votre guide vous fournira des informations fascinantes et des faits historiques sur chacun d&#8217;entre eux.<\/span><\/p>\n<p><span style=\"font-weight: 400;\">R\u00e9servez votre excursion \u00e0 Taormine d\u00e8s aujourd&#8217;hui !<\/span><\/p>\n<p><b>D\u00e9couvrez la beaut\u00e9 et le charme de Taormine avec Tour Travel and More. <\/b><a href=\"https:\/\/tourtravelandmore.com\/fr\/city\/italie-fr\/taormina-fr\/\"><b>Nos visites priv\u00e9es sont con\u00e7ues pour vous faire vivre une exp\u00e9rience inoubliable,<\/b><\/a><b> et nous proposons une large gamme de visites adapt\u00e9es \u00e0 tous les int\u00e9r\u00eats et \u00e0 tous les budgets. Contactez-nous d\u00e8s aujourd&#8217;hui pour en savoir plus sur nos circuits et r\u00e9server votre aventure \u00e0 Taormine !<\/b><\/p>\n","protected":false},"excerpt":{"rendered":"<p><span style=\"font-weight: 400;\">D\u00e9couvrez la beaut\u00e9 et le charme de Taormine gr\u00e2ce \u00e0 une visite priv\u00e9e \u00e0 pied men\u00e9e par un guide comp\u00e9tent et amical de Tour Travel and More. Au cours de cette visite de deux heures, vous d\u00e9couvrirez l&#8217;histoire et la culture fascinantes de la ville et visiterez certains de ses sites les plus embl\u00e9matiques comme le Corso Umberto, la Piazza IX Aprile, le th\u00e9\u00e2tre grec antique, l&#8217;Isola Bella et l&#8217;Etna. Votre guide vous fournira des commentaires perspicaces et adaptera la visite \u00e0 vos int\u00e9r\u00eats et pr\u00e9f\u00e9rences. R\u00e9servez votre aventure \u00e0 Taormine d\u00e8s aujourd&#8217;hui !<\/span><\/p>\n","protected":false},"featured_media":158977,"comment_status":"open","ping_status":"closed","template":"","meta":{"_acf_changed":false},"product_brand":[],"product_cat":[4366,4380,4308],"product_tag":[],"class_list":{"0":"post-158999","1":"product","2":"type-product","3":"status-publish","4":"has-post-thumbnail","6":"product_cat-tous-les-circuits-et-activites-prives-taormina","7":"product_cat-visites-a-pied-privees-fr-3","8":"product_cat-taormina-fr","10":"first","11":"instock","12":"shipping-taxable","13":"purchasable","14":"product-type-simple"},"acf":[],"yoast_head":"<!-- This site is optimized with the Yoast SEO Premium plugin v25.3.1 (Yoast SEO v25.3.1) - https:\/\/yoast.com\/wordpress\/plugins\/seo\/ -->\n<title>Taormina Private Walking Tour | Explorez la ville avec un guide priv\u00e9<\/title>\n<meta name=\"description\" content=\"D\u00e9couvrez le charme et la beaut\u00e9 de Taormine avec une visite priv\u00e9e \u00e0 pied men\u00e9e par Tour Travel and More. Explorez des sites populaires comme le Corso Umberto, la Piazza IX Aprile, le th\u00e9\u00e2tre grec antique, l&#039;Isola Bella et l&#039;Etna avec un guide comp\u00e9tent. R\u00e9servez votre aventure \u00e0 Taormina d\u00e8s aujourd&#039;hui !\" \/>\n<meta name=\"robots\" content=\"index, follow, max-snippet:-1, max-image-preview:large, max-video-preview:-1\" \/>\n<link rel=\"canonical\" href=\"https:\/\/tourtravelandmore.com\/fr\/tours\/italie-fr\/taormina-fr\/tous-les-circuits-et-activites-prives-taormina\/visite-guidee-privee-de-taormine\/\" \/>\n<meta property=\"og:locale\" content=\"fr_FR\" \/>\n<meta property=\"og:type\" content=\"article\" \/>\n<meta property=\"og:title\" content=\"Visite guid\u00e9e priv\u00e9e de Taormine\" \/>\n<meta property=\"og:description\" content=\"D\u00e9couvrez le charme et la beaut\u00e9 de Taormine avec une visite priv\u00e9e \u00e0 pied men\u00e9e par Tour Travel and More. Explorez des sites populaires comme le Corso Umberto, la Piazza IX Aprile, le th\u00e9\u00e2tre grec antique, l&#039;Isola Bella et l&#039;Etna avec un guide comp\u00e9tent. R\u00e9servez votre aventure \u00e0 Taormina d\u00e8s aujourd&#039;hui !\" \/>\n<meta property=\"og:url\" content=\"https:\/\/tourtravelandmore.com\/fr\/tours\/italie-fr\/taormina-fr\/tous-les-circuits-et-activites-prives-taormina\/visite-guidee-privee-de-taormine\/\" \/>\n<meta property=\"og:site_name\" content=\"Tour Travel And More\" \/>\n<meta property=\"article:publisher\" content=\"https:\/\/www.facebook.com\/tourtravelandmore\/\" \/>\n<meta property=\"article:modified_time\" content=\"2023-09-16T13:54:44+00:00\" \/>\n<meta property=\"og:image\" content=\"https:\/\/tourtravelandmore.com\/wp-content\/uploads\/2023\/03\/image1-4.jpg\" \/>\n\t<meta property=\"og:image:width\" content=\"950\" \/>\n\t<meta property=\"og:image:height\" content=\"750\" \/>\n\t<meta property=\"og:image:type\" content=\"image\/jpeg\" \/>\n<meta name=\"twitter:card\" content=\"summary_large_image\" \/>\n<meta name=\"twitter:site\" content=\"@TourTravel_More\" \/>\n<meta name=\"twitter:label1\" content=\"Dur\u00e9e de lecture estim\u00e9e\" \/>\n\t<meta name=\"twitter:data1\" content=\"3 minutes\" \/>\n<script type=\"application\/ld+json\" class=\"yoast-schema-graph\">{\"@context\":\"https:\/\/schema.org\",\"@graph\":[{\"@type\":\"WebPage\",\"@id\":\"https:\/\/tourtravelandmore.com\/fr\/tours\/italie-fr\/taormina-fr\/tous-les-circuits-et-activites-prives-taormina\/visite-guidee-privee-de-taormine\/\",\"url\":\"https:\/\/tourtravelandmore.com\/fr\/tours\/italie-fr\/taormina-fr\/tous-les-circuits-et-activites-prives-taormina\/visite-guidee-privee-de-taormine\/\",\"name\":\"Taormina Private Walking Tour | Explorez la ville avec un guide priv\u00e9\",\"isPartOf\":{\"@id\":\"https:\/\/tourtravelandmore.com\/fr\/#website\"},\"primaryImageOfPage\":{\"@id\":\"https:\/\/tourtravelandmore.com\/fr\/tours\/italie-fr\/taormina-fr\/tous-les-circuits-et-activites-prives-taormina\/visite-guidee-privee-de-taormine\/#primaryimage\"},\"image\":{\"@id\":\"https:\/\/tourtravelandmore.com\/fr\/tours\/italie-fr\/taormina-fr\/tous-les-circuits-et-activites-prives-taormina\/visite-guidee-privee-de-taormine\/#primaryimage\"},\"thumbnailUrl\":\"https:\/\/tourtravelandmore.com\/wp-content\/uploads\/2023\/03\/image1-4.jpg\",\"datePublished\":\"2023-03-29T07:13:24+00:00\",\"dateModified\":\"2023-09-16T13:54:44+00:00\",\"description\":\"D\u00e9couvrez le charme et la beaut\u00e9 de Taormine avec une visite priv\u00e9e \u00e0 pied men\u00e9e par Tour Travel and More. Explorez des sites populaires comme le Corso Umberto, la Piazza IX Aprile, le th\u00e9\u00e2tre grec antique, l'Isola Bella et l'Etna avec un guide comp\u00e9tent. R\u00e9servez votre aventure \u00e0 Taormina d\u00e8s aujourd'hui !\",\"breadcrumb\":{\"@id\":\"https:\/\/tourtravelandmore.com\/fr\/tours\/italie-fr\/taormina-fr\/tous-les-circuits-et-activites-prives-taormina\/visite-guidee-privee-de-taormine\/#breadcrumb\"},\"inLanguage\":\"fr-FR\",\"potentialAction\":[{\"@type\":\"ReadAction\",\"target\":[\"https:\/\/tourtravelandmore.com\/fr\/tours\/italie-fr\/taormina-fr\/tous-les-circuits-et-activites-prives-taormina\/visite-guidee-privee-de-taormine\/\"]}]},{\"@type\":\"ImageObject\",\"inLanguage\":\"fr-FR\",\"@id\":\"https:\/\/tourtravelandmore.com\/fr\/tours\/italie-fr\/taormina-fr\/tous-les-circuits-et-activites-prives-taormina\/visite-guidee-privee-de-taormine\/#primaryimage\",\"url\":\"https:\/\/tourtravelandmore.com\/wp-content\/uploads\/2023\/03\/image1-4.jpg\",\"contentUrl\":\"https:\/\/tourtravelandmore.com\/wp-content\/uploads\/2023\/03\/image1-4.jpg\",\"width\":950,\"height\":750},{\"@type\":\"BreadcrumbList\",\"@id\":\"https:\/\/tourtravelandmore.com\/fr\/tours\/italie-fr\/taormina-fr\/tous-les-circuits-et-activites-prives-taormina\/visite-guidee-privee-de-taormine\/#breadcrumb\",\"itemListElement\":[{\"@type\":\"ListItem\",\"position\":1,\"name\":\"Home\",\"item\":\"https:\/\/tourtravelandmore.com\/fr\/\"},{\"@type\":\"ListItem\",\"position\":2,\"name\":\"Tours\",\"item\":\"https:\/\/tourtravelandmore.com\/fr\/tours\/\"},{\"@type\":\"ListItem\",\"position\":3,\"name\":\"Visite guid\u00e9e priv\u00e9e de Taormine\"}]},{\"@type\":\"WebSite\",\"@id\":\"https:\/\/tourtravelandmore.com\/fr\/#website\",\"url\":\"https:\/\/tourtravelandmore.com\/fr\/\",\"name\":\"Tour Travel And More\",\"description\":\"Private sightseeing tours and luxury transfers in Spain\",\"publisher\":{\"@id\":\"https:\/\/tourtravelandmore.com\/fr\/#organization\"},\"potentialAction\":[{\"@type\":\"SearchAction\",\"target\":{\"@type\":\"EntryPoint\",\"urlTemplate\":\"https:\/\/tourtravelandmore.com\/fr\/?s={search_term_string}\"},\"query-input\":{\"@type\":\"PropertyValueSpecification\",\"valueRequired\":true,\"valueName\":\"search_term_string\"}}],\"inLanguage\":\"fr-FR\"},{\"@type\":\"Organization\",\"@id\":\"https:\/\/tourtravelandmore.com\/fr\/#organization\",\"name\":\"Tour Travel And More\",\"url\":\"https:\/\/tourtravelandmore.com\/fr\/\",\"logo\":{\"@type\":\"ImageObject\",\"inLanguage\":\"fr-FR\",\"@id\":\"https:\/\/tourtravelandmore.com\/fr\/#\/schema\/logo\/image\/\",\"url\":\"https:\/\/tourtravelandmore.com\/wp-content\/uploads\/2022\/12\/cropped-logo-cabecera-new.png\",\"contentUrl\":\"https:\/\/tourtravelandmore.com\/wp-content\/uploads\/2022\/12\/cropped-logo-cabecera-new.png\",\"width\":430,\"height\":61,\"caption\":\"Tour Travel And More\"},\"image\":{\"@id\":\"https:\/\/tourtravelandmore.com\/fr\/#\/schema\/logo\/image\/\"},\"sameAs\":[\"https:\/\/www.facebook.com\/tourtravelandmore\/\",\"https:\/\/x.com\/TourTravel_More\"]}]}<\/script>\n<!-- \/ Yoast SEO Premium plugin. -->","yoast_head_json":{"title":"Taormina Private Walking Tour | Explorez la ville avec un guide priv\u00e9","description":"D\u00e9couvrez le charme et la beaut\u00e9 de Taormine avec une visite priv\u00e9e \u00e0 pied men\u00e9e par Tour Travel and More. Explorez des sites populaires comme le Corso Umberto, la Piazza IX Aprile, le th\u00e9\u00e2tre grec antique, l'Isola Bella et l'Etna avec un guide comp\u00e9tent. R\u00e9servez votre aventure \u00e0 Taormina d\u00e8s aujourd'hui !","robots":{"index":"index","follow":"follow","max-snippet":"max-snippet:-1","max-image-preview":"max-image-preview:large","max-video-preview":"max-video-preview:-1"},"canonical":"https:\/\/tourtravelandmore.com\/fr\/tours\/italie-fr\/taormina-fr\/tous-les-circuits-et-activites-prives-taormina\/visite-guidee-privee-de-taormine\/","og_locale":"fr_FR","og_type":"article","og_title":"Visite guid\u00e9e priv\u00e9e de Taormine","og_description":"D\u00e9couvrez le charme et la beaut\u00e9 de Taormine avec une visite priv\u00e9e \u00e0 pied men\u00e9e par Tour Travel and More. Explorez des sites populaires comme le Corso Umberto, la Piazza IX Aprile, le th\u00e9\u00e2tre grec antique, l'Isola Bella et l'Etna avec un guide comp\u00e9tent. R\u00e9servez votre aventure \u00e0 Taormina d\u00e8s aujourd'hui !","og_url":"https:\/\/tourtravelandmore.com\/fr\/tours\/italie-fr\/taormina-fr\/tous-les-circuits-et-activites-prives-taormina\/visite-guidee-privee-de-taormine\/","og_site_name":"Tour Travel And More","article_publisher":"https:\/\/www.facebook.com\/tourtravelandmore\/","article_modified_time":"2023-09-16T13:54:44+00:00","og_image":[{"width":950,"height":750,"url":"https:\/\/tourtravelandmore.com\/wp-content\/uploads\/2023\/03\/image1-4.jpg","type":"image\/jpeg"}],"twitter_card":"summary_large_image","twitter_site":"@TourTravel_More","twitter_misc":{"Dur\u00e9e de lecture estim\u00e9e":"3 minutes"},"schema":{"@context":"https:\/\/schema.org","@graph":[{"@type":"WebPage","@id":"https:\/\/tourtravelandmore.com\/fr\/tours\/italie-fr\/taormina-fr\/tous-les-circuits-et-activites-prives-taormina\/visite-guidee-privee-de-taormine\/","url":"https:\/\/tourtravelandmore.com\/fr\/tours\/italie-fr\/taormina-fr\/tous-les-circuits-et-activites-prives-taormina\/visite-guidee-privee-de-taormine\/","name":"Taormina Private Walking Tour | Explorez la ville avec un guide priv\u00e9","isPartOf":{"@id":"https:\/\/tourtravelandmore.com\/fr\/#website"},"primaryImageOfPage":{"@id":"https:\/\/tourtravelandmore.com\/fr\/tours\/italie-fr\/taormina-fr\/tous-les-circuits-et-activites-prives-taormina\/visite-guidee-privee-de-taormine\/#primaryimage"},"image":{"@id":"https:\/\/tourtravelandmore.com\/fr\/tours\/italie-fr\/taormina-fr\/tous-les-circuits-et-activites-prives-taormina\/visite-guidee-privee-de-taormine\/#primaryimage"},"thumbnailUrl":"https:\/\/tourtravelandmore.com\/wp-content\/uploads\/2023\/03\/image1-4.jpg","datePublished":"2023-03-29T07:13:24+00:00","dateModified":"2023-09-16T13:54:44+00:00","description":"D\u00e9couvrez le charme et la beaut\u00e9 de Taormine avec une visite priv\u00e9e \u00e0 pied men\u00e9e par Tour Travel and More. Explorez des sites populaires comme le Corso Umberto, la Piazza IX Aprile, le th\u00e9\u00e2tre grec antique, l'Isola Bella et l'Etna avec un guide comp\u00e9tent. R\u00e9servez votre aventure \u00e0 Taormina d\u00e8s aujourd'hui !","breadcrumb":{"@id":"https:\/\/tourtravelandmore.com\/fr\/tours\/italie-fr\/taormina-fr\/tous-les-circuits-et-activites-prives-taormina\/visite-guidee-privee-de-taormine\/#breadcrumb"},"inLanguage":"fr-FR","potentialAction":[{"@type":"ReadAction","target":["https:\/\/tourtravelandmore.com\/fr\/tours\/italie-fr\/taormina-fr\/tous-les-circuits-et-activites-prives-taormina\/visite-guidee-privee-de-taormine\/"]}]},{"@type":"ImageObject","inLanguage":"fr-FR","@id":"https:\/\/tourtravelandmore.com\/fr\/tours\/italie-fr\/taormina-fr\/tous-les-circuits-et-activites-prives-taormina\/visite-guidee-privee-de-taormine\/#primaryimage","url":"https:\/\/tourtravelandmore.com\/wp-content\/uploads\/2023\/03\/image1-4.jpg","contentUrl":"https:\/\/tourtravelandmore.com\/wp-content\/uploads\/2023\/03\/image1-4.jpg","width":950,"height":750},{"@type":"BreadcrumbList","@id":"https:\/\/tourtravelandmore.com\/fr\/tours\/italie-fr\/taormina-fr\/tous-les-circuits-et-activites-prives-taormina\/visite-guidee-privee-de-taormine\/#breadcrumb","itemListElement":[{"@type":"ListItem","position":1,"name":"Home","item":"https:\/\/tourtravelandmore.com\/fr\/"},{"@type":"ListItem","position":2,"name":"Tours","item":"https:\/\/tourtravelandmore.com\/fr\/tours\/"},{"@type":"ListItem","position":3,"name":"Visite guid\u00e9e priv\u00e9e de Taormine"}]},{"@type":"WebSite","@id":"https:\/\/tourtravelandmore.com\/fr\/#website","url":"https:\/\/tourtravelandmore.com\/fr\/","name":"Tour Travel And More","description":"Private sightseeing tours and luxury transfers in Spain","publisher":{"@id":"https:\/\/tourtravelandmore.com\/fr\/#organization"},"potentialAction":[{"@type":"SearchAction","target":{"@type":"EntryPoint","urlTemplate":"https:\/\/tourtravelandmore.com\/fr\/?s={search_term_string}"},"query-input":{"@type":"PropertyValueSpecification","valueRequired":true,"valueName":"search_term_string"}}],"inLanguage":"fr-FR"},{"@type":"Organization","@id":"https:\/\/tourtravelandmore.com\/fr\/#organization","name":"Tour Travel And More","url":"https:\/\/tourtravelandmore.com\/fr\/","logo":{"@type":"ImageObject","inLanguage":"fr-FR","@id":"https:\/\/tourtravelandmore.com\/fr\/#\/schema\/logo\/image\/","url":"https:\/\/tourtravelandmore.com\/wp-content\/uploads\/2022\/12\/cropped-logo-cabecera-new.png","contentUrl":"https:\/\/tourtravelandmore.com\/wp-content\/uploads\/2022\/12\/cropped-logo-cabecera-new.png","width":430,"height":61,"caption":"Tour Travel And More"},"image":{"@id":"https:\/\/tourtravelandmore.com\/fr\/#\/schema\/logo\/image\/"},"sameAs":["https:\/\/www.facebook.com\/tourtravelandmore\/","https:\/\/x.com\/TourTravel_More"]}]}},"_links":{"self":[{"href":"https:\/\/tourtravelandmore.com\/fr\/wp-json\/wp\/v2\/product\/158999","targetHints":{"allow":["GET"]}}],"collection":[{"href":"https:\/\/tourtravelandmore.com\/fr\/wp-json\/wp\/v2\/product"}],"about":[{"href":"https:\/\/tourtravelandmore.com\/fr\/wp-json\/wp\/v2\/types\/product"}],"replies":[{"embeddable":true,"href":"https:\/\/tourtravelandmore.com\/fr\/wp-json\/wp\/v2\/comments?post=158999"}],"wp:featuredmedia":[{"embeddable":true,"href":"https:\/\/tourtravelandmore.com\/fr\/wp-json\/wp\/v2\/media\/158977"}],"wp:attachment":[{"href":"https:\/\/tourtravelandmore.com\/fr\/wp-json\/wp\/v2\/media?parent=158999"}],"wp:term":[{"taxonomy":"product_brand","embeddable":true,"href":"https:\/\/tourtravelandmore.com\/fr\/wp-json\/wp\/v2\/product_brand?post=158999"},{"taxonomy":"product_cat","embeddable":true,"href":"https:\/\/tourtravelandmore.com\/fr\/wp-json\/wp\/v2\/product_cat?post=158999"},{"taxonomy":"product_tag","embeddable":true,"href":"https:\/\/tourtravelandmore.com\/fr\/wp-json\/wp\/v2\/product_tag?post=158999"}],"curies":[{"name":"wp","href":"https:\/\/api.w.org\/{rel}","templated":true}]}}