{"id":158609,"date":"2023-03-25T08:56:15","date_gmt":"2023-03-25T07:56:15","guid":{"rendered":"https:\/\/tourtravelandmore.com\/tours\/non class\u00e9\/transfert-prive-de-palerme-a-taormine\/"},"modified":"2023-03-25T08:56:15","modified_gmt":"2023-03-25T07:56:15","slug":"transfert-prive-de-palerme-a-taormine","status":"publish","type":"product","link":"https:\/\/tourtravelandmore.com\/fr\/tours\/italie-fr\/palermo-fr\/all-private-tours-activities-fr-8\/transfert-prive-de-palerme-a-taormine\/","title":{"rendered":"Transfert priv\u00e9 de Palerme \u00e0 Taormine"},"content":{"rendered":"<p><span style=\"font-weight: 400;\">Vous pr\u00e9voyez de visiter la superbe ville de Taormine en Sicile ? Si c&#8217;est le cas, Tour Travel and More vous propose un service de transfert priv\u00e9 de Palerme \u00e0 Taormine. Installez-vous confortablement dans un v\u00e9hicule confortable et d\u00e9tendez-vous pendant que vous vous dirigez vers cette magnifique destination.<\/span><\/p>\n<h2><b>Description du transfert priv\u00e9 de Palerme \u00e0 Taormine<\/b><\/h2>\n<p><span style=\"font-weight: 400;\">Notre service de transfert priv\u00e9 de Palerme \u00e0 Taormine est parfait pour ceux qui appr\u00e9cient le confort, la commodit\u00e9 et l&#8217;intimit\u00e9. Nos chauffeurs professionnels et exp\u00e9riment\u00e9s viendront vous chercher \u00e0 l&#8217;endroit de votre choix \u00e0 Palerme et vous conduiront directement \u00e0 votre h\u00f4tel ou \u00e0 votre logement \u00e0 Taormine.<\/span><\/p>\n<p><span style=\"font-weight: 400;\">Notre service de transfert priv\u00e9 est disponible 24 heures sur 24 et 7 jours sur 7, vous pouvez donc choisir l&#8217;heure qui vous convient le mieux. Que vous voyagiez seul, en famille ou en groupe, nous avons le v\u00e9hicule ad\u00e9quat pour r\u00e9pondre \u00e0 vos besoins. Nous garantissons un transfert s\u00fbr et ponctuel, afin que vous puissiez profiter d&#8217;un voyage sans stress jusqu&#8217;\u00e0 votre destination.<\/span><\/p>\n<p><span style=\"font-weight: 400;\">R\u00e9servez votre transfert priv\u00e9 avec Tour Travel and More d\u00e8s aujourd&#8217;hui et profitez d&#8217;un trajet fluide et confortable de Palerme \u00e0 Taormine. Gr\u00e2ce \u00e0 notre service fiable, vous pouvez vous asseoir, vous d\u00e9tendre et admirer les paysages \u00e0 couper le souffle de la Sicile.<\/span><\/p>\n<h2><b>Transfert priv\u00e9 de Palerme \u00e0 Taormine Points d&#8217;int\u00e9r\u00eat<\/b><\/h2>\n<p><span style=\"font-weight: 400;\">En vous rendant \u00e0 Taormine, vous passerez devant un certain nombre de sites et de points d&#8217;int\u00e9r\u00eat. Nos chauffeurs connaissent bien la r\u00e9gion et peuvent vous fournir des informations sur les lieux que vous verrez en chemin. Voici quelques-uns des points d&#8217;int\u00e9r\u00eat les plus populaires :<\/span><\/p>\n<h3><b>La cath\u00e9drale de Monreale :<\/b><\/h3>\n<p><span style=\"font-weight: 400;\">L&#8217;int\u00e9rieur de la cath\u00e9drale est d\u00e9cor\u00e9 de mosa\u00efques complexes repr\u00e9sentant des sc\u00e8nes et des personnages bibliques. La cath\u00e9drale abrite \u00e9galement un magnifique clo\u00eetre dont les colonnes et les arcs sont orn\u00e9s de sculptures et de d\u00e9corations \u00e9tonnantes.<\/span><\/p>\n<h3><b>Cefal\u00f9 :<\/b><\/h3>\n<p><span style=\"font-weight: 400;\">Ce charmant village offre un m\u00e9lange d&#8217;histoire, de culture et de beaut\u00e9 naturelle. Les visiteurs peuvent se promener le long de la plage, visiter la vieille ville avec ses rues \u00e9troites et admirer l&#8217;impressionnante cath\u00e9drale normande.<\/span><\/p>\n<h3><b>Castelbuono :<\/b><\/h3>\n<p><span style=\"font-weight: 400;\">La ville abrite un superbe ch\u00e2teau m\u00e9di\u00e9val, qui abrite un mus\u00e9e avec des expositions sur l&#8217;histoire et les traditions locales. Les visiteurs peuvent \u00e9galement admirer la vue sur les montagnes Madonie depuis la terrasse du ch\u00e2teau.<\/span><\/p>\n<h3><b>Th\u00e9\u00e2tre grec antique :<\/b><\/h3>\n<p><span style=\"font-weight: 400;\">Le th\u00e9\u00e2tre est l&#8217;une des attractions touristiques les plus populaires de Taormine, offrant des vues spectaculaires sur la mer et l&#8217;Etna. Il est encore utilis\u00e9 aujourd&#8217;hui pour des concerts et des spectacles.<\/span><\/p>\n<h3><b>Corso Umberto :<\/b><\/h3>\n<p><span style=\"font-weight: 400;\">Cette rue est une destination populaire pour le shopping et la restauration, avec une vari\u00e9t\u00e9 de magasins, de restaurants et de caf\u00e9s. Les visiteurs peuvent \u00e9galement admirer la belle architecture des b\u00e2timents qui bordent la rue.<\/span><\/p>\n<h3><b>Isola Bella :<\/b><\/h3>\n<p><span style=\"font-weight: 400;\">L&#8217;\u00eele abrite une r\u00e9serve naturelle avec une flore et une faune vari\u00e9es. Les visiteurs peuvent explorer les plages, les sentiers et les jardins de l&#8217;\u00eele et profiter de la vue imprenable sur la c\u00f4te environnante.<\/span><\/p>\n<h3><b>Piazza IX Aprile :<\/b><\/h3>\n<p><span style=\"font-weight: 400;\">Cette place est entour\u00e9e de magnifiques b\u00e2timents baroques et offre une vue imprenable sur la mer et l&#8217;Etna. Les visiteurs peuvent se d\u00e9tendre dans l&#8217;un des caf\u00e9s ou restaurants et s&#8217;impr\u00e9gner de la beaut\u00e9 de l&#8217;architecture et des paysages environnants.<\/span><\/p>\n<h3><b>L&#8217;Etna :<\/b><\/h3>\n<p><span style=\"font-weight: 400;\">Ce volcan, class\u00e9 au patrimoine mondial de l&#8217;UNESCO, est l&#8217;un des sites les plus embl\u00e9matiques de la Sicile. Les visiteurs peuvent explorer les champs de lave, les crat\u00e8res et les paysages naturels \u00e9poustouflants du volcan, et apprendre sa g\u00e9ologie et son histoire gr\u00e2ce \u00e0 des guides comp\u00e9tents.<\/span><\/p>\n<p><span style=\"font-weight: 400;\">Ne manquez pas l&#8217;occasion de d\u00e9couvrir les magnifiques sites et paysages naturels de Taormine. R\u00e9servez d\u00e8s aujourd&#8217;hui un circuit priv\u00e9 avec Tour Travel and More et <\/span><span style=\"font-weight: 400;\">d\u00e9couvrez le meilleur de la Sicile.<\/span><\/p>\n<p><b>R\u00e9servez votre visite priv\u00e9e de Taormine avec Tour Travel and More et d\u00e9couvrez le meilleur de cette ville \u00e9tonnante. Contactez-nous d\u00e8s aujourd&#8217;hui pour en savoir plus sur nos options de visites priv\u00e9es.<\/b><\/p>\n","protected":false},"excerpt":{"rendered":"<p><span style=\"font-weight: 400;\">Vous pr\u00e9voyez de visiter la superbe ville de Taormine en Sicile ? Si c&#8217;est le cas, Tour Travel and More vous propose un service de transfert priv\u00e9 de Palerme \u00e0 Taormine. Installez-vous confortablement dans un v\u00e9hicule confortable et d\u00e9tendez-vous pendant que vous vous dirigez vers cette magnifique destination.<\/span><\/p>\n","protected":false},"featured_media":95951,"comment_status":"open","ping_status":"closed","template":"","meta":{"_acf_changed":false},"product_brand":[],"product_cat":[3701,4208],"product_tag":[],"class_list":{"0":"post-158609","1":"product","2":"type-product","3":"status-publish","4":"has-post-thumbnail","6":"product_cat-palermo-fr","7":"product_cat-all-private-tours-activities-fr-8","9":"first","10":"instock","11":"shipping-taxable","12":"purchasable","13":"product-type-simple"},"acf":[],"yoast_head":"<!-- This site is optimized with the Yoast SEO Premium plugin v25.3.1 (Yoast SEO v25.3.1) - https:\/\/yoast.com\/wordpress\/plugins\/seo\/ -->\n<title>Transfert priv\u00e9 de Palerme \u00e0 Taormine | Tour Travel and More<\/title>\n<meta name=\"description\" content=\"Le service de transfert priv\u00e9 de Palerme \u00e0 Taormine est disponible sur le site de Tour Travel and More. D\u00e9couvrez les sites populaires et les lieux d&#039;int\u00e9r\u00eat de Taormine avec nos guides experts.\" \/>\n<meta name=\"robots\" content=\"index, follow, max-snippet:-1, max-image-preview:large, max-video-preview:-1\" \/>\n<link rel=\"canonical\" href=\"https:\/\/tourtravelandmore.com\/fr\/tours\/italie-fr\/palermo-fr\/all-private-tours-activities-fr-8\/transfert-prive-de-palerme-a-taormine\/\" \/>\n<meta property=\"og:locale\" content=\"fr_FR\" \/>\n<meta property=\"og:type\" content=\"article\" \/>\n<meta property=\"og:title\" content=\"Transfert priv\u00e9 de Palerme \u00e0 Taormine\" \/>\n<meta property=\"og:description\" content=\"Le service de transfert priv\u00e9 de Palerme \u00e0 Taormine est disponible sur le site de Tour Travel and More. D\u00e9couvrez les sites populaires et les lieux d&#039;int\u00e9r\u00eat de Taormine avec nos guides experts.\" \/>\n<meta property=\"og:url\" content=\"https:\/\/tourtravelandmore.com\/fr\/tours\/italie-fr\/palermo-fr\/all-private-tours-activities-fr-8\/transfert-prive-de-palerme-a-taormine\/\" \/>\n<meta property=\"og:site_name\" content=\"Tour Travel And More\" \/>\n<meta property=\"article:publisher\" content=\"https:\/\/www.facebook.com\/tourtravelandmore\/\" \/>\n<meta property=\"og:image\" content=\"https:\/\/tourtravelandmore.com\/wp-content\/uploads\/2019\/07\/Cars-1-1024x683.jpg\" \/>\n\t<meta property=\"og:image:width\" content=\"1024\" \/>\n\t<meta property=\"og:image:height\" content=\"683\" \/>\n\t<meta property=\"og:image:type\" content=\"image\/jpeg\" \/>\n<meta name=\"twitter:card\" content=\"summary_large_image\" \/>\n<meta name=\"twitter:site\" content=\"@TourTravel_More\" \/>\n<meta name=\"twitter:label1\" content=\"Dur\u00e9e de lecture estim\u00e9e\" \/>\n\t<meta name=\"twitter:data1\" content=\"3 minutes\" \/>\n<script type=\"application\/ld+json\" class=\"yoast-schema-graph\">{\"@context\":\"https:\/\/schema.org\",\"@graph\":[{\"@type\":\"WebPage\",\"@id\":\"https:\/\/tourtravelandmore.com\/fr\/tours\/italie-fr\/palermo-fr\/all-private-tours-activities-fr-8\/transfert-prive-de-palerme-a-taormine\/\",\"url\":\"https:\/\/tourtravelandmore.com\/fr\/tours\/italie-fr\/palermo-fr\/all-private-tours-activities-fr-8\/transfert-prive-de-palerme-a-taormine\/\",\"name\":\"Transfert priv\u00e9 de Palerme \u00e0 Taormine | Tour Travel and More\",\"isPartOf\":{\"@id\":\"https:\/\/tourtravelandmore.com\/fr\/#website\"},\"primaryImageOfPage\":{\"@id\":\"https:\/\/tourtravelandmore.com\/fr\/tours\/italie-fr\/palermo-fr\/all-private-tours-activities-fr-8\/transfert-prive-de-palerme-a-taormine\/#primaryimage\"},\"image\":{\"@id\":\"https:\/\/tourtravelandmore.com\/fr\/tours\/italie-fr\/palermo-fr\/all-private-tours-activities-fr-8\/transfert-prive-de-palerme-a-taormine\/#primaryimage\"},\"thumbnailUrl\":\"https:\/\/tourtravelandmore.com\/wp-content\/uploads\/2019\/07\/Cars-1.jpg\",\"datePublished\":\"2023-03-25T07:56:15+00:00\",\"description\":\"Le service de transfert priv\u00e9 de Palerme \u00e0 Taormine est disponible sur le site de Tour Travel and More. D\u00e9couvrez les sites populaires et les lieux d'int\u00e9r\u00eat de Taormine avec nos guides experts.\",\"breadcrumb\":{\"@id\":\"https:\/\/tourtravelandmore.com\/fr\/tours\/italie-fr\/palermo-fr\/all-private-tours-activities-fr-8\/transfert-prive-de-palerme-a-taormine\/#breadcrumb\"},\"inLanguage\":\"fr-FR\",\"potentialAction\":[{\"@type\":\"ReadAction\",\"target\":[\"https:\/\/tourtravelandmore.com\/fr\/tours\/italie-fr\/palermo-fr\/all-private-tours-activities-fr-8\/transfert-prive-de-palerme-a-taormine\/\"]}]},{\"@type\":\"ImageObject\",\"inLanguage\":\"fr-FR\",\"@id\":\"https:\/\/tourtravelandmore.com\/fr\/tours\/italie-fr\/palermo-fr\/all-private-tours-activities-fr-8\/transfert-prive-de-palerme-a-taormine\/#primaryimage\",\"url\":\"https:\/\/tourtravelandmore.com\/wp-content\/uploads\/2019\/07\/Cars-1.jpg\",\"contentUrl\":\"https:\/\/tourtravelandmore.com\/wp-content\/uploads\/2019\/07\/Cars-1.jpg\",\"width\":3990,\"height\":2660},{\"@type\":\"BreadcrumbList\",\"@id\":\"https:\/\/tourtravelandmore.com\/fr\/tours\/italie-fr\/palermo-fr\/all-private-tours-activities-fr-8\/transfert-prive-de-palerme-a-taormine\/#breadcrumb\",\"itemListElement\":[{\"@type\":\"ListItem\",\"position\":1,\"name\":\"Home\",\"item\":\"https:\/\/tourtravelandmore.com\/fr\/\"},{\"@type\":\"ListItem\",\"position\":2,\"name\":\"Tours\",\"item\":\"https:\/\/tourtravelandmore.com\/fr\/tours\/\"},{\"@type\":\"ListItem\",\"position\":3,\"name\":\"Transfert priv\u00e9 de Palerme \u00e0 Taormine\"}]},{\"@type\":\"WebSite\",\"@id\":\"https:\/\/tourtravelandmore.com\/fr\/#website\",\"url\":\"https:\/\/tourtravelandmore.com\/fr\/\",\"name\":\"Tour Travel And More\",\"description\":\"Private sightseeing tours and luxury transfers in Spain\",\"publisher\":{\"@id\":\"https:\/\/tourtravelandmore.com\/fr\/#organization\"},\"potentialAction\":[{\"@type\":\"SearchAction\",\"target\":{\"@type\":\"EntryPoint\",\"urlTemplate\":\"https:\/\/tourtravelandmore.com\/fr\/?s={search_term_string}\"},\"query-input\":{\"@type\":\"PropertyValueSpecification\",\"valueRequired\":true,\"valueName\":\"search_term_string\"}}],\"inLanguage\":\"fr-FR\"},{\"@type\":\"Organization\",\"@id\":\"https:\/\/tourtravelandmore.com\/fr\/#organization\",\"name\":\"Tour Travel And More\",\"url\":\"https:\/\/tourtravelandmore.com\/fr\/\",\"logo\":{\"@type\":\"ImageObject\",\"inLanguage\":\"fr-FR\",\"@id\":\"https:\/\/tourtravelandmore.com\/fr\/#\/schema\/logo\/image\/\",\"url\":\"https:\/\/tourtravelandmore.com\/wp-content\/uploads\/2022\/12\/cropped-logo-cabecera-new.png\",\"contentUrl\":\"https:\/\/tourtravelandmore.com\/wp-content\/uploads\/2022\/12\/cropped-logo-cabecera-new.png\",\"width\":430,\"height\":61,\"caption\":\"Tour Travel And More\"},\"image\":{\"@id\":\"https:\/\/tourtravelandmore.com\/fr\/#\/schema\/logo\/image\/\"},\"sameAs\":[\"https:\/\/www.facebook.com\/tourtravelandmore\/\",\"https:\/\/x.com\/TourTravel_More\"]}]}<\/script>\n<!-- \/ Yoast SEO Premium plugin. -->","yoast_head_json":{"title":"Transfert priv\u00e9 de Palerme \u00e0 Taormine | Tour Travel and More","description":"Le service de transfert priv\u00e9 de Palerme \u00e0 Taormine est disponible sur le site de Tour Travel and More. D\u00e9couvrez les sites populaires et les lieux d'int\u00e9r\u00eat de Taormine avec nos guides experts.","robots":{"index":"index","follow":"follow","max-snippet":"max-snippet:-1","max-image-preview":"max-image-preview:large","max-video-preview":"max-video-preview:-1"},"canonical":"https:\/\/tourtravelandmore.com\/fr\/tours\/italie-fr\/palermo-fr\/all-private-tours-activities-fr-8\/transfert-prive-de-palerme-a-taormine\/","og_locale":"fr_FR","og_type":"article","og_title":"Transfert priv\u00e9 de Palerme \u00e0 Taormine","og_description":"Le service de transfert priv\u00e9 de Palerme \u00e0 Taormine est disponible sur le site de Tour Travel and More. D\u00e9couvrez les sites populaires et les lieux d'int\u00e9r\u00eat de Taormine avec nos guides experts.","og_url":"https:\/\/tourtravelandmore.com\/fr\/tours\/italie-fr\/palermo-fr\/all-private-tours-activities-fr-8\/transfert-prive-de-palerme-a-taormine\/","og_site_name":"Tour Travel And More","article_publisher":"https:\/\/www.facebook.com\/tourtravelandmore\/","og_image":[{"width":1024,"height":683,"url":"https:\/\/tourtravelandmore.com\/wp-content\/uploads\/2019\/07\/Cars-1-1024x683.jpg","type":"image\/jpeg"}],"twitter_card":"summary_large_image","twitter_site":"@TourTravel_More","twitter_misc":{"Dur\u00e9e de lecture estim\u00e9e":"3 minutes"},"schema":{"@context":"https:\/\/schema.org","@graph":[{"@type":"WebPage","@id":"https:\/\/tourtravelandmore.com\/fr\/tours\/italie-fr\/palermo-fr\/all-private-tours-activities-fr-8\/transfert-prive-de-palerme-a-taormine\/","url":"https:\/\/tourtravelandmore.com\/fr\/tours\/italie-fr\/palermo-fr\/all-private-tours-activities-fr-8\/transfert-prive-de-palerme-a-taormine\/","name":"Transfert priv\u00e9 de Palerme \u00e0 Taormine | Tour Travel and More","isPartOf":{"@id":"https:\/\/tourtravelandmore.com\/fr\/#website"},"primaryImageOfPage":{"@id":"https:\/\/tourtravelandmore.com\/fr\/tours\/italie-fr\/palermo-fr\/all-private-tours-activities-fr-8\/transfert-prive-de-palerme-a-taormine\/#primaryimage"},"image":{"@id":"https:\/\/tourtravelandmore.com\/fr\/tours\/italie-fr\/palermo-fr\/all-private-tours-activities-fr-8\/transfert-prive-de-palerme-a-taormine\/#primaryimage"},"thumbnailUrl":"https:\/\/tourtravelandmore.com\/wp-content\/uploads\/2019\/07\/Cars-1.jpg","datePublished":"2023-03-25T07:56:15+00:00","description":"Le service de transfert priv\u00e9 de Palerme \u00e0 Taormine est disponible sur le site de Tour Travel and More. D\u00e9couvrez les sites populaires et les lieux d'int\u00e9r\u00eat de Taormine avec nos guides experts.","breadcrumb":{"@id":"https:\/\/tourtravelandmore.com\/fr\/tours\/italie-fr\/palermo-fr\/all-private-tours-activities-fr-8\/transfert-prive-de-palerme-a-taormine\/#breadcrumb"},"inLanguage":"fr-FR","potentialAction":[{"@type":"ReadAction","target":["https:\/\/tourtravelandmore.com\/fr\/tours\/italie-fr\/palermo-fr\/all-private-tours-activities-fr-8\/transfert-prive-de-palerme-a-taormine\/"]}]},{"@type":"ImageObject","inLanguage":"fr-FR","@id":"https:\/\/tourtravelandmore.com\/fr\/tours\/italie-fr\/palermo-fr\/all-private-tours-activities-fr-8\/transfert-prive-de-palerme-a-taormine\/#primaryimage","url":"https:\/\/tourtravelandmore.com\/wp-content\/uploads\/2019\/07\/Cars-1.jpg","contentUrl":"https:\/\/tourtravelandmore.com\/wp-content\/uploads\/2019\/07\/Cars-1.jpg","width":3990,"height":2660},{"@type":"BreadcrumbList","@id":"https:\/\/tourtravelandmore.com\/fr\/tours\/italie-fr\/palermo-fr\/all-private-tours-activities-fr-8\/transfert-prive-de-palerme-a-taormine\/#breadcrumb","itemListElement":[{"@type":"ListItem","position":1,"name":"Home","item":"https:\/\/tourtravelandmore.com\/fr\/"},{"@type":"ListItem","position":2,"name":"Tours","item":"https:\/\/tourtravelandmore.com\/fr\/tours\/"},{"@type":"ListItem","position":3,"name":"Transfert priv\u00e9 de Palerme \u00e0 Taormine"}]},{"@type":"WebSite","@id":"https:\/\/tourtravelandmore.com\/fr\/#website","url":"https:\/\/tourtravelandmore.com\/fr\/","name":"Tour Travel And More","description":"Private sightseeing tours and luxury transfers in Spain","publisher":{"@id":"https:\/\/tourtravelandmore.com\/fr\/#organization"},"potentialAction":[{"@type":"SearchAction","target":{"@type":"EntryPoint","urlTemplate":"https:\/\/tourtravelandmore.com\/fr\/?s={search_term_string}"},"query-input":{"@type":"PropertyValueSpecification","valueRequired":true,"valueName":"search_term_string"}}],"inLanguage":"fr-FR"},{"@type":"Organization","@id":"https:\/\/tourtravelandmore.com\/fr\/#organization","name":"Tour Travel And More","url":"https:\/\/tourtravelandmore.com\/fr\/","logo":{"@type":"ImageObject","inLanguage":"fr-FR","@id":"https:\/\/tourtravelandmore.com\/fr\/#\/schema\/logo\/image\/","url":"https:\/\/tourtravelandmore.com\/wp-content\/uploads\/2022\/12\/cropped-logo-cabecera-new.png","contentUrl":"https:\/\/tourtravelandmore.com\/wp-content\/uploads\/2022\/12\/cropped-logo-cabecera-new.png","width":430,"height":61,"caption":"Tour Travel And More"},"image":{"@id":"https:\/\/tourtravelandmore.com\/fr\/#\/schema\/logo\/image\/"},"sameAs":["https:\/\/www.facebook.com\/tourtravelandmore\/","https:\/\/x.com\/TourTravel_More"]}]}},"_links":{"self":[{"href":"https:\/\/tourtravelandmore.com\/fr\/wp-json\/wp\/v2\/product\/158609","targetHints":{"allow":["GET"]}}],"collection":[{"href":"https:\/\/tourtravelandmore.com\/fr\/wp-json\/wp\/v2\/product"}],"about":[{"href":"https:\/\/tourtravelandmore.com\/fr\/wp-json\/wp\/v2\/types\/product"}],"replies":[{"embeddable":true,"href":"https:\/\/tourtravelandmore.com\/fr\/wp-json\/wp\/v2\/comments?post=158609"}],"wp:featuredmedia":[{"embeddable":true,"href":"https:\/\/tourtravelandmore.com\/fr\/wp-json\/wp\/v2\/media\/95951"}],"wp:attachment":[{"href":"https:\/\/tourtravelandmore.com\/fr\/wp-json\/wp\/v2\/media?parent=158609"}],"wp:term":[{"taxonomy":"product_brand","embeddable":true,"href":"https:\/\/tourtravelandmore.com\/fr\/wp-json\/wp\/v2\/product_brand?post=158609"},{"taxonomy":"product_cat","embeddable":true,"href":"https:\/\/tourtravelandmore.com\/fr\/wp-json\/wp\/v2\/product_cat?post=158609"},{"taxonomy":"product_tag","embeddable":true,"href":"https:\/\/tourtravelandmore.com\/fr\/wp-json\/wp\/v2\/product_tag?post=158609"}],"curies":[{"name":"wp","href":"https:\/\/api.w.org\/{rel}","templated":true}]}}