{"id":158553,"date":"2023-03-25T08:33:16","date_gmt":"2023-03-25T07:33:25","guid":{"rendered":"https:\/\/tourtravelandmore.com\/?post_type=product&#038;p=158553"},"modified":"2023-03-25T08:43:15","modified_gmt":"2023-03-25T07:43:15","slug":"visite-privee-de-letna-et-de-messine-depuis-un-hotel-ou-un-port-de-croisiere-a-messine","status":"publish","type":"product","link":"https:\/\/tourtravelandmore.com\/fr\/tours\/italie-fr\/messina-fr\/toutes-les-visites-et-activites-privees-fr-3\/visite-privee-de-letna-et-de-messine-depuis-un-hotel-ou-un-port-de-croisiere-a-messine\/","title":{"rendered":"Visite priv\u00e9e de l&#8217;Etna et de Messine depuis un h\u00f4tel ou un port de croisi\u00e8re \u00e0 Messine"},"content":{"rendered":"<h2><b>Visite priv\u00e9e de l&#8217;Etna et de Messine au d\u00e9part d&#8217;un h\u00f4tel ou d&#8217;un port de croisi\u00e8re \u00e0 Messine Description<\/b><\/h2>\n<p><span style=\"font-weight: 400;\">Explorez les magnifiques paysages siciliens avec notre visite priv\u00e9e de l&#8217;Etna et de Messine. Notre guide expert viendra vous chercher \u00e0 votre h\u00f4tel ou au port de croisi\u00e8re de Messine et vous emm\u00e8nera pour un voyage inoubliable de 8 heures.<\/span><\/p>\n<p><span style=\"font-weight: 400;\">Vous aurez l&#8217;occasion de voir certains des plus beaux sites de la r\u00e9gion, notamment le majestueux mont Etna, le plus haut volcan actif d&#8217;Europe, et la charmante ville de Messine, connue pour son riche patrimoine culturel et son architecture \u00e9tonnante. Notre circuit priv\u00e9 offre la possibilit\u00e9 de personnaliser votre itin\u00e9raire en fonction de vos pr\u00e9f\u00e9rences, afin que vous profitiez au maximum de votre s\u00e9jour dans cette magnifique r\u00e9gion d&#8217;Italie. Que vous soyez un amoureux de la nature, un passionn\u00e9 d&#8217;histoire ou simplement \u00e0 la recherche d&#8217;une journ\u00e9e de d\u00e9tente, notre circuit priv\u00e9 de l&#8217;Etna et de Messine est le moyen id\u00e9al de d\u00e9couvrir le meilleur de la Sicile.<\/span><\/p>\n<h2><b>Visite priv\u00e9e de l&#8217;Etna et de Messine \u00e0 partir de l&#8217;h\u00f4tel ou du port de croisi\u00e8re aux points d&#8217;int\u00e9r\u00eat de Messine<\/b><\/h2>\n<p><span style=\"font-weight: 400;\">Au cours de cette visite priv\u00e9e exclusive, vous embarquerez pour un voyage \u00e0 travers les paysages \u00e9poustouflants de l&#8217;Etna et de Messine, accompagn\u00e9 par notre guide expert. L&#8217;excursion comprend la visite de certains des sites et lieux d&#8217;int\u00e9r\u00eat les plus recherch\u00e9s de ces deux belles destinations, vous offrant ainsi une exp\u00e9rience inoubliable.<\/span><\/p>\n<h3><b>Volcan Etna :<\/b><\/h3>\n<p><span style=\"font-weight: 400;\">Le volcan Etna est l&#8217;un des volcans les plus actifs du monde et est inscrit au patrimoine mondial de l&#8217;UNESCO. Notre visite priv\u00e9e vous emm\u00e8nera au sommet du volcan, o\u00f9 vous pourrez admirer les vues panoramiques \u00e0 couper le souffle sur le paysage environnant. Vous d\u00e9couvrirez \u00e9galement l&#8217;histoire g\u00e9ologique de la r\u00e9gion et les diff\u00e9rentes \u00e9ruptions du volcan au cours de l&#8217;histoire. Notre guide bien inform\u00e9 partagera \u00e9galement des informations sur la flore et la faune locales et sur la fa\u00e7on dont elles se sont adapt\u00e9es \u00e0 l&#8217;environnement unique du volcan.<\/span><\/p>\n<h3><b>Monte Soro :<\/b><\/h3>\n<p><span style=\"font-weight: 400;\">Le Monte Soro est la plus haute montagne des Nebrodi et offre certaines des vues les plus \u00e9poustouflantes de Sicile. Notre excursion priv\u00e9e vous emm\u00e8nera au sommet du Monte Soro, o\u00f9 vous pourrez admirer le magnifique paysage et apprendre l&#8217;histoire et la culture de la r\u00e9gion. Vous aurez \u00e9galement l&#8217;occasion de visiter des villages locaux et de rencontrer les habitants sympathiques, qui sont connus pour leur artisanat et leur cuisine traditionnels. Notre guide expert partagera ses connaissances de la culture et des traditions locales, ainsi que de la flore et de la faune uniques de la r\u00e9gion.<\/span><\/p>\n<h3><b>Gole dell&#8217;Alcantara :<\/b><\/h3>\n<p><span style=\"font-weight: 400;\">Le Gole dell&#8217;Alcantara est un canyon naturel \u00e0 couper le souffle, form\u00e9 par la rivi\u00e8re Alcantara. Notre visite priv\u00e9e vous emm\u00e8nera faire une promenade dans le canyon, o\u00f9 vous pourrez admirer les \u00e9tonnantes formations rocheuses et les eaux cristallines. Vous aurez \u00e9galement l&#8217;occasion de vous baigner dans les piscines naturelles rafra\u00eechissantes et de d\u00e9couvrir l&#8217;histoire g\u00e9ologique du canyon. Notre guide expert partagera des informations sur la flore et la faune locales et sur la fa\u00e7on dont elles se sont adapt\u00e9es \u00e0 l&#8217;environnement unique du canyon.<\/span><\/p>\n<h3><b>Taormina :<\/b><\/h3>\n<p><span style=\"font-weight: 400;\">Taormina est l&#8217;une des villes les plus belles et les plus pittoresques de Sicile. Notre excursion priv\u00e9e vous emm\u00e8nera faire une visite \u00e0 pied de la ville, o\u00f9 vous pourrez explorer ses charmantes rues, visiter ses sites historiques et profiter de ses vues imprenables. Vous aurez \u00e9galement l&#8217;occasion de go\u00fbter \u00e0 la cuisine locale dans certains des meilleurs restaurants et caf\u00e9s de la ville. Notre guide bien inform\u00e9 partagera avec vous des informations sur l&#8217;histoire fascinante de la ville, notamment ses ruines grecques et romaines et son architecture m\u00e9di\u00e9vale et Renaissance.<\/span><\/p>\n<h3><b>Cath\u00e9drale de Messine :<\/b><\/h3>\n<p><span style=\"font-weight: 400;\">La cath\u00e9drale de Messine est l&#8217;un des sites religieux les plus importants de Sicile. Notre visite priv\u00e9e vous emm\u00e8nera pour une visite guid\u00e9e de la cath\u00e9drale, o\u00f9 vous pourrez admirer sa belle architecture et apprendre son histoire fascinante. Vous aurez \u00e9galement l&#8217;occasion de visiter d&#8217;autres sites religieux importants de la r\u00e9gion, comme l&#8217;\u00e9glise de la Santissima Annunziata dei Catalani et l&#8217;\u00e9glise de Santa Maria degli Alemanni. Notre guide expert partagera des informations sur l&#8217;histoire et les traditions religieuses de la r\u00e9gion, ainsi que sur l&#8217;art et l&#8217;architecture de la cath\u00e9drale et d&#8217;autres sites importants.<\/span><\/p>\n<p><span style=\"font-weight: 400;\">N&#8217;oubliez pas de consulter nos autres <\/span><a href=\"https:\/\/tourtravelandmore.com\/fr\/city\/italie-fr\/messina-fr\/\"><span style=\"font-weight: 400;\">circuits priv\u00e9s \u00e0 Messine et Taormine <\/span><\/a><span style=\"font-weight: 400;\">sur le site Web de Tour Travel and More. R\u00e9servez votre visite priv\u00e9e d\u00e8s aujourd&#8217;hui et d\u00e9couvrez la beaut\u00e9 et la culture de la Sicile d&#8217;une mani\u00e8re personnalis\u00e9e et inoubliable.<\/span><\/p>\n<p><span style=\"font-weight: 400;\">En conclusion, notre visite priv\u00e9e de l&#8217;Etna et de Messine est une exp\u00e9rience unique et inoubliable qui vous fera voyager \u00e0 travers certains des plus beaux paysages et sites historiques de Sicile. Avec notre guide expert et notre v\u00e9hicule de luxe, vous pouvez \u00eatre s\u00fbr de vivre une visite confortable et agr\u00e9able, adapt\u00e9e \u00e0 vos int\u00e9r\u00eats et \u00e0 vos pr\u00e9f\u00e9rences. R\u00e9servez votre excursion d\u00e8s aujourd&#8217;hui et pr\u00e9parez-vous \u00e0 explorer la Sicile comme jamais auparavant.<\/span><\/p>\n","protected":false},"excerpt":{"rendered":"<p><span style=\"font-weight: 400;\">D\u00e9couvrez les merveilles naturelles et culturelles de la Sicile avec notre visite priv\u00e9e de l&#8217;Etna et de Messine. Notre guide expert vous emm\u00e8nera pour un voyage de 8 heures \u00e0 travers certains des plus beaux paysages et sites historiques de Sicile, notamment le volcan Etna, le Monte Soro, le Gole dell&#8217;Alcantara, Taormine et la cath\u00e9drale de Messine. R\u00e9servez votre circuit d\u00e8s aujourd&#8217;hui et pr\u00e9parez-vous \u00e0 explorer la Sicile comme jamais auparavant.<\/span><\/p>\n","protected":false},"featured_media":158571,"comment_status":"open","ping_status":"closed","template":"","meta":{"_acf_changed":false},"product_brand":[],"product_cat":[3549,4169,4189,4177,4188],"product_tag":[],"class_list":{"0":"post-158553","1":"product","2":"type-product","3":"status-publish","4":"has-post-thumbnail","6":"product_cat-italie-fr","7":"product_cat-messina-fr","8":"product_cat-excursions-privees-a-terre-fr-3","9":"product_cat-toutes-les-visites-et-activites-privees-fr-3","10":"product_cat-visites-guidees-privees-fr-3","12":"first","13":"instock","14":"shipping-taxable","15":"purchasable","16":"product-type-simple"},"acf":[],"yoast_head":"<!-- This site is optimized with the Yoast SEO Premium plugin v25.3.1 (Yoast SEO v25.3.1) - https:\/\/yoast.com\/wordpress\/plugins\/seo\/ -->\n<title>Visite priv\u00e9e de l&#039;Etna et de Messine depuis un h\u00f4tel ou un port de croisi\u00e8re \u00e0 Messine | Tour Travel and More<\/title>\n<meta name=\"description\" content=\"D\u00e9couvrez les merveilles naturelles et culturelles de la Sicile avec notre circuit priv\u00e9 de l&#039;Etna et de Messine. R\u00e9servez votre circuit aujourd&#039;hui et explorez la Sicile comme jamais auparavant avec Tour Travel and More.\" \/>\n<meta name=\"robots\" content=\"index, follow, max-snippet:-1, max-image-preview:large, max-video-preview:-1\" \/>\n<link rel=\"canonical\" href=\"https:\/\/tourtravelandmore.com\/fr\/tours\/italie-fr\/messina-fr\/toutes-les-visites-et-activites-privees-fr-3\/visite-privee-de-letna-et-de-messine-depuis-un-hotel-ou-un-port-de-croisiere-a-messine\/\" \/>\n<meta property=\"og:locale\" content=\"fr_FR\" \/>\n<meta property=\"og:type\" content=\"article\" \/>\n<meta property=\"og:title\" content=\"Visite priv\u00e9e de l&#039;Etna et de Messine depuis un h\u00f4tel ou un port de croisi\u00e8re \u00e0 Messine\" \/>\n<meta property=\"og:description\" content=\"D\u00e9couvrez les merveilles naturelles et culturelles de la Sicile avec notre circuit priv\u00e9 de l&#039;Etna et de Messine. R\u00e9servez votre circuit aujourd&#039;hui et explorez la Sicile comme jamais auparavant avec Tour Travel and More.\" \/>\n<meta property=\"og:url\" content=\"https:\/\/tourtravelandmore.com\/fr\/tours\/italie-fr\/messina-fr\/toutes-les-visites-et-activites-privees-fr-3\/visite-privee-de-letna-et-de-messine-depuis-un-hotel-ou-un-port-de-croisiere-a-messine\/\" \/>\n<meta property=\"og:site_name\" content=\"Tour Travel And More\" \/>\n<meta property=\"article:publisher\" content=\"https:\/\/www.facebook.com\/tourtravelandmore\/\" \/>\n<meta property=\"article:modified_time\" content=\"2023-03-25T07:43:15+00:00\" \/>\n<meta property=\"og:image\" content=\"https:\/\/tourtravelandmore.com\/wp-content\/uploads\/2023\/03\/image3-3.jpg\" \/>\n\t<meta property=\"og:image:width\" content=\"950\" \/>\n\t<meta property=\"og:image:height\" content=\"750\" \/>\n\t<meta property=\"og:image:type\" content=\"image\/jpeg\" \/>\n<meta name=\"twitter:card\" content=\"summary_large_image\" \/>\n<meta name=\"twitter:site\" content=\"@TourTravel_More\" \/>\n<meta name=\"twitter:label1\" content=\"Dur\u00e9e de lecture estim\u00e9e\" \/>\n\t<meta name=\"twitter:data1\" content=\"4 minutes\" \/>\n<script type=\"application\/ld+json\" class=\"yoast-schema-graph\">{\"@context\":\"https:\/\/schema.org\",\"@graph\":[{\"@type\":\"WebPage\",\"@id\":\"https:\/\/tourtravelandmore.com\/fr\/tours\/italie-fr\/messina-fr\/toutes-les-visites-et-activites-privees-fr-3\/visite-privee-de-letna-et-de-messine-depuis-un-hotel-ou-un-port-de-croisiere-a-messine\/\",\"url\":\"https:\/\/tourtravelandmore.com\/fr\/tours\/italie-fr\/messina-fr\/toutes-les-visites-et-activites-privees-fr-3\/visite-privee-de-letna-et-de-messine-depuis-un-hotel-ou-un-port-de-croisiere-a-messine\/\",\"name\":\"Visite priv\u00e9e de l'Etna et de Messine depuis un h\u00f4tel ou un port de croisi\u00e8re \u00e0 Messine | Tour Travel and More\",\"isPartOf\":{\"@id\":\"https:\/\/tourtravelandmore.com\/fr\/#website\"},\"primaryImageOfPage\":{\"@id\":\"https:\/\/tourtravelandmore.com\/fr\/tours\/italie-fr\/messina-fr\/toutes-les-visites-et-activites-privees-fr-3\/visite-privee-de-letna-et-de-messine-depuis-un-hotel-ou-un-port-de-croisiere-a-messine\/#primaryimage\"},\"image\":{\"@id\":\"https:\/\/tourtravelandmore.com\/fr\/tours\/italie-fr\/messina-fr\/toutes-les-visites-et-activites-privees-fr-3\/visite-privee-de-letna-et-de-messine-depuis-un-hotel-ou-un-port-de-croisiere-a-messine\/#primaryimage\"},\"thumbnailUrl\":\"https:\/\/tourtravelandmore.com\/wp-content\/uploads\/2023\/03\/image3-3.jpg\",\"datePublished\":\"2023-03-25T07:33:25+00:00\",\"dateModified\":\"2023-03-25T07:43:15+00:00\",\"description\":\"D\u00e9couvrez les merveilles naturelles et culturelles de la Sicile avec notre circuit priv\u00e9 de l'Etna et de Messine. R\u00e9servez votre circuit aujourd'hui et explorez la Sicile comme jamais auparavant avec Tour Travel and More.\",\"breadcrumb\":{\"@id\":\"https:\/\/tourtravelandmore.com\/fr\/tours\/italie-fr\/messina-fr\/toutes-les-visites-et-activites-privees-fr-3\/visite-privee-de-letna-et-de-messine-depuis-un-hotel-ou-un-port-de-croisiere-a-messine\/#breadcrumb\"},\"inLanguage\":\"fr-FR\",\"potentialAction\":[{\"@type\":\"ReadAction\",\"target\":[\"https:\/\/tourtravelandmore.com\/fr\/tours\/italie-fr\/messina-fr\/toutes-les-visites-et-activites-privees-fr-3\/visite-privee-de-letna-et-de-messine-depuis-un-hotel-ou-un-port-de-croisiere-a-messine\/\"]}]},{\"@type\":\"ImageObject\",\"inLanguage\":\"fr-FR\",\"@id\":\"https:\/\/tourtravelandmore.com\/fr\/tours\/italie-fr\/messina-fr\/toutes-les-visites-et-activites-privees-fr-3\/visite-privee-de-letna-et-de-messine-depuis-un-hotel-ou-un-port-de-croisiere-a-messine\/#primaryimage\",\"url\":\"https:\/\/tourtravelandmore.com\/wp-content\/uploads\/2023\/03\/image3-3.jpg\",\"contentUrl\":\"https:\/\/tourtravelandmore.com\/wp-content\/uploads\/2023\/03\/image3-3.jpg\",\"width\":950,\"height\":750},{\"@type\":\"BreadcrumbList\",\"@id\":\"https:\/\/tourtravelandmore.com\/fr\/tours\/italie-fr\/messina-fr\/toutes-les-visites-et-activites-privees-fr-3\/visite-privee-de-letna-et-de-messine-depuis-un-hotel-ou-un-port-de-croisiere-a-messine\/#breadcrumb\",\"itemListElement\":[{\"@type\":\"ListItem\",\"position\":1,\"name\":\"Home\",\"item\":\"https:\/\/tourtravelandmore.com\/fr\/\"},{\"@type\":\"ListItem\",\"position\":2,\"name\":\"Tours\",\"item\":\"https:\/\/tourtravelandmore.com\/fr\/tours\/\"},{\"@type\":\"ListItem\",\"position\":3,\"name\":\"Visite priv\u00e9e de l&rsquo;Etna et de Messine depuis un h\u00f4tel ou un port de croisi\u00e8re \u00e0 Messine\"}]},{\"@type\":\"WebSite\",\"@id\":\"https:\/\/tourtravelandmore.com\/fr\/#website\",\"url\":\"https:\/\/tourtravelandmore.com\/fr\/\",\"name\":\"Tour Travel And More\",\"description\":\"Private sightseeing tours and luxury transfers in Spain\",\"publisher\":{\"@id\":\"https:\/\/tourtravelandmore.com\/fr\/#organization\"},\"potentialAction\":[{\"@type\":\"SearchAction\",\"target\":{\"@type\":\"EntryPoint\",\"urlTemplate\":\"https:\/\/tourtravelandmore.com\/fr\/?s={search_term_string}\"},\"query-input\":{\"@type\":\"PropertyValueSpecification\",\"valueRequired\":true,\"valueName\":\"search_term_string\"}}],\"inLanguage\":\"fr-FR\"},{\"@type\":\"Organization\",\"@id\":\"https:\/\/tourtravelandmore.com\/fr\/#organization\",\"name\":\"Tour Travel And More\",\"url\":\"https:\/\/tourtravelandmore.com\/fr\/\",\"logo\":{\"@type\":\"ImageObject\",\"inLanguage\":\"fr-FR\",\"@id\":\"https:\/\/tourtravelandmore.com\/fr\/#\/schema\/logo\/image\/\",\"url\":\"https:\/\/tourtravelandmore.com\/wp-content\/uploads\/2022\/12\/cropped-logo-cabecera-new.png\",\"contentUrl\":\"https:\/\/tourtravelandmore.com\/wp-content\/uploads\/2022\/12\/cropped-logo-cabecera-new.png\",\"width\":430,\"height\":61,\"caption\":\"Tour Travel And More\"},\"image\":{\"@id\":\"https:\/\/tourtravelandmore.com\/fr\/#\/schema\/logo\/image\/\"},\"sameAs\":[\"https:\/\/www.facebook.com\/tourtravelandmore\/\",\"https:\/\/x.com\/TourTravel_More\"]}]}<\/script>\n<!-- \/ Yoast SEO Premium plugin. -->","yoast_head_json":{"title":"Visite priv\u00e9e de l'Etna et de Messine depuis un h\u00f4tel ou un port de croisi\u00e8re \u00e0 Messine | Tour Travel and More","description":"D\u00e9couvrez les merveilles naturelles et culturelles de la Sicile avec notre circuit priv\u00e9 de l'Etna et de Messine. R\u00e9servez votre circuit aujourd'hui et explorez la Sicile comme jamais auparavant avec Tour Travel and More.","robots":{"index":"index","follow":"follow","max-snippet":"max-snippet:-1","max-image-preview":"max-image-preview:large","max-video-preview":"max-video-preview:-1"},"canonical":"https:\/\/tourtravelandmore.com\/fr\/tours\/italie-fr\/messina-fr\/toutes-les-visites-et-activites-privees-fr-3\/visite-privee-de-letna-et-de-messine-depuis-un-hotel-ou-un-port-de-croisiere-a-messine\/","og_locale":"fr_FR","og_type":"article","og_title":"Visite priv\u00e9e de l'Etna et de Messine depuis un h\u00f4tel ou un port de croisi\u00e8re \u00e0 Messine","og_description":"D\u00e9couvrez les merveilles naturelles et culturelles de la Sicile avec notre circuit priv\u00e9 de l'Etna et de Messine. R\u00e9servez votre circuit aujourd'hui et explorez la Sicile comme jamais auparavant avec Tour Travel and More.","og_url":"https:\/\/tourtravelandmore.com\/fr\/tours\/italie-fr\/messina-fr\/toutes-les-visites-et-activites-privees-fr-3\/visite-privee-de-letna-et-de-messine-depuis-un-hotel-ou-un-port-de-croisiere-a-messine\/","og_site_name":"Tour Travel And More","article_publisher":"https:\/\/www.facebook.com\/tourtravelandmore\/","article_modified_time":"2023-03-25T07:43:15+00:00","og_image":[{"width":950,"height":750,"url":"https:\/\/tourtravelandmore.com\/wp-content\/uploads\/2023\/03\/image3-3.jpg","type":"image\/jpeg"}],"twitter_card":"summary_large_image","twitter_site":"@TourTravel_More","twitter_misc":{"Dur\u00e9e de lecture estim\u00e9e":"4 minutes"},"schema":{"@context":"https:\/\/schema.org","@graph":[{"@type":"WebPage","@id":"https:\/\/tourtravelandmore.com\/fr\/tours\/italie-fr\/messina-fr\/toutes-les-visites-et-activites-privees-fr-3\/visite-privee-de-letna-et-de-messine-depuis-un-hotel-ou-un-port-de-croisiere-a-messine\/","url":"https:\/\/tourtravelandmore.com\/fr\/tours\/italie-fr\/messina-fr\/toutes-les-visites-et-activites-privees-fr-3\/visite-privee-de-letna-et-de-messine-depuis-un-hotel-ou-un-port-de-croisiere-a-messine\/","name":"Visite priv\u00e9e de l'Etna et de Messine depuis un h\u00f4tel ou un port de croisi\u00e8re \u00e0 Messine | Tour Travel and More","isPartOf":{"@id":"https:\/\/tourtravelandmore.com\/fr\/#website"},"primaryImageOfPage":{"@id":"https:\/\/tourtravelandmore.com\/fr\/tours\/italie-fr\/messina-fr\/toutes-les-visites-et-activites-privees-fr-3\/visite-privee-de-letna-et-de-messine-depuis-un-hotel-ou-un-port-de-croisiere-a-messine\/#primaryimage"},"image":{"@id":"https:\/\/tourtravelandmore.com\/fr\/tours\/italie-fr\/messina-fr\/toutes-les-visites-et-activites-privees-fr-3\/visite-privee-de-letna-et-de-messine-depuis-un-hotel-ou-un-port-de-croisiere-a-messine\/#primaryimage"},"thumbnailUrl":"https:\/\/tourtravelandmore.com\/wp-content\/uploads\/2023\/03\/image3-3.jpg","datePublished":"2023-03-25T07:33:25+00:00","dateModified":"2023-03-25T07:43:15+00:00","description":"D\u00e9couvrez les merveilles naturelles et culturelles de la Sicile avec notre circuit priv\u00e9 de l'Etna et de Messine. R\u00e9servez votre circuit aujourd'hui et explorez la Sicile comme jamais auparavant avec Tour Travel and More.","breadcrumb":{"@id":"https:\/\/tourtravelandmore.com\/fr\/tours\/italie-fr\/messina-fr\/toutes-les-visites-et-activites-privees-fr-3\/visite-privee-de-letna-et-de-messine-depuis-un-hotel-ou-un-port-de-croisiere-a-messine\/#breadcrumb"},"inLanguage":"fr-FR","potentialAction":[{"@type":"ReadAction","target":["https:\/\/tourtravelandmore.com\/fr\/tours\/italie-fr\/messina-fr\/toutes-les-visites-et-activites-privees-fr-3\/visite-privee-de-letna-et-de-messine-depuis-un-hotel-ou-un-port-de-croisiere-a-messine\/"]}]},{"@type":"ImageObject","inLanguage":"fr-FR","@id":"https:\/\/tourtravelandmore.com\/fr\/tours\/italie-fr\/messina-fr\/toutes-les-visites-et-activites-privees-fr-3\/visite-privee-de-letna-et-de-messine-depuis-un-hotel-ou-un-port-de-croisiere-a-messine\/#primaryimage","url":"https:\/\/tourtravelandmore.com\/wp-content\/uploads\/2023\/03\/image3-3.jpg","contentUrl":"https:\/\/tourtravelandmore.com\/wp-content\/uploads\/2023\/03\/image3-3.jpg","width":950,"height":750},{"@type":"BreadcrumbList","@id":"https:\/\/tourtravelandmore.com\/fr\/tours\/italie-fr\/messina-fr\/toutes-les-visites-et-activites-privees-fr-3\/visite-privee-de-letna-et-de-messine-depuis-un-hotel-ou-un-port-de-croisiere-a-messine\/#breadcrumb","itemListElement":[{"@type":"ListItem","position":1,"name":"Home","item":"https:\/\/tourtravelandmore.com\/fr\/"},{"@type":"ListItem","position":2,"name":"Tours","item":"https:\/\/tourtravelandmore.com\/fr\/tours\/"},{"@type":"ListItem","position":3,"name":"Visite priv\u00e9e de l&rsquo;Etna et de Messine depuis un h\u00f4tel ou un port de croisi\u00e8re \u00e0 Messine"}]},{"@type":"WebSite","@id":"https:\/\/tourtravelandmore.com\/fr\/#website","url":"https:\/\/tourtravelandmore.com\/fr\/","name":"Tour Travel And More","description":"Private sightseeing tours and luxury transfers in Spain","publisher":{"@id":"https:\/\/tourtravelandmore.com\/fr\/#organization"},"potentialAction":[{"@type":"SearchAction","target":{"@type":"EntryPoint","urlTemplate":"https:\/\/tourtravelandmore.com\/fr\/?s={search_term_string}"},"query-input":{"@type":"PropertyValueSpecification","valueRequired":true,"valueName":"search_term_string"}}],"inLanguage":"fr-FR"},{"@type":"Organization","@id":"https:\/\/tourtravelandmore.com\/fr\/#organization","name":"Tour Travel And More","url":"https:\/\/tourtravelandmore.com\/fr\/","logo":{"@type":"ImageObject","inLanguage":"fr-FR","@id":"https:\/\/tourtravelandmore.com\/fr\/#\/schema\/logo\/image\/","url":"https:\/\/tourtravelandmore.com\/wp-content\/uploads\/2022\/12\/cropped-logo-cabecera-new.png","contentUrl":"https:\/\/tourtravelandmore.com\/wp-content\/uploads\/2022\/12\/cropped-logo-cabecera-new.png","width":430,"height":61,"caption":"Tour Travel And More"},"image":{"@id":"https:\/\/tourtravelandmore.com\/fr\/#\/schema\/logo\/image\/"},"sameAs":["https:\/\/www.facebook.com\/tourtravelandmore\/","https:\/\/x.com\/TourTravel_More"]}]}},"_links":{"self":[{"href":"https:\/\/tourtravelandmore.com\/fr\/wp-json\/wp\/v2\/product\/158553","targetHints":{"allow":["GET"]}}],"collection":[{"href":"https:\/\/tourtravelandmore.com\/fr\/wp-json\/wp\/v2\/product"}],"about":[{"href":"https:\/\/tourtravelandmore.com\/fr\/wp-json\/wp\/v2\/types\/product"}],"replies":[{"embeddable":true,"href":"https:\/\/tourtravelandmore.com\/fr\/wp-json\/wp\/v2\/comments?post=158553"}],"wp:featuredmedia":[{"embeddable":true,"href":"https:\/\/tourtravelandmore.com\/fr\/wp-json\/wp\/v2\/media\/158571"}],"wp:attachment":[{"href":"https:\/\/tourtravelandmore.com\/fr\/wp-json\/wp\/v2\/media?parent=158553"}],"wp:term":[{"taxonomy":"product_brand","embeddable":true,"href":"https:\/\/tourtravelandmore.com\/fr\/wp-json\/wp\/v2\/product_brand?post=158553"},{"taxonomy":"product_cat","embeddable":true,"href":"https:\/\/tourtravelandmore.com\/fr\/wp-json\/wp\/v2\/product_cat?post=158553"},{"taxonomy":"product_tag","embeddable":true,"href":"https:\/\/tourtravelandmore.com\/fr\/wp-json\/wp\/v2\/product_tag?post=158553"}],"curies":[{"name":"wp","href":"https:\/\/api.w.org\/{rel}","templated":true}]}}