{"id":158216,"date":"2023-03-22T20:15:38","date_gmt":"2023-03-22T19:15:45","guid":{"rendered":"https:\/\/tourtravelandmore.com\/?post_type=product&#038;p=158216"},"modified":"2023-03-22T21:11:34","modified_gmt":"2023-03-22T20:11:34","slug":"visite-privee-de-seville-a-gibraltar","status":"publish","type":"product","link":"https:\/\/tourtravelandmore.com\/fr\/tours\/espagne-fr\/seville-fr\/private-sightseeing-tours-fr-23\/visite-privee-de-seville-a-gibraltar\/","title":{"rendered":"Visite priv\u00e9e de S\u00e9ville \u00e0 Gibraltar"},"content":{"rendered":"<h2>La description<\/h2>\n<p>Cette visite priv\u00e9e de <strong>S\u00e9ville<\/strong> \u00e0 <strong>Gibraltar<\/strong> propos\u00e9e par Tour Travel &amp; More d\u00e9butera \u00e0 partir de votre h\u00f4tel, port de croisi\u00e8re ou lieu de votre choix <strong>dans n&#8217;importe quelle ville d&#8217;Andalousie.<\/strong> De l\u00e0, nous commencerons votre visite priv\u00e9e de <strong>Gibraltar.<\/strong><\/p>\n<p>Nous pouvons organiser une prise en charge priv\u00e9e depuis S\u00e9ville, Malaga, Marbella, Cordoue ou Grenade. Nous pouvons organiser la prise en charge depuis n&#8217;importe quelle autre ville pour votre visite priv\u00e9e de S\u00e9ville \u00e0 Gibraltar.<\/p>\n<p>Vous pouvez choisir l&#8217;heure de d\u00e9part et le lieu de d\u00e9part<\/p>\n<p>Profitez de cette visite priv\u00e9e d&#8217;une journ\u00e9e avec votre guide officiel. Profitez de cette visite confortablement dans votre v\u00e9hicule de luxe priv\u00e9 avec chauffeur pour d\u00e9couvrir les sites les plus embl\u00e9matiques de Gibraltar.<\/p>\n<p>Le v\u00e9hicule priv\u00e9 avec chauffeur vous attendra avec votre guide \u00e0 la fronti\u00e8re espagnole. Vous prendrez le transfert en bus depuis et vers la fronti\u00e8re espagnole inclus dans le prix de ce circuit.<\/p>\n<h2>Sites d&#8217;int\u00e9r\u00eat et monuments<\/h2>\n<p>Voici un exemple de certains des sites les plus importants pour vous donner une id\u00e9e. Votre visite sera enti\u00e8rement personnalis\u00e9e pour r\u00e9pondre exactement \u00e0 vos besoins.<\/p>\n<p>Nous vous aiderons \u00e0 organiser votre exp\u00e9rience totalement personnalis\u00e9e et unique \u00e0 Gibraltar.<\/p>\n<p>Entre autres monuments et sites touristiques, vous pouvez apprendre \u00e0 conna\u00eetre:<\/p>\n<ul>\n<li><strong>Profitez de la vue sur les montagnes africaines depuis le point europ\u00e9en<\/strong><\/li>\n<li><strong>Rocher de Gibraltar<\/strong><\/li>\n<li><strong>T\u00e9l\u00e9ph\u00e9rique (contactez-nous si vous souhaitez ajouter les billets)<\/strong><\/li>\n<li><strong>Boutiques sur la Calle Real<\/strong><\/li>\n<li><strong>Criques de San Miguel<\/strong><\/li>\n<li><strong>Beaucoup plus!<\/strong><\/li>\n<\/ul>\n<p>Vous pourrez ensuite profiter et admirer la <strong>grande architecture<\/strong> et les sites touristiques des sites les plus importants et les plus connus de Gibraltar.<\/p>\n<p>Lorsque la visite est termin\u00e9e, vous retournerez vers la fronti\u00e8re. Votre chauffeur vous attendra (le transfert en bus depuis et vers le transfert espagnol est inclus dans le prix du circuit). \u00c0 ce stade, votre guide priv\u00e9 officiel et chauffeur avec v\u00e9hicule vous ram\u00e8nera \u00e0 votre h\u00f4tel ou lieu de votre choix en Andalousie.<\/p>\n<p>Vous pourrez personnaliser cette visite et prendre des photos impressionnantes quand vous le souhaitez. Il s&#8217;agit d&#8217;une visite priv\u00e9e unique et enti\u00e8rement personnalis\u00e9e de Malaga \u00e0 Gibraltar pour vous et votre groupe.<\/p>\n<p>En conclusion, des milliers de clients nous ont fait confiance pour rendre leur exp\u00e9rience unique et les aider \u00e0 organiser leur exp\u00e9rience priv\u00e9e.<\/p>\n<p>Cliquez ici pour voir nos <strong>circuits priv\u00e9s<\/strong> \u00e0 <strong>S\u00e9ville.<\/strong><\/p>\n","protected":false},"excerpt":{"rendered":"<p>Visite priv\u00e9e de n&#8217;importe quelle ville d&#8217;Andalousie \u00e0 Gibraltar. Guide touristique officiel priv\u00e9 et v\u00e9hicule priv\u00e9 avec chauffeur. Un v\u00e9hicule priv\u00e9 reste \u00e0 la fronti\u00e8re et un guide officiel est \u00e0 votre disposition pendant tout le circuit.<\/p>\n","protected":false},"featured_media":93747,"comment_status":"open","ping_status":"closed","template":"","meta":{"_acf_changed":false},"product_brand":[],"product_cat":[3676,4264,4262,4263],"product_tag":[],"class_list":{"0":"post-158216","1":"product","2":"type-product","3":"status-publish","4":"has-post-thumbnail","6":"product_cat-seville-fr","7":"product_cat-all-private-tours-activities-fr-16","8":"product_cat-private-sightseeing-tours-fr-23","9":"product_cat-excursions-pivees","11":"first","12":"instock","13":"shipping-taxable","14":"purchasable","15":"product-type-simple"},"acf":[],"yoast_head":"<!-- This site is optimized with the Yoast SEO Premium plugin v25.3.1 (Yoast SEO v25.3.1) - https:\/\/yoast.com\/wordpress\/plugins\/seo\/ -->\n<title>Visite priv\u00e9e de S\u00e9ville \u00e0 Gibraltar - Guide touristique officiel priv\u00e9 inclus<\/title>\n<meta name=\"description\" content=\"Visite priv\u00e9e de S\u00e9ville \u00e0 Gibraltar. Guide touristique officiel priv\u00e9 et v\u00e9hicule priv\u00e9 avec chauffeur. Le v\u00e9hicule priv\u00e9 reste \u00e0 la fronti\u00e8re.\" \/>\n<meta name=\"robots\" content=\"index, follow, max-snippet:-1, max-image-preview:large, max-video-preview:-1\" \/>\n<link rel=\"canonical\" href=\"https:\/\/tourtravelandmore.com\/fr\/tours\/espagne-fr\/seville-fr\/private-sightseeing-tours-fr-23\/visite-privee-de-seville-a-gibraltar\/\" \/>\n<meta property=\"og:locale\" content=\"fr_FR\" \/>\n<meta property=\"og:type\" content=\"article\" \/>\n<meta property=\"og:title\" content=\"Visite priv\u00e9e de S\u00e9ville \u00e0 Gibraltar\" \/>\n<meta property=\"og:description\" content=\"Visite priv\u00e9e de S\u00e9ville \u00e0 Gibraltar. Guide touristique officiel priv\u00e9 et v\u00e9hicule priv\u00e9 avec chauffeur. Le v\u00e9hicule priv\u00e9 reste \u00e0 la fronti\u00e8re.\" \/>\n<meta property=\"og:url\" content=\"https:\/\/tourtravelandmore.com\/fr\/tours\/espagne-fr\/seville-fr\/private-sightseeing-tours-fr-23\/visite-privee-de-seville-a-gibraltar\/\" \/>\n<meta property=\"og:site_name\" content=\"Tour Travel And More\" \/>\n<meta property=\"article:publisher\" content=\"https:\/\/www.facebook.com\/tourtravelandmore\/\" \/>\n<meta property=\"article:modified_time\" content=\"2023-03-22T20:11:34+00:00\" \/>\n<meta property=\"og:image\" content=\"https:\/\/tourtravelandmore.com\/wp-content\/uploads\/2016\/05\/portada86.jpg\" \/>\n\t<meta property=\"og:image:width\" content=\"1605\" \/>\n\t<meta property=\"og:image:height\" content=\"642\" \/>\n\t<meta property=\"og:image:type\" content=\"image\/jpeg\" \/>\n<meta name=\"twitter:card\" content=\"summary_large_image\" \/>\n<meta name=\"twitter:site\" content=\"@TourTravel_More\" \/>\n<meta name=\"twitter:label1\" content=\"Dur\u00e9e de lecture estim\u00e9e\" \/>\n\t<meta name=\"twitter:data1\" content=\"2 minutes\" \/>\n<script type=\"application\/ld+json\" class=\"yoast-schema-graph\">{\"@context\":\"https:\/\/schema.org\",\"@graph\":[{\"@type\":\"WebPage\",\"@id\":\"https:\/\/tourtravelandmore.com\/fr\/tours\/espagne-fr\/seville-fr\/private-sightseeing-tours-fr-23\/visite-privee-de-seville-a-gibraltar\/\",\"url\":\"https:\/\/tourtravelandmore.com\/fr\/tours\/espagne-fr\/seville-fr\/private-sightseeing-tours-fr-23\/visite-privee-de-seville-a-gibraltar\/\",\"name\":\"Visite priv\u00e9e de S\u00e9ville \u00e0 Gibraltar - Guide touristique officiel priv\u00e9 inclus\",\"isPartOf\":{\"@id\":\"https:\/\/tourtravelandmore.com\/fr\/#website\"},\"primaryImageOfPage\":{\"@id\":\"https:\/\/tourtravelandmore.com\/fr\/tours\/espagne-fr\/seville-fr\/private-sightseeing-tours-fr-23\/visite-privee-de-seville-a-gibraltar\/#primaryimage\"},\"image\":{\"@id\":\"https:\/\/tourtravelandmore.com\/fr\/tours\/espagne-fr\/seville-fr\/private-sightseeing-tours-fr-23\/visite-privee-de-seville-a-gibraltar\/#primaryimage\"},\"thumbnailUrl\":\"https:\/\/tourtravelandmore.com\/wp-content\/uploads\/2016\/05\/portada86.jpg\",\"datePublished\":\"2023-03-22T19:15:45+00:00\",\"dateModified\":\"2023-03-22T20:11:34+00:00\",\"description\":\"Visite priv\u00e9e de S\u00e9ville \u00e0 Gibraltar. Guide touristique officiel priv\u00e9 et v\u00e9hicule priv\u00e9 avec chauffeur. Le v\u00e9hicule priv\u00e9 reste \u00e0 la fronti\u00e8re.\",\"breadcrumb\":{\"@id\":\"https:\/\/tourtravelandmore.com\/fr\/tours\/espagne-fr\/seville-fr\/private-sightseeing-tours-fr-23\/visite-privee-de-seville-a-gibraltar\/#breadcrumb\"},\"inLanguage\":\"fr-FR\",\"potentialAction\":[{\"@type\":\"ReadAction\",\"target\":[\"https:\/\/tourtravelandmore.com\/fr\/tours\/espagne-fr\/seville-fr\/private-sightseeing-tours-fr-23\/visite-privee-de-seville-a-gibraltar\/\"]}]},{\"@type\":\"ImageObject\",\"inLanguage\":\"fr-FR\",\"@id\":\"https:\/\/tourtravelandmore.com\/fr\/tours\/espagne-fr\/seville-fr\/private-sightseeing-tours-fr-23\/visite-privee-de-seville-a-gibraltar\/#primaryimage\",\"url\":\"https:\/\/tourtravelandmore.com\/wp-content\/uploads\/2016\/05\/portada86.jpg\",\"contentUrl\":\"https:\/\/tourtravelandmore.com\/wp-content\/uploads\/2016\/05\/portada86.jpg\",\"width\":1605,\"height\":642},{\"@type\":\"BreadcrumbList\",\"@id\":\"https:\/\/tourtravelandmore.com\/fr\/tours\/espagne-fr\/seville-fr\/private-sightseeing-tours-fr-23\/visite-privee-de-seville-a-gibraltar\/#breadcrumb\",\"itemListElement\":[{\"@type\":\"ListItem\",\"position\":1,\"name\":\"Home\",\"item\":\"https:\/\/tourtravelandmore.com\/fr\/\"},{\"@type\":\"ListItem\",\"position\":2,\"name\":\"Tours\",\"item\":\"https:\/\/tourtravelandmore.com\/fr\/tours\/\"},{\"@type\":\"ListItem\",\"position\":3,\"name\":\"Visite priv\u00e9e de S\u00e9ville \u00e0 Gibraltar\"}]},{\"@type\":\"WebSite\",\"@id\":\"https:\/\/tourtravelandmore.com\/fr\/#website\",\"url\":\"https:\/\/tourtravelandmore.com\/fr\/\",\"name\":\"Tour Travel And More\",\"description\":\"Private sightseeing tours and luxury transfers in Spain\",\"publisher\":{\"@id\":\"https:\/\/tourtravelandmore.com\/fr\/#organization\"},\"potentialAction\":[{\"@type\":\"SearchAction\",\"target\":{\"@type\":\"EntryPoint\",\"urlTemplate\":\"https:\/\/tourtravelandmore.com\/fr\/?s={search_term_string}\"},\"query-input\":{\"@type\":\"PropertyValueSpecification\",\"valueRequired\":true,\"valueName\":\"search_term_string\"}}],\"inLanguage\":\"fr-FR\"},{\"@type\":\"Organization\",\"@id\":\"https:\/\/tourtravelandmore.com\/fr\/#organization\",\"name\":\"Tour Travel And More\",\"url\":\"https:\/\/tourtravelandmore.com\/fr\/\",\"logo\":{\"@type\":\"ImageObject\",\"inLanguage\":\"fr-FR\",\"@id\":\"https:\/\/tourtravelandmore.com\/fr\/#\/schema\/logo\/image\/\",\"url\":\"https:\/\/tourtravelandmore.com\/wp-content\/uploads\/2022\/12\/cropped-logo-cabecera-new.png\",\"contentUrl\":\"https:\/\/tourtravelandmore.com\/wp-content\/uploads\/2022\/12\/cropped-logo-cabecera-new.png\",\"width\":430,\"height\":61,\"caption\":\"Tour Travel And More\"},\"image\":{\"@id\":\"https:\/\/tourtravelandmore.com\/fr\/#\/schema\/logo\/image\/\"},\"sameAs\":[\"https:\/\/www.facebook.com\/tourtravelandmore\/\",\"https:\/\/x.com\/TourTravel_More\"]}]}<\/script>\n<!-- \/ Yoast SEO Premium plugin. -->","yoast_head_json":{"title":"Visite priv\u00e9e de S\u00e9ville \u00e0 Gibraltar - Guide touristique officiel priv\u00e9 inclus","description":"Visite priv\u00e9e de S\u00e9ville \u00e0 Gibraltar. Guide touristique officiel priv\u00e9 et v\u00e9hicule priv\u00e9 avec chauffeur. Le v\u00e9hicule priv\u00e9 reste \u00e0 la fronti\u00e8re.","robots":{"index":"index","follow":"follow","max-snippet":"max-snippet:-1","max-image-preview":"max-image-preview:large","max-video-preview":"max-video-preview:-1"},"canonical":"https:\/\/tourtravelandmore.com\/fr\/tours\/espagne-fr\/seville-fr\/private-sightseeing-tours-fr-23\/visite-privee-de-seville-a-gibraltar\/","og_locale":"fr_FR","og_type":"article","og_title":"Visite priv\u00e9e de S\u00e9ville \u00e0 Gibraltar","og_description":"Visite priv\u00e9e de S\u00e9ville \u00e0 Gibraltar. Guide touristique officiel priv\u00e9 et v\u00e9hicule priv\u00e9 avec chauffeur. Le v\u00e9hicule priv\u00e9 reste \u00e0 la fronti\u00e8re.","og_url":"https:\/\/tourtravelandmore.com\/fr\/tours\/espagne-fr\/seville-fr\/private-sightseeing-tours-fr-23\/visite-privee-de-seville-a-gibraltar\/","og_site_name":"Tour Travel And More","article_publisher":"https:\/\/www.facebook.com\/tourtravelandmore\/","article_modified_time":"2023-03-22T20:11:34+00:00","og_image":[{"width":1605,"height":642,"url":"https:\/\/tourtravelandmore.com\/wp-content\/uploads\/2016\/05\/portada86.jpg","type":"image\/jpeg"}],"twitter_card":"summary_large_image","twitter_site":"@TourTravel_More","twitter_misc":{"Dur\u00e9e de lecture estim\u00e9e":"2 minutes"},"schema":{"@context":"https:\/\/schema.org","@graph":[{"@type":"WebPage","@id":"https:\/\/tourtravelandmore.com\/fr\/tours\/espagne-fr\/seville-fr\/private-sightseeing-tours-fr-23\/visite-privee-de-seville-a-gibraltar\/","url":"https:\/\/tourtravelandmore.com\/fr\/tours\/espagne-fr\/seville-fr\/private-sightseeing-tours-fr-23\/visite-privee-de-seville-a-gibraltar\/","name":"Visite priv\u00e9e de S\u00e9ville \u00e0 Gibraltar - Guide touristique officiel priv\u00e9 inclus","isPartOf":{"@id":"https:\/\/tourtravelandmore.com\/fr\/#website"},"primaryImageOfPage":{"@id":"https:\/\/tourtravelandmore.com\/fr\/tours\/espagne-fr\/seville-fr\/private-sightseeing-tours-fr-23\/visite-privee-de-seville-a-gibraltar\/#primaryimage"},"image":{"@id":"https:\/\/tourtravelandmore.com\/fr\/tours\/espagne-fr\/seville-fr\/private-sightseeing-tours-fr-23\/visite-privee-de-seville-a-gibraltar\/#primaryimage"},"thumbnailUrl":"https:\/\/tourtravelandmore.com\/wp-content\/uploads\/2016\/05\/portada86.jpg","datePublished":"2023-03-22T19:15:45+00:00","dateModified":"2023-03-22T20:11:34+00:00","description":"Visite priv\u00e9e de S\u00e9ville \u00e0 Gibraltar. Guide touristique officiel priv\u00e9 et v\u00e9hicule priv\u00e9 avec chauffeur. Le v\u00e9hicule priv\u00e9 reste \u00e0 la fronti\u00e8re.","breadcrumb":{"@id":"https:\/\/tourtravelandmore.com\/fr\/tours\/espagne-fr\/seville-fr\/private-sightseeing-tours-fr-23\/visite-privee-de-seville-a-gibraltar\/#breadcrumb"},"inLanguage":"fr-FR","potentialAction":[{"@type":"ReadAction","target":["https:\/\/tourtravelandmore.com\/fr\/tours\/espagne-fr\/seville-fr\/private-sightseeing-tours-fr-23\/visite-privee-de-seville-a-gibraltar\/"]}]},{"@type":"ImageObject","inLanguage":"fr-FR","@id":"https:\/\/tourtravelandmore.com\/fr\/tours\/espagne-fr\/seville-fr\/private-sightseeing-tours-fr-23\/visite-privee-de-seville-a-gibraltar\/#primaryimage","url":"https:\/\/tourtravelandmore.com\/wp-content\/uploads\/2016\/05\/portada86.jpg","contentUrl":"https:\/\/tourtravelandmore.com\/wp-content\/uploads\/2016\/05\/portada86.jpg","width":1605,"height":642},{"@type":"BreadcrumbList","@id":"https:\/\/tourtravelandmore.com\/fr\/tours\/espagne-fr\/seville-fr\/private-sightseeing-tours-fr-23\/visite-privee-de-seville-a-gibraltar\/#breadcrumb","itemListElement":[{"@type":"ListItem","position":1,"name":"Home","item":"https:\/\/tourtravelandmore.com\/fr\/"},{"@type":"ListItem","position":2,"name":"Tours","item":"https:\/\/tourtravelandmore.com\/fr\/tours\/"},{"@type":"ListItem","position":3,"name":"Visite priv\u00e9e de S\u00e9ville \u00e0 Gibraltar"}]},{"@type":"WebSite","@id":"https:\/\/tourtravelandmore.com\/fr\/#website","url":"https:\/\/tourtravelandmore.com\/fr\/","name":"Tour Travel And More","description":"Private sightseeing tours and luxury transfers in Spain","publisher":{"@id":"https:\/\/tourtravelandmore.com\/fr\/#organization"},"potentialAction":[{"@type":"SearchAction","target":{"@type":"EntryPoint","urlTemplate":"https:\/\/tourtravelandmore.com\/fr\/?s={search_term_string}"},"query-input":{"@type":"PropertyValueSpecification","valueRequired":true,"valueName":"search_term_string"}}],"inLanguage":"fr-FR"},{"@type":"Organization","@id":"https:\/\/tourtravelandmore.com\/fr\/#organization","name":"Tour Travel And More","url":"https:\/\/tourtravelandmore.com\/fr\/","logo":{"@type":"ImageObject","inLanguage":"fr-FR","@id":"https:\/\/tourtravelandmore.com\/fr\/#\/schema\/logo\/image\/","url":"https:\/\/tourtravelandmore.com\/wp-content\/uploads\/2022\/12\/cropped-logo-cabecera-new.png","contentUrl":"https:\/\/tourtravelandmore.com\/wp-content\/uploads\/2022\/12\/cropped-logo-cabecera-new.png","width":430,"height":61,"caption":"Tour Travel And More"},"image":{"@id":"https:\/\/tourtravelandmore.com\/fr\/#\/schema\/logo\/image\/"},"sameAs":["https:\/\/www.facebook.com\/tourtravelandmore\/","https:\/\/x.com\/TourTravel_More"]}]}},"_links":{"self":[{"href":"https:\/\/tourtravelandmore.com\/fr\/wp-json\/wp\/v2\/product\/158216","targetHints":{"allow":["GET"]}}],"collection":[{"href":"https:\/\/tourtravelandmore.com\/fr\/wp-json\/wp\/v2\/product"}],"about":[{"href":"https:\/\/tourtravelandmore.com\/fr\/wp-json\/wp\/v2\/types\/product"}],"replies":[{"embeddable":true,"href":"https:\/\/tourtravelandmore.com\/fr\/wp-json\/wp\/v2\/comments?post=158216"}],"wp:featuredmedia":[{"embeddable":true,"href":"https:\/\/tourtravelandmore.com\/fr\/wp-json\/wp\/v2\/media\/93747"}],"wp:attachment":[{"href":"https:\/\/tourtravelandmore.com\/fr\/wp-json\/wp\/v2\/media?parent=158216"}],"wp:term":[{"taxonomy":"product_brand","embeddable":true,"href":"https:\/\/tourtravelandmore.com\/fr\/wp-json\/wp\/v2\/product_brand?post=158216"},{"taxonomy":"product_cat","embeddable":true,"href":"https:\/\/tourtravelandmore.com\/fr\/wp-json\/wp\/v2\/product_cat?post=158216"},{"taxonomy":"product_tag","embeddable":true,"href":"https:\/\/tourtravelandmore.com\/fr\/wp-json\/wp\/v2\/product_tag?post=158216"}],"curies":[{"name":"wp","href":"https:\/\/api.w.org\/{rel}","templated":true}]}}