{"id":157554,"date":"2023-03-17T20:59:47","date_gmt":"2023-03-17T19:59:57","guid":{"rendered":"https:\/\/tourtravelandmore.com\/?post_type=product&#038;p=157554"},"modified":"2023-03-17T21:09:41","modified_gmt":"2023-03-17T20:09:41","slug":"visite-privee-de-ronda-au-depart-de-seville","status":"publish","type":"product","link":"https:\/\/tourtravelandmore.com\/fr\/tours\/espagne-fr\/seville-fr\/excursions-pivees\/visite-privee-de-ronda-au-depart-de-seville\/","title":{"rendered":"Visite priv\u00e9e de Ronda au d\u00e9part de S\u00e9ville"},"content":{"rendered":"<h2>La description<\/h2>\n<p>Une excellente excursion d&#8217;une journ\u00e9e au d\u00e9part de S\u00e9ville est de visiter Ronda. Prenez une journ\u00e9e de cong\u00e9 et profitez de cette visite priv\u00e9e priv\u00e9e de Ronda au d\u00e9part de S\u00e9ville.<\/p>\n<p>Tout d&#8217;abord, cette visite priv\u00e9e de Ronda au d\u00e9part de <strong>S\u00e9ville<\/strong> commencera \u00e0 partir de votre h\u00f4tel ou port de croisi\u00e8re de <strong>S\u00e9ville.<\/strong> Nous pouvons \u00e9galement organiser une prise en charge priv\u00e9e depuis <strong>Marbella, Puerto Banus, Estepona<\/strong> ou toute zone environnante de <strong>S\u00e9ville.<\/strong> Votre chauffeur priv\u00e9 viendra vous chercher et vous conduira vers <strong>Ronda.<\/strong><\/p>\n<p>Une fois arriv\u00e9s \u00e0 <strong>Ronda,<\/strong> rencontrez votre guide officiel priv\u00e9 pour une visite guid\u00e9e de <strong>3 heures.<\/strong> Votre guide priv\u00e9 vous fera d\u00e9couvrir les meilleurs et les plus importants sites de Ronda. Vous vous prom\u00e8nerez et apprendrez l&#8217;histoire et appr\u00e9cierez les sites de cette belle ville.<\/p>\n<p>Apr\u00e8s la visite guid\u00e9e de <strong>3<\/strong>\u00a0<strong>heures,<\/strong> vous aurez du temps libre pour manger un morceau avant de retourner vers <strong>S\u00e9ville<\/strong> ou votre point de d\u00e9part souhait\u00e9.<\/p>\n<p>Enfin, vous serez d\u00e9pos\u00e9 \u00e0 votre m\u00eame point de prise en charge lorsque votre visite priv\u00e9e de Ronda au d\u00e9part de S\u00e9ville sera termin\u00e9e!<\/p>\n<h2>Sites d&#8217;int\u00e9r\u00eat et monuments<\/h2>\n<p>Construite par l&#8217;empereur romain Jules C\u00e9sar au <strong>1er si\u00e8cle<\/strong> apr\u00e8s <strong>JC,<\/strong> puis au <strong>8\u00e8me si\u00e8cle,<\/strong> la ville fut prise par les landes. <strong>Aujourd&#8217;hui, Ronda<\/strong> est la troisi\u00e8me ville la plus visit\u00e9e <strong>d&#8217;Andalousie,<\/strong> elle est situ\u00e9e dans un endroit magnifique, au milieu des gorges <strong>d&#8217;El Tajo.<\/strong> La ville est divis\u00e9e par un nouveau pont, qui a \u00e9t\u00e9 achev\u00e9 au 16\u00e8me si\u00e8cle, qui relie l&#8217;ancienne ville maure \u00e0 la plus r\u00e9cente. Entre autres monuments et sites touristiques, vous pouvez apprendre \u00e0 conna\u00eetre:<\/p>\n<ul>\n<li><strong>Trois ponts de Ronda: Puente Romano, Puente Viejo et<\/strong><\/li>\n<li><strong>Puente Nuevo<\/strong><\/li>\n<li><strong>Mairie<\/strong><\/li>\n<li><strong>Ar\u00e8ne de tauromachie (on dit que Ronda est le foyer de la corrida moderne. L&#8217;entr\u00e9e est incluse dans le prix de cette visite priv\u00e9e)<\/strong><\/li>\n<li><strong>Maison de Don Bosco (palais moderniste du d\u00e9but du XXe si\u00e8cle, d\u00e9cor\u00e9 d&#8217;arabes et de c\u00e9ramiques r\u00e9gionales. Entr\u00e9e incluse dans le prix de la visite)<\/strong><\/li>\n<li><strong>Bains arabes<\/strong><\/li>\n<li><strong>Ruines Acinipo (ancienne ville romaine situ\u00e9e \u00e0 20 minutes de Ronda, o\u00f9 le vin \u00e9tait produit et export\u00e9 vers Rome)<\/strong><\/li>\n<li><strong>Beaucoup plus!<\/strong><\/li>\n<\/ul>\n<p>Vous pourrez ensuite profiter et admirer la grande architecture et les sites touristiques des monuments les plus importants et les plus connus de <strong>Ronda<\/strong> avant de retourner vers votre point de d\u00e9part.<\/p>\n","protected":false},"excerpt":{"rendered":"<p>Visite priv\u00e9e de Ronda. Chauffeur priv\u00e9 en v\u00e9hicule de luxe avec prise en charge priv\u00e9e. Guide touristique officiel priv\u00e9 \u00e0 Ronda pour votre visite guid\u00e9e. Visite incroyable pour profiter du meilleur de Ronda!<\/p>\n","protected":false},"featured_media":93691,"comment_status":"open","ping_status":"closed","template":"","meta":{"_acf_changed":false},"product_brand":[],"product_cat":[4269,3676,4264,4263],"product_tag":[],"class_list":{"0":"post-157554","1":"product","2":"type-product","3":"status-publish","4":"has-post-thumbnail","6":"product_cat-private-day-trips-fr-11","7":"product_cat-seville-fr","8":"product_cat-all-private-tours-activities-fr-16","9":"product_cat-excursions-pivees","11":"first","12":"instock","13":"shipping-taxable","14":"purchasable","15":"product-type-simple"},"acf":[],"yoast_head":"<!-- This site is optimized with the Yoast SEO Premium plugin v25.3.1 (Yoast SEO v25.3.1) - https:\/\/yoast.com\/wordpress\/plugins\/seo\/ -->\n<title>Visite priv\u00e9e de Ronda au d\u00e9part de S\u00e9ville - V\u00e9hicule de luxe et guide s\u00e9par\u00e9<\/title>\n<meta name=\"description\" content=\"Visite priv\u00e9e de Ronda au d\u00e9part de S\u00e9ville. Chauffeur priv\u00e9 dans un v\u00e9hicule de luxe avec prise en charge \u00e0 S\u00e9ville. Guide touristique officiel priv\u00e9 \u00e0 Ronda pour votre visite guid\u00e9e.\" \/>\n<meta name=\"robots\" content=\"index, follow, max-snippet:-1, max-image-preview:large, max-video-preview:-1\" \/>\n<link rel=\"canonical\" href=\"https:\/\/tourtravelandmore.com\/fr\/tours\/espagne-fr\/seville-fr\/excursions-pivees\/visite-privee-de-ronda-au-depart-de-seville\/\" \/>\n<meta property=\"og:locale\" content=\"fr_FR\" \/>\n<meta property=\"og:type\" content=\"article\" \/>\n<meta property=\"og:title\" content=\"Visite priv\u00e9e de Ronda au d\u00e9part de S\u00e9ville\" \/>\n<meta property=\"og:description\" content=\"Visite priv\u00e9e de Ronda au d\u00e9part de S\u00e9ville. Chauffeur priv\u00e9 dans un v\u00e9hicule de luxe avec prise en charge \u00e0 S\u00e9ville. Guide touristique officiel priv\u00e9 \u00e0 Ronda pour votre visite guid\u00e9e.\" \/>\n<meta property=\"og:url\" content=\"https:\/\/tourtravelandmore.com\/fr\/tours\/espagne-fr\/seville-fr\/excursions-pivees\/visite-privee-de-ronda-au-depart-de-seville\/\" \/>\n<meta property=\"og:site_name\" content=\"Tour Travel And More\" \/>\n<meta property=\"article:publisher\" content=\"https:\/\/www.facebook.com\/tourtravelandmore\/\" \/>\n<meta property=\"article:modified_time\" content=\"2023-03-17T20:09:41+00:00\" \/>\n<meta property=\"og:image\" content=\"https:\/\/tourtravelandmore.com\/wp-content\/uploads\/2016\/03\/Ronda-2.jpg\" \/>\n\t<meta property=\"og:image:width\" content=\"1727\" \/>\n\t<meta property=\"og:image:height\" content=\"1080\" \/>\n\t<meta property=\"og:image:type\" content=\"image\/jpeg\" \/>\n<meta name=\"twitter:card\" content=\"summary_large_image\" \/>\n<meta name=\"twitter:site\" content=\"@TourTravel_More\" \/>\n<meta name=\"twitter:label1\" content=\"Dur\u00e9e de lecture estim\u00e9e\" \/>\n\t<meta name=\"twitter:data1\" content=\"2 minutes\" \/>\n<script type=\"application\/ld+json\" class=\"yoast-schema-graph\">{\"@context\":\"https:\/\/schema.org\",\"@graph\":[{\"@type\":\"WebPage\",\"@id\":\"https:\/\/tourtravelandmore.com\/fr\/tours\/espagne-fr\/seville-fr\/excursions-pivees\/visite-privee-de-ronda-au-depart-de-seville\/\",\"url\":\"https:\/\/tourtravelandmore.com\/fr\/tours\/espagne-fr\/seville-fr\/excursions-pivees\/visite-privee-de-ronda-au-depart-de-seville\/\",\"name\":\"Visite priv\u00e9e de Ronda au d\u00e9part de S\u00e9ville - V\u00e9hicule de luxe et guide s\u00e9par\u00e9\",\"isPartOf\":{\"@id\":\"https:\/\/tourtravelandmore.com\/fr\/#website\"},\"primaryImageOfPage\":{\"@id\":\"https:\/\/tourtravelandmore.com\/fr\/tours\/espagne-fr\/seville-fr\/excursions-pivees\/visite-privee-de-ronda-au-depart-de-seville\/#primaryimage\"},\"image\":{\"@id\":\"https:\/\/tourtravelandmore.com\/fr\/tours\/espagne-fr\/seville-fr\/excursions-pivees\/visite-privee-de-ronda-au-depart-de-seville\/#primaryimage\"},\"thumbnailUrl\":\"https:\/\/tourtravelandmore.com\/wp-content\/uploads\/2016\/03\/Ronda-2.jpg\",\"datePublished\":\"2023-03-17T19:59:57+00:00\",\"dateModified\":\"2023-03-17T20:09:41+00:00\",\"description\":\"Visite priv\u00e9e de Ronda au d\u00e9part de S\u00e9ville. Chauffeur priv\u00e9 dans un v\u00e9hicule de luxe avec prise en charge \u00e0 S\u00e9ville. Guide touristique officiel priv\u00e9 \u00e0 Ronda pour votre visite guid\u00e9e.\",\"breadcrumb\":{\"@id\":\"https:\/\/tourtravelandmore.com\/fr\/tours\/espagne-fr\/seville-fr\/excursions-pivees\/visite-privee-de-ronda-au-depart-de-seville\/#breadcrumb\"},\"inLanguage\":\"fr-FR\",\"potentialAction\":[{\"@type\":\"ReadAction\",\"target\":[\"https:\/\/tourtravelandmore.com\/fr\/tours\/espagne-fr\/seville-fr\/excursions-pivees\/visite-privee-de-ronda-au-depart-de-seville\/\"]}]},{\"@type\":\"ImageObject\",\"inLanguage\":\"fr-FR\",\"@id\":\"https:\/\/tourtravelandmore.com\/fr\/tours\/espagne-fr\/seville-fr\/excursions-pivees\/visite-privee-de-ronda-au-depart-de-seville\/#primaryimage\",\"url\":\"https:\/\/tourtravelandmore.com\/wp-content\/uploads\/2016\/03\/Ronda-2.jpg\",\"contentUrl\":\"https:\/\/tourtravelandmore.com\/wp-content\/uploads\/2016\/03\/Ronda-2.jpg\",\"width\":1727,\"height\":1080},{\"@type\":\"BreadcrumbList\",\"@id\":\"https:\/\/tourtravelandmore.com\/fr\/tours\/espagne-fr\/seville-fr\/excursions-pivees\/visite-privee-de-ronda-au-depart-de-seville\/#breadcrumb\",\"itemListElement\":[{\"@type\":\"ListItem\",\"position\":1,\"name\":\"Home\",\"item\":\"https:\/\/tourtravelandmore.com\/fr\/\"},{\"@type\":\"ListItem\",\"position\":2,\"name\":\"Tours\",\"item\":\"https:\/\/tourtravelandmore.com\/fr\/tours\/\"},{\"@type\":\"ListItem\",\"position\":3,\"name\":\"Visite priv\u00e9e de Ronda au d\u00e9part de S\u00e9ville\"}]},{\"@type\":\"WebSite\",\"@id\":\"https:\/\/tourtravelandmore.com\/fr\/#website\",\"url\":\"https:\/\/tourtravelandmore.com\/fr\/\",\"name\":\"Tour Travel And More\",\"description\":\"Private sightseeing tours and luxury transfers in Spain\",\"publisher\":{\"@id\":\"https:\/\/tourtravelandmore.com\/fr\/#organization\"},\"potentialAction\":[{\"@type\":\"SearchAction\",\"target\":{\"@type\":\"EntryPoint\",\"urlTemplate\":\"https:\/\/tourtravelandmore.com\/fr\/?s={search_term_string}\"},\"query-input\":{\"@type\":\"PropertyValueSpecification\",\"valueRequired\":true,\"valueName\":\"search_term_string\"}}],\"inLanguage\":\"fr-FR\"},{\"@type\":\"Organization\",\"@id\":\"https:\/\/tourtravelandmore.com\/fr\/#organization\",\"name\":\"Tour Travel And More\",\"url\":\"https:\/\/tourtravelandmore.com\/fr\/\",\"logo\":{\"@type\":\"ImageObject\",\"inLanguage\":\"fr-FR\",\"@id\":\"https:\/\/tourtravelandmore.com\/fr\/#\/schema\/logo\/image\/\",\"url\":\"https:\/\/tourtravelandmore.com\/wp-content\/uploads\/2022\/12\/cropped-logo-cabecera-new.png\",\"contentUrl\":\"https:\/\/tourtravelandmore.com\/wp-content\/uploads\/2022\/12\/cropped-logo-cabecera-new.png\",\"width\":430,\"height\":61,\"caption\":\"Tour Travel And More\"},\"image\":{\"@id\":\"https:\/\/tourtravelandmore.com\/fr\/#\/schema\/logo\/image\/\"},\"sameAs\":[\"https:\/\/www.facebook.com\/tourtravelandmore\/\",\"https:\/\/x.com\/TourTravel_More\"]}]}<\/script>\n<!-- \/ Yoast SEO Premium plugin. -->","yoast_head_json":{"title":"Visite priv\u00e9e de Ronda au d\u00e9part de S\u00e9ville - V\u00e9hicule de luxe et guide s\u00e9par\u00e9","description":"Visite priv\u00e9e de Ronda au d\u00e9part de S\u00e9ville. Chauffeur priv\u00e9 dans un v\u00e9hicule de luxe avec prise en charge \u00e0 S\u00e9ville. Guide touristique officiel priv\u00e9 \u00e0 Ronda pour votre visite guid\u00e9e.","robots":{"index":"index","follow":"follow","max-snippet":"max-snippet:-1","max-image-preview":"max-image-preview:large","max-video-preview":"max-video-preview:-1"},"canonical":"https:\/\/tourtravelandmore.com\/fr\/tours\/espagne-fr\/seville-fr\/excursions-pivees\/visite-privee-de-ronda-au-depart-de-seville\/","og_locale":"fr_FR","og_type":"article","og_title":"Visite priv\u00e9e de Ronda au d\u00e9part de S\u00e9ville","og_description":"Visite priv\u00e9e de Ronda au d\u00e9part de S\u00e9ville. Chauffeur priv\u00e9 dans un v\u00e9hicule de luxe avec prise en charge \u00e0 S\u00e9ville. Guide touristique officiel priv\u00e9 \u00e0 Ronda pour votre visite guid\u00e9e.","og_url":"https:\/\/tourtravelandmore.com\/fr\/tours\/espagne-fr\/seville-fr\/excursions-pivees\/visite-privee-de-ronda-au-depart-de-seville\/","og_site_name":"Tour Travel And More","article_publisher":"https:\/\/www.facebook.com\/tourtravelandmore\/","article_modified_time":"2023-03-17T20:09:41+00:00","og_image":[{"width":1727,"height":1080,"url":"https:\/\/tourtravelandmore.com\/wp-content\/uploads\/2016\/03\/Ronda-2.jpg","type":"image\/jpeg"}],"twitter_card":"summary_large_image","twitter_site":"@TourTravel_More","twitter_misc":{"Dur\u00e9e de lecture estim\u00e9e":"2 minutes"},"schema":{"@context":"https:\/\/schema.org","@graph":[{"@type":"WebPage","@id":"https:\/\/tourtravelandmore.com\/fr\/tours\/espagne-fr\/seville-fr\/excursions-pivees\/visite-privee-de-ronda-au-depart-de-seville\/","url":"https:\/\/tourtravelandmore.com\/fr\/tours\/espagne-fr\/seville-fr\/excursions-pivees\/visite-privee-de-ronda-au-depart-de-seville\/","name":"Visite priv\u00e9e de Ronda au d\u00e9part de S\u00e9ville - V\u00e9hicule de luxe et guide s\u00e9par\u00e9","isPartOf":{"@id":"https:\/\/tourtravelandmore.com\/fr\/#website"},"primaryImageOfPage":{"@id":"https:\/\/tourtravelandmore.com\/fr\/tours\/espagne-fr\/seville-fr\/excursions-pivees\/visite-privee-de-ronda-au-depart-de-seville\/#primaryimage"},"image":{"@id":"https:\/\/tourtravelandmore.com\/fr\/tours\/espagne-fr\/seville-fr\/excursions-pivees\/visite-privee-de-ronda-au-depart-de-seville\/#primaryimage"},"thumbnailUrl":"https:\/\/tourtravelandmore.com\/wp-content\/uploads\/2016\/03\/Ronda-2.jpg","datePublished":"2023-03-17T19:59:57+00:00","dateModified":"2023-03-17T20:09:41+00:00","description":"Visite priv\u00e9e de Ronda au d\u00e9part de S\u00e9ville. Chauffeur priv\u00e9 dans un v\u00e9hicule de luxe avec prise en charge \u00e0 S\u00e9ville. Guide touristique officiel priv\u00e9 \u00e0 Ronda pour votre visite guid\u00e9e.","breadcrumb":{"@id":"https:\/\/tourtravelandmore.com\/fr\/tours\/espagne-fr\/seville-fr\/excursions-pivees\/visite-privee-de-ronda-au-depart-de-seville\/#breadcrumb"},"inLanguage":"fr-FR","potentialAction":[{"@type":"ReadAction","target":["https:\/\/tourtravelandmore.com\/fr\/tours\/espagne-fr\/seville-fr\/excursions-pivees\/visite-privee-de-ronda-au-depart-de-seville\/"]}]},{"@type":"ImageObject","inLanguage":"fr-FR","@id":"https:\/\/tourtravelandmore.com\/fr\/tours\/espagne-fr\/seville-fr\/excursions-pivees\/visite-privee-de-ronda-au-depart-de-seville\/#primaryimage","url":"https:\/\/tourtravelandmore.com\/wp-content\/uploads\/2016\/03\/Ronda-2.jpg","contentUrl":"https:\/\/tourtravelandmore.com\/wp-content\/uploads\/2016\/03\/Ronda-2.jpg","width":1727,"height":1080},{"@type":"BreadcrumbList","@id":"https:\/\/tourtravelandmore.com\/fr\/tours\/espagne-fr\/seville-fr\/excursions-pivees\/visite-privee-de-ronda-au-depart-de-seville\/#breadcrumb","itemListElement":[{"@type":"ListItem","position":1,"name":"Home","item":"https:\/\/tourtravelandmore.com\/fr\/"},{"@type":"ListItem","position":2,"name":"Tours","item":"https:\/\/tourtravelandmore.com\/fr\/tours\/"},{"@type":"ListItem","position":3,"name":"Visite priv\u00e9e de Ronda au d\u00e9part de S\u00e9ville"}]},{"@type":"WebSite","@id":"https:\/\/tourtravelandmore.com\/fr\/#website","url":"https:\/\/tourtravelandmore.com\/fr\/","name":"Tour Travel And More","description":"Private sightseeing tours and luxury transfers in Spain","publisher":{"@id":"https:\/\/tourtravelandmore.com\/fr\/#organization"},"potentialAction":[{"@type":"SearchAction","target":{"@type":"EntryPoint","urlTemplate":"https:\/\/tourtravelandmore.com\/fr\/?s={search_term_string}"},"query-input":{"@type":"PropertyValueSpecification","valueRequired":true,"valueName":"search_term_string"}}],"inLanguage":"fr-FR"},{"@type":"Organization","@id":"https:\/\/tourtravelandmore.com\/fr\/#organization","name":"Tour Travel And More","url":"https:\/\/tourtravelandmore.com\/fr\/","logo":{"@type":"ImageObject","inLanguage":"fr-FR","@id":"https:\/\/tourtravelandmore.com\/fr\/#\/schema\/logo\/image\/","url":"https:\/\/tourtravelandmore.com\/wp-content\/uploads\/2022\/12\/cropped-logo-cabecera-new.png","contentUrl":"https:\/\/tourtravelandmore.com\/wp-content\/uploads\/2022\/12\/cropped-logo-cabecera-new.png","width":430,"height":61,"caption":"Tour Travel And More"},"image":{"@id":"https:\/\/tourtravelandmore.com\/fr\/#\/schema\/logo\/image\/"},"sameAs":["https:\/\/www.facebook.com\/tourtravelandmore\/","https:\/\/x.com\/TourTravel_More"]}]}},"_links":{"self":[{"href":"https:\/\/tourtravelandmore.com\/fr\/wp-json\/wp\/v2\/product\/157554","targetHints":{"allow":["GET"]}}],"collection":[{"href":"https:\/\/tourtravelandmore.com\/fr\/wp-json\/wp\/v2\/product"}],"about":[{"href":"https:\/\/tourtravelandmore.com\/fr\/wp-json\/wp\/v2\/types\/product"}],"replies":[{"embeddable":true,"href":"https:\/\/tourtravelandmore.com\/fr\/wp-json\/wp\/v2\/comments?post=157554"}],"wp:featuredmedia":[{"embeddable":true,"href":"https:\/\/tourtravelandmore.com\/fr\/wp-json\/wp\/v2\/media\/93691"}],"wp:attachment":[{"href":"https:\/\/tourtravelandmore.com\/fr\/wp-json\/wp\/v2\/media?parent=157554"}],"wp:term":[{"taxonomy":"product_brand","embeddable":true,"href":"https:\/\/tourtravelandmore.com\/fr\/wp-json\/wp\/v2\/product_brand?post=157554"},{"taxonomy":"product_cat","embeddable":true,"href":"https:\/\/tourtravelandmore.com\/fr\/wp-json\/wp\/v2\/product_cat?post=157554"},{"taxonomy":"product_tag","embeddable":true,"href":"https:\/\/tourtravelandmore.com\/fr\/wp-json\/wp\/v2\/product_tag?post=157554"}],"curies":[{"name":"wp","href":"https:\/\/api.w.org\/{rel}","templated":true}]}}