{"id":157385,"date":"2023-03-16T15:05:52","date_gmt":"2023-03-16T14:06:12","guid":{"rendered":"https:\/\/tourtravelandmore.com\/?post_type=product&#038;p=157385"},"modified":"2023-03-16T15:30:28","modified_gmt":"2023-03-16T14:30:28","slug":"visite-privee-de-lalhambra-depuis-seville","status":"publish","type":"product","link":"https:\/\/tourtravelandmore.com\/fr\/tours\/espagne-fr\/seville-fr\/excursions-pivees\/visite-privee-de-lalhambra-depuis-seville\/","title":{"rendered":"Visite priv\u00e9e de l&#8217;Alhambra depuis S\u00e9ville"},"content":{"rendered":"<h2>La description<\/h2>\n<p>Profitez de cette visite priv\u00e9e de l&#8217;Alhambra au d\u00e9part de Malaga. Nous pouvons \u00e9galement organiser la prise en charge depuis S\u00e9ville.<\/p>\n<p>L&#8217;Alhambra n&#8217;est pas seulement un somptueux complexe de palais et de chambres situ\u00e9 dans la ville de Grenade en Espagne. C&#8217;est aussi l&#8217;un des endroits les plus magiques de toute l&#8217;Andalousie. Il abrite les derni\u00e8res r\u00e9miniscences de la dynastie musulmane dans la p\u00e9ninsule ib\u00e9rique. Apprenez tout sur son h\u00e9ritage d&#8217;histoires, de myst\u00e8res et de l\u00e9gendes.<\/p>\n<p>Vous pouvez embarquer avec nous pour cette visite priv\u00e9e S\u00e9ville. Peu importe si vous \u00eates \u00e0 S\u00e9ville, Marbella, Cordoue ou m\u00eame si vous ne vous arr\u00eaterez que quelques heures au port de croisi\u00e8re de Malaga.<\/p>\n<p>Nous vous attribuerons un v\u00e9hicule de luxe priv\u00e9 avec chauffeur et vous fournirons \u00e9galement un guide expert. Votre guide priv\u00e9 vous attendra dans la ville de Grenade pour vous emmener \u00e0 travers les impressionnants palais et les beaux jardins qui composent le complexe de l&#8217;Alhambra.<\/p>\n<h2>Sites d&#8217;int\u00e9r\u00eat et monuments<\/h2>\n<p>Cette magnifique promenade charg\u00e9e d&#8217;histoires, d&#8217;\u00e9nigmes et d&#8217;une richesse architecturale in\u00e9gal\u00e9e, d\u00e9butera au point de rencontre que vous indiquez n&#8217;importe o\u00f9 en Andalousie, cela peut m\u00eame \u00eatre le port de croisi\u00e8re de Malaga. C&#8217;est la meilleure visite priv\u00e9e de l&#8217;Alhambra au d\u00e9part de Malaga.<\/p>\n<p>Un chauffeur viendra vous chercher dans le v\u00e9hicule de luxe affect\u00e9 \u00e0 votre visite priv\u00e9e. Vous n&#8217;aurez besoin de prendre aucun type de transport en commun, ni de vous soucier des heures de d\u00e9part.<\/p>\n<p>La dur\u00e9e totale de cette visite priv\u00e9e sera d&#8217;environ 8 \u00e0 10, selon la distance entre votre logement et la ville de Grenade.<\/p>\n<p>Tout d&#8217;abord, votre guide priv\u00e9 vous attendra devant le magnifique complexe de palais qui composent l&#8217;Alhambra, avec des billets personnalis\u00e9s pour cette visite.<\/p>\n<p>Une fois \u00e0 l&#8217;int\u00e9rieur du complexe, vous visiterez les <strong>palais nasrides.<\/strong><\/p>\n<p>Ce sont deux palais ind\u00e9pendants datant du <strong>XIVe si\u00e8cle.<\/strong><\/p>\n<p>Le premier est le <strong>palais<\/strong> de <strong>Comares;<\/strong> ce sont les <strong>quartiers<\/strong> du <strong>monarque.<\/strong> Un bel endroit avec une s\u00e9rie d&#8217;inscriptions et d&#8217;ornements qui parviennent \u00e0 laisser \u00e0 bout de souffle tous ceux qui les voient pour la premi\u00e8re fois.<\/p>\n<p>Il est construit autour de la <strong>cour<\/strong> des <strong>Myrtes,<\/strong> juste au nord de la salle du navire et de la salle des ambassadeurs.<\/p>\n<p>Le deuxi\u00e8me b\u00e2timent est le <strong>Palais<\/strong> des <strong>Lions<\/strong> et c&#8217;est vraiment le troisi\u00e8me palais le plus important de tout le complexe. L&#8217;endroit o\u00f9 se trouve la <strong>c\u00e9l\u00e8bre Cour<\/strong> des <strong>Lions.<\/strong><\/p>\n<p>Le prochain point que vous passerez sera <strong>l&#8217;Alcazaba.<\/strong> C&#8217;est une forteresse militaire qui a \u00e9t\u00e9 le premier point \u00e0 \u00eatre construit dans toute <strong>l&#8217;Alhambra<\/strong> et en fait. Avant d&#8217;exister sur la <strong>colline Sabika,<\/strong> il y avait un petit ch\u00e2teau d\u00e9fensif mais a \u00e9t\u00e9 remplac\u00e9 par cette \u0153uvre architecturale impressionnante.<\/p>\n<p>Vous avancerez un peu dans le temps en arrivant \u00e0 l&#8217;\u00e9poque de la Renaissance avec le <strong>Palais<\/strong> <strong>de Charles<\/strong>\u00a0<strong>V<\/strong>. Une autre magnifique salle qui fait partie des demeures palatiales de ce complexe. Bien que ce soit une construction beaucoup plus moderne que <strong>Charles Quint<\/strong> a ordonn\u00e9 de construire lors de sa visite \u00e0 Grenade pendant sa lune de miel, elle deviendrait <strong>&#8220;La Nouvelle Maison Royale&#8221;.<\/strong><\/p>\n<p>Le dernier lieu d&#8217;int\u00e9r\u00eat que vous saurez est El Partal. Le dernier palais debout dans ce domaine, bien que ses environs soient pleins d&#8217;anciennes ruines de r\u00e9sidences de la noblesse. L&#8217;endroit est entour\u00e9 de magnifiques jardins et \u00e9tangs qui vous transporteront dans l&#8217;histoire des \u00abmille et une nuits\u00bb.<\/p>\n","protected":false},"excerpt":{"rendered":"<p>Une grande visite priv\u00e9e de l&#8217;Alhambra depuis S\u00e9ville. V\u00e9hicule de luxe priv\u00e9 avec chauffeur et guide officiel priv\u00e9. Entr\u00e9e incluse \u00e0 l&#8217;Alhambra.<\/p>\n","protected":false},"featured_media":94616,"comment_status":"open","ping_status":"closed","template":"","meta":{"_acf_changed":false},"product_brand":[],"product_cat":[3541,4268,3676,4264,4263],"product_tag":[],"class_list":{"0":"post-157385","1":"product","2":"type-product","3":"status-publish","4":"has-post-thumbnail","6":"product_cat-espagne-fr","7":"product_cat-all-private-tour-and-activities","8":"product_cat-seville-fr","9":"product_cat-all-private-tours-activities-fr-16","10":"product_cat-excursions-pivees","12":"first","13":"instock","14":"shipping-taxable","15":"purchasable","16":"product-type-simple"},"acf":[],"yoast_head":"<!-- This site is optimized with the Yoast SEO Premium plugin v25.3.1 (Yoast SEO v25.3.1) - https:\/\/yoast.com\/wordpress\/plugins\/seo\/ -->\n<title>Visite priv\u00e9e de l&#039;Alhambra au d\u00e9part de S\u00e9ville- ou de n&#039;importe quelle ville d&#039;Andalousie<\/title>\n<meta name=\"description\" content=\"Visite priv\u00e9e de l&#039;Alhambra au d\u00e9part de S\u00e9ville. Ou toute autre ville. V\u00e9hicule de luxe priv\u00e9 avec chauffeur et guide officiel priv\u00e9. Entr\u00e9e incluse \u00e0 l&#039;Alhambra.\" \/>\n<meta name=\"robots\" content=\"index, follow, max-snippet:-1, max-image-preview:large, max-video-preview:-1\" \/>\n<link rel=\"canonical\" href=\"https:\/\/tourtravelandmore.com\/fr\/tours\/espagne-fr\/seville-fr\/excursions-pivees\/visite-privee-de-lalhambra-depuis-seville\/\" \/>\n<meta property=\"og:locale\" content=\"fr_FR\" \/>\n<meta property=\"og:type\" content=\"article\" \/>\n<meta property=\"og:title\" content=\"Visite priv\u00e9e de l&#039;Alhambra depuis S\u00e9ville\" \/>\n<meta property=\"og:description\" content=\"Visite priv\u00e9e de l&#039;Alhambra au d\u00e9part de S\u00e9ville. Ou toute autre ville. V\u00e9hicule de luxe priv\u00e9 avec chauffeur et guide officiel priv\u00e9. Entr\u00e9e incluse \u00e0 l&#039;Alhambra.\" \/>\n<meta property=\"og:url\" content=\"https:\/\/tourtravelandmore.com\/fr\/tours\/espagne-fr\/seville-fr\/excursions-pivees\/visite-privee-de-lalhambra-depuis-seville\/\" \/>\n<meta property=\"og:site_name\" content=\"Tour Travel And More\" \/>\n<meta property=\"article:publisher\" content=\"https:\/\/www.facebook.com\/tourtravelandmore\/\" \/>\n<meta property=\"article:modified_time\" content=\"2023-03-16T14:30:28+00:00\" \/>\n<meta property=\"og:image\" content=\"https:\/\/tourtravelandmore.com\/wp-content\/uploads\/2017\/12\/alahambra.jpg\" \/>\n\t<meta property=\"og:image:width\" content=\"960\" \/>\n\t<meta property=\"og:image:height\" content=\"495\" \/>\n\t<meta property=\"og:image:type\" content=\"image\/jpeg\" \/>\n<meta name=\"twitter:card\" content=\"summary_large_image\" \/>\n<meta name=\"twitter:site\" content=\"@TourTravel_More\" \/>\n<meta name=\"twitter:label1\" content=\"Dur\u00e9e de lecture estim\u00e9e\" \/>\n\t<meta name=\"twitter:data1\" content=\"3 minutes\" \/>\n<script type=\"application\/ld+json\" class=\"yoast-schema-graph\">{\"@context\":\"https:\/\/schema.org\",\"@graph\":[{\"@type\":\"WebPage\",\"@id\":\"https:\/\/tourtravelandmore.com\/fr\/tours\/espagne-fr\/seville-fr\/excursions-pivees\/visite-privee-de-lalhambra-depuis-seville\/\",\"url\":\"https:\/\/tourtravelandmore.com\/fr\/tours\/espagne-fr\/seville-fr\/excursions-pivees\/visite-privee-de-lalhambra-depuis-seville\/\",\"name\":\"Visite priv\u00e9e de l'Alhambra au d\u00e9part de S\u00e9ville- ou de n'importe quelle ville d'Andalousie\",\"isPartOf\":{\"@id\":\"https:\/\/tourtravelandmore.com\/fr\/#website\"},\"primaryImageOfPage\":{\"@id\":\"https:\/\/tourtravelandmore.com\/fr\/tours\/espagne-fr\/seville-fr\/excursions-pivees\/visite-privee-de-lalhambra-depuis-seville\/#primaryimage\"},\"image\":{\"@id\":\"https:\/\/tourtravelandmore.com\/fr\/tours\/espagne-fr\/seville-fr\/excursions-pivees\/visite-privee-de-lalhambra-depuis-seville\/#primaryimage\"},\"thumbnailUrl\":\"https:\/\/tourtravelandmore.com\/wp-content\/uploads\/2017\/12\/alahambra.jpg\",\"datePublished\":\"2023-03-16T14:06:12+00:00\",\"dateModified\":\"2023-03-16T14:30:28+00:00\",\"description\":\"Visite priv\u00e9e de l'Alhambra au d\u00e9part de S\u00e9ville. Ou toute autre ville. V\u00e9hicule de luxe priv\u00e9 avec chauffeur et guide officiel priv\u00e9. Entr\u00e9e incluse \u00e0 l'Alhambra.\",\"breadcrumb\":{\"@id\":\"https:\/\/tourtravelandmore.com\/fr\/tours\/espagne-fr\/seville-fr\/excursions-pivees\/visite-privee-de-lalhambra-depuis-seville\/#breadcrumb\"},\"inLanguage\":\"fr-FR\",\"potentialAction\":[{\"@type\":\"ReadAction\",\"target\":[\"https:\/\/tourtravelandmore.com\/fr\/tours\/espagne-fr\/seville-fr\/excursions-pivees\/visite-privee-de-lalhambra-depuis-seville\/\"]}]},{\"@type\":\"ImageObject\",\"inLanguage\":\"fr-FR\",\"@id\":\"https:\/\/tourtravelandmore.com\/fr\/tours\/espagne-fr\/seville-fr\/excursions-pivees\/visite-privee-de-lalhambra-depuis-seville\/#primaryimage\",\"url\":\"https:\/\/tourtravelandmore.com\/wp-content\/uploads\/2017\/12\/alahambra.jpg\",\"contentUrl\":\"https:\/\/tourtravelandmore.com\/wp-content\/uploads\/2017\/12\/alahambra.jpg\",\"width\":960,\"height\":495},{\"@type\":\"BreadcrumbList\",\"@id\":\"https:\/\/tourtravelandmore.com\/fr\/tours\/espagne-fr\/seville-fr\/excursions-pivees\/visite-privee-de-lalhambra-depuis-seville\/#breadcrumb\",\"itemListElement\":[{\"@type\":\"ListItem\",\"position\":1,\"name\":\"Home\",\"item\":\"https:\/\/tourtravelandmore.com\/fr\/\"},{\"@type\":\"ListItem\",\"position\":2,\"name\":\"Tours\",\"item\":\"https:\/\/tourtravelandmore.com\/fr\/tours\/\"},{\"@type\":\"ListItem\",\"position\":3,\"name\":\"Visite priv\u00e9e de l&rsquo;Alhambra depuis S\u00e9ville\"}]},{\"@type\":\"WebSite\",\"@id\":\"https:\/\/tourtravelandmore.com\/fr\/#website\",\"url\":\"https:\/\/tourtravelandmore.com\/fr\/\",\"name\":\"Tour Travel And More\",\"description\":\"Private sightseeing tours and luxury transfers in Spain\",\"publisher\":{\"@id\":\"https:\/\/tourtravelandmore.com\/fr\/#organization\"},\"potentialAction\":[{\"@type\":\"SearchAction\",\"target\":{\"@type\":\"EntryPoint\",\"urlTemplate\":\"https:\/\/tourtravelandmore.com\/fr\/?s={search_term_string}\"},\"query-input\":{\"@type\":\"PropertyValueSpecification\",\"valueRequired\":true,\"valueName\":\"search_term_string\"}}],\"inLanguage\":\"fr-FR\"},{\"@type\":\"Organization\",\"@id\":\"https:\/\/tourtravelandmore.com\/fr\/#organization\",\"name\":\"Tour Travel And More\",\"url\":\"https:\/\/tourtravelandmore.com\/fr\/\",\"logo\":{\"@type\":\"ImageObject\",\"inLanguage\":\"fr-FR\",\"@id\":\"https:\/\/tourtravelandmore.com\/fr\/#\/schema\/logo\/image\/\",\"url\":\"https:\/\/tourtravelandmore.com\/wp-content\/uploads\/2022\/12\/cropped-logo-cabecera-new.png\",\"contentUrl\":\"https:\/\/tourtravelandmore.com\/wp-content\/uploads\/2022\/12\/cropped-logo-cabecera-new.png\",\"width\":430,\"height\":61,\"caption\":\"Tour Travel And More\"},\"image\":{\"@id\":\"https:\/\/tourtravelandmore.com\/fr\/#\/schema\/logo\/image\/\"},\"sameAs\":[\"https:\/\/www.facebook.com\/tourtravelandmore\/\",\"https:\/\/x.com\/TourTravel_More\"]}]}<\/script>\n<!-- \/ Yoast SEO Premium plugin. -->","yoast_head_json":{"title":"Visite priv\u00e9e de l'Alhambra au d\u00e9part de S\u00e9ville- ou de n'importe quelle ville d'Andalousie","description":"Visite priv\u00e9e de l'Alhambra au d\u00e9part de S\u00e9ville. Ou toute autre ville. V\u00e9hicule de luxe priv\u00e9 avec chauffeur et guide officiel priv\u00e9. Entr\u00e9e incluse \u00e0 l'Alhambra.","robots":{"index":"index","follow":"follow","max-snippet":"max-snippet:-1","max-image-preview":"max-image-preview:large","max-video-preview":"max-video-preview:-1"},"canonical":"https:\/\/tourtravelandmore.com\/fr\/tours\/espagne-fr\/seville-fr\/excursions-pivees\/visite-privee-de-lalhambra-depuis-seville\/","og_locale":"fr_FR","og_type":"article","og_title":"Visite priv\u00e9e de l'Alhambra depuis S\u00e9ville","og_description":"Visite priv\u00e9e de l'Alhambra au d\u00e9part de S\u00e9ville. Ou toute autre ville. V\u00e9hicule de luxe priv\u00e9 avec chauffeur et guide officiel priv\u00e9. Entr\u00e9e incluse \u00e0 l'Alhambra.","og_url":"https:\/\/tourtravelandmore.com\/fr\/tours\/espagne-fr\/seville-fr\/excursions-pivees\/visite-privee-de-lalhambra-depuis-seville\/","og_site_name":"Tour Travel And More","article_publisher":"https:\/\/www.facebook.com\/tourtravelandmore\/","article_modified_time":"2023-03-16T14:30:28+00:00","og_image":[{"width":960,"height":495,"url":"https:\/\/tourtravelandmore.com\/wp-content\/uploads\/2017\/12\/alahambra.jpg","type":"image\/jpeg"}],"twitter_card":"summary_large_image","twitter_site":"@TourTravel_More","twitter_misc":{"Dur\u00e9e de lecture estim\u00e9e":"3 minutes"},"schema":{"@context":"https:\/\/schema.org","@graph":[{"@type":"WebPage","@id":"https:\/\/tourtravelandmore.com\/fr\/tours\/espagne-fr\/seville-fr\/excursions-pivees\/visite-privee-de-lalhambra-depuis-seville\/","url":"https:\/\/tourtravelandmore.com\/fr\/tours\/espagne-fr\/seville-fr\/excursions-pivees\/visite-privee-de-lalhambra-depuis-seville\/","name":"Visite priv\u00e9e de l'Alhambra au d\u00e9part de S\u00e9ville- ou de n'importe quelle ville d'Andalousie","isPartOf":{"@id":"https:\/\/tourtravelandmore.com\/fr\/#website"},"primaryImageOfPage":{"@id":"https:\/\/tourtravelandmore.com\/fr\/tours\/espagne-fr\/seville-fr\/excursions-pivees\/visite-privee-de-lalhambra-depuis-seville\/#primaryimage"},"image":{"@id":"https:\/\/tourtravelandmore.com\/fr\/tours\/espagne-fr\/seville-fr\/excursions-pivees\/visite-privee-de-lalhambra-depuis-seville\/#primaryimage"},"thumbnailUrl":"https:\/\/tourtravelandmore.com\/wp-content\/uploads\/2017\/12\/alahambra.jpg","datePublished":"2023-03-16T14:06:12+00:00","dateModified":"2023-03-16T14:30:28+00:00","description":"Visite priv\u00e9e de l'Alhambra au d\u00e9part de S\u00e9ville. Ou toute autre ville. V\u00e9hicule de luxe priv\u00e9 avec chauffeur et guide officiel priv\u00e9. Entr\u00e9e incluse \u00e0 l'Alhambra.","breadcrumb":{"@id":"https:\/\/tourtravelandmore.com\/fr\/tours\/espagne-fr\/seville-fr\/excursions-pivees\/visite-privee-de-lalhambra-depuis-seville\/#breadcrumb"},"inLanguage":"fr-FR","potentialAction":[{"@type":"ReadAction","target":["https:\/\/tourtravelandmore.com\/fr\/tours\/espagne-fr\/seville-fr\/excursions-pivees\/visite-privee-de-lalhambra-depuis-seville\/"]}]},{"@type":"ImageObject","inLanguage":"fr-FR","@id":"https:\/\/tourtravelandmore.com\/fr\/tours\/espagne-fr\/seville-fr\/excursions-pivees\/visite-privee-de-lalhambra-depuis-seville\/#primaryimage","url":"https:\/\/tourtravelandmore.com\/wp-content\/uploads\/2017\/12\/alahambra.jpg","contentUrl":"https:\/\/tourtravelandmore.com\/wp-content\/uploads\/2017\/12\/alahambra.jpg","width":960,"height":495},{"@type":"BreadcrumbList","@id":"https:\/\/tourtravelandmore.com\/fr\/tours\/espagne-fr\/seville-fr\/excursions-pivees\/visite-privee-de-lalhambra-depuis-seville\/#breadcrumb","itemListElement":[{"@type":"ListItem","position":1,"name":"Home","item":"https:\/\/tourtravelandmore.com\/fr\/"},{"@type":"ListItem","position":2,"name":"Tours","item":"https:\/\/tourtravelandmore.com\/fr\/tours\/"},{"@type":"ListItem","position":3,"name":"Visite priv\u00e9e de l&rsquo;Alhambra depuis S\u00e9ville"}]},{"@type":"WebSite","@id":"https:\/\/tourtravelandmore.com\/fr\/#website","url":"https:\/\/tourtravelandmore.com\/fr\/","name":"Tour Travel And More","description":"Private sightseeing tours and luxury transfers in Spain","publisher":{"@id":"https:\/\/tourtravelandmore.com\/fr\/#organization"},"potentialAction":[{"@type":"SearchAction","target":{"@type":"EntryPoint","urlTemplate":"https:\/\/tourtravelandmore.com\/fr\/?s={search_term_string}"},"query-input":{"@type":"PropertyValueSpecification","valueRequired":true,"valueName":"search_term_string"}}],"inLanguage":"fr-FR"},{"@type":"Organization","@id":"https:\/\/tourtravelandmore.com\/fr\/#organization","name":"Tour Travel And More","url":"https:\/\/tourtravelandmore.com\/fr\/","logo":{"@type":"ImageObject","inLanguage":"fr-FR","@id":"https:\/\/tourtravelandmore.com\/fr\/#\/schema\/logo\/image\/","url":"https:\/\/tourtravelandmore.com\/wp-content\/uploads\/2022\/12\/cropped-logo-cabecera-new.png","contentUrl":"https:\/\/tourtravelandmore.com\/wp-content\/uploads\/2022\/12\/cropped-logo-cabecera-new.png","width":430,"height":61,"caption":"Tour Travel And More"},"image":{"@id":"https:\/\/tourtravelandmore.com\/fr\/#\/schema\/logo\/image\/"},"sameAs":["https:\/\/www.facebook.com\/tourtravelandmore\/","https:\/\/x.com\/TourTravel_More"]}]}},"_links":{"self":[{"href":"https:\/\/tourtravelandmore.com\/fr\/wp-json\/wp\/v2\/product\/157385","targetHints":{"allow":["GET"]}}],"collection":[{"href":"https:\/\/tourtravelandmore.com\/fr\/wp-json\/wp\/v2\/product"}],"about":[{"href":"https:\/\/tourtravelandmore.com\/fr\/wp-json\/wp\/v2\/types\/product"}],"replies":[{"embeddable":true,"href":"https:\/\/tourtravelandmore.com\/fr\/wp-json\/wp\/v2\/comments?post=157385"}],"wp:featuredmedia":[{"embeddable":true,"href":"https:\/\/tourtravelandmore.com\/fr\/wp-json\/wp\/v2\/media\/94616"}],"wp:attachment":[{"href":"https:\/\/tourtravelandmore.com\/fr\/wp-json\/wp\/v2\/media?parent=157385"}],"wp:term":[{"taxonomy":"product_brand","embeddable":true,"href":"https:\/\/tourtravelandmore.com\/fr\/wp-json\/wp\/v2\/product_brand?post=157385"},{"taxonomy":"product_cat","embeddable":true,"href":"https:\/\/tourtravelandmore.com\/fr\/wp-json\/wp\/v2\/product_cat?post=157385"},{"taxonomy":"product_tag","embeddable":true,"href":"https:\/\/tourtravelandmore.com\/fr\/wp-json\/wp\/v2\/product_tag?post=157385"}],"curies":[{"name":"wp","href":"https:\/\/api.w.org\/{rel}","templated":true}]}}