{"id":156406,"date":"2023-03-09T20:40:58","date_gmt":"2023-03-09T19:41:09","guid":{"rendered":"https:\/\/tourtravelandmore.com\/?post_type=product&#038;p=156406"},"modified":"2023-03-09T21:45:47","modified_gmt":"2023-03-09T20:45:47","slug":"visite-privee-de-berne-au-depart-de-zurich","status":"publish","type":"product","link":"https:\/\/tourtravelandmore.com\/fr\/tours\/la-suisse-fr\/lucerne-fr\/private-shore-excursions-fr-8-lucerne-fr\/visite-privee-de-berne-au-depart-de-zurich\/","title":{"rendered":"Visite priv\u00e9e de Berne au d\u00e9part de Zurich"},"content":{"rendered":"<h2><strong>Description<\/strong><\/h2>\n<p>Bienvenue \u00e0 votre <strong>visite priv\u00e9e de Berne au d\u00e9part de Zurich !<\/strong> Notre tour est con\u00e7u pour 1 \u00e0 15 personnes, et nous embarquerons dans un voyage Notre visite est dirig\u00e9e par un guide priv\u00e9 professionnel qui vous fournira une exp\u00e9rience informative et divertissante.<\/p>\n<p>Nous voyagerons dans un <strong>v\u00e9hicule priv\u00e9<\/strong> confortable afin de garantir une exp\u00e9rience personnalis\u00e9e et intime.<\/p>\n<p><strong>Berne<\/strong> est une ville suisse pittoresque situ\u00e9e au c\u0153ur de la <strong>Suisse,<\/strong> offrant des vues imprenables sur le paysage environnant. Notre visite offre une exp\u00e9rience unique et inoubliable, en explorant la ville et ses nombreuses attractions.<\/p>\n<h2><strong>Sites d&#8217;int\u00e9r\u00eat et monuments<\/strong><\/h2>\n<p><strong>La vieille ville :<\/strong> Notre premi\u00e8re \u00e9tape sera la vieille ville de Berne, un site class\u00e9 au patrimoine mondial de l&#8217;UNESCO qui offre une vue imprenable sur le paysage environnant. Nous explorerons les charmantes rues et ruelles et visiterons la c\u00e9l\u00e8bre tour de l&#8217;horloge Zytglogge.<\/p>\n<p><strong>Palais f\u00e9d\u00e9ral<\/strong> : Nous visiterons le Palais f\u00e9d\u00e9ral, le b\u00e2timent du parlement suisse, qui offre une vue imprenable sur la ville et les montagnes environnantes.<\/p>\n<p><strong>Maison d&#8217;Einstein<\/strong> : Nous visiterons la maison d&#8217;Einstein, o\u00f9 Albert Einstein a v\u00e9cu et travaill\u00e9 lorsqu&#8217;il a d\u00e9velopp\u00e9 sa c\u00e9l\u00e8bre th\u00e9orie de la relativit\u00e9.<\/p>\n<p><strong>Rosengarten<\/strong> : Nous visiterons le Rosengarten, un magnifique parc qui offre une vue imprenable sur la ville et le paysage environnant.<\/p>\n<p><strong>La fosse aux ours :<\/strong> Nous visiterons la fosse aux ours, o\u00f9 vivent les c\u00e9l\u00e8bres ours de Berne. L&#8217;ours est un symbole de la ville et fait partie de l&#8217;identit\u00e9 bernoise depuis des si\u00e8cles.<\/p>\n<p><strong>Cath\u00e9drale de Berne<\/strong> : Notre derni\u00e8re \u00e9tape sera la cath\u00e9drale de Berne, une \u00e9tonnante \u00e9glise gothique datant du 15e si\u00e8cle. Nous explorerons l&#8217;int\u00e9rieur de l&#8217;\u00e9glise et d\u00e9couvrirons son histoire.<\/p>\n<p>En conclusion, cette <strong>visite priv\u00e9e de Berne au d\u00e9part de Zurich<\/strong> offre une exp\u00e9rience unique et inoubliable qui combine exploration culturelle, architecture \u00e9tonnante et parcs magnifiques. Notre guide comp\u00e9tent et notre v\u00e9hicule priv\u00e9 garantissent une exp\u00e9rience personnalis\u00e9e et confortable pour vous et votre groupe. Alors, asseyez-vous, d\u00e9tendez-vous et laissez-nous vous emmener dans un voyage que vous n&#8217;oublierez jamais.<\/p>\n<p>Ne manquez pas toutes nos autres visites priv\u00e9es \u00e0 <strong><a href=\"https:\/\/tourtravelandmore.com\/fr\/city\/la-suisse-fr\/zurich-fr\/\">Zurich<\/a><\/strong>. Nous proposons des visites priv\u00e9es pour vous dans n&#8217;importe quel endroit.<\/p>\n","protected":false},"excerpt":{"rendered":"<p>Bienvenue \u00e0 votre <strong>visite priv\u00e9e de Berne au d\u00e9part de Zurich !<\/strong> Notre tour est con\u00e7u pour 1 \u00e0 15 personnes, et nous embarquerons dans un voyage Notre visite est dirig\u00e9e par un guide priv\u00e9 professionnel qui vous fournira une exp\u00e9rience informative et divertissante.<\/p>\n","protected":false},"featured_media":156433,"comment_status":"open","ping_status":"closed","template":"","meta":{"_acf_changed":false},"product_brand":[],"product_cat":[3736,4062,4303,4302,3804,4300,4304],"product_tag":[],"class_list":{"0":"post-156406","1":"product","2":"type-product","3":"status-publish","4":"has-post-thumbnail","6":"product_cat-la-suisse-fr","7":"product_cat-lucerne-fr","8":"product_cat-all-private-tours-activities-fr-19-lucerne-fr","9":"product_cat-private-shore-excursions-fr-8-lucerne-fr","10":"product_cat-zurich-fr","11":"product_cat-all-private-tours-activities-fr-7-zurich-fr","12":"product_cat-private-shore-excursions-fr-9-zurich-fr","14":"first","15":"instock","16":"shipping-taxable","17":"purchasable","18":"product-type-simple"},"acf":[],"yoast_head":"<!-- This site is optimized with the Yoast SEO Premium plugin v25.3.1 (Yoast SEO v25.3.1) - https:\/\/yoast.com\/wordpress\/plugins\/seo\/ -->\n<title>Visite priv\u00e9e de Berne au d\u00e9part de Zurich | TourTravel&amp;More<\/title>\n<meta name=\"description\" content=\"Profitez de cette Visite priv\u00e9e de Berne au d\u00e9part de Zurich et d\u00e9couvrez les monuments et les sites les plus importants gr\u00e2ce \u00e0 nos visites enti\u00e8rement personnalis\u00e9es.\" \/>\n<meta name=\"robots\" content=\"index, follow, max-snippet:-1, max-image-preview:large, max-video-preview:-1\" \/>\n<link rel=\"canonical\" href=\"https:\/\/tourtravelandmore.com\/fr\/tours\/la-suisse-fr\/lucerne-fr\/private-shore-excursions-fr-8-lucerne-fr\/visite-privee-de-berne-au-depart-de-zurich\/\" \/>\n<meta property=\"og:locale\" content=\"fr_FR\" \/>\n<meta property=\"og:type\" content=\"article\" \/>\n<meta property=\"og:title\" content=\"Visite priv\u00e9e de Berne au d\u00e9part de Zurich\" \/>\n<meta property=\"og:description\" content=\"Profitez de cette Visite priv\u00e9e de Berne au d\u00e9part de Zurich et d\u00e9couvrez les monuments et les sites les plus importants gr\u00e2ce \u00e0 nos visites enti\u00e8rement personnalis\u00e9es.\" \/>\n<meta property=\"og:url\" content=\"https:\/\/tourtravelandmore.com\/fr\/tours\/la-suisse-fr\/lucerne-fr\/private-shore-excursions-fr-8-lucerne-fr\/visite-privee-de-berne-au-depart-de-zurich\/\" \/>\n<meta property=\"og:site_name\" content=\"Tour Travel And More\" \/>\n<meta property=\"article:publisher\" content=\"https:\/\/www.facebook.com\/tourtravelandmore\/\" \/>\n<meta property=\"article:modified_time\" content=\"2023-03-09T20:45:47+00:00\" \/>\n<meta property=\"og:image\" content=\"https:\/\/tourtravelandmore.com\/wp-content\/uploads\/2023\/03\/river-gf0d04d992_1280.jpg\" \/>\n\t<meta property=\"og:image:width\" content=\"1280\" \/>\n\t<meta property=\"og:image:height\" content=\"853\" \/>\n\t<meta property=\"og:image:type\" content=\"image\/jpeg\" \/>\n<meta name=\"twitter:card\" content=\"summary_large_image\" \/>\n<meta name=\"twitter:site\" content=\"@TourTravel_More\" \/>\n<meta name=\"twitter:label1\" content=\"Dur\u00e9e de lecture estim\u00e9e\" \/>\n\t<meta name=\"twitter:data1\" content=\"2 minutes\" \/>\n<script type=\"application\/ld+json\" class=\"yoast-schema-graph\">{\"@context\":\"https:\/\/schema.org\",\"@graph\":[{\"@type\":\"WebPage\",\"@id\":\"https:\/\/tourtravelandmore.com\/fr\/tours\/la-suisse-fr\/lucerne-fr\/private-shore-excursions-fr-8-lucerne-fr\/visite-privee-de-berne-au-depart-de-zurich\/\",\"url\":\"https:\/\/tourtravelandmore.com\/fr\/tours\/la-suisse-fr\/lucerne-fr\/private-shore-excursions-fr-8-lucerne-fr\/visite-privee-de-berne-au-depart-de-zurich\/\",\"name\":\"Visite priv\u00e9e de Berne au d\u00e9part de Zurich | TourTravel&More\",\"isPartOf\":{\"@id\":\"https:\/\/tourtravelandmore.com\/fr\/#website\"},\"primaryImageOfPage\":{\"@id\":\"https:\/\/tourtravelandmore.com\/fr\/tours\/la-suisse-fr\/lucerne-fr\/private-shore-excursions-fr-8-lucerne-fr\/visite-privee-de-berne-au-depart-de-zurich\/#primaryimage\"},\"image\":{\"@id\":\"https:\/\/tourtravelandmore.com\/fr\/tours\/la-suisse-fr\/lucerne-fr\/private-shore-excursions-fr-8-lucerne-fr\/visite-privee-de-berne-au-depart-de-zurich\/#primaryimage\"},\"thumbnailUrl\":\"https:\/\/tourtravelandmore.com\/wp-content\/uploads\/2023\/03\/river-gf0d04d992_1280.jpg\",\"datePublished\":\"2023-03-09T19:41:09+00:00\",\"dateModified\":\"2023-03-09T20:45:47+00:00\",\"description\":\"Profitez de cette Visite priv\u00e9e de Berne au d\u00e9part de Zurich et d\u00e9couvrez les monuments et les sites les plus importants gr\u00e2ce \u00e0 nos visites enti\u00e8rement personnalis\u00e9es.\",\"breadcrumb\":{\"@id\":\"https:\/\/tourtravelandmore.com\/fr\/tours\/la-suisse-fr\/lucerne-fr\/private-shore-excursions-fr-8-lucerne-fr\/visite-privee-de-berne-au-depart-de-zurich\/#breadcrumb\"},\"inLanguage\":\"fr-FR\",\"potentialAction\":[{\"@type\":\"ReadAction\",\"target\":[\"https:\/\/tourtravelandmore.com\/fr\/tours\/la-suisse-fr\/lucerne-fr\/private-shore-excursions-fr-8-lucerne-fr\/visite-privee-de-berne-au-depart-de-zurich\/\"]}]},{\"@type\":\"ImageObject\",\"inLanguage\":\"fr-FR\",\"@id\":\"https:\/\/tourtravelandmore.com\/fr\/tours\/la-suisse-fr\/lucerne-fr\/private-shore-excursions-fr-8-lucerne-fr\/visite-privee-de-berne-au-depart-de-zurich\/#primaryimage\",\"url\":\"https:\/\/tourtravelandmore.com\/wp-content\/uploads\/2023\/03\/river-gf0d04d992_1280.jpg\",\"contentUrl\":\"https:\/\/tourtravelandmore.com\/wp-content\/uploads\/2023\/03\/river-gf0d04d992_1280.jpg\",\"width\":1280,\"height\":853},{\"@type\":\"BreadcrumbList\",\"@id\":\"https:\/\/tourtravelandmore.com\/fr\/tours\/la-suisse-fr\/lucerne-fr\/private-shore-excursions-fr-8-lucerne-fr\/visite-privee-de-berne-au-depart-de-zurich\/#breadcrumb\",\"itemListElement\":[{\"@type\":\"ListItem\",\"position\":1,\"name\":\"Home\",\"item\":\"https:\/\/tourtravelandmore.com\/fr\/\"},{\"@type\":\"ListItem\",\"position\":2,\"name\":\"Tours\",\"item\":\"https:\/\/tourtravelandmore.com\/fr\/tours\/\"},{\"@type\":\"ListItem\",\"position\":3,\"name\":\"Visite priv\u00e9e de Berne au d\u00e9part de Zurich\"}]},{\"@type\":\"WebSite\",\"@id\":\"https:\/\/tourtravelandmore.com\/fr\/#website\",\"url\":\"https:\/\/tourtravelandmore.com\/fr\/\",\"name\":\"Tour Travel And More\",\"description\":\"Private sightseeing tours and luxury transfers in Spain\",\"publisher\":{\"@id\":\"https:\/\/tourtravelandmore.com\/fr\/#organization\"},\"potentialAction\":[{\"@type\":\"SearchAction\",\"target\":{\"@type\":\"EntryPoint\",\"urlTemplate\":\"https:\/\/tourtravelandmore.com\/fr\/?s={search_term_string}\"},\"query-input\":{\"@type\":\"PropertyValueSpecification\",\"valueRequired\":true,\"valueName\":\"search_term_string\"}}],\"inLanguage\":\"fr-FR\"},{\"@type\":\"Organization\",\"@id\":\"https:\/\/tourtravelandmore.com\/fr\/#organization\",\"name\":\"Tour Travel And More\",\"url\":\"https:\/\/tourtravelandmore.com\/fr\/\",\"logo\":{\"@type\":\"ImageObject\",\"inLanguage\":\"fr-FR\",\"@id\":\"https:\/\/tourtravelandmore.com\/fr\/#\/schema\/logo\/image\/\",\"url\":\"https:\/\/tourtravelandmore.com\/wp-content\/uploads\/2022\/12\/cropped-logo-cabecera-new.png\",\"contentUrl\":\"https:\/\/tourtravelandmore.com\/wp-content\/uploads\/2022\/12\/cropped-logo-cabecera-new.png\",\"width\":430,\"height\":61,\"caption\":\"Tour Travel And More\"},\"image\":{\"@id\":\"https:\/\/tourtravelandmore.com\/fr\/#\/schema\/logo\/image\/\"},\"sameAs\":[\"https:\/\/www.facebook.com\/tourtravelandmore\/\",\"https:\/\/x.com\/TourTravel_More\"]}]}<\/script>\n<!-- \/ Yoast SEO Premium plugin. -->","yoast_head_json":{"title":"Visite priv\u00e9e de Berne au d\u00e9part de Zurich | TourTravel&More","description":"Profitez de cette Visite priv\u00e9e de Berne au d\u00e9part de Zurich et d\u00e9couvrez les monuments et les sites les plus importants gr\u00e2ce \u00e0 nos visites enti\u00e8rement personnalis\u00e9es.","robots":{"index":"index","follow":"follow","max-snippet":"max-snippet:-1","max-image-preview":"max-image-preview:large","max-video-preview":"max-video-preview:-1"},"canonical":"https:\/\/tourtravelandmore.com\/fr\/tours\/la-suisse-fr\/lucerne-fr\/private-shore-excursions-fr-8-lucerne-fr\/visite-privee-de-berne-au-depart-de-zurich\/","og_locale":"fr_FR","og_type":"article","og_title":"Visite priv\u00e9e de Berne au d\u00e9part de Zurich","og_description":"Profitez de cette Visite priv\u00e9e de Berne au d\u00e9part de Zurich et d\u00e9couvrez les monuments et les sites les plus importants gr\u00e2ce \u00e0 nos visites enti\u00e8rement personnalis\u00e9es.","og_url":"https:\/\/tourtravelandmore.com\/fr\/tours\/la-suisse-fr\/lucerne-fr\/private-shore-excursions-fr-8-lucerne-fr\/visite-privee-de-berne-au-depart-de-zurich\/","og_site_name":"Tour Travel And More","article_publisher":"https:\/\/www.facebook.com\/tourtravelandmore\/","article_modified_time":"2023-03-09T20:45:47+00:00","og_image":[{"width":1280,"height":853,"url":"https:\/\/tourtravelandmore.com\/wp-content\/uploads\/2023\/03\/river-gf0d04d992_1280.jpg","type":"image\/jpeg"}],"twitter_card":"summary_large_image","twitter_site":"@TourTravel_More","twitter_misc":{"Dur\u00e9e de lecture estim\u00e9e":"2 minutes"},"schema":{"@context":"https:\/\/schema.org","@graph":[{"@type":"WebPage","@id":"https:\/\/tourtravelandmore.com\/fr\/tours\/la-suisse-fr\/lucerne-fr\/private-shore-excursions-fr-8-lucerne-fr\/visite-privee-de-berne-au-depart-de-zurich\/","url":"https:\/\/tourtravelandmore.com\/fr\/tours\/la-suisse-fr\/lucerne-fr\/private-shore-excursions-fr-8-lucerne-fr\/visite-privee-de-berne-au-depart-de-zurich\/","name":"Visite priv\u00e9e de Berne au d\u00e9part de Zurich | TourTravel&More","isPartOf":{"@id":"https:\/\/tourtravelandmore.com\/fr\/#website"},"primaryImageOfPage":{"@id":"https:\/\/tourtravelandmore.com\/fr\/tours\/la-suisse-fr\/lucerne-fr\/private-shore-excursions-fr-8-lucerne-fr\/visite-privee-de-berne-au-depart-de-zurich\/#primaryimage"},"image":{"@id":"https:\/\/tourtravelandmore.com\/fr\/tours\/la-suisse-fr\/lucerne-fr\/private-shore-excursions-fr-8-lucerne-fr\/visite-privee-de-berne-au-depart-de-zurich\/#primaryimage"},"thumbnailUrl":"https:\/\/tourtravelandmore.com\/wp-content\/uploads\/2023\/03\/river-gf0d04d992_1280.jpg","datePublished":"2023-03-09T19:41:09+00:00","dateModified":"2023-03-09T20:45:47+00:00","description":"Profitez de cette Visite priv\u00e9e de Berne au d\u00e9part de Zurich et d\u00e9couvrez les monuments et les sites les plus importants gr\u00e2ce \u00e0 nos visites enti\u00e8rement personnalis\u00e9es.","breadcrumb":{"@id":"https:\/\/tourtravelandmore.com\/fr\/tours\/la-suisse-fr\/lucerne-fr\/private-shore-excursions-fr-8-lucerne-fr\/visite-privee-de-berne-au-depart-de-zurich\/#breadcrumb"},"inLanguage":"fr-FR","potentialAction":[{"@type":"ReadAction","target":["https:\/\/tourtravelandmore.com\/fr\/tours\/la-suisse-fr\/lucerne-fr\/private-shore-excursions-fr-8-lucerne-fr\/visite-privee-de-berne-au-depart-de-zurich\/"]}]},{"@type":"ImageObject","inLanguage":"fr-FR","@id":"https:\/\/tourtravelandmore.com\/fr\/tours\/la-suisse-fr\/lucerne-fr\/private-shore-excursions-fr-8-lucerne-fr\/visite-privee-de-berne-au-depart-de-zurich\/#primaryimage","url":"https:\/\/tourtravelandmore.com\/wp-content\/uploads\/2023\/03\/river-gf0d04d992_1280.jpg","contentUrl":"https:\/\/tourtravelandmore.com\/wp-content\/uploads\/2023\/03\/river-gf0d04d992_1280.jpg","width":1280,"height":853},{"@type":"BreadcrumbList","@id":"https:\/\/tourtravelandmore.com\/fr\/tours\/la-suisse-fr\/lucerne-fr\/private-shore-excursions-fr-8-lucerne-fr\/visite-privee-de-berne-au-depart-de-zurich\/#breadcrumb","itemListElement":[{"@type":"ListItem","position":1,"name":"Home","item":"https:\/\/tourtravelandmore.com\/fr\/"},{"@type":"ListItem","position":2,"name":"Tours","item":"https:\/\/tourtravelandmore.com\/fr\/tours\/"},{"@type":"ListItem","position":3,"name":"Visite priv\u00e9e de Berne au d\u00e9part de Zurich"}]},{"@type":"WebSite","@id":"https:\/\/tourtravelandmore.com\/fr\/#website","url":"https:\/\/tourtravelandmore.com\/fr\/","name":"Tour Travel And More","description":"Private sightseeing tours and luxury transfers in Spain","publisher":{"@id":"https:\/\/tourtravelandmore.com\/fr\/#organization"},"potentialAction":[{"@type":"SearchAction","target":{"@type":"EntryPoint","urlTemplate":"https:\/\/tourtravelandmore.com\/fr\/?s={search_term_string}"},"query-input":{"@type":"PropertyValueSpecification","valueRequired":true,"valueName":"search_term_string"}}],"inLanguage":"fr-FR"},{"@type":"Organization","@id":"https:\/\/tourtravelandmore.com\/fr\/#organization","name":"Tour Travel And More","url":"https:\/\/tourtravelandmore.com\/fr\/","logo":{"@type":"ImageObject","inLanguage":"fr-FR","@id":"https:\/\/tourtravelandmore.com\/fr\/#\/schema\/logo\/image\/","url":"https:\/\/tourtravelandmore.com\/wp-content\/uploads\/2022\/12\/cropped-logo-cabecera-new.png","contentUrl":"https:\/\/tourtravelandmore.com\/wp-content\/uploads\/2022\/12\/cropped-logo-cabecera-new.png","width":430,"height":61,"caption":"Tour Travel And More"},"image":{"@id":"https:\/\/tourtravelandmore.com\/fr\/#\/schema\/logo\/image\/"},"sameAs":["https:\/\/www.facebook.com\/tourtravelandmore\/","https:\/\/x.com\/TourTravel_More"]}]}},"_links":{"self":[{"href":"https:\/\/tourtravelandmore.com\/fr\/wp-json\/wp\/v2\/product\/156406","targetHints":{"allow":["GET"]}}],"collection":[{"href":"https:\/\/tourtravelandmore.com\/fr\/wp-json\/wp\/v2\/product"}],"about":[{"href":"https:\/\/tourtravelandmore.com\/fr\/wp-json\/wp\/v2\/types\/product"}],"replies":[{"embeddable":true,"href":"https:\/\/tourtravelandmore.com\/fr\/wp-json\/wp\/v2\/comments?post=156406"}],"wp:featuredmedia":[{"embeddable":true,"href":"https:\/\/tourtravelandmore.com\/fr\/wp-json\/wp\/v2\/media\/156433"}],"wp:attachment":[{"href":"https:\/\/tourtravelandmore.com\/fr\/wp-json\/wp\/v2\/media?parent=156406"}],"wp:term":[{"taxonomy":"product_brand","embeddable":true,"href":"https:\/\/tourtravelandmore.com\/fr\/wp-json\/wp\/v2\/product_brand?post=156406"},{"taxonomy":"product_cat","embeddable":true,"href":"https:\/\/tourtravelandmore.com\/fr\/wp-json\/wp\/v2\/product_cat?post=156406"},{"taxonomy":"product_tag","embeddable":true,"href":"https:\/\/tourtravelandmore.com\/fr\/wp-json\/wp\/v2\/product_tag?post=156406"}],"curies":[{"name":"wp","href":"https:\/\/api.w.org\/{rel}","templated":true}]}}