{"id":156260,"date":"2023-03-08T16:36:58","date_gmt":"2023-03-08T15:37:05","guid":{"rendered":"https:\/\/tourtravelandmore.com\/?post_type=product&#038;p=156260"},"modified":"2023-03-08T20:38:46","modified_gmt":"2023-03-08T19:38:46","slug":"visite-privee-du-mont-pilatus-en-ete-au-depart-de-zurich","status":"publish","type":"product","link":"https:\/\/tourtravelandmore.com\/fr\/tours\/la-suisse-fr\/lucerne-fr\/private-shore-excursions-fr-8-lucerne-fr\/visite-privee-du-mont-pilatus-en-ete-au-depart-de-zurich\/","title":{"rendered":"visite priv\u00e9e du Mont Pilatus en \u00e9t\u00e9 au d\u00e9part de Zurich"},"content":{"rendered":"<h2>Description visite priv\u00e9e du Mont Pilatus en \u00e9t\u00e9 au d\u00e9part de Zurich<\/h2>\n<p>Venez avec nous et profitez de cette <strong>visite priv\u00e9e du Mont Pilatus en \u00e9t\u00e9 au d\u00e9part de Zurich<\/strong> !<\/p>\n<p>Notre tour est con\u00e7u pour 1 \u00e0 15 personnes, et nous nous embarquerons pour un voyage vers l&#8217;une des <strong>destinations<\/strong> de <strong>montagne<\/strong> les plus embl\u00e9matiques de Suisse.<\/p>\n<p>L&#8217;excursion est men\u00e9e par un guide professionnel priv\u00e9 qui vous fournira des informations et vous divertira. Nous voyagerons dans un v\u00e9hicule priv\u00e9 et confortable afin de garantir une exp\u00e9rience personnalis\u00e9e et intime.<\/p>\n<p>Le <strong>Mont Pilatus<\/strong> est une montagne majestueuse situ\u00e9e dans le centre de la <strong>Suisse.<\/strong> Il offre une vue imprenable sur le paysage environnant. Notre excursion offre une exp\u00e9rience unique et inoubliable, en explorant la montagne et ses nombreuses attractions.<\/p>\n<h2>Sites d&#8217;int\u00e9r\u00eat et monuments<\/h2>\n<p>Vous vous rendrez tout d&#8217;abord \u00e0 <strong>Lucerne<\/strong> : Notre premi\u00e8re \u00e9tape sera Lucerne, une charmante ville suisse situ\u00e9e sur les rives du lac des <strong>Quatre-Cantons.<\/strong> Nous explorerons la ville et ses nombreux magasins et caf\u00e9s.<\/p>\n<p>Ensuite, nous nous <strong>rendrons au t\u00e9l\u00e9ph\u00e9rique<\/strong> : Nous prendrons un <strong>t\u00e9l\u00e9ph\u00e9rique panoramique<\/strong> jusqu&#8217;au sommet du <strong>mont Pilatus,<\/strong> qui offre une vue imprenable sur les montagnes et les vall\u00e9es environnantes.<\/p>\n<p><strong>Pilatus Kulm<\/strong> : Apr\u00e8s avoir atteint le sommet du <strong>mont Pilatus,<\/strong> nous visiterons le <strong>Pilatus Kulm.<\/strong> Il s&#8217;agit d&#8217;un h\u00f4tel et d&#8217;un restaurant qui offre une vue imprenable sur le paysage environnant. Nous aurons un peu de temps libre pour explorer la r\u00e9gion et admirer la vue.<\/p>\n<p><strong>Le sentier du<\/strong>\u00a0<strong>dragon<\/strong> : Nous ferons une courte randonn\u00e9e sur le <strong>sentier du Dragon,<\/strong> qui offre une vue imprenable sur les montagnes et les vall\u00e9es environnantes.<\/p>\n<p><strong>T\u00e9l\u00e9ph\u00e9rique<\/strong> : Nous prendrons ensuite le <strong>t\u00e9l\u00e9ph\u00e9rique jusqu&#8217;\u00e0 Fr\u00e4km\u00fcntegg,<\/strong> qui offre une vue imprenable sur les montagnes et les vall\u00e9es environnantes.<\/p>\n<p><strong>Piste de luge d&#8217;\u00e9t\u00e9 :<\/strong> Nous visiterons ensuite la <strong>piste de luge d&#8217;\u00e9t\u00e9.<\/strong> Il s&#8217;agit d&#8217;une attraction \u00e0 sensations fortes qui offre une exp\u00e9rience unique et amusante.<\/p>\n<p><strong>Lac des Quatre-Cantons<\/strong> : Notre derni\u00e8re \u00e9tape sera le lac des <strong>Quatre-Cantons,<\/strong> o\u00f9 nous ferons une promenade relaxante en bateau et profiterons des vues imprenables sur le paysage environnant.<\/p>\n<p>Enfin, cette <strong>visite priv\u00e9e du Mont Pilate en \u00e9t\u00e9 au d\u00e9part de Zurich<\/strong> offre une exp\u00e9rience unique et inoubliable. Elle combine exploration culturelle, paysages de montagne \u00e9poustouflants et activit\u00e9s palpitantes. Notre guide comp\u00e9tent et notre v\u00e9hicule priv\u00e9 garantissent une exp\u00e9rience personnalis\u00e9e et confortable pour vous et votre groupe. Alors, asseyez-vous, d\u00e9tendez-vous et laissez-nous vous emmener dans un voyage que vous n&#8217;oublierez jamais.<\/p>\n<p>Ne manquez pas toutes nos autres visites priv\u00e9es \u00e0 <strong><a href=\"https:\/\/tourtravelandmore.com\/fr\/city\/la-suisse-fr\/zurich-fr\/\">Zurich<\/a><\/strong>. Nous proposons des visites priv\u00e9es pour vous dans n&#8217;importe quel endroit.<\/p>\n","protected":false},"excerpt":{"rendered":"<p>Venez avec nous et profitez de cette <strong>visite priv\u00e9e du Mont Pilatus en \u00e9t\u00e9 au d\u00e9part de Zurich<\/strong> ! Notre tour est con\u00e7u pour 1 \u00e0 15 personnes, et nous nous embarquerons pour un voyage vers l&#8217;une des <strong>destinations<\/strong> de <strong>montagne<\/strong> les plus embl\u00e9matiques de Suisse.<\/p>\n","protected":false},"featured_media":155972,"comment_status":"open","ping_status":"closed","template":"","meta":{"_acf_changed":false},"product_brand":[],"product_cat":[3736,4062,4303,4302,3804,4300,4304],"product_tag":[],"class_list":{"0":"post-156260","1":"product","2":"type-product","3":"status-publish","4":"has-post-thumbnail","6":"product_cat-la-suisse-fr","7":"product_cat-lucerne-fr","8":"product_cat-all-private-tours-activities-fr-19-lucerne-fr","9":"product_cat-private-shore-excursions-fr-8-lucerne-fr","10":"product_cat-zurich-fr","11":"product_cat-all-private-tours-activities-fr-7-zurich-fr","12":"product_cat-private-shore-excursions-fr-9-zurich-fr","14":"first","15":"instock","16":"shipping-taxable","17":"purchasable","18":"product-type-simple"},"acf":[],"yoast_head":"<!-- This site is optimized with the Yoast SEO Premium plugin v25.3.1 (Yoast SEO v25.3.1) - https:\/\/yoast.com\/wordpress\/plugins\/seo\/ -->\n<title>Visite priv\u00e9e du Mont Pilatus en \u00e9t\u00e9 au d\u00e9part de Zurich | TourTravel&amp;More<\/title>\n<meta name=\"description\" content=\"Profitez de cette visite priv\u00e9e du Mont Pilatus en \u00e9t\u00e9 au d\u00e9part de Zurich et d\u00e9couvrez les monuments et les sites les plus importants gr\u00e2ce \u00e0 nos visites enti\u00e8rement personnalis\u00e9es.\" \/>\n<meta name=\"robots\" content=\"index, follow, max-snippet:-1, max-image-preview:large, max-video-preview:-1\" \/>\n<link rel=\"canonical\" href=\"https:\/\/tourtravelandmore.com\/fr\/tours\/la-suisse-fr\/lucerne-fr\/private-shore-excursions-fr-8-lucerne-fr\/visite-privee-du-mont-pilatus-en-ete-au-depart-de-zurich\/\" \/>\n<meta property=\"og:locale\" content=\"fr_FR\" \/>\n<meta property=\"og:type\" content=\"article\" \/>\n<meta property=\"og:title\" content=\"visite priv\u00e9e du Mont Pilatus en \u00e9t\u00e9 au d\u00e9part de Zurich\" \/>\n<meta property=\"og:description\" content=\"Profitez de cette visite priv\u00e9e du Mont Pilatus en \u00e9t\u00e9 au d\u00e9part de Zurich et d\u00e9couvrez les monuments et les sites les plus importants gr\u00e2ce \u00e0 nos visites enti\u00e8rement personnalis\u00e9es.\" \/>\n<meta property=\"og:url\" content=\"https:\/\/tourtravelandmore.com\/fr\/tours\/la-suisse-fr\/lucerne-fr\/private-shore-excursions-fr-8-lucerne-fr\/visite-privee-du-mont-pilatus-en-ete-au-depart-de-zurich\/\" \/>\n<meta property=\"og:site_name\" content=\"Tour Travel And More\" \/>\n<meta property=\"article:publisher\" content=\"https:\/\/www.facebook.com\/tourtravelandmore\/\" \/>\n<meta property=\"article:modified_time\" content=\"2023-03-08T19:38:46+00:00\" \/>\n<meta property=\"og:image\" content=\"https:\/\/tourtravelandmore.com\/wp-content\/uploads\/2023\/03\/pexels-allphoto-bangkok-13608274-scaled.jpg\" \/>\n\t<meta property=\"og:image:width\" content=\"2560\" \/>\n\t<meta property=\"og:image:height\" content=\"1709\" \/>\n\t<meta property=\"og:image:type\" content=\"image\/jpeg\" \/>\n<meta name=\"twitter:card\" content=\"summary_large_image\" \/>\n<meta name=\"twitter:site\" content=\"@TourTravel_More\" \/>\n<meta name=\"twitter:label1\" content=\"Dur\u00e9e de lecture estim\u00e9e\" \/>\n\t<meta name=\"twitter:data1\" content=\"2 minutes\" \/>\n<script type=\"application\/ld+json\" class=\"yoast-schema-graph\">{\"@context\":\"https:\/\/schema.org\",\"@graph\":[{\"@type\":\"WebPage\",\"@id\":\"https:\/\/tourtravelandmore.com\/fr\/tours\/la-suisse-fr\/lucerne-fr\/private-shore-excursions-fr-8-lucerne-fr\/visite-privee-du-mont-pilatus-en-ete-au-depart-de-zurich\/\",\"url\":\"https:\/\/tourtravelandmore.com\/fr\/tours\/la-suisse-fr\/lucerne-fr\/private-shore-excursions-fr-8-lucerne-fr\/visite-privee-du-mont-pilatus-en-ete-au-depart-de-zurich\/\",\"name\":\"Visite priv\u00e9e du Mont Pilatus en \u00e9t\u00e9 au d\u00e9part de Zurich | TourTravel&More\",\"isPartOf\":{\"@id\":\"https:\/\/tourtravelandmore.com\/fr\/#website\"},\"primaryImageOfPage\":{\"@id\":\"https:\/\/tourtravelandmore.com\/fr\/tours\/la-suisse-fr\/lucerne-fr\/private-shore-excursions-fr-8-lucerne-fr\/visite-privee-du-mont-pilatus-en-ete-au-depart-de-zurich\/#primaryimage\"},\"image\":{\"@id\":\"https:\/\/tourtravelandmore.com\/fr\/tours\/la-suisse-fr\/lucerne-fr\/private-shore-excursions-fr-8-lucerne-fr\/visite-privee-du-mont-pilatus-en-ete-au-depart-de-zurich\/#primaryimage\"},\"thumbnailUrl\":\"https:\/\/tourtravelandmore.com\/wp-content\/uploads\/2023\/03\/pexels-allphoto-bangkok-13608274-scaled.jpg\",\"datePublished\":\"2023-03-08T15:37:05+00:00\",\"dateModified\":\"2023-03-08T19:38:46+00:00\",\"description\":\"Profitez de cette visite priv\u00e9e du Mont Pilatus en \u00e9t\u00e9 au d\u00e9part de Zurich et d\u00e9couvrez les monuments et les sites les plus importants gr\u00e2ce \u00e0 nos visites enti\u00e8rement personnalis\u00e9es.\",\"breadcrumb\":{\"@id\":\"https:\/\/tourtravelandmore.com\/fr\/tours\/la-suisse-fr\/lucerne-fr\/private-shore-excursions-fr-8-lucerne-fr\/visite-privee-du-mont-pilatus-en-ete-au-depart-de-zurich\/#breadcrumb\"},\"inLanguage\":\"fr-FR\",\"potentialAction\":[{\"@type\":\"ReadAction\",\"target\":[\"https:\/\/tourtravelandmore.com\/fr\/tours\/la-suisse-fr\/lucerne-fr\/private-shore-excursions-fr-8-lucerne-fr\/visite-privee-du-mont-pilatus-en-ete-au-depart-de-zurich\/\"]}]},{\"@type\":\"ImageObject\",\"inLanguage\":\"fr-FR\",\"@id\":\"https:\/\/tourtravelandmore.com\/fr\/tours\/la-suisse-fr\/lucerne-fr\/private-shore-excursions-fr-8-lucerne-fr\/visite-privee-du-mont-pilatus-en-ete-au-depart-de-zurich\/#primaryimage\",\"url\":\"https:\/\/tourtravelandmore.com\/wp-content\/uploads\/2023\/03\/pexels-allphoto-bangkok-13608274-scaled.jpg\",\"contentUrl\":\"https:\/\/tourtravelandmore.com\/wp-content\/uploads\/2023\/03\/pexels-allphoto-bangkok-13608274-scaled.jpg\",\"width\":2560,\"height\":1709},{\"@type\":\"BreadcrumbList\",\"@id\":\"https:\/\/tourtravelandmore.com\/fr\/tours\/la-suisse-fr\/lucerne-fr\/private-shore-excursions-fr-8-lucerne-fr\/visite-privee-du-mont-pilatus-en-ete-au-depart-de-zurich\/#breadcrumb\",\"itemListElement\":[{\"@type\":\"ListItem\",\"position\":1,\"name\":\"Home\",\"item\":\"https:\/\/tourtravelandmore.com\/fr\/\"},{\"@type\":\"ListItem\",\"position\":2,\"name\":\"Tours\",\"item\":\"https:\/\/tourtravelandmore.com\/fr\/tours\/\"},{\"@type\":\"ListItem\",\"position\":3,\"name\":\"visite priv\u00e9e du Mont Pilatus en \u00e9t\u00e9 au d\u00e9part de Zurich\"}]},{\"@type\":\"WebSite\",\"@id\":\"https:\/\/tourtravelandmore.com\/fr\/#website\",\"url\":\"https:\/\/tourtravelandmore.com\/fr\/\",\"name\":\"Tour Travel And More\",\"description\":\"Private sightseeing tours and luxury transfers in Spain\",\"publisher\":{\"@id\":\"https:\/\/tourtravelandmore.com\/fr\/#organization\"},\"potentialAction\":[{\"@type\":\"SearchAction\",\"target\":{\"@type\":\"EntryPoint\",\"urlTemplate\":\"https:\/\/tourtravelandmore.com\/fr\/?s={search_term_string}\"},\"query-input\":{\"@type\":\"PropertyValueSpecification\",\"valueRequired\":true,\"valueName\":\"search_term_string\"}}],\"inLanguage\":\"fr-FR\"},{\"@type\":\"Organization\",\"@id\":\"https:\/\/tourtravelandmore.com\/fr\/#organization\",\"name\":\"Tour Travel And More\",\"url\":\"https:\/\/tourtravelandmore.com\/fr\/\",\"logo\":{\"@type\":\"ImageObject\",\"inLanguage\":\"fr-FR\",\"@id\":\"https:\/\/tourtravelandmore.com\/fr\/#\/schema\/logo\/image\/\",\"url\":\"https:\/\/tourtravelandmore.com\/wp-content\/uploads\/2022\/12\/cropped-logo-cabecera-new.png\",\"contentUrl\":\"https:\/\/tourtravelandmore.com\/wp-content\/uploads\/2022\/12\/cropped-logo-cabecera-new.png\",\"width\":430,\"height\":61,\"caption\":\"Tour Travel And More\"},\"image\":{\"@id\":\"https:\/\/tourtravelandmore.com\/fr\/#\/schema\/logo\/image\/\"},\"sameAs\":[\"https:\/\/www.facebook.com\/tourtravelandmore\/\",\"https:\/\/x.com\/TourTravel_More\"]}]}<\/script>\n<!-- \/ Yoast SEO Premium plugin. -->","yoast_head_json":{"title":"Visite priv\u00e9e du Mont Pilatus en \u00e9t\u00e9 au d\u00e9part de Zurich | TourTravel&More","description":"Profitez de cette visite priv\u00e9e du Mont Pilatus en \u00e9t\u00e9 au d\u00e9part de Zurich et d\u00e9couvrez les monuments et les sites les plus importants gr\u00e2ce \u00e0 nos visites enti\u00e8rement personnalis\u00e9es.","robots":{"index":"index","follow":"follow","max-snippet":"max-snippet:-1","max-image-preview":"max-image-preview:large","max-video-preview":"max-video-preview:-1"},"canonical":"https:\/\/tourtravelandmore.com\/fr\/tours\/la-suisse-fr\/lucerne-fr\/private-shore-excursions-fr-8-lucerne-fr\/visite-privee-du-mont-pilatus-en-ete-au-depart-de-zurich\/","og_locale":"fr_FR","og_type":"article","og_title":"visite priv\u00e9e du Mont Pilatus en \u00e9t\u00e9 au d\u00e9part de Zurich","og_description":"Profitez de cette visite priv\u00e9e du Mont Pilatus en \u00e9t\u00e9 au d\u00e9part de Zurich et d\u00e9couvrez les monuments et les sites les plus importants gr\u00e2ce \u00e0 nos visites enti\u00e8rement personnalis\u00e9es.","og_url":"https:\/\/tourtravelandmore.com\/fr\/tours\/la-suisse-fr\/lucerne-fr\/private-shore-excursions-fr-8-lucerne-fr\/visite-privee-du-mont-pilatus-en-ete-au-depart-de-zurich\/","og_site_name":"Tour Travel And More","article_publisher":"https:\/\/www.facebook.com\/tourtravelandmore\/","article_modified_time":"2023-03-08T19:38:46+00:00","og_image":[{"width":2560,"height":1709,"url":"https:\/\/tourtravelandmore.com\/wp-content\/uploads\/2023\/03\/pexels-allphoto-bangkok-13608274-scaled.jpg","type":"image\/jpeg"}],"twitter_card":"summary_large_image","twitter_site":"@TourTravel_More","twitter_misc":{"Dur\u00e9e de lecture estim\u00e9e":"2 minutes"},"schema":{"@context":"https:\/\/schema.org","@graph":[{"@type":"WebPage","@id":"https:\/\/tourtravelandmore.com\/fr\/tours\/la-suisse-fr\/lucerne-fr\/private-shore-excursions-fr-8-lucerne-fr\/visite-privee-du-mont-pilatus-en-ete-au-depart-de-zurich\/","url":"https:\/\/tourtravelandmore.com\/fr\/tours\/la-suisse-fr\/lucerne-fr\/private-shore-excursions-fr-8-lucerne-fr\/visite-privee-du-mont-pilatus-en-ete-au-depart-de-zurich\/","name":"Visite priv\u00e9e du Mont Pilatus en \u00e9t\u00e9 au d\u00e9part de Zurich | TourTravel&More","isPartOf":{"@id":"https:\/\/tourtravelandmore.com\/fr\/#website"},"primaryImageOfPage":{"@id":"https:\/\/tourtravelandmore.com\/fr\/tours\/la-suisse-fr\/lucerne-fr\/private-shore-excursions-fr-8-lucerne-fr\/visite-privee-du-mont-pilatus-en-ete-au-depart-de-zurich\/#primaryimage"},"image":{"@id":"https:\/\/tourtravelandmore.com\/fr\/tours\/la-suisse-fr\/lucerne-fr\/private-shore-excursions-fr-8-lucerne-fr\/visite-privee-du-mont-pilatus-en-ete-au-depart-de-zurich\/#primaryimage"},"thumbnailUrl":"https:\/\/tourtravelandmore.com\/wp-content\/uploads\/2023\/03\/pexels-allphoto-bangkok-13608274-scaled.jpg","datePublished":"2023-03-08T15:37:05+00:00","dateModified":"2023-03-08T19:38:46+00:00","description":"Profitez de cette visite priv\u00e9e du Mont Pilatus en \u00e9t\u00e9 au d\u00e9part de Zurich et d\u00e9couvrez les monuments et les sites les plus importants gr\u00e2ce \u00e0 nos visites enti\u00e8rement personnalis\u00e9es.","breadcrumb":{"@id":"https:\/\/tourtravelandmore.com\/fr\/tours\/la-suisse-fr\/lucerne-fr\/private-shore-excursions-fr-8-lucerne-fr\/visite-privee-du-mont-pilatus-en-ete-au-depart-de-zurich\/#breadcrumb"},"inLanguage":"fr-FR","potentialAction":[{"@type":"ReadAction","target":["https:\/\/tourtravelandmore.com\/fr\/tours\/la-suisse-fr\/lucerne-fr\/private-shore-excursions-fr-8-lucerne-fr\/visite-privee-du-mont-pilatus-en-ete-au-depart-de-zurich\/"]}]},{"@type":"ImageObject","inLanguage":"fr-FR","@id":"https:\/\/tourtravelandmore.com\/fr\/tours\/la-suisse-fr\/lucerne-fr\/private-shore-excursions-fr-8-lucerne-fr\/visite-privee-du-mont-pilatus-en-ete-au-depart-de-zurich\/#primaryimage","url":"https:\/\/tourtravelandmore.com\/wp-content\/uploads\/2023\/03\/pexels-allphoto-bangkok-13608274-scaled.jpg","contentUrl":"https:\/\/tourtravelandmore.com\/wp-content\/uploads\/2023\/03\/pexels-allphoto-bangkok-13608274-scaled.jpg","width":2560,"height":1709},{"@type":"BreadcrumbList","@id":"https:\/\/tourtravelandmore.com\/fr\/tours\/la-suisse-fr\/lucerne-fr\/private-shore-excursions-fr-8-lucerne-fr\/visite-privee-du-mont-pilatus-en-ete-au-depart-de-zurich\/#breadcrumb","itemListElement":[{"@type":"ListItem","position":1,"name":"Home","item":"https:\/\/tourtravelandmore.com\/fr\/"},{"@type":"ListItem","position":2,"name":"Tours","item":"https:\/\/tourtravelandmore.com\/fr\/tours\/"},{"@type":"ListItem","position":3,"name":"visite priv\u00e9e du Mont Pilatus en \u00e9t\u00e9 au d\u00e9part de Zurich"}]},{"@type":"WebSite","@id":"https:\/\/tourtravelandmore.com\/fr\/#website","url":"https:\/\/tourtravelandmore.com\/fr\/","name":"Tour Travel And More","description":"Private sightseeing tours and luxury transfers in Spain","publisher":{"@id":"https:\/\/tourtravelandmore.com\/fr\/#organization"},"potentialAction":[{"@type":"SearchAction","target":{"@type":"EntryPoint","urlTemplate":"https:\/\/tourtravelandmore.com\/fr\/?s={search_term_string}"},"query-input":{"@type":"PropertyValueSpecification","valueRequired":true,"valueName":"search_term_string"}}],"inLanguage":"fr-FR"},{"@type":"Organization","@id":"https:\/\/tourtravelandmore.com\/fr\/#organization","name":"Tour Travel And More","url":"https:\/\/tourtravelandmore.com\/fr\/","logo":{"@type":"ImageObject","inLanguage":"fr-FR","@id":"https:\/\/tourtravelandmore.com\/fr\/#\/schema\/logo\/image\/","url":"https:\/\/tourtravelandmore.com\/wp-content\/uploads\/2022\/12\/cropped-logo-cabecera-new.png","contentUrl":"https:\/\/tourtravelandmore.com\/wp-content\/uploads\/2022\/12\/cropped-logo-cabecera-new.png","width":430,"height":61,"caption":"Tour Travel And More"},"image":{"@id":"https:\/\/tourtravelandmore.com\/fr\/#\/schema\/logo\/image\/"},"sameAs":["https:\/\/www.facebook.com\/tourtravelandmore\/","https:\/\/x.com\/TourTravel_More"]}]}},"_links":{"self":[{"href":"https:\/\/tourtravelandmore.com\/fr\/wp-json\/wp\/v2\/product\/156260","targetHints":{"allow":["GET"]}}],"collection":[{"href":"https:\/\/tourtravelandmore.com\/fr\/wp-json\/wp\/v2\/product"}],"about":[{"href":"https:\/\/tourtravelandmore.com\/fr\/wp-json\/wp\/v2\/types\/product"}],"replies":[{"embeddable":true,"href":"https:\/\/tourtravelandmore.com\/fr\/wp-json\/wp\/v2\/comments?post=156260"}],"wp:featuredmedia":[{"embeddable":true,"href":"https:\/\/tourtravelandmore.com\/fr\/wp-json\/wp\/v2\/media\/155972"}],"wp:attachment":[{"href":"https:\/\/tourtravelandmore.com\/fr\/wp-json\/wp\/v2\/media?parent=156260"}],"wp:term":[{"taxonomy":"product_brand","embeddable":true,"href":"https:\/\/tourtravelandmore.com\/fr\/wp-json\/wp\/v2\/product_brand?post=156260"},{"taxonomy":"product_cat","embeddable":true,"href":"https:\/\/tourtravelandmore.com\/fr\/wp-json\/wp\/v2\/product_cat?post=156260"},{"taxonomy":"product_tag","embeddable":true,"href":"https:\/\/tourtravelandmore.com\/fr\/wp-json\/wp\/v2\/product_tag?post=156260"}],"curies":[{"name":"wp","href":"https:\/\/api.w.org\/{rel}","templated":true}]}}