{"id":155941,"date":"2023-03-06T19:46:51","date_gmt":"2023-03-06T18:46:57","guid":{"rendered":"https:\/\/tourtravelandmore.com\/?post_type=product&#038;p=155941"},"modified":"2023-03-28T17:29:14","modified_gmt":"2023-03-28T15:29:14","slug":"visite-privee-du-jungfraujoch-depuis-zurich","status":"publish","type":"product","link":"https:\/\/tourtravelandmore.com\/fr\/tours\/la-suisse-fr\/lucerne-fr\/private-shore-excursions-fr-8-lucerne-fr\/visite-privee-du-jungfraujoch-depuis-zurich\/","title":{"rendered":"Visite priv\u00e9e du Jungfraujoch depuis Zurich"},"content":{"rendered":"<h2>Description Visite priv\u00e9e du Jungfraujoch depuis Zurich<\/h2>\n<p>Venez avec nous et profitez de cette <strong>visite priv\u00e9e<\/strong> du <strong>Jungfraujoch<\/strong> depuis <strong>Zurich<\/strong> avec votre guide officiel et d\u00e9couvrez les sites les plus embl\u00e9matiques du Jungfraujoch.<\/p>\n<p>Notre excursion est con\u00e7ue pour 1 \u00e0 15 personnes, et nous embarquerons pour un voyage vers l&#8217;une des plus belles merveilles naturelles de Suisse. Notre excursion est dirig\u00e9e par un guide professionnel priv\u00e9 qui vous fera vivre une exp\u00e9rience instructive et divertissante. Nous voyagerons dans un v\u00e9hicule confortable et priv\u00e9 afin de garantir une exp\u00e9rience personnalis\u00e9e et intime.<\/p>\n<p>Le Jungfraujoch est une selle de glacier dans les Alpes suisses, situ\u00e9e dans la r\u00e9gion de la Jungfrau en Suisse. Il est \u00e9galement connu sous le nom de Top of Europe, car il s&#8217;agit de la plus haute gare ferroviaire d&#8217;Europe. Le voyage vers le Jungfraujoch vous fait traverser des paysages de montagne \u00e0 couper le souffle, avec une vue panoramique sur les Alpes suisses. Elle est situ\u00e9e \u00e0 une altitude de 3 454 m\u00e8tres. Il offre une vue spectaculaire sur le paysage environnant.<\/p>\n<p>Une fois arriv\u00e9 au Jungfraujoch, vous retrouverez notre guide priv\u00e9. Profitez d&#8217;une visite guid\u00e9e priv\u00e9e de <strong>12 heures<\/strong> du <strong>Jungfraujoch<\/strong> depuis <strong>Zurich.<\/strong> Enfin, profitez d&#8217;un peu de temps libre et nous vous ram\u00e8nerons ensuite \u00e0 votre h\u00f4tel \u00e0 <strong>Zurich.<\/strong><\/p>\n<p>Profitez du meilleur de la ville et ayez \u00e9galement du temps libre pour vous promener. Chez <strong>Tour Travel &amp; More<\/strong>, nous sommes \u00e0 votre disposition pour rendre cette exp\u00e9rience totalement unique.<\/p>\n<h2>Sites d&#8217;int\u00e9r\u00eat et monuments<\/h2>\n<p>\u00c0 <strong>Grindelwald,<\/strong> nous prenons le <strong>t\u00e9l\u00e9ph\u00e9rique Eiger Express<\/strong> jusqu&#8217;\u00e0 la station <strong>Glacier Eiger.<\/strong> L\u00e0, nous monterons \u00e0 bord d&#8217;un train \u00e0 cr\u00e9maill\u00e8re qui nous conduira au <strong>Jungfraujoch,<\/strong> la plus haute station ferroviaire d&#8217;Europe.<\/p>\n<p><strong>Interlaken<\/strong> : Notre premier arr\u00eat sera \u00e0 Interlaken, une charmante ville suisse situ\u00e9e entre deux lacs. Nous aurons du temps libre pour explorer la ville et ses nombreuses boutiques et caf\u00e9s.<\/p>\n<p><strong>Vall\u00e9e de Lauterbrunnen<\/strong> : Notre prochain arr\u00eat sera dans la vall\u00e9e de Lauterbrunnen, o\u00f9 nous monterons \u00e0 bord d&#8217;un train \u00e0 cr\u00e9maill\u00e8re qui nous conduira \u00e0 la station de Jungfraujoch. Ce trajet pittoresque en train nous emm\u00e8ne \u00e0 travers la magnifique vall\u00e9e, en passant par des chutes d&#8217;eau et des villages de montagne.<\/p>\n<p><strong>Observatoire des sphinx<\/strong> : \u00c0 la station de Jungfraujoch, nous visiterons l&#8217;Observatoire du Sphinx, qui offre une vue panoramique \u00e9poustouflante sur les montagnes et les glaciers environnants. De l\u00e0, vous pourrez \u00e9galement voir le glacier d&#8217;Aletsch, le plus grand glacier des Alpes.<\/p>\n<p><strong>Palais des glaces<\/strong> : Nous visiterons \u00e9galement le Palais des glaces, qui est situ\u00e9 \u00e0 l&#8217;int\u00e9rieur d&#8217;un glacier. Le palais pr\u00e9sente diverses sculptures de glace et un toboggan de glace, offrant une exp\u00e9rience amusante et unique.<\/p>\n<p>En conclusion, cette visite priv\u00e9e du <strong>Jungfraujoch<\/strong> depuis <strong>Zurich<\/strong> est une exp\u00e9rience unique qui offre des paysages de montagne \u00e9poustouflants, une exploration culturelle et des activit\u00e9s amusantes. Notre guide comp\u00e9tent et notre v\u00e9hicule priv\u00e9 vous garantissent une exp\u00e9rience personnalis\u00e9e et confortable pour vous et votre groupe. Alors, asseyez-vous, d\u00e9tendez-vous et laissez-nous vous emmener dans un voyage que vous n&#8217;oublierez jamais.<\/p>\n<p>Ne manquez pas toutes nos autres visites priv\u00e9es \u00e0 <strong><a href=\"https:\/\/tourtravelandmore.com\/fr\/city\/la-suisse-fr\/zurich-fr\/\">Zurich<\/a><\/strong>. Nous proposons des visites priv\u00e9es pour vous dans n&#8217;importe quel endroit.<\/p>\n","protected":false},"excerpt":{"rendered":"<p>Venez avec nous et profitez de cette <strong>visite priv\u00e9e<\/strong> du <strong>Jungfraujoch<\/strong> depuis <strong>Zurich<\/strong> avec votre guide officiel et d\u00e9couvrez les sites les plus embl\u00e9matiques du Jungfraujoch.<\/p>\n","protected":false},"featured_media":155972,"comment_status":"open","ping_status":"closed","template":"","meta":{"_acf_changed":false},"product_brand":[],"product_cat":[3736,4062,4303,4302,3804,4300,4304],"product_tag":[],"class_list":{"0":"post-155941","1":"product","2":"type-product","3":"status-publish","4":"has-post-thumbnail","6":"product_cat-la-suisse-fr","7":"product_cat-lucerne-fr","8":"product_cat-all-private-tours-activities-fr-19-lucerne-fr","9":"product_cat-private-shore-excursions-fr-8-lucerne-fr","10":"product_cat-zurich-fr","11":"product_cat-all-private-tours-activities-fr-7-zurich-fr","12":"product_cat-private-shore-excursions-fr-9-zurich-fr","14":"first","15":"instock","16":"shipping-taxable","17":"purchasable","18":"product-type-simple"},"acf":[],"yoast_head":"<!-- This site is optimized with the Yoast SEO Premium plugin v25.3.1 (Yoast SEO v25.3.1) - https:\/\/yoast.com\/wordpress\/plugins\/seo\/ -->\n<title>Visite priv\u00e9e du Jungfraujoch depuis Zurich | TourTravel&amp;More<\/title>\n<meta name=\"description\" content=\"Profitez de cette visite priv\u00e9e du Jungfraujoch depuis Zurich et d\u00e9couvrez les monuments et les sites les plus importants gr\u00e2ce \u00e0 nos visites enti\u00e8rement personnalis\u00e9es.\" \/>\n<meta name=\"robots\" content=\"index, follow, max-snippet:-1, max-image-preview:large, max-video-preview:-1\" \/>\n<link rel=\"canonical\" href=\"https:\/\/tourtravelandmore.com\/fr\/tours\/la-suisse-fr\/lucerne-fr\/private-shore-excursions-fr-8-lucerne-fr\/visite-privee-du-jungfraujoch-depuis-zurich\/\" \/>\n<meta property=\"og:locale\" content=\"fr_FR\" \/>\n<meta property=\"og:type\" content=\"article\" \/>\n<meta property=\"og:title\" content=\"Visite priv\u00e9e du Jungfraujoch depuis Zurich\" \/>\n<meta property=\"og:description\" content=\"Profitez de cette visite priv\u00e9e du Jungfraujoch depuis Zurich et d\u00e9couvrez les monuments et les sites les plus importants gr\u00e2ce \u00e0 nos visites enti\u00e8rement personnalis\u00e9es.\" \/>\n<meta property=\"og:url\" content=\"https:\/\/tourtravelandmore.com\/fr\/tours\/la-suisse-fr\/lucerne-fr\/private-shore-excursions-fr-8-lucerne-fr\/visite-privee-du-jungfraujoch-depuis-zurich\/\" \/>\n<meta property=\"og:site_name\" content=\"Tour Travel And More\" \/>\n<meta property=\"article:publisher\" content=\"https:\/\/www.facebook.com\/tourtravelandmore\/\" \/>\n<meta property=\"article:modified_time\" content=\"2023-03-28T15:29:14+00:00\" \/>\n<meta property=\"og:image\" content=\"https:\/\/tourtravelandmore.com\/wp-content\/uploads\/2023\/03\/pexels-allphoto-bangkok-13608274-scaled.jpg\" \/>\n\t<meta property=\"og:image:width\" content=\"2560\" \/>\n\t<meta property=\"og:image:height\" content=\"1709\" \/>\n\t<meta property=\"og:image:type\" content=\"image\/jpeg\" \/>\n<meta name=\"twitter:card\" content=\"summary_large_image\" \/>\n<meta name=\"twitter:site\" content=\"@TourTravel_More\" \/>\n<meta name=\"twitter:label1\" content=\"Dur\u00e9e de lecture estim\u00e9e\" \/>\n\t<meta name=\"twitter:data1\" content=\"3 minutes\" \/>\n<script type=\"application\/ld+json\" class=\"yoast-schema-graph\">{\"@context\":\"https:\/\/schema.org\",\"@graph\":[{\"@type\":\"WebPage\",\"@id\":\"https:\/\/tourtravelandmore.com\/fr\/tours\/la-suisse-fr\/lucerne-fr\/private-shore-excursions-fr-8-lucerne-fr\/visite-privee-du-jungfraujoch-depuis-zurich\/\",\"url\":\"https:\/\/tourtravelandmore.com\/fr\/tours\/la-suisse-fr\/lucerne-fr\/private-shore-excursions-fr-8-lucerne-fr\/visite-privee-du-jungfraujoch-depuis-zurich\/\",\"name\":\"Visite priv\u00e9e du Jungfraujoch depuis Zurich | TourTravel&More\",\"isPartOf\":{\"@id\":\"https:\/\/tourtravelandmore.com\/fr\/#website\"},\"primaryImageOfPage\":{\"@id\":\"https:\/\/tourtravelandmore.com\/fr\/tours\/la-suisse-fr\/lucerne-fr\/private-shore-excursions-fr-8-lucerne-fr\/visite-privee-du-jungfraujoch-depuis-zurich\/#primaryimage\"},\"image\":{\"@id\":\"https:\/\/tourtravelandmore.com\/fr\/tours\/la-suisse-fr\/lucerne-fr\/private-shore-excursions-fr-8-lucerne-fr\/visite-privee-du-jungfraujoch-depuis-zurich\/#primaryimage\"},\"thumbnailUrl\":\"https:\/\/tourtravelandmore.com\/wp-content\/uploads\/2023\/03\/pexels-allphoto-bangkok-13608274-scaled.jpg\",\"datePublished\":\"2023-03-06T18:46:57+00:00\",\"dateModified\":\"2023-03-28T15:29:14+00:00\",\"description\":\"Profitez de cette visite priv\u00e9e du Jungfraujoch depuis Zurich et d\u00e9couvrez les monuments et les sites les plus importants gr\u00e2ce \u00e0 nos visites enti\u00e8rement personnalis\u00e9es.\",\"breadcrumb\":{\"@id\":\"https:\/\/tourtravelandmore.com\/fr\/tours\/la-suisse-fr\/lucerne-fr\/private-shore-excursions-fr-8-lucerne-fr\/visite-privee-du-jungfraujoch-depuis-zurich\/#breadcrumb\"},\"inLanguage\":\"fr-FR\",\"potentialAction\":[{\"@type\":\"ReadAction\",\"target\":[\"https:\/\/tourtravelandmore.com\/fr\/tours\/la-suisse-fr\/lucerne-fr\/private-shore-excursions-fr-8-lucerne-fr\/visite-privee-du-jungfraujoch-depuis-zurich\/\"]}]},{\"@type\":\"ImageObject\",\"inLanguage\":\"fr-FR\",\"@id\":\"https:\/\/tourtravelandmore.com\/fr\/tours\/la-suisse-fr\/lucerne-fr\/private-shore-excursions-fr-8-lucerne-fr\/visite-privee-du-jungfraujoch-depuis-zurich\/#primaryimage\",\"url\":\"https:\/\/tourtravelandmore.com\/wp-content\/uploads\/2023\/03\/pexels-allphoto-bangkok-13608274-scaled.jpg\",\"contentUrl\":\"https:\/\/tourtravelandmore.com\/wp-content\/uploads\/2023\/03\/pexels-allphoto-bangkok-13608274-scaled.jpg\",\"width\":2560,\"height\":1709},{\"@type\":\"BreadcrumbList\",\"@id\":\"https:\/\/tourtravelandmore.com\/fr\/tours\/la-suisse-fr\/lucerne-fr\/private-shore-excursions-fr-8-lucerne-fr\/visite-privee-du-jungfraujoch-depuis-zurich\/#breadcrumb\",\"itemListElement\":[{\"@type\":\"ListItem\",\"position\":1,\"name\":\"Home\",\"item\":\"https:\/\/tourtravelandmore.com\/fr\/\"},{\"@type\":\"ListItem\",\"position\":2,\"name\":\"Tours\",\"item\":\"https:\/\/tourtravelandmore.com\/fr\/tours\/\"},{\"@type\":\"ListItem\",\"position\":3,\"name\":\"Visite priv\u00e9e du Jungfraujoch depuis Zurich\"}]},{\"@type\":\"WebSite\",\"@id\":\"https:\/\/tourtravelandmore.com\/fr\/#website\",\"url\":\"https:\/\/tourtravelandmore.com\/fr\/\",\"name\":\"Tour Travel And More\",\"description\":\"Private sightseeing tours and luxury transfers in Spain\",\"publisher\":{\"@id\":\"https:\/\/tourtravelandmore.com\/fr\/#organization\"},\"potentialAction\":[{\"@type\":\"SearchAction\",\"target\":{\"@type\":\"EntryPoint\",\"urlTemplate\":\"https:\/\/tourtravelandmore.com\/fr\/?s={search_term_string}\"},\"query-input\":{\"@type\":\"PropertyValueSpecification\",\"valueRequired\":true,\"valueName\":\"search_term_string\"}}],\"inLanguage\":\"fr-FR\"},{\"@type\":\"Organization\",\"@id\":\"https:\/\/tourtravelandmore.com\/fr\/#organization\",\"name\":\"Tour Travel And More\",\"url\":\"https:\/\/tourtravelandmore.com\/fr\/\",\"logo\":{\"@type\":\"ImageObject\",\"inLanguage\":\"fr-FR\",\"@id\":\"https:\/\/tourtravelandmore.com\/fr\/#\/schema\/logo\/image\/\",\"url\":\"https:\/\/tourtravelandmore.com\/wp-content\/uploads\/2022\/12\/cropped-logo-cabecera-new.png\",\"contentUrl\":\"https:\/\/tourtravelandmore.com\/wp-content\/uploads\/2022\/12\/cropped-logo-cabecera-new.png\",\"width\":430,\"height\":61,\"caption\":\"Tour Travel And More\"},\"image\":{\"@id\":\"https:\/\/tourtravelandmore.com\/fr\/#\/schema\/logo\/image\/\"},\"sameAs\":[\"https:\/\/www.facebook.com\/tourtravelandmore\/\",\"https:\/\/x.com\/TourTravel_More\"]}]}<\/script>\n<!-- \/ Yoast SEO Premium plugin. -->","yoast_head_json":{"title":"Visite priv\u00e9e du Jungfraujoch depuis Zurich | TourTravel&More","description":"Profitez de cette visite priv\u00e9e du Jungfraujoch depuis Zurich et d\u00e9couvrez les monuments et les sites les plus importants gr\u00e2ce \u00e0 nos visites enti\u00e8rement personnalis\u00e9es.","robots":{"index":"index","follow":"follow","max-snippet":"max-snippet:-1","max-image-preview":"max-image-preview:large","max-video-preview":"max-video-preview:-1"},"canonical":"https:\/\/tourtravelandmore.com\/fr\/tours\/la-suisse-fr\/lucerne-fr\/private-shore-excursions-fr-8-lucerne-fr\/visite-privee-du-jungfraujoch-depuis-zurich\/","og_locale":"fr_FR","og_type":"article","og_title":"Visite priv\u00e9e du Jungfraujoch depuis Zurich","og_description":"Profitez de cette visite priv\u00e9e du Jungfraujoch depuis Zurich et d\u00e9couvrez les monuments et les sites les plus importants gr\u00e2ce \u00e0 nos visites enti\u00e8rement personnalis\u00e9es.","og_url":"https:\/\/tourtravelandmore.com\/fr\/tours\/la-suisse-fr\/lucerne-fr\/private-shore-excursions-fr-8-lucerne-fr\/visite-privee-du-jungfraujoch-depuis-zurich\/","og_site_name":"Tour Travel And More","article_publisher":"https:\/\/www.facebook.com\/tourtravelandmore\/","article_modified_time":"2023-03-28T15:29:14+00:00","og_image":[{"width":2560,"height":1709,"url":"https:\/\/tourtravelandmore.com\/wp-content\/uploads\/2023\/03\/pexels-allphoto-bangkok-13608274-scaled.jpg","type":"image\/jpeg"}],"twitter_card":"summary_large_image","twitter_site":"@TourTravel_More","twitter_misc":{"Dur\u00e9e de lecture estim\u00e9e":"3 minutes"},"schema":{"@context":"https:\/\/schema.org","@graph":[{"@type":"WebPage","@id":"https:\/\/tourtravelandmore.com\/fr\/tours\/la-suisse-fr\/lucerne-fr\/private-shore-excursions-fr-8-lucerne-fr\/visite-privee-du-jungfraujoch-depuis-zurich\/","url":"https:\/\/tourtravelandmore.com\/fr\/tours\/la-suisse-fr\/lucerne-fr\/private-shore-excursions-fr-8-lucerne-fr\/visite-privee-du-jungfraujoch-depuis-zurich\/","name":"Visite priv\u00e9e du Jungfraujoch depuis Zurich | TourTravel&More","isPartOf":{"@id":"https:\/\/tourtravelandmore.com\/fr\/#website"},"primaryImageOfPage":{"@id":"https:\/\/tourtravelandmore.com\/fr\/tours\/la-suisse-fr\/lucerne-fr\/private-shore-excursions-fr-8-lucerne-fr\/visite-privee-du-jungfraujoch-depuis-zurich\/#primaryimage"},"image":{"@id":"https:\/\/tourtravelandmore.com\/fr\/tours\/la-suisse-fr\/lucerne-fr\/private-shore-excursions-fr-8-lucerne-fr\/visite-privee-du-jungfraujoch-depuis-zurich\/#primaryimage"},"thumbnailUrl":"https:\/\/tourtravelandmore.com\/wp-content\/uploads\/2023\/03\/pexels-allphoto-bangkok-13608274-scaled.jpg","datePublished":"2023-03-06T18:46:57+00:00","dateModified":"2023-03-28T15:29:14+00:00","description":"Profitez de cette visite priv\u00e9e du Jungfraujoch depuis Zurich et d\u00e9couvrez les monuments et les sites les plus importants gr\u00e2ce \u00e0 nos visites enti\u00e8rement personnalis\u00e9es.","breadcrumb":{"@id":"https:\/\/tourtravelandmore.com\/fr\/tours\/la-suisse-fr\/lucerne-fr\/private-shore-excursions-fr-8-lucerne-fr\/visite-privee-du-jungfraujoch-depuis-zurich\/#breadcrumb"},"inLanguage":"fr-FR","potentialAction":[{"@type":"ReadAction","target":["https:\/\/tourtravelandmore.com\/fr\/tours\/la-suisse-fr\/lucerne-fr\/private-shore-excursions-fr-8-lucerne-fr\/visite-privee-du-jungfraujoch-depuis-zurich\/"]}]},{"@type":"ImageObject","inLanguage":"fr-FR","@id":"https:\/\/tourtravelandmore.com\/fr\/tours\/la-suisse-fr\/lucerne-fr\/private-shore-excursions-fr-8-lucerne-fr\/visite-privee-du-jungfraujoch-depuis-zurich\/#primaryimage","url":"https:\/\/tourtravelandmore.com\/wp-content\/uploads\/2023\/03\/pexels-allphoto-bangkok-13608274-scaled.jpg","contentUrl":"https:\/\/tourtravelandmore.com\/wp-content\/uploads\/2023\/03\/pexels-allphoto-bangkok-13608274-scaled.jpg","width":2560,"height":1709},{"@type":"BreadcrumbList","@id":"https:\/\/tourtravelandmore.com\/fr\/tours\/la-suisse-fr\/lucerne-fr\/private-shore-excursions-fr-8-lucerne-fr\/visite-privee-du-jungfraujoch-depuis-zurich\/#breadcrumb","itemListElement":[{"@type":"ListItem","position":1,"name":"Home","item":"https:\/\/tourtravelandmore.com\/fr\/"},{"@type":"ListItem","position":2,"name":"Tours","item":"https:\/\/tourtravelandmore.com\/fr\/tours\/"},{"@type":"ListItem","position":3,"name":"Visite priv\u00e9e du Jungfraujoch depuis Zurich"}]},{"@type":"WebSite","@id":"https:\/\/tourtravelandmore.com\/fr\/#website","url":"https:\/\/tourtravelandmore.com\/fr\/","name":"Tour Travel And More","description":"Private sightseeing tours and luxury transfers in Spain","publisher":{"@id":"https:\/\/tourtravelandmore.com\/fr\/#organization"},"potentialAction":[{"@type":"SearchAction","target":{"@type":"EntryPoint","urlTemplate":"https:\/\/tourtravelandmore.com\/fr\/?s={search_term_string}"},"query-input":{"@type":"PropertyValueSpecification","valueRequired":true,"valueName":"search_term_string"}}],"inLanguage":"fr-FR"},{"@type":"Organization","@id":"https:\/\/tourtravelandmore.com\/fr\/#organization","name":"Tour Travel And More","url":"https:\/\/tourtravelandmore.com\/fr\/","logo":{"@type":"ImageObject","inLanguage":"fr-FR","@id":"https:\/\/tourtravelandmore.com\/fr\/#\/schema\/logo\/image\/","url":"https:\/\/tourtravelandmore.com\/wp-content\/uploads\/2022\/12\/cropped-logo-cabecera-new.png","contentUrl":"https:\/\/tourtravelandmore.com\/wp-content\/uploads\/2022\/12\/cropped-logo-cabecera-new.png","width":430,"height":61,"caption":"Tour Travel And More"},"image":{"@id":"https:\/\/tourtravelandmore.com\/fr\/#\/schema\/logo\/image\/"},"sameAs":["https:\/\/www.facebook.com\/tourtravelandmore\/","https:\/\/x.com\/TourTravel_More"]}]}},"_links":{"self":[{"href":"https:\/\/tourtravelandmore.com\/fr\/wp-json\/wp\/v2\/product\/155941","targetHints":{"allow":["GET"]}}],"collection":[{"href":"https:\/\/tourtravelandmore.com\/fr\/wp-json\/wp\/v2\/product"}],"about":[{"href":"https:\/\/tourtravelandmore.com\/fr\/wp-json\/wp\/v2\/types\/product"}],"replies":[{"embeddable":true,"href":"https:\/\/tourtravelandmore.com\/fr\/wp-json\/wp\/v2\/comments?post=155941"}],"wp:featuredmedia":[{"embeddable":true,"href":"https:\/\/tourtravelandmore.com\/fr\/wp-json\/wp\/v2\/media\/155972"}],"wp:attachment":[{"href":"https:\/\/tourtravelandmore.com\/fr\/wp-json\/wp\/v2\/media?parent=155941"}],"wp:term":[{"taxonomy":"product_brand","embeddable":true,"href":"https:\/\/tourtravelandmore.com\/fr\/wp-json\/wp\/v2\/product_brand?post=155941"},{"taxonomy":"product_cat","embeddable":true,"href":"https:\/\/tourtravelandmore.com\/fr\/wp-json\/wp\/v2\/product_cat?post=155941"},{"taxonomy":"product_tag","embeddable":true,"href":"https:\/\/tourtravelandmore.com\/fr\/wp-json\/wp\/v2\/product_tag?post=155941"}],"curies":[{"name":"wp","href":"https:\/\/api.w.org\/{rel}","templated":true}]}}