{"id":155874,"date":"2023-03-06T15:47:18","date_gmt":"2023-03-06T14:47:23","guid":{"rendered":"https:\/\/tourtravelandmore.com\/?post_type=product&#038;p=155874"},"modified":"2023-03-06T17:17:21","modified_gmt":"2023-03-06T16:17:21","slug":"visite-privee-de-lucerne-et-engelberg-au-depart-de-zurich","status":"publish","type":"product","link":"https:\/\/tourtravelandmore.com\/fr\/tours\/la-suisse-fr\/lucerne-fr\/private-shore-excursions-fr-8-lucerne-fr\/visite-privee-de-lucerne-et-engelberg-au-depart-de-zurich\/","title":{"rendered":"Visite priv\u00e9e de Lucerne et Engelberg au d\u00e9part de Zurich"},"content":{"rendered":"<h2>Description<\/h2>\n<p>Venez avec nous et profitez de cette <strong>Visite priv\u00e9e de Lucerne et Engelberg au d\u00e9part de Zurich<\/strong> avec votre guide officiel et d\u00e9couvrez les sites les plus embl\u00e9matiques de <strong>Lucerne.<\/strong><\/p>\n<p>Lors de cette visite priv\u00e9e de <strong>Lucerne<\/strong> et <strong>Engelberg<\/strong> au d\u00e9part de Zurich, vous explorerez les paysages \u00e9poustouflants de Lucerne et Engelberg avec un guide comp\u00e9tent et un v\u00e9hicule priv\u00e9.<\/p>\n<p>Vous serez pris en charge \u00e0 votre h\u00f4tel \u00e0 Zurich et conduit \u00e0 Lucerne, o\u00f9 vous d\u00e9couvrirez la charmante vieille ville, visiterez des sites embl\u00e9matiques et apprendrez l&#8217;histoire et la culture de la ville. Ensuite, vous vous dirigerez vers Engelberg, o\u00f9 vous d\u00e9couvrirez les Alpes suisses \u00e0 couper le souffle et visiterez l&#8217;un des plus beaux sommets de Suisse.<\/p>\n<h2>Sites d&#8217;int\u00e9r\u00eat et monuments | Visite priv\u00e9e de Lucerne et Engelberg au d\u00e9part de Zurich<\/h2>\n<p>Tout d&#8217;abord, vous vous rendrez \u00e0 Lucerne et aurez la chance de conna\u00eetre cette belle ville et de voir des endroits comme :<\/p>\n<p><strong>Le pont de la Chapelle et la Tour de l&#8217;eau<\/strong> : le pont de la Chapelle est l&#8217;un des plus anciens ponts en bois d&#8217;Europe et un symbole de Lucerne. Vous traverserez le pont et verrez la Tour de l&#8217;eau du 17\u00e8me si\u00e8cle, qui \u00e9tait utilis\u00e9e pour la d\u00e9fense et comme prison dans le pass\u00e9.<\/p>\n<p><strong>Monument du Lion :<\/strong> Ce monument impressionnant est un hommage aux gardes suisses qui sont morts pendant la R\u00e9volution fran\u00e7aise. Vous apprendrez l&#8217;histoire et la signification du monument et prendrez des photos m\u00e9morables.<\/p>\n<p><strong>Vieille ville<\/strong> : vous vous prom\u00e8nerez dans les ruelles pittoresques de la vieille ville de Lucerne et admirerez l&#8217;architecture m\u00e9di\u00e9vale, les fa\u00e7ades color\u00e9es et les charmantes places. Vous aurez \u00e9galement l&#8217;occasion de parcourir les boutiques locales et d&#8217;acheter des souvenirs.<\/p>\n<p>Ensuite, vous vous dirigerez vers <strong>Engelberg.<\/strong> L\u00e0, vous aurez la chance de conna\u00eetre quelques endroits comme celui-ci :<\/p>\n<p><strong>Le mont Titlis :<\/strong> vous prendrez un t\u00e9l\u00e9ph\u00e9rique panoramique jusqu&#8217;au sommet du mont Titlis, d&#8217;o\u00f9 vous profiterez d&#8217;une vue panoramique sur les Alpes suisses et les glaciers environnants. Vous aurez du temps libre pour explorer la grotte du glacier, marcher sur la promenade de la falaise, et faire un tour palpitant sur l&#8217;Ice Flyer.<\/p>\n<p><strong>Abbaye d&#8217;Engelberg :<\/strong> Ce monast\u00e8re b\u00e9n\u00e9dictin du XIIe si\u00e8cle est un site culturel et historique fascinant. Vous d\u00e9couvrirez la vie des moines, admirerez l&#8217;architecture orn\u00e9e et verrez l&#8217;impressionnante \u00e9glise et la biblioth\u00e8que.<\/p>\n<p>Ne manquez pas toutes nos autres visites <strong><a href=\"https:\/\/tourtravelandmore.com\/fr\/city\/la-suisse-fr\/zurich-fr\/\">priv\u00e9es<\/a> <\/strong>\u00e0 Lucerne et \u00e0 Zurich. Nous proposons des visites priv\u00e9es pour vous dans n&#8217;importe quel endroit.<\/p>\n","protected":false},"excerpt":{"rendered":"<p>Si vous avez d\u00e9j\u00e0 visit\u00e9 et vu l&#8217;ensemble de Zurich, rejoignez-nous pour cette visite priv\u00e9e \u00e0 Lucerne au d\u00e9part de Zurich en v\u00e9hicule priv\u00e9. Lucerne est une ville du centre de la Suisse avec une beaut\u00e9, une histoire et une architecture incroyables qui valent la peine d&#8217;\u00eatre connues. Votre guide officiel priv\u00e9 vous emm\u00e8nera \u00e0 la d\u00e9couverte des lieux les plus importants de la ville.<\/p>\n","protected":false},"featured_media":155904,"comment_status":"open","ping_status":"closed","template":"","meta":{"_acf_changed":false},"product_brand":[],"product_cat":[3736,4062,4303,4302,3804,4300,4304],"product_tag":[],"class_list":{"0":"post-155874","1":"product","2":"type-product","3":"status-publish","4":"has-post-thumbnail","6":"product_cat-la-suisse-fr","7":"product_cat-lucerne-fr","8":"product_cat-all-private-tours-activities-fr-19-lucerne-fr","9":"product_cat-private-shore-excursions-fr-8-lucerne-fr","10":"product_cat-zurich-fr","11":"product_cat-all-private-tours-activities-fr-7-zurich-fr","12":"product_cat-private-shore-excursions-fr-9-zurich-fr","14":"first","15":"instock","16":"shipping-taxable","17":"purchasable","18":"product-type-simple"},"acf":[],"yoast_head":"<!-- This site is optimized with the Yoast SEO Premium plugin v25.3.1 (Yoast SEO v25.3.1) - https:\/\/yoast.com\/wordpress\/plugins\/seo\/ -->\n<title>Visite priv\u00e9e de Lucerne et Engelberg au d\u00e9part de Zurich | TTM<\/title>\n<meta name=\"description\" content=\"Profitez de cette visite priv\u00e9e de Lucerne au d\u00e9part de Zurich et profitez de leurs monuments et sites les plus importants avec nos visites enti\u00e8rement personnalis\u00e9es.\" \/>\n<meta name=\"robots\" content=\"index, follow, max-snippet:-1, max-image-preview:large, max-video-preview:-1\" \/>\n<link rel=\"canonical\" href=\"https:\/\/tourtravelandmore.com\/fr\/tours\/la-suisse-fr\/lucerne-fr\/private-shore-excursions-fr-8-lucerne-fr\/visite-privee-de-lucerne-et-engelberg-au-depart-de-zurich\/\" \/>\n<meta property=\"og:locale\" content=\"fr_FR\" \/>\n<meta property=\"og:type\" content=\"article\" \/>\n<meta property=\"og:title\" content=\"Visite priv\u00e9e de Lucerne et Engelberg au d\u00e9part de Zurich\" \/>\n<meta property=\"og:description\" content=\"Profitez de cette visite priv\u00e9e de Lucerne au d\u00e9part de Zurich et profitez de leurs monuments et sites les plus importants avec nos visites enti\u00e8rement personnalis\u00e9es.\" \/>\n<meta property=\"og:url\" content=\"https:\/\/tourtravelandmore.com\/fr\/tours\/la-suisse-fr\/lucerne-fr\/private-shore-excursions-fr-8-lucerne-fr\/visite-privee-de-lucerne-et-engelberg-au-depart-de-zurich\/\" \/>\n<meta property=\"og:site_name\" content=\"Tour Travel And More\" \/>\n<meta property=\"article:publisher\" content=\"https:\/\/www.facebook.com\/tourtravelandmore\/\" \/>\n<meta property=\"article:modified_time\" content=\"2023-03-06T16:17:21+00:00\" \/>\n<meta property=\"og:image\" content=\"https:\/\/tourtravelandmore.com\/wp-content\/uploads\/2023\/03\/town-center-g4f693a2ef_1280.jpg\" \/>\n\t<meta property=\"og:image:width\" content=\"1280\" \/>\n\t<meta property=\"og:image:height\" content=\"853\" \/>\n\t<meta property=\"og:image:type\" content=\"image\/jpeg\" \/>\n<meta name=\"twitter:card\" content=\"summary_large_image\" \/>\n<meta name=\"twitter:site\" content=\"@TourTravel_More\" \/>\n<meta name=\"twitter:label1\" content=\"Dur\u00e9e de lecture estim\u00e9e\" \/>\n\t<meta name=\"twitter:data1\" content=\"2 minutes\" \/>\n<script type=\"application\/ld+json\" class=\"yoast-schema-graph\">{\"@context\":\"https:\/\/schema.org\",\"@graph\":[{\"@type\":\"WebPage\",\"@id\":\"https:\/\/tourtravelandmore.com\/fr\/tours\/la-suisse-fr\/lucerne-fr\/private-shore-excursions-fr-8-lucerne-fr\/visite-privee-de-lucerne-et-engelberg-au-depart-de-zurich\/\",\"url\":\"https:\/\/tourtravelandmore.com\/fr\/tours\/la-suisse-fr\/lucerne-fr\/private-shore-excursions-fr-8-lucerne-fr\/visite-privee-de-lucerne-et-engelberg-au-depart-de-zurich\/\",\"name\":\"Visite priv\u00e9e de Lucerne et Engelberg au d\u00e9part de Zurich | TTM\",\"isPartOf\":{\"@id\":\"https:\/\/tourtravelandmore.com\/fr\/#website\"},\"primaryImageOfPage\":{\"@id\":\"https:\/\/tourtravelandmore.com\/fr\/tours\/la-suisse-fr\/lucerne-fr\/private-shore-excursions-fr-8-lucerne-fr\/visite-privee-de-lucerne-et-engelberg-au-depart-de-zurich\/#primaryimage\"},\"image\":{\"@id\":\"https:\/\/tourtravelandmore.com\/fr\/tours\/la-suisse-fr\/lucerne-fr\/private-shore-excursions-fr-8-lucerne-fr\/visite-privee-de-lucerne-et-engelberg-au-depart-de-zurich\/#primaryimage\"},\"thumbnailUrl\":\"https:\/\/tourtravelandmore.com\/wp-content\/uploads\/2023\/03\/town-center-g4f693a2ef_1280.jpg\",\"datePublished\":\"2023-03-06T14:47:23+00:00\",\"dateModified\":\"2023-03-06T16:17:21+00:00\",\"description\":\"Profitez de cette visite priv\u00e9e de Lucerne au d\u00e9part de Zurich et profitez de leurs monuments et sites les plus importants avec nos visites enti\u00e8rement personnalis\u00e9es.\",\"breadcrumb\":{\"@id\":\"https:\/\/tourtravelandmore.com\/fr\/tours\/la-suisse-fr\/lucerne-fr\/private-shore-excursions-fr-8-lucerne-fr\/visite-privee-de-lucerne-et-engelberg-au-depart-de-zurich\/#breadcrumb\"},\"inLanguage\":\"fr-FR\",\"potentialAction\":[{\"@type\":\"ReadAction\",\"target\":[\"https:\/\/tourtravelandmore.com\/fr\/tours\/la-suisse-fr\/lucerne-fr\/private-shore-excursions-fr-8-lucerne-fr\/visite-privee-de-lucerne-et-engelberg-au-depart-de-zurich\/\"]}]},{\"@type\":\"ImageObject\",\"inLanguage\":\"fr-FR\",\"@id\":\"https:\/\/tourtravelandmore.com\/fr\/tours\/la-suisse-fr\/lucerne-fr\/private-shore-excursions-fr-8-lucerne-fr\/visite-privee-de-lucerne-et-engelberg-au-depart-de-zurich\/#primaryimage\",\"url\":\"https:\/\/tourtravelandmore.com\/wp-content\/uploads\/2023\/03\/town-center-g4f693a2ef_1280.jpg\",\"contentUrl\":\"https:\/\/tourtravelandmore.com\/wp-content\/uploads\/2023\/03\/town-center-g4f693a2ef_1280.jpg\",\"width\":1280,\"height\":853},{\"@type\":\"BreadcrumbList\",\"@id\":\"https:\/\/tourtravelandmore.com\/fr\/tours\/la-suisse-fr\/lucerne-fr\/private-shore-excursions-fr-8-lucerne-fr\/visite-privee-de-lucerne-et-engelberg-au-depart-de-zurich\/#breadcrumb\",\"itemListElement\":[{\"@type\":\"ListItem\",\"position\":1,\"name\":\"Home\",\"item\":\"https:\/\/tourtravelandmore.com\/fr\/\"},{\"@type\":\"ListItem\",\"position\":2,\"name\":\"Tours\",\"item\":\"https:\/\/tourtravelandmore.com\/fr\/tours\/\"},{\"@type\":\"ListItem\",\"position\":3,\"name\":\"Visite priv\u00e9e de Lucerne et Engelberg au d\u00e9part de Zurich\"}]},{\"@type\":\"WebSite\",\"@id\":\"https:\/\/tourtravelandmore.com\/fr\/#website\",\"url\":\"https:\/\/tourtravelandmore.com\/fr\/\",\"name\":\"Tour Travel And More\",\"description\":\"Private sightseeing tours and luxury transfers in Spain\",\"publisher\":{\"@id\":\"https:\/\/tourtravelandmore.com\/fr\/#organization\"},\"potentialAction\":[{\"@type\":\"SearchAction\",\"target\":{\"@type\":\"EntryPoint\",\"urlTemplate\":\"https:\/\/tourtravelandmore.com\/fr\/?s={search_term_string}\"},\"query-input\":{\"@type\":\"PropertyValueSpecification\",\"valueRequired\":true,\"valueName\":\"search_term_string\"}}],\"inLanguage\":\"fr-FR\"},{\"@type\":\"Organization\",\"@id\":\"https:\/\/tourtravelandmore.com\/fr\/#organization\",\"name\":\"Tour Travel And More\",\"url\":\"https:\/\/tourtravelandmore.com\/fr\/\",\"logo\":{\"@type\":\"ImageObject\",\"inLanguage\":\"fr-FR\",\"@id\":\"https:\/\/tourtravelandmore.com\/fr\/#\/schema\/logo\/image\/\",\"url\":\"https:\/\/tourtravelandmore.com\/wp-content\/uploads\/2022\/12\/cropped-logo-cabecera-new.png\",\"contentUrl\":\"https:\/\/tourtravelandmore.com\/wp-content\/uploads\/2022\/12\/cropped-logo-cabecera-new.png\",\"width\":430,\"height\":61,\"caption\":\"Tour Travel And More\"},\"image\":{\"@id\":\"https:\/\/tourtravelandmore.com\/fr\/#\/schema\/logo\/image\/\"},\"sameAs\":[\"https:\/\/www.facebook.com\/tourtravelandmore\/\",\"https:\/\/x.com\/TourTravel_More\"]}]}<\/script>\n<!-- \/ Yoast SEO Premium plugin. -->","yoast_head_json":{"title":"Visite priv\u00e9e de Lucerne et Engelberg au d\u00e9part de Zurich | TTM","description":"Profitez de cette visite priv\u00e9e de Lucerne au d\u00e9part de Zurich et profitez de leurs monuments et sites les plus importants avec nos visites enti\u00e8rement personnalis\u00e9es.","robots":{"index":"index","follow":"follow","max-snippet":"max-snippet:-1","max-image-preview":"max-image-preview:large","max-video-preview":"max-video-preview:-1"},"canonical":"https:\/\/tourtravelandmore.com\/fr\/tours\/la-suisse-fr\/lucerne-fr\/private-shore-excursions-fr-8-lucerne-fr\/visite-privee-de-lucerne-et-engelberg-au-depart-de-zurich\/","og_locale":"fr_FR","og_type":"article","og_title":"Visite priv\u00e9e de Lucerne et Engelberg au d\u00e9part de Zurich","og_description":"Profitez de cette visite priv\u00e9e de Lucerne au d\u00e9part de Zurich et profitez de leurs monuments et sites les plus importants avec nos visites enti\u00e8rement personnalis\u00e9es.","og_url":"https:\/\/tourtravelandmore.com\/fr\/tours\/la-suisse-fr\/lucerne-fr\/private-shore-excursions-fr-8-lucerne-fr\/visite-privee-de-lucerne-et-engelberg-au-depart-de-zurich\/","og_site_name":"Tour Travel And More","article_publisher":"https:\/\/www.facebook.com\/tourtravelandmore\/","article_modified_time":"2023-03-06T16:17:21+00:00","og_image":[{"width":1280,"height":853,"url":"https:\/\/tourtravelandmore.com\/wp-content\/uploads\/2023\/03\/town-center-g4f693a2ef_1280.jpg","type":"image\/jpeg"}],"twitter_card":"summary_large_image","twitter_site":"@TourTravel_More","twitter_misc":{"Dur\u00e9e de lecture estim\u00e9e":"2 minutes"},"schema":{"@context":"https:\/\/schema.org","@graph":[{"@type":"WebPage","@id":"https:\/\/tourtravelandmore.com\/fr\/tours\/la-suisse-fr\/lucerne-fr\/private-shore-excursions-fr-8-lucerne-fr\/visite-privee-de-lucerne-et-engelberg-au-depart-de-zurich\/","url":"https:\/\/tourtravelandmore.com\/fr\/tours\/la-suisse-fr\/lucerne-fr\/private-shore-excursions-fr-8-lucerne-fr\/visite-privee-de-lucerne-et-engelberg-au-depart-de-zurich\/","name":"Visite priv\u00e9e de Lucerne et Engelberg au d\u00e9part de Zurich | TTM","isPartOf":{"@id":"https:\/\/tourtravelandmore.com\/fr\/#website"},"primaryImageOfPage":{"@id":"https:\/\/tourtravelandmore.com\/fr\/tours\/la-suisse-fr\/lucerne-fr\/private-shore-excursions-fr-8-lucerne-fr\/visite-privee-de-lucerne-et-engelberg-au-depart-de-zurich\/#primaryimage"},"image":{"@id":"https:\/\/tourtravelandmore.com\/fr\/tours\/la-suisse-fr\/lucerne-fr\/private-shore-excursions-fr-8-lucerne-fr\/visite-privee-de-lucerne-et-engelberg-au-depart-de-zurich\/#primaryimage"},"thumbnailUrl":"https:\/\/tourtravelandmore.com\/wp-content\/uploads\/2023\/03\/town-center-g4f693a2ef_1280.jpg","datePublished":"2023-03-06T14:47:23+00:00","dateModified":"2023-03-06T16:17:21+00:00","description":"Profitez de cette visite priv\u00e9e de Lucerne au d\u00e9part de Zurich et profitez de leurs monuments et sites les plus importants avec nos visites enti\u00e8rement personnalis\u00e9es.","breadcrumb":{"@id":"https:\/\/tourtravelandmore.com\/fr\/tours\/la-suisse-fr\/lucerne-fr\/private-shore-excursions-fr-8-lucerne-fr\/visite-privee-de-lucerne-et-engelberg-au-depart-de-zurich\/#breadcrumb"},"inLanguage":"fr-FR","potentialAction":[{"@type":"ReadAction","target":["https:\/\/tourtravelandmore.com\/fr\/tours\/la-suisse-fr\/lucerne-fr\/private-shore-excursions-fr-8-lucerne-fr\/visite-privee-de-lucerne-et-engelberg-au-depart-de-zurich\/"]}]},{"@type":"ImageObject","inLanguage":"fr-FR","@id":"https:\/\/tourtravelandmore.com\/fr\/tours\/la-suisse-fr\/lucerne-fr\/private-shore-excursions-fr-8-lucerne-fr\/visite-privee-de-lucerne-et-engelberg-au-depart-de-zurich\/#primaryimage","url":"https:\/\/tourtravelandmore.com\/wp-content\/uploads\/2023\/03\/town-center-g4f693a2ef_1280.jpg","contentUrl":"https:\/\/tourtravelandmore.com\/wp-content\/uploads\/2023\/03\/town-center-g4f693a2ef_1280.jpg","width":1280,"height":853},{"@type":"BreadcrumbList","@id":"https:\/\/tourtravelandmore.com\/fr\/tours\/la-suisse-fr\/lucerne-fr\/private-shore-excursions-fr-8-lucerne-fr\/visite-privee-de-lucerne-et-engelberg-au-depart-de-zurich\/#breadcrumb","itemListElement":[{"@type":"ListItem","position":1,"name":"Home","item":"https:\/\/tourtravelandmore.com\/fr\/"},{"@type":"ListItem","position":2,"name":"Tours","item":"https:\/\/tourtravelandmore.com\/fr\/tours\/"},{"@type":"ListItem","position":3,"name":"Visite priv\u00e9e de Lucerne et Engelberg au d\u00e9part de Zurich"}]},{"@type":"WebSite","@id":"https:\/\/tourtravelandmore.com\/fr\/#website","url":"https:\/\/tourtravelandmore.com\/fr\/","name":"Tour Travel And More","description":"Private sightseeing tours and luxury transfers in Spain","publisher":{"@id":"https:\/\/tourtravelandmore.com\/fr\/#organization"},"potentialAction":[{"@type":"SearchAction","target":{"@type":"EntryPoint","urlTemplate":"https:\/\/tourtravelandmore.com\/fr\/?s={search_term_string}"},"query-input":{"@type":"PropertyValueSpecification","valueRequired":true,"valueName":"search_term_string"}}],"inLanguage":"fr-FR"},{"@type":"Organization","@id":"https:\/\/tourtravelandmore.com\/fr\/#organization","name":"Tour Travel And More","url":"https:\/\/tourtravelandmore.com\/fr\/","logo":{"@type":"ImageObject","inLanguage":"fr-FR","@id":"https:\/\/tourtravelandmore.com\/fr\/#\/schema\/logo\/image\/","url":"https:\/\/tourtravelandmore.com\/wp-content\/uploads\/2022\/12\/cropped-logo-cabecera-new.png","contentUrl":"https:\/\/tourtravelandmore.com\/wp-content\/uploads\/2022\/12\/cropped-logo-cabecera-new.png","width":430,"height":61,"caption":"Tour Travel And More"},"image":{"@id":"https:\/\/tourtravelandmore.com\/fr\/#\/schema\/logo\/image\/"},"sameAs":["https:\/\/www.facebook.com\/tourtravelandmore\/","https:\/\/x.com\/TourTravel_More"]}]}},"_links":{"self":[{"href":"https:\/\/tourtravelandmore.com\/fr\/wp-json\/wp\/v2\/product\/155874","targetHints":{"allow":["GET"]}}],"collection":[{"href":"https:\/\/tourtravelandmore.com\/fr\/wp-json\/wp\/v2\/product"}],"about":[{"href":"https:\/\/tourtravelandmore.com\/fr\/wp-json\/wp\/v2\/types\/product"}],"replies":[{"embeddable":true,"href":"https:\/\/tourtravelandmore.com\/fr\/wp-json\/wp\/v2\/comments?post=155874"}],"wp:featuredmedia":[{"embeddable":true,"href":"https:\/\/tourtravelandmore.com\/fr\/wp-json\/wp\/v2\/media\/155904"}],"wp:attachment":[{"href":"https:\/\/tourtravelandmore.com\/fr\/wp-json\/wp\/v2\/media?parent=155874"}],"wp:term":[{"taxonomy":"product_brand","embeddable":true,"href":"https:\/\/tourtravelandmore.com\/fr\/wp-json\/wp\/v2\/product_brand?post=155874"},{"taxonomy":"product_cat","embeddable":true,"href":"https:\/\/tourtravelandmore.com\/fr\/wp-json\/wp\/v2\/product_cat?post=155874"},{"taxonomy":"product_tag","embeddable":true,"href":"https:\/\/tourtravelandmore.com\/fr\/wp-json\/wp\/v2\/product_tag?post=155874"}],"curies":[{"name":"wp","href":"https:\/\/api.w.org\/{rel}","templated":true}]}}