{"id":155780,"date":"2023-03-06T14:26:43","date_gmt":"2023-03-06T13:26:55","guid":{"rendered":"https:\/\/tourtravelandmore.com\/?post_type=product&#038;p=155780"},"modified":"2023-07-07T15:53:28","modified_gmt":"2023-07-07T13:53:28","slug":"visite-privee-des-chutes-du-rhin-au-depart-de-zurich","status":"publish","type":"product","link":"https:\/\/tourtravelandmore.com\/fr\/tours\/la-suisse-fr\/lucerne-fr\/private-shore-excursions-fr-8-lucerne-fr\/visite-privee-des-chutes-du-rhin-au-depart-de-zurich\/","title":{"rendered":"Visite priv\u00e9e des chutes du Rhin au d\u00e9part de Zurich"},"content":{"rendered":"<h2><strong>Description<\/strong><\/h2>\n<p>Venez avec nous et profitez de cette<strong> visite priv\u00e9e des chutes du Rhin depuis Zurich<\/strong> avec votre guide officiel et d\u00e9couvrez les sites les plus embl\u00e9matiques des <strong>chutes du Rhin.<\/strong><\/p>\n<p>Notre visite est adapt\u00e9e pour 1 \u00e0 15 personnes, et nous embarquerons pour un voyage vers l&#8217;une des <strong>plus belles merveilles naturelles<\/strong> de <strong>Suisse.<\/strong> Notre visite est dirig\u00e9e par un guide professionnel priv\u00e9 qui vous fera vivre une exp\u00e9rience instructive et divertissante. Nous voyagerons dans un v\u00e9hicule confortable et priv\u00e9 afin de garantir une exp\u00e9rience personnalis\u00e9e et intime.<\/p>\n<p>Les <strong>chutes du Rhin<\/strong> sont la plus grande chute d&#8217;eau <strong>d&#8217;Europe,<\/strong> situ\u00e9e au c\u0153ur de <strong>Schaffhouse,<\/strong> en Suisse. C&#8217;est un spectacle magnifique \u00e0 voir, avec une largeur de <strong>150 m\u00e8tres<\/strong> et une hauteur de <strong>23 m\u00e8tres,<\/strong> cr\u00e9ant une cascade d&#8217;eau stup\u00e9fiante. La chute d&#8217;eau est entour\u00e9e de for\u00eats verdoyantes, avec de nombreux points d&#8217;observation et des sentiers de promenade que les visiteurs peuvent explorer. Le bruit de l&#8217;eau qui se pr\u00e9cipite sur les rochers et l&#8217;atmosph\u00e8re brumeuse vous laisseront un sentiment de revigoration et de fra\u00eecheur.<\/p>\n<p>Profitez du meilleur de la ville et ayez \u00e9galement du temps libre pour vous promener. Chez <strong>Tour Travel &amp; More<\/strong>, nous sommes \u00e0 votre disposition pour rendre cette exp\u00e9rience totalement unique.<\/p>\n<h2><strong>Sites d&#8217;int\u00e9r\u00eat et monuments<\/strong><\/h2>\n<p>Profitez d&#8217;une visite guid\u00e9e priv\u00e9e de <strong>4 heures<\/strong> des <strong>chutes du Rhin.<\/strong> Profitez d&#8217;un peu de temps libre et nous vous ram\u00e8nerons ensuite \u00e0 votre h\u00f4tel \u00e0 <strong>Zurich.<\/strong><\/p>\n<p><strong>Ch\u00e2teau de Laufen<\/strong> : Notre premier arr\u00eat sera le ch\u00e2teau de Laufen, situ\u00e9 sur le c\u00f4t\u00e9 droit des chutes du Rhin. Ce ch\u00e2teau m\u00e9di\u00e9val date du 11\u00e8me si\u00e8cle et a \u00e9t\u00e9 magnifiquement restaur\u00e9. De l\u00e0, nous aurons une vue imprenable sur les chutes et la campagne environnante.<\/p>\n<p><strong>Ch\u00e2teau de W\u00f6rth<\/strong> : Notre prochain arr\u00eat sera le ch\u00e2teau de W\u00f6rth, situ\u00e9 sur une petite \u00eele au milieu du Rhin. Ce ch\u00e2teau a \u00e9t\u00e9 construit au 13\u00e8me si\u00e8cle et servait de poste de douane. C&#8217;est maintenant une attraction touristique populaire, avec un restaurant et une boutique de souvenirs.<\/p>\n<p><strong>Le sentier des chutes du Rhin :<\/strong> Nous nous prom\u00e8nerons tranquillement sur le sentier des chutes du Rhin, qui offre une vue imprenable sur la chute d&#8217;eau sous diff\u00e9rents angles. Le sentier est bien entretenu et convient \u00e0 tous les \u00e2ges et \u00e0 tous les niveaux de forme physique.<\/p>\n<p><strong>Schloss Laufen am Rheinfall<\/strong> : Notre derni\u00e8re \u00e9tape sera le Schloss Laufen am Rheinfall, un ch\u00e2teau qui date du 12e si\u00e8cle. Le ch\u00e2teau poss\u00e8de un restaurant, un mus\u00e9e et une boutique de souvenirs. Depuis le ch\u00e2teau, nous aurons une vue panoramique sur la chute d&#8217;eau et le paysage environnant.<\/p>\n<p>Cette visite priv\u00e9e des <strong>chutes du Rhin depuis Zurich<\/strong> est une exp\u00e9rience inoubliable qui combine beaut\u00e9 naturelle, histoire et aventure. Notre guide comp\u00e9tent et notre v\u00e9hicule priv\u00e9 garantissent une exp\u00e9rience personnalis\u00e9e et confortable pour vous et votre groupe. Alors, asseyez-vous, d\u00e9tendez-vous et laissez-nous vous emmener dans un voyage que vous n&#8217;oublierez jamais.<\/p>\n<p>Ne manquez pas toutes nos autres visites priv\u00e9es \u00e0 <strong><a href=\"https:\/\/tourtravelandmore.com\/fr\/city\/la-suisse-fr\/zurich-fr\/\">Zurich<\/a><\/strong>. Nous proposons des visites priv\u00e9es pour vous dans n&#8217;importe quel endroit.<\/p>\n","protected":false},"excerpt":{"rendered":"<p>Venez avec nous et profitez de cette visite priv\u00e9e des chutes du Rhin depuis Zurich avec votre guide officiel et d\u00e9couvrez les sites les plus embl\u00e9matiques des chutes du Rhin. Les chutes du Rhin sont la plus grande chute d&#8217;eau d&#8217;Europe, situ\u00e9e au c\u0153ur de Schaffhouse, en Suisse. C&#8217;est un spectacle magnifique \u00e0 voir, avec une largeur de 150 m\u00e8tres et une hauteur de 23 m\u00e8tres, cr\u00e9ant une cascade d&#8217;eau \u00e9poustouflante.<\/p>\n","protected":false},"featured_media":155816,"comment_status":"open","ping_status":"closed","template":"","meta":{"_acf_changed":false},"product_brand":[],"product_cat":[3736,4062,4303,4302,3804,4300,4304],"product_tag":[],"class_list":{"0":"post-155780","1":"product","2":"type-product","3":"status-publish","4":"has-post-thumbnail","6":"product_cat-la-suisse-fr","7":"product_cat-lucerne-fr","8":"product_cat-all-private-tours-activities-fr-19-lucerne-fr","9":"product_cat-private-shore-excursions-fr-8-lucerne-fr","10":"product_cat-zurich-fr","11":"product_cat-all-private-tours-activities-fr-7-zurich-fr","12":"product_cat-private-shore-excursions-fr-9-zurich-fr","14":"first","15":"instock","16":"shipping-taxable","17":"purchasable","18":"product-type-simple"},"acf":[],"yoast_head":"<!-- This site is optimized with the Yoast SEO Premium plugin v25.3.1 (Yoast SEO v25.3.1) - https:\/\/yoast.com\/wordpress\/plugins\/seo\/ -->\n<title>Visite priv\u00e9e des chutes du Rhin au d\u00e9part de Zurich | TTM<\/title>\n<meta name=\"description\" content=\"Profitez de cette visite priv\u00e9e des chutes du Rhin au d\u00e9part de Zurich et d\u00e9couvrez leurs monuments et sites les plus importants gr\u00e2ce \u00e0 nos visites enti\u00e8rement personnalis\u00e9es.\" \/>\n<meta name=\"robots\" content=\"index, follow, max-snippet:-1, max-image-preview:large, max-video-preview:-1\" \/>\n<link rel=\"canonical\" href=\"https:\/\/tourtravelandmore.com\/fr\/tours\/la-suisse-fr\/lucerne-fr\/private-shore-excursions-fr-8-lucerne-fr\/visite-privee-des-chutes-du-rhin-au-depart-de-zurich\/\" \/>\n<meta property=\"og:locale\" content=\"fr_FR\" \/>\n<meta property=\"og:type\" content=\"article\" \/>\n<meta property=\"og:title\" content=\"Visite priv\u00e9e des chutes du Rhin au d\u00e9part de Zurich\" \/>\n<meta property=\"og:description\" content=\"Profitez de cette visite priv\u00e9e des chutes du Rhin au d\u00e9part de Zurich et d\u00e9couvrez leurs monuments et sites les plus importants gr\u00e2ce \u00e0 nos visites enti\u00e8rement personnalis\u00e9es.\" \/>\n<meta property=\"og:url\" content=\"https:\/\/tourtravelandmore.com\/fr\/tours\/la-suisse-fr\/lucerne-fr\/private-shore-excursions-fr-8-lucerne-fr\/visite-privee-des-chutes-du-rhin-au-depart-de-zurich\/\" \/>\n<meta property=\"og:site_name\" content=\"Tour Travel And More\" \/>\n<meta property=\"article:publisher\" content=\"https:\/\/www.facebook.com\/tourtravelandmore\/\" \/>\n<meta property=\"article:modified_time\" content=\"2023-07-07T13:53:28+00:00\" \/>\n<meta property=\"og:image\" content=\"https:\/\/tourtravelandmore.com\/wp-content\/uploads\/2023\/03\/pexels-james-wheeler-5689657-1024x683.jpg\" \/>\n\t<meta property=\"og:image:width\" content=\"1024\" \/>\n\t<meta property=\"og:image:height\" content=\"683\" \/>\n\t<meta property=\"og:image:type\" content=\"image\/jpeg\" \/>\n<meta name=\"twitter:card\" content=\"summary_large_image\" \/>\n<meta name=\"twitter:site\" content=\"@TourTravel_More\" \/>\n<meta name=\"twitter:label1\" content=\"Dur\u00e9e de lecture estim\u00e9e\" \/>\n\t<meta name=\"twitter:data1\" content=\"3 minutes\" \/>\n<script type=\"application\/ld+json\" class=\"yoast-schema-graph\">{\"@context\":\"https:\/\/schema.org\",\"@graph\":[{\"@type\":\"WebPage\",\"@id\":\"https:\/\/tourtravelandmore.com\/fr\/tours\/la-suisse-fr\/lucerne-fr\/private-shore-excursions-fr-8-lucerne-fr\/visite-privee-des-chutes-du-rhin-au-depart-de-zurich\/\",\"url\":\"https:\/\/tourtravelandmore.com\/fr\/tours\/la-suisse-fr\/lucerne-fr\/private-shore-excursions-fr-8-lucerne-fr\/visite-privee-des-chutes-du-rhin-au-depart-de-zurich\/\",\"name\":\"Visite priv\u00e9e des chutes du Rhin au d\u00e9part de Zurich | TTM\",\"isPartOf\":{\"@id\":\"https:\/\/tourtravelandmore.com\/fr\/#website\"},\"primaryImageOfPage\":{\"@id\":\"https:\/\/tourtravelandmore.com\/fr\/tours\/la-suisse-fr\/lucerne-fr\/private-shore-excursions-fr-8-lucerne-fr\/visite-privee-des-chutes-du-rhin-au-depart-de-zurich\/#primaryimage\"},\"image\":{\"@id\":\"https:\/\/tourtravelandmore.com\/fr\/tours\/la-suisse-fr\/lucerne-fr\/private-shore-excursions-fr-8-lucerne-fr\/visite-privee-des-chutes-du-rhin-au-depart-de-zurich\/#primaryimage\"},\"thumbnailUrl\":\"https:\/\/tourtravelandmore.com\/wp-content\/uploads\/2023\/03\/pexels-james-wheeler-5689657.jpg\",\"datePublished\":\"2023-03-06T13:26:55+00:00\",\"dateModified\":\"2023-07-07T13:53:28+00:00\",\"description\":\"Profitez de cette visite priv\u00e9e des chutes du Rhin au d\u00e9part de Zurich et d\u00e9couvrez leurs monuments et sites les plus importants gr\u00e2ce \u00e0 nos visites enti\u00e8rement personnalis\u00e9es.\",\"breadcrumb\":{\"@id\":\"https:\/\/tourtravelandmore.com\/fr\/tours\/la-suisse-fr\/lucerne-fr\/private-shore-excursions-fr-8-lucerne-fr\/visite-privee-des-chutes-du-rhin-au-depart-de-zurich\/#breadcrumb\"},\"inLanguage\":\"fr-FR\",\"potentialAction\":[{\"@type\":\"ReadAction\",\"target\":[\"https:\/\/tourtravelandmore.com\/fr\/tours\/la-suisse-fr\/lucerne-fr\/private-shore-excursions-fr-8-lucerne-fr\/visite-privee-des-chutes-du-rhin-au-depart-de-zurich\/\"]}]},{\"@type\":\"ImageObject\",\"inLanguage\":\"fr-FR\",\"@id\":\"https:\/\/tourtravelandmore.com\/fr\/tours\/la-suisse-fr\/lucerne-fr\/private-shore-excursions-fr-8-lucerne-fr\/visite-privee-des-chutes-du-rhin-au-depart-de-zurich\/#primaryimage\",\"url\":\"https:\/\/tourtravelandmore.com\/wp-content\/uploads\/2023\/03\/pexels-james-wheeler-5689657.jpg\",\"contentUrl\":\"https:\/\/tourtravelandmore.com\/wp-content\/uploads\/2023\/03\/pexels-james-wheeler-5689657.jpg\",\"width\":7939,\"height\":5298},{\"@type\":\"BreadcrumbList\",\"@id\":\"https:\/\/tourtravelandmore.com\/fr\/tours\/la-suisse-fr\/lucerne-fr\/private-shore-excursions-fr-8-lucerne-fr\/visite-privee-des-chutes-du-rhin-au-depart-de-zurich\/#breadcrumb\",\"itemListElement\":[{\"@type\":\"ListItem\",\"position\":1,\"name\":\"Home\",\"item\":\"https:\/\/tourtravelandmore.com\/fr\/\"},{\"@type\":\"ListItem\",\"position\":2,\"name\":\"Tours\",\"item\":\"https:\/\/tourtravelandmore.com\/fr\/tours\/\"},{\"@type\":\"ListItem\",\"position\":3,\"name\":\"Visite priv\u00e9e des chutes du Rhin au d\u00e9part de Zurich\"}]},{\"@type\":\"WebSite\",\"@id\":\"https:\/\/tourtravelandmore.com\/fr\/#website\",\"url\":\"https:\/\/tourtravelandmore.com\/fr\/\",\"name\":\"Tour Travel And More\",\"description\":\"Private sightseeing tours and luxury transfers in Spain\",\"publisher\":{\"@id\":\"https:\/\/tourtravelandmore.com\/fr\/#organization\"},\"potentialAction\":[{\"@type\":\"SearchAction\",\"target\":{\"@type\":\"EntryPoint\",\"urlTemplate\":\"https:\/\/tourtravelandmore.com\/fr\/?s={search_term_string}\"},\"query-input\":{\"@type\":\"PropertyValueSpecification\",\"valueRequired\":true,\"valueName\":\"search_term_string\"}}],\"inLanguage\":\"fr-FR\"},{\"@type\":\"Organization\",\"@id\":\"https:\/\/tourtravelandmore.com\/fr\/#organization\",\"name\":\"Tour Travel And More\",\"url\":\"https:\/\/tourtravelandmore.com\/fr\/\",\"logo\":{\"@type\":\"ImageObject\",\"inLanguage\":\"fr-FR\",\"@id\":\"https:\/\/tourtravelandmore.com\/fr\/#\/schema\/logo\/image\/\",\"url\":\"https:\/\/tourtravelandmore.com\/wp-content\/uploads\/2022\/12\/cropped-logo-cabecera-new.png\",\"contentUrl\":\"https:\/\/tourtravelandmore.com\/wp-content\/uploads\/2022\/12\/cropped-logo-cabecera-new.png\",\"width\":430,\"height\":61,\"caption\":\"Tour Travel And More\"},\"image\":{\"@id\":\"https:\/\/tourtravelandmore.com\/fr\/#\/schema\/logo\/image\/\"},\"sameAs\":[\"https:\/\/www.facebook.com\/tourtravelandmore\/\",\"https:\/\/x.com\/TourTravel_More\"]}]}<\/script>\n<!-- \/ Yoast SEO Premium plugin. -->","yoast_head_json":{"title":"Visite priv\u00e9e des chutes du Rhin au d\u00e9part de Zurich | TTM","description":"Profitez de cette visite priv\u00e9e des chutes du Rhin au d\u00e9part de Zurich et d\u00e9couvrez leurs monuments et sites les plus importants gr\u00e2ce \u00e0 nos visites enti\u00e8rement personnalis\u00e9es.","robots":{"index":"index","follow":"follow","max-snippet":"max-snippet:-1","max-image-preview":"max-image-preview:large","max-video-preview":"max-video-preview:-1"},"canonical":"https:\/\/tourtravelandmore.com\/fr\/tours\/la-suisse-fr\/lucerne-fr\/private-shore-excursions-fr-8-lucerne-fr\/visite-privee-des-chutes-du-rhin-au-depart-de-zurich\/","og_locale":"fr_FR","og_type":"article","og_title":"Visite priv\u00e9e des chutes du Rhin au d\u00e9part de Zurich","og_description":"Profitez de cette visite priv\u00e9e des chutes du Rhin au d\u00e9part de Zurich et d\u00e9couvrez leurs monuments et sites les plus importants gr\u00e2ce \u00e0 nos visites enti\u00e8rement personnalis\u00e9es.","og_url":"https:\/\/tourtravelandmore.com\/fr\/tours\/la-suisse-fr\/lucerne-fr\/private-shore-excursions-fr-8-lucerne-fr\/visite-privee-des-chutes-du-rhin-au-depart-de-zurich\/","og_site_name":"Tour Travel And More","article_publisher":"https:\/\/www.facebook.com\/tourtravelandmore\/","article_modified_time":"2023-07-07T13:53:28+00:00","og_image":[{"width":1024,"height":683,"url":"https:\/\/tourtravelandmore.com\/wp-content\/uploads\/2023\/03\/pexels-james-wheeler-5689657-1024x683.jpg","type":"image\/jpeg"}],"twitter_card":"summary_large_image","twitter_site":"@TourTravel_More","twitter_misc":{"Dur\u00e9e de lecture estim\u00e9e":"3 minutes"},"schema":{"@context":"https:\/\/schema.org","@graph":[{"@type":"WebPage","@id":"https:\/\/tourtravelandmore.com\/fr\/tours\/la-suisse-fr\/lucerne-fr\/private-shore-excursions-fr-8-lucerne-fr\/visite-privee-des-chutes-du-rhin-au-depart-de-zurich\/","url":"https:\/\/tourtravelandmore.com\/fr\/tours\/la-suisse-fr\/lucerne-fr\/private-shore-excursions-fr-8-lucerne-fr\/visite-privee-des-chutes-du-rhin-au-depart-de-zurich\/","name":"Visite priv\u00e9e des chutes du Rhin au d\u00e9part de Zurich | TTM","isPartOf":{"@id":"https:\/\/tourtravelandmore.com\/fr\/#website"},"primaryImageOfPage":{"@id":"https:\/\/tourtravelandmore.com\/fr\/tours\/la-suisse-fr\/lucerne-fr\/private-shore-excursions-fr-8-lucerne-fr\/visite-privee-des-chutes-du-rhin-au-depart-de-zurich\/#primaryimage"},"image":{"@id":"https:\/\/tourtravelandmore.com\/fr\/tours\/la-suisse-fr\/lucerne-fr\/private-shore-excursions-fr-8-lucerne-fr\/visite-privee-des-chutes-du-rhin-au-depart-de-zurich\/#primaryimage"},"thumbnailUrl":"https:\/\/tourtravelandmore.com\/wp-content\/uploads\/2023\/03\/pexels-james-wheeler-5689657.jpg","datePublished":"2023-03-06T13:26:55+00:00","dateModified":"2023-07-07T13:53:28+00:00","description":"Profitez de cette visite priv\u00e9e des chutes du Rhin au d\u00e9part de Zurich et d\u00e9couvrez leurs monuments et sites les plus importants gr\u00e2ce \u00e0 nos visites enti\u00e8rement personnalis\u00e9es.","breadcrumb":{"@id":"https:\/\/tourtravelandmore.com\/fr\/tours\/la-suisse-fr\/lucerne-fr\/private-shore-excursions-fr-8-lucerne-fr\/visite-privee-des-chutes-du-rhin-au-depart-de-zurich\/#breadcrumb"},"inLanguage":"fr-FR","potentialAction":[{"@type":"ReadAction","target":["https:\/\/tourtravelandmore.com\/fr\/tours\/la-suisse-fr\/lucerne-fr\/private-shore-excursions-fr-8-lucerne-fr\/visite-privee-des-chutes-du-rhin-au-depart-de-zurich\/"]}]},{"@type":"ImageObject","inLanguage":"fr-FR","@id":"https:\/\/tourtravelandmore.com\/fr\/tours\/la-suisse-fr\/lucerne-fr\/private-shore-excursions-fr-8-lucerne-fr\/visite-privee-des-chutes-du-rhin-au-depart-de-zurich\/#primaryimage","url":"https:\/\/tourtravelandmore.com\/wp-content\/uploads\/2023\/03\/pexels-james-wheeler-5689657.jpg","contentUrl":"https:\/\/tourtravelandmore.com\/wp-content\/uploads\/2023\/03\/pexels-james-wheeler-5689657.jpg","width":7939,"height":5298},{"@type":"BreadcrumbList","@id":"https:\/\/tourtravelandmore.com\/fr\/tours\/la-suisse-fr\/lucerne-fr\/private-shore-excursions-fr-8-lucerne-fr\/visite-privee-des-chutes-du-rhin-au-depart-de-zurich\/#breadcrumb","itemListElement":[{"@type":"ListItem","position":1,"name":"Home","item":"https:\/\/tourtravelandmore.com\/fr\/"},{"@type":"ListItem","position":2,"name":"Tours","item":"https:\/\/tourtravelandmore.com\/fr\/tours\/"},{"@type":"ListItem","position":3,"name":"Visite priv\u00e9e des chutes du Rhin au d\u00e9part de Zurich"}]},{"@type":"WebSite","@id":"https:\/\/tourtravelandmore.com\/fr\/#website","url":"https:\/\/tourtravelandmore.com\/fr\/","name":"Tour Travel And More","description":"Private sightseeing tours and luxury transfers in Spain","publisher":{"@id":"https:\/\/tourtravelandmore.com\/fr\/#organization"},"potentialAction":[{"@type":"SearchAction","target":{"@type":"EntryPoint","urlTemplate":"https:\/\/tourtravelandmore.com\/fr\/?s={search_term_string}"},"query-input":{"@type":"PropertyValueSpecification","valueRequired":true,"valueName":"search_term_string"}}],"inLanguage":"fr-FR"},{"@type":"Organization","@id":"https:\/\/tourtravelandmore.com\/fr\/#organization","name":"Tour Travel And More","url":"https:\/\/tourtravelandmore.com\/fr\/","logo":{"@type":"ImageObject","inLanguage":"fr-FR","@id":"https:\/\/tourtravelandmore.com\/fr\/#\/schema\/logo\/image\/","url":"https:\/\/tourtravelandmore.com\/wp-content\/uploads\/2022\/12\/cropped-logo-cabecera-new.png","contentUrl":"https:\/\/tourtravelandmore.com\/wp-content\/uploads\/2022\/12\/cropped-logo-cabecera-new.png","width":430,"height":61,"caption":"Tour Travel And More"},"image":{"@id":"https:\/\/tourtravelandmore.com\/fr\/#\/schema\/logo\/image\/"},"sameAs":["https:\/\/www.facebook.com\/tourtravelandmore\/","https:\/\/x.com\/TourTravel_More"]}]}},"_links":{"self":[{"href":"https:\/\/tourtravelandmore.com\/fr\/wp-json\/wp\/v2\/product\/155780","targetHints":{"allow":["GET"]}}],"collection":[{"href":"https:\/\/tourtravelandmore.com\/fr\/wp-json\/wp\/v2\/product"}],"about":[{"href":"https:\/\/tourtravelandmore.com\/fr\/wp-json\/wp\/v2\/types\/product"}],"replies":[{"embeddable":true,"href":"https:\/\/tourtravelandmore.com\/fr\/wp-json\/wp\/v2\/comments?post=155780"}],"wp:featuredmedia":[{"embeddable":true,"href":"https:\/\/tourtravelandmore.com\/fr\/wp-json\/wp\/v2\/media\/155816"}],"wp:attachment":[{"href":"https:\/\/tourtravelandmore.com\/fr\/wp-json\/wp\/v2\/media?parent=155780"}],"wp:term":[{"taxonomy":"product_brand","embeddable":true,"href":"https:\/\/tourtravelandmore.com\/fr\/wp-json\/wp\/v2\/product_brand?post=155780"},{"taxonomy":"product_cat","embeddable":true,"href":"https:\/\/tourtravelandmore.com\/fr\/wp-json\/wp\/v2\/product_cat?post=155780"},{"taxonomy":"product_tag","embeddable":true,"href":"https:\/\/tourtravelandmore.com\/fr\/wp-json\/wp\/v2\/product_tag?post=155780"}],"curies":[{"name":"wp","href":"https:\/\/api.w.org\/{rel}","templated":true}]}}