{"id":155130,"date":"2023-02-28T21:06:27","date_gmt":"2023-02-28T20:06:32","guid":{"rendered":"https:\/\/tourtravelandmore.com\/?post_type=product&#038;p=155130"},"modified":"2024-08-06T17:59:38","modified_gmt":"2024-08-06T15:59:38","slug":"transfert-prive-1-jour-aller-retour-a-disney-depuis-paris","status":"publish","type":"product","link":"https:\/\/tourtravelandmore.com\/fr\/tours\/france-fr\/paris-fr\/all-private-tours-and-activities-fr-100\/transfert-prive-1-jour-aller-retour-a-disney-depuis-paris\/","title":{"rendered":"Transfert priv\u00e9 1 jour aller-retour \u00e0 Disney depuis Paris"},"content":{"rendered":"<h2>Description<\/h2>\n<p>Profitez d&#8217;une exp\u00e9rience relaxante dans l&#8217;un de nos v\u00e9hicules priv\u00e9s de luxe avec nos transferts priv\u00e9s \u00e0 <strong>Paris.<\/strong> Nous vous offrons le moyen le plus rapide et le plus facile d&#8217;atteindre votre destination finale dans la ville des lumi\u00e8res. Vous vous rendrez \u00e0 Disney t\u00f4t le matin et serez de retour \u00e0 Paris le soir. Profitez de ce transfert priv\u00e9 d&#8217;une journ\u00e9e aller-retour \u00e0 Disney depuis Paris.<\/p>\n<p>Nous proposons tous les types de transferts, tels que les transferts vers l&#8217;a\u00e9roport, la gare ou les transferts interurbains autour de Paris.<\/p>\n<p>Dans le cas d&#8217;un transfert \u00e0 l&#8217;arriv\u00e9e, notre personnel vous attendra avec un panneau au terminal des arriv\u00e9es. Nos chauffeurs surveillent toujours l&#8217;heure exacte d&#8217;atterrissage des vols, vous n&#8217;avez donc pas \u00e0 vous inqui\u00e9ter en cas de retard pendant votre vol.<\/p>\n<p>Tous nos transferts sont organis\u00e9s dans des v\u00e9hicules priv\u00e9s de luxe. Nos chauffeurs sont professionnels et connaissent tr\u00e8s bien la ville et ses environs.<\/p>\n<h2>Sites d&#8217;int\u00e9r\u00eat et monuments<\/h2>\n<p>Nous organisons des transferts priv\u00e9s pour les groupes priv\u00e9s et m\u00eame pour les groupes de motivation ou les grands groupes. Prenez contact avec nous et nous vous aiderons \u00e0 organiser une exp\u00e9rience totalement personnalis\u00e9e.<\/p>\n<p>Disneyland Paris, anciennement Disneyland Resort Paris, est un centre de vacances et de loisirs de 22,3 km\u00b2 situ\u00e9 \u00e0 Marne-la-Vall\u00e9e, une agglom\u00e9ration de communes du d\u00e9partement de Seine-et-Marne, \u00e0 l&#8217;est de Paris, en France.<\/p>\n<p>Nos transferts priv\u00e9s ne sont pas limit\u00e9s en ce qui concerne le nombre de bagages. Cependant, nous avons besoin de savoir \u00e0 l&#8217;avance s&#8217;il y a un exc\u00e8s de bagages, afin d&#8217;organiser le v\u00e9hicule ad\u00e9quat.<\/p>\n<p>Si vous avez besoin d&#8217;un si\u00e8ge b\u00e9b\u00e9 ou d&#8217;un si\u00e8ge enfant, veuillez nous contacter avant votre vol ou votre croisi\u00e8re afin de l&#8217;organiser correctement.<\/p>\n<p><a href=\"https:\/\/tourtravelandmore.com\/fr\/city\/france-fr\/paris-fr\/\">Si vous avez plus de jours \u00e0 Paris, consultez notre liste de visites priv\u00e9es ici !<\/a><\/p>\n","protected":false},"excerpt":{"rendered":"<p>Profitez d&#8217;une exp\u00e9rience relaxante dans l&#8217;un de nos v\u00e9hicules priv\u00e9s de luxe avec nos transferts priv\u00e9s \u00e0 Paris. Nous vous offrons le moyen le plus rapide et le plus facile d&#8217;atteindre votre destination finale dans la ville des lumi\u00e8res. Vous vous rendrez \u00e0 Disney t\u00f4t le matin et serez de retour \u00e0 Paris le soir. Profitez de ce transfert priv\u00e9 d&#8217;une journ\u00e9e aller-retour \u00e0 Disney depuis Paris.<\/p>\n","protected":false},"featured_media":155140,"comment_status":"open","ping_status":"closed","template":"","meta":{"_acf_changed":false},"product_brand":[],"product_cat":[3542,4203,4298],"product_tag":[],"class_list":{"0":"post-155130","1":"product","2":"type-product","3":"status-publish","4":"has-post-thumbnail","6":"product_cat-paris-fr","7":"product_cat-all-private-tours-and-activities-fr-100","8":"product_cat-private-transfers-fr-6","10":"first","11":"instock","12":"shipping-taxable","13":"purchasable","14":"product-type-simple"},"acf":[],"yoast_head":"<!-- This site is optimized with the Yoast SEO Premium plugin v25.3.1 (Yoast SEO v25.3.1) - https:\/\/yoast.com\/wordpress\/plugins\/seo\/ -->\n<title>\u27a1\ufe0f Transfert priv\u00e9 1 jour aller-retour \u00e0 Disney depuis Paris | TTM<\/title>\n<meta name=\"description\" content=\"Nous vous offrons le moyen le plus rapide et le plus facile pour atteindre votre destination finale. Profitez d&#039;une exp\u00e9rience relaxante avec notre transfert priv\u00e9 1 jour aller-retour \u00e0 Disney depuis Paris \u2705.\" \/>\n<meta name=\"robots\" content=\"index, follow, max-snippet:-1, max-image-preview:large, max-video-preview:-1\" \/>\n<link rel=\"canonical\" href=\"https:\/\/tourtravelandmore.com\/fr\/tours\/france-fr\/paris-fr\/all-private-tours-and-activities-fr-100\/transfert-prive-1-jour-aller-retour-a-disney-depuis-paris\/\" \/>\n<meta property=\"og:locale\" content=\"fr_FR\" \/>\n<meta property=\"og:type\" content=\"article\" \/>\n<meta property=\"og:title\" content=\"Transfert priv\u00e9 1 jour aller-retour \u00e0 Disney depuis Paris\" \/>\n<meta property=\"og:description\" content=\"Nous vous offrons le moyen le plus rapide et le plus facile pour atteindre votre destination finale. Profitez d&#039;une exp\u00e9rience relaxante avec notre transfert priv\u00e9 1 jour aller-retour \u00e0 Disney depuis Paris \u2705.\" \/>\n<meta property=\"og:url\" content=\"https:\/\/tourtravelandmore.com\/fr\/tours\/france-fr\/paris-fr\/all-private-tours-and-activities-fr-100\/transfert-prive-1-jour-aller-retour-a-disney-depuis-paris\/\" \/>\n<meta property=\"og:site_name\" content=\"Tour Travel And More\" \/>\n<meta property=\"article:publisher\" content=\"https:\/\/www.facebook.com\/tourtravelandmore\/\" \/>\n<meta property=\"article:modified_time\" content=\"2024-08-06T15:59:38+00:00\" \/>\n<meta property=\"og:image\" content=\"https:\/\/tourtravelandmore.com\/wp-content\/uploads\/2023\/02\/eurodisneyjpg.png\" \/>\n\t<meta property=\"og:image:width\" content=\"1200\" \/>\n\t<meta property=\"og:image:height\" content=\"675\" \/>\n\t<meta property=\"og:image:type\" content=\"image\/png\" \/>\n<meta name=\"twitter:card\" content=\"summary_large_image\" \/>\n<meta name=\"twitter:site\" content=\"@TourTravel_More\" \/>\n<meta name=\"twitter:label1\" content=\"Dur\u00e9e de lecture estim\u00e9e\" \/>\n\t<meta name=\"twitter:data1\" content=\"2 minutes\" \/>\n<script type=\"application\/ld+json\" class=\"yoast-schema-graph\">{\"@context\":\"https:\/\/schema.org\",\"@graph\":[{\"@type\":\"WebPage\",\"@id\":\"https:\/\/tourtravelandmore.com\/fr\/tours\/france-fr\/paris-fr\/all-private-tours-and-activities-fr-100\/transfert-prive-1-jour-aller-retour-a-disney-depuis-paris\/\",\"url\":\"https:\/\/tourtravelandmore.com\/fr\/tours\/france-fr\/paris-fr\/all-private-tours-and-activities-fr-100\/transfert-prive-1-jour-aller-retour-a-disney-depuis-paris\/\",\"name\":\"\u27a1\ufe0f Transfert priv\u00e9 1 jour aller-retour \u00e0 Disney depuis Paris | TTM\",\"isPartOf\":{\"@id\":\"https:\/\/tourtravelandmore.com\/fr\/#website\"},\"primaryImageOfPage\":{\"@id\":\"https:\/\/tourtravelandmore.com\/fr\/tours\/france-fr\/paris-fr\/all-private-tours-and-activities-fr-100\/transfert-prive-1-jour-aller-retour-a-disney-depuis-paris\/#primaryimage\"},\"image\":{\"@id\":\"https:\/\/tourtravelandmore.com\/fr\/tours\/france-fr\/paris-fr\/all-private-tours-and-activities-fr-100\/transfert-prive-1-jour-aller-retour-a-disney-depuis-paris\/#primaryimage\"},\"thumbnailUrl\":\"https:\/\/tourtravelandmore.com\/wp-content\/uploads\/2023\/02\/eurodisneyjpg.png\",\"datePublished\":\"2023-02-28T20:06:32+00:00\",\"dateModified\":\"2024-08-06T15:59:38+00:00\",\"description\":\"Nous vous offrons le moyen le plus rapide et le plus facile pour atteindre votre destination finale. Profitez d'une exp\u00e9rience relaxante avec notre transfert priv\u00e9 1 jour aller-retour \u00e0 Disney depuis Paris \u2705.\",\"breadcrumb\":{\"@id\":\"https:\/\/tourtravelandmore.com\/fr\/tours\/france-fr\/paris-fr\/all-private-tours-and-activities-fr-100\/transfert-prive-1-jour-aller-retour-a-disney-depuis-paris\/#breadcrumb\"},\"inLanguage\":\"fr-FR\",\"potentialAction\":[{\"@type\":\"ReadAction\",\"target\":[\"https:\/\/tourtravelandmore.com\/fr\/tours\/france-fr\/paris-fr\/all-private-tours-and-activities-fr-100\/transfert-prive-1-jour-aller-retour-a-disney-depuis-paris\/\"]}]},{\"@type\":\"ImageObject\",\"inLanguage\":\"fr-FR\",\"@id\":\"https:\/\/tourtravelandmore.com\/fr\/tours\/france-fr\/paris-fr\/all-private-tours-and-activities-fr-100\/transfert-prive-1-jour-aller-retour-a-disney-depuis-paris\/#primaryimage\",\"url\":\"https:\/\/tourtravelandmore.com\/wp-content\/uploads\/2023\/02\/eurodisneyjpg.png\",\"contentUrl\":\"https:\/\/tourtravelandmore.com\/wp-content\/uploads\/2023\/02\/eurodisneyjpg.png\",\"width\":1200,\"height\":675},{\"@type\":\"BreadcrumbList\",\"@id\":\"https:\/\/tourtravelandmore.com\/fr\/tours\/france-fr\/paris-fr\/all-private-tours-and-activities-fr-100\/transfert-prive-1-jour-aller-retour-a-disney-depuis-paris\/#breadcrumb\",\"itemListElement\":[{\"@type\":\"ListItem\",\"position\":1,\"name\":\"Home\",\"item\":\"https:\/\/tourtravelandmore.com\/fr\/\"},{\"@type\":\"ListItem\",\"position\":2,\"name\":\"Tours\",\"item\":\"https:\/\/tourtravelandmore.com\/fr\/tours\/\"},{\"@type\":\"ListItem\",\"position\":3,\"name\":\"Transfert priv\u00e9 1 jour aller-retour \u00e0 Disney depuis Paris\"}]},{\"@type\":\"WebSite\",\"@id\":\"https:\/\/tourtravelandmore.com\/fr\/#website\",\"url\":\"https:\/\/tourtravelandmore.com\/fr\/\",\"name\":\"Tour Travel And More\",\"description\":\"Private sightseeing tours and luxury transfers in Spain\",\"publisher\":{\"@id\":\"https:\/\/tourtravelandmore.com\/fr\/#organization\"},\"potentialAction\":[{\"@type\":\"SearchAction\",\"target\":{\"@type\":\"EntryPoint\",\"urlTemplate\":\"https:\/\/tourtravelandmore.com\/fr\/?s={search_term_string}\"},\"query-input\":{\"@type\":\"PropertyValueSpecification\",\"valueRequired\":true,\"valueName\":\"search_term_string\"}}],\"inLanguage\":\"fr-FR\"},{\"@type\":\"Organization\",\"@id\":\"https:\/\/tourtravelandmore.com\/fr\/#organization\",\"name\":\"Tour Travel And More\",\"url\":\"https:\/\/tourtravelandmore.com\/fr\/\",\"logo\":{\"@type\":\"ImageObject\",\"inLanguage\":\"fr-FR\",\"@id\":\"https:\/\/tourtravelandmore.com\/fr\/#\/schema\/logo\/image\/\",\"url\":\"https:\/\/tourtravelandmore.com\/wp-content\/uploads\/2022\/12\/cropped-logo-cabecera-new.png\",\"contentUrl\":\"https:\/\/tourtravelandmore.com\/wp-content\/uploads\/2022\/12\/cropped-logo-cabecera-new.png\",\"width\":430,\"height\":61,\"caption\":\"Tour Travel And More\"},\"image\":{\"@id\":\"https:\/\/tourtravelandmore.com\/fr\/#\/schema\/logo\/image\/\"},\"sameAs\":[\"https:\/\/www.facebook.com\/tourtravelandmore\/\",\"https:\/\/x.com\/TourTravel_More\"]}]}<\/script>\n<!-- \/ Yoast SEO Premium plugin. -->","yoast_head_json":{"title":"\u27a1\ufe0f Transfert priv\u00e9 1 jour aller-retour \u00e0 Disney depuis Paris | TTM","description":"Nous vous offrons le moyen le plus rapide et le plus facile pour atteindre votre destination finale. Profitez d'une exp\u00e9rience relaxante avec notre transfert priv\u00e9 1 jour aller-retour \u00e0 Disney depuis Paris \u2705.","robots":{"index":"index","follow":"follow","max-snippet":"max-snippet:-1","max-image-preview":"max-image-preview:large","max-video-preview":"max-video-preview:-1"},"canonical":"https:\/\/tourtravelandmore.com\/fr\/tours\/france-fr\/paris-fr\/all-private-tours-and-activities-fr-100\/transfert-prive-1-jour-aller-retour-a-disney-depuis-paris\/","og_locale":"fr_FR","og_type":"article","og_title":"Transfert priv\u00e9 1 jour aller-retour \u00e0 Disney depuis Paris","og_description":"Nous vous offrons le moyen le plus rapide et le plus facile pour atteindre votre destination finale. Profitez d'une exp\u00e9rience relaxante avec notre transfert priv\u00e9 1 jour aller-retour \u00e0 Disney depuis Paris \u2705.","og_url":"https:\/\/tourtravelandmore.com\/fr\/tours\/france-fr\/paris-fr\/all-private-tours-and-activities-fr-100\/transfert-prive-1-jour-aller-retour-a-disney-depuis-paris\/","og_site_name":"Tour Travel And More","article_publisher":"https:\/\/www.facebook.com\/tourtravelandmore\/","article_modified_time":"2024-08-06T15:59:38+00:00","og_image":[{"width":1200,"height":675,"url":"https:\/\/tourtravelandmore.com\/wp-content\/uploads\/2023\/02\/eurodisneyjpg.png","type":"image\/png"}],"twitter_card":"summary_large_image","twitter_site":"@TourTravel_More","twitter_misc":{"Dur\u00e9e de lecture estim\u00e9e":"2 minutes"},"schema":{"@context":"https:\/\/schema.org","@graph":[{"@type":"WebPage","@id":"https:\/\/tourtravelandmore.com\/fr\/tours\/france-fr\/paris-fr\/all-private-tours-and-activities-fr-100\/transfert-prive-1-jour-aller-retour-a-disney-depuis-paris\/","url":"https:\/\/tourtravelandmore.com\/fr\/tours\/france-fr\/paris-fr\/all-private-tours-and-activities-fr-100\/transfert-prive-1-jour-aller-retour-a-disney-depuis-paris\/","name":"\u27a1\ufe0f Transfert priv\u00e9 1 jour aller-retour \u00e0 Disney depuis Paris | TTM","isPartOf":{"@id":"https:\/\/tourtravelandmore.com\/fr\/#website"},"primaryImageOfPage":{"@id":"https:\/\/tourtravelandmore.com\/fr\/tours\/france-fr\/paris-fr\/all-private-tours-and-activities-fr-100\/transfert-prive-1-jour-aller-retour-a-disney-depuis-paris\/#primaryimage"},"image":{"@id":"https:\/\/tourtravelandmore.com\/fr\/tours\/france-fr\/paris-fr\/all-private-tours-and-activities-fr-100\/transfert-prive-1-jour-aller-retour-a-disney-depuis-paris\/#primaryimage"},"thumbnailUrl":"https:\/\/tourtravelandmore.com\/wp-content\/uploads\/2023\/02\/eurodisneyjpg.png","datePublished":"2023-02-28T20:06:32+00:00","dateModified":"2024-08-06T15:59:38+00:00","description":"Nous vous offrons le moyen le plus rapide et le plus facile pour atteindre votre destination finale. Profitez d'une exp\u00e9rience relaxante avec notre transfert priv\u00e9 1 jour aller-retour \u00e0 Disney depuis Paris \u2705.","breadcrumb":{"@id":"https:\/\/tourtravelandmore.com\/fr\/tours\/france-fr\/paris-fr\/all-private-tours-and-activities-fr-100\/transfert-prive-1-jour-aller-retour-a-disney-depuis-paris\/#breadcrumb"},"inLanguage":"fr-FR","potentialAction":[{"@type":"ReadAction","target":["https:\/\/tourtravelandmore.com\/fr\/tours\/france-fr\/paris-fr\/all-private-tours-and-activities-fr-100\/transfert-prive-1-jour-aller-retour-a-disney-depuis-paris\/"]}]},{"@type":"ImageObject","inLanguage":"fr-FR","@id":"https:\/\/tourtravelandmore.com\/fr\/tours\/france-fr\/paris-fr\/all-private-tours-and-activities-fr-100\/transfert-prive-1-jour-aller-retour-a-disney-depuis-paris\/#primaryimage","url":"https:\/\/tourtravelandmore.com\/wp-content\/uploads\/2023\/02\/eurodisneyjpg.png","contentUrl":"https:\/\/tourtravelandmore.com\/wp-content\/uploads\/2023\/02\/eurodisneyjpg.png","width":1200,"height":675},{"@type":"BreadcrumbList","@id":"https:\/\/tourtravelandmore.com\/fr\/tours\/france-fr\/paris-fr\/all-private-tours-and-activities-fr-100\/transfert-prive-1-jour-aller-retour-a-disney-depuis-paris\/#breadcrumb","itemListElement":[{"@type":"ListItem","position":1,"name":"Home","item":"https:\/\/tourtravelandmore.com\/fr\/"},{"@type":"ListItem","position":2,"name":"Tours","item":"https:\/\/tourtravelandmore.com\/fr\/tours\/"},{"@type":"ListItem","position":3,"name":"Transfert priv\u00e9 1 jour aller-retour \u00e0 Disney depuis Paris"}]},{"@type":"WebSite","@id":"https:\/\/tourtravelandmore.com\/fr\/#website","url":"https:\/\/tourtravelandmore.com\/fr\/","name":"Tour Travel And More","description":"Private sightseeing tours and luxury transfers in Spain","publisher":{"@id":"https:\/\/tourtravelandmore.com\/fr\/#organization"},"potentialAction":[{"@type":"SearchAction","target":{"@type":"EntryPoint","urlTemplate":"https:\/\/tourtravelandmore.com\/fr\/?s={search_term_string}"},"query-input":{"@type":"PropertyValueSpecification","valueRequired":true,"valueName":"search_term_string"}}],"inLanguage":"fr-FR"},{"@type":"Organization","@id":"https:\/\/tourtravelandmore.com\/fr\/#organization","name":"Tour Travel And More","url":"https:\/\/tourtravelandmore.com\/fr\/","logo":{"@type":"ImageObject","inLanguage":"fr-FR","@id":"https:\/\/tourtravelandmore.com\/fr\/#\/schema\/logo\/image\/","url":"https:\/\/tourtravelandmore.com\/wp-content\/uploads\/2022\/12\/cropped-logo-cabecera-new.png","contentUrl":"https:\/\/tourtravelandmore.com\/wp-content\/uploads\/2022\/12\/cropped-logo-cabecera-new.png","width":430,"height":61,"caption":"Tour Travel And More"},"image":{"@id":"https:\/\/tourtravelandmore.com\/fr\/#\/schema\/logo\/image\/"},"sameAs":["https:\/\/www.facebook.com\/tourtravelandmore\/","https:\/\/x.com\/TourTravel_More"]}]}},"_links":{"self":[{"href":"https:\/\/tourtravelandmore.com\/fr\/wp-json\/wp\/v2\/product\/155130","targetHints":{"allow":["GET"]}}],"collection":[{"href":"https:\/\/tourtravelandmore.com\/fr\/wp-json\/wp\/v2\/product"}],"about":[{"href":"https:\/\/tourtravelandmore.com\/fr\/wp-json\/wp\/v2\/types\/product"}],"replies":[{"embeddable":true,"href":"https:\/\/tourtravelandmore.com\/fr\/wp-json\/wp\/v2\/comments?post=155130"}],"wp:featuredmedia":[{"embeddable":true,"href":"https:\/\/tourtravelandmore.com\/fr\/wp-json\/wp\/v2\/media\/155140"}],"wp:attachment":[{"href":"https:\/\/tourtravelandmore.com\/fr\/wp-json\/wp\/v2\/media?parent=155130"}],"wp:term":[{"taxonomy":"product_brand","embeddable":true,"href":"https:\/\/tourtravelandmore.com\/fr\/wp-json\/wp\/v2\/product_brand?post=155130"},{"taxonomy":"product_cat","embeddable":true,"href":"https:\/\/tourtravelandmore.com\/fr\/wp-json\/wp\/v2\/product_cat?post=155130"},{"taxonomy":"product_tag","embeddable":true,"href":"https:\/\/tourtravelandmore.com\/fr\/wp-json\/wp\/v2\/product_tag?post=155130"}],"curies":[{"name":"wp","href":"https:\/\/api.w.org\/{rel}","templated":true}]}}