{"id":155098,"date":"2023-02-28T19:02:32","date_gmt":"2023-02-28T18:02:38","guid":{"rendered":"https:\/\/tourtravelandmore.com\/?post_type=product&#038;p=155098"},"modified":"2024-08-06T17:15:38","modified_gmt":"2024-08-06T15:15:38","slug":"private-tour-to-chateaux-of-fontainebleau-from-paris","status":"publish","type":"product","link":"https:\/\/tourtravelandmore.com\/fr\/tours\/france-fr\/paris-fr\/all-private-tours-and-activities-fr-100\/private-tour-to-chateaux-of-fontainebleau-from-paris\/","title":{"rendered":"Private tour to Chateaux of Fontainebleau from Paris"},"content":{"rendered":"<h2>Description<\/h2>\n<p><strong>Les ch\u00e2teaux de Fontainebleau et one <\/strong>des ch\u00e2teaux fran\u00e7ais les plus embl\u00e9matiques. Le ch\u00e2teau de Vaux-le-Vicomte poss\u00e8de un int\u00e9rieur extravagant qui a mis son cr\u00e9ateur en prison. Le <strong>Ch\u00e2teau Fontainebleau<\/strong> est un site du patrimoine mondial de <strong>l&#8217;UNESCO<\/strong> qui abrite \u00e9galement un magnifique parc entourant le ch\u00e2teau. Visitez les deux sites historiques lors d&#8217;une <strong>visite priv\u00e9e d&#8217;une journ\u00e9e \u00e0 Fontainebleau au d\u00e9part de Paris.<\/strong><\/p>\n<p>Tout d&#8217;abord, votre chauffeur priv\u00e9 et votre guide officiel viendront vous chercher \u00e0 l&#8217;endroit souhait\u00e9. Suivi d&#8217;un court trajet en voiture jusqu&#8217;\u00e0 <strong>Fontainebleau.<\/strong> Une fois sur place, vous visiterez le <strong>ch\u00e2teau<\/strong>\u00a0de <strong>Fontainebleau,<\/strong> class\u00e9 au patrimoine mondial. Le seul ch\u00e2teau royal \u00e0 \u00eatre habit\u00e9 sans interruption pendant plus de sept si\u00e8cles. Apr\u00e8s votre visite au deuxi\u00e8me ch\u00e2teau majestueux, vous retournerez \u00e0 <strong>Paris.<\/strong><\/p>\n<p>Nos circuits sont priv\u00e9s et adaptables aux d\u00e9sirs de nos clients. Contactez-nous pour une proposition sur mesure. L&#8217;un des membres de notre \u00e9quipe vous aidera \u00e0 organiser une exp\u00e9rience inoubliable.<\/p>\n<h2>Sites d&#8217;int\u00e9r\u00eat et points de rep\u00e8re<\/h2>\n<p>Les <strong>ch\u00e2teaux<\/strong> de <strong>Fontainebleau<\/strong> sont l\u2019une des plus belles r\u00e9sidences des souverains fran\u00e7ais. Le ch\u00e2teau a \u00e9t\u00e9 d\u00e9clar\u00e9 par <strong>l&#8217;UNESCO<\/strong> au patrimoine mondial de l&#8217;humanit\u00e9 en 1981. Situ\u00e9 au c\u0153ur d&#8217;une vaste for\u00eat d&#8217;Ile-de-France, il fut utilis\u00e9 par les rois de France \u00e0 partir du 12\u00e8me si\u00e8cle comme pavillon de chasse royal m\u00e9di\u00e9val. Le ch\u00e2teau est entour\u00e9 d&#8217;un immense parc, et allie traditions artistiques de la <strong>Renaissance<\/strong> et <strong>fran\u00e7aise.<\/strong><\/p>\n<p>Vous visiterez les deux ch\u00e2teaux avec votre guide priv\u00e9 officiel, expert en culture et histoire de France. Votre chauffeur priv\u00e9 sera \u00e9galement \u00e0 votre enti\u00e8re disposition pendant toute la dur\u00e9e de la visite. En plus de votre chauffeur et de votre guide, vous aurez des billets coupe-file pour les deux ch\u00e2teaux. Profitez d&#8217;une visite inoubliable de Fontainebleau avec un expert.<\/p>\n<p>Toutes les visites que nous proposons sont priv\u00e9es, donc uniquement pour vous. Contactez-nous pour des informations d\u00e9taill\u00e9es. Apr\u00e8s cela, l&#8217;un de nos experts en voyages vous contactera.<\/p>\n","protected":false},"excerpt":{"rendered":"<p><strong>Les ch\u00e2teaux de Fontainebleau et one <\/strong>des ch\u00e2teaux fran\u00e7ais les plus embl\u00e9matiques. Le ch\u00e2teau de Vaux-le-Vicomte poss\u00e8de un int\u00e9rieur extravagant qui a mis son cr\u00e9ateur en prison. Le <strong>Ch\u00e2teau Fontainebleau<\/strong> est un site du patrimoine mondial de <strong>l&#8217;UNESCO<\/strong> qui abrite \u00e9galement un magnifique parc entourant le ch\u00e2teau. Visitez les deux sites historiques lors d&#8217;une <strong>visite priv\u00e9e d&#8217;une journ\u00e9e \u00e0 Fontainebleau au d\u00e9part de Paris.<\/strong><\/p>\n","protected":false},"featured_media":155108,"comment_status":"open","ping_status":"closed","template":"","meta":{"_acf_changed":false},"product_brand":[],"product_cat":[3542,4203,4204],"product_tag":[],"class_list":{"0":"post-155098","1":"product","2":"type-product","3":"status-publish","4":"has-post-thumbnail","6":"product_cat-paris-fr","7":"product_cat-all-private-tours-and-activities-fr-100","8":"product_cat-private-day-trips-fr-3","10":"first","11":"instock","12":"shipping-taxable","13":"purchasable","14":"product-type-simple"},"acf":[],"yoast_head":"<!-- This site is optimized with the Yoast SEO Premium plugin v25.3.1 (Yoast SEO v25.3.1) - https:\/\/yoast.com\/wordpress\/plugins\/seo\/ -->\n<title>Private tour to Fontainebleau castle | Tour Travel &amp; More<\/title>\n<meta name=\"description\" content=\"Visitez de plus beaux ch\u00e2teaux de France avec un expert. Visitez Fontainebleau et Vaux le Vicomte lors d&#039;une excursion priv\u00e9e d&#039;une journ\u00e9e au d\u00e9part de Paris\" \/>\n<meta name=\"robots\" content=\"index, follow, max-snippet:-1, max-image-preview:large, max-video-preview:-1\" \/>\n<link rel=\"canonical\" href=\"https:\/\/tourtravelandmore.com\/fr\/tours\/france-fr\/paris-fr\/all-private-tours-and-activities-fr-100\/private-tour-to-chateaux-of-fontainebleau-from-paris\/\" \/>\n<meta property=\"og:locale\" content=\"fr_FR\" \/>\n<meta property=\"og:type\" content=\"article\" \/>\n<meta property=\"og:title\" content=\"Private tour to Chateaux of Fontainebleau from Paris\" \/>\n<meta property=\"og:description\" content=\"Visitez de plus beaux ch\u00e2teaux de France avec un expert. Visitez Fontainebleau et Vaux le Vicomte lors d&#039;une excursion priv\u00e9e d&#039;une journ\u00e9e au d\u00e9part de Paris\" \/>\n<meta property=\"og:url\" content=\"https:\/\/tourtravelandmore.com\/fr\/tours\/france-fr\/paris-fr\/all-private-tours-and-activities-fr-100\/private-tour-to-chateaux-of-fontainebleau-from-paris\/\" \/>\n<meta property=\"og:site_name\" content=\"Tour Travel And More\" \/>\n<meta property=\"article:publisher\" content=\"https:\/\/www.facebook.com\/tourtravelandmore\/\" \/>\n<meta property=\"article:modified_time\" content=\"2024-08-06T15:15:38+00:00\" \/>\n<meta property=\"og:image\" content=\"https:\/\/tourtravelandmore.com\/wp-content\/uploads\/2023\/02\/chateau2-1.jpg\" \/>\n\t<meta property=\"og:image:width\" content=\"1920\" \/>\n\t<meta property=\"og:image:height\" content=\"1080\" \/>\n\t<meta property=\"og:image:type\" content=\"image\/jpeg\" \/>\n<meta name=\"twitter:card\" content=\"summary_large_image\" \/>\n<meta name=\"twitter:site\" content=\"@TourTravel_More\" \/>\n<meta name=\"twitter:label1\" content=\"Dur\u00e9e de lecture estim\u00e9e\" \/>\n\t<meta name=\"twitter:data1\" content=\"2 minutes\" \/>\n<script type=\"application\/ld+json\" class=\"yoast-schema-graph\">{\"@context\":\"https:\/\/schema.org\",\"@graph\":[{\"@type\":\"WebPage\",\"@id\":\"https:\/\/tourtravelandmore.com\/fr\/tours\/france-fr\/paris-fr\/all-private-tours-and-activities-fr-100\/private-tour-to-chateaux-of-fontainebleau-from-paris\/\",\"url\":\"https:\/\/tourtravelandmore.com\/fr\/tours\/france-fr\/paris-fr\/all-private-tours-and-activities-fr-100\/private-tour-to-chateaux-of-fontainebleau-from-paris\/\",\"name\":\"Private tour to Fontainebleau castle | Tour Travel & More\",\"isPartOf\":{\"@id\":\"https:\/\/tourtravelandmore.com\/fr\/#website\"},\"primaryImageOfPage\":{\"@id\":\"https:\/\/tourtravelandmore.com\/fr\/tours\/france-fr\/paris-fr\/all-private-tours-and-activities-fr-100\/private-tour-to-chateaux-of-fontainebleau-from-paris\/#primaryimage\"},\"image\":{\"@id\":\"https:\/\/tourtravelandmore.com\/fr\/tours\/france-fr\/paris-fr\/all-private-tours-and-activities-fr-100\/private-tour-to-chateaux-of-fontainebleau-from-paris\/#primaryimage\"},\"thumbnailUrl\":\"https:\/\/tourtravelandmore.com\/wp-content\/uploads\/2023\/02\/chateau2-1.jpg\",\"datePublished\":\"2023-02-28T18:02:38+00:00\",\"dateModified\":\"2024-08-06T15:15:38+00:00\",\"description\":\"Visitez de plus beaux ch\u00e2teaux de France avec un expert. Visitez Fontainebleau et Vaux le Vicomte lors d'une excursion priv\u00e9e d'une journ\u00e9e au d\u00e9part de Paris\",\"breadcrumb\":{\"@id\":\"https:\/\/tourtravelandmore.com\/fr\/tours\/france-fr\/paris-fr\/all-private-tours-and-activities-fr-100\/private-tour-to-chateaux-of-fontainebleau-from-paris\/#breadcrumb\"},\"inLanguage\":\"fr-FR\",\"potentialAction\":[{\"@type\":\"ReadAction\",\"target\":[\"https:\/\/tourtravelandmore.com\/fr\/tours\/france-fr\/paris-fr\/all-private-tours-and-activities-fr-100\/private-tour-to-chateaux-of-fontainebleau-from-paris\/\"]}]},{\"@type\":\"ImageObject\",\"inLanguage\":\"fr-FR\",\"@id\":\"https:\/\/tourtravelandmore.com\/fr\/tours\/france-fr\/paris-fr\/all-private-tours-and-activities-fr-100\/private-tour-to-chateaux-of-fontainebleau-from-paris\/#primaryimage\",\"url\":\"https:\/\/tourtravelandmore.com\/wp-content\/uploads\/2023\/02\/chateau2-1.jpg\",\"contentUrl\":\"https:\/\/tourtravelandmore.com\/wp-content\/uploads\/2023\/02\/chateau2-1.jpg\",\"width\":1920,\"height\":1080},{\"@type\":\"BreadcrumbList\",\"@id\":\"https:\/\/tourtravelandmore.com\/fr\/tours\/france-fr\/paris-fr\/all-private-tours-and-activities-fr-100\/private-tour-to-chateaux-of-fontainebleau-from-paris\/#breadcrumb\",\"itemListElement\":[{\"@type\":\"ListItem\",\"position\":1,\"name\":\"Home\",\"item\":\"https:\/\/tourtravelandmore.com\/fr\/\"},{\"@type\":\"ListItem\",\"position\":2,\"name\":\"Tours\",\"item\":\"https:\/\/tourtravelandmore.com\/fr\/tours\/\"},{\"@type\":\"ListItem\",\"position\":3,\"name\":\"Private tour to Chateaux of Fontainebleau from Paris\"}]},{\"@type\":\"WebSite\",\"@id\":\"https:\/\/tourtravelandmore.com\/fr\/#website\",\"url\":\"https:\/\/tourtravelandmore.com\/fr\/\",\"name\":\"Tour Travel And More\",\"description\":\"Private sightseeing tours and luxury transfers in Spain\",\"publisher\":{\"@id\":\"https:\/\/tourtravelandmore.com\/fr\/#organization\"},\"potentialAction\":[{\"@type\":\"SearchAction\",\"target\":{\"@type\":\"EntryPoint\",\"urlTemplate\":\"https:\/\/tourtravelandmore.com\/fr\/?s={search_term_string}\"},\"query-input\":{\"@type\":\"PropertyValueSpecification\",\"valueRequired\":true,\"valueName\":\"search_term_string\"}}],\"inLanguage\":\"fr-FR\"},{\"@type\":\"Organization\",\"@id\":\"https:\/\/tourtravelandmore.com\/fr\/#organization\",\"name\":\"Tour Travel And More\",\"url\":\"https:\/\/tourtravelandmore.com\/fr\/\",\"logo\":{\"@type\":\"ImageObject\",\"inLanguage\":\"fr-FR\",\"@id\":\"https:\/\/tourtravelandmore.com\/fr\/#\/schema\/logo\/image\/\",\"url\":\"https:\/\/tourtravelandmore.com\/wp-content\/uploads\/2022\/12\/cropped-logo-cabecera-new.png\",\"contentUrl\":\"https:\/\/tourtravelandmore.com\/wp-content\/uploads\/2022\/12\/cropped-logo-cabecera-new.png\",\"width\":430,\"height\":61,\"caption\":\"Tour Travel And More\"},\"image\":{\"@id\":\"https:\/\/tourtravelandmore.com\/fr\/#\/schema\/logo\/image\/\"},\"sameAs\":[\"https:\/\/www.facebook.com\/tourtravelandmore\/\",\"https:\/\/x.com\/TourTravel_More\"]}]}<\/script>\n<!-- \/ Yoast SEO Premium plugin. -->","yoast_head_json":{"title":"Private tour to Fontainebleau castle | Tour Travel & More","description":"Visitez de plus beaux ch\u00e2teaux de France avec un expert. Visitez Fontainebleau et Vaux le Vicomte lors d'une excursion priv\u00e9e d'une journ\u00e9e au d\u00e9part de Paris","robots":{"index":"index","follow":"follow","max-snippet":"max-snippet:-1","max-image-preview":"max-image-preview:large","max-video-preview":"max-video-preview:-1"},"canonical":"https:\/\/tourtravelandmore.com\/fr\/tours\/france-fr\/paris-fr\/all-private-tours-and-activities-fr-100\/private-tour-to-chateaux-of-fontainebleau-from-paris\/","og_locale":"fr_FR","og_type":"article","og_title":"Private tour to Chateaux of Fontainebleau from Paris","og_description":"Visitez de plus beaux ch\u00e2teaux de France avec un expert. Visitez Fontainebleau et Vaux le Vicomte lors d'une excursion priv\u00e9e d'une journ\u00e9e au d\u00e9part de Paris","og_url":"https:\/\/tourtravelandmore.com\/fr\/tours\/france-fr\/paris-fr\/all-private-tours-and-activities-fr-100\/private-tour-to-chateaux-of-fontainebleau-from-paris\/","og_site_name":"Tour Travel And More","article_publisher":"https:\/\/www.facebook.com\/tourtravelandmore\/","article_modified_time":"2024-08-06T15:15:38+00:00","og_image":[{"width":1920,"height":1080,"url":"https:\/\/tourtravelandmore.com\/wp-content\/uploads\/2023\/02\/chateau2-1.jpg","type":"image\/jpeg"}],"twitter_card":"summary_large_image","twitter_site":"@TourTravel_More","twitter_misc":{"Dur\u00e9e de lecture estim\u00e9e":"2 minutes"},"schema":{"@context":"https:\/\/schema.org","@graph":[{"@type":"WebPage","@id":"https:\/\/tourtravelandmore.com\/fr\/tours\/france-fr\/paris-fr\/all-private-tours-and-activities-fr-100\/private-tour-to-chateaux-of-fontainebleau-from-paris\/","url":"https:\/\/tourtravelandmore.com\/fr\/tours\/france-fr\/paris-fr\/all-private-tours-and-activities-fr-100\/private-tour-to-chateaux-of-fontainebleau-from-paris\/","name":"Private tour to Fontainebleau castle | Tour Travel & More","isPartOf":{"@id":"https:\/\/tourtravelandmore.com\/fr\/#website"},"primaryImageOfPage":{"@id":"https:\/\/tourtravelandmore.com\/fr\/tours\/france-fr\/paris-fr\/all-private-tours-and-activities-fr-100\/private-tour-to-chateaux-of-fontainebleau-from-paris\/#primaryimage"},"image":{"@id":"https:\/\/tourtravelandmore.com\/fr\/tours\/france-fr\/paris-fr\/all-private-tours-and-activities-fr-100\/private-tour-to-chateaux-of-fontainebleau-from-paris\/#primaryimage"},"thumbnailUrl":"https:\/\/tourtravelandmore.com\/wp-content\/uploads\/2023\/02\/chateau2-1.jpg","datePublished":"2023-02-28T18:02:38+00:00","dateModified":"2024-08-06T15:15:38+00:00","description":"Visitez de plus beaux ch\u00e2teaux de France avec un expert. Visitez Fontainebleau et Vaux le Vicomte lors d'une excursion priv\u00e9e d'une journ\u00e9e au d\u00e9part de Paris","breadcrumb":{"@id":"https:\/\/tourtravelandmore.com\/fr\/tours\/france-fr\/paris-fr\/all-private-tours-and-activities-fr-100\/private-tour-to-chateaux-of-fontainebleau-from-paris\/#breadcrumb"},"inLanguage":"fr-FR","potentialAction":[{"@type":"ReadAction","target":["https:\/\/tourtravelandmore.com\/fr\/tours\/france-fr\/paris-fr\/all-private-tours-and-activities-fr-100\/private-tour-to-chateaux-of-fontainebleau-from-paris\/"]}]},{"@type":"ImageObject","inLanguage":"fr-FR","@id":"https:\/\/tourtravelandmore.com\/fr\/tours\/france-fr\/paris-fr\/all-private-tours-and-activities-fr-100\/private-tour-to-chateaux-of-fontainebleau-from-paris\/#primaryimage","url":"https:\/\/tourtravelandmore.com\/wp-content\/uploads\/2023\/02\/chateau2-1.jpg","contentUrl":"https:\/\/tourtravelandmore.com\/wp-content\/uploads\/2023\/02\/chateau2-1.jpg","width":1920,"height":1080},{"@type":"BreadcrumbList","@id":"https:\/\/tourtravelandmore.com\/fr\/tours\/france-fr\/paris-fr\/all-private-tours-and-activities-fr-100\/private-tour-to-chateaux-of-fontainebleau-from-paris\/#breadcrumb","itemListElement":[{"@type":"ListItem","position":1,"name":"Home","item":"https:\/\/tourtravelandmore.com\/fr\/"},{"@type":"ListItem","position":2,"name":"Tours","item":"https:\/\/tourtravelandmore.com\/fr\/tours\/"},{"@type":"ListItem","position":3,"name":"Private tour to Chateaux of Fontainebleau from Paris"}]},{"@type":"WebSite","@id":"https:\/\/tourtravelandmore.com\/fr\/#website","url":"https:\/\/tourtravelandmore.com\/fr\/","name":"Tour Travel And More","description":"Private sightseeing tours and luxury transfers in Spain","publisher":{"@id":"https:\/\/tourtravelandmore.com\/fr\/#organization"},"potentialAction":[{"@type":"SearchAction","target":{"@type":"EntryPoint","urlTemplate":"https:\/\/tourtravelandmore.com\/fr\/?s={search_term_string}"},"query-input":{"@type":"PropertyValueSpecification","valueRequired":true,"valueName":"search_term_string"}}],"inLanguage":"fr-FR"},{"@type":"Organization","@id":"https:\/\/tourtravelandmore.com\/fr\/#organization","name":"Tour Travel And More","url":"https:\/\/tourtravelandmore.com\/fr\/","logo":{"@type":"ImageObject","inLanguage":"fr-FR","@id":"https:\/\/tourtravelandmore.com\/fr\/#\/schema\/logo\/image\/","url":"https:\/\/tourtravelandmore.com\/wp-content\/uploads\/2022\/12\/cropped-logo-cabecera-new.png","contentUrl":"https:\/\/tourtravelandmore.com\/wp-content\/uploads\/2022\/12\/cropped-logo-cabecera-new.png","width":430,"height":61,"caption":"Tour Travel And More"},"image":{"@id":"https:\/\/tourtravelandmore.com\/fr\/#\/schema\/logo\/image\/"},"sameAs":["https:\/\/www.facebook.com\/tourtravelandmore\/","https:\/\/x.com\/TourTravel_More"]}]}},"_links":{"self":[{"href":"https:\/\/tourtravelandmore.com\/fr\/wp-json\/wp\/v2\/product\/155098","targetHints":{"allow":["GET"]}}],"collection":[{"href":"https:\/\/tourtravelandmore.com\/fr\/wp-json\/wp\/v2\/product"}],"about":[{"href":"https:\/\/tourtravelandmore.com\/fr\/wp-json\/wp\/v2\/types\/product"}],"replies":[{"embeddable":true,"href":"https:\/\/tourtravelandmore.com\/fr\/wp-json\/wp\/v2\/comments?post=155098"}],"wp:featuredmedia":[{"embeddable":true,"href":"https:\/\/tourtravelandmore.com\/fr\/wp-json\/wp\/v2\/media\/155108"}],"wp:attachment":[{"href":"https:\/\/tourtravelandmore.com\/fr\/wp-json\/wp\/v2\/media?parent=155098"}],"wp:term":[{"taxonomy":"product_brand","embeddable":true,"href":"https:\/\/tourtravelandmore.com\/fr\/wp-json\/wp\/v2\/product_brand?post=155098"},{"taxonomy":"product_cat","embeddable":true,"href":"https:\/\/tourtravelandmore.com\/fr\/wp-json\/wp\/v2\/product_cat?post=155098"},{"taxonomy":"product_tag","embeddable":true,"href":"https:\/\/tourtravelandmore.com\/fr\/wp-json\/wp\/v2\/product_tag?post=155098"}],"curies":[{"name":"wp","href":"https:\/\/api.w.org\/{rel}","templated":true}]}}