{"id":154997,"date":"2023-02-28T09:52:36","date_gmt":"2023-02-28T08:52:43","guid":{"rendered":"https:\/\/tourtravelandmore.com\/?post_type=product&#038;p=154997"},"modified":"2024-11-20T18:52:32","modified_gmt":"2024-11-20T17:52:32","slug":"circuit-gastronomique-prive-a-saint-jacques-de-compostelle","status":"publish","type":"product","link":"https:\/\/tourtravelandmore.com\/fr\/tours\/espagne-fr\/santiagodecompsotela-fr\/circuit-gastronomique-prive-a-saint-jacques-de-compostelle\/","title":{"rendered":"Circuit gastronomique priv\u00e9 a pied \u00e0 Saint-Jacques-de-Compostelle"},"content":{"rendered":"<h2><b>Description de la visite gastronomique priv\u00e9e \u00e0 Saint-Jacques-de-Compostelle<\/b><\/h2>\n<p><span style=\"font-weight: 400;\">D\u00e9couvrez les d\u00e9lices culinaires de Saint-Jacques-de-Compostelle lors de cette visite gastronomique priv\u00e9e. Sous la conduite d&#8217;un guide comp\u00e9tent, vous visiterez quelques-uns des meilleurs lieux de restauration de la ville et d\u00e9gusterez des plats et des boissons traditionnels galiciens. Cette visite de 3 heures est parfaite pour les gourmets qui souhaitent d\u00e9couvrir la cuisine et la culture locales.<\/span><\/p>\n<p><span style=\"font-weight: 400;\">D\u00e9couvrez les saveurs de la Galice lors de cette visite gastronomique priv\u00e9e \u00e0 Saint-Jacques-de-Compostelle. Notre guide expert vous emm\u00e8nera dans un voyage \u00e0 travers la sc\u00e8ne alimentaire de la ville, en vous faisant d\u00e9couvrir les meilleures saveurs et sp\u00e9cialit\u00e9s locales. Avec des arr\u00eats dans certains des meilleurs restaurants et bars de la ville, vous pourrez d\u00e9guster une gamme de plats et de boissons traditionnels.<\/span><\/p>\n<p><span style=\"font-weight: 400;\">En savourant les d\u00e9lices gastronomiques de Saint-Jacques-de-Compostelle, vous d\u00e9couvrirez \u00e9galement la riche histoire et la culture culinaire de la r\u00e9gion. En mettant l&#8217;accent sur les ingr\u00e9dients d&#8217;origine locale et les m\u00e9thodes de pr\u00e9paration traditionnelles, cette visite offre une exp\u00e9rience unique et authentique de la cuisine de Galice. Que vous soyez un amateur de cuisine ou un voyageur curieux, cette visite priv\u00e9e ne manquera pas de satisfaire vos papilles gustatives et de vous faire appr\u00e9cier davantage la cuisine galicienne.<\/span><\/p>\n<h2><b>Visite gastronomique priv\u00e9e \u00e0 Saint-Jacques-de-Compostelle Points d&#8217;int\u00e9r\u00eat<\/b><\/h2>\n<p><span style=\"font-weight: 400;\">Dans le cadre de cette visite gastronomique priv\u00e9e, vous aurez l&#8217;occasion d&#8217;explorer les lieux gastronomiques populaires suivants \u00e0 Saint-Jacques-de-Compostelle :<\/span><\/p>\n<h3><b>Mercado de Abastos :<\/b><\/h3>\n<p><span style=\"font-weight: 400;\">Le principal march\u00e9 alimentaire de la ville, Mercado de Abastos, est un centre d&#8217;activit\u00e9 o\u00f9 les habitants et les visiteurs peuvent trouver les produits et les fruits de mer les plus frais, ainsi qu&#8217;une vari\u00e9t\u00e9 de plats pr\u00e9par\u00e9s. Avec plus de 100 \u00e9tals, c&#8217;est un endroit anim\u00e9 et vivant pour d\u00e9couvrir la culture alimentaire locale.<\/span><\/p>\n<h3><b>Caf\u00e9 Casino :<\/b><\/h3>\n<p><span style=\"font-weight: 400;\">Situ\u00e9 au c\u0153ur de la ville, le Caf\u00e9 Casino est un endroit populaire pour le caf\u00e9, les p\u00e2tisseries et les tapas. Avec son d\u00e9cor orn\u00e9 et son atmosph\u00e8re \u00e9l\u00e9gante, c&#8217;est un endroit id\u00e9al pour d\u00e9guster des sp\u00e9cialit\u00e9s locales et prendre un verre. C&#8217;est le lieu pr\u00e9f\u00e9r\u00e9 des habitants et des touristes pour ses plats d\u00e9licieux et son ambiance chaleureuse.<\/span><\/p>\n<h3><b>O Dezaseis :<\/b><\/h3>\n<p><span style=\"font-weight: 400;\">Taverne confortable et traditionnelle, O Dezaseis est c\u00e9l\u00e8bre pour ses d\u00e9licieux fruits de mer et ses vins galiciens. Avec son atmosph\u00e8re chaleureuse et accueillante, c&#8217;est l&#8217;endroit id\u00e9al pour d\u00e9couvrir la culture et la cuisine locales. Elle sert une cuisine traditionnelle galicienne depuis 1945 et est un lieu de pr\u00e9dilection pour les habitants.<\/span><\/p>\n<h3><b>Casa dos Xugos :<\/b><\/h3>\n<p><span style=\"font-weight: 400;\">Cave \u00e0 vin et taverne historique, la Casa dos Xugos est connue pour sa grande vari\u00e9t\u00e9 de vins et de plats traditionnels galiciens. Avec son charme rustique et sa cuisine authentique, c&#8217;est une destination incontournable pour les amateurs de cuisine et de vin. Sa carte des vins est tr\u00e8s compl\u00e8te, avec plus de 500 vins provenant de toute l&#8217;Espagne et du monde entier.<\/span><\/p>\n<h3><b>Casa Marcelo :<\/b><\/h3>\n<p><span style=\"font-weight: 400;\">Restaurant \u00e9toil\u00e9 au Michelin situ\u00e9 au c\u0153ur de Saint-Jacques-de-Compostelle, la Casa Marcelo est connue pour sa cuisine innovante et ses interpr\u00e9tations modernes des plats traditionnels galiciens. En mettant l&#8217;accent sur les ingr\u00e9dients d&#8217;origine locale et en s&#8217;engageant en faveur du d\u00e9veloppement durable, il s&#8217;agit d&#8217;un v\u00e9ritable joyau gastronomique. Son menu change r\u00e9guli\u00e8rement en fonction des ingr\u00e9dients les plus frais disponibles, et il offre une exp\u00e9rience gastronomique unique.<\/span><\/p>\n<p><span style=\"font-weight: 400;\">R\u00e9servez d\u00e8s aujourd&#8217;hui votre circuit gastronomique priv\u00e9 \u00e0 Saint-Jacques-de-Compostelle et d\u00e9couvrez les d\u00e9lices culinaires de la ville d&#8217;une mani\u00e8re unique et personnalis\u00e9e. Contactez Tour Travel and More pour plus d&#8217;informations sur nos circuits priv\u00e9s \u00e0 Saint-Jacques-de-Compostelle et au-del\u00e0.<\/span><\/p>\n<p><span style=\"font-weight: 400;\">Au cours de cette visite priv\u00e9e, vous d\u00e9couvrirez la culture alimentaire de la ville, go\u00fbterez de d\u00e9licieux plats locaux et apprendrez l&#8217;histoire et les traditions culinaires de la r\u00e9gion. Notre guide expert vous fera part de ses connaissances et de ses recommandations, afin de vous faire vivre une exp\u00e9rience gastronomique inoubliable \u00e0 Saint-Jacques-de-Compostelle.<\/span><\/p>\n<p><span style=\"font-weight: 400;\">Que vous soyez un gastronome, un amateur de vin ou que vous cherchiez simplement \u00e0 go\u00fbter \u00e0 la meilleure cuisine locale, cette visite priv\u00e9e est le moyen id\u00e9al pour le faire. Avec un itin\u00e9raire flexible et une attention personnalis\u00e9e, vous pourrez profiter de la sc\u00e8ne gastronomique de la ville \u00e0 votre propre rythme.<\/span><\/p>\n<p><span style=\"font-weight: 400;\">Ne manquez pas cette <\/span><a href=\"https:\/\/tourtravelandmore.com\/fr\/city\/espagne-fr\/santiagodecompsotela-fr\/\"><span style=\"font-weight: 400;\">incroyable occasion de d\u00e9guster votre chemin \u00e0 travers Saint-Jacques-de-Compostelle.<\/span><\/a><span style=\"font-weight: 400;\"> R\u00e9servez votre visite gastronomique priv\u00e9e d\u00e8s aujourd&#8217;hui et laissez-nous nous occuper du reste.<\/span><\/p>\n","protected":false},"excerpt":{"rendered":"<p><span style=\"font-weight: 400;\">Participez \u00e0 notre visite gastronomique priv\u00e9e \u00e0 Saint-Jacques-de-Compostelle et d\u00e9couvrez le meilleur de la sc\u00e8ne gastronomique de Galice. Notre guide expert vous emm\u00e8nera dans les meilleurs restaurants et bars de la ville pour d\u00e9guster des plats et des boissons traditionnels. Explorez le vibrant Mercado de Abastos et savourez les saveurs de la cuisine galicienne. R\u00e9servez votre visite aujourd&#8217;hui et d\u00e9couvrez les saveurs locales !<\/span><\/p>\n","protected":false},"featured_media":155010,"comment_status":"open","ping_status":"closed","template":"","meta":{"_acf_changed":false},"product_brand":[],"product_cat":[4438,4437,5126,3589],"product_tag":[],"class_list":{"0":"post-154997","1":"product","2":"type-product","3":"status-publish","4":"has-post-thumbnail","6":"product_cat-all-private-tours-activities-fr-21","7":"product_cat-private-shore-excursions-fr-8","8":"product_cat-private-sightseeing-tours-fr-31","9":"product_cat-santiagodecompsotela-fr","11":"first","12":"instock","13":"shipping-taxable","14":"purchasable","15":"product-type-simple"},"acf":[],"yoast_head":"<!-- This site is optimized with the Yoast SEO Premium plugin v25.3.1 (Yoast SEO v25.3.1) - https:\/\/yoast.com\/wordpress\/plugins\/seo\/ -->\n<title>Tour gastronomique priv\u00e9 \u00e0 Saint-Jacques-de-Compostelle - D\u00e9couvrez les saveurs locales | Tour Travel and More<\/title>\n<meta name=\"description\" content=\"Participez \u00e0 notre visite gastronomique priv\u00e9e \u00e0 Saint-Jacques-de-Compostelle et d\u00e9gustez les meilleures sp\u00e9cialit\u00e9s locales. D\u00e9gustez des plats et des boissons traditionnels dans les meilleurs restaurants et bars de la ville. Contactez-nous pour r\u00e9server votre visite d\u00e8s maintenant !\" \/>\n<meta name=\"robots\" content=\"index, follow, max-snippet:-1, max-image-preview:large, max-video-preview:-1\" \/>\n<link rel=\"canonical\" href=\"https:\/\/tourtravelandmore.com\/fr\/tours\/espagne-fr\/santiagodecompsotela-fr\/circuit-gastronomique-prive-a-saint-jacques-de-compostelle\/\" \/>\n<meta property=\"og:locale\" content=\"fr_FR\" \/>\n<meta property=\"og:type\" content=\"article\" \/>\n<meta property=\"og:title\" content=\"Circuit gastronomique priv\u00e9 a pied \u00e0 Saint-Jacques-de-Compostelle\" \/>\n<meta property=\"og:description\" content=\"Participez \u00e0 notre visite gastronomique priv\u00e9e \u00e0 Saint-Jacques-de-Compostelle et d\u00e9gustez les meilleures sp\u00e9cialit\u00e9s locales. D\u00e9gustez des plats et des boissons traditionnels dans les meilleurs restaurants et bars de la ville. Contactez-nous pour r\u00e9server votre visite d\u00e8s maintenant !\" \/>\n<meta property=\"og:url\" content=\"https:\/\/tourtravelandmore.com\/fr\/tours\/espagne-fr\/santiagodecompsotela-fr\/circuit-gastronomique-prive-a-saint-jacques-de-compostelle\/\" \/>\n<meta property=\"og:site_name\" content=\"Tour Travel And More\" \/>\n<meta property=\"article:publisher\" content=\"https:\/\/www.facebook.com\/tourtravelandmore\/\" \/>\n<meta property=\"article:modified_time\" content=\"2024-11-20T17:52:32+00:00\" \/>\n<meta property=\"og:image\" content=\"https:\/\/tourtravelandmore.com\/wp-content\/uploads\/2023\/02\/image2-9.jpg\" \/>\n\t<meta property=\"og:image:width\" content=\"900\" \/>\n\t<meta property=\"og:image:height\" content=\"750\" \/>\n\t<meta property=\"og:image:type\" content=\"image\/jpeg\" \/>\n<meta name=\"twitter:card\" content=\"summary_large_image\" \/>\n<meta name=\"twitter:site\" content=\"@TourTravel_More\" \/>\n<meta name=\"twitter:label1\" content=\"Dur\u00e9e de lecture estim\u00e9e\" \/>\n\t<meta name=\"twitter:data1\" content=\"4 minutes\" \/>\n<script type=\"application\/ld+json\" class=\"yoast-schema-graph\">{\"@context\":\"https:\/\/schema.org\",\"@graph\":[{\"@type\":\"WebPage\",\"@id\":\"https:\/\/tourtravelandmore.com\/fr\/tours\/espagne-fr\/santiagodecompsotela-fr\/circuit-gastronomique-prive-a-saint-jacques-de-compostelle\/\",\"url\":\"https:\/\/tourtravelandmore.com\/fr\/tours\/espagne-fr\/santiagodecompsotela-fr\/circuit-gastronomique-prive-a-saint-jacques-de-compostelle\/\",\"name\":\"Tour gastronomique priv\u00e9 \u00e0 Saint-Jacques-de-Compostelle - D\u00e9couvrez les saveurs locales | Tour Travel and More\",\"isPartOf\":{\"@id\":\"https:\/\/tourtravelandmore.com\/fr\/#website\"},\"primaryImageOfPage\":{\"@id\":\"https:\/\/tourtravelandmore.com\/fr\/tours\/espagne-fr\/santiagodecompsotela-fr\/circuit-gastronomique-prive-a-saint-jacques-de-compostelle\/#primaryimage\"},\"image\":{\"@id\":\"https:\/\/tourtravelandmore.com\/fr\/tours\/espagne-fr\/santiagodecompsotela-fr\/circuit-gastronomique-prive-a-saint-jacques-de-compostelle\/#primaryimage\"},\"thumbnailUrl\":\"https:\/\/tourtravelandmore.com\/wp-content\/uploads\/2023\/02\/image2-9.jpg\",\"datePublished\":\"2023-02-28T08:52:43+00:00\",\"dateModified\":\"2024-11-20T17:52:32+00:00\",\"description\":\"Participez \u00e0 notre visite gastronomique priv\u00e9e \u00e0 Saint-Jacques-de-Compostelle et d\u00e9gustez les meilleures sp\u00e9cialit\u00e9s locales. D\u00e9gustez des plats et des boissons traditionnels dans les meilleurs restaurants et bars de la ville. Contactez-nous pour r\u00e9server votre visite d\u00e8s maintenant !\",\"breadcrumb\":{\"@id\":\"https:\/\/tourtravelandmore.com\/fr\/tours\/espagne-fr\/santiagodecompsotela-fr\/circuit-gastronomique-prive-a-saint-jacques-de-compostelle\/#breadcrumb\"},\"inLanguage\":\"fr-FR\",\"potentialAction\":[{\"@type\":\"ReadAction\",\"target\":[\"https:\/\/tourtravelandmore.com\/fr\/tours\/espagne-fr\/santiagodecompsotela-fr\/circuit-gastronomique-prive-a-saint-jacques-de-compostelle\/\"]}]},{\"@type\":\"ImageObject\",\"inLanguage\":\"fr-FR\",\"@id\":\"https:\/\/tourtravelandmore.com\/fr\/tours\/espagne-fr\/santiagodecompsotela-fr\/circuit-gastronomique-prive-a-saint-jacques-de-compostelle\/#primaryimage\",\"url\":\"https:\/\/tourtravelandmore.com\/wp-content\/uploads\/2023\/02\/image2-9.jpg\",\"contentUrl\":\"https:\/\/tourtravelandmore.com\/wp-content\/uploads\/2023\/02\/image2-9.jpg\",\"width\":900,\"height\":750},{\"@type\":\"BreadcrumbList\",\"@id\":\"https:\/\/tourtravelandmore.com\/fr\/tours\/espagne-fr\/santiagodecompsotela-fr\/circuit-gastronomique-prive-a-saint-jacques-de-compostelle\/#breadcrumb\",\"itemListElement\":[{\"@type\":\"ListItem\",\"position\":1,\"name\":\"Home\",\"item\":\"https:\/\/tourtravelandmore.com\/fr\/\"},{\"@type\":\"ListItem\",\"position\":2,\"name\":\"Tours\",\"item\":\"https:\/\/tourtravelandmore.com\/fr\/tours\/\"},{\"@type\":\"ListItem\",\"position\":3,\"name\":\"Circuit gastronomique priv\u00e9 a pied \u00e0 Saint-Jacques-de-Compostelle\"}]},{\"@type\":\"WebSite\",\"@id\":\"https:\/\/tourtravelandmore.com\/fr\/#website\",\"url\":\"https:\/\/tourtravelandmore.com\/fr\/\",\"name\":\"Tour Travel And More\",\"description\":\"Private sightseeing tours and luxury transfers in Spain\",\"publisher\":{\"@id\":\"https:\/\/tourtravelandmore.com\/fr\/#organization\"},\"potentialAction\":[{\"@type\":\"SearchAction\",\"target\":{\"@type\":\"EntryPoint\",\"urlTemplate\":\"https:\/\/tourtravelandmore.com\/fr\/?s={search_term_string}\"},\"query-input\":{\"@type\":\"PropertyValueSpecification\",\"valueRequired\":true,\"valueName\":\"search_term_string\"}}],\"inLanguage\":\"fr-FR\"},{\"@type\":\"Organization\",\"@id\":\"https:\/\/tourtravelandmore.com\/fr\/#organization\",\"name\":\"Tour Travel And More\",\"url\":\"https:\/\/tourtravelandmore.com\/fr\/\",\"logo\":{\"@type\":\"ImageObject\",\"inLanguage\":\"fr-FR\",\"@id\":\"https:\/\/tourtravelandmore.com\/fr\/#\/schema\/logo\/image\/\",\"url\":\"https:\/\/tourtravelandmore.com\/wp-content\/uploads\/2022\/12\/cropped-logo-cabecera-new.png\",\"contentUrl\":\"https:\/\/tourtravelandmore.com\/wp-content\/uploads\/2022\/12\/cropped-logo-cabecera-new.png\",\"width\":430,\"height\":61,\"caption\":\"Tour Travel And More\"},\"image\":{\"@id\":\"https:\/\/tourtravelandmore.com\/fr\/#\/schema\/logo\/image\/\"},\"sameAs\":[\"https:\/\/www.facebook.com\/tourtravelandmore\/\",\"https:\/\/x.com\/TourTravel_More\"]}]}<\/script>\n<!-- \/ Yoast SEO Premium plugin. -->","yoast_head_json":{"title":"Tour gastronomique priv\u00e9 \u00e0 Saint-Jacques-de-Compostelle - D\u00e9couvrez les saveurs locales | Tour Travel and More","description":"Participez \u00e0 notre visite gastronomique priv\u00e9e \u00e0 Saint-Jacques-de-Compostelle et d\u00e9gustez les meilleures sp\u00e9cialit\u00e9s locales. D\u00e9gustez des plats et des boissons traditionnels dans les meilleurs restaurants et bars de la ville. Contactez-nous pour r\u00e9server votre visite d\u00e8s maintenant !","robots":{"index":"index","follow":"follow","max-snippet":"max-snippet:-1","max-image-preview":"max-image-preview:large","max-video-preview":"max-video-preview:-1"},"canonical":"https:\/\/tourtravelandmore.com\/fr\/tours\/espagne-fr\/santiagodecompsotela-fr\/circuit-gastronomique-prive-a-saint-jacques-de-compostelle\/","og_locale":"fr_FR","og_type":"article","og_title":"Circuit gastronomique priv\u00e9 a pied \u00e0 Saint-Jacques-de-Compostelle","og_description":"Participez \u00e0 notre visite gastronomique priv\u00e9e \u00e0 Saint-Jacques-de-Compostelle et d\u00e9gustez les meilleures sp\u00e9cialit\u00e9s locales. D\u00e9gustez des plats et des boissons traditionnels dans les meilleurs restaurants et bars de la ville. Contactez-nous pour r\u00e9server votre visite d\u00e8s maintenant !","og_url":"https:\/\/tourtravelandmore.com\/fr\/tours\/espagne-fr\/santiagodecompsotela-fr\/circuit-gastronomique-prive-a-saint-jacques-de-compostelle\/","og_site_name":"Tour Travel And More","article_publisher":"https:\/\/www.facebook.com\/tourtravelandmore\/","article_modified_time":"2024-11-20T17:52:32+00:00","og_image":[{"width":900,"height":750,"url":"https:\/\/tourtravelandmore.com\/wp-content\/uploads\/2023\/02\/image2-9.jpg","type":"image\/jpeg"}],"twitter_card":"summary_large_image","twitter_site":"@TourTravel_More","twitter_misc":{"Dur\u00e9e de lecture estim\u00e9e":"4 minutes"},"schema":{"@context":"https:\/\/schema.org","@graph":[{"@type":"WebPage","@id":"https:\/\/tourtravelandmore.com\/fr\/tours\/espagne-fr\/santiagodecompsotela-fr\/circuit-gastronomique-prive-a-saint-jacques-de-compostelle\/","url":"https:\/\/tourtravelandmore.com\/fr\/tours\/espagne-fr\/santiagodecompsotela-fr\/circuit-gastronomique-prive-a-saint-jacques-de-compostelle\/","name":"Tour gastronomique priv\u00e9 \u00e0 Saint-Jacques-de-Compostelle - D\u00e9couvrez les saveurs locales | Tour Travel and More","isPartOf":{"@id":"https:\/\/tourtravelandmore.com\/fr\/#website"},"primaryImageOfPage":{"@id":"https:\/\/tourtravelandmore.com\/fr\/tours\/espagne-fr\/santiagodecompsotela-fr\/circuit-gastronomique-prive-a-saint-jacques-de-compostelle\/#primaryimage"},"image":{"@id":"https:\/\/tourtravelandmore.com\/fr\/tours\/espagne-fr\/santiagodecompsotela-fr\/circuit-gastronomique-prive-a-saint-jacques-de-compostelle\/#primaryimage"},"thumbnailUrl":"https:\/\/tourtravelandmore.com\/wp-content\/uploads\/2023\/02\/image2-9.jpg","datePublished":"2023-02-28T08:52:43+00:00","dateModified":"2024-11-20T17:52:32+00:00","description":"Participez \u00e0 notre visite gastronomique priv\u00e9e \u00e0 Saint-Jacques-de-Compostelle et d\u00e9gustez les meilleures sp\u00e9cialit\u00e9s locales. D\u00e9gustez des plats et des boissons traditionnels dans les meilleurs restaurants et bars de la ville. Contactez-nous pour r\u00e9server votre visite d\u00e8s maintenant !","breadcrumb":{"@id":"https:\/\/tourtravelandmore.com\/fr\/tours\/espagne-fr\/santiagodecompsotela-fr\/circuit-gastronomique-prive-a-saint-jacques-de-compostelle\/#breadcrumb"},"inLanguage":"fr-FR","potentialAction":[{"@type":"ReadAction","target":["https:\/\/tourtravelandmore.com\/fr\/tours\/espagne-fr\/santiagodecompsotela-fr\/circuit-gastronomique-prive-a-saint-jacques-de-compostelle\/"]}]},{"@type":"ImageObject","inLanguage":"fr-FR","@id":"https:\/\/tourtravelandmore.com\/fr\/tours\/espagne-fr\/santiagodecompsotela-fr\/circuit-gastronomique-prive-a-saint-jacques-de-compostelle\/#primaryimage","url":"https:\/\/tourtravelandmore.com\/wp-content\/uploads\/2023\/02\/image2-9.jpg","contentUrl":"https:\/\/tourtravelandmore.com\/wp-content\/uploads\/2023\/02\/image2-9.jpg","width":900,"height":750},{"@type":"BreadcrumbList","@id":"https:\/\/tourtravelandmore.com\/fr\/tours\/espagne-fr\/santiagodecompsotela-fr\/circuit-gastronomique-prive-a-saint-jacques-de-compostelle\/#breadcrumb","itemListElement":[{"@type":"ListItem","position":1,"name":"Home","item":"https:\/\/tourtravelandmore.com\/fr\/"},{"@type":"ListItem","position":2,"name":"Tours","item":"https:\/\/tourtravelandmore.com\/fr\/tours\/"},{"@type":"ListItem","position":3,"name":"Circuit gastronomique priv\u00e9 a pied \u00e0 Saint-Jacques-de-Compostelle"}]},{"@type":"WebSite","@id":"https:\/\/tourtravelandmore.com\/fr\/#website","url":"https:\/\/tourtravelandmore.com\/fr\/","name":"Tour Travel And More","description":"Private sightseeing tours and luxury transfers in Spain","publisher":{"@id":"https:\/\/tourtravelandmore.com\/fr\/#organization"},"potentialAction":[{"@type":"SearchAction","target":{"@type":"EntryPoint","urlTemplate":"https:\/\/tourtravelandmore.com\/fr\/?s={search_term_string}"},"query-input":{"@type":"PropertyValueSpecification","valueRequired":true,"valueName":"search_term_string"}}],"inLanguage":"fr-FR"},{"@type":"Organization","@id":"https:\/\/tourtravelandmore.com\/fr\/#organization","name":"Tour Travel And More","url":"https:\/\/tourtravelandmore.com\/fr\/","logo":{"@type":"ImageObject","inLanguage":"fr-FR","@id":"https:\/\/tourtravelandmore.com\/fr\/#\/schema\/logo\/image\/","url":"https:\/\/tourtravelandmore.com\/wp-content\/uploads\/2022\/12\/cropped-logo-cabecera-new.png","contentUrl":"https:\/\/tourtravelandmore.com\/wp-content\/uploads\/2022\/12\/cropped-logo-cabecera-new.png","width":430,"height":61,"caption":"Tour Travel And More"},"image":{"@id":"https:\/\/tourtravelandmore.com\/fr\/#\/schema\/logo\/image\/"},"sameAs":["https:\/\/www.facebook.com\/tourtravelandmore\/","https:\/\/x.com\/TourTravel_More"]}]}},"_links":{"self":[{"href":"https:\/\/tourtravelandmore.com\/fr\/wp-json\/wp\/v2\/product\/154997","targetHints":{"allow":["GET"]}}],"collection":[{"href":"https:\/\/tourtravelandmore.com\/fr\/wp-json\/wp\/v2\/product"}],"about":[{"href":"https:\/\/tourtravelandmore.com\/fr\/wp-json\/wp\/v2\/types\/product"}],"replies":[{"embeddable":true,"href":"https:\/\/tourtravelandmore.com\/fr\/wp-json\/wp\/v2\/comments?post=154997"}],"wp:featuredmedia":[{"embeddable":true,"href":"https:\/\/tourtravelandmore.com\/fr\/wp-json\/wp\/v2\/media\/155010"}],"wp:attachment":[{"href":"https:\/\/tourtravelandmore.com\/fr\/wp-json\/wp\/v2\/media?parent=154997"}],"wp:term":[{"taxonomy":"product_brand","embeddable":true,"href":"https:\/\/tourtravelandmore.com\/fr\/wp-json\/wp\/v2\/product_brand?post=154997"},{"taxonomy":"product_cat","embeddable":true,"href":"https:\/\/tourtravelandmore.com\/fr\/wp-json\/wp\/v2\/product_cat?post=154997"},{"taxonomy":"product_tag","embeddable":true,"href":"https:\/\/tourtravelandmore.com\/fr\/wp-json\/wp\/v2\/product_tag?post=154997"}],"curies":[{"name":"wp","href":"https:\/\/api.w.org\/{rel}","templated":true}]}}