{"id":154959,"date":"2023-02-28T08:43:28","date_gmt":"2023-02-28T07:43:35","guid":{"rendered":"https:\/\/tourtravelandmore.com\/?post_type=product&#038;p=154959"},"modified":"2024-03-07T17:07:35","modified_gmt":"2024-03-07T16:07:35","slug":"visite-privee-de-porto-depuis-saint-jacques-de-compostelle","status":"publish","type":"product","link":"https:\/\/tourtravelandmore.com\/fr\/tours\/espagne-fr\/santiagodecompsotela-fr\/visite-privee-de-porto-depuis-saint-jacques-de-compostelle\/","title":{"rendered":"Visite priv\u00e9e de Porto depuis Saint-Jacques-de-Compostelle"},"content":{"rendered":"<h2><b>Description de l&#8217;excursion priv\u00e9e \u00e0 Porto depuis Saint-Jacques-de-Compostelle<\/b><\/h2>\n<p><span style=\"font-weight: 400;\">Explorez la ville enchanteresse de Porto avec notre visite priv\u00e9e de Saint-Jacques-de-Compostelle. Avec un transport confortable et un guide comp\u00e9tent, cette visite offre une fa\u00e7on unique et personnalis\u00e9e de d\u00e9couvrir les sites et attractions les plus embl\u00e9matiques de Porto. Que vous soyez un voyageur solitaire, une famille ou un groupe, nos chauffeurs professionnels s&#8217;assureront que vous arrivez en toute s\u00e9curit\u00e9 et confortablement \u00e0 votre destination.<\/span><\/p>\n<p><span style=\"font-weight: 400;\">Embarquez pour une aventure d&#8217;une journ\u00e9e \u00e0 Porto, l&#8217;une des villes les plus belles et les plus historiques du Portugal. Notre visite priv\u00e9e vous emm\u00e8nera dans les charmantes rues de la vieille ville de Porto, o\u00f9 vous d\u00e9couvrirez les nombreux sites et attractions de la ville. Avec un transport confortable et un guide professionnel, vous d\u00e9couvrirez ce que Porto a de mieux \u00e0 offrir, dans le confort et le style.<\/span><\/p>\n<p><span style=\"font-weight: 400;\">Au cours de cette visite, vous aurez l&#8217;occasion d&#8217;en apprendre davantage sur la riche histoire de la ville, de go\u00fbter au vin de Porto mondialement connu et de profiter de vues imprenables sur le fleuve Douro. Notre guide expert vous fournira des informations et des histoires fascinantes sur l&#8217;architecture, la culture et les habitants de Porto. Rejoignez-nous pour une aventure inoubliable dans l&#8217;une des villes les plus charmantes d&#8217;Europe.<\/span><\/p>\n<h2><b>Visite priv\u00e9e de Porto depuis Saint-Jacques-de-Compostelle Points d&#8217;int\u00e9r\u00eat<\/b><\/h2>\n<p><span style=\"font-weight: 400;\">Au cours de notre visite priv\u00e9e de Porto, vous visiterez certains des sites et attractions les plus c\u00e9l\u00e8bres de la ville. Des monuments historiques aux magnifiques jardins, il y a quelque chose \u00e0 appr\u00e9cier pour tout le monde \u00e0 Porto. Notre visite comprend des visites de :<\/span><\/p>\n<h3><b>Place Ribeira :<\/b><\/h3>\n<p><span style=\"font-weight: 400;\">Situ\u00e9e au c\u0153ur de Porto, la place Ribeira est un site class\u00e9 au patrimoine mondial de l&#8217;UNESCO et une attraction touristique populaire. Avec ses b\u00e2timents color\u00e9s, ses restaurants anim\u00e9s et ses vues imprenables sur le fleuve Douro, la place Ribeira est une destination incontournable pour quiconque visite Porto. Vous pouvez faire une promenade relaxante le long du fleuve et regarder les bateaux aller et venir.<\/span><\/p>\n<h3><b>Gare de S\u00e3o Bento :<\/b><\/h3>\n<p><span style=\"font-weight: 400;\">L&#8217;une des plus belles gares du monde, la gare de S\u00e3o Bento est c\u00e9l\u00e8bre pour ses \u00e9tonnants carreaux d&#8217;azulejo, qui repr\u00e9sentent des sc\u00e8nes de l&#8217;histoire du Portugal. Le grand hall d&#8217;entr\u00e9e de la gare est \u00e0 voir absolument, avec ses d\u00e9tails complexes et ses fresques \u00e9tonnantes.<\/span><\/p>\n<h3><b>Tour Cl\u00e9rigos :<\/b><\/h3>\n<p><span style=\"font-weight: 400;\">Plus haut clocher du Portugal, la tour Cl\u00e9rigos offre une vue imprenable sur Porto et ses environs. Avec ses 240 marches, l&#8217;ascension en vaut la peine. Du sommet, vous pouvez voir les toits de tuiles rouges de la ville et le fleuve Douro qui serpente jusqu&#8217;\u00e0 l&#8217;Atlantique.<\/span><\/p>\n<h3><b>Livraria Lello :<\/b><\/h3>\n<p><span style=\"font-weight: 400;\">Consid\u00e9r\u00e9e comme l&#8217;une des plus belles librairies du monde, la Livraria Lello est c\u00e9l\u00e8bre pour son architecture \u00e9tonnante, ses boiseries complexes et ses vitraux \u00e9clatants. La pi\u00e8ce ma\u00eetresse du magasin est un superbe escalier en colima\u00e7on qui m\u00e8ne au deuxi\u00e8me \u00e9tage, o\u00f9 vous pouvez parcourir la collection de livres et de souvenirs du magasin.<\/span><\/p>\n<h3><b>La cath\u00e9drale de Porto :<\/b><\/h3>\n<p><span style=\"font-weight: 400;\">Exemple \u00e9tonnant d&#8217;architecture romane, la cath\u00e9drale de Porto est l&#8217;un des sites les plus embl\u00e9matiques de la ville. Avec son magnifique clo\u00eetre et ses vues imprenables sur la ville, la cath\u00e9drale de Porto est une destination incontournable pour quiconque visite Porto. \u00c0 l&#8217;int\u00e9rieur, vous trouverez de magnifiques \u0153uvres d&#8217;art et des objets issus de la longue histoire de la cath\u00e9drale.<\/span><\/p>\n<h3><b>Pal\u00e1cio da Bolsa :<\/b><\/h3>\n<p><span style=\"font-weight: 400;\">Magnifique b\u00e2timent n\u00e9oclassique qui abritait autrefois la bourse de Porto, le Pal\u00e1cio da Bolsa est d\u00e9sormais ouvert au public pour des visites. Avec sa superbe salle de bal et ses d\u00e9corations ornementales, le Pal\u00e1cio da Bolsa offre un regard fascinant sur la riche histoire de Porto. Le b\u00e2timent abrite \u00e9galement un certain nombre d&#8217;expositions d&#8217;art tout au long de l&#8217;ann\u00e9e.<\/span><\/p>\n<h3><b>Jardins do Pal\u00e1cio de Cristal :<\/b><\/h3>\n<p><span style=\"font-weight: 400;\">Les Jardins do Pal\u00e1cio de Cristal, un magnifique parc offrant une vue imprenable sur le fleuve Douro, sont une destination populaire pour les habitants et les touristes. Avec ses jardins luxuriants, ses belles fontaines et son atmosph\u00e8re paisible, les Jardins do Pal\u00e1cio de Cristal sont l&#8217;endroit id\u00e9al pour se d\u00e9tendre et profiter de la beaut\u00e9 de Porto. Le parc accueille \u00e9galement un certain nombre d&#8217;\u00e9v\u00e9nements tout au long de l&#8217;ann\u00e9e, notamment des festivals de musique et des concerts en plein air.<\/span><\/p>\n<p><span style=\"font-weight: 400;\">R\u00e9servez d\u00e8s aujourd&#8217;hui votre visite priv\u00e9e de Porto depuis Saint-Jacques-de-Compostelle et d\u00e9couvrez l&#8217;histoire, la culture et la beaut\u00e9 de la ville d&#8217;une mani\u00e8re unique et personnalis\u00e9e. Contactez Tour Travel and More pour plus d&#8217;informations sur nos <\/span><a href=\"https:\/\/tourtravelandmore.com\/fr\/city\/espagne-fr\/santiagodecompsotela-fr\/\"><span style=\"font-weight: 400;\">circuits priv\u00e9s \u00e0 Saint-Jacques-de-Compostelle et au-del\u00e0.<\/span><\/a><\/p>\n<p><span style=\"font-weight: 400;\">Notre \u00e9quipe exp\u00e9riment\u00e9e est \u00e0 votre disposition pour vous aider \u00e0 planifier la visite priv\u00e9e parfaite, adapt\u00e9e \u00e0 vos besoins et \u00e0 vos int\u00e9r\u00eats. Ne manquez pas cette occasion de d\u00e9couvrir les merveilles de Porto dans le confort et la commodit\u00e9 de nos services de visites priv\u00e9es. R\u00e9servez votre visite d\u00e8s aujourd&#8217;hui et cr\u00e9ez des souvenirs qui dureront toute une vie.<\/span><\/p>\n","protected":false},"excerpt":{"rendered":"<p>D\u00e9couvrez la charmante ville de Porto lors de notre visite priv\u00e9e depuis Santiago de Compostela. Avec un transport confortable et un guide comp\u00e9tent, cette visite offre une mani\u00e8re unique et personnalis\u00e9e de d\u00e9couvrir les sites et attractions embl\u00e9matiques de Porto. Que vous soyez un voyageur en solo, une famille ou un groupe, nos chauffeurs professionnels veilleront \u00e0 ce que vous arriviez en toute s\u00e9curit\u00e9 et confort \u00e0 votre destination.<\/p>\n","protected":false},"featured_media":154975,"comment_status":"open","ping_status":"closed","template":"","meta":{"_acf_changed":false},"product_brand":[],"product_cat":[4438,4437,5126,3589],"product_tag":[],"class_list":{"0":"post-154959","1":"product","2":"type-product","3":"status-publish","4":"has-post-thumbnail","6":"product_cat-all-private-tours-activities-fr-21","7":"product_cat-private-shore-excursions-fr-8","8":"product_cat-private-sightseeing-tours-fr-31","9":"product_cat-santiagodecompsotela-fr","11":"first","12":"instock","13":"shipping-taxable","14":"purchasable","15":"product-type-simple"},"acf":[],"yoast_head":"<!-- This site is optimized with the Yoast SEO Premium plugin v25.3.1 (Yoast SEO v25.3.1) - https:\/\/yoast.com\/wordpress\/plugins\/seo\/ -->\n<title>Circuit priv\u00e9 de Porto depuis Saint-Jacques-de-Compostelle -TourTravel&amp;More<\/title>\n<meta name=\"description\" content=\"D\u00e9couvrez le meilleur de Porto lors d&#039;une visite priv\u00e9e au d\u00e9part de Saint-Jacques-de-Compostelle.\" \/>\n<meta name=\"robots\" content=\"index, follow, max-snippet:-1, max-image-preview:large, max-video-preview:-1\" \/>\n<link rel=\"canonical\" href=\"https:\/\/tourtravelandmore.com\/fr\/tours\/espagne-fr\/santiagodecompsotela-fr\/visite-privee-de-porto-depuis-saint-jacques-de-compostelle\/\" \/>\n<meta property=\"og:locale\" content=\"fr_FR\" \/>\n<meta property=\"og:type\" content=\"article\" \/>\n<meta property=\"og:title\" content=\"Visite priv\u00e9e de Porto depuis Saint-Jacques-de-Compostelle\" \/>\n<meta property=\"og:description\" content=\"D\u00e9couvrez le meilleur de Porto lors d&#039;une visite priv\u00e9e au d\u00e9part de Saint-Jacques-de-Compostelle.\" \/>\n<meta property=\"og:url\" content=\"https:\/\/tourtravelandmore.com\/fr\/tours\/espagne-fr\/santiagodecompsotela-fr\/visite-privee-de-porto-depuis-saint-jacques-de-compostelle\/\" \/>\n<meta property=\"og:site_name\" content=\"Tour Travel And More\" \/>\n<meta property=\"article:publisher\" content=\"https:\/\/www.facebook.com\/tourtravelandmore\/\" \/>\n<meta property=\"article:modified_time\" content=\"2024-03-07T16:07:35+00:00\" \/>\n<meta property=\"og:image\" content=\"https:\/\/tourtravelandmore.com\/wp-content\/uploads\/2023\/02\/image2-8.jpg\" \/>\n\t<meta property=\"og:image:width\" content=\"900\" \/>\n\t<meta property=\"og:image:height\" content=\"750\" \/>\n\t<meta property=\"og:image:type\" content=\"image\/jpeg\" \/>\n<meta name=\"twitter:card\" content=\"summary_large_image\" \/>\n<meta name=\"twitter:site\" content=\"@TourTravel_More\" \/>\n<meta name=\"twitter:label1\" content=\"Dur\u00e9e de lecture estim\u00e9e\" \/>\n\t<meta name=\"twitter:data1\" content=\"4 minutes\" \/>\n<script type=\"application\/ld+json\" class=\"yoast-schema-graph\">{\"@context\":\"https:\/\/schema.org\",\"@graph\":[{\"@type\":\"WebPage\",\"@id\":\"https:\/\/tourtravelandmore.com\/fr\/tours\/espagne-fr\/santiagodecompsotela-fr\/visite-privee-de-porto-depuis-saint-jacques-de-compostelle\/\",\"url\":\"https:\/\/tourtravelandmore.com\/fr\/tours\/espagne-fr\/santiagodecompsotela-fr\/visite-privee-de-porto-depuis-saint-jacques-de-compostelle\/\",\"name\":\"Circuit priv\u00e9 de Porto depuis Saint-Jacques-de-Compostelle -TourTravel&More\",\"isPartOf\":{\"@id\":\"https:\/\/tourtravelandmore.com\/fr\/#website\"},\"primaryImageOfPage\":{\"@id\":\"https:\/\/tourtravelandmore.com\/fr\/tours\/espagne-fr\/santiagodecompsotela-fr\/visite-privee-de-porto-depuis-saint-jacques-de-compostelle\/#primaryimage\"},\"image\":{\"@id\":\"https:\/\/tourtravelandmore.com\/fr\/tours\/espagne-fr\/santiagodecompsotela-fr\/visite-privee-de-porto-depuis-saint-jacques-de-compostelle\/#primaryimage\"},\"thumbnailUrl\":\"https:\/\/tourtravelandmore.com\/wp-content\/uploads\/2023\/02\/image2-8.jpg\",\"datePublished\":\"2023-02-28T07:43:35+00:00\",\"dateModified\":\"2024-03-07T16:07:35+00:00\",\"description\":\"D\u00e9couvrez le meilleur de Porto lors d'une visite priv\u00e9e au d\u00e9part de Saint-Jacques-de-Compostelle.\",\"breadcrumb\":{\"@id\":\"https:\/\/tourtravelandmore.com\/fr\/tours\/espagne-fr\/santiagodecompsotela-fr\/visite-privee-de-porto-depuis-saint-jacques-de-compostelle\/#breadcrumb\"},\"inLanguage\":\"fr-FR\",\"potentialAction\":[{\"@type\":\"ReadAction\",\"target\":[\"https:\/\/tourtravelandmore.com\/fr\/tours\/espagne-fr\/santiagodecompsotela-fr\/visite-privee-de-porto-depuis-saint-jacques-de-compostelle\/\"]}]},{\"@type\":\"ImageObject\",\"inLanguage\":\"fr-FR\",\"@id\":\"https:\/\/tourtravelandmore.com\/fr\/tours\/espagne-fr\/santiagodecompsotela-fr\/visite-privee-de-porto-depuis-saint-jacques-de-compostelle\/#primaryimage\",\"url\":\"https:\/\/tourtravelandmore.com\/wp-content\/uploads\/2023\/02\/image2-8.jpg\",\"contentUrl\":\"https:\/\/tourtravelandmore.com\/wp-content\/uploads\/2023\/02\/image2-8.jpg\",\"width\":900,\"height\":750},{\"@type\":\"BreadcrumbList\",\"@id\":\"https:\/\/tourtravelandmore.com\/fr\/tours\/espagne-fr\/santiagodecompsotela-fr\/visite-privee-de-porto-depuis-saint-jacques-de-compostelle\/#breadcrumb\",\"itemListElement\":[{\"@type\":\"ListItem\",\"position\":1,\"name\":\"Home\",\"item\":\"https:\/\/tourtravelandmore.com\/fr\/\"},{\"@type\":\"ListItem\",\"position\":2,\"name\":\"Tours\",\"item\":\"https:\/\/tourtravelandmore.com\/fr\/tours\/\"},{\"@type\":\"ListItem\",\"position\":3,\"name\":\"Visite priv\u00e9e de Porto depuis Saint-Jacques-de-Compostelle\"}]},{\"@type\":\"WebSite\",\"@id\":\"https:\/\/tourtravelandmore.com\/fr\/#website\",\"url\":\"https:\/\/tourtravelandmore.com\/fr\/\",\"name\":\"Tour Travel And More\",\"description\":\"Private sightseeing tours and luxury transfers in Spain\",\"publisher\":{\"@id\":\"https:\/\/tourtravelandmore.com\/fr\/#organization\"},\"potentialAction\":[{\"@type\":\"SearchAction\",\"target\":{\"@type\":\"EntryPoint\",\"urlTemplate\":\"https:\/\/tourtravelandmore.com\/fr\/?s={search_term_string}\"},\"query-input\":{\"@type\":\"PropertyValueSpecification\",\"valueRequired\":true,\"valueName\":\"search_term_string\"}}],\"inLanguage\":\"fr-FR\"},{\"@type\":\"Organization\",\"@id\":\"https:\/\/tourtravelandmore.com\/fr\/#organization\",\"name\":\"Tour Travel And More\",\"url\":\"https:\/\/tourtravelandmore.com\/fr\/\",\"logo\":{\"@type\":\"ImageObject\",\"inLanguage\":\"fr-FR\",\"@id\":\"https:\/\/tourtravelandmore.com\/fr\/#\/schema\/logo\/image\/\",\"url\":\"https:\/\/tourtravelandmore.com\/wp-content\/uploads\/2022\/12\/cropped-logo-cabecera-new.png\",\"contentUrl\":\"https:\/\/tourtravelandmore.com\/wp-content\/uploads\/2022\/12\/cropped-logo-cabecera-new.png\",\"width\":430,\"height\":61,\"caption\":\"Tour Travel And More\"},\"image\":{\"@id\":\"https:\/\/tourtravelandmore.com\/fr\/#\/schema\/logo\/image\/\"},\"sameAs\":[\"https:\/\/www.facebook.com\/tourtravelandmore\/\",\"https:\/\/x.com\/TourTravel_More\"]}]}<\/script>\n<!-- \/ Yoast SEO Premium plugin. -->","yoast_head_json":{"title":"Circuit priv\u00e9 de Porto depuis Saint-Jacques-de-Compostelle -TourTravel&More","description":"D\u00e9couvrez le meilleur de Porto lors d'une visite priv\u00e9e au d\u00e9part de Saint-Jacques-de-Compostelle.","robots":{"index":"index","follow":"follow","max-snippet":"max-snippet:-1","max-image-preview":"max-image-preview:large","max-video-preview":"max-video-preview:-1"},"canonical":"https:\/\/tourtravelandmore.com\/fr\/tours\/espagne-fr\/santiagodecompsotela-fr\/visite-privee-de-porto-depuis-saint-jacques-de-compostelle\/","og_locale":"fr_FR","og_type":"article","og_title":"Visite priv\u00e9e de Porto depuis Saint-Jacques-de-Compostelle","og_description":"D\u00e9couvrez le meilleur de Porto lors d'une visite priv\u00e9e au d\u00e9part de Saint-Jacques-de-Compostelle.","og_url":"https:\/\/tourtravelandmore.com\/fr\/tours\/espagne-fr\/santiagodecompsotela-fr\/visite-privee-de-porto-depuis-saint-jacques-de-compostelle\/","og_site_name":"Tour Travel And More","article_publisher":"https:\/\/www.facebook.com\/tourtravelandmore\/","article_modified_time":"2024-03-07T16:07:35+00:00","og_image":[{"width":900,"height":750,"url":"https:\/\/tourtravelandmore.com\/wp-content\/uploads\/2023\/02\/image2-8.jpg","type":"image\/jpeg"}],"twitter_card":"summary_large_image","twitter_site":"@TourTravel_More","twitter_misc":{"Dur\u00e9e de lecture estim\u00e9e":"4 minutes"},"schema":{"@context":"https:\/\/schema.org","@graph":[{"@type":"WebPage","@id":"https:\/\/tourtravelandmore.com\/fr\/tours\/espagne-fr\/santiagodecompsotela-fr\/visite-privee-de-porto-depuis-saint-jacques-de-compostelle\/","url":"https:\/\/tourtravelandmore.com\/fr\/tours\/espagne-fr\/santiagodecompsotela-fr\/visite-privee-de-porto-depuis-saint-jacques-de-compostelle\/","name":"Circuit priv\u00e9 de Porto depuis Saint-Jacques-de-Compostelle -TourTravel&More","isPartOf":{"@id":"https:\/\/tourtravelandmore.com\/fr\/#website"},"primaryImageOfPage":{"@id":"https:\/\/tourtravelandmore.com\/fr\/tours\/espagne-fr\/santiagodecompsotela-fr\/visite-privee-de-porto-depuis-saint-jacques-de-compostelle\/#primaryimage"},"image":{"@id":"https:\/\/tourtravelandmore.com\/fr\/tours\/espagne-fr\/santiagodecompsotela-fr\/visite-privee-de-porto-depuis-saint-jacques-de-compostelle\/#primaryimage"},"thumbnailUrl":"https:\/\/tourtravelandmore.com\/wp-content\/uploads\/2023\/02\/image2-8.jpg","datePublished":"2023-02-28T07:43:35+00:00","dateModified":"2024-03-07T16:07:35+00:00","description":"D\u00e9couvrez le meilleur de Porto lors d'une visite priv\u00e9e au d\u00e9part de Saint-Jacques-de-Compostelle.","breadcrumb":{"@id":"https:\/\/tourtravelandmore.com\/fr\/tours\/espagne-fr\/santiagodecompsotela-fr\/visite-privee-de-porto-depuis-saint-jacques-de-compostelle\/#breadcrumb"},"inLanguage":"fr-FR","potentialAction":[{"@type":"ReadAction","target":["https:\/\/tourtravelandmore.com\/fr\/tours\/espagne-fr\/santiagodecompsotela-fr\/visite-privee-de-porto-depuis-saint-jacques-de-compostelle\/"]}]},{"@type":"ImageObject","inLanguage":"fr-FR","@id":"https:\/\/tourtravelandmore.com\/fr\/tours\/espagne-fr\/santiagodecompsotela-fr\/visite-privee-de-porto-depuis-saint-jacques-de-compostelle\/#primaryimage","url":"https:\/\/tourtravelandmore.com\/wp-content\/uploads\/2023\/02\/image2-8.jpg","contentUrl":"https:\/\/tourtravelandmore.com\/wp-content\/uploads\/2023\/02\/image2-8.jpg","width":900,"height":750},{"@type":"BreadcrumbList","@id":"https:\/\/tourtravelandmore.com\/fr\/tours\/espagne-fr\/santiagodecompsotela-fr\/visite-privee-de-porto-depuis-saint-jacques-de-compostelle\/#breadcrumb","itemListElement":[{"@type":"ListItem","position":1,"name":"Home","item":"https:\/\/tourtravelandmore.com\/fr\/"},{"@type":"ListItem","position":2,"name":"Tours","item":"https:\/\/tourtravelandmore.com\/fr\/tours\/"},{"@type":"ListItem","position":3,"name":"Visite priv\u00e9e de Porto depuis Saint-Jacques-de-Compostelle"}]},{"@type":"WebSite","@id":"https:\/\/tourtravelandmore.com\/fr\/#website","url":"https:\/\/tourtravelandmore.com\/fr\/","name":"Tour Travel And More","description":"Private sightseeing tours and luxury transfers in Spain","publisher":{"@id":"https:\/\/tourtravelandmore.com\/fr\/#organization"},"potentialAction":[{"@type":"SearchAction","target":{"@type":"EntryPoint","urlTemplate":"https:\/\/tourtravelandmore.com\/fr\/?s={search_term_string}"},"query-input":{"@type":"PropertyValueSpecification","valueRequired":true,"valueName":"search_term_string"}}],"inLanguage":"fr-FR"},{"@type":"Organization","@id":"https:\/\/tourtravelandmore.com\/fr\/#organization","name":"Tour Travel And More","url":"https:\/\/tourtravelandmore.com\/fr\/","logo":{"@type":"ImageObject","inLanguage":"fr-FR","@id":"https:\/\/tourtravelandmore.com\/fr\/#\/schema\/logo\/image\/","url":"https:\/\/tourtravelandmore.com\/wp-content\/uploads\/2022\/12\/cropped-logo-cabecera-new.png","contentUrl":"https:\/\/tourtravelandmore.com\/wp-content\/uploads\/2022\/12\/cropped-logo-cabecera-new.png","width":430,"height":61,"caption":"Tour Travel And More"},"image":{"@id":"https:\/\/tourtravelandmore.com\/fr\/#\/schema\/logo\/image\/"},"sameAs":["https:\/\/www.facebook.com\/tourtravelandmore\/","https:\/\/x.com\/TourTravel_More"]}]}},"_links":{"self":[{"href":"https:\/\/tourtravelandmore.com\/fr\/wp-json\/wp\/v2\/product\/154959","targetHints":{"allow":["GET"]}}],"collection":[{"href":"https:\/\/tourtravelandmore.com\/fr\/wp-json\/wp\/v2\/product"}],"about":[{"href":"https:\/\/tourtravelandmore.com\/fr\/wp-json\/wp\/v2\/types\/product"}],"replies":[{"embeddable":true,"href":"https:\/\/tourtravelandmore.com\/fr\/wp-json\/wp\/v2\/comments?post=154959"}],"wp:featuredmedia":[{"embeddable":true,"href":"https:\/\/tourtravelandmore.com\/fr\/wp-json\/wp\/v2\/media\/154975"}],"wp:attachment":[{"href":"https:\/\/tourtravelandmore.com\/fr\/wp-json\/wp\/v2\/media?parent=154959"}],"wp:term":[{"taxonomy":"product_brand","embeddable":true,"href":"https:\/\/tourtravelandmore.com\/fr\/wp-json\/wp\/v2\/product_brand?post=154959"},{"taxonomy":"product_cat","embeddable":true,"href":"https:\/\/tourtravelandmore.com\/fr\/wp-json\/wp\/v2\/product_cat?post=154959"},{"taxonomy":"product_tag","embeddable":true,"href":"https:\/\/tourtravelandmore.com\/fr\/wp-json\/wp\/v2\/product_tag?post=154959"}],"curies":[{"name":"wp","href":"https:\/\/api.w.org\/{rel}","templated":true}]}}