{"id":154921,"date":"2023-02-28T08:25:47","date_gmt":"2023-02-28T07:25:54","guid":{"rendered":"https:\/\/tourtravelandmore.com\/?post_type=product&#038;p=154921"},"modified":"2024-11-20T22:43:56","modified_gmt":"2024-11-20T21:43:56","slug":"visite-privee-de-lugo-depuis-saint-jacques-de-compostelle","status":"publish","type":"product","link":"https:\/\/tourtravelandmore.com\/fr\/tours\/espagne-fr\/santiagodecompsotela-fr\/visite-privee-de-lugo-depuis-saint-jacques-de-compostelle\/","title":{"rendered":"Visite priv\u00e9e de Lugo depuis Saint-Jacques-de-Compostelle"},"content":{"rendered":"<h2><b>Visite priv\u00e9e de Lugo depuis Saint-Jacques-de-Compostelle Description<\/b><\/h2>\n<p><span style=\"font-weight: 400;\">D\u00e9couvrez la charmante ville de Lugo lors de cette visite priv\u00e9e au d\u00e9part de Saint-Jacques-de-Compostelle. Notre guide professionnel vous emm\u00e8nera \u00e0 travers le centre historique de la ville, r\u00e9v\u00e9lant son histoire fascinante et son patrimoine culturel. Avec un transport confortable et un itin\u00e9raire flexible, cette visite offre une fa\u00e7on unique et personnalis\u00e9e de d\u00e9couvrir les sites et attractions les plus embl\u00e9matiques de Lugo. Vous aurez l&#8217;occasion d&#8217;explorer la ville \u00e0 votre propre rythme, en profitant des sites et des sons de cette charmante ville galicienne. Que vous soyez int\u00e9ress\u00e9 par l&#8217;histoire, l&#8217;art ou la cuisine, notre visite priv\u00e9e de Lugo est le moyen id\u00e9al de d\u00e9couvrir tout ce que la ville a \u00e0 offrir.<\/span><\/p>\n<p><span style=\"font-weight: 400;\">Embarquez pour une aventure d&#8217;une journ\u00e9e \u00e0 Lugo, l&#8217;une des villes les plus historiques et pittoresques de Galice. Notre visite priv\u00e9e vous emm\u00e8nera dans les charmantes rues de la vieille ville de Lugo, o\u00f9 vous d\u00e9couvrirez les nombreux sites et attractions de la ville. Avec un transport confortable et un guide professionnel, vous d\u00e9couvrirez ce que Lugo a de mieux \u00e0 offrir, dans le confort et le style.<\/span><\/p>\n<p><span style=\"font-weight: 400;\">Au cours de cette visite de 8 heures, vous aurez l&#8217;occasion de d\u00e9couvrir les anciens remparts de la ville, son c\u00e9l\u00e8bre pont romain et la cath\u00e9drale de Santa Maria. Avec votre guide bien inform\u00e9, vous d\u00e9couvrirez le riche patrimoine culturel de Lugo et son histoire fascinante, de l&#8217;occupation romaine au Moyen \u00c2ge et au-del\u00e0. Ne manquez pas cette occasion d&#8217;explorer l&#8217;une des villes les plus fascinantes de Galice lors d&#8217;un circuit personnalis\u00e9 et priv\u00e9 au d\u00e9part de Saint-Jacques-de-Compostelle.<\/span><\/p>\n<h2><b>Visite priv\u00e9e de Lugo depuis Saint-Jacques-de-Compostelle Points d&#8217;int\u00e9r\u00eat<\/b><\/h2>\n<p><span style=\"font-weight: 400;\">Notre visite priv\u00e9e de Lugo comprend la visite des sites les plus embl\u00e9matiques de la ville, notamment :<\/span><\/p>\n<h3><b>Le mur romain de Lugo :<\/b><\/h3>\n<p><span style=\"font-weight: 400;\">L&#8217;une des murailles romaines les plus impressionnantes au monde, la muraille de Lugo, class\u00e9e au patrimoine mondial de l&#8217;UNESCO, est une attraction incontournable de Lugo. C&#8217;est un excellent exemple de l&#8217;architecture militaire de l&#8217;Empire romain et elle est consid\u00e9r\u00e9e comme l&#8217;une des murailles les mieux pr\u00e9serv\u00e9es de cette p\u00e9riode.<\/span><\/p>\n<h3><b>Cath\u00e9drale de Lugo :<\/b><\/h3>\n<p><span style=\"font-weight: 400;\">Une magnifique cath\u00e9drale qui combine les styles roman, gothique et baroque, avec une architecture \u00e9tonnante et une histoire riche. La cath\u00e9drale comporte de belles chapelles, des sculptures complexes et un autel impressionnant, ce qui en fait l&#8217;un des sites religieux les plus impressionnants de la ville.<\/span><\/p>\n<h3><b>Plaza Mayor :<\/b><\/h3>\n<p><span style=\"font-weight: 400;\">La place principale de la ville, situ\u00e9e au c\u0153ur de la vieille ville, est un centre d&#8217;activit\u00e9 avec de nombreux restaurants, caf\u00e9s et boutiques. C&#8217;est un endroit id\u00e9al pour se d\u00e9tendre et observer les gens, tout en profitant des vues et des sons de la ville.<\/span><\/p>\n<h3><b>Paseo del R\u00edo Rato :<\/b><\/h3>\n<p><span style=\"font-weight: 400;\">Une belle promenade en bord de rivi\u00e8re qui offre des vues imprenables sur la ville, parfaite pour une promenade tranquille. C&#8217;est un endroit id\u00e9al pour admirer le paysage et profiter de la beaut\u00e9 naturelle de la r\u00e9gion.<\/span><\/p>\n<p><span style=\"font-weight: 400;\">Faites une pause dans l&#8217;agitation de la ville et d\u00e9tendez-vous sur le paisible Paseo del R\u00edo Rato. Cet endroit tranquille est id\u00e9al pour ceux qui cherchent \u00e0 se d\u00e9tendre et \u00e0 s&#8217;impr\u00e9gner de l&#8217;atmosph\u00e8re paisible tout en \u00e9tant entour\u00e9s par la nature. Prenez un pique-nique et profitez d&#8217;un d\u00e9jeuner tranquille tout en admirant le magnifique paysage.<\/span><\/p>\n<h3><b>Mus\u00e9e provincial de Lugo :<\/b><\/h3>\n<p><span style=\"font-weight: 400;\">Un excellent mus\u00e9e qui offre un aper\u00e7u complet de l&#8217;histoire et du patrimoine culturel de la ville, avec un large \u00e9ventail d&#8217;expositions et d&#8217;objets. C&#8217;est une visite incontournable pour tous ceux qui s&#8217;int\u00e9ressent \u00e0 l&#8217;histoire de la r\u00e9gion et de ses habitants, avec des expositions sur tous les sujets, de la pr\u00e9histoire \u00e0 l&#8217;\u00e9poque moderne.<\/span><\/p>\n<p><span style=\"font-weight: 400;\">R\u00e9servez d\u00e8s aujourd&#8217;hui votre visite priv\u00e9e de Lugo depuis Saint-Jacques-de-Compostelle et d\u00e9couvrez l&#8217;histoire, la culture et la beaut\u00e9 de la ville d&#8217;une mani\u00e8re unique et personnalis\u00e9e. Contactez Tour Travel and More pour plus d&#8217;informations sur nos <\/span><a href=\"https:\/\/tourtravelandmore.com\/fr\/city\/espagne-fr\/santiagodecompsotela-fr\/\"><span style=\"font-weight: 400;\">visites priv\u00e9es \u00e0 Saint-Jacques-de-Compostelle et au-del\u00e0.<\/span><\/a><\/p>\n<p><span style=\"font-weight: 400;\">Notre \u00e9quipe de sp\u00e9cialistes du voyage est toujours disponible pour vous aider \u00e0 concevoir un circuit adapt\u00e9 \u00e0 vos pr\u00e9f\u00e9rences et \u00e0 vos int\u00e9r\u00eats. Avec nos services de visites priv\u00e9es, vous pouvez profiter d&#8217;une exp\u00e9rience de voyage confortable et flexible avec l&#8217;attention personnalis\u00e9e que vous m\u00e9ritez. Ne manquez pas l&#8217;occasion d&#8217;explorer la richesse historique et culturelle de Lugo avec les meilleurs sp\u00e9cialistes du secteur. Contactez-nous d\u00e8s aujourd&#8217;hui pour commencer \u00e0 planifier votre voyage de r\u00eave.<\/span><\/p>\n","protected":false},"excerpt":{"rendered":"<p><span style=\"font-weight: 400;\">D\u00e9couvrez le meilleur de Lugo avec notre visite priv\u00e9e au d\u00e9part de Saint-Jacques-de-Compostelle. Notre guide professionnel vous fera d\u00e9couvrir les sites et les attractions les plus embl\u00e9matiques de la ville et vous donnera un aper\u00e7u complet de la riche histoire et du patrimoine culturel de Lugo. Avec un transport confortable et un itin\u00e9raire flexible, notre visite priv\u00e9e est le moyen id\u00e9al de d\u00e9couvrir Lugo dans le confort et le style.<\/span><\/p>\n","protected":false},"featured_media":154934,"comment_status":"open","ping_status":"closed","template":"","meta":{"_acf_changed":false},"product_brand":[],"product_cat":[4438,4437,5126,3589],"product_tag":[],"class_list":{"0":"post-154921","1":"product","2":"type-product","3":"status-publish","4":"has-post-thumbnail","6":"product_cat-all-private-tours-activities-fr-21","7":"product_cat-private-shore-excursions-fr-8","8":"product_cat-private-sightseeing-tours-fr-31","9":"product_cat-santiagodecompsotela-fr","11":"first","12":"instock","13":"shipping-taxable","14":"purchasable","15":"product-type-simple"},"acf":[],"yoast_head":"<!-- This site is optimized with the Yoast SEO Premium plugin v25.3.1 (Yoast SEO v25.3.1) - https:\/\/yoast.com\/wordpress\/plugins\/seo\/ -->\n<title>\u27a1\ufe0f Visite priv\u00e9e de Lugo depuis Saint-Jacques-de-Compostelle - Tour Travel and More<\/title>\n<meta name=\"description\" content=\"D\u00e9couvrez le charme de Lugo lors d&#039;une visite priv\u00e9e au d\u00e9part de Saint-Jacques-de-Compostelle. Visitez les sites les plus embl\u00e9matiques de Lugo avec un guide professionnel et un transport confortable. Contactez Tour Travel and More d\u00e8s aujourd&#039;hui.\" \/>\n<meta name=\"robots\" content=\"index, follow, max-snippet:-1, max-image-preview:large, max-video-preview:-1\" \/>\n<link rel=\"canonical\" href=\"https:\/\/tourtravelandmore.com\/fr\/tours\/espagne-fr\/santiagodecompsotela-fr\/visite-privee-de-lugo-depuis-saint-jacques-de-compostelle\/\" \/>\n<meta property=\"og:locale\" content=\"fr_FR\" \/>\n<meta property=\"og:type\" content=\"article\" \/>\n<meta property=\"og:title\" content=\"Visite priv\u00e9e de Lugo depuis Saint-Jacques-de-Compostelle\" \/>\n<meta property=\"og:description\" content=\"D\u00e9couvrez le charme de Lugo lors d&#039;une visite priv\u00e9e au d\u00e9part de Saint-Jacques-de-Compostelle. Visitez les sites les plus embl\u00e9matiques de Lugo avec un guide professionnel et un transport confortable. Contactez Tour Travel and More d\u00e8s aujourd&#039;hui.\" \/>\n<meta property=\"og:url\" content=\"https:\/\/tourtravelandmore.com\/fr\/tours\/espagne-fr\/santiagodecompsotela-fr\/visite-privee-de-lugo-depuis-saint-jacques-de-compostelle\/\" \/>\n<meta property=\"og:site_name\" content=\"Tour Travel And More\" \/>\n<meta property=\"article:publisher\" content=\"https:\/\/www.facebook.com\/tourtravelandmore\/\" \/>\n<meta property=\"article:modified_time\" content=\"2024-11-20T21:43:56+00:00\" \/>\n<meta property=\"og:image\" content=\"https:\/\/tourtravelandmore.com\/wp-content\/uploads\/2023\/02\/image2-7.jpg\" \/>\n\t<meta property=\"og:image:width\" content=\"900\" \/>\n\t<meta property=\"og:image:height\" content=\"750\" \/>\n\t<meta property=\"og:image:type\" content=\"image\/jpeg\" \/>\n<meta name=\"twitter:card\" content=\"summary_large_image\" \/>\n<meta name=\"twitter:site\" content=\"@TourTravel_More\" \/>\n<meta name=\"twitter:label1\" content=\"Dur\u00e9e de lecture estim\u00e9e\" \/>\n\t<meta name=\"twitter:data1\" content=\"4 minutes\" \/>\n<script type=\"application\/ld+json\" class=\"yoast-schema-graph\">{\"@context\":\"https:\/\/schema.org\",\"@graph\":[{\"@type\":\"WebPage\",\"@id\":\"https:\/\/tourtravelandmore.com\/fr\/tours\/espagne-fr\/santiagodecompsotela-fr\/visite-privee-de-lugo-depuis-saint-jacques-de-compostelle\/\",\"url\":\"https:\/\/tourtravelandmore.com\/fr\/tours\/espagne-fr\/santiagodecompsotela-fr\/visite-privee-de-lugo-depuis-saint-jacques-de-compostelle\/\",\"name\":\"\u27a1\ufe0f Visite priv\u00e9e de Lugo depuis Saint-Jacques-de-Compostelle - Tour Travel and More\",\"isPartOf\":{\"@id\":\"https:\/\/tourtravelandmore.com\/fr\/#website\"},\"primaryImageOfPage\":{\"@id\":\"https:\/\/tourtravelandmore.com\/fr\/tours\/espagne-fr\/santiagodecompsotela-fr\/visite-privee-de-lugo-depuis-saint-jacques-de-compostelle\/#primaryimage\"},\"image\":{\"@id\":\"https:\/\/tourtravelandmore.com\/fr\/tours\/espagne-fr\/santiagodecompsotela-fr\/visite-privee-de-lugo-depuis-saint-jacques-de-compostelle\/#primaryimage\"},\"thumbnailUrl\":\"https:\/\/tourtravelandmore.com\/wp-content\/uploads\/2023\/02\/image2-7.jpg\",\"datePublished\":\"2023-02-28T07:25:54+00:00\",\"dateModified\":\"2024-11-20T21:43:56+00:00\",\"description\":\"D\u00e9couvrez le charme de Lugo lors d'une visite priv\u00e9e au d\u00e9part de Saint-Jacques-de-Compostelle. Visitez les sites les plus embl\u00e9matiques de Lugo avec un guide professionnel et un transport confortable. Contactez Tour Travel and More d\u00e8s aujourd'hui.\",\"breadcrumb\":{\"@id\":\"https:\/\/tourtravelandmore.com\/fr\/tours\/espagne-fr\/santiagodecompsotela-fr\/visite-privee-de-lugo-depuis-saint-jacques-de-compostelle\/#breadcrumb\"},\"inLanguage\":\"fr-FR\",\"potentialAction\":[{\"@type\":\"ReadAction\",\"target\":[\"https:\/\/tourtravelandmore.com\/fr\/tours\/espagne-fr\/santiagodecompsotela-fr\/visite-privee-de-lugo-depuis-saint-jacques-de-compostelle\/\"]}]},{\"@type\":\"ImageObject\",\"inLanguage\":\"fr-FR\",\"@id\":\"https:\/\/tourtravelandmore.com\/fr\/tours\/espagne-fr\/santiagodecompsotela-fr\/visite-privee-de-lugo-depuis-saint-jacques-de-compostelle\/#primaryimage\",\"url\":\"https:\/\/tourtravelandmore.com\/wp-content\/uploads\/2023\/02\/image2-7.jpg\",\"contentUrl\":\"https:\/\/tourtravelandmore.com\/wp-content\/uploads\/2023\/02\/image2-7.jpg\",\"width\":900,\"height\":750},{\"@type\":\"BreadcrumbList\",\"@id\":\"https:\/\/tourtravelandmore.com\/fr\/tours\/espagne-fr\/santiagodecompsotela-fr\/visite-privee-de-lugo-depuis-saint-jacques-de-compostelle\/#breadcrumb\",\"itemListElement\":[{\"@type\":\"ListItem\",\"position\":1,\"name\":\"Home\",\"item\":\"https:\/\/tourtravelandmore.com\/fr\/\"},{\"@type\":\"ListItem\",\"position\":2,\"name\":\"Tours\",\"item\":\"https:\/\/tourtravelandmore.com\/fr\/tours\/\"},{\"@type\":\"ListItem\",\"position\":3,\"name\":\"Visite priv\u00e9e de Lugo depuis Saint-Jacques-de-Compostelle\"}]},{\"@type\":\"WebSite\",\"@id\":\"https:\/\/tourtravelandmore.com\/fr\/#website\",\"url\":\"https:\/\/tourtravelandmore.com\/fr\/\",\"name\":\"Tour Travel And More\",\"description\":\"Private sightseeing tours and luxury transfers in Spain\",\"publisher\":{\"@id\":\"https:\/\/tourtravelandmore.com\/fr\/#organization\"},\"potentialAction\":[{\"@type\":\"SearchAction\",\"target\":{\"@type\":\"EntryPoint\",\"urlTemplate\":\"https:\/\/tourtravelandmore.com\/fr\/?s={search_term_string}\"},\"query-input\":{\"@type\":\"PropertyValueSpecification\",\"valueRequired\":true,\"valueName\":\"search_term_string\"}}],\"inLanguage\":\"fr-FR\"},{\"@type\":\"Organization\",\"@id\":\"https:\/\/tourtravelandmore.com\/fr\/#organization\",\"name\":\"Tour Travel And More\",\"url\":\"https:\/\/tourtravelandmore.com\/fr\/\",\"logo\":{\"@type\":\"ImageObject\",\"inLanguage\":\"fr-FR\",\"@id\":\"https:\/\/tourtravelandmore.com\/fr\/#\/schema\/logo\/image\/\",\"url\":\"https:\/\/tourtravelandmore.com\/wp-content\/uploads\/2022\/12\/cropped-logo-cabecera-new.png\",\"contentUrl\":\"https:\/\/tourtravelandmore.com\/wp-content\/uploads\/2022\/12\/cropped-logo-cabecera-new.png\",\"width\":430,\"height\":61,\"caption\":\"Tour Travel And More\"},\"image\":{\"@id\":\"https:\/\/tourtravelandmore.com\/fr\/#\/schema\/logo\/image\/\"},\"sameAs\":[\"https:\/\/www.facebook.com\/tourtravelandmore\/\",\"https:\/\/x.com\/TourTravel_More\"]}]}<\/script>\n<!-- \/ Yoast SEO Premium plugin. -->","yoast_head_json":{"title":"\u27a1\ufe0f Visite priv\u00e9e de Lugo depuis Saint-Jacques-de-Compostelle - Tour Travel and More","description":"D\u00e9couvrez le charme de Lugo lors d'une visite priv\u00e9e au d\u00e9part de Saint-Jacques-de-Compostelle. Visitez les sites les plus embl\u00e9matiques de Lugo avec un guide professionnel et un transport confortable. Contactez Tour Travel and More d\u00e8s aujourd'hui.","robots":{"index":"index","follow":"follow","max-snippet":"max-snippet:-1","max-image-preview":"max-image-preview:large","max-video-preview":"max-video-preview:-1"},"canonical":"https:\/\/tourtravelandmore.com\/fr\/tours\/espagne-fr\/santiagodecompsotela-fr\/visite-privee-de-lugo-depuis-saint-jacques-de-compostelle\/","og_locale":"fr_FR","og_type":"article","og_title":"Visite priv\u00e9e de Lugo depuis Saint-Jacques-de-Compostelle","og_description":"D\u00e9couvrez le charme de Lugo lors d'une visite priv\u00e9e au d\u00e9part de Saint-Jacques-de-Compostelle. Visitez les sites les plus embl\u00e9matiques de Lugo avec un guide professionnel et un transport confortable. Contactez Tour Travel and More d\u00e8s aujourd'hui.","og_url":"https:\/\/tourtravelandmore.com\/fr\/tours\/espagne-fr\/santiagodecompsotela-fr\/visite-privee-de-lugo-depuis-saint-jacques-de-compostelle\/","og_site_name":"Tour Travel And More","article_publisher":"https:\/\/www.facebook.com\/tourtravelandmore\/","article_modified_time":"2024-11-20T21:43:56+00:00","og_image":[{"width":900,"height":750,"url":"https:\/\/tourtravelandmore.com\/wp-content\/uploads\/2023\/02\/image2-7.jpg","type":"image\/jpeg"}],"twitter_card":"summary_large_image","twitter_site":"@TourTravel_More","twitter_misc":{"Dur\u00e9e de lecture estim\u00e9e":"4 minutes"},"schema":{"@context":"https:\/\/schema.org","@graph":[{"@type":"WebPage","@id":"https:\/\/tourtravelandmore.com\/fr\/tours\/espagne-fr\/santiagodecompsotela-fr\/visite-privee-de-lugo-depuis-saint-jacques-de-compostelle\/","url":"https:\/\/tourtravelandmore.com\/fr\/tours\/espagne-fr\/santiagodecompsotela-fr\/visite-privee-de-lugo-depuis-saint-jacques-de-compostelle\/","name":"\u27a1\ufe0f Visite priv\u00e9e de Lugo depuis Saint-Jacques-de-Compostelle - Tour Travel and More","isPartOf":{"@id":"https:\/\/tourtravelandmore.com\/fr\/#website"},"primaryImageOfPage":{"@id":"https:\/\/tourtravelandmore.com\/fr\/tours\/espagne-fr\/santiagodecompsotela-fr\/visite-privee-de-lugo-depuis-saint-jacques-de-compostelle\/#primaryimage"},"image":{"@id":"https:\/\/tourtravelandmore.com\/fr\/tours\/espagne-fr\/santiagodecompsotela-fr\/visite-privee-de-lugo-depuis-saint-jacques-de-compostelle\/#primaryimage"},"thumbnailUrl":"https:\/\/tourtravelandmore.com\/wp-content\/uploads\/2023\/02\/image2-7.jpg","datePublished":"2023-02-28T07:25:54+00:00","dateModified":"2024-11-20T21:43:56+00:00","description":"D\u00e9couvrez le charme de Lugo lors d'une visite priv\u00e9e au d\u00e9part de Saint-Jacques-de-Compostelle. Visitez les sites les plus embl\u00e9matiques de Lugo avec un guide professionnel et un transport confortable. Contactez Tour Travel and More d\u00e8s aujourd'hui.","breadcrumb":{"@id":"https:\/\/tourtravelandmore.com\/fr\/tours\/espagne-fr\/santiagodecompsotela-fr\/visite-privee-de-lugo-depuis-saint-jacques-de-compostelle\/#breadcrumb"},"inLanguage":"fr-FR","potentialAction":[{"@type":"ReadAction","target":["https:\/\/tourtravelandmore.com\/fr\/tours\/espagne-fr\/santiagodecompsotela-fr\/visite-privee-de-lugo-depuis-saint-jacques-de-compostelle\/"]}]},{"@type":"ImageObject","inLanguage":"fr-FR","@id":"https:\/\/tourtravelandmore.com\/fr\/tours\/espagne-fr\/santiagodecompsotela-fr\/visite-privee-de-lugo-depuis-saint-jacques-de-compostelle\/#primaryimage","url":"https:\/\/tourtravelandmore.com\/wp-content\/uploads\/2023\/02\/image2-7.jpg","contentUrl":"https:\/\/tourtravelandmore.com\/wp-content\/uploads\/2023\/02\/image2-7.jpg","width":900,"height":750},{"@type":"BreadcrumbList","@id":"https:\/\/tourtravelandmore.com\/fr\/tours\/espagne-fr\/santiagodecompsotela-fr\/visite-privee-de-lugo-depuis-saint-jacques-de-compostelle\/#breadcrumb","itemListElement":[{"@type":"ListItem","position":1,"name":"Home","item":"https:\/\/tourtravelandmore.com\/fr\/"},{"@type":"ListItem","position":2,"name":"Tours","item":"https:\/\/tourtravelandmore.com\/fr\/tours\/"},{"@type":"ListItem","position":3,"name":"Visite priv\u00e9e de Lugo depuis Saint-Jacques-de-Compostelle"}]},{"@type":"WebSite","@id":"https:\/\/tourtravelandmore.com\/fr\/#website","url":"https:\/\/tourtravelandmore.com\/fr\/","name":"Tour Travel And More","description":"Private sightseeing tours and luxury transfers in Spain","publisher":{"@id":"https:\/\/tourtravelandmore.com\/fr\/#organization"},"potentialAction":[{"@type":"SearchAction","target":{"@type":"EntryPoint","urlTemplate":"https:\/\/tourtravelandmore.com\/fr\/?s={search_term_string}"},"query-input":{"@type":"PropertyValueSpecification","valueRequired":true,"valueName":"search_term_string"}}],"inLanguage":"fr-FR"},{"@type":"Organization","@id":"https:\/\/tourtravelandmore.com\/fr\/#organization","name":"Tour Travel And More","url":"https:\/\/tourtravelandmore.com\/fr\/","logo":{"@type":"ImageObject","inLanguage":"fr-FR","@id":"https:\/\/tourtravelandmore.com\/fr\/#\/schema\/logo\/image\/","url":"https:\/\/tourtravelandmore.com\/wp-content\/uploads\/2022\/12\/cropped-logo-cabecera-new.png","contentUrl":"https:\/\/tourtravelandmore.com\/wp-content\/uploads\/2022\/12\/cropped-logo-cabecera-new.png","width":430,"height":61,"caption":"Tour Travel And More"},"image":{"@id":"https:\/\/tourtravelandmore.com\/fr\/#\/schema\/logo\/image\/"},"sameAs":["https:\/\/www.facebook.com\/tourtravelandmore\/","https:\/\/x.com\/TourTravel_More"]}]}},"_links":{"self":[{"href":"https:\/\/tourtravelandmore.com\/fr\/wp-json\/wp\/v2\/product\/154921","targetHints":{"allow":["GET"]}}],"collection":[{"href":"https:\/\/tourtravelandmore.com\/fr\/wp-json\/wp\/v2\/product"}],"about":[{"href":"https:\/\/tourtravelandmore.com\/fr\/wp-json\/wp\/v2\/types\/product"}],"replies":[{"embeddable":true,"href":"https:\/\/tourtravelandmore.com\/fr\/wp-json\/wp\/v2\/comments?post=154921"}],"wp:featuredmedia":[{"embeddable":true,"href":"https:\/\/tourtravelandmore.com\/fr\/wp-json\/wp\/v2\/media\/154934"}],"wp:attachment":[{"href":"https:\/\/tourtravelandmore.com\/fr\/wp-json\/wp\/v2\/media?parent=154921"}],"wp:term":[{"taxonomy":"product_brand","embeddable":true,"href":"https:\/\/tourtravelandmore.com\/fr\/wp-json\/wp\/v2\/product_brand?post=154921"},{"taxonomy":"product_cat","embeddable":true,"href":"https:\/\/tourtravelandmore.com\/fr\/wp-json\/wp\/v2\/product_cat?post=154921"},{"taxonomy":"product_tag","embeddable":true,"href":"https:\/\/tourtravelandmore.com\/fr\/wp-json\/wp\/v2\/product_tag?post=154921"}],"curies":[{"name":"wp","href":"https:\/\/api.w.org\/{rel}","templated":true}]}}