{"id":154886,"date":"2023-02-28T08:09:47","date_gmt":"2023-02-28T07:09:53","guid":{"rendered":"https:\/\/tourtravelandmore.com\/?post_type=product&#038;p=154886"},"modified":"2024-11-25T20:21:40","modified_gmt":"2024-11-25T19:21:40","slug":"transfert-prive-de-saint-jacques-de-compostelle-a-porto","status":"publish","type":"product","link":"https:\/\/tourtravelandmore.com\/fr\/tours\/espagne-fr\/santiagodecompsotela-fr\/transfert-prive-de-saint-jacques-de-compostelle-a-porto\/","title":{"rendered":"Transfert priv\u00e9 de Saint-Jacques-de-Compostelle \u00e0 Porto"},"content":{"rendered":"<h2><strong>Transfert priv\u00e9 de Saint-Jacques-de-Compostelle \u00e0 Porto Description<\/strong><\/h2>\n<p><span style=\"font-weight: 400;\">Voyagez dans le confort et le style avec notre service de transfert priv\u00e9 de Saint-Jacques-de-Compostelle \u00e0 Porto. Que vous soyez un voyageur solo, une famille ou un groupe, nos chauffeurs professionnels s&#8217;assureront que vous arrivez en toute s\u00e9curit\u00e9 et confortablement \u00e0 votre destination. \u00c9vitez le stress et les tracas des transports publics et laissez-nous nous occuper de vos transferts. Nos v\u00e9hicules de luxe sont \u00e9quip\u00e9s de toutes les commodit\u00e9s n\u00e9cessaires pour rendre votre voyage aussi confortable que possible. Profitez de la commodit\u00e9 de la climatisation et d&#8217;un grand espace pour les bagages. Avec notre service de transfert priv\u00e9, vous pouvez vous asseoir et vous d\u00e9tendre, sachant que vous \u00eates entre de bonnes mains avec nos chauffeurs exp\u00e9riment\u00e9s et professionnels. R\u00e9servez votre transfert priv\u00e9 avec Tour Travel and More et commencez votre voyage sans stress.<\/span><\/p>\n<p><span style=\"font-weight: 400;\">Notre service de transfert priv\u00e9 offre un moyen pratique et sans tracas de se rendre de Saint-Jacques-de-Compostelle \u00e0 Porto. Nos v\u00e9hicules de luxe et nos chauffeurs professionnels viendront vous chercher \u00e0 l&#8217;endroit souhait\u00e9 et vous conduiront \u00e0 votre destination \u00e0 Porto en toute s\u00e9curit\u00e9 et confortablement.<\/span><\/p>\n<p><span style=\"font-weight: 400;\">Avec notre service de transfert priv\u00e9, vous n&#8217;aurez pas \u00e0 vous soucier des inconv\u00e9nients des transports publics ou de l&#8217;impr\u00e9visibilit\u00e9 des services de taxi. Vous b\u00e9n\u00e9ficierez d&#8217;un trajet fiable et confortable, adapt\u00e9 \u00e0 vos besoins sp\u00e9cifiques. Nos v\u00e9hicules sont \u00e9quip\u00e9s de toutes les commodit\u00e9s n\u00e9cessaires pour rendre votre voyage aussi confortable que possible, vous pouvez donc vous asseoir et vous d\u00e9tendre pendant que nous nous occupons du reste. Contactez-nous d\u00e8s aujourd&#8217;hui pour r\u00e9server votre transfert priv\u00e9 de Saint-Jacques-de-Compostelle \u00e0 Porto.<\/span><\/p>\n<h2><strong>Transfert priv\u00e9 de Saint-Jacques-de-Compostelle \u00e0 Porto Points forts<\/strong><\/h2>\n<p><span style=\"font-weight: 400;\">Notre service de transfert priv\u00e9 offre plusieurs points forts pour faire de votre exp\u00e9rience de transfert une exp\u00e9rience confortable et agr\u00e9able :<\/span><\/p>\n<h3><strong>V\u00e9hicules de luxe :<\/strong><\/h3>\n<p><span style=\"font-weight: 400;\">Notre flotte de v\u00e9hicules de luxe comprend des berlines, des fourgonnettes et des minibus pour r\u00e9pondre \u00e0 vos besoins de transfert. Tous nos v\u00e9hicules sont bien entretenus, climatis\u00e9s et \u00e9quip\u00e9s de commodit\u00e9s modernes pour vous garantir un voyage confortable et relaxant.<\/span><\/p>\n<h3><strong>Chauffeurs professionnels :<\/strong><\/h3>\n<p><span style=\"font-weight: 400;\">Nos chauffeurs exp\u00e9riment\u00e9s et sympathiques vous assureront un voyage s\u00fbr et confortable jusqu&#8217;\u00e0 votre destination. Ils connaissent bien la r\u00e9gion et peuvent vous fournir toute information dont vous pourriez avoir besoin pendant votre voyage.<\/span><\/p>\n<h3><strong>Horaire flexible :<\/strong><\/h3>\n<p><span style=\"font-weight: 400;\">Notre service de transfert est disponible 24 heures sur 24 et 7 jours sur 7, ce qui vous permet de r\u00e9server un transfert qui convient \u00e0 votre emploi du temps. Nous comprenons que les plans peuvent changer, et nous sommes heureux d&#8217;accommoder tout changement \u00e0 votre r\u00e9servation avec un pr\u00e9avis minimal.<\/span><\/p>\n<h3><strong>Prix comp\u00e9titifs :<\/strong><\/h3>\n<p><span style=\"font-weight: 400;\">Notre service de transfert priv\u00e9 propose des prix comp\u00e9titifs, ce qui vous permet d&#8217;obtenir le meilleur rapport qualit\u00e9-prix. Nous proposons des prix transparents, sans frais cach\u00e9s, afin que vous puissiez \u00eatre s\u00fbr du co\u00fbt de votre transfert.<\/span><\/p>\n<h2><strong>Sites et lieux d&#8217;int\u00e9r\u00eat populaires \u00e0 Porto :<\/strong><\/h2>\n<h3><strong>Tour Clerigos :\u00a0<\/strong><\/h3>\n<p><span style=\"font-weight: 400;\">L&#8217;un des points de rep\u00e8re les plus embl\u00e9matiques de Porto, offrant des vues spectaculaires sur la ville.<\/span><\/p>\n<h3><strong>Caves \u00e0 vin de Porto :\u00a0<\/strong><\/h3>\n<p><span style=\"font-weight: 400;\">La ville est c\u00e9l\u00e8bre pour son vin de Porto, et de nombreuses caves proposent des visites et des d\u00e9gustations.<\/span><\/p>\n<h3><strong>L&#8217;\u00e9glise de S\u00e3o Francisco :\u00a0<\/strong><\/h3>\n<p><span style=\"font-weight: 400;\">Une \u00e9glise \u00e9tonnante avec une belle architecture baroque et un int\u00e9rieur impressionnant.<\/span><\/p>\n<h3><strong>Place Ribeira :\u00a0<\/strong><\/h3>\n<p><span style=\"font-weight: 400;\">Une place anim\u00e9e et color\u00e9e sur les rives du fleuve Douro, remplie de restaurants et de caf\u00e9s.<\/span><\/p>\n<h3><strong>Livraria Lello :\u00a0<\/strong><\/h3>\n<p><span style=\"font-weight: 400;\">Une belle librairie qui aurait inspir\u00e9 la s\u00e9rie Harry Potter de J.K. Rowling.<\/span><\/p>\n<p><span style=\"font-weight: 400;\">Visitez notre site Web pour explorer la <\/span><a href=\"https:\/\/tourtravelandmore.com\/fr\/city\/espagne-fr\/santiagodecompsotela-fr\/\"><span style=\"font-weight: 400;\">liste des circuits sur Saint-Jacques-de-Compostelle<\/span><\/a><span style=\"font-weight: 400;\"> que Tour Travel and More propose. R\u00e9servez votre transfert priv\u00e9 de Saint-Jacques-de-Compostelle \u00e0 Porto avec nous d\u00e8s aujourd&#8217;hui pour un voyage confortable et sans tracas.<\/span><\/p>\n<div id=\"gtx-trans\" style=\"position: absolute; left: -13px; top: 1311.11px;\">\n<div class=\"gtx-trans-icon\"><\/div>\n<\/div>\n","protected":false},"excerpt":{"rendered":"<p><span style=\"font-weight: 400;\">Profitez d&#8217;un transfert priv\u00e9 confortable et sans tracas de Saint-Jacques-de-Compostelle \u00e0 Porto avec Tour Travel and More. Nos v\u00e9hicules de luxe et nos chauffeurs professionnels vous assureront un voyage s\u00fbr et confortable jusqu&#8217;\u00e0 votre destination.<\/span><\/p>\n","protected":false},"featured_media":154905,"comment_status":"open","ping_status":"closed","template":"","meta":{"_acf_changed":false},"product_brand":[],"product_cat":[4438,4439,3589],"product_tag":[],"class_list":{"0":"post-154886","1":"product","2":"type-product","3":"status-publish","4":"has-post-thumbnail","6":"product_cat-all-private-tours-activities-fr-21","7":"product_cat-private-transfers-fr-8","8":"product_cat-santiagodecompsotela-fr","10":"first","11":"instock","12":"shipping-taxable","13":"purchasable","14":"product-type-simple"},"acf":[],"yoast_head":"<!-- This site is optimized with the Yoast SEO Premium plugin v25.3.1 (Yoast SEO v25.3.1) - https:\/\/yoast.com\/wordpress\/plugins\/seo\/ -->\n<title>Transfert priv\u00e9 de Saint-Jacques-de-Compostelle \u00e0 Porto | Tour Travel and More<\/title>\n<meta name=\"description\" content=\"R\u00e9servez un transfert priv\u00e9 de Saint-Jacques-de-Compostelle \u00e0 Porto avec Tour Travel and More pour un voyage confortable et sans tracas. Nos v\u00e9hicules de luxe et nos chauffeurs professionnels assureront votre arriv\u00e9e en toute s\u00e9curit\u00e9.\" \/>\n<meta name=\"robots\" content=\"index, follow, max-snippet:-1, max-image-preview:large, max-video-preview:-1\" \/>\n<link rel=\"canonical\" href=\"https:\/\/tourtravelandmore.com\/fr\/tours\/espagne-fr\/santiagodecompsotela-fr\/transfert-prive-de-saint-jacques-de-compostelle-a-porto\/\" \/>\n<meta property=\"og:locale\" content=\"fr_FR\" \/>\n<meta property=\"og:type\" content=\"article\" \/>\n<meta property=\"og:title\" content=\"Transfert priv\u00e9 de Saint-Jacques-de-Compostelle \u00e0 Porto\" \/>\n<meta property=\"og:description\" content=\"R\u00e9servez un transfert priv\u00e9 de Saint-Jacques-de-Compostelle \u00e0 Porto avec Tour Travel and More pour un voyage confortable et sans tracas. Nos v\u00e9hicules de luxe et nos chauffeurs professionnels assureront votre arriv\u00e9e en toute s\u00e9curit\u00e9.\" \/>\n<meta property=\"og:url\" content=\"https:\/\/tourtravelandmore.com\/fr\/tours\/espagne-fr\/santiagodecompsotela-fr\/transfert-prive-de-saint-jacques-de-compostelle-a-porto\/\" \/>\n<meta property=\"og:site_name\" content=\"Tour Travel And More\" \/>\n<meta property=\"article:publisher\" content=\"https:\/\/www.facebook.com\/tourtravelandmore\/\" \/>\n<meta property=\"article:modified_time\" content=\"2024-11-25T19:21:40+00:00\" \/>\n<meta property=\"og:image\" content=\"https:\/\/tourtravelandmore.com\/wp-content\/uploads\/2023\/02\/image4-6.jpg\" \/>\n\t<meta property=\"og:image:width\" content=\"900\" \/>\n\t<meta property=\"og:image:height\" content=\"750\" \/>\n\t<meta property=\"og:image:type\" content=\"image\/jpeg\" \/>\n<meta name=\"twitter:card\" content=\"summary_large_image\" \/>\n<meta name=\"twitter:site\" content=\"@TourTravel_More\" \/>\n<meta name=\"twitter:label1\" content=\"Dur\u00e9e de lecture estim\u00e9e\" \/>\n\t<meta name=\"twitter:data1\" content=\"3 minutes\" \/>\n<script type=\"application\/ld+json\" class=\"yoast-schema-graph\">{\"@context\":\"https:\/\/schema.org\",\"@graph\":[{\"@type\":\"WebPage\",\"@id\":\"https:\/\/tourtravelandmore.com\/fr\/tours\/espagne-fr\/santiagodecompsotela-fr\/transfert-prive-de-saint-jacques-de-compostelle-a-porto\/\",\"url\":\"https:\/\/tourtravelandmore.com\/fr\/tours\/espagne-fr\/santiagodecompsotela-fr\/transfert-prive-de-saint-jacques-de-compostelle-a-porto\/\",\"name\":\"Transfert priv\u00e9 de Saint-Jacques-de-Compostelle \u00e0 Porto | Tour Travel and More\",\"isPartOf\":{\"@id\":\"https:\/\/tourtravelandmore.com\/fr\/#website\"},\"primaryImageOfPage\":{\"@id\":\"https:\/\/tourtravelandmore.com\/fr\/tours\/espagne-fr\/santiagodecompsotela-fr\/transfert-prive-de-saint-jacques-de-compostelle-a-porto\/#primaryimage\"},\"image\":{\"@id\":\"https:\/\/tourtravelandmore.com\/fr\/tours\/espagne-fr\/santiagodecompsotela-fr\/transfert-prive-de-saint-jacques-de-compostelle-a-porto\/#primaryimage\"},\"thumbnailUrl\":\"https:\/\/tourtravelandmore.com\/wp-content\/uploads\/2023\/02\/image4-6.jpg\",\"datePublished\":\"2023-02-28T07:09:53+00:00\",\"dateModified\":\"2024-11-25T19:21:40+00:00\",\"description\":\"R\u00e9servez un transfert priv\u00e9 de Saint-Jacques-de-Compostelle \u00e0 Porto avec Tour Travel and More pour un voyage confortable et sans tracas. Nos v\u00e9hicules de luxe et nos chauffeurs professionnels assureront votre arriv\u00e9e en toute s\u00e9curit\u00e9.\",\"breadcrumb\":{\"@id\":\"https:\/\/tourtravelandmore.com\/fr\/tours\/espagne-fr\/santiagodecompsotela-fr\/transfert-prive-de-saint-jacques-de-compostelle-a-porto\/#breadcrumb\"},\"inLanguage\":\"fr-FR\",\"potentialAction\":[{\"@type\":\"ReadAction\",\"target\":[\"https:\/\/tourtravelandmore.com\/fr\/tours\/espagne-fr\/santiagodecompsotela-fr\/transfert-prive-de-saint-jacques-de-compostelle-a-porto\/\"]}]},{\"@type\":\"ImageObject\",\"inLanguage\":\"fr-FR\",\"@id\":\"https:\/\/tourtravelandmore.com\/fr\/tours\/espagne-fr\/santiagodecompsotela-fr\/transfert-prive-de-saint-jacques-de-compostelle-a-porto\/#primaryimage\",\"url\":\"https:\/\/tourtravelandmore.com\/wp-content\/uploads\/2023\/02\/image4-6.jpg\",\"contentUrl\":\"https:\/\/tourtravelandmore.com\/wp-content\/uploads\/2023\/02\/image4-6.jpg\",\"width\":900,\"height\":750},{\"@type\":\"BreadcrumbList\",\"@id\":\"https:\/\/tourtravelandmore.com\/fr\/tours\/espagne-fr\/santiagodecompsotela-fr\/transfert-prive-de-saint-jacques-de-compostelle-a-porto\/#breadcrumb\",\"itemListElement\":[{\"@type\":\"ListItem\",\"position\":1,\"name\":\"Home\",\"item\":\"https:\/\/tourtravelandmore.com\/fr\/\"},{\"@type\":\"ListItem\",\"position\":2,\"name\":\"Tours\",\"item\":\"https:\/\/tourtravelandmore.com\/fr\/tours\/\"},{\"@type\":\"ListItem\",\"position\":3,\"name\":\"Transfert priv\u00e9 de Saint-Jacques-de-Compostelle \u00e0 Porto\"}]},{\"@type\":\"WebSite\",\"@id\":\"https:\/\/tourtravelandmore.com\/fr\/#website\",\"url\":\"https:\/\/tourtravelandmore.com\/fr\/\",\"name\":\"Tour Travel And More\",\"description\":\"Private sightseeing tours and luxury transfers in Spain\",\"publisher\":{\"@id\":\"https:\/\/tourtravelandmore.com\/fr\/#organization\"},\"potentialAction\":[{\"@type\":\"SearchAction\",\"target\":{\"@type\":\"EntryPoint\",\"urlTemplate\":\"https:\/\/tourtravelandmore.com\/fr\/?s={search_term_string}\"},\"query-input\":{\"@type\":\"PropertyValueSpecification\",\"valueRequired\":true,\"valueName\":\"search_term_string\"}}],\"inLanguage\":\"fr-FR\"},{\"@type\":\"Organization\",\"@id\":\"https:\/\/tourtravelandmore.com\/fr\/#organization\",\"name\":\"Tour Travel And More\",\"url\":\"https:\/\/tourtravelandmore.com\/fr\/\",\"logo\":{\"@type\":\"ImageObject\",\"inLanguage\":\"fr-FR\",\"@id\":\"https:\/\/tourtravelandmore.com\/fr\/#\/schema\/logo\/image\/\",\"url\":\"https:\/\/tourtravelandmore.com\/wp-content\/uploads\/2022\/12\/cropped-logo-cabecera-new.png\",\"contentUrl\":\"https:\/\/tourtravelandmore.com\/wp-content\/uploads\/2022\/12\/cropped-logo-cabecera-new.png\",\"width\":430,\"height\":61,\"caption\":\"Tour Travel And More\"},\"image\":{\"@id\":\"https:\/\/tourtravelandmore.com\/fr\/#\/schema\/logo\/image\/\"},\"sameAs\":[\"https:\/\/www.facebook.com\/tourtravelandmore\/\",\"https:\/\/x.com\/TourTravel_More\"]}]}<\/script>\n<!-- \/ Yoast SEO Premium plugin. -->","yoast_head_json":{"title":"Transfert priv\u00e9 de Saint-Jacques-de-Compostelle \u00e0 Porto | Tour Travel and More","description":"R\u00e9servez un transfert priv\u00e9 de Saint-Jacques-de-Compostelle \u00e0 Porto avec Tour Travel and More pour un voyage confortable et sans tracas. Nos v\u00e9hicules de luxe et nos chauffeurs professionnels assureront votre arriv\u00e9e en toute s\u00e9curit\u00e9.","robots":{"index":"index","follow":"follow","max-snippet":"max-snippet:-1","max-image-preview":"max-image-preview:large","max-video-preview":"max-video-preview:-1"},"canonical":"https:\/\/tourtravelandmore.com\/fr\/tours\/espagne-fr\/santiagodecompsotela-fr\/transfert-prive-de-saint-jacques-de-compostelle-a-porto\/","og_locale":"fr_FR","og_type":"article","og_title":"Transfert priv\u00e9 de Saint-Jacques-de-Compostelle \u00e0 Porto","og_description":"R\u00e9servez un transfert priv\u00e9 de Saint-Jacques-de-Compostelle \u00e0 Porto avec Tour Travel and More pour un voyage confortable et sans tracas. Nos v\u00e9hicules de luxe et nos chauffeurs professionnels assureront votre arriv\u00e9e en toute s\u00e9curit\u00e9.","og_url":"https:\/\/tourtravelandmore.com\/fr\/tours\/espagne-fr\/santiagodecompsotela-fr\/transfert-prive-de-saint-jacques-de-compostelle-a-porto\/","og_site_name":"Tour Travel And More","article_publisher":"https:\/\/www.facebook.com\/tourtravelandmore\/","article_modified_time":"2024-11-25T19:21:40+00:00","og_image":[{"width":900,"height":750,"url":"https:\/\/tourtravelandmore.com\/wp-content\/uploads\/2023\/02\/image4-6.jpg","type":"image\/jpeg"}],"twitter_card":"summary_large_image","twitter_site":"@TourTravel_More","twitter_misc":{"Dur\u00e9e de lecture estim\u00e9e":"3 minutes"},"schema":{"@context":"https:\/\/schema.org","@graph":[{"@type":"WebPage","@id":"https:\/\/tourtravelandmore.com\/fr\/tours\/espagne-fr\/santiagodecompsotela-fr\/transfert-prive-de-saint-jacques-de-compostelle-a-porto\/","url":"https:\/\/tourtravelandmore.com\/fr\/tours\/espagne-fr\/santiagodecompsotela-fr\/transfert-prive-de-saint-jacques-de-compostelle-a-porto\/","name":"Transfert priv\u00e9 de Saint-Jacques-de-Compostelle \u00e0 Porto | Tour Travel and More","isPartOf":{"@id":"https:\/\/tourtravelandmore.com\/fr\/#website"},"primaryImageOfPage":{"@id":"https:\/\/tourtravelandmore.com\/fr\/tours\/espagne-fr\/santiagodecompsotela-fr\/transfert-prive-de-saint-jacques-de-compostelle-a-porto\/#primaryimage"},"image":{"@id":"https:\/\/tourtravelandmore.com\/fr\/tours\/espagne-fr\/santiagodecompsotela-fr\/transfert-prive-de-saint-jacques-de-compostelle-a-porto\/#primaryimage"},"thumbnailUrl":"https:\/\/tourtravelandmore.com\/wp-content\/uploads\/2023\/02\/image4-6.jpg","datePublished":"2023-02-28T07:09:53+00:00","dateModified":"2024-11-25T19:21:40+00:00","description":"R\u00e9servez un transfert priv\u00e9 de Saint-Jacques-de-Compostelle \u00e0 Porto avec Tour Travel and More pour un voyage confortable et sans tracas. Nos v\u00e9hicules de luxe et nos chauffeurs professionnels assureront votre arriv\u00e9e en toute s\u00e9curit\u00e9.","breadcrumb":{"@id":"https:\/\/tourtravelandmore.com\/fr\/tours\/espagne-fr\/santiagodecompsotela-fr\/transfert-prive-de-saint-jacques-de-compostelle-a-porto\/#breadcrumb"},"inLanguage":"fr-FR","potentialAction":[{"@type":"ReadAction","target":["https:\/\/tourtravelandmore.com\/fr\/tours\/espagne-fr\/santiagodecompsotela-fr\/transfert-prive-de-saint-jacques-de-compostelle-a-porto\/"]}]},{"@type":"ImageObject","inLanguage":"fr-FR","@id":"https:\/\/tourtravelandmore.com\/fr\/tours\/espagne-fr\/santiagodecompsotela-fr\/transfert-prive-de-saint-jacques-de-compostelle-a-porto\/#primaryimage","url":"https:\/\/tourtravelandmore.com\/wp-content\/uploads\/2023\/02\/image4-6.jpg","contentUrl":"https:\/\/tourtravelandmore.com\/wp-content\/uploads\/2023\/02\/image4-6.jpg","width":900,"height":750},{"@type":"BreadcrumbList","@id":"https:\/\/tourtravelandmore.com\/fr\/tours\/espagne-fr\/santiagodecompsotela-fr\/transfert-prive-de-saint-jacques-de-compostelle-a-porto\/#breadcrumb","itemListElement":[{"@type":"ListItem","position":1,"name":"Home","item":"https:\/\/tourtravelandmore.com\/fr\/"},{"@type":"ListItem","position":2,"name":"Tours","item":"https:\/\/tourtravelandmore.com\/fr\/tours\/"},{"@type":"ListItem","position":3,"name":"Transfert priv\u00e9 de Saint-Jacques-de-Compostelle \u00e0 Porto"}]},{"@type":"WebSite","@id":"https:\/\/tourtravelandmore.com\/fr\/#website","url":"https:\/\/tourtravelandmore.com\/fr\/","name":"Tour Travel And More","description":"Private sightseeing tours and luxury transfers in Spain","publisher":{"@id":"https:\/\/tourtravelandmore.com\/fr\/#organization"},"potentialAction":[{"@type":"SearchAction","target":{"@type":"EntryPoint","urlTemplate":"https:\/\/tourtravelandmore.com\/fr\/?s={search_term_string}"},"query-input":{"@type":"PropertyValueSpecification","valueRequired":true,"valueName":"search_term_string"}}],"inLanguage":"fr-FR"},{"@type":"Organization","@id":"https:\/\/tourtravelandmore.com\/fr\/#organization","name":"Tour Travel And More","url":"https:\/\/tourtravelandmore.com\/fr\/","logo":{"@type":"ImageObject","inLanguage":"fr-FR","@id":"https:\/\/tourtravelandmore.com\/fr\/#\/schema\/logo\/image\/","url":"https:\/\/tourtravelandmore.com\/wp-content\/uploads\/2022\/12\/cropped-logo-cabecera-new.png","contentUrl":"https:\/\/tourtravelandmore.com\/wp-content\/uploads\/2022\/12\/cropped-logo-cabecera-new.png","width":430,"height":61,"caption":"Tour Travel And More"},"image":{"@id":"https:\/\/tourtravelandmore.com\/fr\/#\/schema\/logo\/image\/"},"sameAs":["https:\/\/www.facebook.com\/tourtravelandmore\/","https:\/\/x.com\/TourTravel_More"]}]}},"_links":{"self":[{"href":"https:\/\/tourtravelandmore.com\/fr\/wp-json\/wp\/v2\/product\/154886","targetHints":{"allow":["GET"]}}],"collection":[{"href":"https:\/\/tourtravelandmore.com\/fr\/wp-json\/wp\/v2\/product"}],"about":[{"href":"https:\/\/tourtravelandmore.com\/fr\/wp-json\/wp\/v2\/types\/product"}],"replies":[{"embeddable":true,"href":"https:\/\/tourtravelandmore.com\/fr\/wp-json\/wp\/v2\/comments?post=154886"}],"wp:featuredmedia":[{"embeddable":true,"href":"https:\/\/tourtravelandmore.com\/fr\/wp-json\/wp\/v2\/media\/154905"}],"wp:attachment":[{"href":"https:\/\/tourtravelandmore.com\/fr\/wp-json\/wp\/v2\/media?parent=154886"}],"wp:term":[{"taxonomy":"product_brand","embeddable":true,"href":"https:\/\/tourtravelandmore.com\/fr\/wp-json\/wp\/v2\/product_brand?post=154886"},{"taxonomy":"product_cat","embeddable":true,"href":"https:\/\/tourtravelandmore.com\/fr\/wp-json\/wp\/v2\/product_cat?post=154886"},{"taxonomy":"product_tag","embeddable":true,"href":"https:\/\/tourtravelandmore.com\/fr\/wp-json\/wp\/v2\/product_tag?post=154886"}],"curies":[{"name":"wp","href":"https:\/\/api.w.org\/{rel}","templated":true}]}}