{"id":154875,"date":"2023-02-28T07:32:41","date_gmt":"2023-02-28T06:32:41","guid":{"rendered":"https:\/\/tourtravelandmore.com\/tours\/non%20class\u00e9\/transfert-de-laeroport-de-vers-santiago-de-compostela\/"},"modified":"2023-07-17T22:34:00","modified_gmt":"2023-07-17T20:34:00","slug":"transfert-de-laeroport-de-vers-santiago-de-compostela","status":"publish","type":"product","link":"https:\/\/tourtravelandmore.com\/fr\/tours\/espagne-fr\/santiagodecompsotela-fr\/transfert-de-laeroport-de-vers-santiago-de-compostela\/","title":{"rendered":"Transfert de l&#8217;a\u00e9roport de\/vers Santiago de Compostela"},"content":{"rendered":"<h2><b>Transfert de l&#8217;a\u00e9roport de\/vers Santiago de Compostela Description :<\/b><\/h2>\n<p><span style=\"font-weight: 400;\">Tour Travel and More propose des services priv\u00e9s de transfert d&#8217;a\u00e9roport de\/vers Saint-Jacques-de-Compostelle. Nos chauffeurs professionnels et amicaux vous accueilleront au terminal de l&#8217;a\u00e9roport avec une pancarte personnalis\u00e9e, vous aideront \u00e0 porter vos bagages et vous emm\u00e8neront directement \u00e0 votre destination.<\/span><\/p>\n<p><span style=\"font-weight: 400;\">Notre service de transfert d&#8217;a\u00e9roport est con\u00e7u pour rendre votre exp\u00e9rience de voyage sans tracas et pratique. Vous n&#8217;aurez pas \u00e0 vous soucier de naviguer dans l&#8217;a\u00e9roport ou de trouver un moyen de transport vers votre destination. Nos chauffeurs connaissent bien la r\u00e9gion et peuvent r\u00e9pondre \u00e0 toutes vos questions.<\/span><\/p>\n<h2><b>Transfert depuis\/vers l&#8217;a\u00e9roport de Saint-Jacques-de-Compostelle Points d&#8217;int\u00e9r\u00eat :<\/b><\/h2>\n<p><span style=\"font-weight: 400;\">Pendant le transfert de l&#8217;a\u00e9roport, vous aurez l&#8217;occasion de voir certains des sites et des lieux d&#8217;int\u00e9r\u00eat les plus populaires de Saint-Jacques-de-Compostelle. Vous trouverez ci-dessous quelques points forts :<\/span><\/p>\n<h3><b>Santiago de Compostela :<\/b><\/h3>\n<p><span style=\"font-weight: 400;\">Cath\u00e9drale de Saint-Jacques-de-Compostelle : Il s&#8217;agit de l&#8217;un des sites religieux les plus importants au monde, car on pense qu&#8217;il s&#8217;agit de la derni\u00e8re demeure de l&#8217;ap\u00f4tre saint Jacques. Sa grandeur et sa beaut\u00e9 en font un lieu incontournable pour les visiteurs de Saint-Jacques-de-Compostelle. Avec sa fa\u00e7ade impressionnante, ses clochers flamboyants et son architecture complexe, la cath\u00e9drale est vraiment un spectacle \u00e0 voir.<\/span><\/p>\n<h3><b>Praza do Obradoiro :<\/b><\/h3>\n<p><span style=\"font-weight: 400;\">C&#8217;est la place principale de Saint-Jacques-de-Compostelle et elle est entour\u00e9e d&#8217;impressionnants b\u00e2timents historiques, dont la cath\u00e9drale, le palais de Raxoi et l&#8217;Hostal dos Reis Cat\u00f3licos. La place doit son nom \u00e0 l&#8217;atelier qui s&#8217;y trouvait autrefois et qui a servi \u00e0 la construction de la cath\u00e9drale. C&#8217;est un lieu de rassemblement populaire pour les habitants et les visiteurs, et elle accueille de nombreux festivals et c\u00e9l\u00e9brations tout au long de l&#8217;ann\u00e9e.<\/span><\/p>\n<h3><b>Monast\u00e8re de San Mart\u00edn Pinario :<\/b><\/h3>\n<p><span style=\"font-weight: 400;\">Il s&#8217;agit d&#8217;un magnifique monast\u00e8re de style baroque situ\u00e9 \u00e0 quelques pas de la cath\u00e9drale. Il est connu pour son architecture orn\u00e9e et sa belle collection d&#8217;art, qui comprend des \u0153uvres d&#8217;artistes espagnols renomm\u00e9s tels que Goya et Rubens. Les visiteurs peuvent suivre une visite guid\u00e9e du monast\u00e8re pour en savoir plus sur son histoire et son importance.<\/span><\/p>\n<h3><b>Parque de la Alameda :<\/b><\/h3>\n<p><span style=\"font-weight: 400;\">Il s&#8217;agit d&#8217;un joli parc situ\u00e9 au c\u0153ur de la ville. Il offre une vue imprenable sur la cath\u00e9drale et est un endroit populaire pour les pique-niques et les promenades. Le parc comprend de nombreux jardins, fontaines et sculptures, ainsi qu&#8217;un kiosque \u00e0 musique o\u00f9 sont organis\u00e9s des concerts et autres \u00e9v\u00e9nements. C&#8217;est un endroit id\u00e9al pour se d\u00e9tendre et profiter de la beaut\u00e9 de Saint-Jacques-de-Compostelle.<\/span><\/p>\n<h3><b>Museo do Pobo Galego :<\/b><\/h3>\n<p><span style=\"font-weight: 400;\">Ce mus\u00e9e est consacr\u00e9 \u00e0 l&#8217;histoire et \u00e0 la culture du peuple galicien. Il pr\u00e9sente des expositions sur l&#8217;artisanat, la musique et les costumes traditionnels, ainsi que des expositions sur le folklore et les traditions galiciens. Les visiteurs peuvent d\u00e9couvrir la culture unique de cette r\u00e9gion d&#8217;Espagne et mieux appr\u00e9cier son peuple et son histoire.<\/span><\/p>\n<p><span style=\"font-weight: 400;\">Chez Tour Travel and More, nous proposons une vari\u00e9t\u00e9 de visites priv\u00e9es de Saint-Jacques-de-Compostelle et de ses environs. Que vous souhaitiez explorer les sites historiques de la ville, go\u00fbter \u00e0 sa d\u00e9licieuse cuisine ou vous immerger dans sa culture dynamique, nous avons un circuit adapt\u00e9 \u00e0 vos besoins. Contactez-nous d\u00e8s aujourd&#8217;hui pour en savoir plus sur nos circuits et commencer \u00e0 planifier votre prochaine aventure !<\/span><\/p>\n<p><span style=\"font-weight: 400;\">Si vous souhaitez explorer davantage Saint-Jacques-de-Compostelle, Tour Travel and More propose une s\u00e9rie de visites priv\u00e9es dans la r\u00e9gion. Veuillez consulter notre site Web \u00e0 l&#8217;adresse pour en savoir plus.<\/span><\/p>\n<div id=\"gtx-trans\" style=\"position: absolute; left: -10px; top: 1053.23px;\">\n<div class=\"gtx-trans-icon\"><\/div>\n<\/div>\n","protected":false},"excerpt":{"rendered":"<p><span style=\"font-weight: 400;\">Tour Travel and More propose des services de transfert priv\u00e9 depuis\/vers l&#8217;a\u00e9roport de Saint-Jacques-de-Compostelle. Nos chauffeurs professionnels et amicaux vous accueilleront au terminal de l&#8217;a\u00e9roport avec un panneau personnalis\u00e9, vous aideront \u00e0 porter vos bagages et vous conduiront directement \u00e0 votre destination. Pendant le transfert de l&#8217;a\u00e9roport, vous aurez l&#8217;occasion de voir certains des sites et des lieux d&#8217;int\u00e9r\u00eat les plus populaires de Saint-Jacques-de-Compostelle.<\/span><\/p>\n<p>&nbsp;<\/p>\n","protected":false},"featured_media":94006,"comment_status":"open","ping_status":"closed","template":"","meta":{"_acf_changed":false},"product_brand":[],"product_cat":[4438,3589],"product_tag":[],"class_list":{"0":"post-154875","1":"product","2":"type-product","3":"status-publish","4":"has-post-thumbnail","6":"product_cat-all-private-tours-activities-fr-21","7":"product_cat-santiagodecompsotela-fr","9":"first","10":"instock","11":"shipping-taxable","12":"purchasable","13":"product-type-simple"},"acf":[],"yoast_head":"<!-- This site is optimized with the Yoast SEO Premium plugin v25.3.1 (Yoast SEO v25.3.1) - https:\/\/yoast.com\/wordpress\/plugins\/seo\/ -->\n<title>Transfert a\u00e9roport priv\u00e9 de\/vers Saint-Jacques-de-Compostelle | Tour Travel and More<\/title>\n<meta name=\"description\" content=\"Tour Travel and More propose des services de transfert a\u00e9roportuaire priv\u00e9 de\/vers Saint-Jacques-de-Compostelle. Profitez d&#039;une exp\u00e9rience de voyage sans tracas et voyez les sites populaires en cours de route.\" \/>\n<meta name=\"robots\" content=\"index, follow, max-snippet:-1, max-image-preview:large, max-video-preview:-1\" \/>\n<link rel=\"canonical\" href=\"https:\/\/tourtravelandmore.com\/fr\/tours\/espagne-fr\/santiagodecompsotela-fr\/transfert-de-laeroport-de-vers-santiago-de-compostela\/\" \/>\n<meta property=\"og:locale\" content=\"fr_FR\" \/>\n<meta property=\"og:type\" content=\"article\" \/>\n<meta property=\"og:title\" content=\"Transfert de l&#039;a\u00e9roport de\/vers Santiago de Compostela\" \/>\n<meta property=\"og:description\" content=\"Tour Travel and More propose des services de transfert a\u00e9roportuaire priv\u00e9 de\/vers Saint-Jacques-de-Compostelle. Profitez d&#039;une exp\u00e9rience de voyage sans tracas et voyez les sites populaires en cours de route.\" \/>\n<meta property=\"og:url\" content=\"https:\/\/tourtravelandmore.com\/fr\/tours\/espagne-fr\/santiagodecompsotela-fr\/transfert-de-laeroport-de-vers-santiago-de-compostela\/\" \/>\n<meta property=\"og:site_name\" content=\"Tour Travel And More\" \/>\n<meta property=\"article:publisher\" content=\"https:\/\/www.facebook.com\/tourtravelandmore\/\" \/>\n<meta property=\"article:modified_time\" content=\"2023-07-17T20:34:00+00:00\" \/>\n<meta property=\"og:image\" content=\"https:\/\/tourtravelandmore.com\/wp-content\/uploads\/2016\/11\/CLASE-S-1-copia.png\" \/>\n\t<meta property=\"og:image:width\" content=\"640\" \/>\n\t<meta property=\"og:image:height\" content=\"425\" \/>\n\t<meta property=\"og:image:type\" content=\"image\/png\" \/>\n<meta name=\"twitter:card\" content=\"summary_large_image\" \/>\n<meta name=\"twitter:site\" content=\"@TourTravel_More\" \/>\n<meta name=\"twitter:label1\" content=\"Dur\u00e9e de lecture estim\u00e9e\" \/>\n\t<meta name=\"twitter:data1\" content=\"3 minutes\" \/>\n<script type=\"application\/ld+json\" class=\"yoast-schema-graph\">{\"@context\":\"https:\/\/schema.org\",\"@graph\":[{\"@type\":\"WebPage\",\"@id\":\"https:\/\/tourtravelandmore.com\/fr\/tours\/espagne-fr\/santiagodecompsotela-fr\/transfert-de-laeroport-de-vers-santiago-de-compostela\/\",\"url\":\"https:\/\/tourtravelandmore.com\/fr\/tours\/espagne-fr\/santiagodecompsotela-fr\/transfert-de-laeroport-de-vers-santiago-de-compostela\/\",\"name\":\"Transfert a\u00e9roport priv\u00e9 de\/vers Saint-Jacques-de-Compostelle | Tour Travel and More\",\"isPartOf\":{\"@id\":\"https:\/\/tourtravelandmore.com\/fr\/#website\"},\"primaryImageOfPage\":{\"@id\":\"https:\/\/tourtravelandmore.com\/fr\/tours\/espagne-fr\/santiagodecompsotela-fr\/transfert-de-laeroport-de-vers-santiago-de-compostela\/#primaryimage\"},\"image\":{\"@id\":\"https:\/\/tourtravelandmore.com\/fr\/tours\/espagne-fr\/santiagodecompsotela-fr\/transfert-de-laeroport-de-vers-santiago-de-compostela\/#primaryimage\"},\"thumbnailUrl\":\"https:\/\/tourtravelandmore.com\/wp-content\/uploads\/2016\/11\/CLASE-S-1-copia.png\",\"datePublished\":\"2023-02-28T06:32:41+00:00\",\"dateModified\":\"2023-07-17T20:34:00+00:00\",\"description\":\"Tour Travel and More propose des services de transfert a\u00e9roportuaire priv\u00e9 de\/vers Saint-Jacques-de-Compostelle. Profitez d'une exp\u00e9rience de voyage sans tracas et voyez les sites populaires en cours de route.\",\"breadcrumb\":{\"@id\":\"https:\/\/tourtravelandmore.com\/fr\/tours\/espagne-fr\/santiagodecompsotela-fr\/transfert-de-laeroport-de-vers-santiago-de-compostela\/#breadcrumb\"},\"inLanguage\":\"fr-FR\",\"potentialAction\":[{\"@type\":\"ReadAction\",\"target\":[\"https:\/\/tourtravelandmore.com\/fr\/tours\/espagne-fr\/santiagodecompsotela-fr\/transfert-de-laeroport-de-vers-santiago-de-compostela\/\"]}]},{\"@type\":\"ImageObject\",\"inLanguage\":\"fr-FR\",\"@id\":\"https:\/\/tourtravelandmore.com\/fr\/tours\/espagne-fr\/santiagodecompsotela-fr\/transfert-de-laeroport-de-vers-santiago-de-compostela\/#primaryimage\",\"url\":\"https:\/\/tourtravelandmore.com\/wp-content\/uploads\/2016\/11\/CLASE-S-1-copia.png\",\"contentUrl\":\"https:\/\/tourtravelandmore.com\/wp-content\/uploads\/2016\/11\/CLASE-S-1-copia.png\",\"width\":640,\"height\":425},{\"@type\":\"BreadcrumbList\",\"@id\":\"https:\/\/tourtravelandmore.com\/fr\/tours\/espagne-fr\/santiagodecompsotela-fr\/transfert-de-laeroport-de-vers-santiago-de-compostela\/#breadcrumb\",\"itemListElement\":[{\"@type\":\"ListItem\",\"position\":1,\"name\":\"Home\",\"item\":\"https:\/\/tourtravelandmore.com\/fr\/\"},{\"@type\":\"ListItem\",\"position\":2,\"name\":\"Tours\",\"item\":\"https:\/\/tourtravelandmore.com\/fr\/tours\/\"},{\"@type\":\"ListItem\",\"position\":3,\"name\":\"Transfert de l&rsquo;a\u00e9roport de\/vers Santiago de Compostela\"}]},{\"@type\":\"WebSite\",\"@id\":\"https:\/\/tourtravelandmore.com\/fr\/#website\",\"url\":\"https:\/\/tourtravelandmore.com\/fr\/\",\"name\":\"Tour Travel And More\",\"description\":\"Private sightseeing tours and luxury transfers in Spain\",\"publisher\":{\"@id\":\"https:\/\/tourtravelandmore.com\/fr\/#organization\"},\"potentialAction\":[{\"@type\":\"SearchAction\",\"target\":{\"@type\":\"EntryPoint\",\"urlTemplate\":\"https:\/\/tourtravelandmore.com\/fr\/?s={search_term_string}\"},\"query-input\":{\"@type\":\"PropertyValueSpecification\",\"valueRequired\":true,\"valueName\":\"search_term_string\"}}],\"inLanguage\":\"fr-FR\"},{\"@type\":\"Organization\",\"@id\":\"https:\/\/tourtravelandmore.com\/fr\/#organization\",\"name\":\"Tour Travel And More\",\"url\":\"https:\/\/tourtravelandmore.com\/fr\/\",\"logo\":{\"@type\":\"ImageObject\",\"inLanguage\":\"fr-FR\",\"@id\":\"https:\/\/tourtravelandmore.com\/fr\/#\/schema\/logo\/image\/\",\"url\":\"https:\/\/tourtravelandmore.com\/wp-content\/uploads\/2022\/12\/cropped-logo-cabecera-new.png\",\"contentUrl\":\"https:\/\/tourtravelandmore.com\/wp-content\/uploads\/2022\/12\/cropped-logo-cabecera-new.png\",\"width\":430,\"height\":61,\"caption\":\"Tour Travel And More\"},\"image\":{\"@id\":\"https:\/\/tourtravelandmore.com\/fr\/#\/schema\/logo\/image\/\"},\"sameAs\":[\"https:\/\/www.facebook.com\/tourtravelandmore\/\",\"https:\/\/x.com\/TourTravel_More\"]}]}<\/script>\n<!-- \/ Yoast SEO Premium plugin. -->","yoast_head_json":{"title":"Transfert a\u00e9roport priv\u00e9 de\/vers Saint-Jacques-de-Compostelle | Tour Travel and More","description":"Tour Travel and More propose des services de transfert a\u00e9roportuaire priv\u00e9 de\/vers Saint-Jacques-de-Compostelle. Profitez d'une exp\u00e9rience de voyage sans tracas et voyez les sites populaires en cours de route.","robots":{"index":"index","follow":"follow","max-snippet":"max-snippet:-1","max-image-preview":"max-image-preview:large","max-video-preview":"max-video-preview:-1"},"canonical":"https:\/\/tourtravelandmore.com\/fr\/tours\/espagne-fr\/santiagodecompsotela-fr\/transfert-de-laeroport-de-vers-santiago-de-compostela\/","og_locale":"fr_FR","og_type":"article","og_title":"Transfert de l'a\u00e9roport de\/vers Santiago de Compostela","og_description":"Tour Travel and More propose des services de transfert a\u00e9roportuaire priv\u00e9 de\/vers Saint-Jacques-de-Compostelle. Profitez d'une exp\u00e9rience de voyage sans tracas et voyez les sites populaires en cours de route.","og_url":"https:\/\/tourtravelandmore.com\/fr\/tours\/espagne-fr\/santiagodecompsotela-fr\/transfert-de-laeroport-de-vers-santiago-de-compostela\/","og_site_name":"Tour Travel And More","article_publisher":"https:\/\/www.facebook.com\/tourtravelandmore\/","article_modified_time":"2023-07-17T20:34:00+00:00","og_image":[{"width":640,"height":425,"url":"https:\/\/tourtravelandmore.com\/wp-content\/uploads\/2016\/11\/CLASE-S-1-copia.png","type":"image\/png"}],"twitter_card":"summary_large_image","twitter_site":"@TourTravel_More","twitter_misc":{"Dur\u00e9e de lecture estim\u00e9e":"3 minutes"},"schema":{"@context":"https:\/\/schema.org","@graph":[{"@type":"WebPage","@id":"https:\/\/tourtravelandmore.com\/fr\/tours\/espagne-fr\/santiagodecompsotela-fr\/transfert-de-laeroport-de-vers-santiago-de-compostela\/","url":"https:\/\/tourtravelandmore.com\/fr\/tours\/espagne-fr\/santiagodecompsotela-fr\/transfert-de-laeroport-de-vers-santiago-de-compostela\/","name":"Transfert a\u00e9roport priv\u00e9 de\/vers Saint-Jacques-de-Compostelle | Tour Travel and More","isPartOf":{"@id":"https:\/\/tourtravelandmore.com\/fr\/#website"},"primaryImageOfPage":{"@id":"https:\/\/tourtravelandmore.com\/fr\/tours\/espagne-fr\/santiagodecompsotela-fr\/transfert-de-laeroport-de-vers-santiago-de-compostela\/#primaryimage"},"image":{"@id":"https:\/\/tourtravelandmore.com\/fr\/tours\/espagne-fr\/santiagodecompsotela-fr\/transfert-de-laeroport-de-vers-santiago-de-compostela\/#primaryimage"},"thumbnailUrl":"https:\/\/tourtravelandmore.com\/wp-content\/uploads\/2016\/11\/CLASE-S-1-copia.png","datePublished":"2023-02-28T06:32:41+00:00","dateModified":"2023-07-17T20:34:00+00:00","description":"Tour Travel and More propose des services de transfert a\u00e9roportuaire priv\u00e9 de\/vers Saint-Jacques-de-Compostelle. Profitez d'une exp\u00e9rience de voyage sans tracas et voyez les sites populaires en cours de route.","breadcrumb":{"@id":"https:\/\/tourtravelandmore.com\/fr\/tours\/espagne-fr\/santiagodecompsotela-fr\/transfert-de-laeroport-de-vers-santiago-de-compostela\/#breadcrumb"},"inLanguage":"fr-FR","potentialAction":[{"@type":"ReadAction","target":["https:\/\/tourtravelandmore.com\/fr\/tours\/espagne-fr\/santiagodecompsotela-fr\/transfert-de-laeroport-de-vers-santiago-de-compostela\/"]}]},{"@type":"ImageObject","inLanguage":"fr-FR","@id":"https:\/\/tourtravelandmore.com\/fr\/tours\/espagne-fr\/santiagodecompsotela-fr\/transfert-de-laeroport-de-vers-santiago-de-compostela\/#primaryimage","url":"https:\/\/tourtravelandmore.com\/wp-content\/uploads\/2016\/11\/CLASE-S-1-copia.png","contentUrl":"https:\/\/tourtravelandmore.com\/wp-content\/uploads\/2016\/11\/CLASE-S-1-copia.png","width":640,"height":425},{"@type":"BreadcrumbList","@id":"https:\/\/tourtravelandmore.com\/fr\/tours\/espagne-fr\/santiagodecompsotela-fr\/transfert-de-laeroport-de-vers-santiago-de-compostela\/#breadcrumb","itemListElement":[{"@type":"ListItem","position":1,"name":"Home","item":"https:\/\/tourtravelandmore.com\/fr\/"},{"@type":"ListItem","position":2,"name":"Tours","item":"https:\/\/tourtravelandmore.com\/fr\/tours\/"},{"@type":"ListItem","position":3,"name":"Transfert de l&rsquo;a\u00e9roport de\/vers Santiago de Compostela"}]},{"@type":"WebSite","@id":"https:\/\/tourtravelandmore.com\/fr\/#website","url":"https:\/\/tourtravelandmore.com\/fr\/","name":"Tour Travel And More","description":"Private sightseeing tours and luxury transfers in Spain","publisher":{"@id":"https:\/\/tourtravelandmore.com\/fr\/#organization"},"potentialAction":[{"@type":"SearchAction","target":{"@type":"EntryPoint","urlTemplate":"https:\/\/tourtravelandmore.com\/fr\/?s={search_term_string}"},"query-input":{"@type":"PropertyValueSpecification","valueRequired":true,"valueName":"search_term_string"}}],"inLanguage":"fr-FR"},{"@type":"Organization","@id":"https:\/\/tourtravelandmore.com\/fr\/#organization","name":"Tour Travel And More","url":"https:\/\/tourtravelandmore.com\/fr\/","logo":{"@type":"ImageObject","inLanguage":"fr-FR","@id":"https:\/\/tourtravelandmore.com\/fr\/#\/schema\/logo\/image\/","url":"https:\/\/tourtravelandmore.com\/wp-content\/uploads\/2022\/12\/cropped-logo-cabecera-new.png","contentUrl":"https:\/\/tourtravelandmore.com\/wp-content\/uploads\/2022\/12\/cropped-logo-cabecera-new.png","width":430,"height":61,"caption":"Tour Travel And More"},"image":{"@id":"https:\/\/tourtravelandmore.com\/fr\/#\/schema\/logo\/image\/"},"sameAs":["https:\/\/www.facebook.com\/tourtravelandmore\/","https:\/\/x.com\/TourTravel_More"]}]}},"_links":{"self":[{"href":"https:\/\/tourtravelandmore.com\/fr\/wp-json\/wp\/v2\/product\/154875","targetHints":{"allow":["GET"]}}],"collection":[{"href":"https:\/\/tourtravelandmore.com\/fr\/wp-json\/wp\/v2\/product"}],"about":[{"href":"https:\/\/tourtravelandmore.com\/fr\/wp-json\/wp\/v2\/types\/product"}],"replies":[{"embeddable":true,"href":"https:\/\/tourtravelandmore.com\/fr\/wp-json\/wp\/v2\/comments?post=154875"}],"wp:featuredmedia":[{"embeddable":true,"href":"https:\/\/tourtravelandmore.com\/fr\/wp-json\/wp\/v2\/media\/94006"}],"wp:attachment":[{"href":"https:\/\/tourtravelandmore.com\/fr\/wp-json\/wp\/v2\/media?parent=154875"}],"wp:term":[{"taxonomy":"product_brand","embeddable":true,"href":"https:\/\/tourtravelandmore.com\/fr\/wp-json\/wp\/v2\/product_brand?post=154875"},{"taxonomy":"product_cat","embeddable":true,"href":"https:\/\/tourtravelandmore.com\/fr\/wp-json\/wp\/v2\/product_cat?post=154875"},{"taxonomy":"product_tag","embeddable":true,"href":"https:\/\/tourtravelandmore.com\/fr\/wp-json\/wp\/v2\/product_tag?post=154875"}],"curies":[{"name":"wp","href":"https:\/\/api.w.org\/{rel}","templated":true}]}}