{"id":154720,"date":"2020-01-28T17:09:13","date_gmt":"2023-02-27T08:27:49","guid":{"rendered":"https:\/\/tourtravelandmore.com\/?post_type=product&#038;p=154720"},"modified":"2024-11-20T16:33:12","modified_gmt":"2024-11-20T15:33:12","slug":"visite-privee-de-la-corogne-depuis-saint-jacques-de-compostelle","status":"publish","type":"product","link":"https:\/\/tourtravelandmore.com\/fr\/tours\/espagne-fr\/santiagodecompsotela-fr\/visite-privee-de-la-corogne-depuis-saint-jacques-de-compostelle\/","title":{"rendered":"Visite priv\u00e9e de La Corogne depuis Saint-Jacques-de-Compostelle"},"content":{"rendered":"<h2><b>Visite priv\u00e9e de La Corogne au d\u00e9part de Saint-Jacques-de-Compostelle Description<\/b><\/h2>\n<p>Explorez la superbe ville c\u00f4ti\u00e8re de La Corogne lors d&#8217;une visite priv\u00e9e au d\u00e9part de Saint-Jacques-de-Compostelle. Votre guide priv\u00e9 vous emm\u00e8nera pour une visite de 5 heures de cette belle ville, vous montrant les meilleurs sites et vous donnant une compr\u00e9hension plus profonde de son histoire et de sa culture.<\/p>\n<p>Au cours de cette visite, vous aurez l&#8217;occasion de voir certains des sites les plus embl\u00e9matiques de La Corogne, tels que la Tour d&#8217;Hercule, le plus ancien phare en activit\u00e9 au monde, et la magnifique place Maria Pita. Vous aurez \u00e9galement le temps d&#8217;explorer les charmantes rues de la vieille ville et de d\u00e9couvrir les boutiques et les caf\u00e9s locaux. Laissez nos guides experts vous montrer le meilleur de La Corogne lors de cette visite priv\u00e9e personnalis\u00e9e.<\/p>\n<h2><b>Visite priv\u00e9e de La Corogne depuis le point d&#8217;int\u00e9r\u00eat de Saint-Jacques-de-Compostelle<\/b><\/h2>\n<p>La Corogne est une ville charg\u00e9e d&#8217;histoire et de culture, et les sites fascinants \u00e0 explorer ne manquent pas. De ses belles plages et promenades pittoresques \u00e0 son ancien phare romain et \u00e0 son impressionnante Tour d&#8217;Hercule, il y en a pour tous les go\u00fbts lors de cette visite priv\u00e9e.<\/p>\n<p>Au cours de votre visite, vous d\u00e9couvrirez \u00e9galement l&#8217;atmosph\u00e8re anim\u00e9e de la ville et go\u00fbterez \u00e0 sa d\u00e9licieuse cuisine locale. Gr\u00e2ce \u00e0 la flexibilit\u00e9 d&#8217;une visite priv\u00e9e, vous pourrez personnaliser l&#8217;itin\u00e9raire en fonction de vos int\u00e9r\u00eats et passer plus de temps sur les sites qui vous captivent. Ne manquez pas l&#8217;occasion de d\u00e9couvrir tout ce que La Corogne a \u00e0 offrir lors de cette visite priv\u00e9e au d\u00e9part de Saint-Jacques-de-Compostelle avec Tour Travel and More.<\/p>\n<h3><b>Tour d&#8217;Hercule :<\/b><\/h3>\n<p>Cet ancien phare romain est l&#8217;un des sites les plus embl\u00e9matiques de La Corogne et fonctionne depuis plus de 2 000 ans. Les visiteurs peuvent grimper jusqu&#8217;au sommet pour profiter d&#8217;une vue imprenable sur la ville et la mer. Il a \u00e9t\u00e9 d\u00e9clar\u00e9 site du patrimoine mondial de l&#8217;UNESCO en 2009 et est l&#8217;un des plus anciens phares encore en activit\u00e9.<\/p>\n<h3><b>Place Maria Pita :<\/b><\/h3>\n<p>Nomm\u00e9e d&#8217;apr\u00e8s une h\u00e9ro\u00efne locale qui a d\u00e9fendu la ville contre une invasion britannique au XVIe si\u00e8cle, cette magnifique place est le c\u0153ur de la vieille ville de La Corogne. Les visiteurs peuvent admirer l&#8217;architecture \u00e9tonnante des b\u00e2timents environnants et se d\u00e9tendre dans l&#8217;un des nombreux caf\u00e9s et restaurants. La place accueille \u00e9galement un march\u00e9 hebdomadaire tr\u00e8s fr\u00e9quent\u00e9.<\/p>\n<h3><b>Jardins de San Carlos :<\/b><\/h3>\n<p>Ces magnifiques jardins offrent une vue imprenable sur la ville et abritent une grande vari\u00e9t\u00e9 de plantes et d&#8217;arbres exotiques. Les visiteurs peuvent se promener dans les jardins et se d\u00e9tendre sur l&#8217;un des nombreux bancs tout en admirant la vue \u00e0 couper le souffle sur La Corogne. Les jardins comprennent \u00e9galement une cascade \u00e9tonnante et un charmant \u00e9tang.<\/p>\n<h3><b>Promenade d&#8217;Hercule :<\/b><\/h3>\n<p>Cette magnifique promenade s&#8217;\u00e9tend le long de la c\u00f4te et offre une vue imprenable sur l&#8217;oc\u00e9an Atlantique. Les visiteurs peuvent se promener tranquillement le long de la promenade et profiter de la brise marine tout en admirant les vues magnifiques. La promenade abrite \u00e9galement plusieurs sculptures et monuments, dont une statue de Breog\u00e1n, un roi celte l\u00e9gendaire.<\/p>\n<h3><b>Aquarium de La Corogne :<\/b><\/h3>\n<p>Abritant une grande vari\u00e9t\u00e9 d&#8217;esp\u00e8ces marines de la c\u00f4te galicienne, cet aquarium est un lieu incontournable pour tous ceux qui visitent La Corogne. Les visiteurs peuvent explorer les diff\u00e9rents r\u00e9servoirs et expositions et d\u00e9couvrir la diversit\u00e9 de la vie marine qui habite la c\u00f4te galicienne. L&#8217;aquarium propose \u00e9galement une exp\u00e9rience unique de tunnel sous-marin o\u00f9 les visiteurs peuvent se promener dans un tunnel entour\u00e9 de requins et d&#8217;autres cr\u00e9atures marines.<\/p>\n<p>Pour d\u00e9couvrir d&#8217;autres circuits \u00e0 <a href=\"https:\/\/tourtravelandmore.com\/fr\/city\/espagne-fr\/santiagodecompsotela-fr\/\">Saint-Jacques-de-Compostelle, visitez le site web de Tour Travel and More.<\/a><\/p>\n","protected":false},"excerpt":{"rendered":"<p><span style=\"font-weight: 400;\">D\u00e9couvrez la beaut\u00e9 et l&#8217;histoire de La Corogne lors d&#8217;une visite priv\u00e9e au d\u00e9part de Saint-Jacques-de-Compostelle. Avec votre propre guide priv\u00e9, vous aurez l&#8217;occasion d&#8217;explorer en profondeur cette superbe ville c\u00f4ti\u00e8re, en apprenant son histoire et sa culture fascinantes en cours de route. De son ancien phare romain \u00e0 ses magnifiques plages et promenades, il y en a pour tous les go\u00fbts lors de cette visite inoubliable.<\/span><\/p>\n","protected":false},"featured_media":97147,"comment_status":"open","ping_status":"closed","template":"","meta":{"_acf_changed":false},"product_brand":[],"product_cat":[4438,5126,3589],"product_tag":[],"class_list":{"0":"post-154720","1":"product","2":"type-product","3":"status-publish","4":"has-post-thumbnail","6":"product_cat-all-private-tours-activities-fr-21","7":"product_cat-private-sightseeing-tours-fr-31","8":"product_cat-santiagodecompsotela-fr","10":"first","11":"instock","12":"shipping-taxable","13":"purchasable","14":"product-type-simple"},"acf":[],"yoast_head":"<!-- This site is optimized with the Yoast SEO Premium plugin v25.3.1 (Yoast SEO v25.3.1) - https:\/\/yoast.com\/wordpress\/plugins\/seo\/ -->\n<title>Visite priv\u00e9e de La Corogne depuis Saint-Jacques-de-Compostelle - Tour Travel and More<\/title>\n<meta name=\"description\" content=\"Explorez l&#039;\u00e9tonnante ville c\u00f4ti\u00e8re de La Corogne lors d&#039;une visite priv\u00e9e depuis Saint-Jacques-de-Compostelle\" \/>\n<meta name=\"robots\" content=\"index, follow, max-snippet:-1, max-image-preview:large, max-video-preview:-1\" \/>\n<link rel=\"canonical\" href=\"https:\/\/tourtravelandmore.com\/fr\/tours\/espagne-fr\/santiagodecompsotela-fr\/visite-privee-de-la-corogne-depuis-saint-jacques-de-compostelle\/\" \/>\n<meta property=\"og:locale\" content=\"fr_FR\" \/>\n<meta property=\"og:type\" content=\"article\" \/>\n<meta property=\"og:title\" content=\"Visite priv\u00e9e de La Corogne depuis Saint-Jacques-de-Compostelle\" \/>\n<meta property=\"og:description\" content=\"Explorez l&#039;\u00e9tonnante ville c\u00f4ti\u00e8re de La Corogne lors d&#039;une visite priv\u00e9e depuis Saint-Jacques-de-Compostelle\" \/>\n<meta property=\"og:url\" content=\"https:\/\/tourtravelandmore.com\/fr\/tours\/espagne-fr\/santiagodecompsotela-fr\/visite-privee-de-la-corogne-depuis-saint-jacques-de-compostelle\/\" \/>\n<meta property=\"og:site_name\" content=\"Tour Travel And More\" \/>\n<meta property=\"article:publisher\" content=\"https:\/\/www.facebook.com\/tourtravelandmore\/\" \/>\n<meta property=\"article:modified_time\" content=\"2024-11-20T15:33:12+00:00\" \/>\n<meta property=\"og:image\" content=\"https:\/\/tourtravelandmore.com\/wp-content\/uploads\/2020\/01\/faro-vilan-3875989_960_720-1.jpg\" \/>\n\t<meta property=\"og:image:width\" content=\"960\" \/>\n\t<meta property=\"og:image:height\" content=\"640\" \/>\n\t<meta property=\"og:image:type\" content=\"image\/jpeg\" \/>\n<meta name=\"twitter:card\" content=\"summary_large_image\" \/>\n<meta name=\"twitter:site\" content=\"@TourTravel_More\" \/>\n<meta name=\"twitter:label1\" content=\"Dur\u00e9e de lecture estim\u00e9e\" \/>\n\t<meta name=\"twitter:data1\" content=\"3 minutes\" \/>\n<script type=\"application\/ld+json\" class=\"yoast-schema-graph\">{\"@context\":\"https:\/\/schema.org\",\"@graph\":[{\"@type\":\"WebPage\",\"@id\":\"https:\/\/tourtravelandmore.com\/fr\/tours\/espagne-fr\/santiagodecompsotela-fr\/visite-privee-de-la-corogne-depuis-saint-jacques-de-compostelle\/\",\"url\":\"https:\/\/tourtravelandmore.com\/fr\/tours\/espagne-fr\/santiagodecompsotela-fr\/visite-privee-de-la-corogne-depuis-saint-jacques-de-compostelle\/\",\"name\":\"Visite priv\u00e9e de La Corogne depuis Saint-Jacques-de-Compostelle - Tour Travel and More\",\"isPartOf\":{\"@id\":\"https:\/\/tourtravelandmore.com\/fr\/#website\"},\"primaryImageOfPage\":{\"@id\":\"https:\/\/tourtravelandmore.com\/fr\/tours\/espagne-fr\/santiagodecompsotela-fr\/visite-privee-de-la-corogne-depuis-saint-jacques-de-compostelle\/#primaryimage\"},\"image\":{\"@id\":\"https:\/\/tourtravelandmore.com\/fr\/tours\/espagne-fr\/santiagodecompsotela-fr\/visite-privee-de-la-corogne-depuis-saint-jacques-de-compostelle\/#primaryimage\"},\"thumbnailUrl\":\"https:\/\/tourtravelandmore.com\/wp-content\/uploads\/2020\/01\/faro-vilan-3875989_960_720-1.jpg\",\"datePublished\":\"2023-02-27T08:27:49+00:00\",\"dateModified\":\"2024-11-20T15:33:12+00:00\",\"description\":\"Explorez l'\u00e9tonnante ville c\u00f4ti\u00e8re de La Corogne lors d'une visite priv\u00e9e depuis Saint-Jacques-de-Compostelle\",\"breadcrumb\":{\"@id\":\"https:\/\/tourtravelandmore.com\/fr\/tours\/espagne-fr\/santiagodecompsotela-fr\/visite-privee-de-la-corogne-depuis-saint-jacques-de-compostelle\/#breadcrumb\"},\"inLanguage\":\"fr-FR\",\"potentialAction\":[{\"@type\":\"ReadAction\",\"target\":[\"https:\/\/tourtravelandmore.com\/fr\/tours\/espagne-fr\/santiagodecompsotela-fr\/visite-privee-de-la-corogne-depuis-saint-jacques-de-compostelle\/\"]}]},{\"@type\":\"ImageObject\",\"inLanguage\":\"fr-FR\",\"@id\":\"https:\/\/tourtravelandmore.com\/fr\/tours\/espagne-fr\/santiagodecompsotela-fr\/visite-privee-de-la-corogne-depuis-saint-jacques-de-compostelle\/#primaryimage\",\"url\":\"https:\/\/tourtravelandmore.com\/wp-content\/uploads\/2020\/01\/faro-vilan-3875989_960_720-1.jpg\",\"contentUrl\":\"https:\/\/tourtravelandmore.com\/wp-content\/uploads\/2020\/01\/faro-vilan-3875989_960_720-1.jpg\",\"width\":960,\"height\":640},{\"@type\":\"BreadcrumbList\",\"@id\":\"https:\/\/tourtravelandmore.com\/fr\/tours\/espagne-fr\/santiagodecompsotela-fr\/visite-privee-de-la-corogne-depuis-saint-jacques-de-compostelle\/#breadcrumb\",\"itemListElement\":[{\"@type\":\"ListItem\",\"position\":1,\"name\":\"Home\",\"item\":\"https:\/\/tourtravelandmore.com\/fr\/\"},{\"@type\":\"ListItem\",\"position\":2,\"name\":\"Tours\",\"item\":\"https:\/\/tourtravelandmore.com\/fr\/tours\/\"},{\"@type\":\"ListItem\",\"position\":3,\"name\":\"Visite priv\u00e9e de La Corogne depuis Saint-Jacques-de-Compostelle\"}]},{\"@type\":\"WebSite\",\"@id\":\"https:\/\/tourtravelandmore.com\/fr\/#website\",\"url\":\"https:\/\/tourtravelandmore.com\/fr\/\",\"name\":\"Tour Travel And More\",\"description\":\"Private sightseeing tours and luxury transfers in Spain\",\"publisher\":{\"@id\":\"https:\/\/tourtravelandmore.com\/fr\/#organization\"},\"potentialAction\":[{\"@type\":\"SearchAction\",\"target\":{\"@type\":\"EntryPoint\",\"urlTemplate\":\"https:\/\/tourtravelandmore.com\/fr\/?s={search_term_string}\"},\"query-input\":{\"@type\":\"PropertyValueSpecification\",\"valueRequired\":true,\"valueName\":\"search_term_string\"}}],\"inLanguage\":\"fr-FR\"},{\"@type\":\"Organization\",\"@id\":\"https:\/\/tourtravelandmore.com\/fr\/#organization\",\"name\":\"Tour Travel And More\",\"url\":\"https:\/\/tourtravelandmore.com\/fr\/\",\"logo\":{\"@type\":\"ImageObject\",\"inLanguage\":\"fr-FR\",\"@id\":\"https:\/\/tourtravelandmore.com\/fr\/#\/schema\/logo\/image\/\",\"url\":\"https:\/\/tourtravelandmore.com\/wp-content\/uploads\/2022\/12\/cropped-logo-cabecera-new.png\",\"contentUrl\":\"https:\/\/tourtravelandmore.com\/wp-content\/uploads\/2022\/12\/cropped-logo-cabecera-new.png\",\"width\":430,\"height\":61,\"caption\":\"Tour Travel And More\"},\"image\":{\"@id\":\"https:\/\/tourtravelandmore.com\/fr\/#\/schema\/logo\/image\/\"},\"sameAs\":[\"https:\/\/www.facebook.com\/tourtravelandmore\/\",\"https:\/\/x.com\/TourTravel_More\"]}]}<\/script>\n<!-- \/ Yoast SEO Premium plugin. -->","yoast_head_json":{"title":"Visite priv\u00e9e de La Corogne depuis Saint-Jacques-de-Compostelle - Tour Travel and More","description":"Explorez l'\u00e9tonnante ville c\u00f4ti\u00e8re de La Corogne lors d'une visite priv\u00e9e depuis Saint-Jacques-de-Compostelle","robots":{"index":"index","follow":"follow","max-snippet":"max-snippet:-1","max-image-preview":"max-image-preview:large","max-video-preview":"max-video-preview:-1"},"canonical":"https:\/\/tourtravelandmore.com\/fr\/tours\/espagne-fr\/santiagodecompsotela-fr\/visite-privee-de-la-corogne-depuis-saint-jacques-de-compostelle\/","og_locale":"fr_FR","og_type":"article","og_title":"Visite priv\u00e9e de La Corogne depuis Saint-Jacques-de-Compostelle","og_description":"Explorez l'\u00e9tonnante ville c\u00f4ti\u00e8re de La Corogne lors d'une visite priv\u00e9e depuis Saint-Jacques-de-Compostelle","og_url":"https:\/\/tourtravelandmore.com\/fr\/tours\/espagne-fr\/santiagodecompsotela-fr\/visite-privee-de-la-corogne-depuis-saint-jacques-de-compostelle\/","og_site_name":"Tour Travel And More","article_publisher":"https:\/\/www.facebook.com\/tourtravelandmore\/","article_modified_time":"2024-11-20T15:33:12+00:00","og_image":[{"width":960,"height":640,"url":"https:\/\/tourtravelandmore.com\/wp-content\/uploads\/2020\/01\/faro-vilan-3875989_960_720-1.jpg","type":"image\/jpeg"}],"twitter_card":"summary_large_image","twitter_site":"@TourTravel_More","twitter_misc":{"Dur\u00e9e de lecture estim\u00e9e":"3 minutes"},"schema":{"@context":"https:\/\/schema.org","@graph":[{"@type":"WebPage","@id":"https:\/\/tourtravelandmore.com\/fr\/tours\/espagne-fr\/santiagodecompsotela-fr\/visite-privee-de-la-corogne-depuis-saint-jacques-de-compostelle\/","url":"https:\/\/tourtravelandmore.com\/fr\/tours\/espagne-fr\/santiagodecompsotela-fr\/visite-privee-de-la-corogne-depuis-saint-jacques-de-compostelle\/","name":"Visite priv\u00e9e de La Corogne depuis Saint-Jacques-de-Compostelle - Tour Travel and More","isPartOf":{"@id":"https:\/\/tourtravelandmore.com\/fr\/#website"},"primaryImageOfPage":{"@id":"https:\/\/tourtravelandmore.com\/fr\/tours\/espagne-fr\/santiagodecompsotela-fr\/visite-privee-de-la-corogne-depuis-saint-jacques-de-compostelle\/#primaryimage"},"image":{"@id":"https:\/\/tourtravelandmore.com\/fr\/tours\/espagne-fr\/santiagodecompsotela-fr\/visite-privee-de-la-corogne-depuis-saint-jacques-de-compostelle\/#primaryimage"},"thumbnailUrl":"https:\/\/tourtravelandmore.com\/wp-content\/uploads\/2020\/01\/faro-vilan-3875989_960_720-1.jpg","datePublished":"2023-02-27T08:27:49+00:00","dateModified":"2024-11-20T15:33:12+00:00","description":"Explorez l'\u00e9tonnante ville c\u00f4ti\u00e8re de La Corogne lors d'une visite priv\u00e9e depuis Saint-Jacques-de-Compostelle","breadcrumb":{"@id":"https:\/\/tourtravelandmore.com\/fr\/tours\/espagne-fr\/santiagodecompsotela-fr\/visite-privee-de-la-corogne-depuis-saint-jacques-de-compostelle\/#breadcrumb"},"inLanguage":"fr-FR","potentialAction":[{"@type":"ReadAction","target":["https:\/\/tourtravelandmore.com\/fr\/tours\/espagne-fr\/santiagodecompsotela-fr\/visite-privee-de-la-corogne-depuis-saint-jacques-de-compostelle\/"]}]},{"@type":"ImageObject","inLanguage":"fr-FR","@id":"https:\/\/tourtravelandmore.com\/fr\/tours\/espagne-fr\/santiagodecompsotela-fr\/visite-privee-de-la-corogne-depuis-saint-jacques-de-compostelle\/#primaryimage","url":"https:\/\/tourtravelandmore.com\/wp-content\/uploads\/2020\/01\/faro-vilan-3875989_960_720-1.jpg","contentUrl":"https:\/\/tourtravelandmore.com\/wp-content\/uploads\/2020\/01\/faro-vilan-3875989_960_720-1.jpg","width":960,"height":640},{"@type":"BreadcrumbList","@id":"https:\/\/tourtravelandmore.com\/fr\/tours\/espagne-fr\/santiagodecompsotela-fr\/visite-privee-de-la-corogne-depuis-saint-jacques-de-compostelle\/#breadcrumb","itemListElement":[{"@type":"ListItem","position":1,"name":"Home","item":"https:\/\/tourtravelandmore.com\/fr\/"},{"@type":"ListItem","position":2,"name":"Tours","item":"https:\/\/tourtravelandmore.com\/fr\/tours\/"},{"@type":"ListItem","position":3,"name":"Visite priv\u00e9e de La Corogne depuis Saint-Jacques-de-Compostelle"}]},{"@type":"WebSite","@id":"https:\/\/tourtravelandmore.com\/fr\/#website","url":"https:\/\/tourtravelandmore.com\/fr\/","name":"Tour Travel And More","description":"Private sightseeing tours and luxury transfers in Spain","publisher":{"@id":"https:\/\/tourtravelandmore.com\/fr\/#organization"},"potentialAction":[{"@type":"SearchAction","target":{"@type":"EntryPoint","urlTemplate":"https:\/\/tourtravelandmore.com\/fr\/?s={search_term_string}"},"query-input":{"@type":"PropertyValueSpecification","valueRequired":true,"valueName":"search_term_string"}}],"inLanguage":"fr-FR"},{"@type":"Organization","@id":"https:\/\/tourtravelandmore.com\/fr\/#organization","name":"Tour Travel And More","url":"https:\/\/tourtravelandmore.com\/fr\/","logo":{"@type":"ImageObject","inLanguage":"fr-FR","@id":"https:\/\/tourtravelandmore.com\/fr\/#\/schema\/logo\/image\/","url":"https:\/\/tourtravelandmore.com\/wp-content\/uploads\/2022\/12\/cropped-logo-cabecera-new.png","contentUrl":"https:\/\/tourtravelandmore.com\/wp-content\/uploads\/2022\/12\/cropped-logo-cabecera-new.png","width":430,"height":61,"caption":"Tour Travel And More"},"image":{"@id":"https:\/\/tourtravelandmore.com\/fr\/#\/schema\/logo\/image\/"},"sameAs":["https:\/\/www.facebook.com\/tourtravelandmore\/","https:\/\/x.com\/TourTravel_More"]}]}},"_links":{"self":[{"href":"https:\/\/tourtravelandmore.com\/fr\/wp-json\/wp\/v2\/product\/154720","targetHints":{"allow":["GET"]}}],"collection":[{"href":"https:\/\/tourtravelandmore.com\/fr\/wp-json\/wp\/v2\/product"}],"about":[{"href":"https:\/\/tourtravelandmore.com\/fr\/wp-json\/wp\/v2\/types\/product"}],"replies":[{"embeddable":true,"href":"https:\/\/tourtravelandmore.com\/fr\/wp-json\/wp\/v2\/comments?post=154720"}],"wp:featuredmedia":[{"embeddable":true,"href":"https:\/\/tourtravelandmore.com\/fr\/wp-json\/wp\/v2\/media\/97147"}],"wp:attachment":[{"href":"https:\/\/tourtravelandmore.com\/fr\/wp-json\/wp\/v2\/media?parent=154720"}],"wp:term":[{"taxonomy":"product_brand","embeddable":true,"href":"https:\/\/tourtravelandmore.com\/fr\/wp-json\/wp\/v2\/product_brand?post=154720"},{"taxonomy":"product_cat","embeddable":true,"href":"https:\/\/tourtravelandmore.com\/fr\/wp-json\/wp\/v2\/product_cat?post=154720"},{"taxonomy":"product_tag","embeddable":true,"href":"https:\/\/tourtravelandmore.com\/fr\/wp-json\/wp\/v2\/product_tag?post=154720"}],"curies":[{"name":"wp","href":"https:\/\/api.w.org\/{rel}","templated":true}]}}