{"id":154456,"date":"2023-02-24T19:53:24","date_gmt":"2023-02-24T18:53:29","guid":{"rendered":"https:\/\/tourtravelandmore.com\/?post_type=product&#038;p=154456"},"modified":"2024-08-06T17:15:35","modified_gmt":"2024-08-06T15:15:35","slug":"visite-privee-de-la-tour-eiffel","status":"publish","type":"product","link":"https:\/\/tourtravelandmore.com\/fr\/tours\/france-fr\/paris-fr\/best-sellers\/visite-privee-de-la-tour-eiffel\/","title":{"rendered":"Visite priv\u00e9e de la Tour Eiffel"},"content":{"rendered":"<h2>Description<\/h2>\n<p>Profitez au maximum de votre visite de la ville lumi\u00e8re et profitez d&#8217;une <strong>Visite priv\u00e9e de la Tour Eiffel<\/strong>\u00a0avec nous. D\u00e9couvrez l&#8217;une des plus belles villes <strong>d&#8217;Europe<\/strong> avec un expert local. La visite est faite sur mesure et adaptable \u00e0 vos int\u00e9r\u00eats personnels.<\/p>\n<p>Tout d&#8217;abord, nous vous rencontrerons \u00e0 la Tour Eiffel \u00e0 Paris. Ensuite, notre guide officiel sera pr\u00eat \u00e0 vous montrer les plus beaux sites de cette merveilleuse ville. Notre proposition pour cette visite a une dur\u00e9e de 2 heures, mais la dur\u00e9e de la visite peut \u00eatre arrang\u00e9e selon vos d\u00e9sirs. Si vous pr\u00e9f\u00e9rez une visite plus longue, vous pouvez consulter notre visite priv\u00e9e d&#8217;une journ\u00e9e enti\u00e8re.<\/p>\n<p>Toutes nos visites sont priv\u00e9es et personnalisables selon les int\u00e9r\u00eats de nos clients. Nos experts en voyages vous aideront \u00e0 organiser une exp\u00e9rience unique et sur mesure. L&#8217;ensemble de la visite sera organis\u00e9 selon vos d\u00e9sirs personnels.<\/p>\n<h2>Sites d&#8217;int\u00e9r\u00eat et monuments<\/h2>\n<p>Paris est l&#8217;une des villes les plus influentes du monde. Non seulement pour son architecture, ses mus\u00e9es et ses palais, mais aussi pour sa culture, sa gastronomie et son art. L&#8217;objectif de cette visite priv\u00e9e est de vous aider \u00e0 d\u00e9couvrir les secrets de la ville gr\u00e2ce au contexte culturel, historique et artistique fourni par votre guide officiel.<\/p>\n<p>La Tour Eiffel, initialement appel\u00e9e Tour de 300 m\u00e8tres, est une structure en fer puddl\u00e9 initialement con\u00e7ue par les ing\u00e9nieurs civils Maurice Koechlin et \u00c9mile Nouguier et construite, apr\u00e8s un remaniement esth\u00e9tique par Stephen Sauvestre, par l&#8217;ing\u00e9nieur civil fran\u00e7ais Gustave Eiffel et ses collaborateurs pour l&#8217;Exposition universelle de 1889 \u00e0 Paris.<\/p>\n<p>La visite se terminera \u00e0 la Tour Eiffel.<\/p>\n<p>Comme indiqu\u00e9 ci-dessus, il s&#8217;agit d&#8217;une exp\u00e9rience priv\u00e9e et sur mesure. Nos experts en voyage vous aideront \u00e0 organiser votre visite priv\u00e9e de Paris en fonction de vos go\u00fbts personnels. Nous ferons de notre mieux pour vous aider \u00e0 vivre une exp\u00e9rience inoubliable lors de votre visite dans la merveilleuse ville de Paris.<\/p>\n<p>Si vous souhaitez visiter un monument ou un mus\u00e9e, nous pouvons organiser les billets pour vous. Veuillez nous en informer \u00e0 l&#8217;avance, et nous organiserons vos billets sans frais suppl\u00e9mentaires.<\/p>\n<p>Il s&#8217;agit d&#8217;une exp\u00e9rience sur mesure. L&#8217;heure de d\u00e9part, la dur\u00e9e et l&#8217;itin\u00e9raire sont enti\u00e8rement adaptables \u00e0 vos d\u00e9sirs personnels.<\/p>\n","protected":false},"excerpt":{"rendered":"<p>D\u00e9couvrez la merveilleuse ville de Paris lors d&#8217;une visite priv\u00e9e! En compagnie de votre guide officiel priv\u00e9 et \u00e0 l&#8217;aise dans votre v\u00e9hicule priv\u00e9, vous d\u00e9couvrirez les endroits les plus embl\u00e9matiques et les plus beaux de Paris. Laissez votre guide vous \u00e9clairer avec l&#8217;histoire et les secrets de Paris.<\/p>\n","protected":false},"featured_media":174947,"comment_status":"open","ping_status":"closed","template":"","meta":{"_acf_changed":false},"product_brand":[],"product_cat":[3542,4202,4203,4288],"product_tag":[],"class_list":{"0":"post-154456","1":"product","2":"type-product","3":"status-publish","4":"has-post-thumbnail","6":"product_cat-paris-fr","7":"product_cat-best-sellers","8":"product_cat-all-private-tours-and-activities-fr-100","9":"product_cat-private-sightseeing-tours-fr-7-paris-fr","11":"first","12":"instock","13":"shipping-taxable","14":"purchasable","15":"product-type-simple"},"acf":[],"yoast_head":"<!-- This site is optimized with the Yoast SEO Premium plugin v25.3.1 (Yoast SEO v25.3.1) - https:\/\/yoast.com\/wordpress\/plugins\/seo\/ -->\n<title>Visite priv\u00e9e de la Tour Eiffel | Tour Travel &amp; More<\/title>\n<meta name=\"description\" content=\"D\u00e9couvrez la merveilleuse ville de Paris avec votre guide officiel priv\u00e9 et confortable dans votre v\u00e9hicule priv\u00e9. Laissez votre guide vous \u00e9clairer!\" \/>\n<meta name=\"robots\" content=\"index, follow, max-snippet:-1, max-image-preview:large, max-video-preview:-1\" \/>\n<link rel=\"canonical\" href=\"https:\/\/tourtravelandmore.com\/fr\/tours\/france-fr\/paris-fr\/best-sellers\/visite-privee-de-la-tour-eiffel\/\" \/>\n<meta property=\"og:locale\" content=\"fr_FR\" \/>\n<meta property=\"og:type\" content=\"article\" \/>\n<meta property=\"og:title\" content=\"Visite priv\u00e9e de la Tour Eiffel\" \/>\n<meta property=\"og:description\" content=\"D\u00e9couvrez la merveilleuse ville de Paris avec votre guide officiel priv\u00e9 et confortable dans votre v\u00e9hicule priv\u00e9. Laissez votre guide vous \u00e9clairer!\" \/>\n<meta property=\"og:url\" content=\"https:\/\/tourtravelandmore.com\/fr\/tours\/france-fr\/paris-fr\/best-sellers\/visite-privee-de-la-tour-eiffel\/\" \/>\n<meta property=\"og:site_name\" content=\"Tour Travel And More\" \/>\n<meta property=\"article:publisher\" content=\"https:\/\/www.facebook.com\/tourtravelandmore\/\" \/>\n<meta property=\"article:modified_time\" content=\"2024-08-06T15:15:35+00:00\" \/>\n<meta property=\"og:image\" content=\"https:\/\/tourtravelandmore.com\/wp-content\/uploads\/2023\/02\/pexels-chaitaastic-1796716.jpg\" \/>\n\t<meta property=\"og:image:width\" content=\"1280\" \/>\n\t<meta property=\"og:image:height\" content=\"720\" \/>\n\t<meta property=\"og:image:type\" content=\"image\/jpeg\" \/>\n<meta name=\"twitter:card\" content=\"summary_large_image\" \/>\n<meta name=\"twitter:site\" content=\"@TourTravel_More\" \/>\n<meta name=\"twitter:label1\" content=\"Dur\u00e9e de lecture estim\u00e9e\" \/>\n\t<meta name=\"twitter:data1\" content=\"2 minutes\" \/>\n<script type=\"application\/ld+json\" class=\"yoast-schema-graph\">{\"@context\":\"https:\/\/schema.org\",\"@graph\":[{\"@type\":\"WebPage\",\"@id\":\"https:\/\/tourtravelandmore.com\/fr\/tours\/france-fr\/paris-fr\/best-sellers\/visite-privee-de-la-tour-eiffel\/\",\"url\":\"https:\/\/tourtravelandmore.com\/fr\/tours\/france-fr\/paris-fr\/best-sellers\/visite-privee-de-la-tour-eiffel\/\",\"name\":\"Visite priv\u00e9e de la Tour Eiffel | Tour Travel & More\",\"isPartOf\":{\"@id\":\"https:\/\/tourtravelandmore.com\/fr\/#website\"},\"primaryImageOfPage\":{\"@id\":\"https:\/\/tourtravelandmore.com\/fr\/tours\/france-fr\/paris-fr\/best-sellers\/visite-privee-de-la-tour-eiffel\/#primaryimage\"},\"image\":{\"@id\":\"https:\/\/tourtravelandmore.com\/fr\/tours\/france-fr\/paris-fr\/best-sellers\/visite-privee-de-la-tour-eiffel\/#primaryimage\"},\"thumbnailUrl\":\"https:\/\/tourtravelandmore.com\/wp-content\/uploads\/2023\/02\/pexels-chaitaastic-1796716.jpg\",\"datePublished\":\"2023-02-24T18:53:29+00:00\",\"dateModified\":\"2024-08-06T15:15:35+00:00\",\"description\":\"D\u00e9couvrez la merveilleuse ville de Paris avec votre guide officiel priv\u00e9 et confortable dans votre v\u00e9hicule priv\u00e9. Laissez votre guide vous \u00e9clairer!\",\"breadcrumb\":{\"@id\":\"https:\/\/tourtravelandmore.com\/fr\/tours\/france-fr\/paris-fr\/best-sellers\/visite-privee-de-la-tour-eiffel\/#breadcrumb\"},\"inLanguage\":\"fr-FR\",\"potentialAction\":[{\"@type\":\"ReadAction\",\"target\":[\"https:\/\/tourtravelandmore.com\/fr\/tours\/france-fr\/paris-fr\/best-sellers\/visite-privee-de-la-tour-eiffel\/\"]}]},{\"@type\":\"ImageObject\",\"inLanguage\":\"fr-FR\",\"@id\":\"https:\/\/tourtravelandmore.com\/fr\/tours\/france-fr\/paris-fr\/best-sellers\/visite-privee-de-la-tour-eiffel\/#primaryimage\",\"url\":\"https:\/\/tourtravelandmore.com\/wp-content\/uploads\/2023\/02\/pexels-chaitaastic-1796716.jpg\",\"contentUrl\":\"https:\/\/tourtravelandmore.com\/wp-content\/uploads\/2023\/02\/pexels-chaitaastic-1796716.jpg\",\"width\":1280,\"height\":720},{\"@type\":\"BreadcrumbList\",\"@id\":\"https:\/\/tourtravelandmore.com\/fr\/tours\/france-fr\/paris-fr\/best-sellers\/visite-privee-de-la-tour-eiffel\/#breadcrumb\",\"itemListElement\":[{\"@type\":\"ListItem\",\"position\":1,\"name\":\"Home\",\"item\":\"https:\/\/tourtravelandmore.com\/fr\/\"},{\"@type\":\"ListItem\",\"position\":2,\"name\":\"Tours\",\"item\":\"https:\/\/tourtravelandmore.com\/fr\/tours\/\"},{\"@type\":\"ListItem\",\"position\":3,\"name\":\"Visite priv\u00e9e de la Tour Eiffel\"}]},{\"@type\":\"WebSite\",\"@id\":\"https:\/\/tourtravelandmore.com\/fr\/#website\",\"url\":\"https:\/\/tourtravelandmore.com\/fr\/\",\"name\":\"Tour Travel And More\",\"description\":\"Private sightseeing tours and luxury transfers in Spain\",\"publisher\":{\"@id\":\"https:\/\/tourtravelandmore.com\/fr\/#organization\"},\"potentialAction\":[{\"@type\":\"SearchAction\",\"target\":{\"@type\":\"EntryPoint\",\"urlTemplate\":\"https:\/\/tourtravelandmore.com\/fr\/?s={search_term_string}\"},\"query-input\":{\"@type\":\"PropertyValueSpecification\",\"valueRequired\":true,\"valueName\":\"search_term_string\"}}],\"inLanguage\":\"fr-FR\"},{\"@type\":\"Organization\",\"@id\":\"https:\/\/tourtravelandmore.com\/fr\/#organization\",\"name\":\"Tour Travel And More\",\"url\":\"https:\/\/tourtravelandmore.com\/fr\/\",\"logo\":{\"@type\":\"ImageObject\",\"inLanguage\":\"fr-FR\",\"@id\":\"https:\/\/tourtravelandmore.com\/fr\/#\/schema\/logo\/image\/\",\"url\":\"https:\/\/tourtravelandmore.com\/wp-content\/uploads\/2022\/12\/cropped-logo-cabecera-new.png\",\"contentUrl\":\"https:\/\/tourtravelandmore.com\/wp-content\/uploads\/2022\/12\/cropped-logo-cabecera-new.png\",\"width\":430,\"height\":61,\"caption\":\"Tour Travel And More\"},\"image\":{\"@id\":\"https:\/\/tourtravelandmore.com\/fr\/#\/schema\/logo\/image\/\"},\"sameAs\":[\"https:\/\/www.facebook.com\/tourtravelandmore\/\",\"https:\/\/x.com\/TourTravel_More\"]}]}<\/script>\n<!-- \/ Yoast SEO Premium plugin. -->","yoast_head_json":{"title":"Visite priv\u00e9e de la Tour Eiffel | Tour Travel & More","description":"D\u00e9couvrez la merveilleuse ville de Paris avec votre guide officiel priv\u00e9 et confortable dans votre v\u00e9hicule priv\u00e9. Laissez votre guide vous \u00e9clairer!","robots":{"index":"index","follow":"follow","max-snippet":"max-snippet:-1","max-image-preview":"max-image-preview:large","max-video-preview":"max-video-preview:-1"},"canonical":"https:\/\/tourtravelandmore.com\/fr\/tours\/france-fr\/paris-fr\/best-sellers\/visite-privee-de-la-tour-eiffel\/","og_locale":"fr_FR","og_type":"article","og_title":"Visite priv\u00e9e de la Tour Eiffel","og_description":"D\u00e9couvrez la merveilleuse ville de Paris avec votre guide officiel priv\u00e9 et confortable dans votre v\u00e9hicule priv\u00e9. Laissez votre guide vous \u00e9clairer!","og_url":"https:\/\/tourtravelandmore.com\/fr\/tours\/france-fr\/paris-fr\/best-sellers\/visite-privee-de-la-tour-eiffel\/","og_site_name":"Tour Travel And More","article_publisher":"https:\/\/www.facebook.com\/tourtravelandmore\/","article_modified_time":"2024-08-06T15:15:35+00:00","og_image":[{"width":1280,"height":720,"url":"https:\/\/tourtravelandmore.com\/wp-content\/uploads\/2023\/02\/pexels-chaitaastic-1796716.jpg","type":"image\/jpeg"}],"twitter_card":"summary_large_image","twitter_site":"@TourTravel_More","twitter_misc":{"Dur\u00e9e de lecture estim\u00e9e":"2 minutes"},"schema":{"@context":"https:\/\/schema.org","@graph":[{"@type":"WebPage","@id":"https:\/\/tourtravelandmore.com\/fr\/tours\/france-fr\/paris-fr\/best-sellers\/visite-privee-de-la-tour-eiffel\/","url":"https:\/\/tourtravelandmore.com\/fr\/tours\/france-fr\/paris-fr\/best-sellers\/visite-privee-de-la-tour-eiffel\/","name":"Visite priv\u00e9e de la Tour Eiffel | Tour Travel & More","isPartOf":{"@id":"https:\/\/tourtravelandmore.com\/fr\/#website"},"primaryImageOfPage":{"@id":"https:\/\/tourtravelandmore.com\/fr\/tours\/france-fr\/paris-fr\/best-sellers\/visite-privee-de-la-tour-eiffel\/#primaryimage"},"image":{"@id":"https:\/\/tourtravelandmore.com\/fr\/tours\/france-fr\/paris-fr\/best-sellers\/visite-privee-de-la-tour-eiffel\/#primaryimage"},"thumbnailUrl":"https:\/\/tourtravelandmore.com\/wp-content\/uploads\/2023\/02\/pexels-chaitaastic-1796716.jpg","datePublished":"2023-02-24T18:53:29+00:00","dateModified":"2024-08-06T15:15:35+00:00","description":"D\u00e9couvrez la merveilleuse ville de Paris avec votre guide officiel priv\u00e9 et confortable dans votre v\u00e9hicule priv\u00e9. Laissez votre guide vous \u00e9clairer!","breadcrumb":{"@id":"https:\/\/tourtravelandmore.com\/fr\/tours\/france-fr\/paris-fr\/best-sellers\/visite-privee-de-la-tour-eiffel\/#breadcrumb"},"inLanguage":"fr-FR","potentialAction":[{"@type":"ReadAction","target":["https:\/\/tourtravelandmore.com\/fr\/tours\/france-fr\/paris-fr\/best-sellers\/visite-privee-de-la-tour-eiffel\/"]}]},{"@type":"ImageObject","inLanguage":"fr-FR","@id":"https:\/\/tourtravelandmore.com\/fr\/tours\/france-fr\/paris-fr\/best-sellers\/visite-privee-de-la-tour-eiffel\/#primaryimage","url":"https:\/\/tourtravelandmore.com\/wp-content\/uploads\/2023\/02\/pexels-chaitaastic-1796716.jpg","contentUrl":"https:\/\/tourtravelandmore.com\/wp-content\/uploads\/2023\/02\/pexels-chaitaastic-1796716.jpg","width":1280,"height":720},{"@type":"BreadcrumbList","@id":"https:\/\/tourtravelandmore.com\/fr\/tours\/france-fr\/paris-fr\/best-sellers\/visite-privee-de-la-tour-eiffel\/#breadcrumb","itemListElement":[{"@type":"ListItem","position":1,"name":"Home","item":"https:\/\/tourtravelandmore.com\/fr\/"},{"@type":"ListItem","position":2,"name":"Tours","item":"https:\/\/tourtravelandmore.com\/fr\/tours\/"},{"@type":"ListItem","position":3,"name":"Visite priv\u00e9e de la Tour Eiffel"}]},{"@type":"WebSite","@id":"https:\/\/tourtravelandmore.com\/fr\/#website","url":"https:\/\/tourtravelandmore.com\/fr\/","name":"Tour Travel And More","description":"Private sightseeing tours and luxury transfers in Spain","publisher":{"@id":"https:\/\/tourtravelandmore.com\/fr\/#organization"},"potentialAction":[{"@type":"SearchAction","target":{"@type":"EntryPoint","urlTemplate":"https:\/\/tourtravelandmore.com\/fr\/?s={search_term_string}"},"query-input":{"@type":"PropertyValueSpecification","valueRequired":true,"valueName":"search_term_string"}}],"inLanguage":"fr-FR"},{"@type":"Organization","@id":"https:\/\/tourtravelandmore.com\/fr\/#organization","name":"Tour Travel And More","url":"https:\/\/tourtravelandmore.com\/fr\/","logo":{"@type":"ImageObject","inLanguage":"fr-FR","@id":"https:\/\/tourtravelandmore.com\/fr\/#\/schema\/logo\/image\/","url":"https:\/\/tourtravelandmore.com\/wp-content\/uploads\/2022\/12\/cropped-logo-cabecera-new.png","contentUrl":"https:\/\/tourtravelandmore.com\/wp-content\/uploads\/2022\/12\/cropped-logo-cabecera-new.png","width":430,"height":61,"caption":"Tour Travel And More"},"image":{"@id":"https:\/\/tourtravelandmore.com\/fr\/#\/schema\/logo\/image\/"},"sameAs":["https:\/\/www.facebook.com\/tourtravelandmore\/","https:\/\/x.com\/TourTravel_More"]}]}},"_links":{"self":[{"href":"https:\/\/tourtravelandmore.com\/fr\/wp-json\/wp\/v2\/product\/154456","targetHints":{"allow":["GET"]}}],"collection":[{"href":"https:\/\/tourtravelandmore.com\/fr\/wp-json\/wp\/v2\/product"}],"about":[{"href":"https:\/\/tourtravelandmore.com\/fr\/wp-json\/wp\/v2\/types\/product"}],"replies":[{"embeddable":true,"href":"https:\/\/tourtravelandmore.com\/fr\/wp-json\/wp\/v2\/comments?post=154456"}],"wp:featuredmedia":[{"embeddable":true,"href":"https:\/\/tourtravelandmore.com\/fr\/wp-json\/wp\/v2\/media\/174947"}],"wp:attachment":[{"href":"https:\/\/tourtravelandmore.com\/fr\/wp-json\/wp\/v2\/media?parent=154456"}],"wp:term":[{"taxonomy":"product_brand","embeddable":true,"href":"https:\/\/tourtravelandmore.com\/fr\/wp-json\/wp\/v2\/product_brand?post=154456"},{"taxonomy":"product_cat","embeddable":true,"href":"https:\/\/tourtravelandmore.com\/fr\/wp-json\/wp\/v2\/product_cat?post=154456"},{"taxonomy":"product_tag","embeddable":true,"href":"https:\/\/tourtravelandmore.com\/fr\/wp-json\/wp\/v2\/product_tag?post=154456"}],"curies":[{"name":"wp","href":"https:\/\/api.w.org\/{rel}","templated":true}]}}