{"id":154414,"date":"2023-02-24T18:47:17","date_gmt":"2023-02-24T17:47:23","guid":{"rendered":"https:\/\/tourtravelandmore.com\/?post_type=product&#038;p=154414"},"modified":"2025-04-21T17:20:00","modified_gmt":"2025-04-21T15:20:00","slug":"visite-privee-de-reims-et-des-meilleurs-vignobles-de-champagne-au-depart-de-paris","status":"publish","type":"product","link":"https:\/\/tourtravelandmore.com\/fr\/tours\/france-fr\/reims-fr\/toutes-les-visites-et-activites-privees-reims-fr\/visite-privee-de-reims-et-des-meilleurs-vignobles-de-champagne-au-depart-de-paris\/","title":{"rendered":"Visite priv\u00e9e de Reims et des meilleurs vignobles de Champagne au d\u00e9part de Paris"},"content":{"rendered":"<h2><b>Description<\/b><\/h2>\n<p>Votre <b>chauffeur priv\u00e9 <\/b>viendra vous chercher \u00e0 l&#8217;endroit que vous aurez indiqu\u00e9 \u00e0 Paris pour commencer cette <b>visite priv\u00e9e de Reims et des meilleurs vignobles de champagne au d\u00e9part de Paris<\/b> dans une voiture confortable, jusqu&#8217;\u00e0 ce que vous arriviez dans le d\u00e9partement de la Marne, situ\u00e9 \u00e0 environ 120 km de la capitale fran\u00e7aise.<\/p>\n<p><b>Reims<\/b> est une ville de la r\u00e9gion historique de Champagne-Ardenne, dans le nord-est de la France. Elle est la capitale officieuse de la r\u00e9gion viticole de Champagne, et de nombreuses maisons de champagne r\u00e9put\u00e9es y sont install\u00e9es et proposent des d\u00e9gustations et des visites de caves. L&#8217;arc de triomphe de la Porte de Mars, datant du IIIe si\u00e8cle, marque la p\u00e9riode de domination romaine sur la ville. Pendant plus de 1 000 ans, les rois de France ont \u00e9t\u00e9 couronn\u00e9s dans sa cath\u00e9drale Notre-Dame.<\/p>\n<p>La r\u00e9gion Grand Est, anciennement connue sous le nom de Champagne, abrite les vignobles et les caves de champagne les plus c\u00e9l\u00e8bres au monde.<\/p>\n<p>Vous visiterez \u00e0 votre guise les caves embl\u00e9matiques de Mo\u00ebt, Taittinger, Veuve Clicquot, Ruinart, Lanson ou Vranken-Pommery, car vous pourrez choisir entre l&#8217;une de ces c\u00e9l\u00e8bres maisons de champagne.<\/p>\n<p>Ce sera une exp\u00e9rience inoubliable de 10 heures au cours de laquelle vous d\u00e9couvrirez l&#8217;histoire et tous les secrets du champagne.<\/p>\n<p>Et pour couronner le tout, la visite de la Champagnerie se terminera par une d\u00e9gustation de vin, o\u00f9 vous pourrez d\u00e9guster une coupe de champagne rien que pour vous.<\/p>\n<p>Nous vous ram\u00e8nerons ensuite \u00e0 <a href=\"https:\/\/es.wikipedia.org\/wiki\/Par%C3%ADs\"><b>Paris<\/b><\/a><b> <\/b>et vous d\u00e9poserons \u00e0 l&#8217;endroit de votre choix.<\/p>\n<h2><b>Points forts de la visite priv\u00e9e \u00e0 Reims et dans les meilleurs domaines viticoles de Champagne au d\u00e9part de Paris<\/b><\/h2>\n<p>Des millions de personnes visitent la route du champagne chaque ann\u00e9e. Lors de notre visite priv\u00e9e des meilleurs domaines viticoles de Champagne, vous voyagerez dans une voiture confortable pour d\u00e9couvrir la campagne fran\u00e7aise.<\/p>\n<p>Vous d\u00e9couvrirez \u00e9galement le processus de fabrication de cette boisson embl\u00e9matique et la raison pour laquelle elle est si sp\u00e9ciale.<\/p>\n<p>Vous pourrez choisir parmi certains des domaines viticoles les plus renomm\u00e9s au monde. Visitez deux domaines viticoles, o\u00f9 vous aurez le plaisir de d\u00e9guster leur merveilleux champagne :<\/p>\n<h4><b>Lanson<\/b><\/h4>\n<p>Lorsque l&#8217;on parle de champagne, il est impossible de ne pas mentionner la cave Lanson. Il s&#8217;agit de l&#8217;une des plus anciennes maisons de production de vin mousseux, qui s&#8217;est notamment fait conna\u00eetre pour \u00eatre la boisson pr\u00e9f\u00e9r\u00e9e de la reine Victoria.<\/p>\n<p>Cette maison a \u00e9t\u00e9 fond\u00e9e en 1760 par Fran\u00e7ois Delamotte. Elle appartient aujourd&#8217;hui au groupe BCC et compte parmi son personnel des vignerons de renomm\u00e9e mondiale.<\/p>\n<h4><b>Mo\u00ebt &amp; Chandon<\/b><\/h4>\n<p>Fond\u00e9e en 1743, la maison Mo\u00ebt &amp; Chandon est l&#8217;un des champagnes les plus vendus au monde. C&#8217;est l&#8217;une des marques qui poss\u00e8de sa propre appellation d&#8217;origine.<\/p>\n<h4><b>Vranken-Pommery<\/b><\/h4>\n<p>\u00c0 ses d\u00e9buts, cette maison renomm\u00e9e ne produisait que du vin rouge. Cependant, en 1885, elle s&#8217;est lanc\u00e9e sur le march\u00e9 pour conqu\u00e9rir d&#8217;autres tendances. C&#8217;est ainsi qu&#8217;est n\u00e9 son majestueux champagne.<\/p>\n<p>En effet, ils sont les cr\u00e9ateurs du tout premier Champagne Brut, plus l\u00e9ger que ses homologues sucr\u00e9s.<\/p>\n<p>Outre ces caves que nous avons d\u00e9j\u00e0 mentionn\u00e9es, vous avez \u00e9galement la possibilit\u00e9 de choisir parmi :<\/p>\n<h4><b>Taittinger<\/b><\/h4>\n<p>Cette maison se distingue par le fait qu&#8217;elle poss\u00e8de ses propres hectares de vignobles. Son champagne contient 45 % de Chardonnay en moins et les propri\u00e9taires v\u00e9rifient parcelle par parcelle que les fruits sont \u00e0 leur point optimal avant chaque r\u00e9colte.<\/p>\n<p>Tous leurs vins sont vieillis pendant au moins 5 ans, ce qui conf\u00e8re un caract\u00e8re unique \u00e0 leurs boissons.<\/p>\n<h4><b>Veuve Clicquot<\/b><\/h4>\n<p>Il s&#8217;agit d&#8217;une maison avec plus de deux si\u00e8cles de tradition. En la visitant, vous vivrez une exp\u00e9rience \u0153notouristique authentique, car dans ses caves, vous d\u00e9couvrirez les techniques et les outils utilis\u00e9s pour \u00e9laborer son magnifique vin mousseux.<\/p>\n<h4><b>Ruinart<\/b><\/h4>\n<p>Il s&#8217;agit d&#8217;une marque de luxe qui produit des vins d&#8217;une grande complexit\u00e9 et qui soigne les moindres d\u00e9tails. En effet, ses boissons sont les pr\u00e9f\u00e9r\u00e9es des palais les plus exigeants.<\/p>\n<p>En visitant cette maison de vin, vous d\u00e9couvrirez leurs techniques de vinification, leurs vignobles et d\u00e9gusterez certaines de leurs boissons.<\/p>\n<p>Vous vivrez une exp\u00e9rience inoubliable et relaxante, loin du stress de la ville. Vous explorerez \u00e9galement les r\u00e9seaux de m\u00e9tro utilis\u00e9s pour le vieillissement des boissons, et \u00e0 chacun des arr\u00eats que nous ferons dans les caves, vous d\u00e9gusterez le meilleur vin mousseux de Reims.<\/p>\n<p>Nous vous recommandons de pr\u00e9voir un peu de temps dans votre itin\u00e9raire pour inclure une <a href=\"https:\/\/tourtravelandmore.com\/fr\/city\/france-fr\/paris-fr\/\">visite guid\u00e9e \u00e0 pied de Reims<\/a>, car vous serez ainsi en contact direct avec l&#8217;architecture, les monuments et l&#8217;histoire qui entourent cette ville embl\u00e9matique.<\/p>\n","protected":false},"excerpt":{"rendered":"<p>Votre chauffeur priv\u00e9 viendra vous chercher \u00e0 l&#8217;endroit que vous aurez indiqu\u00e9 \u00e0 Paris pour commencer cette visite priv\u00e9e de Reims et des meilleurs vignobles de Champagne depuis Paris dans une voiture confortable, jusqu&#8217;\u00e0 ce que vous atteigniez le d\u00e9partement de la Marne, situ\u00e9 \u00e0 environ 120 km de la capitale fran\u00e7aise.<\/p>\n","protected":false},"featured_media":154429,"comment_status":"open","ping_status":"closed","template":"","meta":{"_acf_changed":false},"product_brand":[],"product_cat":[3616,4044,3542,4202,4203,4204],"product_tag":[],"class_list":{"0":"post-154414","1":"product","2":"type-product","3":"status-publish","4":"has-post-thumbnail","6":"product_cat-reims-fr","7":"product_cat-toutes-les-visites-et-activites-privees-reims-fr","8":"product_cat-paris-fr","9":"product_cat-best-sellers","10":"product_cat-all-private-tours-and-activities-fr-100","11":"product_cat-private-day-trips-fr-3","13":"first","14":"instock","15":"shipping-taxable","16":"purchasable","17":"product-type-simple"},"acf":[],"yoast_head":"<!-- This site is optimized with the Yoast SEO Premium plugin v25.3.1 (Yoast SEO v25.3.1) - https:\/\/yoast.com\/wordpress\/plugins\/seo\/ -->\n<title>\u27a1\ufe0f Visite priv\u00e9e des meilleurs vignobles de Champagne au d\u00e9part de Paris | TTM<\/title>\n<meta name=\"description\" content=\"Visitez les r\u00e9gions de champagne les plus connues en France et dans le monde lors d&#039;une visite priv\u00e9e des meilleurs vignobles de champagne au d\u00e9part de Paris \u2705.\" \/>\n<meta name=\"robots\" content=\"index, follow, max-snippet:-1, max-image-preview:large, max-video-preview:-1\" \/>\n<link rel=\"canonical\" href=\"https:\/\/tourtravelandmore.com\/fr\/tours\/france-fr\/reims-fr\/toutes-les-visites-et-activites-privees-reims-fr\/visite-privee-de-reims-et-des-meilleurs-vignobles-de-champagne-au-depart-de-paris\/\" \/>\n<meta property=\"og:locale\" content=\"fr_FR\" \/>\n<meta property=\"og:type\" content=\"article\" \/>\n<meta property=\"og:title\" content=\"Visite priv\u00e9e de Reims et des meilleurs vignobles de Champagne au d\u00e9part de Paris\" \/>\n<meta property=\"og:description\" content=\"Visitez les r\u00e9gions de champagne les plus connues en France et dans le monde lors d&#039;une visite priv\u00e9e des meilleurs vignobles de champagne au d\u00e9part de Paris \u2705.\" \/>\n<meta property=\"og:url\" content=\"https:\/\/tourtravelandmore.com\/fr\/tours\/france-fr\/reims-fr\/toutes-les-visites-et-activites-privees-reims-fr\/visite-privee-de-reims-et-des-meilleurs-vignobles-de-champagne-au-depart-de-paris\/\" \/>\n<meta property=\"og:site_name\" content=\"Tour Travel And More\" \/>\n<meta property=\"article:publisher\" content=\"https:\/\/www.facebook.com\/tourtravelandmore\/\" \/>\n<meta property=\"article:modified_time\" content=\"2025-04-21T15:20:00+00:00\" \/>\n<meta property=\"og:image\" content=\"https:\/\/tourtravelandmore.com\/wp-content\/uploads\/2023\/02\/pexels-edoardo-colombo-13802999-scaled.jpg\" \/>\n\t<meta property=\"og:image:width\" content=\"2560\" \/>\n\t<meta property=\"og:image:height\" content=\"1440\" \/>\n\t<meta property=\"og:image:type\" content=\"image\/jpeg\" \/>\n<meta name=\"twitter:card\" content=\"summary_large_image\" \/>\n<meta name=\"twitter:site\" content=\"@TourTravel_More\" \/>\n<meta name=\"twitter:label1\" content=\"Dur\u00e9e de lecture estim\u00e9e\" \/>\n\t<meta name=\"twitter:data1\" content=\"4 minutes\" \/>\n<script type=\"application\/ld+json\" class=\"yoast-schema-graph\">{\"@context\":\"https:\/\/schema.org\",\"@graph\":[{\"@type\":\"WebPage\",\"@id\":\"https:\/\/tourtravelandmore.com\/fr\/tours\/france-fr\/reims-fr\/toutes-les-visites-et-activites-privees-reims-fr\/visite-privee-de-reims-et-des-meilleurs-vignobles-de-champagne-au-depart-de-paris\/\",\"url\":\"https:\/\/tourtravelandmore.com\/fr\/tours\/france-fr\/reims-fr\/toutes-les-visites-et-activites-privees-reims-fr\/visite-privee-de-reims-et-des-meilleurs-vignobles-de-champagne-au-depart-de-paris\/\",\"name\":\"\u27a1\ufe0f Visite priv\u00e9e des meilleurs vignobles de Champagne au d\u00e9part de Paris | TTM\",\"isPartOf\":{\"@id\":\"https:\/\/tourtravelandmore.com\/fr\/#website\"},\"primaryImageOfPage\":{\"@id\":\"https:\/\/tourtravelandmore.com\/fr\/tours\/france-fr\/reims-fr\/toutes-les-visites-et-activites-privees-reims-fr\/visite-privee-de-reims-et-des-meilleurs-vignobles-de-champagne-au-depart-de-paris\/#primaryimage\"},\"image\":{\"@id\":\"https:\/\/tourtravelandmore.com\/fr\/tours\/france-fr\/reims-fr\/toutes-les-visites-et-activites-privees-reims-fr\/visite-privee-de-reims-et-des-meilleurs-vignobles-de-champagne-au-depart-de-paris\/#primaryimage\"},\"thumbnailUrl\":\"https:\/\/tourtravelandmore.com\/wp-content\/uploads\/2023\/02\/pexels-edoardo-colombo-13802999-scaled.jpg\",\"datePublished\":\"2023-02-24T17:47:23+00:00\",\"dateModified\":\"2025-04-21T15:20:00+00:00\",\"description\":\"Visitez les r\u00e9gions de champagne les plus connues en France et dans le monde lors d'une visite priv\u00e9e des meilleurs vignobles de champagne au d\u00e9part de Paris \u2705.\",\"breadcrumb\":{\"@id\":\"https:\/\/tourtravelandmore.com\/fr\/tours\/france-fr\/reims-fr\/toutes-les-visites-et-activites-privees-reims-fr\/visite-privee-de-reims-et-des-meilleurs-vignobles-de-champagne-au-depart-de-paris\/#breadcrumb\"},\"inLanguage\":\"fr-FR\",\"potentialAction\":[{\"@type\":\"ReadAction\",\"target\":[\"https:\/\/tourtravelandmore.com\/fr\/tours\/france-fr\/reims-fr\/toutes-les-visites-et-activites-privees-reims-fr\/visite-privee-de-reims-et-des-meilleurs-vignobles-de-champagne-au-depart-de-paris\/\"]}]},{\"@type\":\"ImageObject\",\"inLanguage\":\"fr-FR\",\"@id\":\"https:\/\/tourtravelandmore.com\/fr\/tours\/france-fr\/reims-fr\/toutes-les-visites-et-activites-privees-reims-fr\/visite-privee-de-reims-et-des-meilleurs-vignobles-de-champagne-au-depart-de-paris\/#primaryimage\",\"url\":\"https:\/\/tourtravelandmore.com\/wp-content\/uploads\/2023\/02\/pexels-edoardo-colombo-13802999-scaled.jpg\",\"contentUrl\":\"https:\/\/tourtravelandmore.com\/wp-content\/uploads\/2023\/02\/pexels-edoardo-colombo-13802999-scaled.jpg\",\"width\":2560,\"height\":1440},{\"@type\":\"BreadcrumbList\",\"@id\":\"https:\/\/tourtravelandmore.com\/fr\/tours\/france-fr\/reims-fr\/toutes-les-visites-et-activites-privees-reims-fr\/visite-privee-de-reims-et-des-meilleurs-vignobles-de-champagne-au-depart-de-paris\/#breadcrumb\",\"itemListElement\":[{\"@type\":\"ListItem\",\"position\":1,\"name\":\"Home\",\"item\":\"https:\/\/tourtravelandmore.com\/fr\/\"},{\"@type\":\"ListItem\",\"position\":2,\"name\":\"Tours\",\"item\":\"https:\/\/tourtravelandmore.com\/fr\/tours\/\"},{\"@type\":\"ListItem\",\"position\":3,\"name\":\"Visite priv\u00e9e de Reims et des meilleurs vignobles de Champagne au d\u00e9part de Paris\"}]},{\"@type\":\"WebSite\",\"@id\":\"https:\/\/tourtravelandmore.com\/fr\/#website\",\"url\":\"https:\/\/tourtravelandmore.com\/fr\/\",\"name\":\"Tour Travel And More\",\"description\":\"Private sightseeing tours and luxury transfers in Spain\",\"publisher\":{\"@id\":\"https:\/\/tourtravelandmore.com\/fr\/#organization\"},\"potentialAction\":[{\"@type\":\"SearchAction\",\"target\":{\"@type\":\"EntryPoint\",\"urlTemplate\":\"https:\/\/tourtravelandmore.com\/fr\/?s={search_term_string}\"},\"query-input\":{\"@type\":\"PropertyValueSpecification\",\"valueRequired\":true,\"valueName\":\"search_term_string\"}}],\"inLanguage\":\"fr-FR\"},{\"@type\":\"Organization\",\"@id\":\"https:\/\/tourtravelandmore.com\/fr\/#organization\",\"name\":\"Tour Travel And More\",\"url\":\"https:\/\/tourtravelandmore.com\/fr\/\",\"logo\":{\"@type\":\"ImageObject\",\"inLanguage\":\"fr-FR\",\"@id\":\"https:\/\/tourtravelandmore.com\/fr\/#\/schema\/logo\/image\/\",\"url\":\"https:\/\/tourtravelandmore.com\/wp-content\/uploads\/2022\/12\/cropped-logo-cabecera-new.png\",\"contentUrl\":\"https:\/\/tourtravelandmore.com\/wp-content\/uploads\/2022\/12\/cropped-logo-cabecera-new.png\",\"width\":430,\"height\":61,\"caption\":\"Tour Travel And More\"},\"image\":{\"@id\":\"https:\/\/tourtravelandmore.com\/fr\/#\/schema\/logo\/image\/\"},\"sameAs\":[\"https:\/\/www.facebook.com\/tourtravelandmore\/\",\"https:\/\/x.com\/TourTravel_More\"]}]}<\/script>\n<!-- \/ Yoast SEO Premium plugin. -->","yoast_head_json":{"title":"\u27a1\ufe0f Visite priv\u00e9e des meilleurs vignobles de Champagne au d\u00e9part de Paris | TTM","description":"Visitez les r\u00e9gions de champagne les plus connues en France et dans le monde lors d'une visite priv\u00e9e des meilleurs vignobles de champagne au d\u00e9part de Paris \u2705.","robots":{"index":"index","follow":"follow","max-snippet":"max-snippet:-1","max-image-preview":"max-image-preview:large","max-video-preview":"max-video-preview:-1"},"canonical":"https:\/\/tourtravelandmore.com\/fr\/tours\/france-fr\/reims-fr\/toutes-les-visites-et-activites-privees-reims-fr\/visite-privee-de-reims-et-des-meilleurs-vignobles-de-champagne-au-depart-de-paris\/","og_locale":"fr_FR","og_type":"article","og_title":"Visite priv\u00e9e de Reims et des meilleurs vignobles de Champagne au d\u00e9part de Paris","og_description":"Visitez les r\u00e9gions de champagne les plus connues en France et dans le monde lors d'une visite priv\u00e9e des meilleurs vignobles de champagne au d\u00e9part de Paris \u2705.","og_url":"https:\/\/tourtravelandmore.com\/fr\/tours\/france-fr\/reims-fr\/toutes-les-visites-et-activites-privees-reims-fr\/visite-privee-de-reims-et-des-meilleurs-vignobles-de-champagne-au-depart-de-paris\/","og_site_name":"Tour Travel And More","article_publisher":"https:\/\/www.facebook.com\/tourtravelandmore\/","article_modified_time":"2025-04-21T15:20:00+00:00","og_image":[{"width":2560,"height":1440,"url":"https:\/\/tourtravelandmore.com\/wp-content\/uploads\/2023\/02\/pexels-edoardo-colombo-13802999-scaled.jpg","type":"image\/jpeg"}],"twitter_card":"summary_large_image","twitter_site":"@TourTravel_More","twitter_misc":{"Dur\u00e9e de lecture estim\u00e9e":"4 minutes"},"schema":{"@context":"https:\/\/schema.org","@graph":[{"@type":"WebPage","@id":"https:\/\/tourtravelandmore.com\/fr\/tours\/france-fr\/reims-fr\/toutes-les-visites-et-activites-privees-reims-fr\/visite-privee-de-reims-et-des-meilleurs-vignobles-de-champagne-au-depart-de-paris\/","url":"https:\/\/tourtravelandmore.com\/fr\/tours\/france-fr\/reims-fr\/toutes-les-visites-et-activites-privees-reims-fr\/visite-privee-de-reims-et-des-meilleurs-vignobles-de-champagne-au-depart-de-paris\/","name":"\u27a1\ufe0f Visite priv\u00e9e des meilleurs vignobles de Champagne au d\u00e9part de Paris | TTM","isPartOf":{"@id":"https:\/\/tourtravelandmore.com\/fr\/#website"},"primaryImageOfPage":{"@id":"https:\/\/tourtravelandmore.com\/fr\/tours\/france-fr\/reims-fr\/toutes-les-visites-et-activites-privees-reims-fr\/visite-privee-de-reims-et-des-meilleurs-vignobles-de-champagne-au-depart-de-paris\/#primaryimage"},"image":{"@id":"https:\/\/tourtravelandmore.com\/fr\/tours\/france-fr\/reims-fr\/toutes-les-visites-et-activites-privees-reims-fr\/visite-privee-de-reims-et-des-meilleurs-vignobles-de-champagne-au-depart-de-paris\/#primaryimage"},"thumbnailUrl":"https:\/\/tourtravelandmore.com\/wp-content\/uploads\/2023\/02\/pexels-edoardo-colombo-13802999-scaled.jpg","datePublished":"2023-02-24T17:47:23+00:00","dateModified":"2025-04-21T15:20:00+00:00","description":"Visitez les r\u00e9gions de champagne les plus connues en France et dans le monde lors d'une visite priv\u00e9e des meilleurs vignobles de champagne au d\u00e9part de Paris \u2705.","breadcrumb":{"@id":"https:\/\/tourtravelandmore.com\/fr\/tours\/france-fr\/reims-fr\/toutes-les-visites-et-activites-privees-reims-fr\/visite-privee-de-reims-et-des-meilleurs-vignobles-de-champagne-au-depart-de-paris\/#breadcrumb"},"inLanguage":"fr-FR","potentialAction":[{"@type":"ReadAction","target":["https:\/\/tourtravelandmore.com\/fr\/tours\/france-fr\/reims-fr\/toutes-les-visites-et-activites-privees-reims-fr\/visite-privee-de-reims-et-des-meilleurs-vignobles-de-champagne-au-depart-de-paris\/"]}]},{"@type":"ImageObject","inLanguage":"fr-FR","@id":"https:\/\/tourtravelandmore.com\/fr\/tours\/france-fr\/reims-fr\/toutes-les-visites-et-activites-privees-reims-fr\/visite-privee-de-reims-et-des-meilleurs-vignobles-de-champagne-au-depart-de-paris\/#primaryimage","url":"https:\/\/tourtravelandmore.com\/wp-content\/uploads\/2023\/02\/pexels-edoardo-colombo-13802999-scaled.jpg","contentUrl":"https:\/\/tourtravelandmore.com\/wp-content\/uploads\/2023\/02\/pexels-edoardo-colombo-13802999-scaled.jpg","width":2560,"height":1440},{"@type":"BreadcrumbList","@id":"https:\/\/tourtravelandmore.com\/fr\/tours\/france-fr\/reims-fr\/toutes-les-visites-et-activites-privees-reims-fr\/visite-privee-de-reims-et-des-meilleurs-vignobles-de-champagne-au-depart-de-paris\/#breadcrumb","itemListElement":[{"@type":"ListItem","position":1,"name":"Home","item":"https:\/\/tourtravelandmore.com\/fr\/"},{"@type":"ListItem","position":2,"name":"Tours","item":"https:\/\/tourtravelandmore.com\/fr\/tours\/"},{"@type":"ListItem","position":3,"name":"Visite priv\u00e9e de Reims et des meilleurs vignobles de Champagne au d\u00e9part de Paris"}]},{"@type":"WebSite","@id":"https:\/\/tourtravelandmore.com\/fr\/#website","url":"https:\/\/tourtravelandmore.com\/fr\/","name":"Tour Travel And More","description":"Private sightseeing tours and luxury transfers in Spain","publisher":{"@id":"https:\/\/tourtravelandmore.com\/fr\/#organization"},"potentialAction":[{"@type":"SearchAction","target":{"@type":"EntryPoint","urlTemplate":"https:\/\/tourtravelandmore.com\/fr\/?s={search_term_string}"},"query-input":{"@type":"PropertyValueSpecification","valueRequired":true,"valueName":"search_term_string"}}],"inLanguage":"fr-FR"},{"@type":"Organization","@id":"https:\/\/tourtravelandmore.com\/fr\/#organization","name":"Tour Travel And More","url":"https:\/\/tourtravelandmore.com\/fr\/","logo":{"@type":"ImageObject","inLanguage":"fr-FR","@id":"https:\/\/tourtravelandmore.com\/fr\/#\/schema\/logo\/image\/","url":"https:\/\/tourtravelandmore.com\/wp-content\/uploads\/2022\/12\/cropped-logo-cabecera-new.png","contentUrl":"https:\/\/tourtravelandmore.com\/wp-content\/uploads\/2022\/12\/cropped-logo-cabecera-new.png","width":430,"height":61,"caption":"Tour Travel And More"},"image":{"@id":"https:\/\/tourtravelandmore.com\/fr\/#\/schema\/logo\/image\/"},"sameAs":["https:\/\/www.facebook.com\/tourtravelandmore\/","https:\/\/x.com\/TourTravel_More"]}]}},"_links":{"self":[{"href":"https:\/\/tourtravelandmore.com\/fr\/wp-json\/wp\/v2\/product\/154414","targetHints":{"allow":["GET"]}}],"collection":[{"href":"https:\/\/tourtravelandmore.com\/fr\/wp-json\/wp\/v2\/product"}],"about":[{"href":"https:\/\/tourtravelandmore.com\/fr\/wp-json\/wp\/v2\/types\/product"}],"replies":[{"embeddable":true,"href":"https:\/\/tourtravelandmore.com\/fr\/wp-json\/wp\/v2\/comments?post=154414"}],"wp:featuredmedia":[{"embeddable":true,"href":"https:\/\/tourtravelandmore.com\/fr\/wp-json\/wp\/v2\/media\/154429"}],"wp:attachment":[{"href":"https:\/\/tourtravelandmore.com\/fr\/wp-json\/wp\/v2\/media?parent=154414"}],"wp:term":[{"taxonomy":"product_brand","embeddable":true,"href":"https:\/\/tourtravelandmore.com\/fr\/wp-json\/wp\/v2\/product_brand?post=154414"},{"taxonomy":"product_cat","embeddable":true,"href":"https:\/\/tourtravelandmore.com\/fr\/wp-json\/wp\/v2\/product_cat?post=154414"},{"taxonomy":"product_tag","embeddable":true,"href":"https:\/\/tourtravelandmore.com\/fr\/wp-json\/wp\/v2\/product_tag?post=154414"}],"curies":[{"name":"wp","href":"https:\/\/api.w.org\/{rel}","templated":true}]}}