{"id":154357,"date":"2023-02-24T16:32:33","date_gmt":"2023-02-24T15:32:40","guid":{"rendered":"https:\/\/tourtravelandmore.com\/?post_type=product&#038;p=154357"},"modified":"2024-08-06T17:00:23","modified_gmt":"2024-08-06T15:00:23","slug":"visite-privee-a-pied-de-3-heures-du-musee-du-orsay","status":"publish","type":"product","link":"https:\/\/tourtravelandmore.com\/fr\/tours\/france-fr\/paris-fr\/best-sellers\/visite-privee-a-pied-de-3-heures-du-musee-du-orsay\/","title":{"rendered":"Visite priv\u00e9e \u00e0 pied de 3 heures du mus\u00e9e du Orsay"},"content":{"rendered":"<h2>Description<\/h2>\n<p>Pour tous les amateurs d&#8217;art, le <strong>Orsay<\/strong> est l&#8217;un des endroits incontournables de <strong>Paris.<\/strong> C&#8217;est le mus\u00e9e national de France et le plus grand mus\u00e9e d&#8217;art du monde. Explorez ce mus\u00e9e spectaculaire avec un guide priv\u00e9 sp\u00e9cialis\u00e9 en art. Profitez au mieux de votre visite \u00e0 Paris et profitez de notre visite priv\u00e9e du <strong>Orsay<\/strong><strong>.<\/strong><\/p>\n<p>Tout d&#8217;abord, votre guide viendra vous chercher \u00e0 votre h\u00f4tel du centre de <strong>Paris.<\/strong> Apr\u00e8s cela, vous commencerez votre visite guid\u00e9e priv\u00e9e du merveilleux mus\u00e9e. Vous traverserez d&#8217;impressionnantes \u0153uvres d&#8217;art de ma\u00eetres comme <strong>Da Vinci, Michel-Ange<\/strong> et <strong>Delacroix.<\/strong> Les billets coupe-file sont inclus dans le prix de cette visite!<\/p>\n<p>Toutes nos visites sont priv\u00e9es et sur mesure. Contactez-nous et nous vous aiderons \u00e0 organiser une exp\u00e9rience personnalis\u00e9e. Il est \u00e9galement possible de combiner une visite du <strong>Orsay<\/strong> avec une visite de la ville.<\/p>\n<h2>Sites d&#8217;int\u00e9r\u00eat<\/h2>\n<p>Le mus\u00e9e <strong>d&#8217;Orsay<\/strong> abrite principalement des \u0153uvres d&#8217;art fran\u00e7aises du milieu du <strong>XIXe<\/strong> si\u00e8cle au d\u00e9but du <strong>XXe<\/strong> si\u00e8cle, sous la forme de peintures, de meubles, de sculptures et bien plus encore. Parmi les peintres les plus populaires dont les \u0153uvres sont expos\u00e9es ici figurent <strong>Vincent van Gogh, William-Adolphe Bouguereau, Paul C\u00e9zanne, Edgar Degas et Piet Mondrian.<\/strong><\/p>\n<p>La collection de peintures <strong>d&#8217;Orsay<\/strong> est l&#8217;une des plus importantes au monde. Le mus\u00e9e accueille des \u0153uvres de toutes les p\u00e9riodes de l&#8217;art europ\u00e9en jusqu&#8217;aux r\u00e9volutions de <strong>1848.<\/strong> Certains des chefs-d&#8217;\u0153uvre que le mus\u00e9e d\u00e9tient sont :<\/p>\n<ul>\n<li><strong>Les Spicers, de Millet.<\/strong><\/li>\n<li><strong>L&#8217;origine du monde, de Courbet.<\/strong><\/li>\n<li><strong>D\u00e9jeuner sur l&#8217;herbe, de Manet.<\/strong><\/li>\n<li><strong>La Danse du Moulin De La Galette, de Renoir.<\/strong><\/li>\n<li><strong>Filles jouant du piano, de Renoir.<\/strong><\/li>\n<li><strong>Amapolas, de Monet.<\/strong><\/li>\n<li><strong>Les brosseurs de parquets, de Caillebotte.<\/strong><\/li>\n<li><strong>L&#8217;\u00e9glise d&#8217;Auvers sur Oise, par Van Gogh.<\/strong><\/li>\n<\/ul>\n<p>Lors de votre visite, vous aurez \u00e0 votre enti\u00e8re disposition votre guide officiel sp\u00e9cialis\u00e9 en art. En plus de votre guide, nous organiserons \u00e9galement vos billets coupe-file.<\/p>\n<p>Toutes les visites que nous proposons sont priv\u00e9es et personnalisables. N&#8217;h\u00e9sitez pas \u00e0 nous contacter pour plus d&#8217;informations. Cette proposition comprend une disposition de 3 heures d&#8217;un guide touristique sp\u00e9cialis\u00e9 en art et des billets coupe-file. En cas de besoin, nous pouvons \u00e9galement organiser des <strong>transferts<\/strong> de <strong>v\u00e9hicules<\/strong> vers et depuis le mus\u00e9e.<\/p>\n","protected":false},"excerpt":{"rendered":"<p>Pour tous les amateurs d&#8217;art, le <strong>Orsay<\/strong> est l&#8217;un des endroits incontournables de <strong>Paris.<\/strong> C&#8217;est le mus\u00e9e national de France et le plus grand mus\u00e9e d&#8217;art du monde. Explorez ce mus\u00e9e spectaculaire avec un guide priv\u00e9 sp\u00e9cialis\u00e9 en art. Profitez au mieux de votre visite \u00e0 Paris et profitez de notre visite priv\u00e9e du <strong>Orsay<\/strong><strong>.<\/strong><\/p>\n","protected":false},"featured_media":154367,"comment_status":"open","ping_status":"closed","template":"","meta":{"_acf_changed":false},"product_brand":[],"product_cat":[3542,4202,4203,4297],"product_tag":[],"class_list":{"0":"post-154357","1":"product","2":"type-product","3":"status-publish","4":"has-post-thumbnail","6":"product_cat-paris-fr","7":"product_cat-best-sellers","8":"product_cat-all-private-tours-and-activities-fr-100","9":"product_cat-private-walking-tours-fr-4-paris-fr","11":"first","12":"instock","13":"shipping-taxable","14":"purchasable","15":"product-type-simple"},"acf":[],"yoast_head":"<!-- This site is optimized with the Yoast SEO Premium plugin v25.3.1 (Yoast SEO v25.3.1) - https:\/\/yoast.com\/wordpress\/plugins\/seo\/ -->\n<title>Visite guid\u00e9e priv\u00e9e du mus\u00e9e du Orsay avec un guide sp\u00e9cialis\u00e9 en art<\/title>\n<meta name=\"description\" content=\"Explorez le Orsay , le plus grand mus\u00e9e du monde, lors d&#039;une visite priv\u00e9e avec un guide historien de l&#039;art. Billets coupe-file inclus.\" \/>\n<meta name=\"robots\" content=\"index, follow, max-snippet:-1, max-image-preview:large, max-video-preview:-1\" \/>\n<link rel=\"canonical\" href=\"https:\/\/tourtravelandmore.com\/fr\/tours\/france-fr\/paris-fr\/best-sellers\/visite-privee-a-pied-de-3-heures-du-musee-du-orsay\/\" \/>\n<meta property=\"og:locale\" content=\"fr_FR\" \/>\n<meta property=\"og:type\" content=\"article\" \/>\n<meta property=\"og:title\" content=\"Visite priv\u00e9e \u00e0 pied de 3 heures du mus\u00e9e du Orsay\" \/>\n<meta property=\"og:description\" content=\"Explorez le Orsay , le plus grand mus\u00e9e du monde, lors d&#039;une visite priv\u00e9e avec un guide historien de l&#039;art. Billets coupe-file inclus.\" \/>\n<meta property=\"og:url\" content=\"https:\/\/tourtravelandmore.com\/fr\/tours\/france-fr\/paris-fr\/best-sellers\/visite-privee-a-pied-de-3-heures-du-musee-du-orsay\/\" \/>\n<meta property=\"og:site_name\" content=\"Tour Travel And More\" \/>\n<meta property=\"article:publisher\" content=\"https:\/\/www.facebook.com\/tourtravelandmore\/\" \/>\n<meta property=\"article:modified_time\" content=\"2024-08-06T15:00:23+00:00\" \/>\n<meta property=\"og:image\" content=\"https:\/\/tourtravelandmore.com\/wp-content\/uploads\/2023\/02\/pexels-martha-vera-4917790-scaled.jpg\" \/>\n\t<meta property=\"og:image:width\" content=\"2560\" \/>\n\t<meta property=\"og:image:height\" content=\"1707\" \/>\n\t<meta property=\"og:image:type\" content=\"image\/jpeg\" \/>\n<meta name=\"twitter:card\" content=\"summary_large_image\" \/>\n<meta name=\"twitter:site\" content=\"@TourTravel_More\" \/>\n<meta name=\"twitter:label1\" content=\"Dur\u00e9e de lecture estim\u00e9e\" \/>\n\t<meta name=\"twitter:data1\" content=\"2 minutes\" \/>\n<script type=\"application\/ld+json\" class=\"yoast-schema-graph\">{\"@context\":\"https:\/\/schema.org\",\"@graph\":[{\"@type\":\"WebPage\",\"@id\":\"https:\/\/tourtravelandmore.com\/fr\/tours\/france-fr\/paris-fr\/best-sellers\/visite-privee-a-pied-de-3-heures-du-musee-du-orsay\/\",\"url\":\"https:\/\/tourtravelandmore.com\/fr\/tours\/france-fr\/paris-fr\/best-sellers\/visite-privee-a-pied-de-3-heures-du-musee-du-orsay\/\",\"name\":\"Visite guid\u00e9e priv\u00e9e du mus\u00e9e du Orsay avec un guide sp\u00e9cialis\u00e9 en art\",\"isPartOf\":{\"@id\":\"https:\/\/tourtravelandmore.com\/fr\/#website\"},\"primaryImageOfPage\":{\"@id\":\"https:\/\/tourtravelandmore.com\/fr\/tours\/france-fr\/paris-fr\/best-sellers\/visite-privee-a-pied-de-3-heures-du-musee-du-orsay\/#primaryimage\"},\"image\":{\"@id\":\"https:\/\/tourtravelandmore.com\/fr\/tours\/france-fr\/paris-fr\/best-sellers\/visite-privee-a-pied-de-3-heures-du-musee-du-orsay\/#primaryimage\"},\"thumbnailUrl\":\"https:\/\/tourtravelandmore.com\/wp-content\/uploads\/2023\/02\/pexels-martha-vera-4917790-scaled.jpg\",\"datePublished\":\"2023-02-24T15:32:40+00:00\",\"dateModified\":\"2024-08-06T15:00:23+00:00\",\"description\":\"Explorez le Orsay , le plus grand mus\u00e9e du monde, lors d'une visite priv\u00e9e avec un guide historien de l'art. Billets coupe-file inclus.\",\"breadcrumb\":{\"@id\":\"https:\/\/tourtravelandmore.com\/fr\/tours\/france-fr\/paris-fr\/best-sellers\/visite-privee-a-pied-de-3-heures-du-musee-du-orsay\/#breadcrumb\"},\"inLanguage\":\"fr-FR\",\"potentialAction\":[{\"@type\":\"ReadAction\",\"target\":[\"https:\/\/tourtravelandmore.com\/fr\/tours\/france-fr\/paris-fr\/best-sellers\/visite-privee-a-pied-de-3-heures-du-musee-du-orsay\/\"]}]},{\"@type\":\"ImageObject\",\"inLanguage\":\"fr-FR\",\"@id\":\"https:\/\/tourtravelandmore.com\/fr\/tours\/france-fr\/paris-fr\/best-sellers\/visite-privee-a-pied-de-3-heures-du-musee-du-orsay\/#primaryimage\",\"url\":\"https:\/\/tourtravelandmore.com\/wp-content\/uploads\/2023\/02\/pexels-martha-vera-4917790-scaled.jpg\",\"contentUrl\":\"https:\/\/tourtravelandmore.com\/wp-content\/uploads\/2023\/02\/pexels-martha-vera-4917790-scaled.jpg\",\"width\":2560,\"height\":1707},{\"@type\":\"BreadcrumbList\",\"@id\":\"https:\/\/tourtravelandmore.com\/fr\/tours\/france-fr\/paris-fr\/best-sellers\/visite-privee-a-pied-de-3-heures-du-musee-du-orsay\/#breadcrumb\",\"itemListElement\":[{\"@type\":\"ListItem\",\"position\":1,\"name\":\"Home\",\"item\":\"https:\/\/tourtravelandmore.com\/fr\/\"},{\"@type\":\"ListItem\",\"position\":2,\"name\":\"Tours\",\"item\":\"https:\/\/tourtravelandmore.com\/fr\/tours\/\"},{\"@type\":\"ListItem\",\"position\":3,\"name\":\"Visite priv\u00e9e \u00e0 pied de 3 heures du mus\u00e9e du Orsay\"}]},{\"@type\":\"WebSite\",\"@id\":\"https:\/\/tourtravelandmore.com\/fr\/#website\",\"url\":\"https:\/\/tourtravelandmore.com\/fr\/\",\"name\":\"Tour Travel And More\",\"description\":\"Private sightseeing tours and luxury transfers in Spain\",\"publisher\":{\"@id\":\"https:\/\/tourtravelandmore.com\/fr\/#organization\"},\"potentialAction\":[{\"@type\":\"SearchAction\",\"target\":{\"@type\":\"EntryPoint\",\"urlTemplate\":\"https:\/\/tourtravelandmore.com\/fr\/?s={search_term_string}\"},\"query-input\":{\"@type\":\"PropertyValueSpecification\",\"valueRequired\":true,\"valueName\":\"search_term_string\"}}],\"inLanguage\":\"fr-FR\"},{\"@type\":\"Organization\",\"@id\":\"https:\/\/tourtravelandmore.com\/fr\/#organization\",\"name\":\"Tour Travel And More\",\"url\":\"https:\/\/tourtravelandmore.com\/fr\/\",\"logo\":{\"@type\":\"ImageObject\",\"inLanguage\":\"fr-FR\",\"@id\":\"https:\/\/tourtravelandmore.com\/fr\/#\/schema\/logo\/image\/\",\"url\":\"https:\/\/tourtravelandmore.com\/wp-content\/uploads\/2022\/12\/cropped-logo-cabecera-new.png\",\"contentUrl\":\"https:\/\/tourtravelandmore.com\/wp-content\/uploads\/2022\/12\/cropped-logo-cabecera-new.png\",\"width\":430,\"height\":61,\"caption\":\"Tour Travel And More\"},\"image\":{\"@id\":\"https:\/\/tourtravelandmore.com\/fr\/#\/schema\/logo\/image\/\"},\"sameAs\":[\"https:\/\/www.facebook.com\/tourtravelandmore\/\",\"https:\/\/x.com\/TourTravel_More\"]}]}<\/script>\n<!-- \/ Yoast SEO Premium plugin. -->","yoast_head_json":{"title":"Visite guid\u00e9e priv\u00e9e du mus\u00e9e du Orsay avec un guide sp\u00e9cialis\u00e9 en art","description":"Explorez le Orsay , le plus grand mus\u00e9e du monde, lors d'une visite priv\u00e9e avec un guide historien de l'art. Billets coupe-file inclus.","robots":{"index":"index","follow":"follow","max-snippet":"max-snippet:-1","max-image-preview":"max-image-preview:large","max-video-preview":"max-video-preview:-1"},"canonical":"https:\/\/tourtravelandmore.com\/fr\/tours\/france-fr\/paris-fr\/best-sellers\/visite-privee-a-pied-de-3-heures-du-musee-du-orsay\/","og_locale":"fr_FR","og_type":"article","og_title":"Visite priv\u00e9e \u00e0 pied de 3 heures du mus\u00e9e du Orsay","og_description":"Explorez le Orsay , le plus grand mus\u00e9e du monde, lors d'une visite priv\u00e9e avec un guide historien de l'art. Billets coupe-file inclus.","og_url":"https:\/\/tourtravelandmore.com\/fr\/tours\/france-fr\/paris-fr\/best-sellers\/visite-privee-a-pied-de-3-heures-du-musee-du-orsay\/","og_site_name":"Tour Travel And More","article_publisher":"https:\/\/www.facebook.com\/tourtravelandmore\/","article_modified_time":"2024-08-06T15:00:23+00:00","og_image":[{"width":2560,"height":1707,"url":"https:\/\/tourtravelandmore.com\/wp-content\/uploads\/2023\/02\/pexels-martha-vera-4917790-scaled.jpg","type":"image\/jpeg"}],"twitter_card":"summary_large_image","twitter_site":"@TourTravel_More","twitter_misc":{"Dur\u00e9e de lecture estim\u00e9e":"2 minutes"},"schema":{"@context":"https:\/\/schema.org","@graph":[{"@type":"WebPage","@id":"https:\/\/tourtravelandmore.com\/fr\/tours\/france-fr\/paris-fr\/best-sellers\/visite-privee-a-pied-de-3-heures-du-musee-du-orsay\/","url":"https:\/\/tourtravelandmore.com\/fr\/tours\/france-fr\/paris-fr\/best-sellers\/visite-privee-a-pied-de-3-heures-du-musee-du-orsay\/","name":"Visite guid\u00e9e priv\u00e9e du mus\u00e9e du Orsay avec un guide sp\u00e9cialis\u00e9 en art","isPartOf":{"@id":"https:\/\/tourtravelandmore.com\/fr\/#website"},"primaryImageOfPage":{"@id":"https:\/\/tourtravelandmore.com\/fr\/tours\/france-fr\/paris-fr\/best-sellers\/visite-privee-a-pied-de-3-heures-du-musee-du-orsay\/#primaryimage"},"image":{"@id":"https:\/\/tourtravelandmore.com\/fr\/tours\/france-fr\/paris-fr\/best-sellers\/visite-privee-a-pied-de-3-heures-du-musee-du-orsay\/#primaryimage"},"thumbnailUrl":"https:\/\/tourtravelandmore.com\/wp-content\/uploads\/2023\/02\/pexels-martha-vera-4917790-scaled.jpg","datePublished":"2023-02-24T15:32:40+00:00","dateModified":"2024-08-06T15:00:23+00:00","description":"Explorez le Orsay , le plus grand mus\u00e9e du monde, lors d'une visite priv\u00e9e avec un guide historien de l'art. Billets coupe-file inclus.","breadcrumb":{"@id":"https:\/\/tourtravelandmore.com\/fr\/tours\/france-fr\/paris-fr\/best-sellers\/visite-privee-a-pied-de-3-heures-du-musee-du-orsay\/#breadcrumb"},"inLanguage":"fr-FR","potentialAction":[{"@type":"ReadAction","target":["https:\/\/tourtravelandmore.com\/fr\/tours\/france-fr\/paris-fr\/best-sellers\/visite-privee-a-pied-de-3-heures-du-musee-du-orsay\/"]}]},{"@type":"ImageObject","inLanguage":"fr-FR","@id":"https:\/\/tourtravelandmore.com\/fr\/tours\/france-fr\/paris-fr\/best-sellers\/visite-privee-a-pied-de-3-heures-du-musee-du-orsay\/#primaryimage","url":"https:\/\/tourtravelandmore.com\/wp-content\/uploads\/2023\/02\/pexels-martha-vera-4917790-scaled.jpg","contentUrl":"https:\/\/tourtravelandmore.com\/wp-content\/uploads\/2023\/02\/pexels-martha-vera-4917790-scaled.jpg","width":2560,"height":1707},{"@type":"BreadcrumbList","@id":"https:\/\/tourtravelandmore.com\/fr\/tours\/france-fr\/paris-fr\/best-sellers\/visite-privee-a-pied-de-3-heures-du-musee-du-orsay\/#breadcrumb","itemListElement":[{"@type":"ListItem","position":1,"name":"Home","item":"https:\/\/tourtravelandmore.com\/fr\/"},{"@type":"ListItem","position":2,"name":"Tours","item":"https:\/\/tourtravelandmore.com\/fr\/tours\/"},{"@type":"ListItem","position":3,"name":"Visite priv\u00e9e \u00e0 pied de 3 heures du mus\u00e9e du Orsay"}]},{"@type":"WebSite","@id":"https:\/\/tourtravelandmore.com\/fr\/#website","url":"https:\/\/tourtravelandmore.com\/fr\/","name":"Tour Travel And More","description":"Private sightseeing tours and luxury transfers in Spain","publisher":{"@id":"https:\/\/tourtravelandmore.com\/fr\/#organization"},"potentialAction":[{"@type":"SearchAction","target":{"@type":"EntryPoint","urlTemplate":"https:\/\/tourtravelandmore.com\/fr\/?s={search_term_string}"},"query-input":{"@type":"PropertyValueSpecification","valueRequired":true,"valueName":"search_term_string"}}],"inLanguage":"fr-FR"},{"@type":"Organization","@id":"https:\/\/tourtravelandmore.com\/fr\/#organization","name":"Tour Travel And More","url":"https:\/\/tourtravelandmore.com\/fr\/","logo":{"@type":"ImageObject","inLanguage":"fr-FR","@id":"https:\/\/tourtravelandmore.com\/fr\/#\/schema\/logo\/image\/","url":"https:\/\/tourtravelandmore.com\/wp-content\/uploads\/2022\/12\/cropped-logo-cabecera-new.png","contentUrl":"https:\/\/tourtravelandmore.com\/wp-content\/uploads\/2022\/12\/cropped-logo-cabecera-new.png","width":430,"height":61,"caption":"Tour Travel And More"},"image":{"@id":"https:\/\/tourtravelandmore.com\/fr\/#\/schema\/logo\/image\/"},"sameAs":["https:\/\/www.facebook.com\/tourtravelandmore\/","https:\/\/x.com\/TourTravel_More"]}]}},"_links":{"self":[{"href":"https:\/\/tourtravelandmore.com\/fr\/wp-json\/wp\/v2\/product\/154357","targetHints":{"allow":["GET"]}}],"collection":[{"href":"https:\/\/tourtravelandmore.com\/fr\/wp-json\/wp\/v2\/product"}],"about":[{"href":"https:\/\/tourtravelandmore.com\/fr\/wp-json\/wp\/v2\/types\/product"}],"replies":[{"embeddable":true,"href":"https:\/\/tourtravelandmore.com\/fr\/wp-json\/wp\/v2\/comments?post=154357"}],"wp:featuredmedia":[{"embeddable":true,"href":"https:\/\/tourtravelandmore.com\/fr\/wp-json\/wp\/v2\/media\/154367"}],"wp:attachment":[{"href":"https:\/\/tourtravelandmore.com\/fr\/wp-json\/wp\/v2\/media?parent=154357"}],"wp:term":[{"taxonomy":"product_brand","embeddable":true,"href":"https:\/\/tourtravelandmore.com\/fr\/wp-json\/wp\/v2\/product_brand?post=154357"},{"taxonomy":"product_cat","embeddable":true,"href":"https:\/\/tourtravelandmore.com\/fr\/wp-json\/wp\/v2\/product_cat?post=154357"},{"taxonomy":"product_tag","embeddable":true,"href":"https:\/\/tourtravelandmore.com\/fr\/wp-json\/wp\/v2\/product_tag?post=154357"}],"curies":[{"name":"wp","href":"https:\/\/api.w.org\/{rel}","templated":true}]}}