{"id":154125,"date":"2023-02-22T17:30:20","date_gmt":"2023-02-22T16:30:29","guid":{"rendered":"https:\/\/tourtravelandmore.com\/?post_type=product&#038;p=154125"},"modified":"2024-08-06T17:04:18","modified_gmt":"2024-08-06T15:04:18","slug":"visite-privee-de-5-heures-a-versailles-au-depart-de-paris-en-train","status":"publish","type":"product","link":"https:\/\/tourtravelandmore.com\/fr\/tours\/france-fr\/paris-fr\/best-sellers\/visite-privee-de-5-heures-a-versailles-au-depart-de-paris-en-train\/","title":{"rendered":"Visite priv\u00e9e de 5 heures \u00e0 Versailles au d\u00e9part de Paris en train"},"content":{"rendered":"<h2>Description<\/h2>\n<p>S&#8217;il y a un tour hors de Paris, vous devriez le faire, c&#8217;est <strong>Versailles.<\/strong> Cet endroit merveilleux a \u00e9t\u00e9 la r\u00e9sidence royale de <strong>1682<\/strong> \u00e0 <strong>1789.<\/strong> Depuis le 19\u00e8me si\u00e8cle est un mus\u00e9e. Y compris les jardins et les palais de Trianon, le parc s&#8217;\u00e9tend sur 800 hectares. D\u00e9couvrez ce monument national avec notre visite priv\u00e9e de Versailles au d\u00e9part de Paris.<\/p>\n<p>Tout d&#8217;abord, votre guide viendront vous chercher \u00e0 l&#8217;endroit souhait\u00e9 \u00e0 Paris. Apr\u00e8s cela, vous commencerez votre excursion priv\u00e9e dans les merveilleux palais et jardins de Versailles. Le trajet de Paris \u00e0 Versailles prend environ 45 minutes. Cette visite a une dur\u00e9e de 5 heures, mais il est possible d&#8217;en prolonger la dur\u00e9e. Il est \u00e9galement possible d&#8217;ajouter la visite de Versailles \u00e0 un tour de ville de Paris.<\/p>\n<p>Toutes nos visites sont priv\u00e9es et sur mesure. Contactez-nous et un membre de notre \u00e9quipe d&#8217;experts vous aidera \u00e0 organiser une exp\u00e9rience priv\u00e9e inoubliable pendant votre s\u00e9jour \u00e0 Paris.<\/p>\n<h2>Sites d&#8217;int\u00e9r\u00eat et points de rep\u00e8re<\/h2>\n<p>Le ch\u00e2teau et le parc de Versailles sont l&#8217;un des monuments du patrimoine mondial les plus connus. Toute son architecture \u00e9pouse le style des XVII et XVIII si\u00e8cles. Le parc est orn\u00e9 de statues, de fontaines, de parterres d&#8217;eau et d&#8217;\u00e9difices d&#8217;exception tels que le <strong>Grand Trianon<\/strong> et le <strong>Petit Trianon,<\/strong> le <strong>Temple<\/strong> de <strong>l&#8217;Amour<\/strong> et le Hameau de la Reine Marie-Antoinette. Vous visiterez ce monument national fran\u00e7ais avec votre guide officiel priv\u00e9. Tous nos guides sont licenci\u00e9s et experts de l&#8217;histoire et du patrimoine de <strong>Versailles.<\/strong><\/p>\n<p>Vous apprendrez tout sur l&#8217;histoire et l&#8217;art du palais avec votre guide officiel priv\u00e9.<\/p>\n<ul>\n<li><strong>Chapelle royale: Consid\u00e9r\u00e9e comme l&#8217;un des joyaux du palais, c&#8217;est le dernier grand projet de construction de Louis XIV et son h\u00e9ritage spirituel.<\/strong><\/li>\n<li><strong>Kings Grand Apartment: Compos\u00e9 de boiseries en marbre et de plafonds peints, cet ensemble de 7 pi\u00e8ces a \u00e9t\u00e9 utilis\u00e9 pour accueillir les actes officiels du souverain<\/strong><\/li>\n<li><strong>Salon Hercule<\/strong><\/li>\n<li><strong>Salon d&#8217;Abondance<\/strong><\/li>\n<li><strong>Salon V\u00e9nus<\/strong><\/li>\n<li><strong>Salon Diana<\/strong><\/li>\n<li><strong>Salon de Mars<\/strong><\/li>\n<li><strong>Salon du mercure<\/strong><\/li>\n<li><strong>Salon Apollo<\/strong><\/li>\n<li><strong>Galerie des Glaces (La Grande Galerie des Glaces): C&#8217;est la salle la plus c\u00e9l\u00e8bre du palais, commenc\u00e9e en 1678 et termin\u00e9e en 1684.<\/strong><\/li>\n<li><strong>War Room: Cette salle rend hommage aux victoires militaires pendant la guerre des Pays-Bas<\/strong><\/li>\n<li><strong>Grand Appartement de la Reine: Les appartements de la reine sont une s\u00e9rie de chambres dont la disposition est identique \u00e0 celle des appartements du roi au nord. Il a d&#8217;abord \u00e9t\u00e9 habit\u00e9 par la reine Marie-Th\u00e9r\u00e8se, \u00e9pouse de Louis XIV.<\/strong><\/li>\n<li><strong>Salle des gardes<\/strong><\/li>\n<li><strong>Salon des Nobles<\/strong><\/li>\n<li><strong>Chambre de la Reine<\/strong><\/li>\n<li><strong>Salle de la Paix: \u00e0 l&#8217;instar de la salle de guerre, cette pi\u00e8ce contient la m\u00eame d\u00e9coration en panneaux de marbre. Il se souvient de la paix apport\u00e9e par la France en Europe.<\/strong><\/li>\n<li><strong>Salle de l&#8217;histoire de France<\/strong><\/li>\n<li><strong>Salle des batailles<\/strong><\/li>\n<li><strong>Jardins de Versailles: Mieux admirables de la Galerie des Glaces, les merveilleux jardins de Versailles ont \u00e9t\u00e9 am\u00e9nag\u00e9s en 1661 lorsque Louix XVI confie \u00e0 Andr\u00e9 Le N\u00f4tre la cr\u00e9ation et la r\u00e9novation des jardins de Versailles.<\/strong><\/li>\n<\/ul>\n<p>En plus de votre chauffeur et de votre guide, cette visite priv\u00e9e comprend des billets coupe-file pour les palais et les jardins de Versailles. Une fois la visite termin\u00e9e, votre guide et chauffeur priv\u00e9 officiel vous ram\u00e8nera \u00e0 l&#8217;endroit de votre choix \u00e0 Paris.<\/p>\n<p>Toutes les visites que nous proposons sont priv\u00e9es, uniquement pour vous. Contactez-nous pour plus d&#8217;informations. Apr\u00e8s cela, un expert en voyages de notre \u00e9quipe vous contactera et vous aidera \u00e0 organiser la meilleure exp\u00e9rience possible. C&#8217;est une exp\u00e9rience sur mesure. L&#8217;heure de d\u00e9part, la dur\u00e9e et l&#8217;itin\u00e9raire sont totalement adaptables \u00e0 vos envies personnelles. N&#8217;oubliez pas que cette visite priv\u00e9e \u00e0 Versailles peut \u00e9galement \u00eatre organis\u00e9e avec une visite de la ville de Paris.<\/p>\n","protected":false},"excerpt":{"rendered":"<p>D\u00e9couvrez et explorez le merveilleux ch\u00e2teau et les jardins de Versailles avec votre guide priv\u00e9 agr\u00e9\u00e9. Apprenez l&#8217;histoire de ce site class\u00e9 au patrimoine mondial de l&#8217;UNESCO avec nous! Votre chauffeur priv\u00e9 viendra vous chercher \u00e0 l&#8217;endroit souhait\u00e9 \u00e0 Paris.<\/p>\n","protected":false},"featured_media":154139,"comment_status":"open","ping_status":"closed","template":"","meta":{"_acf_changed":false},"product_brand":[],"product_cat":[3542,4202,4203,4288,4204],"product_tag":[],"class_list":{"0":"post-154125","1":"product","2":"type-product","3":"status-publish","4":"has-post-thumbnail","6":"product_cat-paris-fr","7":"product_cat-best-sellers","8":"product_cat-all-private-tours-and-activities-fr-100","9":"product_cat-private-sightseeing-tours-fr-7-paris-fr","10":"product_cat-private-day-trips-fr-3","12":"first","13":"instock","14":"shipping-taxable","15":"purchasable","16":"product-type-simple"},"acf":[],"yoast_head":"<!-- This site is optimized with the Yoast SEO Premium plugin v25.3.1 (Yoast SEO v25.3.1) - https:\/\/yoast.com\/wordpress\/plugins\/seo\/ -->\n<title>Visite priv\u00e9e de 5 heures \u00e0 Versailles au d\u00e9part de Paris en train | TTM<\/title>\n<meta name=\"description\" content=\"D\u00e9couvrez et explorez le ch\u00e2teau et les jardins de Versailles avec votre guide priv\u00e9 agr\u00e9\u00e9. Apprenez l&#039;histoire de ce site du patrimoine mondial avec nous!\" \/>\n<meta name=\"robots\" content=\"index, follow, max-snippet:-1, max-image-preview:large, max-video-preview:-1\" \/>\n<link rel=\"canonical\" href=\"https:\/\/tourtravelandmore.com\/fr\/tours\/france-fr\/paris-fr\/best-sellers\/visite-privee-de-5-heures-a-versailles-au-depart-de-paris-en-train\/\" \/>\n<meta property=\"og:locale\" content=\"fr_FR\" \/>\n<meta property=\"og:type\" content=\"article\" \/>\n<meta property=\"og:title\" content=\"Visite priv\u00e9e de 5 heures \u00e0 Versailles au d\u00e9part de Paris en train\" \/>\n<meta property=\"og:description\" content=\"D\u00e9couvrez et explorez le ch\u00e2teau et les jardins de Versailles avec votre guide priv\u00e9 agr\u00e9\u00e9. Apprenez l&#039;histoire de ce site du patrimoine mondial avec nous!\" \/>\n<meta property=\"og:url\" content=\"https:\/\/tourtravelandmore.com\/fr\/tours\/france-fr\/paris-fr\/best-sellers\/visite-privee-de-5-heures-a-versailles-au-depart-de-paris-en-train\/\" \/>\n<meta property=\"og:site_name\" content=\"Tour Travel And More\" \/>\n<meta property=\"article:publisher\" content=\"https:\/\/www.facebook.com\/tourtravelandmore\/\" \/>\n<meta property=\"article:modified_time\" content=\"2024-08-06T15:04:18+00:00\" \/>\n<meta property=\"og:image\" content=\"https:\/\/tourtravelandmore.com\/wp-content\/uploads\/2023\/02\/pexels-carloscruz-artegrafia-11097891-scaled.jpg\" \/>\n\t<meta property=\"og:image:width\" content=\"2560\" \/>\n\t<meta property=\"og:image:height\" content=\"1702\" \/>\n\t<meta property=\"og:image:type\" content=\"image\/jpeg\" \/>\n<meta name=\"twitter:card\" content=\"summary_large_image\" \/>\n<meta name=\"twitter:site\" content=\"@TourTravel_More\" \/>\n<meta name=\"twitter:label1\" content=\"Dur\u00e9e de lecture estim\u00e9e\" \/>\n\t<meta name=\"twitter:data1\" content=\"3 minutes\" \/>\n<script type=\"application\/ld+json\" class=\"yoast-schema-graph\">{\"@context\":\"https:\/\/schema.org\",\"@graph\":[{\"@type\":\"WebPage\",\"@id\":\"https:\/\/tourtravelandmore.com\/fr\/tours\/france-fr\/paris-fr\/best-sellers\/visite-privee-de-5-heures-a-versailles-au-depart-de-paris-en-train\/\",\"url\":\"https:\/\/tourtravelandmore.com\/fr\/tours\/france-fr\/paris-fr\/best-sellers\/visite-privee-de-5-heures-a-versailles-au-depart-de-paris-en-train\/\",\"name\":\"Visite priv\u00e9e de 5 heures \u00e0 Versailles au d\u00e9part de Paris en train | TTM\",\"isPartOf\":{\"@id\":\"https:\/\/tourtravelandmore.com\/fr\/#website\"},\"primaryImageOfPage\":{\"@id\":\"https:\/\/tourtravelandmore.com\/fr\/tours\/france-fr\/paris-fr\/best-sellers\/visite-privee-de-5-heures-a-versailles-au-depart-de-paris-en-train\/#primaryimage\"},\"image\":{\"@id\":\"https:\/\/tourtravelandmore.com\/fr\/tours\/france-fr\/paris-fr\/best-sellers\/visite-privee-de-5-heures-a-versailles-au-depart-de-paris-en-train\/#primaryimage\"},\"thumbnailUrl\":\"https:\/\/tourtravelandmore.com\/wp-content\/uploads\/2023\/02\/pexels-carloscruz-artegrafia-11097891-scaled.jpg\",\"datePublished\":\"2023-02-22T16:30:29+00:00\",\"dateModified\":\"2024-08-06T15:04:18+00:00\",\"description\":\"D\u00e9couvrez et explorez le ch\u00e2teau et les jardins de Versailles avec votre guide priv\u00e9 agr\u00e9\u00e9. Apprenez l'histoire de ce site du patrimoine mondial avec nous!\",\"breadcrumb\":{\"@id\":\"https:\/\/tourtravelandmore.com\/fr\/tours\/france-fr\/paris-fr\/best-sellers\/visite-privee-de-5-heures-a-versailles-au-depart-de-paris-en-train\/#breadcrumb\"},\"inLanguage\":\"fr-FR\",\"potentialAction\":[{\"@type\":\"ReadAction\",\"target\":[\"https:\/\/tourtravelandmore.com\/fr\/tours\/france-fr\/paris-fr\/best-sellers\/visite-privee-de-5-heures-a-versailles-au-depart-de-paris-en-train\/\"]}]},{\"@type\":\"ImageObject\",\"inLanguage\":\"fr-FR\",\"@id\":\"https:\/\/tourtravelandmore.com\/fr\/tours\/france-fr\/paris-fr\/best-sellers\/visite-privee-de-5-heures-a-versailles-au-depart-de-paris-en-train\/#primaryimage\",\"url\":\"https:\/\/tourtravelandmore.com\/wp-content\/uploads\/2023\/02\/pexels-carloscruz-artegrafia-11097891-scaled.jpg\",\"contentUrl\":\"https:\/\/tourtravelandmore.com\/wp-content\/uploads\/2023\/02\/pexels-carloscruz-artegrafia-11097891-scaled.jpg\",\"width\":2560,\"height\":1702},{\"@type\":\"BreadcrumbList\",\"@id\":\"https:\/\/tourtravelandmore.com\/fr\/tours\/france-fr\/paris-fr\/best-sellers\/visite-privee-de-5-heures-a-versailles-au-depart-de-paris-en-train\/#breadcrumb\",\"itemListElement\":[{\"@type\":\"ListItem\",\"position\":1,\"name\":\"Home\",\"item\":\"https:\/\/tourtravelandmore.com\/fr\/\"},{\"@type\":\"ListItem\",\"position\":2,\"name\":\"Tours\",\"item\":\"https:\/\/tourtravelandmore.com\/fr\/tours\/\"},{\"@type\":\"ListItem\",\"position\":3,\"name\":\"Visite priv\u00e9e de 5 heures \u00e0 Versailles au d\u00e9part de Paris en train\"}]},{\"@type\":\"WebSite\",\"@id\":\"https:\/\/tourtravelandmore.com\/fr\/#website\",\"url\":\"https:\/\/tourtravelandmore.com\/fr\/\",\"name\":\"Tour Travel And More\",\"description\":\"Private sightseeing tours and luxury transfers in Spain\",\"publisher\":{\"@id\":\"https:\/\/tourtravelandmore.com\/fr\/#organization\"},\"potentialAction\":[{\"@type\":\"SearchAction\",\"target\":{\"@type\":\"EntryPoint\",\"urlTemplate\":\"https:\/\/tourtravelandmore.com\/fr\/?s={search_term_string}\"},\"query-input\":{\"@type\":\"PropertyValueSpecification\",\"valueRequired\":true,\"valueName\":\"search_term_string\"}}],\"inLanguage\":\"fr-FR\"},{\"@type\":\"Organization\",\"@id\":\"https:\/\/tourtravelandmore.com\/fr\/#organization\",\"name\":\"Tour Travel And More\",\"url\":\"https:\/\/tourtravelandmore.com\/fr\/\",\"logo\":{\"@type\":\"ImageObject\",\"inLanguage\":\"fr-FR\",\"@id\":\"https:\/\/tourtravelandmore.com\/fr\/#\/schema\/logo\/image\/\",\"url\":\"https:\/\/tourtravelandmore.com\/wp-content\/uploads\/2022\/12\/cropped-logo-cabecera-new.png\",\"contentUrl\":\"https:\/\/tourtravelandmore.com\/wp-content\/uploads\/2022\/12\/cropped-logo-cabecera-new.png\",\"width\":430,\"height\":61,\"caption\":\"Tour Travel And More\"},\"image\":{\"@id\":\"https:\/\/tourtravelandmore.com\/fr\/#\/schema\/logo\/image\/\"},\"sameAs\":[\"https:\/\/www.facebook.com\/tourtravelandmore\/\",\"https:\/\/x.com\/TourTravel_More\"]}]}<\/script>\n<!-- \/ Yoast SEO Premium plugin. -->","yoast_head_json":{"title":"Visite priv\u00e9e de 5 heures \u00e0 Versailles au d\u00e9part de Paris en train | TTM","description":"D\u00e9couvrez et explorez le ch\u00e2teau et les jardins de Versailles avec votre guide priv\u00e9 agr\u00e9\u00e9. Apprenez l'histoire de ce site du patrimoine mondial avec nous!","robots":{"index":"index","follow":"follow","max-snippet":"max-snippet:-1","max-image-preview":"max-image-preview:large","max-video-preview":"max-video-preview:-1"},"canonical":"https:\/\/tourtravelandmore.com\/fr\/tours\/france-fr\/paris-fr\/best-sellers\/visite-privee-de-5-heures-a-versailles-au-depart-de-paris-en-train\/","og_locale":"fr_FR","og_type":"article","og_title":"Visite priv\u00e9e de 5 heures \u00e0 Versailles au d\u00e9part de Paris en train","og_description":"D\u00e9couvrez et explorez le ch\u00e2teau et les jardins de Versailles avec votre guide priv\u00e9 agr\u00e9\u00e9. Apprenez l'histoire de ce site du patrimoine mondial avec nous!","og_url":"https:\/\/tourtravelandmore.com\/fr\/tours\/france-fr\/paris-fr\/best-sellers\/visite-privee-de-5-heures-a-versailles-au-depart-de-paris-en-train\/","og_site_name":"Tour Travel And More","article_publisher":"https:\/\/www.facebook.com\/tourtravelandmore\/","article_modified_time":"2024-08-06T15:04:18+00:00","og_image":[{"width":2560,"height":1702,"url":"https:\/\/tourtravelandmore.com\/wp-content\/uploads\/2023\/02\/pexels-carloscruz-artegrafia-11097891-scaled.jpg","type":"image\/jpeg"}],"twitter_card":"summary_large_image","twitter_site":"@TourTravel_More","twitter_misc":{"Dur\u00e9e de lecture estim\u00e9e":"3 minutes"},"schema":{"@context":"https:\/\/schema.org","@graph":[{"@type":"WebPage","@id":"https:\/\/tourtravelandmore.com\/fr\/tours\/france-fr\/paris-fr\/best-sellers\/visite-privee-de-5-heures-a-versailles-au-depart-de-paris-en-train\/","url":"https:\/\/tourtravelandmore.com\/fr\/tours\/france-fr\/paris-fr\/best-sellers\/visite-privee-de-5-heures-a-versailles-au-depart-de-paris-en-train\/","name":"Visite priv\u00e9e de 5 heures \u00e0 Versailles au d\u00e9part de Paris en train | TTM","isPartOf":{"@id":"https:\/\/tourtravelandmore.com\/fr\/#website"},"primaryImageOfPage":{"@id":"https:\/\/tourtravelandmore.com\/fr\/tours\/france-fr\/paris-fr\/best-sellers\/visite-privee-de-5-heures-a-versailles-au-depart-de-paris-en-train\/#primaryimage"},"image":{"@id":"https:\/\/tourtravelandmore.com\/fr\/tours\/france-fr\/paris-fr\/best-sellers\/visite-privee-de-5-heures-a-versailles-au-depart-de-paris-en-train\/#primaryimage"},"thumbnailUrl":"https:\/\/tourtravelandmore.com\/wp-content\/uploads\/2023\/02\/pexels-carloscruz-artegrafia-11097891-scaled.jpg","datePublished":"2023-02-22T16:30:29+00:00","dateModified":"2024-08-06T15:04:18+00:00","description":"D\u00e9couvrez et explorez le ch\u00e2teau et les jardins de Versailles avec votre guide priv\u00e9 agr\u00e9\u00e9. Apprenez l'histoire de ce site du patrimoine mondial avec nous!","breadcrumb":{"@id":"https:\/\/tourtravelandmore.com\/fr\/tours\/france-fr\/paris-fr\/best-sellers\/visite-privee-de-5-heures-a-versailles-au-depart-de-paris-en-train\/#breadcrumb"},"inLanguage":"fr-FR","potentialAction":[{"@type":"ReadAction","target":["https:\/\/tourtravelandmore.com\/fr\/tours\/france-fr\/paris-fr\/best-sellers\/visite-privee-de-5-heures-a-versailles-au-depart-de-paris-en-train\/"]}]},{"@type":"ImageObject","inLanguage":"fr-FR","@id":"https:\/\/tourtravelandmore.com\/fr\/tours\/france-fr\/paris-fr\/best-sellers\/visite-privee-de-5-heures-a-versailles-au-depart-de-paris-en-train\/#primaryimage","url":"https:\/\/tourtravelandmore.com\/wp-content\/uploads\/2023\/02\/pexels-carloscruz-artegrafia-11097891-scaled.jpg","contentUrl":"https:\/\/tourtravelandmore.com\/wp-content\/uploads\/2023\/02\/pexels-carloscruz-artegrafia-11097891-scaled.jpg","width":2560,"height":1702},{"@type":"BreadcrumbList","@id":"https:\/\/tourtravelandmore.com\/fr\/tours\/france-fr\/paris-fr\/best-sellers\/visite-privee-de-5-heures-a-versailles-au-depart-de-paris-en-train\/#breadcrumb","itemListElement":[{"@type":"ListItem","position":1,"name":"Home","item":"https:\/\/tourtravelandmore.com\/fr\/"},{"@type":"ListItem","position":2,"name":"Tours","item":"https:\/\/tourtravelandmore.com\/fr\/tours\/"},{"@type":"ListItem","position":3,"name":"Visite priv\u00e9e de 5 heures \u00e0 Versailles au d\u00e9part de Paris en train"}]},{"@type":"WebSite","@id":"https:\/\/tourtravelandmore.com\/fr\/#website","url":"https:\/\/tourtravelandmore.com\/fr\/","name":"Tour Travel And More","description":"Private sightseeing tours and luxury transfers in Spain","publisher":{"@id":"https:\/\/tourtravelandmore.com\/fr\/#organization"},"potentialAction":[{"@type":"SearchAction","target":{"@type":"EntryPoint","urlTemplate":"https:\/\/tourtravelandmore.com\/fr\/?s={search_term_string}"},"query-input":{"@type":"PropertyValueSpecification","valueRequired":true,"valueName":"search_term_string"}}],"inLanguage":"fr-FR"},{"@type":"Organization","@id":"https:\/\/tourtravelandmore.com\/fr\/#organization","name":"Tour Travel And More","url":"https:\/\/tourtravelandmore.com\/fr\/","logo":{"@type":"ImageObject","inLanguage":"fr-FR","@id":"https:\/\/tourtravelandmore.com\/fr\/#\/schema\/logo\/image\/","url":"https:\/\/tourtravelandmore.com\/wp-content\/uploads\/2022\/12\/cropped-logo-cabecera-new.png","contentUrl":"https:\/\/tourtravelandmore.com\/wp-content\/uploads\/2022\/12\/cropped-logo-cabecera-new.png","width":430,"height":61,"caption":"Tour Travel And More"},"image":{"@id":"https:\/\/tourtravelandmore.com\/fr\/#\/schema\/logo\/image\/"},"sameAs":["https:\/\/www.facebook.com\/tourtravelandmore\/","https:\/\/x.com\/TourTravel_More"]}]}},"_links":{"self":[{"href":"https:\/\/tourtravelandmore.com\/fr\/wp-json\/wp\/v2\/product\/154125","targetHints":{"allow":["GET"]}}],"collection":[{"href":"https:\/\/tourtravelandmore.com\/fr\/wp-json\/wp\/v2\/product"}],"about":[{"href":"https:\/\/tourtravelandmore.com\/fr\/wp-json\/wp\/v2\/types\/product"}],"replies":[{"embeddable":true,"href":"https:\/\/tourtravelandmore.com\/fr\/wp-json\/wp\/v2\/comments?post=154125"}],"wp:featuredmedia":[{"embeddable":true,"href":"https:\/\/tourtravelandmore.com\/fr\/wp-json\/wp\/v2\/media\/154139"}],"wp:attachment":[{"href":"https:\/\/tourtravelandmore.com\/fr\/wp-json\/wp\/v2\/media?parent=154125"}],"wp:term":[{"taxonomy":"product_brand","embeddable":true,"href":"https:\/\/tourtravelandmore.com\/fr\/wp-json\/wp\/v2\/product_brand?post=154125"},{"taxonomy":"product_cat","embeddable":true,"href":"https:\/\/tourtravelandmore.com\/fr\/wp-json\/wp\/v2\/product_cat?post=154125"},{"taxonomy":"product_tag","embeddable":true,"href":"https:\/\/tourtravelandmore.com\/fr\/wp-json\/wp\/v2\/product_tag?post=154125"}],"curies":[{"name":"wp","href":"https:\/\/api.w.org\/{rel}","templated":true}]}}