{"id":153606,"date":"2023-02-18T04:24:19","date_gmt":"2023-02-18T03:24:19","guid":{"rendered":"https:\/\/tourtravelandmore.com\/tours\/non%20class\u00e9\/transfert-prive-de-glasgow-a-edimbourg-avec-tour-travel-and-more\/"},"modified":"2023-02-22T02:21:59","modified_gmt":"2023-02-22T01:21:59","slug":"transfert-prive-de-glasgow-a-edimbourg-avec-tour-travel-and-more","status":"publish","type":"product","link":"https:\/\/tourtravelandmore.com\/fr\/tours\/ecosse-fr\/glasgow-fr\/transfert-prive-de-glasgow-a-edimbourg-avec-tour-travel-and-more\/","title":{"rendered":"Transfert priv\u00e9 de Glasgow \u00e0 \u00c9dimbourg avec Tour Travel and More"},"content":{"rendered":"<h2><b>Description du transfert priv\u00e9 de Glasgow \u00e0 Edimbourg<\/b><\/h2>\n<p><span style=\"font-weight: 400;\">Le transfert priv\u00e9 de Glasgow \u00e0 \u00c9dimbourg propos\u00e9 par Tour Travel and More est un service de luxe qui offre un moyen confortable et s\u00fbr de rejoindre la belle ville d&#8217;\u00c9dimbourg depuis Glasgow. Avec une dur\u00e9e d&#8217;un seul transfert, les clients peuvent profiter d&#8217;un v\u00e9hicule de luxe priv\u00e9 avec chauffeur qui les conduira d&#8217;un endroit \u00e0 l&#8217;autre efficacement et sans souci.<\/span><\/p>\n<p><span style=\"font-weight: 400;\">De plus, avec un transfert priv\u00e9 de Glasgow \u00e0 \u00c9dimbourg, les clients peuvent \u00e9viter les tracas de la circulation et les d\u00e9sagr\u00e9ments des transports publics. Le service de luxe offre \u00e9galement une plus grande flexibilit\u00e9 en termes d&#8217;horaires et d&#8217;itin\u00e9raires, permettant aux clients d&#8217;adapter leur voyage \u00e0 leurs besoins individuels. En outre, avec un chauffeur exp\u00e9riment\u00e9 et comp\u00e9tent dans la r\u00e9gion, les clients peuvent \u00eatre assur\u00e9s d&#8217;une exp\u00e9rience de voyage fluide et sans stress. En r\u00e9sum\u00e9, le transfert priv\u00e9 de Glasgow \u00e0 \u00c9dimbourg est une excellente option pour ceux qui recherchent un voyage confortable et sans tracas.<\/span><\/p>\n<h2><b>Transfert priv\u00e9 de Glasgow \u00e0 Edimbourg Points d&#8217;int\u00e9r\u00eat<\/b><\/h2>\n<p><span style=\"font-weight: 400;\">Tout au long du transfert, les visiteurs pourront profiter de vues panoramiques \u00e0 couper le souffle sur les magnifiques paysages \u00e9cossais, et visiter certaines des attractions touristiques les plus c\u00e9l\u00e8bres de la r\u00e9gion. Parmi ces lieux, citons la superbe ville d&#8217;\u00c9dimbourg et ses environs.<\/span><\/p>\n<p><span style=\"font-weight: 400;\">En outre, en cours de route, les voyageurs peuvent choisir de s&#8217;arr\u00eater \u00e0 certains des sites les plus populaires pour prendre une photo ou simplement pour admirer la beaut\u00e9 naturelle. Le chauffeur priv\u00e9 et le guide seront heureux de vous conseiller et de vous recommander des lieux \u00e0 visiter et toute autre information touristique n\u00e9cessaire. En bref, le transfert priv\u00e9 de Glasgow \u00e0 \u00c9dimbourg est un excellent moyen d&#8217;explorer la r\u00e9gion et de voir certains de ses sites les plus embl\u00e9matiques dans le confort et le style.<\/span><\/p>\n<h3><b>\u00c9dimbourg<\/b><\/h3>\n<p><span style=\"font-weight: 400;\">\u00c9dimbourg est une ville vivante et anim\u00e9e, dot\u00e9e d&#8217;une histoire et d&#8217;une culture riches. Elle est connue pour son impressionnant ch\u00e2teau, le Royal Mile et la magnifique cath\u00e9drale St Giles, qui est le plus ancien lieu de culte de la ville. En outre, la ville abrite de nombreux mus\u00e9es, galeries d&#8217;art et magasins, ce qui en fait un endroit parfait pour les personnes int\u00e9ress\u00e9es par l&#8217;histoire et la culture.<\/span><\/p>\n<p><span style=\"font-weight: 400;\">\u00c9dimbourg est \u00e9galement c\u00e9l\u00e8bre pour ses festivals annuels, comme le Festival international d&#8217;\u00c9dimbourg, qui attire des milliers de visiteurs chaque ann\u00e9e. La ville est un m\u00e9lange unique d&#8217;ancien et de moderne, avec de beaux b\u00e2timents historiques et des rues pav\u00e9es, ainsi qu&#8217;un quartier financier et commercial dynamique. Votre transfert priv\u00e9 de Glasgow \u00e0 \u00c9dimbourg vous donne l&#8217;occasion d&#8217;exp\u00e9rimenter tout ce que cette ville a \u00e0 offrir et de la d\u00e9couvrir \u00e0 votre propre rythme.<\/span><\/p>\n<p><span style=\"font-weight: 400;\">D\u00e9couvrez plus d&#8217;informations sur le transfert priv\u00e9 de Glasgow \u00e0 \u00c9dimbourg et d&#8217;autres excursions <\/span><a href=\"https:\/\/tourtravelandmore.com\/fr\/city\/ecosse-fr\/glasgow-fr\/\"><span style=\"font-weight: 400;\">priv\u00e9es propos\u00e9es par Tour Travel and More sur notre site Web.<\/span><\/a><\/p>\n","protected":false},"excerpt":{"rendered":"<p><span style=\"font-weight: 400;\">Red\u00e9couvrez l&#8217;\u00c9cosse de la mani\u00e8re la plus confortable et la plus s\u00fbre avec le transfert priv\u00e9 de Tour Travel and More de Glasgow \u00e0 \u00c9dimbourg !<\/span><\/p>\n","protected":false},"featured_media":142992,"comment_status":"open","ping_status":"closed","template":"","meta":{"_acf_changed":false},"product_brand":[],"product_cat":[4287],"product_tag":[],"class_list":{"0":"post-153606","1":"product","2":"type-product","3":"status-publish","4":"has-post-thumbnail","6":"product_cat-glasgow-fr","8":"first","9":"instock","10":"shipping-taxable","11":"purchasable","12":"product-type-simple"},"acf":[],"yoast_head":"<!-- This site is optimized with the Yoast SEO Premium plugin v25.3.1 (Yoast SEO v25.3.1) - https:\/\/yoast.com\/wordpress\/plugins\/seo\/ -->\n<title>Transfert priv\u00e9 de Glasgow \u00e0 \u00c9dimbourg avec Tour Travel and More<\/title>\n<meta name=\"description\" content=\"D\u00e9couvrez l&#039;\u00c9cosse de la mani\u00e8re la plus confortable avec le transfert priv\u00e9 de Tour Travel and More de Glasgow \u00e0 \u00c9dimbourg - r\u00e9servez d\u00e8s maintenant sur https:\/\/tourtravelandmore.com\/ !\" \/>\n<meta name=\"robots\" content=\"index, follow, max-snippet:-1, max-image-preview:large, max-video-preview:-1\" \/>\n<link rel=\"canonical\" href=\"https:\/\/tourtravelandmore.com\/fr\/tours\/ecosse-fr\/glasgow-fr\/transfert-prive-de-glasgow-a-edimbourg-avec-tour-travel-and-more\/\" \/>\n<meta property=\"og:locale\" content=\"fr_FR\" \/>\n<meta property=\"og:type\" content=\"article\" \/>\n<meta property=\"og:title\" content=\"Transfert priv\u00e9 de Glasgow \u00e0 \u00c9dimbourg avec Tour Travel and More\" \/>\n<meta property=\"og:description\" content=\"D\u00e9couvrez l&#039;\u00c9cosse de la mani\u00e8re la plus confortable avec le transfert priv\u00e9 de Tour Travel and More de Glasgow \u00e0 \u00c9dimbourg - r\u00e9servez d\u00e8s maintenant sur https:\/\/tourtravelandmore.com\/ !\" \/>\n<meta property=\"og:url\" content=\"https:\/\/tourtravelandmore.com\/fr\/tours\/ecosse-fr\/glasgow-fr\/transfert-prive-de-glasgow-a-edimbourg-avec-tour-travel-and-more\/\" \/>\n<meta property=\"og:site_name\" content=\"Tour Travel And More\" \/>\n<meta property=\"article:publisher\" content=\"https:\/\/www.facebook.com\/tourtravelandmore\/\" \/>\n<meta property=\"article:modified_time\" content=\"2023-02-22T01:21:59+00:00\" \/>\n<meta property=\"og:image\" content=\"https:\/\/tourtravelandmore.com\/wp-content\/uploads\/2019\/10\/bmw_750li_xdrive_19_0.jpg\" \/>\n\t<meta property=\"og:image:width\" content=\"1958\" \/>\n\t<meta property=\"og:image:height\" content=\"1102\" \/>\n\t<meta property=\"og:image:type\" content=\"image\/jpeg\" \/>\n<meta name=\"twitter:card\" content=\"summary_large_image\" \/>\n<meta name=\"twitter:site\" content=\"@TourTravel_More\" \/>\n<meta name=\"twitter:label1\" content=\"Dur\u00e9e de lecture estim\u00e9e\" \/>\n\t<meta name=\"twitter:data1\" content=\"3 minutes\" \/>\n<script type=\"application\/ld+json\" class=\"yoast-schema-graph\">{\"@context\":\"https:\/\/schema.org\",\"@graph\":[{\"@type\":\"WebPage\",\"@id\":\"https:\/\/tourtravelandmore.com\/fr\/tours\/ecosse-fr\/glasgow-fr\/transfert-prive-de-glasgow-a-edimbourg-avec-tour-travel-and-more\/\",\"url\":\"https:\/\/tourtravelandmore.com\/fr\/tours\/ecosse-fr\/glasgow-fr\/transfert-prive-de-glasgow-a-edimbourg-avec-tour-travel-and-more\/\",\"name\":\"Transfert priv\u00e9 de Glasgow \u00e0 \u00c9dimbourg avec Tour Travel and More\",\"isPartOf\":{\"@id\":\"https:\/\/tourtravelandmore.com\/fr\/#website\"},\"primaryImageOfPage\":{\"@id\":\"https:\/\/tourtravelandmore.com\/fr\/tours\/ecosse-fr\/glasgow-fr\/transfert-prive-de-glasgow-a-edimbourg-avec-tour-travel-and-more\/#primaryimage\"},\"image\":{\"@id\":\"https:\/\/tourtravelandmore.com\/fr\/tours\/ecosse-fr\/glasgow-fr\/transfert-prive-de-glasgow-a-edimbourg-avec-tour-travel-and-more\/#primaryimage\"},\"thumbnailUrl\":\"https:\/\/tourtravelandmore.com\/wp-content\/uploads\/2019\/10\/bmw_750li_xdrive_19_0.jpg\",\"datePublished\":\"2023-02-18T03:24:19+00:00\",\"dateModified\":\"2023-02-22T01:21:59+00:00\",\"description\":\"D\u00e9couvrez l'\u00c9cosse de la mani\u00e8re la plus confortable avec le transfert priv\u00e9 de Tour Travel and More de Glasgow \u00e0 \u00c9dimbourg - r\u00e9servez d\u00e8s maintenant sur https:\/\/tourtravelandmore.com\/ !\",\"breadcrumb\":{\"@id\":\"https:\/\/tourtravelandmore.com\/fr\/tours\/ecosse-fr\/glasgow-fr\/transfert-prive-de-glasgow-a-edimbourg-avec-tour-travel-and-more\/#breadcrumb\"},\"inLanguage\":\"fr-FR\",\"potentialAction\":[{\"@type\":\"ReadAction\",\"target\":[\"https:\/\/tourtravelandmore.com\/fr\/tours\/ecosse-fr\/glasgow-fr\/transfert-prive-de-glasgow-a-edimbourg-avec-tour-travel-and-more\/\"]}]},{\"@type\":\"ImageObject\",\"inLanguage\":\"fr-FR\",\"@id\":\"https:\/\/tourtravelandmore.com\/fr\/tours\/ecosse-fr\/glasgow-fr\/transfert-prive-de-glasgow-a-edimbourg-avec-tour-travel-and-more\/#primaryimage\",\"url\":\"https:\/\/tourtravelandmore.com\/wp-content\/uploads\/2019\/10\/bmw_750li_xdrive_19_0.jpg\",\"contentUrl\":\"https:\/\/tourtravelandmore.com\/wp-content\/uploads\/2019\/10\/bmw_750li_xdrive_19_0.jpg\",\"width\":1958,\"height\":1102},{\"@type\":\"BreadcrumbList\",\"@id\":\"https:\/\/tourtravelandmore.com\/fr\/tours\/ecosse-fr\/glasgow-fr\/transfert-prive-de-glasgow-a-edimbourg-avec-tour-travel-and-more\/#breadcrumb\",\"itemListElement\":[{\"@type\":\"ListItem\",\"position\":1,\"name\":\"Home\",\"item\":\"https:\/\/tourtravelandmore.com\/fr\/\"},{\"@type\":\"ListItem\",\"position\":2,\"name\":\"Tours\",\"item\":\"https:\/\/tourtravelandmore.com\/fr\/tours\/\"},{\"@type\":\"ListItem\",\"position\":3,\"name\":\"Transfert priv\u00e9 de Glasgow \u00e0 \u00c9dimbourg avec Tour Travel and More\"}]},{\"@type\":\"WebSite\",\"@id\":\"https:\/\/tourtravelandmore.com\/fr\/#website\",\"url\":\"https:\/\/tourtravelandmore.com\/fr\/\",\"name\":\"Tour Travel And More\",\"description\":\"Private sightseeing tours and luxury transfers in Spain\",\"publisher\":{\"@id\":\"https:\/\/tourtravelandmore.com\/fr\/#organization\"},\"potentialAction\":[{\"@type\":\"SearchAction\",\"target\":{\"@type\":\"EntryPoint\",\"urlTemplate\":\"https:\/\/tourtravelandmore.com\/fr\/?s={search_term_string}\"},\"query-input\":{\"@type\":\"PropertyValueSpecification\",\"valueRequired\":true,\"valueName\":\"search_term_string\"}}],\"inLanguage\":\"fr-FR\"},{\"@type\":\"Organization\",\"@id\":\"https:\/\/tourtravelandmore.com\/fr\/#organization\",\"name\":\"Tour Travel And More\",\"url\":\"https:\/\/tourtravelandmore.com\/fr\/\",\"logo\":{\"@type\":\"ImageObject\",\"inLanguage\":\"fr-FR\",\"@id\":\"https:\/\/tourtravelandmore.com\/fr\/#\/schema\/logo\/image\/\",\"url\":\"https:\/\/tourtravelandmore.com\/wp-content\/uploads\/2022\/12\/cropped-logo-cabecera-new.png\",\"contentUrl\":\"https:\/\/tourtravelandmore.com\/wp-content\/uploads\/2022\/12\/cropped-logo-cabecera-new.png\",\"width\":430,\"height\":61,\"caption\":\"Tour Travel And More\"},\"image\":{\"@id\":\"https:\/\/tourtravelandmore.com\/fr\/#\/schema\/logo\/image\/\"},\"sameAs\":[\"https:\/\/www.facebook.com\/tourtravelandmore\/\",\"https:\/\/x.com\/TourTravel_More\"]}]}<\/script>\n<!-- \/ Yoast SEO Premium plugin. -->","yoast_head_json":{"title":"Transfert priv\u00e9 de Glasgow \u00e0 \u00c9dimbourg avec Tour Travel and More","description":"D\u00e9couvrez l'\u00c9cosse de la mani\u00e8re la plus confortable avec le transfert priv\u00e9 de Tour Travel and More de Glasgow \u00e0 \u00c9dimbourg - r\u00e9servez d\u00e8s maintenant sur https:\/\/tourtravelandmore.com\/ !","robots":{"index":"index","follow":"follow","max-snippet":"max-snippet:-1","max-image-preview":"max-image-preview:large","max-video-preview":"max-video-preview:-1"},"canonical":"https:\/\/tourtravelandmore.com\/fr\/tours\/ecosse-fr\/glasgow-fr\/transfert-prive-de-glasgow-a-edimbourg-avec-tour-travel-and-more\/","og_locale":"fr_FR","og_type":"article","og_title":"Transfert priv\u00e9 de Glasgow \u00e0 \u00c9dimbourg avec Tour Travel and More","og_description":"D\u00e9couvrez l'\u00c9cosse de la mani\u00e8re la plus confortable avec le transfert priv\u00e9 de Tour Travel and More de Glasgow \u00e0 \u00c9dimbourg - r\u00e9servez d\u00e8s maintenant sur https:\/\/tourtravelandmore.com\/ !","og_url":"https:\/\/tourtravelandmore.com\/fr\/tours\/ecosse-fr\/glasgow-fr\/transfert-prive-de-glasgow-a-edimbourg-avec-tour-travel-and-more\/","og_site_name":"Tour Travel And More","article_publisher":"https:\/\/www.facebook.com\/tourtravelandmore\/","article_modified_time":"2023-02-22T01:21:59+00:00","og_image":[{"width":1958,"height":1102,"url":"https:\/\/tourtravelandmore.com\/wp-content\/uploads\/2019\/10\/bmw_750li_xdrive_19_0.jpg","type":"image\/jpeg"}],"twitter_card":"summary_large_image","twitter_site":"@TourTravel_More","twitter_misc":{"Dur\u00e9e de lecture estim\u00e9e":"3 minutes"},"schema":{"@context":"https:\/\/schema.org","@graph":[{"@type":"WebPage","@id":"https:\/\/tourtravelandmore.com\/fr\/tours\/ecosse-fr\/glasgow-fr\/transfert-prive-de-glasgow-a-edimbourg-avec-tour-travel-and-more\/","url":"https:\/\/tourtravelandmore.com\/fr\/tours\/ecosse-fr\/glasgow-fr\/transfert-prive-de-glasgow-a-edimbourg-avec-tour-travel-and-more\/","name":"Transfert priv\u00e9 de Glasgow \u00e0 \u00c9dimbourg avec Tour Travel and More","isPartOf":{"@id":"https:\/\/tourtravelandmore.com\/fr\/#website"},"primaryImageOfPage":{"@id":"https:\/\/tourtravelandmore.com\/fr\/tours\/ecosse-fr\/glasgow-fr\/transfert-prive-de-glasgow-a-edimbourg-avec-tour-travel-and-more\/#primaryimage"},"image":{"@id":"https:\/\/tourtravelandmore.com\/fr\/tours\/ecosse-fr\/glasgow-fr\/transfert-prive-de-glasgow-a-edimbourg-avec-tour-travel-and-more\/#primaryimage"},"thumbnailUrl":"https:\/\/tourtravelandmore.com\/wp-content\/uploads\/2019\/10\/bmw_750li_xdrive_19_0.jpg","datePublished":"2023-02-18T03:24:19+00:00","dateModified":"2023-02-22T01:21:59+00:00","description":"D\u00e9couvrez l'\u00c9cosse de la mani\u00e8re la plus confortable avec le transfert priv\u00e9 de Tour Travel and More de Glasgow \u00e0 \u00c9dimbourg - r\u00e9servez d\u00e8s maintenant sur https:\/\/tourtravelandmore.com\/ !","breadcrumb":{"@id":"https:\/\/tourtravelandmore.com\/fr\/tours\/ecosse-fr\/glasgow-fr\/transfert-prive-de-glasgow-a-edimbourg-avec-tour-travel-and-more\/#breadcrumb"},"inLanguage":"fr-FR","potentialAction":[{"@type":"ReadAction","target":["https:\/\/tourtravelandmore.com\/fr\/tours\/ecosse-fr\/glasgow-fr\/transfert-prive-de-glasgow-a-edimbourg-avec-tour-travel-and-more\/"]}]},{"@type":"ImageObject","inLanguage":"fr-FR","@id":"https:\/\/tourtravelandmore.com\/fr\/tours\/ecosse-fr\/glasgow-fr\/transfert-prive-de-glasgow-a-edimbourg-avec-tour-travel-and-more\/#primaryimage","url":"https:\/\/tourtravelandmore.com\/wp-content\/uploads\/2019\/10\/bmw_750li_xdrive_19_0.jpg","contentUrl":"https:\/\/tourtravelandmore.com\/wp-content\/uploads\/2019\/10\/bmw_750li_xdrive_19_0.jpg","width":1958,"height":1102},{"@type":"BreadcrumbList","@id":"https:\/\/tourtravelandmore.com\/fr\/tours\/ecosse-fr\/glasgow-fr\/transfert-prive-de-glasgow-a-edimbourg-avec-tour-travel-and-more\/#breadcrumb","itemListElement":[{"@type":"ListItem","position":1,"name":"Home","item":"https:\/\/tourtravelandmore.com\/fr\/"},{"@type":"ListItem","position":2,"name":"Tours","item":"https:\/\/tourtravelandmore.com\/fr\/tours\/"},{"@type":"ListItem","position":3,"name":"Transfert priv\u00e9 de Glasgow \u00e0 \u00c9dimbourg avec Tour Travel and More"}]},{"@type":"WebSite","@id":"https:\/\/tourtravelandmore.com\/fr\/#website","url":"https:\/\/tourtravelandmore.com\/fr\/","name":"Tour Travel And More","description":"Private sightseeing tours and luxury transfers in Spain","publisher":{"@id":"https:\/\/tourtravelandmore.com\/fr\/#organization"},"potentialAction":[{"@type":"SearchAction","target":{"@type":"EntryPoint","urlTemplate":"https:\/\/tourtravelandmore.com\/fr\/?s={search_term_string}"},"query-input":{"@type":"PropertyValueSpecification","valueRequired":true,"valueName":"search_term_string"}}],"inLanguage":"fr-FR"},{"@type":"Organization","@id":"https:\/\/tourtravelandmore.com\/fr\/#organization","name":"Tour Travel And More","url":"https:\/\/tourtravelandmore.com\/fr\/","logo":{"@type":"ImageObject","inLanguage":"fr-FR","@id":"https:\/\/tourtravelandmore.com\/fr\/#\/schema\/logo\/image\/","url":"https:\/\/tourtravelandmore.com\/wp-content\/uploads\/2022\/12\/cropped-logo-cabecera-new.png","contentUrl":"https:\/\/tourtravelandmore.com\/wp-content\/uploads\/2022\/12\/cropped-logo-cabecera-new.png","width":430,"height":61,"caption":"Tour Travel And More"},"image":{"@id":"https:\/\/tourtravelandmore.com\/fr\/#\/schema\/logo\/image\/"},"sameAs":["https:\/\/www.facebook.com\/tourtravelandmore\/","https:\/\/x.com\/TourTravel_More"]}]}},"_links":{"self":[{"href":"https:\/\/tourtravelandmore.com\/fr\/wp-json\/wp\/v2\/product\/153606","targetHints":{"allow":["GET"]}}],"collection":[{"href":"https:\/\/tourtravelandmore.com\/fr\/wp-json\/wp\/v2\/product"}],"about":[{"href":"https:\/\/tourtravelandmore.com\/fr\/wp-json\/wp\/v2\/types\/product"}],"replies":[{"embeddable":true,"href":"https:\/\/tourtravelandmore.com\/fr\/wp-json\/wp\/v2\/comments?post=153606"}],"wp:featuredmedia":[{"embeddable":true,"href":"https:\/\/tourtravelandmore.com\/fr\/wp-json\/wp\/v2\/media\/142992"}],"wp:attachment":[{"href":"https:\/\/tourtravelandmore.com\/fr\/wp-json\/wp\/v2\/media?parent=153606"}],"wp:term":[{"taxonomy":"product_brand","embeddable":true,"href":"https:\/\/tourtravelandmore.com\/fr\/wp-json\/wp\/v2\/product_brand?post=153606"},{"taxonomy":"product_cat","embeddable":true,"href":"https:\/\/tourtravelandmore.com\/fr\/wp-json\/wp\/v2\/product_cat?post=153606"},{"taxonomy":"product_tag","embeddable":true,"href":"https:\/\/tourtravelandmore.com\/fr\/wp-json\/wp\/v2\/product_tag?post=153606"}],"curies":[{"name":"wp","href":"https:\/\/api.w.org\/{rel}","templated":true}]}}