{"id":153578,"date":"2023-02-18T01:44:10","date_gmt":"2023-02-18T00:44:10","guid":{"rendered":"https:\/\/tourtravelandmore.com\/tours\/non%20class\u00e9\/visite-privee-du-loch-ness-au-depart-de-glasgow\/"},"modified":"2023-02-22T02:13:25","modified_gmt":"2023-02-22T01:13:25","slug":"visite-privee-du-loch-ness-au-depart-de-glasgow","status":"publish","type":"product","link":"https:\/\/tourtravelandmore.com\/fr\/tours\/ecosse-fr\/glasgow-fr\/visite-privee-du-loch-ness-au-depart-de-glasgow\/","title":{"rendered":"Visite priv\u00e9e du Loch Ness au d\u00e9part de Glasgow"},"content":{"rendered":"<h2><b>Description de l&#8217;excursion priv\u00e9e au Loch Ness depuis Glasgow<\/b><\/h2>\n<p><span style=\"font-weight: 400;\">Cette excursion priv\u00e9e de 12 heures au Loch Ness depuis Glasgow est une occasion unique de d\u00e9couvrir l&#8217;un des plus beaux paysages d&#8217;\u00c9cosse, en compagnie d&#8217;un guide sp\u00e9cialis\u00e9 et d&#8217;une voiture de luxe avec chauffeur priv\u00e9. Le circuit est con\u00e7u par Tour Travel and More pour offrir une exp\u00e9rience de voyage confortable et sans stress qui permet aux voyageurs d&#8217;explorer la riche histoire et la beaut\u00e9 naturelle de la r\u00e9gion. En outre, au cours du voyage, les voyageurs auront \u00e9galement l&#8217;occasion de d\u00e9couvrir les secrets cach\u00e9s de la r\u00e9gion et d&#8217;en apprendre davantage sur sa culture.<\/span><\/p>\n<h2><b>Points d&#8217;int\u00e9r\u00eat de l&#8217;excursion priv\u00e9e au Loch Ness au d\u00e9part de Glasgow<\/b><\/h2>\n<p><span style=\"font-weight: 400;\">La visite de ces points d&#8217;int\u00e9r\u00eat est une partie importante de cette visite priv\u00e9e de 12 heures du Loch Ness au d\u00e9part de Glasgow. Les visiteurs auront l&#8217;occasion de d\u00e9couvrir la beaut\u00e9 naturelle et la riche histoire de la r\u00e9gion tout en visitant des sites c\u00e9l\u00e8bres comme le Loch Ness. Pendant la visite, le guide expert fournira des informations sur l&#8217;histoire et la culture locales, permettant aux visiteurs de vivre une exp\u00e9rience compl\u00e8te et inoubliable. De plus, gr\u00e2ce au confort de la voiture de luxe avec chauffeur priv\u00e9, les visiteurs pourront profiter de vues panoramiques \u00e9poustouflantes de la r\u00e9gion sans avoir \u00e0 se soucier de la logistique.<\/span><\/p>\n<h3><b>Loch Ness<\/b><\/h3>\n<p><span style=\"font-weight: 400;\">En plus de ces sites, les visiteurs peuvent \u00e9galement se rendre au ch\u00e2teau d&#8217;Urquhart, un impressionnant ch\u00e2teau en ruine situ\u00e9 sur les rives du loch. Ce ch\u00e2teau, t\u00e9moin de l&#8217;histoire et des guerres \u00e9cossaises, est un lieu fascinant \u00e0 explorer et \u00e0 d\u00e9couvrir. Il existe \u00e9galement une grande vari\u00e9t\u00e9 de sentiers de randonn\u00e9e autour du loch, permettant aux visiteurs de profiter de la nature et d&#8217;observer la faune locale. Pour ceux qui s&#8217;int\u00e9ressent \u00e0 la l\u00e9gende de Nessie, il existe une visite guid\u00e9e sp\u00e9ciale qui explore l&#8217;histoire et la mythologie de la cr\u00e9ature du lac.<\/span><\/p>\n<p><b>Pour en savoir plus sur l&#8217;excursion priv\u00e9e Loch Ness au d\u00e9part de Glasgow et sur les autres excursions priv\u00e9es propos\u00e9es par Tour Travel and More, consultez leur site Web https:\/\/tourtravelandmore.com\/.<\/b><\/p>\n<p><span style=\"font-weight: 400;\">Tour Travel and More propose un large \u00e9ventail de circuits priv\u00e9s qui permettent aux voyageurs d&#8217;explorer certains des plus beaux endroits d&#8217;\u00c9cosse. La visite priv\u00e9e du Loch Ness au d\u00e9part de Glasgow est l&#8217;une des options les plus populaires. Elle offre une exp\u00e9rience unique et inoubliable \u00e0 ceux qui souhaitent d\u00e9couvrir la beaut\u00e9 naturelle et la riche histoire de la r\u00e9gion.\u00a0<\/span><\/p>\n<p><span style=\"font-weight: 400;\">Avec un guide expert et une voiture de luxe priv\u00e9e avec chauffeur, les voyageurs peuvent profiter au maximum de leur temps et visiter certains des sites les plus embl\u00e9matiques de la r\u00e9gion, notamment le magnifique Loch Ness et ses environs. En outre, les voyageurs peuvent en apprendre davantage sur la culture locale et l&#8217;histoire de la r\u00e9gion gr\u00e2ce aux mus\u00e9es et aux centres d&#8217;information. Pour plus d&#8217;informations sur cette option et d&#8217;autres visites priv\u00e9es propos\u00e9es par Tour Travel and More, <\/span><a href=\"https:\/\/tourtravelandmore.com\/fr\/city\/ecosse-fr\/glasgow-fr\/\"><span style=\"font-weight: 400;\">veuillez consulter notre site Web.<\/span><\/a><\/p>\n","protected":false},"excerpt":{"rendered":"<p><span style=\"font-weight: 400;\">D\u00e9couvrez la beaut\u00e9 et l&#8217;histoire de l&#8217;\u00c9cosse lors d&#8217;une visite priv\u00e9e du Loch Ness au d\u00e9part de Glasgow avec Tour Travel and More ! Avec un guide expert et une voiture de luxe priv\u00e9e avec chauffeur, ce circuit est le moyen id\u00e9al d&#8217;explorer la r\u00e9gion dans le confort et le style.<\/span><\/p>\n","protected":false},"featured_media":153565,"comment_status":"open","ping_status":"closed","template":"","meta":{"_acf_changed":false},"product_brand":[],"product_cat":[4287],"product_tag":[],"class_list":{"0":"post-153578","1":"product","2":"type-product","3":"status-publish","4":"has-post-thumbnail","6":"product_cat-glasgow-fr","8":"first","9":"instock","10":"shipping-taxable","11":"purchasable","12":"product-type-simple"},"acf":[],"yoast_head":"<!-- This site is optimized with the Yoast SEO Premium plugin v25.3.1 (Yoast SEO v25.3.1) - https:\/\/yoast.com\/wordpress\/plugins\/seo\/ -->\n<title>Visite priv\u00e9e du Loch Ness au d\u00e9part de Glasgow avec Tour Travel and More<\/title>\n<meta name=\"description\" content=\"Explorez la beaut\u00e9 du Loch Ness et d\u00e9couvrez la riche histoire de l&#039;\u00c9cosse lors d&#039;une visite priv\u00e9e avec Tour Travel and More. Avec guide et voiture de luxe avec chauffeur priv\u00e9.\" \/>\n<meta name=\"robots\" content=\"index, follow, max-snippet:-1, max-image-preview:large, max-video-preview:-1\" \/>\n<link rel=\"canonical\" href=\"https:\/\/tourtravelandmore.com\/fr\/tours\/ecosse-fr\/glasgow-fr\/visite-privee-du-loch-ness-au-depart-de-glasgow\/\" \/>\n<meta property=\"og:locale\" content=\"fr_FR\" \/>\n<meta property=\"og:type\" content=\"article\" \/>\n<meta property=\"og:title\" content=\"Visite priv\u00e9e du Loch Ness au d\u00e9part de Glasgow\" \/>\n<meta property=\"og:description\" content=\"Explorez la beaut\u00e9 du Loch Ness et d\u00e9couvrez la riche histoire de l&#039;\u00c9cosse lors d&#039;une visite priv\u00e9e avec Tour Travel and More. Avec guide et voiture de luxe avec chauffeur priv\u00e9.\" \/>\n<meta property=\"og:url\" content=\"https:\/\/tourtravelandmore.com\/fr\/tours\/ecosse-fr\/glasgow-fr\/visite-privee-du-loch-ness-au-depart-de-glasgow\/\" \/>\n<meta property=\"og:site_name\" content=\"Tour Travel And More\" \/>\n<meta property=\"article:publisher\" content=\"https:\/\/www.facebook.com\/tourtravelandmore\/\" \/>\n<meta property=\"article:modified_time\" content=\"2023-02-22T01:13:25+00:00\" \/>\n<meta property=\"og:image\" content=\"https:\/\/tourtravelandmore.com\/wp-content\/uploads\/2023\/02\/image4-5.jpg\" \/>\n\t<meta property=\"og:image:width\" content=\"950\" \/>\n\t<meta property=\"og:image:height\" content=\"750\" \/>\n\t<meta property=\"og:image:type\" content=\"image\/jpeg\" \/>\n<meta name=\"twitter:card\" content=\"summary_large_image\" \/>\n<meta name=\"twitter:site\" content=\"@TourTravel_More\" \/>\n<meta name=\"twitter:label1\" content=\"Dur\u00e9e de lecture estim\u00e9e\" \/>\n\t<meta name=\"twitter:data1\" content=\"3 minutes\" \/>\n<script type=\"application\/ld+json\" class=\"yoast-schema-graph\">{\"@context\":\"https:\/\/schema.org\",\"@graph\":[{\"@type\":\"WebPage\",\"@id\":\"https:\/\/tourtravelandmore.com\/fr\/tours\/ecosse-fr\/glasgow-fr\/visite-privee-du-loch-ness-au-depart-de-glasgow\/\",\"url\":\"https:\/\/tourtravelandmore.com\/fr\/tours\/ecosse-fr\/glasgow-fr\/visite-privee-du-loch-ness-au-depart-de-glasgow\/\",\"name\":\"Visite priv\u00e9e du Loch Ness au d\u00e9part de Glasgow avec Tour Travel and More\",\"isPartOf\":{\"@id\":\"https:\/\/tourtravelandmore.com\/fr\/#website\"},\"primaryImageOfPage\":{\"@id\":\"https:\/\/tourtravelandmore.com\/fr\/tours\/ecosse-fr\/glasgow-fr\/visite-privee-du-loch-ness-au-depart-de-glasgow\/#primaryimage\"},\"image\":{\"@id\":\"https:\/\/tourtravelandmore.com\/fr\/tours\/ecosse-fr\/glasgow-fr\/visite-privee-du-loch-ness-au-depart-de-glasgow\/#primaryimage\"},\"thumbnailUrl\":\"https:\/\/tourtravelandmore.com\/wp-content\/uploads\/2023\/02\/image4-5.jpg\",\"datePublished\":\"2023-02-18T00:44:10+00:00\",\"dateModified\":\"2023-02-22T01:13:25+00:00\",\"description\":\"Explorez la beaut\u00e9 du Loch Ness et d\u00e9couvrez la riche histoire de l'\u00c9cosse lors d'une visite priv\u00e9e avec Tour Travel and More. Avec guide et voiture de luxe avec chauffeur priv\u00e9.\",\"breadcrumb\":{\"@id\":\"https:\/\/tourtravelandmore.com\/fr\/tours\/ecosse-fr\/glasgow-fr\/visite-privee-du-loch-ness-au-depart-de-glasgow\/#breadcrumb\"},\"inLanguage\":\"fr-FR\",\"potentialAction\":[{\"@type\":\"ReadAction\",\"target\":[\"https:\/\/tourtravelandmore.com\/fr\/tours\/ecosse-fr\/glasgow-fr\/visite-privee-du-loch-ness-au-depart-de-glasgow\/\"]}]},{\"@type\":\"ImageObject\",\"inLanguage\":\"fr-FR\",\"@id\":\"https:\/\/tourtravelandmore.com\/fr\/tours\/ecosse-fr\/glasgow-fr\/visite-privee-du-loch-ness-au-depart-de-glasgow\/#primaryimage\",\"url\":\"https:\/\/tourtravelandmore.com\/wp-content\/uploads\/2023\/02\/image4-5.jpg\",\"contentUrl\":\"https:\/\/tourtravelandmore.com\/wp-content\/uploads\/2023\/02\/image4-5.jpg\",\"width\":950,\"height\":750},{\"@type\":\"BreadcrumbList\",\"@id\":\"https:\/\/tourtravelandmore.com\/fr\/tours\/ecosse-fr\/glasgow-fr\/visite-privee-du-loch-ness-au-depart-de-glasgow\/#breadcrumb\",\"itemListElement\":[{\"@type\":\"ListItem\",\"position\":1,\"name\":\"Home\",\"item\":\"https:\/\/tourtravelandmore.com\/fr\/\"},{\"@type\":\"ListItem\",\"position\":2,\"name\":\"Tours\",\"item\":\"https:\/\/tourtravelandmore.com\/fr\/tours\/\"},{\"@type\":\"ListItem\",\"position\":3,\"name\":\"Visite priv\u00e9e du Loch Ness au d\u00e9part de Glasgow\"}]},{\"@type\":\"WebSite\",\"@id\":\"https:\/\/tourtravelandmore.com\/fr\/#website\",\"url\":\"https:\/\/tourtravelandmore.com\/fr\/\",\"name\":\"Tour Travel And More\",\"description\":\"Private sightseeing tours and luxury transfers in Spain\",\"publisher\":{\"@id\":\"https:\/\/tourtravelandmore.com\/fr\/#organization\"},\"potentialAction\":[{\"@type\":\"SearchAction\",\"target\":{\"@type\":\"EntryPoint\",\"urlTemplate\":\"https:\/\/tourtravelandmore.com\/fr\/?s={search_term_string}\"},\"query-input\":{\"@type\":\"PropertyValueSpecification\",\"valueRequired\":true,\"valueName\":\"search_term_string\"}}],\"inLanguage\":\"fr-FR\"},{\"@type\":\"Organization\",\"@id\":\"https:\/\/tourtravelandmore.com\/fr\/#organization\",\"name\":\"Tour Travel And More\",\"url\":\"https:\/\/tourtravelandmore.com\/fr\/\",\"logo\":{\"@type\":\"ImageObject\",\"inLanguage\":\"fr-FR\",\"@id\":\"https:\/\/tourtravelandmore.com\/fr\/#\/schema\/logo\/image\/\",\"url\":\"https:\/\/tourtravelandmore.com\/wp-content\/uploads\/2022\/12\/cropped-logo-cabecera-new.png\",\"contentUrl\":\"https:\/\/tourtravelandmore.com\/wp-content\/uploads\/2022\/12\/cropped-logo-cabecera-new.png\",\"width\":430,\"height\":61,\"caption\":\"Tour Travel And More\"},\"image\":{\"@id\":\"https:\/\/tourtravelandmore.com\/fr\/#\/schema\/logo\/image\/\"},\"sameAs\":[\"https:\/\/www.facebook.com\/tourtravelandmore\/\",\"https:\/\/x.com\/TourTravel_More\"]}]}<\/script>\n<!-- \/ Yoast SEO Premium plugin. -->","yoast_head_json":{"title":"Visite priv\u00e9e du Loch Ness au d\u00e9part de Glasgow avec Tour Travel and More","description":"Explorez la beaut\u00e9 du Loch Ness et d\u00e9couvrez la riche histoire de l'\u00c9cosse lors d'une visite priv\u00e9e avec Tour Travel and More. Avec guide et voiture de luxe avec chauffeur priv\u00e9.","robots":{"index":"index","follow":"follow","max-snippet":"max-snippet:-1","max-image-preview":"max-image-preview:large","max-video-preview":"max-video-preview:-1"},"canonical":"https:\/\/tourtravelandmore.com\/fr\/tours\/ecosse-fr\/glasgow-fr\/visite-privee-du-loch-ness-au-depart-de-glasgow\/","og_locale":"fr_FR","og_type":"article","og_title":"Visite priv\u00e9e du Loch Ness au d\u00e9part de Glasgow","og_description":"Explorez la beaut\u00e9 du Loch Ness et d\u00e9couvrez la riche histoire de l'\u00c9cosse lors d'une visite priv\u00e9e avec Tour Travel and More. Avec guide et voiture de luxe avec chauffeur priv\u00e9.","og_url":"https:\/\/tourtravelandmore.com\/fr\/tours\/ecosse-fr\/glasgow-fr\/visite-privee-du-loch-ness-au-depart-de-glasgow\/","og_site_name":"Tour Travel And More","article_publisher":"https:\/\/www.facebook.com\/tourtravelandmore\/","article_modified_time":"2023-02-22T01:13:25+00:00","og_image":[{"width":950,"height":750,"url":"https:\/\/tourtravelandmore.com\/wp-content\/uploads\/2023\/02\/image4-5.jpg","type":"image\/jpeg"}],"twitter_card":"summary_large_image","twitter_site":"@TourTravel_More","twitter_misc":{"Dur\u00e9e de lecture estim\u00e9e":"3 minutes"},"schema":{"@context":"https:\/\/schema.org","@graph":[{"@type":"WebPage","@id":"https:\/\/tourtravelandmore.com\/fr\/tours\/ecosse-fr\/glasgow-fr\/visite-privee-du-loch-ness-au-depart-de-glasgow\/","url":"https:\/\/tourtravelandmore.com\/fr\/tours\/ecosse-fr\/glasgow-fr\/visite-privee-du-loch-ness-au-depart-de-glasgow\/","name":"Visite priv\u00e9e du Loch Ness au d\u00e9part de Glasgow avec Tour Travel and More","isPartOf":{"@id":"https:\/\/tourtravelandmore.com\/fr\/#website"},"primaryImageOfPage":{"@id":"https:\/\/tourtravelandmore.com\/fr\/tours\/ecosse-fr\/glasgow-fr\/visite-privee-du-loch-ness-au-depart-de-glasgow\/#primaryimage"},"image":{"@id":"https:\/\/tourtravelandmore.com\/fr\/tours\/ecosse-fr\/glasgow-fr\/visite-privee-du-loch-ness-au-depart-de-glasgow\/#primaryimage"},"thumbnailUrl":"https:\/\/tourtravelandmore.com\/wp-content\/uploads\/2023\/02\/image4-5.jpg","datePublished":"2023-02-18T00:44:10+00:00","dateModified":"2023-02-22T01:13:25+00:00","description":"Explorez la beaut\u00e9 du Loch Ness et d\u00e9couvrez la riche histoire de l'\u00c9cosse lors d'une visite priv\u00e9e avec Tour Travel and More. Avec guide et voiture de luxe avec chauffeur priv\u00e9.","breadcrumb":{"@id":"https:\/\/tourtravelandmore.com\/fr\/tours\/ecosse-fr\/glasgow-fr\/visite-privee-du-loch-ness-au-depart-de-glasgow\/#breadcrumb"},"inLanguage":"fr-FR","potentialAction":[{"@type":"ReadAction","target":["https:\/\/tourtravelandmore.com\/fr\/tours\/ecosse-fr\/glasgow-fr\/visite-privee-du-loch-ness-au-depart-de-glasgow\/"]}]},{"@type":"ImageObject","inLanguage":"fr-FR","@id":"https:\/\/tourtravelandmore.com\/fr\/tours\/ecosse-fr\/glasgow-fr\/visite-privee-du-loch-ness-au-depart-de-glasgow\/#primaryimage","url":"https:\/\/tourtravelandmore.com\/wp-content\/uploads\/2023\/02\/image4-5.jpg","contentUrl":"https:\/\/tourtravelandmore.com\/wp-content\/uploads\/2023\/02\/image4-5.jpg","width":950,"height":750},{"@type":"BreadcrumbList","@id":"https:\/\/tourtravelandmore.com\/fr\/tours\/ecosse-fr\/glasgow-fr\/visite-privee-du-loch-ness-au-depart-de-glasgow\/#breadcrumb","itemListElement":[{"@type":"ListItem","position":1,"name":"Home","item":"https:\/\/tourtravelandmore.com\/fr\/"},{"@type":"ListItem","position":2,"name":"Tours","item":"https:\/\/tourtravelandmore.com\/fr\/tours\/"},{"@type":"ListItem","position":3,"name":"Visite priv\u00e9e du Loch Ness au d\u00e9part de Glasgow"}]},{"@type":"WebSite","@id":"https:\/\/tourtravelandmore.com\/fr\/#website","url":"https:\/\/tourtravelandmore.com\/fr\/","name":"Tour Travel And More","description":"Private sightseeing tours and luxury transfers in Spain","publisher":{"@id":"https:\/\/tourtravelandmore.com\/fr\/#organization"},"potentialAction":[{"@type":"SearchAction","target":{"@type":"EntryPoint","urlTemplate":"https:\/\/tourtravelandmore.com\/fr\/?s={search_term_string}"},"query-input":{"@type":"PropertyValueSpecification","valueRequired":true,"valueName":"search_term_string"}}],"inLanguage":"fr-FR"},{"@type":"Organization","@id":"https:\/\/tourtravelandmore.com\/fr\/#organization","name":"Tour Travel And More","url":"https:\/\/tourtravelandmore.com\/fr\/","logo":{"@type":"ImageObject","inLanguage":"fr-FR","@id":"https:\/\/tourtravelandmore.com\/fr\/#\/schema\/logo\/image\/","url":"https:\/\/tourtravelandmore.com\/wp-content\/uploads\/2022\/12\/cropped-logo-cabecera-new.png","contentUrl":"https:\/\/tourtravelandmore.com\/wp-content\/uploads\/2022\/12\/cropped-logo-cabecera-new.png","width":430,"height":61,"caption":"Tour Travel And More"},"image":{"@id":"https:\/\/tourtravelandmore.com\/fr\/#\/schema\/logo\/image\/"},"sameAs":["https:\/\/www.facebook.com\/tourtravelandmore\/","https:\/\/x.com\/TourTravel_More"]}]}},"_links":{"self":[{"href":"https:\/\/tourtravelandmore.com\/fr\/wp-json\/wp\/v2\/product\/153578","targetHints":{"allow":["GET"]}}],"collection":[{"href":"https:\/\/tourtravelandmore.com\/fr\/wp-json\/wp\/v2\/product"}],"about":[{"href":"https:\/\/tourtravelandmore.com\/fr\/wp-json\/wp\/v2\/types\/product"}],"replies":[{"embeddable":true,"href":"https:\/\/tourtravelandmore.com\/fr\/wp-json\/wp\/v2\/comments?post=153578"}],"wp:featuredmedia":[{"embeddable":true,"href":"https:\/\/tourtravelandmore.com\/fr\/wp-json\/wp\/v2\/media\/153565"}],"wp:attachment":[{"href":"https:\/\/tourtravelandmore.com\/fr\/wp-json\/wp\/v2\/media?parent=153578"}],"wp:term":[{"taxonomy":"product_brand","embeddable":true,"href":"https:\/\/tourtravelandmore.com\/fr\/wp-json\/wp\/v2\/product_brand?post=153578"},{"taxonomy":"product_cat","embeddable":true,"href":"https:\/\/tourtravelandmore.com\/fr\/wp-json\/wp\/v2\/product_cat?post=153578"},{"taxonomy":"product_tag","embeddable":true,"href":"https:\/\/tourtravelandmore.com\/fr\/wp-json\/wp\/v2\/product_tag?post=153578"}],"curies":[{"name":"wp","href":"https:\/\/api.w.org\/{rel}","templated":true}]}}