{"id":153473,"date":"2023-02-17T08:32:08","date_gmt":"2023-02-17T07:32:08","guid":{"rendered":"https:\/\/tourtravelandmore.com\/tours\/non%20class\u00e9\/visite-privee-de-bannockburn-et-du-chateau-de-stirling-au-depart-de-glasgow\/"},"modified":"2023-03-25T01:59:10","modified_gmt":"2023-03-25T00:59:10","slug":"visite-privee-de-bannockburn-et-du-chateau-de-stirling-au-depart-de-glasgow","status":"publish","type":"product","link":"https:\/\/tourtravelandmore.com\/fr\/tours\/ecosse-fr\/glasgow-fr\/visite-privee-de-bannockburn-et-du-chateau-de-stirling-au-depart-de-glasgow\/","title":{"rendered":"Visite priv\u00e9e de Bannockburn et du ch\u00e2teau de Stirling au d\u00e9part de Glasgow"},"content":{"rendered":"<h2><b>Description de la visite priv\u00e9e de Bannockburn et du ch\u00e2teau de Stirling au d\u00e9part de Glasgow<\/b><\/h2>\n<p><span style=\"font-weight: 400;\">Vous cherchez une fa\u00e7on unique et personnalis\u00e9e de d\u00e9couvrir l&#8217;historique Bannockburn et le magnifique ch\u00e2teau de Stirling ? Alors la visite priv\u00e9e de Bannockburn et du ch\u00e2teau de Stirling au d\u00e9part de Glasgow est l&#8217;option id\u00e9ale pour vous. Avec une dur\u00e9e de 6 heures et un guide priv\u00e9 hautement qualifi\u00e9, cette visite vous donne l&#8217;occasion de d\u00e9couvrir ces deux curiosit\u00e9s en d\u00e9tail et \u00e0 votre propre rythme. La visite est con\u00e7ue pour r\u00e9pondre \u00e0 vos int\u00e9r\u00eats et \u00e0 vos besoins, et vous donne la possibilit\u00e9 de visiter les sites \u00e0 votre propre rythme. En outre, votre guide priv\u00e9 sera \u00e0 votre disposition pour r\u00e9pondre \u00e0 toutes vos questions et vous fournir des informations suppl\u00e9mentaires sur l&#8217;histoire et la culture de la r\u00e9gion.<\/span><\/p>\n<h2><b>Points forts de la visite priv\u00e9e de Bannockburn et du ch\u00e2teau de Stirling au d\u00e9part de Glasgow<\/b><\/h2>\n<p><span style=\"font-weight: 400;\">La visite commence \u00e0 Glasgow et se dirige ensuite vers Bannockburn, o\u00f9 vous aurez l&#8217;occasion de d\u00e9couvrir l&#8217;un des moments les plus importants de l&#8217;histoire \u00e9cossaise : la bataille de Bannockburn. Ce site est connu comme l&#8217;endroit o\u00f9 le roi Robert le Bruce a men\u00e9 son arm\u00e9e \u00e9cossaise \u00e0 la victoire contre les Anglais en 1314. En outre, vous visiterez le ch\u00e2teau de Stirling, l&#8217;un des ch\u00e2teaux les plus impressionnants d&#8217;\u00c9cosse, qui offre des vues \u00e0 couper le souffle et une riche histoire. Pendant la visite, votre guide priv\u00e9 vous fournira des informations d\u00e9taill\u00e9es sur l&#8217;histoire et la signification de chaque site, et vous aidera \u00e0 vous connecter avec la culture et l&#8217;histoire de la r\u00e9gion. Vous aurez \u00e9galement l&#8217;occasion de visiter d&#8217;autres points d&#8217;int\u00e9r\u00eat dans la r\u00e9gion, comme le monument national de la bataille de Bannockburn et la Tour des H\u00e9ros.<\/span><\/p>\n<h3><b>Bannockburn<\/b><\/h3>\n<p><span style=\"font-weight: 400;\">Bannockburn est un lieu d&#8217;importance nationale pour les \u00c9cossais et est consid\u00e9r\u00e9 comme un symbole de leur ind\u00e9pendance et de leur libert\u00e9. Vous pourrez y voir la statue du roi Robert the Bruce et le m\u00e9morial qui rend hommage aux h\u00e9ros \u00e9cossais qui ont combattu lors de la bataille de Bannockburn. La visite de Bannockburn est une occasion unique d&#8217;explorer une partie importante de l&#8217;histoire des \u00c9cossais et de d\u00e9couvrir leur lutte pour l&#8217;ind\u00e9pendance.<\/span><\/p>\n<p><span style=\"font-weight: 400;\">En outre, \u00e0 Bannockburn, vous pouvez visiter le Bannockburn Visitor Centre, qui pr\u00e9sente des expositions interactives et multim\u00e9dia offrant une exp\u00e9rience immersive dans l&#8217;histoire de la bataille. Le centre dispose \u00e9galement d&#8217;un caf\u00e9 et d&#8217;une boutique de souvenirs o\u00f9 vous pouvez acheter des souvenirs et du mat\u00e9riel li\u00e9 \u00e0 la bataille de Bannockburn et \u00e0 son importance pour les \u00c9cossais. Enfin, ne manquez pas l&#8217;occasion de vous promener sur le champ de bataille et de ressentir l&#8217;atmosph\u00e8re de l&#8217;\u00e9poque.<\/span><\/p>\n<h3><b>Ch\u00e2teau de Stirling<\/b><\/h3>\n<p><span style=\"font-weight: 400;\">Le ch\u00e2teau de Stirling est un monument impressionnant qui a \u00e9t\u00e9 t\u00e9moin de nombreux \u00e9v\u00e9nements importants de l&#8217;histoire \u00e9cossaise. Depuis sa position dominante, le ch\u00e2teau offre des vues spectaculaires sur la r\u00e9gion environnante et constitue un lieu id\u00e9al pour explorer la riche histoire de l&#8217;\u00c9cosse. Au cours de votre visite, vous pourrez admirer la splendide architecture du ch\u00e2teau, ainsi que les vestiges de ses murs et fortifications, qui ont r\u00e9sist\u00e9 aux d\u00e9fis du temps. En outre, le ch\u00e2teau de Stirling est connu pour son r\u00f4le dans l&#8217;histoire militaire \u00e9cossaise, ayant \u00e9t\u00e9 le th\u00e9\u00e2tre de nombreuses batailles importantes, notamment la bataille de Stirling Bridge et la bataille de Bannockburn. La visite du ch\u00e2teau de Stirling vous donne \u00e9galement l&#8217;occasion d&#8217;explorer les jardins et terrains environnants, qui comprennent un magnifique lac et un parc, parfaits pour se d\u00e9tendre et profiter de la nature. \u00c0 l&#8217;int\u00e9rieur du ch\u00e2teau, vous pouvez visiter le mus\u00e9e des armes et les anciens logements royaux, qui offrent un aper\u00e7u unique de la vie au ch\u00e2teau au Moyen \u00c2ge.<\/span><\/p>\n<p><span style=\"font-weight: 400;\">Tour Travel and More propose un large \u00e9ventail de <\/span><a href=\"https:\/\/tourtravelandmore.com\/fr\/city\/ecosse-fr\/glasgow-fr\/\"><span style=\"font-weight: 400;\">visites priv\u00e9es dans et autour de Glasgow. <\/span><\/a><span style=\"font-weight: 400;\">D\u00e9couvrez les sites les plus embl\u00e9matiques de la ville et de ses environs tout en profitant d&#8217;une exp\u00e9rience unique et personnalis\u00e9e. N&#8217;attendez plus et r\u00e9servez d\u00e8s aujourd&#8217;hui votre visite priv\u00e9e du ch\u00e2teau de Stirling.<\/span><\/p>\n<p><span style=\"font-weight: 400;\">Vous voulez explorer d&#8217;autres lieux embl\u00e9matiques de Glasgow ? D\u00e9couvrez <\/span><a href=\"https:\/\/tourtravelandmore.com\/fr\/\"><span style=\"font-weight: 400;\">toutes les visites priv\u00e9es que Tour Travel and More<\/span><\/a><span style=\"font-weight: 400;\"> propose sur leur site web &#8211; n&#8217;attendez plus et r\u00e9servez votre aventure d\u00e8s aujourd&#8217;hui !<\/span><\/p>\n","protected":false},"excerpt":{"rendered":"<p><span style=\"font-weight: 400;\">Explorez le ch\u00e2teau de Stirling et la bataille de Bannockburn avec un guide priv\u00e9 ! D\u00e9couvrez l&#8217;histoire et l&#8217;architecture de l&#8217;un des ch\u00e2teaux les plus embl\u00e9matiques d&#8217;\u00c9cosse lors d&#8217;une visite unique et personnalis\u00e9e.<\/span><\/p>\n","protected":false},"featured_media":153457,"comment_status":"open","ping_status":"closed","template":"","meta":{"_acf_changed":false},"product_brand":[],"product_cat":[4287],"product_tag":[],"class_list":{"0":"post-153473","1":"product","2":"type-product","3":"status-publish","4":"has-post-thumbnail","6":"product_cat-glasgow-fr","8":"first","9":"instock","10":"shipping-taxable","11":"purchasable","12":"product-type-simple"},"acf":[],"yoast_head":"<!-- This site is optimized with the Yoast SEO Premium plugin v25.3.1 (Yoast SEO v25.3.1) - https:\/\/yoast.com\/wordpress\/plugins\/seo\/ -->\n<title>Visite priv\u00e9e du ch\u00e2teau de Stirling depuis Glasgow - Tour Travel and More<\/title>\n<meta name=\"description\" content=\"Vivez une exp\u00e9rience inoubliable lors d&#039;une visite priv\u00e9e du ch\u00e2teau de Stirling ! Avec un guide priv\u00e9, d\u00e9couvrez l&#039;histoire et l&#039;architecture de ce ch\u00e2teau \u00e9cossais embl\u00e9matique.\" \/>\n<meta name=\"robots\" content=\"index, follow, max-snippet:-1, max-image-preview:large, max-video-preview:-1\" \/>\n<link rel=\"canonical\" href=\"https:\/\/tourtravelandmore.com\/fr\/tours\/ecosse-fr\/glasgow-fr\/visite-privee-de-bannockburn-et-du-chateau-de-stirling-au-depart-de-glasgow\/\" \/>\n<meta property=\"og:locale\" content=\"fr_FR\" \/>\n<meta property=\"og:type\" content=\"article\" \/>\n<meta property=\"og:title\" content=\"Visite priv\u00e9e de Bannockburn et du ch\u00e2teau de Stirling au d\u00e9part de Glasgow\" \/>\n<meta property=\"og:description\" content=\"Vivez une exp\u00e9rience inoubliable lors d&#039;une visite priv\u00e9e du ch\u00e2teau de Stirling ! Avec un guide priv\u00e9, d\u00e9couvrez l&#039;histoire et l&#039;architecture de ce ch\u00e2teau \u00e9cossais embl\u00e9matique.\" \/>\n<meta property=\"og:url\" content=\"https:\/\/tourtravelandmore.com\/fr\/tours\/ecosse-fr\/glasgow-fr\/visite-privee-de-bannockburn-et-du-chateau-de-stirling-au-depart-de-glasgow\/\" \/>\n<meta property=\"og:site_name\" content=\"Tour Travel And More\" \/>\n<meta property=\"article:publisher\" content=\"https:\/\/www.facebook.com\/tourtravelandmore\/\" \/>\n<meta property=\"article:modified_time\" content=\"2023-03-25T00:59:10+00:00\" \/>\n<meta property=\"og:image\" content=\"https:\/\/tourtravelandmore.com\/wp-content\/uploads\/2023\/02\/image4-4.jpg\" \/>\n\t<meta property=\"og:image:width\" content=\"950\" \/>\n\t<meta property=\"og:image:height\" content=\"750\" \/>\n\t<meta property=\"og:image:type\" content=\"image\/jpeg\" \/>\n<meta name=\"twitter:card\" content=\"summary_large_image\" \/>\n<meta name=\"twitter:site\" content=\"@TourTravel_More\" \/>\n<meta name=\"twitter:label1\" content=\"Dur\u00e9e de lecture estim\u00e9e\" \/>\n\t<meta name=\"twitter:data1\" content=\"4 minutes\" \/>\n<script type=\"application\/ld+json\" class=\"yoast-schema-graph\">{\"@context\":\"https:\/\/schema.org\",\"@graph\":[{\"@type\":\"WebPage\",\"@id\":\"https:\/\/tourtravelandmore.com\/fr\/tours\/ecosse-fr\/glasgow-fr\/visite-privee-de-bannockburn-et-du-chateau-de-stirling-au-depart-de-glasgow\/\",\"url\":\"https:\/\/tourtravelandmore.com\/fr\/tours\/ecosse-fr\/glasgow-fr\/visite-privee-de-bannockburn-et-du-chateau-de-stirling-au-depart-de-glasgow\/\",\"name\":\"Visite priv\u00e9e du ch\u00e2teau de Stirling depuis Glasgow - Tour Travel and More\",\"isPartOf\":{\"@id\":\"https:\/\/tourtravelandmore.com\/fr\/#website\"},\"primaryImageOfPage\":{\"@id\":\"https:\/\/tourtravelandmore.com\/fr\/tours\/ecosse-fr\/glasgow-fr\/visite-privee-de-bannockburn-et-du-chateau-de-stirling-au-depart-de-glasgow\/#primaryimage\"},\"image\":{\"@id\":\"https:\/\/tourtravelandmore.com\/fr\/tours\/ecosse-fr\/glasgow-fr\/visite-privee-de-bannockburn-et-du-chateau-de-stirling-au-depart-de-glasgow\/#primaryimage\"},\"thumbnailUrl\":\"https:\/\/tourtravelandmore.com\/wp-content\/uploads\/2023\/02\/image4-4.jpg\",\"datePublished\":\"2023-02-17T07:32:08+00:00\",\"dateModified\":\"2023-03-25T00:59:10+00:00\",\"description\":\"Vivez une exp\u00e9rience inoubliable lors d'une visite priv\u00e9e du ch\u00e2teau de Stirling ! Avec un guide priv\u00e9, d\u00e9couvrez l'histoire et l'architecture de ce ch\u00e2teau \u00e9cossais embl\u00e9matique.\",\"breadcrumb\":{\"@id\":\"https:\/\/tourtravelandmore.com\/fr\/tours\/ecosse-fr\/glasgow-fr\/visite-privee-de-bannockburn-et-du-chateau-de-stirling-au-depart-de-glasgow\/#breadcrumb\"},\"inLanguage\":\"fr-FR\",\"potentialAction\":[{\"@type\":\"ReadAction\",\"target\":[\"https:\/\/tourtravelandmore.com\/fr\/tours\/ecosse-fr\/glasgow-fr\/visite-privee-de-bannockburn-et-du-chateau-de-stirling-au-depart-de-glasgow\/\"]}]},{\"@type\":\"ImageObject\",\"inLanguage\":\"fr-FR\",\"@id\":\"https:\/\/tourtravelandmore.com\/fr\/tours\/ecosse-fr\/glasgow-fr\/visite-privee-de-bannockburn-et-du-chateau-de-stirling-au-depart-de-glasgow\/#primaryimage\",\"url\":\"https:\/\/tourtravelandmore.com\/wp-content\/uploads\/2023\/02\/image4-4.jpg\",\"contentUrl\":\"https:\/\/tourtravelandmore.com\/wp-content\/uploads\/2023\/02\/image4-4.jpg\",\"width\":950,\"height\":750},{\"@type\":\"BreadcrumbList\",\"@id\":\"https:\/\/tourtravelandmore.com\/fr\/tours\/ecosse-fr\/glasgow-fr\/visite-privee-de-bannockburn-et-du-chateau-de-stirling-au-depart-de-glasgow\/#breadcrumb\",\"itemListElement\":[{\"@type\":\"ListItem\",\"position\":1,\"name\":\"Home\",\"item\":\"https:\/\/tourtravelandmore.com\/fr\/\"},{\"@type\":\"ListItem\",\"position\":2,\"name\":\"Tours\",\"item\":\"https:\/\/tourtravelandmore.com\/fr\/tours\/\"},{\"@type\":\"ListItem\",\"position\":3,\"name\":\"Visite priv\u00e9e de Bannockburn et du ch\u00e2teau de Stirling au d\u00e9part de Glasgow\"}]},{\"@type\":\"WebSite\",\"@id\":\"https:\/\/tourtravelandmore.com\/fr\/#website\",\"url\":\"https:\/\/tourtravelandmore.com\/fr\/\",\"name\":\"Tour Travel And More\",\"description\":\"Private sightseeing tours and luxury transfers in Spain\",\"publisher\":{\"@id\":\"https:\/\/tourtravelandmore.com\/fr\/#organization\"},\"potentialAction\":[{\"@type\":\"SearchAction\",\"target\":{\"@type\":\"EntryPoint\",\"urlTemplate\":\"https:\/\/tourtravelandmore.com\/fr\/?s={search_term_string}\"},\"query-input\":{\"@type\":\"PropertyValueSpecification\",\"valueRequired\":true,\"valueName\":\"search_term_string\"}}],\"inLanguage\":\"fr-FR\"},{\"@type\":\"Organization\",\"@id\":\"https:\/\/tourtravelandmore.com\/fr\/#organization\",\"name\":\"Tour Travel And More\",\"url\":\"https:\/\/tourtravelandmore.com\/fr\/\",\"logo\":{\"@type\":\"ImageObject\",\"inLanguage\":\"fr-FR\",\"@id\":\"https:\/\/tourtravelandmore.com\/fr\/#\/schema\/logo\/image\/\",\"url\":\"https:\/\/tourtravelandmore.com\/wp-content\/uploads\/2022\/12\/cropped-logo-cabecera-new.png\",\"contentUrl\":\"https:\/\/tourtravelandmore.com\/wp-content\/uploads\/2022\/12\/cropped-logo-cabecera-new.png\",\"width\":430,\"height\":61,\"caption\":\"Tour Travel And More\"},\"image\":{\"@id\":\"https:\/\/tourtravelandmore.com\/fr\/#\/schema\/logo\/image\/\"},\"sameAs\":[\"https:\/\/www.facebook.com\/tourtravelandmore\/\",\"https:\/\/x.com\/TourTravel_More\"]}]}<\/script>\n<!-- \/ Yoast SEO Premium plugin. -->","yoast_head_json":{"title":"Visite priv\u00e9e du ch\u00e2teau de Stirling depuis Glasgow - Tour Travel and More","description":"Vivez une exp\u00e9rience inoubliable lors d'une visite priv\u00e9e du ch\u00e2teau de Stirling ! Avec un guide priv\u00e9, d\u00e9couvrez l'histoire et l'architecture de ce ch\u00e2teau \u00e9cossais embl\u00e9matique.","robots":{"index":"index","follow":"follow","max-snippet":"max-snippet:-1","max-image-preview":"max-image-preview:large","max-video-preview":"max-video-preview:-1"},"canonical":"https:\/\/tourtravelandmore.com\/fr\/tours\/ecosse-fr\/glasgow-fr\/visite-privee-de-bannockburn-et-du-chateau-de-stirling-au-depart-de-glasgow\/","og_locale":"fr_FR","og_type":"article","og_title":"Visite priv\u00e9e de Bannockburn et du ch\u00e2teau de Stirling au d\u00e9part de Glasgow","og_description":"Vivez une exp\u00e9rience inoubliable lors d'une visite priv\u00e9e du ch\u00e2teau de Stirling ! Avec un guide priv\u00e9, d\u00e9couvrez l'histoire et l'architecture de ce ch\u00e2teau \u00e9cossais embl\u00e9matique.","og_url":"https:\/\/tourtravelandmore.com\/fr\/tours\/ecosse-fr\/glasgow-fr\/visite-privee-de-bannockburn-et-du-chateau-de-stirling-au-depart-de-glasgow\/","og_site_name":"Tour Travel And More","article_publisher":"https:\/\/www.facebook.com\/tourtravelandmore\/","article_modified_time":"2023-03-25T00:59:10+00:00","og_image":[{"width":950,"height":750,"url":"https:\/\/tourtravelandmore.com\/wp-content\/uploads\/2023\/02\/image4-4.jpg","type":"image\/jpeg"}],"twitter_card":"summary_large_image","twitter_site":"@TourTravel_More","twitter_misc":{"Dur\u00e9e de lecture estim\u00e9e":"4 minutes"},"schema":{"@context":"https:\/\/schema.org","@graph":[{"@type":"WebPage","@id":"https:\/\/tourtravelandmore.com\/fr\/tours\/ecosse-fr\/glasgow-fr\/visite-privee-de-bannockburn-et-du-chateau-de-stirling-au-depart-de-glasgow\/","url":"https:\/\/tourtravelandmore.com\/fr\/tours\/ecosse-fr\/glasgow-fr\/visite-privee-de-bannockburn-et-du-chateau-de-stirling-au-depart-de-glasgow\/","name":"Visite priv\u00e9e du ch\u00e2teau de Stirling depuis Glasgow - Tour Travel and More","isPartOf":{"@id":"https:\/\/tourtravelandmore.com\/fr\/#website"},"primaryImageOfPage":{"@id":"https:\/\/tourtravelandmore.com\/fr\/tours\/ecosse-fr\/glasgow-fr\/visite-privee-de-bannockburn-et-du-chateau-de-stirling-au-depart-de-glasgow\/#primaryimage"},"image":{"@id":"https:\/\/tourtravelandmore.com\/fr\/tours\/ecosse-fr\/glasgow-fr\/visite-privee-de-bannockburn-et-du-chateau-de-stirling-au-depart-de-glasgow\/#primaryimage"},"thumbnailUrl":"https:\/\/tourtravelandmore.com\/wp-content\/uploads\/2023\/02\/image4-4.jpg","datePublished":"2023-02-17T07:32:08+00:00","dateModified":"2023-03-25T00:59:10+00:00","description":"Vivez une exp\u00e9rience inoubliable lors d'une visite priv\u00e9e du ch\u00e2teau de Stirling ! Avec un guide priv\u00e9, d\u00e9couvrez l'histoire et l'architecture de ce ch\u00e2teau \u00e9cossais embl\u00e9matique.","breadcrumb":{"@id":"https:\/\/tourtravelandmore.com\/fr\/tours\/ecosse-fr\/glasgow-fr\/visite-privee-de-bannockburn-et-du-chateau-de-stirling-au-depart-de-glasgow\/#breadcrumb"},"inLanguage":"fr-FR","potentialAction":[{"@type":"ReadAction","target":["https:\/\/tourtravelandmore.com\/fr\/tours\/ecosse-fr\/glasgow-fr\/visite-privee-de-bannockburn-et-du-chateau-de-stirling-au-depart-de-glasgow\/"]}]},{"@type":"ImageObject","inLanguage":"fr-FR","@id":"https:\/\/tourtravelandmore.com\/fr\/tours\/ecosse-fr\/glasgow-fr\/visite-privee-de-bannockburn-et-du-chateau-de-stirling-au-depart-de-glasgow\/#primaryimage","url":"https:\/\/tourtravelandmore.com\/wp-content\/uploads\/2023\/02\/image4-4.jpg","contentUrl":"https:\/\/tourtravelandmore.com\/wp-content\/uploads\/2023\/02\/image4-4.jpg","width":950,"height":750},{"@type":"BreadcrumbList","@id":"https:\/\/tourtravelandmore.com\/fr\/tours\/ecosse-fr\/glasgow-fr\/visite-privee-de-bannockburn-et-du-chateau-de-stirling-au-depart-de-glasgow\/#breadcrumb","itemListElement":[{"@type":"ListItem","position":1,"name":"Home","item":"https:\/\/tourtravelandmore.com\/fr\/"},{"@type":"ListItem","position":2,"name":"Tours","item":"https:\/\/tourtravelandmore.com\/fr\/tours\/"},{"@type":"ListItem","position":3,"name":"Visite priv\u00e9e de Bannockburn et du ch\u00e2teau de Stirling au d\u00e9part de Glasgow"}]},{"@type":"WebSite","@id":"https:\/\/tourtravelandmore.com\/fr\/#website","url":"https:\/\/tourtravelandmore.com\/fr\/","name":"Tour Travel And More","description":"Private sightseeing tours and luxury transfers in Spain","publisher":{"@id":"https:\/\/tourtravelandmore.com\/fr\/#organization"},"potentialAction":[{"@type":"SearchAction","target":{"@type":"EntryPoint","urlTemplate":"https:\/\/tourtravelandmore.com\/fr\/?s={search_term_string}"},"query-input":{"@type":"PropertyValueSpecification","valueRequired":true,"valueName":"search_term_string"}}],"inLanguage":"fr-FR"},{"@type":"Organization","@id":"https:\/\/tourtravelandmore.com\/fr\/#organization","name":"Tour Travel And More","url":"https:\/\/tourtravelandmore.com\/fr\/","logo":{"@type":"ImageObject","inLanguage":"fr-FR","@id":"https:\/\/tourtravelandmore.com\/fr\/#\/schema\/logo\/image\/","url":"https:\/\/tourtravelandmore.com\/wp-content\/uploads\/2022\/12\/cropped-logo-cabecera-new.png","contentUrl":"https:\/\/tourtravelandmore.com\/wp-content\/uploads\/2022\/12\/cropped-logo-cabecera-new.png","width":430,"height":61,"caption":"Tour Travel And More"},"image":{"@id":"https:\/\/tourtravelandmore.com\/fr\/#\/schema\/logo\/image\/"},"sameAs":["https:\/\/www.facebook.com\/tourtravelandmore\/","https:\/\/x.com\/TourTravel_More"]}]}},"_links":{"self":[{"href":"https:\/\/tourtravelandmore.com\/fr\/wp-json\/wp\/v2\/product\/153473","targetHints":{"allow":["GET"]}}],"collection":[{"href":"https:\/\/tourtravelandmore.com\/fr\/wp-json\/wp\/v2\/product"}],"about":[{"href":"https:\/\/tourtravelandmore.com\/fr\/wp-json\/wp\/v2\/types\/product"}],"replies":[{"embeddable":true,"href":"https:\/\/tourtravelandmore.com\/fr\/wp-json\/wp\/v2\/comments?post=153473"}],"wp:featuredmedia":[{"embeddable":true,"href":"https:\/\/tourtravelandmore.com\/fr\/wp-json\/wp\/v2\/media\/153457"}],"wp:attachment":[{"href":"https:\/\/tourtravelandmore.com\/fr\/wp-json\/wp\/v2\/media?parent=153473"}],"wp:term":[{"taxonomy":"product_brand","embeddable":true,"href":"https:\/\/tourtravelandmore.com\/fr\/wp-json\/wp\/v2\/product_brand?post=153473"},{"taxonomy":"product_cat","embeddable":true,"href":"https:\/\/tourtravelandmore.com\/fr\/wp-json\/wp\/v2\/product_cat?post=153473"},{"taxonomy":"product_tag","embeddable":true,"href":"https:\/\/tourtravelandmore.com\/fr\/wp-json\/wp\/v2\/product_tag?post=153473"}],"curies":[{"name":"wp","href":"https:\/\/api.w.org\/{rel}","templated":true}]}}