{"id":153367,"date":"2023-02-16T19:55:42","date_gmt":"2023-02-16T18:55:50","guid":{"rendered":"https:\/\/tourtravelandmore.com\/?post_type=product&#038;p=153367"},"modified":"2024-08-06T16:24:17","modified_gmt":"2024-08-06T14:24:17","slug":"visite-privee-de-paris-a-pied","status":"publish","type":"product","link":"https:\/\/tourtravelandmore.com\/fr\/tours\/france-fr\/paris-fr\/best-sellers\/visite-privee-de-paris-a-pied\/","title":{"rendered":"Visite priv\u00e9e de Paris \u00e0 pied"},"content":{"rendered":"<h2>Description<\/h2>\n<p>Profitez au maximum de votre visite de la ville lumi\u00e8re et profitez d&#8217;une <strong>visite priv\u00e9e<\/strong> de <strong>Paris<\/strong> avec nous. D\u00e9couvrez l&#8217;une des plus belles villes <strong>d&#8217;Europe<\/strong> avec un expert local. La visite est faite sur mesure et adaptable \u00e0 vos int\u00e9r\u00eats personnels.<\/p>\n<p>Dans un premier temps, nous viendrons vous chercher \u00e0 votre h\u00f4tel, appartement ou lieu de votre choix \u00e0 <strong>Paris.<\/strong> Apr\u00e8s cela, notre guide officiel seront pr\u00eats \u00e0 vous montrer les plus beaux sites de cette ville merveilleuse. Notre proposition pour une excursion d&#8217;une demi-journ\u00e9e a une dur\u00e9e de <strong>4 heures<\/strong>, mais la dur\u00e9e de la visite est \u00e0 votre convenance. Si vous pr\u00e9f\u00e9rez une visite plus longue, vous pouvez consulter notre visite priv\u00e9e d&#8217;une journ\u00e9e compl\u00e8te.<\/p>\n<p>Toutes nos visites sont priv\u00e9es et personnalisables selon les int\u00e9r\u00eats de nos clients. Nos experts en voyages vous aideront \u00e0 organiser une exp\u00e9rience unique et sur mesure. L&#8217;ensemble de la visite sera organis\u00e9 selon vos d\u00e9sirs personnels.<\/p>\n<h2>Sites d&#8217;int\u00e9r\u00eat et monuments<\/h2>\n<p><strong>Paris<\/strong> est l&#8217;une des villes les plus influentes au monde. Non seulement pour son <strong>architecture,<\/strong> ses <strong>mus\u00e9es<\/strong> et ses <strong>palais,<\/strong> mais aussi pour sa <strong>culture,<\/strong> sa <strong>gastronomie<\/strong> et son art. Le but de cette visite priv\u00e9e est de vous aider \u00e0 d\u00e9couvrir les secrets de la ville avec un <strong>contexte culturel, historique<\/strong> et <strong>artistique<\/strong> fourni par votre guide officiel.<\/p>\n<p><strong>Sites les plus repr\u00e9sentatifs et embl\u00e9matiques:<\/strong><\/p>\n<ul>\n<li><strong>Tour Eiffel<\/strong><\/li>\n<li><strong>Mus\u00e9e du Louvre<\/strong><\/li>\n<li><strong>Cath\u00e9drale Notre-Dame<\/strong><\/li>\n<li><strong>Arc de triomphe<\/strong><\/li>\n<li><strong>Basilique du Sacr\u00e9 Coeur<\/strong><\/li>\n<li><strong>Jardin du Luxembourg<\/strong><\/li>\n<li><strong>Place de la Concorde<\/strong><\/li>\n<li><strong>Champs \u00c9lys\u00e9es<\/strong><\/li>\n<li><strong>Grand Palais<\/strong><\/li>\n<li><strong>Les Invalides<\/strong><\/li>\n<li><strong>Panth\u00e9on de Paris<\/strong><\/li>\n<li><strong>Petit Palais<\/strong><\/li>\n<li><strong>Trocad\u00e9ro<\/strong><\/li>\n<li><strong>Moulin Rouge<\/strong><\/li>\n<li><strong>Beaucoup plus!<\/strong><\/li>\n<\/ul>\n<p>Vous pouvez entrer dans n&#8217;importe quel monument ou vue que vous souhaitez. Faites-le nous savoir \u00e0 l&#8217;avance et nous organiserons un acc\u00e8s coupe-file. Vous pourrez prendre des photos impressionnantes quand vous le souhaitez. Il s&#8217;agit d&#8217;une visite unique enti\u00e8rement personnalis\u00e9e pour vous et votre groupe.<\/p>\n<p>La visite se terminera \u00e0 votre h\u00f4tel ou lieu de votre choix \u00e0 Paris.<\/p>\n<h4>Visite priv\u00e9e de Paris<\/h4>\n<p>Comme d\u00e9taill\u00e9 ci-dessus, il s&#8217;agit d&#8217;une exp\u00e9rience priv\u00e9e et sur mesure. Nos experts en voyages vous aideront \u00e0 organiser votre visite priv\u00e9e de Paris \u00e0 votre guise. Nous ferons de notre mieux pour vous aider \u00e0 vivre une exp\u00e9rience inoubliable de votre visite dans le magnifique Paris.<\/p>\n<p>Si vous souhaitez visiter un monument ou un mus\u00e9e, nous pouvons organiser les billets pour vous. Faites-nous savoir \u00e0 l&#8217;avance et nous organiserons vos billets coupe-file sans frais suppl\u00e9mentaires.<\/p>\n<p>C&#8217;est une exp\u00e9rience sur mesure. L&#8217;heure de d\u00e9part, la dur\u00e9e et l&#8217;itin\u00e9raire sont totalement adaptables \u00e0 vos envies personnelles.<\/p>\n","protected":false},"excerpt":{"rendered":"<p>D\u00e9couvrez la merveilleuse ville de Paris lors d&#8217;une visite priv\u00e9e! En compagnie de votre guide officiel priv\u00e9 et \u00e0 l&#8217;aise dans votre v\u00e9hicule priv\u00e9, vous d\u00e9couvrirez les endroits les plus embl\u00e9matiques et les plus beaux de Paris. Laissez votre guide vous \u00e9clairer avec l&#8217;histoire et les secrets de Paris.<\/p>\n","protected":false},"featured_media":154396,"comment_status":"open","ping_status":"closed","template":"","meta":{"_acf_changed":false},"product_brand":[],"product_cat":[3542,4202,4203,4204,4297],"product_tag":[],"class_list":{"0":"post-153367","1":"product","2":"type-product","3":"status-publish","4":"has-post-thumbnail","6":"product_cat-paris-fr","7":"product_cat-best-sellers","8":"product_cat-all-private-tours-and-activities-fr-100","9":"product_cat-private-day-trips-fr-3","10":"product_cat-private-walking-tours-fr-4-paris-fr","12":"first","13":"instock","14":"shipping-taxable","15":"purchasable","16":"product-type-simple"},"acf":[],"yoast_head":"<!-- This site is optimized with the Yoast SEO Premium plugin v25.3.1 (Yoast SEO v25.3.1) - https:\/\/yoast.com\/wordpress\/plugins\/seo\/ -->\n<title>Visite priv\u00e9e d&#039;une demi-journ\u00e9e de la ville de Paris avec guide officiel<\/title>\n<meta name=\"description\" content=\"D\u00e9couvrez la merveilleuse ville de Paris avec votre guide officiel priv\u00e9 et confortable dans votre v\u00e9hicule priv\u00e9. Laissez votre guide vous \u00e9clairer!\" \/>\n<meta name=\"robots\" content=\"index, follow, max-snippet:-1, max-image-preview:large, max-video-preview:-1\" \/>\n<link rel=\"canonical\" href=\"https:\/\/tourtravelandmore.com\/fr\/tours\/france-fr\/paris-fr\/best-sellers\/visite-privee-de-paris-a-pied\/\" \/>\n<meta property=\"og:locale\" content=\"fr_FR\" \/>\n<meta property=\"og:type\" content=\"article\" \/>\n<meta property=\"og:title\" content=\"Visite priv\u00e9e de Paris \u00e0 pied\" \/>\n<meta property=\"og:description\" content=\"D\u00e9couvrez la merveilleuse ville de Paris avec votre guide officiel priv\u00e9 et confortable dans votre v\u00e9hicule priv\u00e9. Laissez votre guide vous \u00e9clairer!\" \/>\n<meta property=\"og:url\" content=\"https:\/\/tourtravelandmore.com\/fr\/tours\/france-fr\/paris-fr\/best-sellers\/visite-privee-de-paris-a-pied\/\" \/>\n<meta property=\"og:site_name\" content=\"Tour Travel And More\" \/>\n<meta property=\"article:publisher\" content=\"https:\/\/www.facebook.com\/tourtravelandmore\/\" \/>\n<meta property=\"article:modified_time\" content=\"2024-08-06T14:24:17+00:00\" \/>\n<meta property=\"og:image\" content=\"https:\/\/tourtravelandmore.com\/wp-content\/uploads\/2023\/02\/pexels-pierre-blache-3105066-1-scaled.jpg\" \/>\n\t<meta property=\"og:image:width\" content=\"2560\" \/>\n\t<meta property=\"og:image:height\" content=\"1440\" \/>\n\t<meta property=\"og:image:type\" content=\"image\/jpeg\" \/>\n<meta name=\"twitter:card\" content=\"summary_large_image\" \/>\n<meta name=\"twitter:site\" content=\"@TourTravel_More\" \/>\n<meta name=\"twitter:label1\" content=\"Dur\u00e9e de lecture estim\u00e9e\" \/>\n\t<meta name=\"twitter:data1\" content=\"2 minutes\" \/>\n<script type=\"application\/ld+json\" class=\"yoast-schema-graph\">{\"@context\":\"https:\/\/schema.org\",\"@graph\":[{\"@type\":\"WebPage\",\"@id\":\"https:\/\/tourtravelandmore.com\/fr\/tours\/france-fr\/paris-fr\/best-sellers\/visite-privee-de-paris-a-pied\/\",\"url\":\"https:\/\/tourtravelandmore.com\/fr\/tours\/france-fr\/paris-fr\/best-sellers\/visite-privee-de-paris-a-pied\/\",\"name\":\"Visite priv\u00e9e d'une demi-journ\u00e9e de la ville de Paris avec guide officiel\",\"isPartOf\":{\"@id\":\"https:\/\/tourtravelandmore.com\/fr\/#website\"},\"primaryImageOfPage\":{\"@id\":\"https:\/\/tourtravelandmore.com\/fr\/tours\/france-fr\/paris-fr\/best-sellers\/visite-privee-de-paris-a-pied\/#primaryimage\"},\"image\":{\"@id\":\"https:\/\/tourtravelandmore.com\/fr\/tours\/france-fr\/paris-fr\/best-sellers\/visite-privee-de-paris-a-pied\/#primaryimage\"},\"thumbnailUrl\":\"https:\/\/tourtravelandmore.com\/wp-content\/uploads\/2023\/02\/pexels-pierre-blache-3105066-1-scaled.jpg\",\"datePublished\":\"2023-02-16T18:55:50+00:00\",\"dateModified\":\"2024-08-06T14:24:17+00:00\",\"description\":\"D\u00e9couvrez la merveilleuse ville de Paris avec votre guide officiel priv\u00e9 et confortable dans votre v\u00e9hicule priv\u00e9. Laissez votre guide vous \u00e9clairer!\",\"breadcrumb\":{\"@id\":\"https:\/\/tourtravelandmore.com\/fr\/tours\/france-fr\/paris-fr\/best-sellers\/visite-privee-de-paris-a-pied\/#breadcrumb\"},\"inLanguage\":\"fr-FR\",\"potentialAction\":[{\"@type\":\"ReadAction\",\"target\":[\"https:\/\/tourtravelandmore.com\/fr\/tours\/france-fr\/paris-fr\/best-sellers\/visite-privee-de-paris-a-pied\/\"]}]},{\"@type\":\"ImageObject\",\"inLanguage\":\"fr-FR\",\"@id\":\"https:\/\/tourtravelandmore.com\/fr\/tours\/france-fr\/paris-fr\/best-sellers\/visite-privee-de-paris-a-pied\/#primaryimage\",\"url\":\"https:\/\/tourtravelandmore.com\/wp-content\/uploads\/2023\/02\/pexels-pierre-blache-3105066-1-scaled.jpg\",\"contentUrl\":\"https:\/\/tourtravelandmore.com\/wp-content\/uploads\/2023\/02\/pexels-pierre-blache-3105066-1-scaled.jpg\",\"width\":2560,\"height\":1440},{\"@type\":\"BreadcrumbList\",\"@id\":\"https:\/\/tourtravelandmore.com\/fr\/tours\/france-fr\/paris-fr\/best-sellers\/visite-privee-de-paris-a-pied\/#breadcrumb\",\"itemListElement\":[{\"@type\":\"ListItem\",\"position\":1,\"name\":\"Home\",\"item\":\"https:\/\/tourtravelandmore.com\/fr\/\"},{\"@type\":\"ListItem\",\"position\":2,\"name\":\"Tours\",\"item\":\"https:\/\/tourtravelandmore.com\/fr\/tours\/\"},{\"@type\":\"ListItem\",\"position\":3,\"name\":\"Visite priv\u00e9e de Paris \u00e0 pied\"}]},{\"@type\":\"WebSite\",\"@id\":\"https:\/\/tourtravelandmore.com\/fr\/#website\",\"url\":\"https:\/\/tourtravelandmore.com\/fr\/\",\"name\":\"Tour Travel And More\",\"description\":\"Private sightseeing tours and luxury transfers in Spain\",\"publisher\":{\"@id\":\"https:\/\/tourtravelandmore.com\/fr\/#organization\"},\"potentialAction\":[{\"@type\":\"SearchAction\",\"target\":{\"@type\":\"EntryPoint\",\"urlTemplate\":\"https:\/\/tourtravelandmore.com\/fr\/?s={search_term_string}\"},\"query-input\":{\"@type\":\"PropertyValueSpecification\",\"valueRequired\":true,\"valueName\":\"search_term_string\"}}],\"inLanguage\":\"fr-FR\"},{\"@type\":\"Organization\",\"@id\":\"https:\/\/tourtravelandmore.com\/fr\/#organization\",\"name\":\"Tour Travel And More\",\"url\":\"https:\/\/tourtravelandmore.com\/fr\/\",\"logo\":{\"@type\":\"ImageObject\",\"inLanguage\":\"fr-FR\",\"@id\":\"https:\/\/tourtravelandmore.com\/fr\/#\/schema\/logo\/image\/\",\"url\":\"https:\/\/tourtravelandmore.com\/wp-content\/uploads\/2022\/12\/cropped-logo-cabecera-new.png\",\"contentUrl\":\"https:\/\/tourtravelandmore.com\/wp-content\/uploads\/2022\/12\/cropped-logo-cabecera-new.png\",\"width\":430,\"height\":61,\"caption\":\"Tour Travel And More\"},\"image\":{\"@id\":\"https:\/\/tourtravelandmore.com\/fr\/#\/schema\/logo\/image\/\"},\"sameAs\":[\"https:\/\/www.facebook.com\/tourtravelandmore\/\",\"https:\/\/x.com\/TourTravel_More\"]}]}<\/script>\n<!-- \/ Yoast SEO Premium plugin. -->","yoast_head_json":{"title":"Visite priv\u00e9e d'une demi-journ\u00e9e de la ville de Paris avec guide officiel","description":"D\u00e9couvrez la merveilleuse ville de Paris avec votre guide officiel priv\u00e9 et confortable dans votre v\u00e9hicule priv\u00e9. Laissez votre guide vous \u00e9clairer!","robots":{"index":"index","follow":"follow","max-snippet":"max-snippet:-1","max-image-preview":"max-image-preview:large","max-video-preview":"max-video-preview:-1"},"canonical":"https:\/\/tourtravelandmore.com\/fr\/tours\/france-fr\/paris-fr\/best-sellers\/visite-privee-de-paris-a-pied\/","og_locale":"fr_FR","og_type":"article","og_title":"Visite priv\u00e9e de Paris \u00e0 pied","og_description":"D\u00e9couvrez la merveilleuse ville de Paris avec votre guide officiel priv\u00e9 et confortable dans votre v\u00e9hicule priv\u00e9. Laissez votre guide vous \u00e9clairer!","og_url":"https:\/\/tourtravelandmore.com\/fr\/tours\/france-fr\/paris-fr\/best-sellers\/visite-privee-de-paris-a-pied\/","og_site_name":"Tour Travel And More","article_publisher":"https:\/\/www.facebook.com\/tourtravelandmore\/","article_modified_time":"2024-08-06T14:24:17+00:00","og_image":[{"width":2560,"height":1440,"url":"https:\/\/tourtravelandmore.com\/wp-content\/uploads\/2023\/02\/pexels-pierre-blache-3105066-1-scaled.jpg","type":"image\/jpeg"}],"twitter_card":"summary_large_image","twitter_site":"@TourTravel_More","twitter_misc":{"Dur\u00e9e de lecture estim\u00e9e":"2 minutes"},"schema":{"@context":"https:\/\/schema.org","@graph":[{"@type":"WebPage","@id":"https:\/\/tourtravelandmore.com\/fr\/tours\/france-fr\/paris-fr\/best-sellers\/visite-privee-de-paris-a-pied\/","url":"https:\/\/tourtravelandmore.com\/fr\/tours\/france-fr\/paris-fr\/best-sellers\/visite-privee-de-paris-a-pied\/","name":"Visite priv\u00e9e d'une demi-journ\u00e9e de la ville de Paris avec guide officiel","isPartOf":{"@id":"https:\/\/tourtravelandmore.com\/fr\/#website"},"primaryImageOfPage":{"@id":"https:\/\/tourtravelandmore.com\/fr\/tours\/france-fr\/paris-fr\/best-sellers\/visite-privee-de-paris-a-pied\/#primaryimage"},"image":{"@id":"https:\/\/tourtravelandmore.com\/fr\/tours\/france-fr\/paris-fr\/best-sellers\/visite-privee-de-paris-a-pied\/#primaryimage"},"thumbnailUrl":"https:\/\/tourtravelandmore.com\/wp-content\/uploads\/2023\/02\/pexels-pierre-blache-3105066-1-scaled.jpg","datePublished":"2023-02-16T18:55:50+00:00","dateModified":"2024-08-06T14:24:17+00:00","description":"D\u00e9couvrez la merveilleuse ville de Paris avec votre guide officiel priv\u00e9 et confortable dans votre v\u00e9hicule priv\u00e9. Laissez votre guide vous \u00e9clairer!","breadcrumb":{"@id":"https:\/\/tourtravelandmore.com\/fr\/tours\/france-fr\/paris-fr\/best-sellers\/visite-privee-de-paris-a-pied\/#breadcrumb"},"inLanguage":"fr-FR","potentialAction":[{"@type":"ReadAction","target":["https:\/\/tourtravelandmore.com\/fr\/tours\/france-fr\/paris-fr\/best-sellers\/visite-privee-de-paris-a-pied\/"]}]},{"@type":"ImageObject","inLanguage":"fr-FR","@id":"https:\/\/tourtravelandmore.com\/fr\/tours\/france-fr\/paris-fr\/best-sellers\/visite-privee-de-paris-a-pied\/#primaryimage","url":"https:\/\/tourtravelandmore.com\/wp-content\/uploads\/2023\/02\/pexels-pierre-blache-3105066-1-scaled.jpg","contentUrl":"https:\/\/tourtravelandmore.com\/wp-content\/uploads\/2023\/02\/pexels-pierre-blache-3105066-1-scaled.jpg","width":2560,"height":1440},{"@type":"BreadcrumbList","@id":"https:\/\/tourtravelandmore.com\/fr\/tours\/france-fr\/paris-fr\/best-sellers\/visite-privee-de-paris-a-pied\/#breadcrumb","itemListElement":[{"@type":"ListItem","position":1,"name":"Home","item":"https:\/\/tourtravelandmore.com\/fr\/"},{"@type":"ListItem","position":2,"name":"Tours","item":"https:\/\/tourtravelandmore.com\/fr\/tours\/"},{"@type":"ListItem","position":3,"name":"Visite priv\u00e9e de Paris \u00e0 pied"}]},{"@type":"WebSite","@id":"https:\/\/tourtravelandmore.com\/fr\/#website","url":"https:\/\/tourtravelandmore.com\/fr\/","name":"Tour Travel And More","description":"Private sightseeing tours and luxury transfers in Spain","publisher":{"@id":"https:\/\/tourtravelandmore.com\/fr\/#organization"},"potentialAction":[{"@type":"SearchAction","target":{"@type":"EntryPoint","urlTemplate":"https:\/\/tourtravelandmore.com\/fr\/?s={search_term_string}"},"query-input":{"@type":"PropertyValueSpecification","valueRequired":true,"valueName":"search_term_string"}}],"inLanguage":"fr-FR"},{"@type":"Organization","@id":"https:\/\/tourtravelandmore.com\/fr\/#organization","name":"Tour Travel And More","url":"https:\/\/tourtravelandmore.com\/fr\/","logo":{"@type":"ImageObject","inLanguage":"fr-FR","@id":"https:\/\/tourtravelandmore.com\/fr\/#\/schema\/logo\/image\/","url":"https:\/\/tourtravelandmore.com\/wp-content\/uploads\/2022\/12\/cropped-logo-cabecera-new.png","contentUrl":"https:\/\/tourtravelandmore.com\/wp-content\/uploads\/2022\/12\/cropped-logo-cabecera-new.png","width":430,"height":61,"caption":"Tour Travel And More"},"image":{"@id":"https:\/\/tourtravelandmore.com\/fr\/#\/schema\/logo\/image\/"},"sameAs":["https:\/\/www.facebook.com\/tourtravelandmore\/","https:\/\/x.com\/TourTravel_More"]}]}},"_links":{"self":[{"href":"https:\/\/tourtravelandmore.com\/fr\/wp-json\/wp\/v2\/product\/153367","targetHints":{"allow":["GET"]}}],"collection":[{"href":"https:\/\/tourtravelandmore.com\/fr\/wp-json\/wp\/v2\/product"}],"about":[{"href":"https:\/\/tourtravelandmore.com\/fr\/wp-json\/wp\/v2\/types\/product"}],"replies":[{"embeddable":true,"href":"https:\/\/tourtravelandmore.com\/fr\/wp-json\/wp\/v2\/comments?post=153367"}],"wp:featuredmedia":[{"embeddable":true,"href":"https:\/\/tourtravelandmore.com\/fr\/wp-json\/wp\/v2\/media\/154396"}],"wp:attachment":[{"href":"https:\/\/tourtravelandmore.com\/fr\/wp-json\/wp\/v2\/media?parent=153367"}],"wp:term":[{"taxonomy":"product_brand","embeddable":true,"href":"https:\/\/tourtravelandmore.com\/fr\/wp-json\/wp\/v2\/product_brand?post=153367"},{"taxonomy":"product_cat","embeddable":true,"href":"https:\/\/tourtravelandmore.com\/fr\/wp-json\/wp\/v2\/product_cat?post=153367"},{"taxonomy":"product_tag","embeddable":true,"href":"https:\/\/tourtravelandmore.com\/fr\/wp-json\/wp\/v2\/product_tag?post=153367"}],"curies":[{"name":"wp","href":"https:\/\/api.w.org\/{rel}","templated":true}]}}