{"id":153113,"date":"2023-02-14T04:01:54","date_gmt":"2023-02-14T03:01:54","guid":{"rendered":"https:\/\/tourtravelandmore.com\/tours\/non%20class\u00e9\/circuit-prive-dans-les-highlands-a-oban-glencoe-lochs-et-chateaux-au-depart-de-glasgow\/"},"modified":"2023-05-20T03:31:27","modified_gmt":"2023-05-20T01:31:27","slug":"circuit-prive-dans-les-highlands-a-oban-glencoe-lochs-et-chateaux-au-depart-de-glasgow","status":"publish","type":"product","link":"https:\/\/tourtravelandmore.com\/fr\/tours\/ecosse-fr\/glasgow-fr\/circuit-prive-dans-les-highlands-a-oban-glencoe-lochs-et-chateaux-au-depart-de-glasgow\/","title":{"rendered":"Circuit priv\u00e9 dans les Highlands, \u00e0 Oban, Glencoe, Lochs et ch\u00e2teaux au d\u00e9part de Glasgow"},"content":{"rendered":"<h2><b>Description de l&#8217;excursion priv\u00e9e dans les Highlands, \u00e0 Oban, Glencoe, Lochs et ch\u00e2teaux au d\u00e9part de Glasgow.<\/b><\/h2>\n<p><span style=\"font-weight: 400;\">Notre circuit priv\u00e9 de 10 heures vous donne l&#8217;occasion de d\u00e9couvrir les magnifiques Highlands \u00e9cossais, au d\u00e9part de la ville de Glasgow. Avec un guide priv\u00e9 et une voiture de luxe \u00e0 votre disposition tout au long du circuit, vous aurez la possibilit\u00e9 de personnaliser votre itin\u00e9raire en fonction de vos int\u00e9r\u00eats et de vos pr\u00e9f\u00e9rences. De plus, au cours de la visite, vous aurez l&#8217;occasion de go\u00fbter \u00e0 de d\u00e9licieux mets locaux et de d\u00e9guster les meilleurs whiskies \u00e9cossais.<\/span><\/p>\n<h2><b>Visite priv\u00e9e des Highlands, d&#8217;Oban, de Glencoe, des lacs et des ch\u00e2teaux au d\u00e9part de Glasgow<\/b><\/h2>\n<p><span style=\"font-weight: 400;\">Au cours de cette visite priv\u00e9e, vous aurez l&#8217;occasion de visiter certains des lieux les plus embl\u00e9matiques des Highlands \u00e9cossais, comme Oban, Glencoe, les lochs et les ch\u00e2teaux. Vous aurez \u00e9galement l&#8217;occasion d&#8217;admirer les magnifiques paysages naturels et de d\u00e9couvrir la riche histoire et la culture de l&#8217;\u00c9cosse. Pendant la visite, vous pourrez \u00e9galement profiter de la faune locale et prendre de superbes photos pour vous souvenir \u00e0 jamais de votre aventure dans les Highlands.<\/span><\/p>\n<h3><b>Highlands<\/b><\/h3>\n<p><span style=\"font-weight: 400;\">Les Highlands sont connus pour leurs magnifiques paysages naturels et leur riche histoire et culture. Avec leur g\u00e9ographie \u00e9poustouflante et leurs magnifiques paysages, les Highlands sont une destination touristique populaire pour ceux qui cherchent \u00e0 s&#8217;\u00e9chapper de la vie urbaine. En outre, les Highlands sont c\u00e9l\u00e8bres pour leur faune, notamment les cerfs, les grizzlis et les oiseaux de proie.<\/span><\/p>\n<h3><b>Oban<\/b><\/h3>\n<p><span style=\"font-weight: 400;\">Oban est une petite ville de bord de mer sur la c\u00f4te ouest de l&#8217;\u00c9cosse. Elle est connue pour son beau port et ses vues panoramiques sur les H\u00e9brides. Oban est \u00e9galement une destination touristique populaire en raison de sa riche histoire et de sa culture, ainsi que de ses belles plages et de ses paysages naturels. Lors de votre visite \u00e0 Oban, vous aurez \u00e9galement l&#8217;occasion de go\u00fbter \u00e0 la d\u00e9licieuse cuisine locale et de faire le tour des boutiques et des galeries d&#8217;art.<\/span><\/p>\n<h3><b>Glencoe<\/b><\/h3>\n<p><span style=\"font-weight: 400;\">Glencoe est l&#8217;une des r\u00e9gions les plus \u00e9tonnantes des Highlands \u00e9cossais. Connu pour ses magnifiques paysages de montagne, Glencoe est une destination populaire pour les randonneurs et les amoureux de la nature. En outre, Glencoe est connu pour sa riche histoire, notamment l&#8217;\u00e9v\u00e9nement tragique du Massacre de Glencoe en 1692. Lors de votre visite \u00e0 Glencoe, vous aurez l&#8217;occasion d&#8217;explorer ses paysages de montagne, de parcourir ses sentiers naturels et d&#8217;apprendre l&#8217;histoire de la r\u00e9gion. Vous pourrez \u00e9galement visiter les monuments et m\u00e9moriaux d\u00e9di\u00e9s au massacre de Glencoe et r\u00e9fl\u00e9chir \u00e0 ce triste \u00e9v\u00e9nement de l&#8217;histoire \u00e9cossaise. En bref, Glencoe est un lieu \u00e9tonnant pour ceux qui recherchent une exp\u00e9rience unique de la nature et de l&#8217;histoire dans les Highlands \u00e9cossais.<\/span><\/p>\n<h3><b>Lochs<\/b><\/h3>\n<p><span style=\"font-weight: 400;\">Les lochs d&#8217;\u00c9cosse offrent une exp\u00e9rience unique aux visiteurs, avec leurs magnifiques paysages et leurs eaux tranquilles. Lors de votre visite des lochs embl\u00e9matiques des Highlands, tels que le Loch Lomond et le Loch Ness, vous aurez l&#8217;occasion de pratiquer des activit\u00e9s de plein air telles que la randonn\u00e9e, la p\u00eache et la navigation de plaisance. Vous aurez \u00e9galement l&#8217;occasion de d\u00e9couvrir la riche histoire et la culture de l&#8217;\u00c9cosse \u00e0 travers ses magnifiques lochs.<\/span><\/p>\n<h3><b>Ch\u00e2teaux<\/b><\/h3>\n<p><span style=\"font-weight: 400;\">Les ch\u00e2teaux d&#8217;\u00c9cosse sont un rappel impressionnant de la richesse de l&#8217;histoire et de la culture du pays. Au cours de cette visite priv\u00e9e, vous aurez l&#8217;occasion d&#8217;explorer des ch\u00e2teaux embl\u00e9matiques tels que le ch\u00e2teau de Stirling et le ch\u00e2teau d&#8217;\u00c9dimbourg, qui pr\u00e9sentent une architecture impressionnante et une histoire riche. De plus, vous apprendrez l&#8217;histoire militaire et politique de l&#8217;\u00c9cosse en visitant ces ch\u00e2teaux incontournables de votre itin\u00e9raire.<\/span><\/p>\n<p><span style=\"font-weight: 400;\">D\u00e9couvrez les Highlands, Oban, Glencoe, les lochs et les ch\u00e2teaux de Glasgow avec Tour Travel and More ! Notre guide priv\u00e9 et notre voiture de luxe vous accompagneront tout au long de cette visite de 10 heures. <\/span><a href=\"https:\/\/tourtravelandmore.com\/\"><span style=\"font-weight: 400;\">Visitez notre site Web<\/span><\/a> <span style=\"font-weight: 400;\">pour plus d&#8217;informations sur cette <\/span><a href=\"https:\/\/tourtravelandmore.com\/fr\/city\/ecosse-fr\/glasgow-fr\/\"><span style=\"font-weight: 400;\">visite priv\u00e9e et d&#8217;autres visites \u00e0 Glasgow.<\/span><\/a><\/p>\n","protected":false},"excerpt":{"rendered":"<p>Vivez une exp\u00e9rience unique en \u00c9cosse avec Tour Travel and More ! D\u00e9couvrez les magnifiques Highlands, Oban, Glencoe, les lochs embl\u00e9matiques et les ch\u00e2teaux historiques de Glasgow avec notre circuit priv\u00e9 de 10 heures. Avec un guide priv\u00e9 et une voiture de luxe, cette visite est une occasion unique d&#8217;explorer les merveilles de l&#8217;\u00c9cosse.<\/p>\n","protected":false},"featured_media":153097,"comment_status":"open","ping_status":"closed","template":"","meta":{"_acf_changed":false},"product_brand":[],"product_cat":[4287],"product_tag":[],"class_list":{"0":"post-153113","1":"product","2":"type-product","3":"status-publish","4":"has-post-thumbnail","6":"product_cat-glasgow-fr","8":"first","9":"instock","10":"shipping-taxable","11":"purchasable","12":"product-type-simple"},"acf":[],"yoast_head":"<!-- This site is optimized with the Yoast SEO Premium plugin v25.3.1 (Yoast SEO v25.3.1) - https:\/\/yoast.com\/wordpress\/plugins\/seo\/ -->\n<title>\u27a1\ufe0f Visite priv\u00e9e des Highlands, d&#039;Oban, de Glencoe, des lacs et des ch\u00e2teaux depuis Glasgow<\/title>\n<meta name=\"description\" content=\"Une exp\u00e9rience unique en \u00c9cosse avec Tour Travel and More. D\u00e9couvrez les Highlands, Oban, Glencoe, les lochs embl\u00e9matiques et les ch\u00e2teaux historiques de Glasgow avec notre circuit priv\u00e9 de 10 heures - r\u00e9servez d\u00e8s maintenant !\" \/>\n<meta name=\"robots\" content=\"index, follow, max-snippet:-1, max-image-preview:large, max-video-preview:-1\" \/>\n<link rel=\"canonical\" href=\"https:\/\/tourtravelandmore.com\/fr\/tours\/ecosse-fr\/glasgow-fr\/circuit-prive-dans-les-highlands-a-oban-glencoe-lochs-et-chateaux-au-depart-de-glasgow\/\" \/>\n<meta property=\"og:locale\" content=\"fr_FR\" \/>\n<meta property=\"og:type\" content=\"article\" \/>\n<meta property=\"og:title\" content=\"Circuit priv\u00e9 dans les Highlands, \u00e0 Oban, Glencoe, Lochs et ch\u00e2teaux au d\u00e9part de Glasgow\" \/>\n<meta property=\"og:description\" content=\"Une exp\u00e9rience unique en \u00c9cosse avec Tour Travel and More. D\u00e9couvrez les Highlands, Oban, Glencoe, les lochs embl\u00e9matiques et les ch\u00e2teaux historiques de Glasgow avec notre circuit priv\u00e9 de 10 heures - r\u00e9servez d\u00e8s maintenant !\" \/>\n<meta property=\"og:url\" content=\"https:\/\/tourtravelandmore.com\/fr\/tours\/ecosse-fr\/glasgow-fr\/circuit-prive-dans-les-highlands-a-oban-glencoe-lochs-et-chateaux-au-depart-de-glasgow\/\" \/>\n<meta property=\"og:site_name\" content=\"Tour Travel And More\" \/>\n<meta property=\"article:publisher\" content=\"https:\/\/www.facebook.com\/tourtravelandmore\/\" \/>\n<meta property=\"article:modified_time\" content=\"2023-05-20T01:31:27+00:00\" \/>\n<meta property=\"og:image\" content=\"https:\/\/tourtravelandmore.com\/wp-content\/uploads\/2023\/02\/image3-3.jpg\" \/>\n\t<meta property=\"og:image:width\" content=\"950\" \/>\n\t<meta property=\"og:image:height\" content=\"700\" \/>\n\t<meta property=\"og:image:type\" content=\"image\/jpeg\" \/>\n<meta name=\"twitter:card\" content=\"summary_large_image\" \/>\n<meta name=\"twitter:site\" content=\"@TourTravel_More\" \/>\n<meta name=\"twitter:label1\" content=\"Dur\u00e9e de lecture estim\u00e9e\" \/>\n\t<meta name=\"twitter:data1\" content=\"4 minutes\" \/>\n<script type=\"application\/ld+json\" class=\"yoast-schema-graph\">{\"@context\":\"https:\/\/schema.org\",\"@graph\":[{\"@type\":\"WebPage\",\"@id\":\"https:\/\/tourtravelandmore.com\/fr\/tours\/ecosse-fr\/glasgow-fr\/circuit-prive-dans-les-highlands-a-oban-glencoe-lochs-et-chateaux-au-depart-de-glasgow\/\",\"url\":\"https:\/\/tourtravelandmore.com\/fr\/tours\/ecosse-fr\/glasgow-fr\/circuit-prive-dans-les-highlands-a-oban-glencoe-lochs-et-chateaux-au-depart-de-glasgow\/\",\"name\":\"\u27a1\ufe0f Visite priv\u00e9e des Highlands, d'Oban, de Glencoe, des lacs et des ch\u00e2teaux depuis Glasgow\",\"isPartOf\":{\"@id\":\"https:\/\/tourtravelandmore.com\/fr\/#website\"},\"primaryImageOfPage\":{\"@id\":\"https:\/\/tourtravelandmore.com\/fr\/tours\/ecosse-fr\/glasgow-fr\/circuit-prive-dans-les-highlands-a-oban-glencoe-lochs-et-chateaux-au-depart-de-glasgow\/#primaryimage\"},\"image\":{\"@id\":\"https:\/\/tourtravelandmore.com\/fr\/tours\/ecosse-fr\/glasgow-fr\/circuit-prive-dans-les-highlands-a-oban-glencoe-lochs-et-chateaux-au-depart-de-glasgow\/#primaryimage\"},\"thumbnailUrl\":\"https:\/\/tourtravelandmore.com\/wp-content\/uploads\/2023\/02\/image3-3.jpg\",\"datePublished\":\"2023-02-14T03:01:54+00:00\",\"dateModified\":\"2023-05-20T01:31:27+00:00\",\"description\":\"Une exp\u00e9rience unique en \u00c9cosse avec Tour Travel and More. D\u00e9couvrez les Highlands, Oban, Glencoe, les lochs embl\u00e9matiques et les ch\u00e2teaux historiques de Glasgow avec notre circuit priv\u00e9 de 10 heures - r\u00e9servez d\u00e8s maintenant !\",\"breadcrumb\":{\"@id\":\"https:\/\/tourtravelandmore.com\/fr\/tours\/ecosse-fr\/glasgow-fr\/circuit-prive-dans-les-highlands-a-oban-glencoe-lochs-et-chateaux-au-depart-de-glasgow\/#breadcrumb\"},\"inLanguage\":\"fr-FR\",\"potentialAction\":[{\"@type\":\"ReadAction\",\"target\":[\"https:\/\/tourtravelandmore.com\/fr\/tours\/ecosse-fr\/glasgow-fr\/circuit-prive-dans-les-highlands-a-oban-glencoe-lochs-et-chateaux-au-depart-de-glasgow\/\"]}]},{\"@type\":\"ImageObject\",\"inLanguage\":\"fr-FR\",\"@id\":\"https:\/\/tourtravelandmore.com\/fr\/tours\/ecosse-fr\/glasgow-fr\/circuit-prive-dans-les-highlands-a-oban-glencoe-lochs-et-chateaux-au-depart-de-glasgow\/#primaryimage\",\"url\":\"https:\/\/tourtravelandmore.com\/wp-content\/uploads\/2023\/02\/image3-3.jpg\",\"contentUrl\":\"https:\/\/tourtravelandmore.com\/wp-content\/uploads\/2023\/02\/image3-3.jpg\",\"width\":950,\"height\":700},{\"@type\":\"BreadcrumbList\",\"@id\":\"https:\/\/tourtravelandmore.com\/fr\/tours\/ecosse-fr\/glasgow-fr\/circuit-prive-dans-les-highlands-a-oban-glencoe-lochs-et-chateaux-au-depart-de-glasgow\/#breadcrumb\",\"itemListElement\":[{\"@type\":\"ListItem\",\"position\":1,\"name\":\"Home\",\"item\":\"https:\/\/tourtravelandmore.com\/fr\/\"},{\"@type\":\"ListItem\",\"position\":2,\"name\":\"Tours\",\"item\":\"https:\/\/tourtravelandmore.com\/fr\/tours\/\"},{\"@type\":\"ListItem\",\"position\":3,\"name\":\"Circuit priv\u00e9 dans les Highlands, \u00e0 Oban, Glencoe, Lochs et ch\u00e2teaux au d\u00e9part de Glasgow\"}]},{\"@type\":\"WebSite\",\"@id\":\"https:\/\/tourtravelandmore.com\/fr\/#website\",\"url\":\"https:\/\/tourtravelandmore.com\/fr\/\",\"name\":\"Tour Travel And More\",\"description\":\"Private sightseeing tours and luxury transfers in Spain\",\"publisher\":{\"@id\":\"https:\/\/tourtravelandmore.com\/fr\/#organization\"},\"potentialAction\":[{\"@type\":\"SearchAction\",\"target\":{\"@type\":\"EntryPoint\",\"urlTemplate\":\"https:\/\/tourtravelandmore.com\/fr\/?s={search_term_string}\"},\"query-input\":{\"@type\":\"PropertyValueSpecification\",\"valueRequired\":true,\"valueName\":\"search_term_string\"}}],\"inLanguage\":\"fr-FR\"},{\"@type\":\"Organization\",\"@id\":\"https:\/\/tourtravelandmore.com\/fr\/#organization\",\"name\":\"Tour Travel And More\",\"url\":\"https:\/\/tourtravelandmore.com\/fr\/\",\"logo\":{\"@type\":\"ImageObject\",\"inLanguage\":\"fr-FR\",\"@id\":\"https:\/\/tourtravelandmore.com\/fr\/#\/schema\/logo\/image\/\",\"url\":\"https:\/\/tourtravelandmore.com\/wp-content\/uploads\/2022\/12\/cropped-logo-cabecera-new.png\",\"contentUrl\":\"https:\/\/tourtravelandmore.com\/wp-content\/uploads\/2022\/12\/cropped-logo-cabecera-new.png\",\"width\":430,\"height\":61,\"caption\":\"Tour Travel And More\"},\"image\":{\"@id\":\"https:\/\/tourtravelandmore.com\/fr\/#\/schema\/logo\/image\/\"},\"sameAs\":[\"https:\/\/www.facebook.com\/tourtravelandmore\/\",\"https:\/\/x.com\/TourTravel_More\"]}]}<\/script>\n<!-- \/ Yoast SEO Premium plugin. -->","yoast_head_json":{"title":"\u27a1\ufe0f Visite priv\u00e9e des Highlands, d'Oban, de Glencoe, des lacs et des ch\u00e2teaux depuis Glasgow","description":"Une exp\u00e9rience unique en \u00c9cosse avec Tour Travel and More. D\u00e9couvrez les Highlands, Oban, Glencoe, les lochs embl\u00e9matiques et les ch\u00e2teaux historiques de Glasgow avec notre circuit priv\u00e9 de 10 heures - r\u00e9servez d\u00e8s maintenant !","robots":{"index":"index","follow":"follow","max-snippet":"max-snippet:-1","max-image-preview":"max-image-preview:large","max-video-preview":"max-video-preview:-1"},"canonical":"https:\/\/tourtravelandmore.com\/fr\/tours\/ecosse-fr\/glasgow-fr\/circuit-prive-dans-les-highlands-a-oban-glencoe-lochs-et-chateaux-au-depart-de-glasgow\/","og_locale":"fr_FR","og_type":"article","og_title":"Circuit priv\u00e9 dans les Highlands, \u00e0 Oban, Glencoe, Lochs et ch\u00e2teaux au d\u00e9part de Glasgow","og_description":"Une exp\u00e9rience unique en \u00c9cosse avec Tour Travel and More. D\u00e9couvrez les Highlands, Oban, Glencoe, les lochs embl\u00e9matiques et les ch\u00e2teaux historiques de Glasgow avec notre circuit priv\u00e9 de 10 heures - r\u00e9servez d\u00e8s maintenant !","og_url":"https:\/\/tourtravelandmore.com\/fr\/tours\/ecosse-fr\/glasgow-fr\/circuit-prive-dans-les-highlands-a-oban-glencoe-lochs-et-chateaux-au-depart-de-glasgow\/","og_site_name":"Tour Travel And More","article_publisher":"https:\/\/www.facebook.com\/tourtravelandmore\/","article_modified_time":"2023-05-20T01:31:27+00:00","og_image":[{"width":950,"height":700,"url":"https:\/\/tourtravelandmore.com\/wp-content\/uploads\/2023\/02\/image3-3.jpg","type":"image\/jpeg"}],"twitter_card":"summary_large_image","twitter_site":"@TourTravel_More","twitter_misc":{"Dur\u00e9e de lecture estim\u00e9e":"4 minutes"},"schema":{"@context":"https:\/\/schema.org","@graph":[{"@type":"WebPage","@id":"https:\/\/tourtravelandmore.com\/fr\/tours\/ecosse-fr\/glasgow-fr\/circuit-prive-dans-les-highlands-a-oban-glencoe-lochs-et-chateaux-au-depart-de-glasgow\/","url":"https:\/\/tourtravelandmore.com\/fr\/tours\/ecosse-fr\/glasgow-fr\/circuit-prive-dans-les-highlands-a-oban-glencoe-lochs-et-chateaux-au-depart-de-glasgow\/","name":"\u27a1\ufe0f Visite priv\u00e9e des Highlands, d'Oban, de Glencoe, des lacs et des ch\u00e2teaux depuis Glasgow","isPartOf":{"@id":"https:\/\/tourtravelandmore.com\/fr\/#website"},"primaryImageOfPage":{"@id":"https:\/\/tourtravelandmore.com\/fr\/tours\/ecosse-fr\/glasgow-fr\/circuit-prive-dans-les-highlands-a-oban-glencoe-lochs-et-chateaux-au-depart-de-glasgow\/#primaryimage"},"image":{"@id":"https:\/\/tourtravelandmore.com\/fr\/tours\/ecosse-fr\/glasgow-fr\/circuit-prive-dans-les-highlands-a-oban-glencoe-lochs-et-chateaux-au-depart-de-glasgow\/#primaryimage"},"thumbnailUrl":"https:\/\/tourtravelandmore.com\/wp-content\/uploads\/2023\/02\/image3-3.jpg","datePublished":"2023-02-14T03:01:54+00:00","dateModified":"2023-05-20T01:31:27+00:00","description":"Une exp\u00e9rience unique en \u00c9cosse avec Tour Travel and More. D\u00e9couvrez les Highlands, Oban, Glencoe, les lochs embl\u00e9matiques et les ch\u00e2teaux historiques de Glasgow avec notre circuit priv\u00e9 de 10 heures - r\u00e9servez d\u00e8s maintenant !","breadcrumb":{"@id":"https:\/\/tourtravelandmore.com\/fr\/tours\/ecosse-fr\/glasgow-fr\/circuit-prive-dans-les-highlands-a-oban-glencoe-lochs-et-chateaux-au-depart-de-glasgow\/#breadcrumb"},"inLanguage":"fr-FR","potentialAction":[{"@type":"ReadAction","target":["https:\/\/tourtravelandmore.com\/fr\/tours\/ecosse-fr\/glasgow-fr\/circuit-prive-dans-les-highlands-a-oban-glencoe-lochs-et-chateaux-au-depart-de-glasgow\/"]}]},{"@type":"ImageObject","inLanguage":"fr-FR","@id":"https:\/\/tourtravelandmore.com\/fr\/tours\/ecosse-fr\/glasgow-fr\/circuit-prive-dans-les-highlands-a-oban-glencoe-lochs-et-chateaux-au-depart-de-glasgow\/#primaryimage","url":"https:\/\/tourtravelandmore.com\/wp-content\/uploads\/2023\/02\/image3-3.jpg","contentUrl":"https:\/\/tourtravelandmore.com\/wp-content\/uploads\/2023\/02\/image3-3.jpg","width":950,"height":700},{"@type":"BreadcrumbList","@id":"https:\/\/tourtravelandmore.com\/fr\/tours\/ecosse-fr\/glasgow-fr\/circuit-prive-dans-les-highlands-a-oban-glencoe-lochs-et-chateaux-au-depart-de-glasgow\/#breadcrumb","itemListElement":[{"@type":"ListItem","position":1,"name":"Home","item":"https:\/\/tourtravelandmore.com\/fr\/"},{"@type":"ListItem","position":2,"name":"Tours","item":"https:\/\/tourtravelandmore.com\/fr\/tours\/"},{"@type":"ListItem","position":3,"name":"Circuit priv\u00e9 dans les Highlands, \u00e0 Oban, Glencoe, Lochs et ch\u00e2teaux au d\u00e9part de Glasgow"}]},{"@type":"WebSite","@id":"https:\/\/tourtravelandmore.com\/fr\/#website","url":"https:\/\/tourtravelandmore.com\/fr\/","name":"Tour Travel And More","description":"Private sightseeing tours and luxury transfers in Spain","publisher":{"@id":"https:\/\/tourtravelandmore.com\/fr\/#organization"},"potentialAction":[{"@type":"SearchAction","target":{"@type":"EntryPoint","urlTemplate":"https:\/\/tourtravelandmore.com\/fr\/?s={search_term_string}"},"query-input":{"@type":"PropertyValueSpecification","valueRequired":true,"valueName":"search_term_string"}}],"inLanguage":"fr-FR"},{"@type":"Organization","@id":"https:\/\/tourtravelandmore.com\/fr\/#organization","name":"Tour Travel And More","url":"https:\/\/tourtravelandmore.com\/fr\/","logo":{"@type":"ImageObject","inLanguage":"fr-FR","@id":"https:\/\/tourtravelandmore.com\/fr\/#\/schema\/logo\/image\/","url":"https:\/\/tourtravelandmore.com\/wp-content\/uploads\/2022\/12\/cropped-logo-cabecera-new.png","contentUrl":"https:\/\/tourtravelandmore.com\/wp-content\/uploads\/2022\/12\/cropped-logo-cabecera-new.png","width":430,"height":61,"caption":"Tour Travel And More"},"image":{"@id":"https:\/\/tourtravelandmore.com\/fr\/#\/schema\/logo\/image\/"},"sameAs":["https:\/\/www.facebook.com\/tourtravelandmore\/","https:\/\/x.com\/TourTravel_More"]}]}},"_links":{"self":[{"href":"https:\/\/tourtravelandmore.com\/fr\/wp-json\/wp\/v2\/product\/153113","targetHints":{"allow":["GET"]}}],"collection":[{"href":"https:\/\/tourtravelandmore.com\/fr\/wp-json\/wp\/v2\/product"}],"about":[{"href":"https:\/\/tourtravelandmore.com\/fr\/wp-json\/wp\/v2\/types\/product"}],"replies":[{"embeddable":true,"href":"https:\/\/tourtravelandmore.com\/fr\/wp-json\/wp\/v2\/comments?post=153113"}],"wp:featuredmedia":[{"embeddable":true,"href":"https:\/\/tourtravelandmore.com\/fr\/wp-json\/wp\/v2\/media\/153097"}],"wp:attachment":[{"href":"https:\/\/tourtravelandmore.com\/fr\/wp-json\/wp\/v2\/media?parent=153113"}],"wp:term":[{"taxonomy":"product_brand","embeddable":true,"href":"https:\/\/tourtravelandmore.com\/fr\/wp-json\/wp\/v2\/product_brand?post=153113"},{"taxonomy":"product_cat","embeddable":true,"href":"https:\/\/tourtravelandmore.com\/fr\/wp-json\/wp\/v2\/product_cat?post=153113"},{"taxonomy":"product_tag","embeddable":true,"href":"https:\/\/tourtravelandmore.com\/fr\/wp-json\/wp\/v2\/product_tag?post=153113"}],"curies":[{"name":"wp","href":"https:\/\/api.w.org\/{rel}","templated":true}]}}