{"id":153080,"date":"2023-02-14T03:01:58","date_gmt":"2023-02-14T02:01:58","guid":{"rendered":"https:\/\/tourtravelandmore.com\/tours\/non%20class\u00e9\/visite-privee-dune-journee-complete-a-edimbourg-au-depart-de-glasgow\/"},"modified":"2023-02-22T02:07:31","modified_gmt":"2023-02-22T01:07:31","slug":"visite-privee-dune-journee-complete-a-edimbourg-au-depart-de-glasgow","status":"publish","type":"product","link":"https:\/\/tourtravelandmore.com\/fr\/tours\/ecosse-fr\/glasgow-fr\/visite-privee-dune-journee-complete-a-edimbourg-au-depart-de-glasgow\/","title":{"rendered":"Visite priv\u00e9e d&#8217;une journ\u00e9e compl\u00e8te \u00e0 \u00c9dimbourg au d\u00e9part de Glasgow"},"content":{"rendered":"<h2><b>Description Visite priv\u00e9e d&#8217;une journ\u00e9e compl\u00e8te \u00e0 \u00c9dimbourg au d\u00e9part de Glasgow<\/b><\/h2>\n<p><span style=\"font-weight: 400;\">Bienvenue \u00e0 la visite priv\u00e9e d&#8217;une journ\u00e9e compl\u00e8te d&#8217;\u00c9dimbourg au d\u00e9part de Glasgow, propos\u00e9e par Tour Travel and More. Cette visite passionnante de 8 heures comprendra un guide pendant 3 heures \u00e0 \u00c9dimbourg pour vous permettre de d\u00e9couvrir tout ce que cette ville historique a \u00e0 offrir. L&#8217;excursion comprendra \u00e9galement une visite des sites les plus embl\u00e9matiques de la ville et l&#8217;occasion de faire des achats de souvenirs et de cadeaux sur le Royal Mile. Que ce soit votre premi\u00e8re visite \u00e0 \u00c9dimbourg ou que vous y soyez d\u00e9j\u00e0 venu, cette visite sera une exp\u00e9rience unique et inoubliable.<\/span><\/p>\n<h2><b>Points forts de l&#8217;excursion priv\u00e9e d&#8217;une journ\u00e9e \u00e0 \u00c9dimbourg au d\u00e9part de Glasgow<\/b><\/h2>\n<p><span style=\"font-weight: 400;\">Au cours de votre visite priv\u00e9e d&#8217;une journ\u00e9e compl\u00e8te d&#8217;\u00c9dimbourg au d\u00e9part de Glasgow, vous visiterez certains des sites les plus c\u00e9l\u00e8bres de la ville. De l&#8217;architecture \u00e9poustouflante aux jardins historiques, il y en aura pour tous les go\u00fbts. De plus, vous profiterez d&#8217;une atmosph\u00e8re d\u00e9tendue et d\u00e9contract\u00e9e en explorant la ville avec votre guide. Voici une liste de quelques-uns des sites que vous visiterez au cours de votre circuit :<\/span><\/p>\n<h3><b>Ch\u00e2teau d&#8217;\u00c9dimbourg<\/b><\/h3>\n<p><span style=\"font-weight: 400;\">Le ch\u00e2teau d&#8217;\u00c9dimbourg est l&#8217;un des sites les plus embl\u00e9matiques de la ville et constitue un incontournable pour quiconque visite \u00c9dimbourg. Offrant une vue imprenable sur la ville, le ch\u00e2teau est le th\u00e9\u00e2tre de nombreux \u00e9v\u00e9nements historiques importants, notamment le couronnement des rois \u00e9cossais et la d\u00e9fense contre les envahisseurs ennemis. Vous pourrez \u00e9galement d\u00e9couvrir l&#8217;histoire et la culture \u00e9cossaises en explorant le ch\u00e2teau.<\/span><\/p>\n<h3><b>Jardin botanique royal<\/b><\/h3>\n<p><span style=\"font-weight: 400;\">Les jardins royaux d&#8217;\u00c9dimbourg sont une oasis de paix et de beaut\u00e9 au milieu de la ville anim\u00e9e. Avec plus de 70 hectares de jardins et de collections botaniques, c&#8217;est l&#8217;endroit id\u00e9al pour une promenade paisible. Vous pouvez \u00e9galement vous renseigner sur la flore et la faune locales et profiter d&#8217;une atmosph\u00e8re d\u00e9tendue et paisible.<\/span><\/p>\n<h3><b>Royal Mile<\/b><\/h3>\n<p><span style=\"font-weight: 400;\">Le Royal Mile est l&#8217;une des rues les plus c\u00e9l\u00e8bres d&#8217;\u00c9dimbourg et c&#8217;est un endroit id\u00e9al pour faire du shopping, manger ou simplement fl\u00e2ner. Avec ses b\u00e2timents anciens et ses boutiques historiques, le Royal Mile est une exp\u00e9rience unique pour tous ceux qui le visitent.<\/span><\/p>\n<p><span style=\"font-weight: 400;\">s une exp\u00e9rience unique pour tous ceux qui la visitent. Vous pourrez \u00e9galement d\u00e9couvrir la vie nocturne anim\u00e9e d&#8217;\u00c9dimbourg et profiter des nombreux bars et clubs locaux. Le Royal Mile est une v\u00e9ritable exp\u00e9rience \u00e9cossaise \u00e0 ne pas manquer.<\/span><\/p>\n<h3><b>Greyfriars Bobby Alley<\/b><\/h3>\n<p><span style=\"font-weight: 400;\">Greyfriars Bobby Alley est un lieu populaire pour les amoureux des animaux et abrite l&#8217;une des plus touchantes histoires d&#8217;amiti\u00e9 entre un chien et son ma\u00eetre. La statue de Greyfriars Bobby est un incontournable pour ceux qui visitent \u00c9dimbourg. En outre, vous pouvez apprendre l&#8217;histoire qui se cache derri\u00e8re la loyaut\u00e9 et l&#8217;amour inconditionnel dont Bobby a fait preuve pour son propri\u00e9taire, ce qui en fait un lieu de visite passionnant.<\/span><\/p>\n<p><span style=\"font-weight: 400;\">Chez Tour Travel and More, nous sommes fiers de proposer des <\/span><a href=\"https:\/\/tourtravelandmore.com\/fr\/city\/ecosse-fr\/glasgow-fr\/\"><span style=\"font-weight: 400;\">visites priv\u00e9es dans tout Glasgow.<\/span><\/a><span style=\"font-weight: 400;\"> Gr\u00e2ce \u00e0 notre service personnalis\u00e9, vous pouvez profiter de la ville \u00e0 votre propre rythme et avec l&#8217;attention exclusive d&#8217;un guide. <\/span><a href=\"https:\/\/tourtravelandmore.com\/\"><span style=\"font-weight: 400;\">Parcourez notre site Web<\/span><\/a> <span style=\"font-weight: 400;\">et d\u00e9couvrez toutes les options de visite que nous vous proposons !<\/span><\/p>\n","protected":false},"excerpt":{"rendered":"<p><span style=\"font-weight: 400;\">Promenez-vous dans \u00c9dimbourg avec un guide priv\u00e9 et d\u00e9couvrez la ville sous son aspect le plus authentique ! D\u00e9couvrez les sites les plus embl\u00e9matiques d&#8217;\u00c9dimbourg, comme Greyfriars Bobby&#8217;s Alley et son histoire touchante.<\/span><\/p>\n<p>&nbsp;<\/p>\n","protected":false},"featured_media":153061,"comment_status":"open","ping_status":"closed","template":"","meta":{"_acf_changed":false},"product_brand":[],"product_cat":[4287],"product_tag":[],"class_list":{"0":"post-153080","1":"product","2":"type-product","3":"status-publish","4":"has-post-thumbnail","6":"product_cat-glasgow-fr","8":"first","9":"instock","10":"shipping-taxable","11":"purchasable","12":"product-type-simple"},"acf":[],"yoast_head":"<!-- This site is optimized with the Yoast SEO Premium plugin v25.3.1 (Yoast SEO v25.3.1) - https:\/\/yoast.com\/wordpress\/plugins\/seo\/ -->\n<title>Excursion priv\u00e9e d&#039;une journ\u00e9e \u00e0 \u00c9dimbourg depuis Glasgow.<\/title>\n<meta name=\"description\" content=\"Visitez \u00c9dimbourg en priv\u00e9 avec un guide pendant 8 heures ! D\u00e9couvrez les sites les plus embl\u00e9matiques en vivant une exp\u00e9rience authentique.\" \/>\n<meta name=\"robots\" content=\"index, follow, max-snippet:-1, max-image-preview:large, max-video-preview:-1\" \/>\n<link rel=\"canonical\" href=\"https:\/\/tourtravelandmore.com\/fr\/tours\/ecosse-fr\/glasgow-fr\/visite-privee-dune-journee-complete-a-edimbourg-au-depart-de-glasgow\/\" \/>\n<meta property=\"og:locale\" content=\"fr_FR\" \/>\n<meta property=\"og:type\" content=\"article\" \/>\n<meta property=\"og:title\" content=\"Visite priv\u00e9e d&#039;une journ\u00e9e compl\u00e8te \u00e0 \u00c9dimbourg au d\u00e9part de Glasgow\" \/>\n<meta property=\"og:description\" content=\"Visitez \u00c9dimbourg en priv\u00e9 avec un guide pendant 8 heures ! D\u00e9couvrez les sites les plus embl\u00e9matiques en vivant une exp\u00e9rience authentique.\" \/>\n<meta property=\"og:url\" content=\"https:\/\/tourtravelandmore.com\/fr\/tours\/ecosse-fr\/glasgow-fr\/visite-privee-dune-journee-complete-a-edimbourg-au-depart-de-glasgow\/\" \/>\n<meta property=\"og:site_name\" content=\"Tour Travel And More\" \/>\n<meta property=\"article:publisher\" content=\"https:\/\/www.facebook.com\/tourtravelandmore\/\" \/>\n<meta property=\"article:modified_time\" content=\"2023-02-22T01:07:31+00:00\" \/>\n<meta property=\"og:image\" content=\"https:\/\/tourtravelandmore.com\/wp-content\/uploads\/2023\/02\/image3-2.jpg\" \/>\n\t<meta property=\"og:image:width\" content=\"950\" \/>\n\t<meta property=\"og:image:height\" content=\"700\" \/>\n\t<meta property=\"og:image:type\" content=\"image\/jpeg\" \/>\n<meta name=\"twitter:card\" content=\"summary_large_image\" \/>\n<meta name=\"twitter:site\" content=\"@TourTravel_More\" \/>\n<meta name=\"twitter:label1\" content=\"Dur\u00e9e de lecture estim\u00e9e\" \/>\n\t<meta name=\"twitter:data1\" content=\"3 minutes\" \/>\n<script type=\"application\/ld+json\" class=\"yoast-schema-graph\">{\"@context\":\"https:\/\/schema.org\",\"@graph\":[{\"@type\":\"WebPage\",\"@id\":\"https:\/\/tourtravelandmore.com\/fr\/tours\/ecosse-fr\/glasgow-fr\/visite-privee-dune-journee-complete-a-edimbourg-au-depart-de-glasgow\/\",\"url\":\"https:\/\/tourtravelandmore.com\/fr\/tours\/ecosse-fr\/glasgow-fr\/visite-privee-dune-journee-complete-a-edimbourg-au-depart-de-glasgow\/\",\"name\":\"Excursion priv\u00e9e d'une journ\u00e9e \u00e0 \u00c9dimbourg depuis Glasgow.\",\"isPartOf\":{\"@id\":\"https:\/\/tourtravelandmore.com\/fr\/#website\"},\"primaryImageOfPage\":{\"@id\":\"https:\/\/tourtravelandmore.com\/fr\/tours\/ecosse-fr\/glasgow-fr\/visite-privee-dune-journee-complete-a-edimbourg-au-depart-de-glasgow\/#primaryimage\"},\"image\":{\"@id\":\"https:\/\/tourtravelandmore.com\/fr\/tours\/ecosse-fr\/glasgow-fr\/visite-privee-dune-journee-complete-a-edimbourg-au-depart-de-glasgow\/#primaryimage\"},\"thumbnailUrl\":\"https:\/\/tourtravelandmore.com\/wp-content\/uploads\/2023\/02\/image3-2.jpg\",\"datePublished\":\"2023-02-14T02:01:58+00:00\",\"dateModified\":\"2023-02-22T01:07:31+00:00\",\"description\":\"Visitez \u00c9dimbourg en priv\u00e9 avec un guide pendant 8 heures ! D\u00e9couvrez les sites les plus embl\u00e9matiques en vivant une exp\u00e9rience authentique.\",\"breadcrumb\":{\"@id\":\"https:\/\/tourtravelandmore.com\/fr\/tours\/ecosse-fr\/glasgow-fr\/visite-privee-dune-journee-complete-a-edimbourg-au-depart-de-glasgow\/#breadcrumb\"},\"inLanguage\":\"fr-FR\",\"potentialAction\":[{\"@type\":\"ReadAction\",\"target\":[\"https:\/\/tourtravelandmore.com\/fr\/tours\/ecosse-fr\/glasgow-fr\/visite-privee-dune-journee-complete-a-edimbourg-au-depart-de-glasgow\/\"]}]},{\"@type\":\"ImageObject\",\"inLanguage\":\"fr-FR\",\"@id\":\"https:\/\/tourtravelandmore.com\/fr\/tours\/ecosse-fr\/glasgow-fr\/visite-privee-dune-journee-complete-a-edimbourg-au-depart-de-glasgow\/#primaryimage\",\"url\":\"https:\/\/tourtravelandmore.com\/wp-content\/uploads\/2023\/02\/image3-2.jpg\",\"contentUrl\":\"https:\/\/tourtravelandmore.com\/wp-content\/uploads\/2023\/02\/image3-2.jpg\",\"width\":950,\"height\":700},{\"@type\":\"BreadcrumbList\",\"@id\":\"https:\/\/tourtravelandmore.com\/fr\/tours\/ecosse-fr\/glasgow-fr\/visite-privee-dune-journee-complete-a-edimbourg-au-depart-de-glasgow\/#breadcrumb\",\"itemListElement\":[{\"@type\":\"ListItem\",\"position\":1,\"name\":\"Home\",\"item\":\"https:\/\/tourtravelandmore.com\/fr\/\"},{\"@type\":\"ListItem\",\"position\":2,\"name\":\"Tours\",\"item\":\"https:\/\/tourtravelandmore.com\/fr\/tours\/\"},{\"@type\":\"ListItem\",\"position\":3,\"name\":\"Visite priv\u00e9e d&rsquo;une journ\u00e9e compl\u00e8te \u00e0 \u00c9dimbourg au d\u00e9part de Glasgow\"}]},{\"@type\":\"WebSite\",\"@id\":\"https:\/\/tourtravelandmore.com\/fr\/#website\",\"url\":\"https:\/\/tourtravelandmore.com\/fr\/\",\"name\":\"Tour Travel And More\",\"description\":\"Private sightseeing tours and luxury transfers in Spain\",\"publisher\":{\"@id\":\"https:\/\/tourtravelandmore.com\/fr\/#organization\"},\"potentialAction\":[{\"@type\":\"SearchAction\",\"target\":{\"@type\":\"EntryPoint\",\"urlTemplate\":\"https:\/\/tourtravelandmore.com\/fr\/?s={search_term_string}\"},\"query-input\":{\"@type\":\"PropertyValueSpecification\",\"valueRequired\":true,\"valueName\":\"search_term_string\"}}],\"inLanguage\":\"fr-FR\"},{\"@type\":\"Organization\",\"@id\":\"https:\/\/tourtravelandmore.com\/fr\/#organization\",\"name\":\"Tour Travel And More\",\"url\":\"https:\/\/tourtravelandmore.com\/fr\/\",\"logo\":{\"@type\":\"ImageObject\",\"inLanguage\":\"fr-FR\",\"@id\":\"https:\/\/tourtravelandmore.com\/fr\/#\/schema\/logo\/image\/\",\"url\":\"https:\/\/tourtravelandmore.com\/wp-content\/uploads\/2022\/12\/cropped-logo-cabecera-new.png\",\"contentUrl\":\"https:\/\/tourtravelandmore.com\/wp-content\/uploads\/2022\/12\/cropped-logo-cabecera-new.png\",\"width\":430,\"height\":61,\"caption\":\"Tour Travel And More\"},\"image\":{\"@id\":\"https:\/\/tourtravelandmore.com\/fr\/#\/schema\/logo\/image\/\"},\"sameAs\":[\"https:\/\/www.facebook.com\/tourtravelandmore\/\",\"https:\/\/x.com\/TourTravel_More\"]}]}<\/script>\n<!-- \/ Yoast SEO Premium plugin. -->","yoast_head_json":{"title":"Excursion priv\u00e9e d'une journ\u00e9e \u00e0 \u00c9dimbourg depuis Glasgow.","description":"Visitez \u00c9dimbourg en priv\u00e9 avec un guide pendant 8 heures ! D\u00e9couvrez les sites les plus embl\u00e9matiques en vivant une exp\u00e9rience authentique.","robots":{"index":"index","follow":"follow","max-snippet":"max-snippet:-1","max-image-preview":"max-image-preview:large","max-video-preview":"max-video-preview:-1"},"canonical":"https:\/\/tourtravelandmore.com\/fr\/tours\/ecosse-fr\/glasgow-fr\/visite-privee-dune-journee-complete-a-edimbourg-au-depart-de-glasgow\/","og_locale":"fr_FR","og_type":"article","og_title":"Visite priv\u00e9e d'une journ\u00e9e compl\u00e8te \u00e0 \u00c9dimbourg au d\u00e9part de Glasgow","og_description":"Visitez \u00c9dimbourg en priv\u00e9 avec un guide pendant 8 heures ! D\u00e9couvrez les sites les plus embl\u00e9matiques en vivant une exp\u00e9rience authentique.","og_url":"https:\/\/tourtravelandmore.com\/fr\/tours\/ecosse-fr\/glasgow-fr\/visite-privee-dune-journee-complete-a-edimbourg-au-depart-de-glasgow\/","og_site_name":"Tour Travel And More","article_publisher":"https:\/\/www.facebook.com\/tourtravelandmore\/","article_modified_time":"2023-02-22T01:07:31+00:00","og_image":[{"width":950,"height":700,"url":"https:\/\/tourtravelandmore.com\/wp-content\/uploads\/2023\/02\/image3-2.jpg","type":"image\/jpeg"}],"twitter_card":"summary_large_image","twitter_site":"@TourTravel_More","twitter_misc":{"Dur\u00e9e de lecture estim\u00e9e":"3 minutes"},"schema":{"@context":"https:\/\/schema.org","@graph":[{"@type":"WebPage","@id":"https:\/\/tourtravelandmore.com\/fr\/tours\/ecosse-fr\/glasgow-fr\/visite-privee-dune-journee-complete-a-edimbourg-au-depart-de-glasgow\/","url":"https:\/\/tourtravelandmore.com\/fr\/tours\/ecosse-fr\/glasgow-fr\/visite-privee-dune-journee-complete-a-edimbourg-au-depart-de-glasgow\/","name":"Excursion priv\u00e9e d'une journ\u00e9e \u00e0 \u00c9dimbourg depuis Glasgow.","isPartOf":{"@id":"https:\/\/tourtravelandmore.com\/fr\/#website"},"primaryImageOfPage":{"@id":"https:\/\/tourtravelandmore.com\/fr\/tours\/ecosse-fr\/glasgow-fr\/visite-privee-dune-journee-complete-a-edimbourg-au-depart-de-glasgow\/#primaryimage"},"image":{"@id":"https:\/\/tourtravelandmore.com\/fr\/tours\/ecosse-fr\/glasgow-fr\/visite-privee-dune-journee-complete-a-edimbourg-au-depart-de-glasgow\/#primaryimage"},"thumbnailUrl":"https:\/\/tourtravelandmore.com\/wp-content\/uploads\/2023\/02\/image3-2.jpg","datePublished":"2023-02-14T02:01:58+00:00","dateModified":"2023-02-22T01:07:31+00:00","description":"Visitez \u00c9dimbourg en priv\u00e9 avec un guide pendant 8 heures ! D\u00e9couvrez les sites les plus embl\u00e9matiques en vivant une exp\u00e9rience authentique.","breadcrumb":{"@id":"https:\/\/tourtravelandmore.com\/fr\/tours\/ecosse-fr\/glasgow-fr\/visite-privee-dune-journee-complete-a-edimbourg-au-depart-de-glasgow\/#breadcrumb"},"inLanguage":"fr-FR","potentialAction":[{"@type":"ReadAction","target":["https:\/\/tourtravelandmore.com\/fr\/tours\/ecosse-fr\/glasgow-fr\/visite-privee-dune-journee-complete-a-edimbourg-au-depart-de-glasgow\/"]}]},{"@type":"ImageObject","inLanguage":"fr-FR","@id":"https:\/\/tourtravelandmore.com\/fr\/tours\/ecosse-fr\/glasgow-fr\/visite-privee-dune-journee-complete-a-edimbourg-au-depart-de-glasgow\/#primaryimage","url":"https:\/\/tourtravelandmore.com\/wp-content\/uploads\/2023\/02\/image3-2.jpg","contentUrl":"https:\/\/tourtravelandmore.com\/wp-content\/uploads\/2023\/02\/image3-2.jpg","width":950,"height":700},{"@type":"BreadcrumbList","@id":"https:\/\/tourtravelandmore.com\/fr\/tours\/ecosse-fr\/glasgow-fr\/visite-privee-dune-journee-complete-a-edimbourg-au-depart-de-glasgow\/#breadcrumb","itemListElement":[{"@type":"ListItem","position":1,"name":"Home","item":"https:\/\/tourtravelandmore.com\/fr\/"},{"@type":"ListItem","position":2,"name":"Tours","item":"https:\/\/tourtravelandmore.com\/fr\/tours\/"},{"@type":"ListItem","position":3,"name":"Visite priv\u00e9e d&rsquo;une journ\u00e9e compl\u00e8te \u00e0 \u00c9dimbourg au d\u00e9part de Glasgow"}]},{"@type":"WebSite","@id":"https:\/\/tourtravelandmore.com\/fr\/#website","url":"https:\/\/tourtravelandmore.com\/fr\/","name":"Tour Travel And More","description":"Private sightseeing tours and luxury transfers in Spain","publisher":{"@id":"https:\/\/tourtravelandmore.com\/fr\/#organization"},"potentialAction":[{"@type":"SearchAction","target":{"@type":"EntryPoint","urlTemplate":"https:\/\/tourtravelandmore.com\/fr\/?s={search_term_string}"},"query-input":{"@type":"PropertyValueSpecification","valueRequired":true,"valueName":"search_term_string"}}],"inLanguage":"fr-FR"},{"@type":"Organization","@id":"https:\/\/tourtravelandmore.com\/fr\/#organization","name":"Tour Travel And More","url":"https:\/\/tourtravelandmore.com\/fr\/","logo":{"@type":"ImageObject","inLanguage":"fr-FR","@id":"https:\/\/tourtravelandmore.com\/fr\/#\/schema\/logo\/image\/","url":"https:\/\/tourtravelandmore.com\/wp-content\/uploads\/2022\/12\/cropped-logo-cabecera-new.png","contentUrl":"https:\/\/tourtravelandmore.com\/wp-content\/uploads\/2022\/12\/cropped-logo-cabecera-new.png","width":430,"height":61,"caption":"Tour Travel And More"},"image":{"@id":"https:\/\/tourtravelandmore.com\/fr\/#\/schema\/logo\/image\/"},"sameAs":["https:\/\/www.facebook.com\/tourtravelandmore\/","https:\/\/x.com\/TourTravel_More"]}]}},"_links":{"self":[{"href":"https:\/\/tourtravelandmore.com\/fr\/wp-json\/wp\/v2\/product\/153080","targetHints":{"allow":["GET"]}}],"collection":[{"href":"https:\/\/tourtravelandmore.com\/fr\/wp-json\/wp\/v2\/product"}],"about":[{"href":"https:\/\/tourtravelandmore.com\/fr\/wp-json\/wp\/v2\/types\/product"}],"replies":[{"embeddable":true,"href":"https:\/\/tourtravelandmore.com\/fr\/wp-json\/wp\/v2\/comments?post=153080"}],"wp:featuredmedia":[{"embeddable":true,"href":"https:\/\/tourtravelandmore.com\/fr\/wp-json\/wp\/v2\/media\/153061"}],"wp:attachment":[{"href":"https:\/\/tourtravelandmore.com\/fr\/wp-json\/wp\/v2\/media?parent=153080"}],"wp:term":[{"taxonomy":"product_brand","embeddable":true,"href":"https:\/\/tourtravelandmore.com\/fr\/wp-json\/wp\/v2\/product_brand?post=153080"},{"taxonomy":"product_cat","embeddable":true,"href":"https:\/\/tourtravelandmore.com\/fr\/wp-json\/wp\/v2\/product_cat?post=153080"},{"taxonomy":"product_tag","embeddable":true,"href":"https:\/\/tourtravelandmore.com\/fr\/wp-json\/wp\/v2\/product_tag?post=153080"}],"curies":[{"name":"wp","href":"https:\/\/api.w.org\/{rel}","templated":true}]}}