{"id":153047,"date":"2023-02-14T02:35:32","date_gmt":"2023-02-14T01:35:32","guid":{"rendered":"https:\/\/tourtravelandmore.com\/tours\/non%20class\u00e9\/transferts-prives-de-laeroport-de-glasgow\/"},"modified":"2023-02-22T02:11:23","modified_gmt":"2023-02-22T01:11:23","slug":"transferts-prives-de-laeroport-de-glasgow","status":"publish","type":"product","link":"https:\/\/tourtravelandmore.com\/fr\/tours\/ecosse-fr\/glasgow-fr\/transferts-prives-de-laeroport-de-glasgow\/","title":{"rendered":"Transferts priv\u00e9s de l&#8217;a\u00e9roport de Glasgow"},"content":{"rendered":"<p><span style=\"font-weight: 400;\">Profitez d&#8217;une exp\u00e9rience relaxante dans l&#8217;un de nos v\u00e9hicules priv\u00e9s de luxe avec nos transferts priv\u00e9s depuis et vers l&#8217;a\u00e9roport de Glasgow. Nous vous offrons le moyen le plus rapide et le plus simple d&#8217;atteindre votre destination finale.<\/span><\/p>\n<p><b>Tour Travel &amp; More &#8211; Un large \u00e9ventail de destinations parmi lesquelles vous pouvez choisir : \u00c9dimbourg, Stirling, Loch Lomond et les Highlands \u00e9cossais.<\/b><\/p>\n<p><span style=\"font-weight: 400;\">N&#8217;oubliez pas que votre transfert est enti\u00e8rement personnalis\u00e9. O\u00f9 que vous soyez \u00e0 Glasgow, nous l&#8217;organiserons pour vous dans les meilleurs d\u00e9lais.<\/span><\/p>\n<p><span style=\"font-weight: 400;\">Nous proposons tous les types de transferts, tels que les transferts vers l&#8217;a\u00e9roport, la gare ou les transferts vers toute autre ville ou lieu \u00e0 proximit\u00e9.<\/span><\/p>\n<p><span style=\"font-weight: 400;\">Une fois arriv\u00e9 \u00e0 votre arr\u00eat, notre personnel vous attendra avec un panneau dans le hall des arriv\u00e9es. Lors de votre arriv\u00e9e \u00e0 votre destination finale, vous pourrez \u00e9galement profiter d&#8217;une vue panoramique de la ville.<\/span><\/p>\n<p><span style=\"font-weight: 400;\">Vous pouvez \u00e9galement profiter de transferts priv\u00e9s de votre h\u00f4tel ou appartement \u00e0 la gare de Glasgow. Nous pouvons vous conduire \u00e0 votre h\u00f4tel \u00e0 Glasgow ou dans toute autre ville proche, comme \u00c9dimbourg ou Stirling.<\/span><\/p>\n<h2><b>Points d&#8217;int\u00e9r\u00eat des transferts priv\u00e9s de l&#8217;a\u00e9roport de Glasgow<\/b><\/h2>\n<p><span style=\"font-weight: 400;\">Nous proposons un service de transfert personnalis\u00e9 et priv\u00e9 pour tous les groupes. Tous nos v\u00e9hicules sont haut de gamme. Tous nos chauffeurs sont professionnellement form\u00e9s et exp\u00e9riment\u00e9s pour un voyage en toute s\u00e9curit\u00e9. Ils fournissent le meilleur service pour que vous profitiez pleinement de votre voyage.<\/span><\/p>\n<p><span style=\"font-weight: 400;\">Tout ce que vous avez \u00e0 faire est de nous contacter et nous organiserons votre transfert de la meilleure fa\u00e7on possible. Tour Travel &amp; More est synonyme de garantie et de satisfaction.<\/span><\/p>\n<p><span style=\"font-weight: 400;\">Une fois que vous avez effectu\u00e9 votre r\u00e9servation, vous recevrez un e-mail de confirmation. Nous aurons ensuite besoin de vos informations de vol, de votre heure d&#8217;arriv\u00e9e et de votre compagnie a\u00e9rienne. Entre 48 et 24 heures avant votre heure d&#8217;arriv\u00e9e, nous aurons besoin d&#8217;une confirmation de tous ces d\u00e9tails pour que votre service de transfert soit parfait.<\/span><\/p>\n<p><span style=\"font-weight: 400;\">Nous ne limitons pas la quantit\u00e9 de bagages que vous pouvez apporter, mais informez-nous de la quantit\u00e9 de bagages avec laquelle vous allez voyager pour des raisons logistiques. Parfois, un v\u00e9hicule plus grand peut \u00eatre n\u00e9cessaire et des frais suppl\u00e9mentaires peuvent s&#8217;appliquer.<\/span><\/p>\n<p><span style=\"font-weight: 400;\">De m\u00eame, si vous avez besoin d&#8217;un transfert priv\u00e9 depuis l&#8217;a\u00e9roport de Glasgow, n&#8217;h\u00e9sitez pas \u00e0 nous contacter. Nous vous assurons un service de haute qualit\u00e9 avec un chauffeur professionnel et un v\u00e9hicule de luxe pour vous amener \u00e0 votre destination finale dans le confort et le style.<\/span><\/p>\n<p><span style=\"font-weight: 400;\">Nous proposons un service de transfert priv\u00e9 de luxe de votre h\u00e9bergement \u00e0 l&#8217;a\u00e9roport de Glasgow. Profitez d&#8217;un voyage relaxant et sans souci pendant que notre chauffeur exp\u00e9riment\u00e9 s&#8217;occupe de tout. Faites-nous conna\u00eetre votre heure de d\u00e9part et nous ferons de votre voyage une exp\u00e9rience m\u00e9morable et sans stress &#8211; voyagez dans le confort et le style avec notre service de transfert priv\u00e9 !<\/span><\/p>\n","protected":false},"excerpt":{"rendered":"<p><span style=\"font-weight: 400;\">Arrivez \u00e0 votre destination finale dans le confort et le style avec nos transferts priv\u00e9s de l&#8217;a\u00e9roport de Glasgow ! Avec un chauffeur professionnel et un v\u00e9hicule de luxe, nous vous assurons un voyage sans stress et relaxant.<\/span><\/p>\n","protected":false},"featured_media":142989,"comment_status":"open","ping_status":"closed","template":"","meta":{"_acf_changed":false},"product_brand":[],"product_cat":[4287],"product_tag":[],"class_list":{"0":"post-153047","1":"product","2":"type-product","3":"status-publish","4":"has-post-thumbnail","6":"product_cat-glasgow-fr","8":"first","9":"instock","10":"shipping-taxable","11":"purchasable","12":"product-type-simple"},"acf":[],"yoast_head":"<!-- This site is optimized with the Yoast SEO Premium plugin v25.3.1 (Yoast SEO v25.3.1) - https:\/\/yoast.com\/wordpress\/plugins\/seo\/ -->\n<title>Transferts priv\u00e9s depuis l&#039;a\u00e9roport de Glasgow<\/title>\n<meta name=\"description\" content=\"Profitez d&#039;un service de transfert priv\u00e9 depuis l&#039;a\u00e9roport de Glasgow avec un chauffeur professionnel et un v\u00e9hicule de luxe. Faites-nous conna\u00eetre votre heure d&#039;arriv\u00e9e.\" \/>\n<meta name=\"robots\" content=\"index, follow, max-snippet:-1, max-image-preview:large, max-video-preview:-1\" \/>\n<link rel=\"canonical\" href=\"https:\/\/tourtravelandmore.com\/fr\/tours\/ecosse-fr\/glasgow-fr\/transferts-prives-de-laeroport-de-glasgow\/\" \/>\n<meta property=\"og:locale\" content=\"fr_FR\" \/>\n<meta property=\"og:type\" content=\"article\" \/>\n<meta property=\"og:title\" content=\"Transferts priv\u00e9s de l&#039;a\u00e9roport de Glasgow\" \/>\n<meta property=\"og:description\" content=\"Profitez d&#039;un service de transfert priv\u00e9 depuis l&#039;a\u00e9roport de Glasgow avec un chauffeur professionnel et un v\u00e9hicule de luxe. Faites-nous conna\u00eetre votre heure d&#039;arriv\u00e9e.\" \/>\n<meta property=\"og:url\" content=\"https:\/\/tourtravelandmore.com\/fr\/tours\/ecosse-fr\/glasgow-fr\/transferts-prives-de-laeroport-de-glasgow\/\" \/>\n<meta property=\"og:site_name\" content=\"Tour Travel And More\" \/>\n<meta property=\"article:publisher\" content=\"https:\/\/www.facebook.com\/tourtravelandmore\/\" \/>\n<meta property=\"article:modified_time\" content=\"2023-02-22T01:11:23+00:00\" \/>\n<meta property=\"og:image\" content=\"https:\/\/tourtravelandmore.com\/wp-content\/uploads\/2019\/10\/58.jpg\" \/>\n\t<meta property=\"og:image:width\" content=\"720\" \/>\n\t<meta property=\"og:image:height\" content=\"480\" \/>\n\t<meta property=\"og:image:type\" content=\"image\/jpeg\" \/>\n<meta name=\"twitter:card\" content=\"summary_large_image\" \/>\n<meta name=\"twitter:site\" content=\"@TourTravel_More\" \/>\n<meta name=\"twitter:label1\" content=\"Dur\u00e9e de lecture estim\u00e9e\" \/>\n\t<meta name=\"twitter:data1\" content=\"3 minutes\" \/>\n<script type=\"application\/ld+json\" class=\"yoast-schema-graph\">{\"@context\":\"https:\/\/schema.org\",\"@graph\":[{\"@type\":\"WebPage\",\"@id\":\"https:\/\/tourtravelandmore.com\/fr\/tours\/ecosse-fr\/glasgow-fr\/transferts-prives-de-laeroport-de-glasgow\/\",\"url\":\"https:\/\/tourtravelandmore.com\/fr\/tours\/ecosse-fr\/glasgow-fr\/transferts-prives-de-laeroport-de-glasgow\/\",\"name\":\"Transferts priv\u00e9s depuis l'a\u00e9roport de Glasgow\",\"isPartOf\":{\"@id\":\"https:\/\/tourtravelandmore.com\/fr\/#website\"},\"primaryImageOfPage\":{\"@id\":\"https:\/\/tourtravelandmore.com\/fr\/tours\/ecosse-fr\/glasgow-fr\/transferts-prives-de-laeroport-de-glasgow\/#primaryimage\"},\"image\":{\"@id\":\"https:\/\/tourtravelandmore.com\/fr\/tours\/ecosse-fr\/glasgow-fr\/transferts-prives-de-laeroport-de-glasgow\/#primaryimage\"},\"thumbnailUrl\":\"https:\/\/tourtravelandmore.com\/wp-content\/uploads\/2019\/10\/58.jpg\",\"datePublished\":\"2023-02-14T01:35:32+00:00\",\"dateModified\":\"2023-02-22T01:11:23+00:00\",\"description\":\"Profitez d'un service de transfert priv\u00e9 depuis l'a\u00e9roport de Glasgow avec un chauffeur professionnel et un v\u00e9hicule de luxe. Faites-nous conna\u00eetre votre heure d'arriv\u00e9e.\",\"breadcrumb\":{\"@id\":\"https:\/\/tourtravelandmore.com\/fr\/tours\/ecosse-fr\/glasgow-fr\/transferts-prives-de-laeroport-de-glasgow\/#breadcrumb\"},\"inLanguage\":\"fr-FR\",\"potentialAction\":[{\"@type\":\"ReadAction\",\"target\":[\"https:\/\/tourtravelandmore.com\/fr\/tours\/ecosse-fr\/glasgow-fr\/transferts-prives-de-laeroport-de-glasgow\/\"]}]},{\"@type\":\"ImageObject\",\"inLanguage\":\"fr-FR\",\"@id\":\"https:\/\/tourtravelandmore.com\/fr\/tours\/ecosse-fr\/glasgow-fr\/transferts-prives-de-laeroport-de-glasgow\/#primaryimage\",\"url\":\"https:\/\/tourtravelandmore.com\/wp-content\/uploads\/2019\/10\/58.jpg\",\"contentUrl\":\"https:\/\/tourtravelandmore.com\/wp-content\/uploads\/2019\/10\/58.jpg\",\"width\":720,\"height\":480},{\"@type\":\"BreadcrumbList\",\"@id\":\"https:\/\/tourtravelandmore.com\/fr\/tours\/ecosse-fr\/glasgow-fr\/transferts-prives-de-laeroport-de-glasgow\/#breadcrumb\",\"itemListElement\":[{\"@type\":\"ListItem\",\"position\":1,\"name\":\"Home\",\"item\":\"https:\/\/tourtravelandmore.com\/fr\/\"},{\"@type\":\"ListItem\",\"position\":2,\"name\":\"Tours\",\"item\":\"https:\/\/tourtravelandmore.com\/fr\/tours\/\"},{\"@type\":\"ListItem\",\"position\":3,\"name\":\"Transferts priv\u00e9s de l&rsquo;a\u00e9roport de Glasgow\"}]},{\"@type\":\"WebSite\",\"@id\":\"https:\/\/tourtravelandmore.com\/fr\/#website\",\"url\":\"https:\/\/tourtravelandmore.com\/fr\/\",\"name\":\"Tour Travel And More\",\"description\":\"Private sightseeing tours and luxury transfers in Spain\",\"publisher\":{\"@id\":\"https:\/\/tourtravelandmore.com\/fr\/#organization\"},\"potentialAction\":[{\"@type\":\"SearchAction\",\"target\":{\"@type\":\"EntryPoint\",\"urlTemplate\":\"https:\/\/tourtravelandmore.com\/fr\/?s={search_term_string}\"},\"query-input\":{\"@type\":\"PropertyValueSpecification\",\"valueRequired\":true,\"valueName\":\"search_term_string\"}}],\"inLanguage\":\"fr-FR\"},{\"@type\":\"Organization\",\"@id\":\"https:\/\/tourtravelandmore.com\/fr\/#organization\",\"name\":\"Tour Travel And More\",\"url\":\"https:\/\/tourtravelandmore.com\/fr\/\",\"logo\":{\"@type\":\"ImageObject\",\"inLanguage\":\"fr-FR\",\"@id\":\"https:\/\/tourtravelandmore.com\/fr\/#\/schema\/logo\/image\/\",\"url\":\"https:\/\/tourtravelandmore.com\/wp-content\/uploads\/2022\/12\/cropped-logo-cabecera-new.png\",\"contentUrl\":\"https:\/\/tourtravelandmore.com\/wp-content\/uploads\/2022\/12\/cropped-logo-cabecera-new.png\",\"width\":430,\"height\":61,\"caption\":\"Tour Travel And More\"},\"image\":{\"@id\":\"https:\/\/tourtravelandmore.com\/fr\/#\/schema\/logo\/image\/\"},\"sameAs\":[\"https:\/\/www.facebook.com\/tourtravelandmore\/\",\"https:\/\/x.com\/TourTravel_More\"]}]}<\/script>\n<!-- \/ Yoast SEO Premium plugin. -->","yoast_head_json":{"title":"Transferts priv\u00e9s depuis l'a\u00e9roport de Glasgow","description":"Profitez d'un service de transfert priv\u00e9 depuis l'a\u00e9roport de Glasgow avec un chauffeur professionnel et un v\u00e9hicule de luxe. Faites-nous conna\u00eetre votre heure d'arriv\u00e9e.","robots":{"index":"index","follow":"follow","max-snippet":"max-snippet:-1","max-image-preview":"max-image-preview:large","max-video-preview":"max-video-preview:-1"},"canonical":"https:\/\/tourtravelandmore.com\/fr\/tours\/ecosse-fr\/glasgow-fr\/transferts-prives-de-laeroport-de-glasgow\/","og_locale":"fr_FR","og_type":"article","og_title":"Transferts priv\u00e9s de l'a\u00e9roport de Glasgow","og_description":"Profitez d'un service de transfert priv\u00e9 depuis l'a\u00e9roport de Glasgow avec un chauffeur professionnel et un v\u00e9hicule de luxe. Faites-nous conna\u00eetre votre heure d'arriv\u00e9e.","og_url":"https:\/\/tourtravelandmore.com\/fr\/tours\/ecosse-fr\/glasgow-fr\/transferts-prives-de-laeroport-de-glasgow\/","og_site_name":"Tour Travel And More","article_publisher":"https:\/\/www.facebook.com\/tourtravelandmore\/","article_modified_time":"2023-02-22T01:11:23+00:00","og_image":[{"width":720,"height":480,"url":"https:\/\/tourtravelandmore.com\/wp-content\/uploads\/2019\/10\/58.jpg","type":"image\/jpeg"}],"twitter_card":"summary_large_image","twitter_site":"@TourTravel_More","twitter_misc":{"Dur\u00e9e de lecture estim\u00e9e":"3 minutes"},"schema":{"@context":"https:\/\/schema.org","@graph":[{"@type":"WebPage","@id":"https:\/\/tourtravelandmore.com\/fr\/tours\/ecosse-fr\/glasgow-fr\/transferts-prives-de-laeroport-de-glasgow\/","url":"https:\/\/tourtravelandmore.com\/fr\/tours\/ecosse-fr\/glasgow-fr\/transferts-prives-de-laeroport-de-glasgow\/","name":"Transferts priv\u00e9s depuis l'a\u00e9roport de Glasgow","isPartOf":{"@id":"https:\/\/tourtravelandmore.com\/fr\/#website"},"primaryImageOfPage":{"@id":"https:\/\/tourtravelandmore.com\/fr\/tours\/ecosse-fr\/glasgow-fr\/transferts-prives-de-laeroport-de-glasgow\/#primaryimage"},"image":{"@id":"https:\/\/tourtravelandmore.com\/fr\/tours\/ecosse-fr\/glasgow-fr\/transferts-prives-de-laeroport-de-glasgow\/#primaryimage"},"thumbnailUrl":"https:\/\/tourtravelandmore.com\/wp-content\/uploads\/2019\/10\/58.jpg","datePublished":"2023-02-14T01:35:32+00:00","dateModified":"2023-02-22T01:11:23+00:00","description":"Profitez d'un service de transfert priv\u00e9 depuis l'a\u00e9roport de Glasgow avec un chauffeur professionnel et un v\u00e9hicule de luxe. Faites-nous conna\u00eetre votre heure d'arriv\u00e9e.","breadcrumb":{"@id":"https:\/\/tourtravelandmore.com\/fr\/tours\/ecosse-fr\/glasgow-fr\/transferts-prives-de-laeroport-de-glasgow\/#breadcrumb"},"inLanguage":"fr-FR","potentialAction":[{"@type":"ReadAction","target":["https:\/\/tourtravelandmore.com\/fr\/tours\/ecosse-fr\/glasgow-fr\/transferts-prives-de-laeroport-de-glasgow\/"]}]},{"@type":"ImageObject","inLanguage":"fr-FR","@id":"https:\/\/tourtravelandmore.com\/fr\/tours\/ecosse-fr\/glasgow-fr\/transferts-prives-de-laeroport-de-glasgow\/#primaryimage","url":"https:\/\/tourtravelandmore.com\/wp-content\/uploads\/2019\/10\/58.jpg","contentUrl":"https:\/\/tourtravelandmore.com\/wp-content\/uploads\/2019\/10\/58.jpg","width":720,"height":480},{"@type":"BreadcrumbList","@id":"https:\/\/tourtravelandmore.com\/fr\/tours\/ecosse-fr\/glasgow-fr\/transferts-prives-de-laeroport-de-glasgow\/#breadcrumb","itemListElement":[{"@type":"ListItem","position":1,"name":"Home","item":"https:\/\/tourtravelandmore.com\/fr\/"},{"@type":"ListItem","position":2,"name":"Tours","item":"https:\/\/tourtravelandmore.com\/fr\/tours\/"},{"@type":"ListItem","position":3,"name":"Transferts priv\u00e9s de l&rsquo;a\u00e9roport de Glasgow"}]},{"@type":"WebSite","@id":"https:\/\/tourtravelandmore.com\/fr\/#website","url":"https:\/\/tourtravelandmore.com\/fr\/","name":"Tour Travel And More","description":"Private sightseeing tours and luxury transfers in Spain","publisher":{"@id":"https:\/\/tourtravelandmore.com\/fr\/#organization"},"potentialAction":[{"@type":"SearchAction","target":{"@type":"EntryPoint","urlTemplate":"https:\/\/tourtravelandmore.com\/fr\/?s={search_term_string}"},"query-input":{"@type":"PropertyValueSpecification","valueRequired":true,"valueName":"search_term_string"}}],"inLanguage":"fr-FR"},{"@type":"Organization","@id":"https:\/\/tourtravelandmore.com\/fr\/#organization","name":"Tour Travel And More","url":"https:\/\/tourtravelandmore.com\/fr\/","logo":{"@type":"ImageObject","inLanguage":"fr-FR","@id":"https:\/\/tourtravelandmore.com\/fr\/#\/schema\/logo\/image\/","url":"https:\/\/tourtravelandmore.com\/wp-content\/uploads\/2022\/12\/cropped-logo-cabecera-new.png","contentUrl":"https:\/\/tourtravelandmore.com\/wp-content\/uploads\/2022\/12\/cropped-logo-cabecera-new.png","width":430,"height":61,"caption":"Tour Travel And More"},"image":{"@id":"https:\/\/tourtravelandmore.com\/fr\/#\/schema\/logo\/image\/"},"sameAs":["https:\/\/www.facebook.com\/tourtravelandmore\/","https:\/\/x.com\/TourTravel_More"]}]}},"_links":{"self":[{"href":"https:\/\/tourtravelandmore.com\/fr\/wp-json\/wp\/v2\/product\/153047","targetHints":{"allow":["GET"]}}],"collection":[{"href":"https:\/\/tourtravelandmore.com\/fr\/wp-json\/wp\/v2\/product"}],"about":[{"href":"https:\/\/tourtravelandmore.com\/fr\/wp-json\/wp\/v2\/types\/product"}],"replies":[{"embeddable":true,"href":"https:\/\/tourtravelandmore.com\/fr\/wp-json\/wp\/v2\/comments?post=153047"}],"wp:featuredmedia":[{"embeddable":true,"href":"https:\/\/tourtravelandmore.com\/fr\/wp-json\/wp\/v2\/media\/142989"}],"wp:attachment":[{"href":"https:\/\/tourtravelandmore.com\/fr\/wp-json\/wp\/v2\/media?parent=153047"}],"wp:term":[{"taxonomy":"product_brand","embeddable":true,"href":"https:\/\/tourtravelandmore.com\/fr\/wp-json\/wp\/v2\/product_brand?post=153047"},{"taxonomy":"product_cat","embeddable":true,"href":"https:\/\/tourtravelandmore.com\/fr\/wp-json\/wp\/v2\/product_cat?post=153047"},{"taxonomy":"product_tag","embeddable":true,"href":"https:\/\/tourtravelandmore.com\/fr\/wp-json\/wp\/v2\/product_tag?post=153047"}],"curies":[{"name":"wp","href":"https:\/\/api.w.org\/{rel}","templated":true}]}}