{"id":153029,"date":"2023-02-14T02:13:16","date_gmt":"2023-02-14T01:13:16","guid":{"rendered":"https:\/\/tourtravelandmore.com\/tours\/non%20class\u00e9\/visite-privee-de-la-ville-de-glasgow\/"},"modified":"2023-05-20T03:18:28","modified_gmt":"2023-05-20T01:18:28","slug":"visite-privee-de-la-ville-de-glasgow","status":"publish","type":"product","link":"https:\/\/tourtravelandmore.com\/fr\/tours\/ecosse-fr\/glasgow-fr\/visite-privee-de-la-ville-de-glasgow\/","title":{"rendered":"Visite priv\u00e9e de la ville de Glasgow"},"content":{"rendered":"<h2>Description de la visite priv\u00e9e de Glasgow<\/h2>\n<p>Plongez dans le patrimoine vibrant de Glasgow gr\u00e2ce \u00e0 notre visite priv\u00e9e de 4 heures de la ville, en commen\u00e7ant par une exploration approfondie du c\u0153ur historique de la ville. Soyez t\u00e9moin de la magnificence des chefs-d&#8217;\u0153uvre architecturaux tels que la cath\u00e9drale St. Mungo, un monument gothique construit au XIIIe si\u00e8cle, c\u00e9l\u00e9br\u00e9 pour sa signification spirituelle et sa brillance architecturale. L&#8217;h\u00f4tel de ville, autre arr\u00eat incontournable, symbolise la fiert\u00e9 civique de Glasgow et refl\u00e8te une longue tradition de gouvernance publique.<\/p>\n<p>La visite se poursuit par un passage \u00e0 l&#8217;\u00e8re moderne de la ville, avec la visite du mus\u00e9e d&#8217;art moderne de Glasgow. Abritant une vaste collection d&#8217;\u0153uvres contemporaines, cette institution illustre l&#8217;engagement de la ville \u00e0 adopter de nouvelles expressions artistiques et \u00e0 devenir un centre culturel. Non loin de l\u00e0 se trouve la Clyde Tower, qui t\u00e9moigne de l&#8217;\u00e9volution de Glasgow en mati\u00e8re de design et d&#8217;architecture. Cette impressionnante tour de verre offre une vue panoramique de la ville et permet de comprendre le d\u00e9veloppement urbain et la transformation industrielle de Glasgow.<\/p>\n<p>En p\u00e9n\u00e9trant plus profond\u00e9ment dans le tissu culturel de la ville, nous nous aventurons dans les quartiers distinctifs de Glasgow. Dans le West End, vous d\u00e9couvrirez le charme de ce quartier sophistiqu\u00e9, qui regorge de boutiques, de restaurants et de magasins artisanaux, parfaits pour s&#8217;impr\u00e9gner du style de vie de la ville.<\/p>\n<h2>Points d&#8217;int\u00e9r\u00eat de la visite priv\u00e9e de Glasgow<\/h2>\n<p>\u00c9largissez vos horizons gr\u00e2ce \u00e0 cette visite compl\u00e8te qui couvre un \u00e9ventail d&#8217;attractions remarquables. Plongez dans l&#8217;atmosph\u00e8re spirituelle de la remarquable cath\u00e9drale St. Mungo. Cette extraordinaire merveille gothique du XIIIe si\u00e8cle r\u00e9sonne d&#8217;histoire et d&#8217;\u00e9l\u00e9gance architecturale, offrant un aper\u00e7u du patrimoine religieux et architectural de Glasgow.<\/p>\n<p>Ensuite, entrez dans le monde des expositions diverses et intrigantes du Kelvingrove Museum. Cette destination populaire abrite une gamme \u00e9clectique d&#8217;expositions d&#8217;art, d&#8217;histoire et d&#8217;histoire naturelle, promettant un voyage intellectuel agr\u00e9able. Poursuivez par une visite du serein Kelvingrove Park, o\u00f9 le paysage paisible, la verdure luxuriante et un lac tranquille constituent une toile de fond id\u00e9ale pour la d\u00e9tente et la r\u00e9flexion.<\/p>\n<p>Poursuivez votre exploration culturelle au Glasgow Museum of Modern Art. Ici, des \u0153uvres contemporaines innovantes remettent en question les perspectives et provoquent la r\u00e9flexion, soulignant la pro\u00e9minence de Glasgow sur la sc\u00e8ne artistique internationale. La Clyde Tower, une imposante structure de verre, constitue un autre point d&#8217;int\u00e9r\u00eat. Ses vues panoramiques sur Glasgow vous laisseront bouche b\u00e9e et vous offriront une nouvelle perspective sur la ligne d&#8217;horizon de la ville.<\/p>\n<p>D\u00e9couvrez l&#8217;esprit vif de Glasgow dans ses diff\u00e9rents quartiers. Le chic West End regorge de boutiques \u00e9l\u00e9gantes, de restaurants exclusifs et de bars anim\u00e9s, refl\u00e9tant un style de vie contemporain et branch\u00e9. \u00c0 l&#8217;oppos\u00e9, le quartier de Merchant City d\u00e9gage un charme historique, avec ses b\u00e2timents imposants et ses march\u00e9s traditionnels qui racontent les histoires du pass\u00e9 de Glasgow.<\/p>\n<p>La visite ne s&#8217;arr\u00eate pas l\u00e0, puisque nous nous rendons \u00e0 la prestigieuse universit\u00e9 de Glasgow, r\u00e9put\u00e9e pour son excellence acad\u00e9mique et sa splendide pr\u00e9sence architecturale. Enfin, vous vous immergerez dans l&#8217;ambiance anim\u00e9e du march\u00e9 de Glasgow, une plaque tournante pour les produits frais, les produits artisanaux et les d\u00e9lices locaux. Cette visite est m\u00e9ticuleusement con\u00e7ue pour fournir une compr\u00e9hension compl\u00e8te du pass\u00e9 et du pr\u00e9sent de Glasgow, am\u00e9liorant ainsi votre appr\u00e9ciation de la riche culture et de l&#8217;histoire de cette ville dynamique.<\/p>\n<p><strong>D\u00e9couvrez Glasgow avec Tour Travel and More<\/strong><\/p>\n<p>D\u00e9couvrez le charme unique de Glasgow de mani\u00e8re d\u00e9tendue et confortable gr\u00e2ce \u00e0 nos visites priv\u00e9es ! Tour Travel and More propose un large \u00e9ventail de visites priv\u00e9es \u00e0 Glasgow, con\u00e7ues pour mettre en valeur les plus beaux sites de la ville. <a href=\"https:\/\/tourtravelandmore.com\/fr\/city\/ecosse-fr\/glasgow-fr\/\">R\u00e9servez votre visite d\u00e8s aujourd&#8217;hui et vivez une exp\u00e9rience inoubliable \u00e0 Glasgow !<\/a><\/p>\n","protected":false},"excerpt":{"rendered":"<p><span style=\"font-weight: 400;\">Avec notre tour de ville priv\u00e9 de Glasgow, vous aurez l&#8217;occasion d&#8217;explorer cette superbe ville \u00e9cossaise d&#8217;une mani\u00e8re unique et inoubliable. Pendant la visite de 4 heures, vous profiterez d&#8217;une exp\u00e9rience guid\u00e9e priv\u00e9e dans une voiture de luxe avec chauffeur, vous permettant de voir les meilleurs sites de la ville dans une atmosph\u00e8re d\u00e9tendue et confortable.<\/span><\/p>\n<p>&nbsp;<\/p>\n","protected":false},"featured_media":153016,"comment_status":"open","ping_status":"closed","template":"","meta":{"_acf_changed":false},"product_brand":[],"product_cat":[4287],"product_tag":[],"class_list":{"0":"post-153029","1":"product","2":"type-product","3":"status-publish","4":"has-post-thumbnail","6":"product_cat-glasgow-fr","8":"first","9":"instock","10":"shipping-taxable","11":"purchasable","12":"product-type-simple"},"acf":[],"yoast_head":"<!-- This site is optimized with the Yoast SEO Premium plugin v25.3.1 (Yoast SEO v25.3.1) - https:\/\/yoast.com\/wordpress\/plugins\/seo\/ -->\n<title>Tour de ville priv\u00e9 de Glasgow avec Tour Travel &amp; More.<\/title>\n<meta name=\"description\" content=\"D\u00e9couvrez Glasgow d&#039;une mani\u00e8re unique et inoubliable avec nos visites guid\u00e9es priv\u00e9es en voiture de luxe. Visitez les meilleurs sites de la ville avec nos visites exclusives.\" \/>\n<meta name=\"robots\" content=\"index, follow, max-snippet:-1, max-image-preview:large, max-video-preview:-1\" \/>\n<link rel=\"canonical\" href=\"https:\/\/tourtravelandmore.com\/fr\/tours\/ecosse-fr\/glasgow-fr\/visite-privee-de-la-ville-de-glasgow\/\" \/>\n<meta property=\"og:locale\" content=\"fr_FR\" \/>\n<meta property=\"og:type\" content=\"article\" \/>\n<meta property=\"og:title\" content=\"Visite priv\u00e9e de la ville de Glasgow\" \/>\n<meta property=\"og:description\" content=\"D\u00e9couvrez Glasgow d&#039;une mani\u00e8re unique et inoubliable avec nos visites guid\u00e9es priv\u00e9es en voiture de luxe. Visitez les meilleurs sites de la ville avec nos visites exclusives.\" \/>\n<meta property=\"og:url\" content=\"https:\/\/tourtravelandmore.com\/fr\/tours\/ecosse-fr\/glasgow-fr\/visite-privee-de-la-ville-de-glasgow\/\" \/>\n<meta property=\"og:site_name\" content=\"Tour Travel And More\" \/>\n<meta property=\"article:publisher\" content=\"https:\/\/www.facebook.com\/tourtravelandmore\/\" \/>\n<meta property=\"article:modified_time\" content=\"2023-05-20T01:18:28+00:00\" \/>\n<meta property=\"og:image\" content=\"https:\/\/tourtravelandmore.com\/wp-content\/uploads\/2023\/02\/image5-1.jpg\" \/>\n\t<meta property=\"og:image:width\" content=\"950\" \/>\n\t<meta property=\"og:image:height\" content=\"700\" \/>\n\t<meta property=\"og:image:type\" content=\"image\/jpeg\" \/>\n<meta name=\"twitter:card\" content=\"summary_large_image\" \/>\n<meta name=\"twitter:site\" content=\"@TourTravel_More\" \/>\n<meta name=\"twitter:label1\" content=\"Dur\u00e9e de lecture estim\u00e9e\" \/>\n\t<meta name=\"twitter:data1\" content=\"3 minutes\" \/>\n<script type=\"application\/ld+json\" class=\"yoast-schema-graph\">{\"@context\":\"https:\/\/schema.org\",\"@graph\":[{\"@type\":\"WebPage\",\"@id\":\"https:\/\/tourtravelandmore.com\/fr\/tours\/ecosse-fr\/glasgow-fr\/visite-privee-de-la-ville-de-glasgow\/\",\"url\":\"https:\/\/tourtravelandmore.com\/fr\/tours\/ecosse-fr\/glasgow-fr\/visite-privee-de-la-ville-de-glasgow\/\",\"name\":\"Tour de ville priv\u00e9 de Glasgow avec Tour Travel & More.\",\"isPartOf\":{\"@id\":\"https:\/\/tourtravelandmore.com\/fr\/#website\"},\"primaryImageOfPage\":{\"@id\":\"https:\/\/tourtravelandmore.com\/fr\/tours\/ecosse-fr\/glasgow-fr\/visite-privee-de-la-ville-de-glasgow\/#primaryimage\"},\"image\":{\"@id\":\"https:\/\/tourtravelandmore.com\/fr\/tours\/ecosse-fr\/glasgow-fr\/visite-privee-de-la-ville-de-glasgow\/#primaryimage\"},\"thumbnailUrl\":\"https:\/\/tourtravelandmore.com\/wp-content\/uploads\/2023\/02\/image5-1.jpg\",\"datePublished\":\"2023-02-14T01:13:16+00:00\",\"dateModified\":\"2023-05-20T01:18:28+00:00\",\"description\":\"D\u00e9couvrez Glasgow d'une mani\u00e8re unique et inoubliable avec nos visites guid\u00e9es priv\u00e9es en voiture de luxe. Visitez les meilleurs sites de la ville avec nos visites exclusives.\",\"breadcrumb\":{\"@id\":\"https:\/\/tourtravelandmore.com\/fr\/tours\/ecosse-fr\/glasgow-fr\/visite-privee-de-la-ville-de-glasgow\/#breadcrumb\"},\"inLanguage\":\"fr-FR\",\"potentialAction\":[{\"@type\":\"ReadAction\",\"target\":[\"https:\/\/tourtravelandmore.com\/fr\/tours\/ecosse-fr\/glasgow-fr\/visite-privee-de-la-ville-de-glasgow\/\"]}]},{\"@type\":\"ImageObject\",\"inLanguage\":\"fr-FR\",\"@id\":\"https:\/\/tourtravelandmore.com\/fr\/tours\/ecosse-fr\/glasgow-fr\/visite-privee-de-la-ville-de-glasgow\/#primaryimage\",\"url\":\"https:\/\/tourtravelandmore.com\/wp-content\/uploads\/2023\/02\/image5-1.jpg\",\"contentUrl\":\"https:\/\/tourtravelandmore.com\/wp-content\/uploads\/2023\/02\/image5-1.jpg\",\"width\":950,\"height\":700},{\"@type\":\"BreadcrumbList\",\"@id\":\"https:\/\/tourtravelandmore.com\/fr\/tours\/ecosse-fr\/glasgow-fr\/visite-privee-de-la-ville-de-glasgow\/#breadcrumb\",\"itemListElement\":[{\"@type\":\"ListItem\",\"position\":1,\"name\":\"Home\",\"item\":\"https:\/\/tourtravelandmore.com\/fr\/\"},{\"@type\":\"ListItem\",\"position\":2,\"name\":\"Tours\",\"item\":\"https:\/\/tourtravelandmore.com\/fr\/tours\/\"},{\"@type\":\"ListItem\",\"position\":3,\"name\":\"Visite priv\u00e9e de la ville de Glasgow\"}]},{\"@type\":\"WebSite\",\"@id\":\"https:\/\/tourtravelandmore.com\/fr\/#website\",\"url\":\"https:\/\/tourtravelandmore.com\/fr\/\",\"name\":\"Tour Travel And More\",\"description\":\"Private sightseeing tours and luxury transfers in Spain\",\"publisher\":{\"@id\":\"https:\/\/tourtravelandmore.com\/fr\/#organization\"},\"potentialAction\":[{\"@type\":\"SearchAction\",\"target\":{\"@type\":\"EntryPoint\",\"urlTemplate\":\"https:\/\/tourtravelandmore.com\/fr\/?s={search_term_string}\"},\"query-input\":{\"@type\":\"PropertyValueSpecification\",\"valueRequired\":true,\"valueName\":\"search_term_string\"}}],\"inLanguage\":\"fr-FR\"},{\"@type\":\"Organization\",\"@id\":\"https:\/\/tourtravelandmore.com\/fr\/#organization\",\"name\":\"Tour Travel And More\",\"url\":\"https:\/\/tourtravelandmore.com\/fr\/\",\"logo\":{\"@type\":\"ImageObject\",\"inLanguage\":\"fr-FR\",\"@id\":\"https:\/\/tourtravelandmore.com\/fr\/#\/schema\/logo\/image\/\",\"url\":\"https:\/\/tourtravelandmore.com\/wp-content\/uploads\/2022\/12\/cropped-logo-cabecera-new.png\",\"contentUrl\":\"https:\/\/tourtravelandmore.com\/wp-content\/uploads\/2022\/12\/cropped-logo-cabecera-new.png\",\"width\":430,\"height\":61,\"caption\":\"Tour Travel And More\"},\"image\":{\"@id\":\"https:\/\/tourtravelandmore.com\/fr\/#\/schema\/logo\/image\/\"},\"sameAs\":[\"https:\/\/www.facebook.com\/tourtravelandmore\/\",\"https:\/\/x.com\/TourTravel_More\"]}]}<\/script>\n<!-- \/ Yoast SEO Premium plugin. -->","yoast_head_json":{"title":"Tour de ville priv\u00e9 de Glasgow avec Tour Travel & More.","description":"D\u00e9couvrez Glasgow d'une mani\u00e8re unique et inoubliable avec nos visites guid\u00e9es priv\u00e9es en voiture de luxe. Visitez les meilleurs sites de la ville avec nos visites exclusives.","robots":{"index":"index","follow":"follow","max-snippet":"max-snippet:-1","max-image-preview":"max-image-preview:large","max-video-preview":"max-video-preview:-1"},"canonical":"https:\/\/tourtravelandmore.com\/fr\/tours\/ecosse-fr\/glasgow-fr\/visite-privee-de-la-ville-de-glasgow\/","og_locale":"fr_FR","og_type":"article","og_title":"Visite priv\u00e9e de la ville de Glasgow","og_description":"D\u00e9couvrez Glasgow d'une mani\u00e8re unique et inoubliable avec nos visites guid\u00e9es priv\u00e9es en voiture de luxe. Visitez les meilleurs sites de la ville avec nos visites exclusives.","og_url":"https:\/\/tourtravelandmore.com\/fr\/tours\/ecosse-fr\/glasgow-fr\/visite-privee-de-la-ville-de-glasgow\/","og_site_name":"Tour Travel And More","article_publisher":"https:\/\/www.facebook.com\/tourtravelandmore\/","article_modified_time":"2023-05-20T01:18:28+00:00","og_image":[{"width":950,"height":700,"url":"https:\/\/tourtravelandmore.com\/wp-content\/uploads\/2023\/02\/image5-1.jpg","type":"image\/jpeg"}],"twitter_card":"summary_large_image","twitter_site":"@TourTravel_More","twitter_misc":{"Dur\u00e9e de lecture estim\u00e9e":"3 minutes"},"schema":{"@context":"https:\/\/schema.org","@graph":[{"@type":"WebPage","@id":"https:\/\/tourtravelandmore.com\/fr\/tours\/ecosse-fr\/glasgow-fr\/visite-privee-de-la-ville-de-glasgow\/","url":"https:\/\/tourtravelandmore.com\/fr\/tours\/ecosse-fr\/glasgow-fr\/visite-privee-de-la-ville-de-glasgow\/","name":"Tour de ville priv\u00e9 de Glasgow avec Tour Travel & More.","isPartOf":{"@id":"https:\/\/tourtravelandmore.com\/fr\/#website"},"primaryImageOfPage":{"@id":"https:\/\/tourtravelandmore.com\/fr\/tours\/ecosse-fr\/glasgow-fr\/visite-privee-de-la-ville-de-glasgow\/#primaryimage"},"image":{"@id":"https:\/\/tourtravelandmore.com\/fr\/tours\/ecosse-fr\/glasgow-fr\/visite-privee-de-la-ville-de-glasgow\/#primaryimage"},"thumbnailUrl":"https:\/\/tourtravelandmore.com\/wp-content\/uploads\/2023\/02\/image5-1.jpg","datePublished":"2023-02-14T01:13:16+00:00","dateModified":"2023-05-20T01:18:28+00:00","description":"D\u00e9couvrez Glasgow d'une mani\u00e8re unique et inoubliable avec nos visites guid\u00e9es priv\u00e9es en voiture de luxe. Visitez les meilleurs sites de la ville avec nos visites exclusives.","breadcrumb":{"@id":"https:\/\/tourtravelandmore.com\/fr\/tours\/ecosse-fr\/glasgow-fr\/visite-privee-de-la-ville-de-glasgow\/#breadcrumb"},"inLanguage":"fr-FR","potentialAction":[{"@type":"ReadAction","target":["https:\/\/tourtravelandmore.com\/fr\/tours\/ecosse-fr\/glasgow-fr\/visite-privee-de-la-ville-de-glasgow\/"]}]},{"@type":"ImageObject","inLanguage":"fr-FR","@id":"https:\/\/tourtravelandmore.com\/fr\/tours\/ecosse-fr\/glasgow-fr\/visite-privee-de-la-ville-de-glasgow\/#primaryimage","url":"https:\/\/tourtravelandmore.com\/wp-content\/uploads\/2023\/02\/image5-1.jpg","contentUrl":"https:\/\/tourtravelandmore.com\/wp-content\/uploads\/2023\/02\/image5-1.jpg","width":950,"height":700},{"@type":"BreadcrumbList","@id":"https:\/\/tourtravelandmore.com\/fr\/tours\/ecosse-fr\/glasgow-fr\/visite-privee-de-la-ville-de-glasgow\/#breadcrumb","itemListElement":[{"@type":"ListItem","position":1,"name":"Home","item":"https:\/\/tourtravelandmore.com\/fr\/"},{"@type":"ListItem","position":2,"name":"Tours","item":"https:\/\/tourtravelandmore.com\/fr\/tours\/"},{"@type":"ListItem","position":3,"name":"Visite priv\u00e9e de la ville de Glasgow"}]},{"@type":"WebSite","@id":"https:\/\/tourtravelandmore.com\/fr\/#website","url":"https:\/\/tourtravelandmore.com\/fr\/","name":"Tour Travel And More","description":"Private sightseeing tours and luxury transfers in Spain","publisher":{"@id":"https:\/\/tourtravelandmore.com\/fr\/#organization"},"potentialAction":[{"@type":"SearchAction","target":{"@type":"EntryPoint","urlTemplate":"https:\/\/tourtravelandmore.com\/fr\/?s={search_term_string}"},"query-input":{"@type":"PropertyValueSpecification","valueRequired":true,"valueName":"search_term_string"}}],"inLanguage":"fr-FR"},{"@type":"Organization","@id":"https:\/\/tourtravelandmore.com\/fr\/#organization","name":"Tour Travel And More","url":"https:\/\/tourtravelandmore.com\/fr\/","logo":{"@type":"ImageObject","inLanguage":"fr-FR","@id":"https:\/\/tourtravelandmore.com\/fr\/#\/schema\/logo\/image\/","url":"https:\/\/tourtravelandmore.com\/wp-content\/uploads\/2022\/12\/cropped-logo-cabecera-new.png","contentUrl":"https:\/\/tourtravelandmore.com\/wp-content\/uploads\/2022\/12\/cropped-logo-cabecera-new.png","width":430,"height":61,"caption":"Tour Travel And More"},"image":{"@id":"https:\/\/tourtravelandmore.com\/fr\/#\/schema\/logo\/image\/"},"sameAs":["https:\/\/www.facebook.com\/tourtravelandmore\/","https:\/\/x.com\/TourTravel_More"]}]}},"_links":{"self":[{"href":"https:\/\/tourtravelandmore.com\/fr\/wp-json\/wp\/v2\/product\/153029","targetHints":{"allow":["GET"]}}],"collection":[{"href":"https:\/\/tourtravelandmore.com\/fr\/wp-json\/wp\/v2\/product"}],"about":[{"href":"https:\/\/tourtravelandmore.com\/fr\/wp-json\/wp\/v2\/types\/product"}],"replies":[{"embeddable":true,"href":"https:\/\/tourtravelandmore.com\/fr\/wp-json\/wp\/v2\/comments?post=153029"}],"wp:featuredmedia":[{"embeddable":true,"href":"https:\/\/tourtravelandmore.com\/fr\/wp-json\/wp\/v2\/media\/153016"}],"wp:attachment":[{"href":"https:\/\/tourtravelandmore.com\/fr\/wp-json\/wp\/v2\/media?parent=153029"}],"wp:term":[{"taxonomy":"product_brand","embeddable":true,"href":"https:\/\/tourtravelandmore.com\/fr\/wp-json\/wp\/v2\/product_brand?post=153029"},{"taxonomy":"product_cat","embeddable":true,"href":"https:\/\/tourtravelandmore.com\/fr\/wp-json\/wp\/v2\/product_cat?post=153029"},{"taxonomy":"product_tag","embeddable":true,"href":"https:\/\/tourtravelandmore.com\/fr\/wp-json\/wp\/v2\/product_tag?post=153029"}],"curies":[{"name":"wp","href":"https:\/\/api.w.org\/{rel}","templated":true}]}}